{"id":1867,"date":"2026-02-23T14:55:30","date_gmt":"2026-02-23T06:55:30","guid":{"rendered":"https:\/\/haoyumaterial.com\/?post_type=product&#038;p=1867"},"modified":"2026-02-23T14:55:31","modified_gmt":"2026-02-23T06:55:31","slug":"cnc-titanium-machining-services-for-precision-custom-parts-2","status":"publish","type":"product","link":"https:\/\/haoyumaterial.com\/it\/product\/cnc-titanium-machining-services-for-precision-custom-parts-2\/","title":{"rendered":"Servizi di lavorazione CNC Titanio per parti personalizzate di precisione"},"content":{"rendered":"<p>Servizi di lavorazione CNC in titanio di precisione per componenti aerospaziali e medici con tolleranze strette e capacit\u00e0 avanzate a 5 assi.<\/p>\n<h2>Perch\u00e9 scegliere Vastmaterial per la lavorazione del titanio?<\/h2>\n<p>Trovare un\u00a0<strong>Fornitore di parti CNC in titanio<\/strong>\u00a0che consegna costantemente qualit\u00e0 \u00e8 un ostacolo importante per i responsabili degli acquisti e gli ingegneri. Le leghe di titanio offrono incredibili rapporti resistenza\/peso e resistenza alla corrosione, ma sono notoriamente difficili da lavorare a causa dell'alta stabilit\u00e0 termica e della durezza. Da Vastmaterial, ci specializziamo in\u00a0<strong>lavorazione CNC titanio<\/strong>, sfruttando tecnologie all'avanguardia per trasformare specifiche complesse in realt\u00e0 ad alte prestazioni.<\/p>\n<h3>Superare le sfide della lavorazione<\/h3>\n<p>Non tagliamo solo metallo; progettiamo soluzioni per ambienti ad alta tensione. Il nostro team combina scienza dei materiali avanzata con competenze pratiche di produzione per padroneggiare\u00a0<strong>lavorazione CNC di titanio<\/strong>.<\/p>\n<ul>\n<li><strong>e padroneggiare<\/strong>\u00a0Utilizziamo tecniche avanzate per gestire l'estrema resistenza al calore del titanio, garantendo che le propriet\u00e0 del materiale rimangano inalterate durante il processo di taglio.<\/li>\n<li><strong>Esperienza nel materiale:<\/strong>\u00a0Da\u00a0<strong>Servizi di lavorazione Ti-6Al-4V<\/strong>\u00a0fino alle leghe personalizzate, comprendiamo come le diverse qualit\u00e0 reagiscono a stress e calore.<\/li>\n<li><strong>Riduzione dei tempi di inattivit\u00e0:<\/strong>\u00a0La nostra gestione integrata della produzione minimizza le insidie comuni di\u00a0<strong>lavorazione di metalli duri<\/strong>, mantenendo il tuo progetto nei tempi previsti.<\/li>\n<\/ul>\n<h3>Precisione e tolleranze senza pari<\/h3>\n<p>In settori come l'aerospaziale, le turbine a gas e l'ingegneria marina, la precisione \u00e8 non negoziabile. Siamo impegnati a fornire\u00a0<strong>accuratezza costante<\/strong>\u00a0e\u00a0<strong>tolleranze strette<\/strong>\u00a0ad ogni ciclo.<\/p>\n<ul>\n<li><strong>Finiture superficiali superiori:<\/strong>\u00a0Il nostro\u00a0<strong>Lavorazioni di precisione del titanio<\/strong>\u00a0che raggiungono la qualit\u00e0 superficiale rigorosa richiesta per componenti critici.<\/li>\n<li><strong>Specifiche personalizzate:<\/strong>\u00a0Offriamo soluzioni su misura progettate specificamente per soddisfare le tue esigenze di progetto uniche, garantendo prestazioni affidabili in applicazioni impegnative.<\/li>\n<\/ul>\n<h3>Scalabilit\u00e0 per qualsiasi dimensione di progetto<\/h3>\n<p>Che tu abbia bisogno di prototipazione rapida o produzione su larga scala, il nostro stabilimento \u00e8 costruito per scalare. Supportiamo operazioni su larga scala attraverso impianti di produzione moderni dotati di\u00a0<strong>monitoraggio in tempo reale<\/strong>\u00a0e analisi dei dati. Questo ci permette di mantenere un rigoroso controllo di qualit\u00e0 massimizzando l'efficienza della linea di produzione.<\/p>\n<div class=\"table-responsive\">\n<table class=\"table\">\n<thead>\n<tr>\n<th>Capacit\u00e0<\/th>\n<th>Vantaggio per Te<\/th>\n<\/tr>\n<\/thead>\n<tbody>\n<tr>\n<td><strong>Tolleranze strette<\/strong><\/td>\n<td>\u00a0 \u00a0 \u00a0 \u00a0 \u00a0 \u00a0 \u00a0 \u00a0 \u00a0 \u00a0 \u00a0 \u00a0 \u00a0 \u00a0 \u00a0 \u00a0 \u00a0 \u00a0 \u00a0 \u00a0 \u00a0 \u00a0 \u00a0 \u00a0 \u00a0Garantisce un assemblaggio senza soluzione di continuit\u00e0 per <strong>pezzi in titanio cnc<\/strong>\u00a0in apparecchiature di precisione.<\/td>\n<\/tr>\n<tr>\n<td><strong>Monitoraggio in Tempo Reale<\/strong><\/td>\n<td>\u00a0 \u00a0 \u00a0 \u00a0 \u00a0 \u00a0 \u00a0 \u00a0 \u00a0 \u00a0 \u00a0 \u00a0 \u00a0 \u00a0 \u00a0 \u00a0 \u00a0 \u00a0 \u00a0 \u00a0 \u00a0 \u00a0 \u00a0 \u00a0 \u00a0 \u00a0Garantisce trasparenza e consegna puntuale per ordini di grandi dimensioni.<\/td>\n<\/tr>\n<tr>\n<td><strong>Ricerca e Sviluppo Avanzata<\/strong><\/td>\n<td>\u00a0 \u00a0 \u00a0 \u00a0 \u00a0 \u00a0 \u00a0 \u00a0 \u00a0 \u00a0 \u00a0 \u00a0 \u00a0 \u00a0 \u00a0 \u00a0 \u00a0 \u00a0 \u00a0 \u00a0 \u00a0 \u00a0 Innovazione continua nelle tecniche di lavorazione per una durata superiore.<\/td>\n<\/tr>\n<\/tbody>\n<\/table>\n<\/div>\n<h2>Le nostre capacit\u00e0 di CNC in Titanio<\/h2>\n<p>Gestiamo un impianto di produzione moderno attrezzato per affrontare le sfide uniche di\u00a0<strong>lavorazione CNC titanio<\/strong>. Il titanio \u00e8 duro sugli utensili e richiede configurazioni rigide per gestire efficacemente la generazione di calore. Combiniamo macchinari avanzati con monitoraggio in tempo reale per offrire precisione costante, garantendo che ogni componente soddisfi le tue specifiche esatte.<\/p>\n<h3>Fresatura CNC (3, 4 e 5 assi)<\/h3>\n<p>Il nostro laboratorio dispone di centri di fresatura all'avanguardia progettati per\u00a0<strong>Lavorazioni di precisione del titanio<\/strong>. Utilizziamo macchinari di ultima generazione per garantire risultati di alta qualit\u00e0.\u00a0<strong>Fresatura CNC a 5 assi in titanio<\/strong>\u00a0macchine per produrre geometrie complesse con meno impostazioni. Questo approccio multi-asse migliora significativamente la precisione posizionale e riduce i tempi di consegna per componenti complessi\u00a0<strong>Componenti CNC in titanio<\/strong>.<\/p>\n<ul>\n<li><strong>Geometrie complesse:<\/strong>\u00a0Le capacit\u00e0 a 5 assi ci permettono di lavorare sotto taglio e contorni complessi senza dover riposizionare il pezzo.<\/li>\n<li><strong>Tolleranze strette:<\/strong>\u00a0Manteniamo un controllo dimensionale rigoroso, essenziale per applicazioni aerospaziali e mediche.<\/li>\n<\/ul>\n<h3>Tornitura CNC e tornio<\/h3>\n<p>Per componenti cilindrici come alberi, perni e fissaggi, il nostro\u00a0<strong>Lavoro di tornitura CNC in titanio<\/strong>\u00a0consegna finiture superficiali superiori e concentricit\u00e0. Offriamo\u00a0<strong>Tornitura Personalizzata in Titanio<\/strong>\u00a0servizi che vanno dalla prototipazione rapida alle produzioni in grandi volumi. I nostri centri di tornitura sono ottimizzati per tagliare attraverso durevoli leghe di titanio mantenendo velocit\u00e0 e precisione.<\/p>\n<h3>Elettrificazione a filo<\/h3>\n<p>Quando gli utensili da taglio tradizionali non riescono a raggiungere angoli profondi o quando il pezzo richiede forza di taglio zero, utilizziamo\u00a0<strong>Elettrificazione a filo Titanio<\/strong>\u00a0soluzioni. Questo processo \u00e8 fondamentale per\u00a0<strong>Lavorazioni di metalli duri<\/strong>, permettendoci di tagliare leghe di titanio estremamente dure con precisione a livello di micron. La lavorazione con elettroerosione a filo \u00e8 ideale per creare caratteristiche delicate e raggi interni stretti senza indurre stress termici o deformazioni del materiale.<\/p>\n<h3>Operazioni secondarie<\/h3>\n<p>La produzione non si ferma alla macchina. Offriamo servizi completi di finitura per garantire che i tuoi pezzi siano pronti per il montaggio immediato. La nostra profonda comprensione delle propriet\u00e0 dei materiali, simile alla competenza tecnica dettagliata nel nostro\u00a0<a href=\"https:\/\/haoyumaterial.com\/it\/casting-alloy-guide-types-properties-applications-and-selection\/\">guida alle leghe di fusione<\/a>, garantisce che applichiamo le tecniche di finitura corrette che non comprometteranno l'integrit\u00e0 strutturale del titanio.<\/p>\n<ul>\n<li><strong>Sbavatura:<\/strong>\u00a0Rimozione di spigoli vivi e trucioli di lavorazione.<\/li>\n<li><strong>Preparazione della superficie:<\/strong>\u00a0Pulizia e preparazione delle superfici per rivestimenti avanzati o anodizzazione.<\/li>\n<\/ul>\n<h2>Gradi di titanio che lavoriamo<\/h2>\n<p>Selezionare il materiale giusto \u00e8 fondamentale per le prestazioni in ambienti ad alta tensione. Offriamo esperti\u00a0<strong>lavorazione CNC titanio<\/strong>\u00a0attraverso uno spettro di leghe, garantendo che i tuoi componenti soddisfino le propriet\u00e0 meccaniche e termiche esatte richieste dalla tua industria.<\/p>\n<h3>Titanio di grado 5 (Ti-6Al-4V)<\/h3>\n<p>Questo \u00e8 il \u201ccavallo di battaglia\u201d dell'industria del titanio.\u00a0<strong>Fresatura di Titanio di Grado 5<\/strong>\u00a0\u00e8 il nostro servizio pi\u00f9 richiesto per applicazioni aerospaziali e automobilistiche grazie al suo eccezionale rapporto resistenza\/peso. Il nostro\u00a0<strong>Servizi di lavorazione Ti-6Al-4V<\/strong>\u00a0fornisce parti che mantengono alta stabilit\u00e0 termica e resistenza alla corrosione, anche sotto carichi operativi estremi.<\/p>\n<h3>Grado 2 (Purezza Commerciale)<\/h3>\n<p>Quando la resistenza alla corrosione ha la priorit\u00e0 sulla resistenza alla trazione, utilizziamo\u00a0<strong>Titanio di Grado 2<\/strong>. Come un\u00a0<strong>Fornitore di parti CNC in titanio<\/strong>, frequentemente lavoriamo questa qualit\u00e0 pura commerciale per apparecchiature di processo chimico e progetti di ingegneria marina. Offre un'eccellente formabilit\u00e0 e resiste all'ossidazione aggressiva meglio di molti altri metalli.<\/p>\n<h3>Grado 23 (Ti-6Al-4V ELI)<\/h3>\n<p>Per il settore medico, purezza e biocompatibilit\u00e0 sono non negoziabili. Produciamo\u00a0<strong>Componenti in Titanio di Grado Medicale<\/strong>\u00a0usando\u00a0<strong>Grado 23 (Ti-6Al-4V ELI)<\/strong>. Questa variante a Interstiziature Extra Basse (ELI) offre una superiore tenacit\u00e0 alla frattura, rendendola lo standard per impianti chirurgici e dispositivi medici critici.<\/p>\n<h3>Leghe Personalizzate<\/h3>\n<p>Le nostre capacit\u00e0 vanno oltre il normale stock. Collaboriamo con i clienti su\u00a0<strong>Fabbricazione di Leghe di Titanio<\/strong>\u00a0per applicazioni specializzate che richiedono propriet\u00e0 uniche del materiale. Sfruttando\u00a0<a href=\"https:\/\/haoyumaterial.com\/it\/advanced-casting-technology-for-improved-foundry-yield-and-metal-purity\/\">tecnologia di fusione avanzata per migliorare la resa della fonderia e la purezza del metallo<\/a>, il nostro team di Ricerca e Sviluppo garantisce che anche le leghe formulate su misura soddisfino rigorosi standard di durata e coerenza.<\/p>\n<h2>Applicazioni industriali per parti in titanio lavorate<\/h2>\n<p><img loading=\"lazy\" decoding=\"async\" class=\"alignnone  wp-image-1870\" src=\"https:\/\/haoyumaterial.com\/wp-content\/uploads\/2026\/02\/cnc-titanium-machining-1-196x300.jpg\" alt=\"\" width=\"271\" height=\"415\" srcset=\"https:\/\/haoyumaterial.com\/wp-content\/uploads\/2026\/02\/cnc-titanium-machining-1-196x300.jpg 196w, https:\/\/haoyumaterial.com\/wp-content\/uploads\/2026\/02\/cnc-titanium-machining-1-668x1024.jpg 668w, https:\/\/haoyumaterial.com\/wp-content\/uploads\/2026\/02\/cnc-titanium-machining-1-768x1177.jpg 768w, https:\/\/haoyumaterial.com\/wp-content\/uploads\/2026\/02\/cnc-titanium-machining-1-1003x1536.jpg 1003w, https:\/\/haoyumaterial.com\/wp-content\/uploads\/2026\/02\/cnc-titanium-machining-1-8x12.jpg 8w, https:\/\/haoyumaterial.com\/wp-content\/uploads\/2026\/02\/cnc-titanium-machining-1-600x919.jpg 600w, https:\/\/haoyumaterial.com\/wp-content\/uploads\/2026\/02\/cnc-titanium-machining-1.jpg 1316w\" sizes=\"auto, (max-width: 271px) 100vw, 271px\" \/><\/p>\n<p>Forniamo\u00a0<strong>lavorazione CNC titanio<\/strong>\u00a0soluzioni per industrie in cui il fallimento non \u00e8 un'opzione. La nostra struttura \u00e8 specializzata nella produzione di\u00a0<strong>Parti in titanio aerospaziale<\/strong>\u00a0e componenti per ambienti ad alta tensione, garantendo che ogni pezzo soddisfi rigorosi standard di durata e sicurezza. Sfruttando dati di produzione avanzati e monitoraggio in tempo reale, forniamo\u00a0<strong>Fornitore di parti CNC in titanio<\/strong>\u00a0servizi che si adattano alle esigenze del tuo progetto.<\/p>\n<h3>Aerospaziale &amp; Difesa<\/h3>\n<p>Nel settore aerospaziale, la riduzione del peso e la stabilit\u00e0 termica sono fondamentali. Lavoriamo leghe di titanio che mantengono elevati rapporti resistenza\/peso anche sotto calore estremo.<\/p>\n<ul>\n<li><strong>Turbine a gas:<\/strong>\u00a0Componenti progettati per resistere a elevate stress termici.<\/li>\n<li><strong>Parti strutturali:<\/strong>\u00a0Progettato con precisione per la massima sicurezza e capacit\u00e0 di carico.<\/li>\n<li><strong>Controllo qualit\u00e0:<\/strong>\u00a0Rispetto rigoroso degli standard industriali per l'affidabilit\u00e0.<\/li>\n<\/ul>\n<h3>Marina e Petrolio\/Gas<\/h3>\n<p>Gli ambienti di acqua salata e sostanze chimiche aggressive richiedono materiali con resistenza superiore alla corrosione. Le nostre\u00a0<strong>lavorazione CNC di titanio<\/strong>\u00a0capacit\u00e0 ci permettono di produrre parti durevoli per l'ingegneria marina e le operazioni offshore.<\/p>\n<ul>\n<li><strong>Resistenza alla corrosione:<\/strong>\u00a0Ideale per apparecchiature sottomarine e valvole.<\/li>\n<li><strong>Durata:<\/strong>\u00a0Prestazioni durature in macchinari per l'estrazione mineraria e petrolifera.<\/li>\n<li><strong>Per saperne di pi\u00f9:<\/strong>\u00a0Leggi la nostra guida su\u00a0<a href=\"https:\/\/haoyumaterial.com\/it\/what-is-titanium-used-for-industrial-applications-guide\/\">applicazioni industriali per il titanio<\/a>\u00a0per vedere dove questi leghe eccellono.<\/li>\n<\/ul>\n<h3>Automotive e produzione di attrezzature<\/h3>\n<p>Da componenti automobilistici ad alte prestazioni a macchinari industriali complessi, offriamo\u00a0<strong>pezzi in titanio cnc<\/strong>\u00a0parti che migliorano l'efficienza.<\/p>\n<ul>\n<li><strong>Alta Performance:<\/strong>\u00a0Componenti resistenti al calore per motori e sistemi di scarico.<\/li>\n<li><strong>Attrezzature di precisione:<\/strong>\u00a0Componenti personalizzati per impianti di produzione che richiedono tolleranze strette.<\/li>\n<li><strong>Personalizzazione:<\/strong>\u00a0Soluzioni su misura adattate alle specifiche dell'attrezzatura.<\/li>\n<\/ul>\n<h2>Finiture superficiali per componenti in titanio<\/h2>\n<p><img loading=\"lazy\" decoding=\"async\" class=\"\" src=\"https:\/\/haoyumaterial.com\/wp-content\/uploads\/2026\/02\/CNC_Titanium_Machining_Surface_Finishes_2TrdryM2g.webp\" alt=\"Finiture superficiali di lavorazione CNC del titanio\" width=\"785\" height=\"523\" \/><\/p>\n<p>Ottenere la finitura superficiale giusta su\u00a0<strong>lavorazione CNC titanio<\/strong>\u00a0progetti riguarda pi\u00f9 che l'estetica; si tratta di garantire prestazioni, durata e sicurezza. Da Vastmaterial, offriamo una gamma completa di opzioni di finitura adattate alle rigorose esigenze dei mercati aerospaziale, medico e industriale italiani. Proprio come manteniamo controlli di qualit\u00e0 rigorosi nei nostri\u00a0<a href=\"https:\/\/haoyumaterial.com\/it\/casting-stainless-steel-guide-high-precision-processes-and-alloys\/\">processi ad alta precisione per acciaio inossidabile<\/a>, applichiamo lo stesso livello di rigore a ogni parte in titanio che rifiniamo.<\/p>\n<h3>Come-Realizzato<\/h3>\n<p>Questa \u00e8 la finitura standard direttamente dalla macchina CNC. \u00c8 l'opzione pi\u00f9 economica per i componenti interni dove le tolleranze strette prevalgono sull'aspetto estetico. Sebbene rimangano segni di utensile visibili, garantiamo che la rugosit\u00e0 superficiale rimanga entro gli standard accettabili del settore (tipicamente 125 Ra o migliore), offrendo una superficie funzionale senza tempi di lavorazione aggiuntivi.<\/p>\n<h3>Sabbiatura<\/h3>\n<p>Per parti che richiedono un aspetto opaco e uniforme, utilizziamo la sabbiatura. Questo processo rimuove efficacemente i segni di utensile e le piccole bave spruzzando la superficie con perline di vetro o media fini. Crea una texture coerente e non riflettente che migliora la presa e nasconde imperfezioni minori di manipolazione, rendendola una scelta popolare per\u00a0<strong>Finitura superficiale del titanio<\/strong>.<\/p>\n<h3>Anodizzazione (Tipo II e III)<\/h3>\n<p>L'anodizzazione \u00e8 fondamentale per migliorare sia la resistenza all'usura che l'identificazione visiva delle parti in titanio.<\/p>\n<ul>\n<li><strong>Tipo II (Standard):<\/strong>\u00a0Principalmente usato per scopi estetici e codifica a colori (grigio, blu, oro, ecc.) senza modificare significativamente le tolleranze dimensionali.<\/li>\n<li><strong>Tipo III (Hard Coat):<\/strong>\u00a0Applica un rivestimento pi\u00f9 spesso e denso per una resistenza all'usura superiore e protezione contro il grippaggio, essenziale per parti meccaniche in movimento.<\/li>\n<\/ul>\n<h3>Passivazione<\/h3>\n<p>Nei settori medico e aerospaziale, la purezza della superficie \u00e8 non negoziabile. La passivazione \u00e8 un trattamento chimico che utilizziamo per rimuovere il ferro libero e i contaminanti superficiali introdotti durante la lavorazione. Questo migliora la resistenza alla corrosione naturale del titanio, garantendo che il componente rimanga inerte e durevole in ambienti chimici o biologici aggressivi.<\/p>\n<h3>Lucidatura e Elettro-lucidatura<\/h3>\n<p>Quando un progetto richiede una finitura a specchio o una rugosit\u00e0 superficiale ultra-bassa, utilizziamo la lucidatura meccanica o l'elettrolucidatura. Queste tecniche levigano picchi e valli microscopici sulla superficie, riducendo l'attrito e prevenendo la crescita batterica, fondamentale per impianti chirurgici e sistemi di fluidi ad alta purezza.<\/p>\n<h2>Standard di Assicurazione Qualit\u00e0 e Produzione<\/h2>\n<p><img decoding=\"async\" src=\"https:\/\/haoyumaterial.com\/wp-content\/uploads\/2026\/02\/CNC_Titanium_Machining_Quality_Assurance_S5UMHGDuT.webp\" alt=\"Assicurazione della qualit\u00e0 della lavorazione CNC del titanio\" \/><\/p>\n<p>Per quanto riguarda\u00a0<strong>lavorazione CNC titanio<\/strong>, Precisione non \u00e8 solo un obiettivo\u2014\u00e8 un requisito. Comprendiamo che i componenti in titanio spesso vengono utilizzati in applicazioni critiche come turbine a gas, motori aerospaziali e dispositivi medici dove il fallimento non \u00e8 un'opzione. Il nostro processo di assicurazione qualit\u00e0 \u00e8 integrato direttamente nel nostro flusso di produzione per garantire affidabilit\u00e0 e sicurezza.<\/p>\n<h3>Protocolli di Ispezione Rigorosi<\/h3>\n<p>Non lasciamo la precisione al caso. La nostra struttura utilizza apparecchiature di ispezione avanzate per verificare che ogni dimensione soddisfi le tue specifiche esatte. Impieghiamo monitoraggio in tempo reale e analisi dei dati durante tutto il processo.\u00a0<strong>lavorazione CNC di titanio<\/strong>\u00a0processo. Ci\u00f2 ci consente di rilevare potenziali deviazioni istantaneamente e mantenere le tolleranze strette richieste per\u00a0<strong>Parti in titanio aerospaziale<\/strong>\u00a0e\u00a0<strong>Componenti in Titanio di Grado Medicale<\/strong>. Il nostro\u00a0<a href=\"https:\/\/haoyumaterial.com\/it\/factory\/\">impianto di produzione moderno<\/a>\u00a0\u00e8 configurato per gestire geometrie complesse, garantendo che anche le caratteristiche pi\u00f9 intricate siano lavorate con precisione costante.<\/p>\n<h3>Tracciabilit\u00e0 dei Materiali<\/h3>\n<p>Conoscere l'origine del tuo materiale \u00e8 fondamentale per le prestazioni e la conformit\u00e0. Forniamo piena tracciabilit\u00e0 del materiale per tutti\u00a0<strong>Fabbricazione di Leghe di Titanio<\/strong>\u00a0progetti. Che stiamo lavorando su\u00a0<strong>Fresatura di Titanio di Grado 5<\/strong>\u00a0o leghe personalizzate, documentiamo il percorso del materiale dall'innesco grezzo al pezzo finito. Questa trasparenza garantisce che il titanio utilizzato nel tuo progetto soddisfi tutti gli standard industriali necessari per resistenza, resistenza alla corrosione e stabilit\u00e0 termica.<\/p>\n<h3>Impegno verso gli Standard Industriali<\/h3>\n<p>I nostri processi di produzione sono progettati per rispettare o superare rigorosi standard industriali. Ci concentriamo sulla consegna\u00a0<strong>pezzi in titanio cnc<\/strong>\u00a0parti che resistono a ambienti ad alta tensione. Combinando maestria artigianale e un controllo qualit\u00e0 robusto, offriamo\u00a0<strong>Fornitore di parti CNC in titanio<\/strong>\u00a0servizi di cui puoi fidarti per i tuoi progetti pi\u00f9 impegnativi.<\/p>\n<h2>Domande frequenti (Lavorazione del titanio)<\/h2>\n<h3>Perch\u00e9 la lavorazione del titanio \u00e8 pi\u00f9 costosa dell'alluminio?<\/h3>\n<p>Il titanio \u00e8 significativamente pi\u00f9 duro e ha una conduttivit\u00e0 termica inferiore rispetto all'alluminio. Durante\u00a0<strong>lavorazione CNC del titanio<\/strong>, il calore tende a concentrarsi nello strumento di taglio piuttosto che dissiparsi con le trucioli, accelerando l'usura dello strumento. Ci\u00f2 richiede l'uso di utensili specializzati ad alte prestazioni e velocit\u00e0 di taglio pi\u00f9 lente per mantenere\u00a0<strong>fresatura di precisione del titanio<\/strong>\u00a0standard. Come un\u00a0<strong>Fornitore di parti CNC in titanio<\/strong>, ottimizziamo i nostri percorsi utensile e le strategie di raffreddamento per gestire questi fattori, assicurandoti il miglior valore per\u00a0<strong>Servizi di lavorazione Ti-6Al-4V<\/strong>.<\/p>\n<h3>Qual \u00e8 il tempo di consegna per parti in titanio personalizzate?<\/h3>\n<p>I tempi di consegna variano in base alla complessit\u00e0 del progetto e al volume dell'ordine. Che tu abbia bisogno di una produzione rapida\u00a0<strong>Produzione di prototipi in titanio<\/strong>\u00a0o una produzione completa di\u00a0<strong>Parti in titanio aerospaziale<\/strong>, il nostro stabilimento \u00e8 attrezzato per la scalabilit\u00e0. Utilizziamo monitoraggio in tempo reale e analisi dei dati per minimizzare i tempi di inattivit\u00e0 e ottimizzare la produzione. Per una tempistica precisa su misura per le tue esigenze specifiche\u00a0<strong>torsione personalizzata in titanio<\/strong>\u00a0progetto, consigliamo di inviare le vostre specifiche tramite il nostro sistema di preventivi.<\/p>\n<h3>Puoi lavorare il titanio temprato con macchine?<\/h3>\n<p>S\u00ec. Abbiamo le capacit\u00e0 di gestire\u00a0<strong>lavorazione di metalli duri<\/strong>\u00a0efficacemente. Per leghe estremamente dure o geometrie complesse dove il taglio tradizionale potrebbe essere limitato, utilizziamo\u00a0<strong>Wire EDM titanio<\/strong>\u00a0processi insieme alle nostre configurazioni CNC rigide. I nostri\u00a0<a href=\"https:\/\/haoyumaterial.com\/it\/services\/machining\/\">lavorazione esperti<\/a>\u00a0sono progettati per mantenere tolleranze strette e finiture superficiali superiori, anche quando si lavora con materiali temprati per ambienti ad alta tensione.<\/p>","protected":false},"excerpt":{"rendered":"<p>Precision CNC titanium machining services for aerospace and medical parts with tight tolerances and advanced 5 axis capabilities. Why Choose [&hellip;]<\/p>\n","protected":false},"featured_media":1868,"comment_status":"open","ping_status":"closed","template":"","meta":{"site-sidebar-layout":"default","site-content-layout":"","ast-site-content-layout":"default","site-content-style":"default","site-sidebar-style":"default","ast-global-header-display":"","ast-banner-title-visibility":"","ast-main-header-display":"","ast-hfb-above-header-display":"","ast-hfb-below-header-display":"","ast-hfb-mobile-header-display":"","site-post-title":"","ast-breadcrumbs-content":"","ast-featured-img":"","footer-sml-layout":"","ast-disable-related-posts":"","theme-transparent-header-meta":"default","adv-header-id-meta":"","stick-header-meta":"","header-above-stick-meta":"","header-main-stick-meta":"","header-below-stick-meta":"","astra-migrate-meta-layouts":"set","ast-page-background-enabled":"default","ast-page-background-meta":{"desktop":{"background-color":"var(--ast-global-color-5)","background-image":"","background-repeat":"repeat","background-position":"center center","background-size":"auto","background-attachment":"scroll","background-type":"","background-media":"","overlay-type":"","overlay-color":"","overlay-opacity":"","overlay-gradient":""},"tablet":{"background-color":"","background-image":"","background-repeat":"repeat","background-position":"center center","background-size":"auto","background-attachment":"scroll","background-type":"","background-media":"","overlay-type":"","overlay-color":"","overlay-opacity":"","overlay-gradient":""},"mobile":{"background-color":"","background-image":"","background-repeat":"repeat","background-position":"center center","background-size":"auto","background-attachment":"scroll","background-type":"","background-media":"","overlay-type":"","overlay-color":"","overlay-opacity":"","overlay-gradient":""}},"ast-content-background-meta":{"desktop":{"background-color":"var(--ast-global-color-4)","background-image":"","background-repeat":"repeat","background-position":"center center","background-size":"auto","background-attachment":"scroll","background-type":"","background-media":"","overlay-type":"","overlay-color":"","overlay-opacity":"","overlay-gradient":""},"tablet":{"background-color":"var(--ast-global-color-4)","background-image":"","background-repeat":"repeat","background-position":"center center","background-size":"auto","background-attachment":"scroll","background-type":"","background-media":"","overlay-type":"","overlay-color":"","overlay-opacity":"","overlay-gradient":""},"mobile":{"background-color":"var(--ast-global-color-4)","background-image":"","background-repeat":"repeat","background-position":"center center","background-size":"auto","background-attachment":"scroll","background-type":"","background-media":"","overlay-type":"","overlay-color":"","overlay-opacity":"","overlay-gradient":""}}},"product_brand":[],"product_cat":[24],"product_tag":[619],"class_list":{"0":"post-1867","1":"product","2":"type-product","3":"status-publish","4":"has-post-thumbnail","6":"product_cat-titanium-alloy","7":"product_tag-cnc-titanium-machining","8":"desktop-align-left","9":"tablet-align-left","10":"mobile-align-left","12":"first","13":"instock","14":"shipping-taxable","15":"product-type-simple"},"_links":{"self":[{"href":"https:\/\/haoyumaterial.com\/it\/wp-json\/wp\/v2\/product\/1867","targetHints":{"allow":["GET"]}}],"collection":[{"href":"https:\/\/haoyumaterial.com\/it\/wp-json\/wp\/v2\/product"}],"about":[{"href":"https:\/\/haoyumaterial.com\/it\/wp-json\/wp\/v2\/types\/product"}],"replies":[{"embeddable":true,"href":"https:\/\/haoyumaterial.com\/it\/wp-json\/wp\/v2\/comments?post=1867"}],"wp:featuredmedia":[{"embeddable":true,"href":"https:\/\/haoyumaterial.com\/it\/wp-json\/wp\/v2\/media\/1868"}],"wp:attachment":[{"href":"https:\/\/haoyumaterial.com\/it\/wp-json\/wp\/v2\/media?parent=1867"}],"wp:term":[{"taxonomy":"product_brand","embeddable":true,"href":"https:\/\/haoyumaterial.com\/it\/wp-json\/wp\/v2\/product_brand?post=1867"},{"taxonomy":"product_cat","embeddable":true,"href":"https:\/\/haoyumaterial.com\/it\/wp-json\/wp\/v2\/product_cat?post=1867"},{"taxonomy":"product_tag","embeddable":true,"href":"https:\/\/haoyumaterial.com\/it\/wp-json\/wp\/v2\/product_tag?post=1867"}],"curies":[{"name":"wp","href":"https:\/\/api.w.org\/{rel}","templated":true}]}}