{"id":2068,"date":"2026-03-19T15:28:57","date_gmt":"2026-03-19T07:28:57","guid":{"rendered":"https:\/\/haoyumaterial.com\/?post_type=product&#038;p=2068"},"modified":"2026-03-19T15:36:30","modified_gmt":"2026-03-19T07:36:30","slug":"stainless-steel-alloy-174-ph-machined-parts","status":"publish","type":"product","link":"https:\/\/haoyumaterial.com\/it\/product\/stainless-steel-alloy-174-ph-machined-parts\/","title":{"rendered":"Componenti lavorati in lega di acciaio inossidabile 17-4 PH Servizi CNC"},"content":{"rendered":"<h2>Custom stainless steel alloy 17 4 PH machined parts with CNC Swiss turning tight tolerances and heat treated high strength corrosion resistance<\/h2>\n<p>Componenti lavorati su misura in lega di acciaio inossidabile 17-4 PH con tornitura CNC Swiss, tolleranze strette e trattamenti termici per alta resistenza e resistenza alla corrosione.<\/p>\n<p>SKU-1773893431 <strong>SKU-1773893431<\/strong>. What is 17-4 PH (SAE 630) Stainless Steel? <strong>Cos'\u00e8 l'acciaio inossidabile 17-4 PH (SAE 630)?<\/strong>. Are you struggling to source components that deliver extreme strength without sacrificing environmental durability? When standard austenitic grades fall short under high mechanical stress, we rely on SAE grade 630.<\/p>\n<h3>Hai difficolt\u00e0 a reperire componenti che offrano resistenza estrema senza compromettere la durabilit\u00e0 ambientale? Quando le gamme austenitiche standard non bastano sotto stress meccanico elevato, ci affidiamo al grado SAE 630.<\/h3>\n<ul>\n<li><strong>Resistenza superiore:<\/strong> We specialize in manufacturing high-performance <strong>Siamo specializzati nella produzione di alta prestazione<\/strong>.<\/li>\n<li><strong>stainless steel alloy 17-4 ph machined parts<\/strong> componenti lavorati in lega di acciaio inossidabile 17-4 PH.<\/li>\n<li><strong>. Also recognized as UNS S17400 or 17Cr-4Ni, this versatile material is a chromium-nickel-copper<\/strong> . Riconosciuto anche come UNS S17400 o 17Cr-4Ni, questo materiale versatile \u00e8 una lega a base cromio-nichel-copper.<\/li>\n<li><strong>precipitation hardening alloy<\/strong> Ci permette di lavorare in modo efficiente, formare e plasmare geometrie altamente complesse e con tolleranze strette prima del processo finale di invecchiamento.<\/li>\n<\/ul>\n<h2>Capacit\u00e0 di lavorazione CNC personalizzate 17-4 PH<\/h2>\n<p><img decoding=\"async\" src=\"https:\/\/haoyumaterial.com\/wp-content\/uploads\/2026\/03\/17-4_PH_Stainless_Steel_Machining_Services_l4X7WcD.webp\" alt=\"Servizi di lavorazione dell&#039;acciaio inossidabile 17-4 PH\" \/><\/p>\n<p>In Vastmaterial, produciamo componenti lavorati di alta qualit\u00e0 <strong>leghe d'acciaio inossidabile 17-4 PH lavorate<\/strong> realizzate per applicazioni globali esigenti. Ottimizziamo i nostri processi di produzione per gestire la particolare resistenza della lega SAE 630, offrendo componenti di precisione affidabili <a href=\"https:\/\/haoyumaterial.com\/it\/prodotto\/austenitic-stainless-steel-grades-and-custom-precision-components\/\">personalizzate<\/a> che rispettano specifiche esatte ogni volta.<\/p>\n<p>Di seguito una ripartizione delle nostre principali capacit\u00e0 di produzione:<\/p>\n<ul>\n<li><strong>Lavorazione CNC Swiss:<\/strong> Siamo esperti in volumi elevati <strong>lavorazione Swiss<\/strong> per componenti di piccolo diametro e complessi. Questo processo garantisce turni di produzione rapidi senza compromettere la precisione dimensionale.<\/li>\n<li><strong>Fresatura e Benchmarking CNC avanzate:<\/strong> I nostri centri di lavorazione multiassiali affrontano facilmente geometrie complesse, trasformando blanchi di lega S17400 in componenti finiti ad alta precisione.<\/li>\n<li><strong>Tolleranze strette:<\/strong> La produzione di precisione \u00e8 il nostro standard. A seconda della geometria specifica del pezzo e del tempraggio, manteniamo costantemente tolleranze a <strong>+\/- 0,002 pollici<\/strong>\u2014e spesso pi\u00f9 strette per applicazioni specializzate.<\/li>\n<li><strong>Post-Processing e Trattamento termico:<\/strong> Gestiamo l'intero ciclo di invecchiamento e tempera internamente. Che i tuoi pezzi richiedano la base Condition A o debbano essere temprati a <strong>Condition H900<\/strong>, H1025 o H1150, i nostri servizi controllati di trattamenti termici garantiscono che il materiale raggiunga le sue propriet\u00e0 meccaniche obiettivo.<\/li>\n<\/ul>\n<h2>Propriet\u00e0 Meccaniche del 17-4 PH tramite Trattamento Termico<\/h2>\n<p>Il vero valore dell'SAE Type 630 risiede nella sua versatilit\u00e0. Attraverso un trattamento termico mirato, possiamo modificare drasticamente la resistenza e la durezza del tuo <strong>SKU-1773893431<\/strong> per soddisfare esattamente le esigenze dell'applicazione. Che il tuo progetto richieda caratteristiche standard del materiale o componenti in 17-4 PH ad alta resistenza nella condizione H900, il processo di invecchiamento per precipitazione ci offre un pieno controllo sulle specifiche finali.<\/p>\n<p>Per vedere la gamma pi\u00f9 ampia di materie prime con cui lavoriamo, puoi consultare i nostri <a href=\"https:\/\/haoyumaterial.com\/it\/categoria-prodotto\/stainless-steel\/\">opzioni in acciaio inossidabile<\/a>.<\/p>\n<p>Di seguito \u00e8 riportata una suddivisione delle tipiche propriet\u00e0 meccaniche che ci si pu\u00f2 aspettare da parti lavorate in 17-4 PH trattate termicamente, nelle diverse condizioni di tempra:<\/p>\n<table>\n<thead>\n<tr>\n<th style=\"text-align: left;\">Condizione di Tempra<\/th>\n<th style=\"text-align: left;\">Resistenza allo Sforzo (ksi)<\/th>\n<th style=\"text-align: left;\">Resistenza a trazione ultima (ksi)<\/th>\n<th style=\"text-align: left;\">Durezza Brinell<\/th>\n<th style=\"text-align: left;\">Durezza Rockwell<\/th>\n<\/tr>\n<\/thead>\n<tbody>\n<tr>\n<td style=\"text-align: left;\"><strong>Condizione A (Base)<\/strong><\/td>\n<td style=\"text-align: left;\">110<\/td>\n<td style=\"text-align: left;\">150<\/td>\n<td style=\"text-align: left;\">277<\/td>\n<td style=\"text-align: left;\">28 HRC<\/td>\n<\/tr>\n<tr>\n<td style=\"text-align: left;\"><strong>H900<\/strong><\/td>\n<td style=\"text-align: left;\">170<\/td>\n<td style=\"text-align: left;\">190<\/td>\n<td style=\"text-align: left;\">388<\/td>\n<td style=\"text-align: left;\">Siamo specializzati nella produzione di alta prestazione<\/td>\n<\/tr>\n<tr>\n<td style=\"text-align: left;\"><strong>H1025<\/strong><\/td>\n<td style=\"text-align: left;\">155<\/td>\n<td style=\"text-align: left;\">170<\/td>\n<td style=\"text-align: left;\">331<\/td>\n<td style=\"text-align: left;\">35 HRC<\/td>\n<\/tr>\n<tr>\n<td style=\"text-align: left;\"><strong>H1100<\/strong><\/td>\n<td style=\"text-align: left;\">115<\/td>\n<td style=\"text-align: left;\">140<\/td>\n<td style=\"text-align: left;\">302<\/td>\n<td style=\"text-align: left;\">32 HRC<\/td>\n<\/tr>\n<tr>\n<td style=\"text-align: left;\"><strong>H1150<\/strong><\/td>\n<td style=\"text-align: left;\">105<\/td>\n<td style=\"text-align: left;\">135<\/td>\n<td style=\"text-align: left;\">277<\/td>\n<td style=\"text-align: left;\">28 HRC<\/td>\n<\/tr>\n<\/tbody>\n<\/table>\n<p><strong>Punti chiave sulle Tempere:<\/strong><\/p>\n<ul>\n<li><strong>Condizione A:<\/strong> Lo stato basale di soluzione-annealata, ideale per la lavorazione iniziale prima dell'invecchiamento.<\/li>\n<li><strong>H900:<\/strong> Raggiunto riscaldando a 900\u00b0F. Questo offre la massima resistenza e la massima durezza (44 HRC).<\/li>\n<li><strong>H1025 a H1150:<\/strong> Temperature di invecchiamento superiori ammorbidiscono gradualmente l'alloy, che riduce leggermente la resistenza ultima a trazione ma migliora significativamente la duttilit\u00e0 complessiva e la resistenza all'impatto.<\/li>\n<\/ul>\n<h2>Costi e lavorabilit\u00e0 di 17-4 PH<\/h2>\n<h3>Controllo della Robustezza<\/h3>\n<p>Affrontiamo l'elefante nella stanza: la lavorazione di 17-4 PH \u00e8 notoriamente dura per gli utensili da taglio. Rispetto a una baseline di acciaio standard 12L14, comporta un fattore di costo di lavorazione di circa 5,0. Il materiale \u00e8 denso, abrasivo e genera calore significativo durante il taglio.<\/p>\n<p>Da Vastmaterial, sappiamo come produrre <strong>SKU-1773893431<\/strong> in modo efficiente. Mitighiamo attivamente questi costi di lavorazione pi\u00f9 elevati e l'usura degli utensili riducendoli tramite:<\/p>\n<ul>\n<li><strong>Ottimizzazione di avanzamenti e velocit\u00e0:<\/strong> Programmiamo parametri CNC precisi per liberare rapidamente le trucioli e gestire l'accumulo di calore.<\/li>\n<li><strong>Utilizzo di utensili premium:<\/strong> Utilizziamo utensili di taglio in carburo specializzati e ad alte prestazioni progettati specificamente per la lavorazione dell'acciaio inossidabile temprabile per precipitazione.<\/li>\n<li><strong>Assicurare Setup rigidi:<\/strong> Utilizziamo dispositivi di fornitura pesanti per eliminare le vibrazioni, che mantengono tolleranze strette e prolungano la vita dei nostri utensili.<\/li>\n<\/ul>\n<h3>Quando vale l'investimento in 17-4 PH?<\/h3>\n<p>Poich\u00e9 il tempo di lavorazione \u00e8 pi\u00f9 lungo, scegliere una lavorazione CNC personalizzata di 17-4 PH deve avere senso finanziario per il tuo progetto.<\/p>\n<ul>\n<li><strong>Opter\u00f2 per 303 o 316 se:<\/strong> Il tuo progetto richiede solo una resistenza alla corrosione di base, una forza moderata e una prestazione standard. Queste alternative sono pi\u00f9 economiche e lavorano molto pi\u00f9 velocemente.<\/li>\n<li><strong>Investi in 17-4 PH se:<\/strong> La tua applicazione richiede un rapporto forza-peso massiccio, un\u2019usura estremamente elevata, alta durezza fino a 44 HRC e distortion minimo durante la trattamento termico.<\/li>\n<\/ul>\n<p>allineare il materiale in modo preciso alle richieste meccaniche della tua applicazione \u00e8 il modo definitivo per controllare i costi di produzione. Se stai attualmente valutando le opzioni di materiale, comprendere il <a href=\"https:\/\/haoyumaterial.com\/it\/casted-stainless-steel-guide-benefits-and-grades\/\">vantaggi e classificazioni dell'acciaio inossidabile<\/a> pu\u00f2 aiutarti a determinare l\u2019alleato assolutamente migliore e pi\u00f9 conveniente per la tua specifica produzione.<\/p>\n<h2>Industri Industries Using Stainless Steel Alloy 17-4 PH Machined Parts<\/h2>\n<p><img decoding=\"async\" src=\"https:\/\/haoyumaterial.com\/wp-content\/uploads\/2026\/03\/17-4_PH_Stainless_Steel_Machined_Parts_Application_1.webp\" alt=\"Applicazioni parti lavorate in acciaio inossidabile 17-4 PH\" \/><\/p>\n<p>Produciamo <strong>leghe d'acciaio inossidabile 17-4 PH lavorate<\/strong> per settori che semplicemente non possono permettersi compromessi su resistenza e resistenza alla corrosione. Quando il fallimento non \u00e8 un'opzione, questa acciaio inossidabile SAE Type 630 offre la necessaria durabilit\u00e0.<\/p>\n<p>Ecco dove i nostri servizi di lavorazione dell'acciaio inossidabile ad invecchiamento per precipitazione fanno l'impatto maggiore:<\/p>\n<ul>\n<li><strong>Aerospaziale e Difesa:<\/strong> Produciamo componenti strutturali robusti, componenti di carrello e <strong>fitting personalizzati in 17-4 PH per l'aerospazio<\/strong> progettati per sopportare stress estremi in condizioni impegnative <a href=\"https:\/\/haoyumaterial.com\/it\/industries\/aerospace\/\">applicazioni nell'industria aerospaziale<\/a>.<\/li>\n<li><strong>Oil &amp; Gas \/ Petrochimico:<\/strong> Ambienti off-shore e di raffinazione difficili richiedono materiali resistenti. Forniamo steli valvole ad alta resistenza, alberi di pompe durevoli e estremamente affidabili <strong>Fermi di pompa CNC lavorati in 17-4<\/strong>.<\/li>\n<li><strong>Medico:<\/strong> La resistenza del materiale e la sterilizzabilit\u00e0 lo rendono perfetto per <strong>lavorazione di dispositivi medici 17-4 PH<\/strong>. Realizziamo regolarmente strumenti chirurgici robusti e componenti di apparecchiature durevoli.<\/li>\n<li><strong>Automotive &amp; Marine:<\/strong> Dalle spacers ad alta disallineamento e giunti di sospensione pesanti a <strong>alberi 17-4 PH lavorati di precisione<\/strong> per eliche di imbarcazioni, questa lega prospera sotto carichi meccanici pesanti e esposizione al salmone marino.<\/li>\n<\/ul>\n<h2>Assicurazione di qualit\u00e0 per parti lavorate in acciaio inossidabile 17-4 PH<\/h2>\n<p>In Vastmaterial, sappiamo che fornire in modo affidabile <strong>leghe d'acciaio inossidabile 17-4 PH lavorate<\/strong> significa non tagliare mai gli angoli. La produzione di precisione richiede una rigorosa supervisione dall'inizio alla fine. Il nostro impegno per l'eccellenza si riflette in tutte le nostre operazioni, costruite su una base di robusta <a href=\"https:\/\/haoyumaterial.com\/it\/alloy-cast-steel-factory-capabilities-processes-and-quality\/\">capacit\u00e0 di fabbrica e i processi di qualit\u00e0<\/a> progettato per soddisfare la domanda dei mercati globali.<\/p>\n<h3>Certificazioni di produzione<\/h3>\n<p>Appoggiamo i nostri servizi di lavorazione CNC su misura in 17-4 PH con standard di settore leader per garantire che ottenga esattamente ci\u00f2 di cui ha bisogno:<\/p>\n<ul>\n<li><strong>ISO 9001:2015:<\/strong> Garantisce una produzione coerente di alta qualit\u00e0 e un continuo miglioramento dei processi in tutta la nostra struttura.<\/li>\n<li><strong>Registrazione ITAR:<\/strong> Produzione pienamente conforme e sicura per contratti della difesa, aerospaziale e militari.<\/li>\n<\/ul>\n<h3>Ispezione avanzata e tracciabilit\u00e0<\/h3>\n<p>Quando fornisce parti di precisione in lega S17400, accuratezza e responsabilit\u00e0 sono incorporate nel flusso di lavoro:<\/p>\n<ul>\n<li><strong>Ispezione CMM:<\/strong> Utilizziamo Macchine di Misurazione a Coordinate (CMM) avanzate per verificare le tolleranze pi\u00f9 strette e le geometrie pi\u00f9 complesse.<\/li>\n<li><strong>Tracciabilit\u00e0 completa del materiale:<\/strong> Ogni spedizione include Completi Rapporti di Test del Materiale (MTR) direttamente dalla confezione, fornendovi 100% fiducia nei materiali che entreranno nei vostri prodotti finali.<\/li>\n<\/ul>\n<h2>FAQ: Parti lavorate in acciaio inossidabile lega 17-4 PH<\/h2>\n<h3>La 17-4 PH necessita di preriscaldamento per la saldatura?<\/h3>\n<p>No. Le nostre <strong>SKU-1773893431<\/strong> sono facilmente saldobili. Potete completamente saltare i passaggi di preriscaldamento e post-riscaldamento. Ci\u00f2 rende l\u2019assemblaggio e la fabbricazione di parti in acciaio inossidabile SAE Type 630 molto pi\u00f9 facili ed estremamente convenienti rispetto ad altre leghe ad alta resistenza.<\/p>\n<h3>Qual \u00e8 il tempo di consegna per le parti personalizzate 17-4 PH?<\/h3>\n<p>Dipende dalla complessit\u00e0 della geometria e dalle dimensioni dell\u2019ordine. Generalmente, i progetti standard <strong>lavorazione CNC su misura 17-4 PH<\/strong> impiegano circa 2 a 4 settimane. Se il tuo ordine specifico richiede trattamento termico per fornire <strong>componenti H900 di 17-4 PH<\/strong>, considerare semplicemente un paio di giorni in pi\u00f9 per permetterci di completare quel specifico processo di invecchiamento internamente.<\/p>\n<h3>Gestite prototipazione e produzioni ad alto volume?<\/h3>\n<p>S\u00ec, gestiamo entrambi. Adattiamo la nostra produzione direttamente alle esigenze del vostro progetto. Solitamente eseguiamo piccoli lotti di prototipazione di <strong>parti di precisione in lega S17400<\/strong> per test, e possiamo passare senza problemi a una produzione ad alto volume utilizzando i nostri servizi di lavorazione Swiss dedicati a 17-4 PH. Se state ancora valutando i materiali durante la fase di prototipazione, possiamo anche lavorare <a href=\"https:\/\/haoyumaterial.com\/it\/prodotto\/410-ss-material\/\">l'acciaio inossidabile 410<\/a> alternative in modo da poter testare e confrontare diverse propriet\u00e0 meccaniche fianco a fianco.<\/p>","protected":false},"excerpt":{"rendered":"<p>Stainless Steel Alloy 17 4 PH Machined Parts CNC Services<\/p>","protected":false},"featured_media":2065,"comment_status":"open","ping_status":"closed","template":"","meta":{"site-sidebar-layout":"default","site-content-layout":"","ast-site-content-layout":"default","site-content-style":"default","site-sidebar-style":"default","ast-global-header-display":"","ast-banner-title-visibility":"","ast-main-header-display":"","ast-hfb-above-header-display":"","ast-hfb-below-header-display":"","ast-hfb-mobile-header-display":"","site-post-title":"","ast-breadcrumbs-content":"","ast-featured-img":"","footer-sml-layout":"","ast-disable-related-posts":"","theme-transparent-header-meta":"default","adv-header-id-meta":"","stick-header-meta":"","header-above-stick-meta":"","header-main-stick-meta":"","header-below-stick-meta":"","astra-migrate-meta-layouts":"set","ast-page-background-enabled":"default","ast-page-background-meta":{"desktop":{"background-color":"var(--ast-global-color-5)","background-image":"","background-repeat":"repeat","background-position":"center center","background-size":"auto","background-attachment":"scroll","background-type":"","background-media":"","overlay-type":"","overlay-color":"","overlay-opacity":"","overlay-gradient":""},"tablet":{"background-color":"","background-image":"","background-repeat":"repeat","background-position":"center center","background-size":"auto","background-attachment":"scroll","background-type":"","background-media":"","overlay-type":"","overlay-color":"","overlay-opacity":"","overlay-gradient":""},"mobile":{"background-color":"","background-image":"","background-repeat":"repeat","background-position":"center center","background-size":"auto","background-attachment":"scroll","background-type":"","background-media":"","overlay-type":"","overlay-color":"","overlay-opacity":"","overlay-gradient":""}},"ast-content-background-meta":{"desktop":{"background-color":"var(--ast-global-color-4)","background-image":"","background-repeat":"repeat","background-position":"center center","background-size":"auto","background-attachment":"scroll","background-type":"","background-media":"","overlay-type":"","overlay-color":"","overlay-opacity":"","overlay-gradient":""},"tablet":{"background-color":"var(--ast-global-color-4)","background-image":"","background-repeat":"repeat","background-position":"center center","background-size":"auto","background-attachment":"scroll","background-type":"","background-media":"","overlay-type":"","overlay-color":"","overlay-opacity":"","overlay-gradient":""},"mobile":{"background-color":"var(--ast-global-color-4)","background-image":"","background-repeat":"repeat","background-position":"center center","background-size":"auto","background-attachment":"scroll","background-type":"","background-media":"","overlay-type":"","overlay-color":"","overlay-opacity":"","overlay-gradient":""}}},"product_brand":[],"product_cat":[17],"product_tag":[],"class_list":{"0":"post-2068","1":"product","2":"type-product","3":"status-publish","4":"has-post-thumbnail","6":"product_cat-stainless-steel","7":"desktop-align-left","8":"tablet-align-left","9":"mobile-align-left","11":"first","12":"instock","13":"shipping-taxable","14":"purchasable","15":"product-type-simple"},"_links":{"self":[{"href":"https:\/\/haoyumaterial.com\/it\/wp-json\/wp\/v2\/product\/2068","targetHints":{"allow":["GET"]}}],"collection":[{"href":"https:\/\/haoyumaterial.com\/it\/wp-json\/wp\/v2\/product"}],"about":[{"href":"https:\/\/haoyumaterial.com\/it\/wp-json\/wp\/v2\/types\/product"}],"replies":[{"embeddable":true,"href":"https:\/\/haoyumaterial.com\/it\/wp-json\/wp\/v2\/comments?post=2068"}],"wp:featuredmedia":[{"embeddable":true,"href":"https:\/\/haoyumaterial.com\/it\/wp-json\/wp\/v2\/media\/2065"}],"wp:attachment":[{"href":"https:\/\/haoyumaterial.com\/it\/wp-json\/wp\/v2\/media?parent=2068"}],"wp:term":[{"taxonomy":"product_brand","embeddable":true,"href":"https:\/\/haoyumaterial.com\/it\/wp-json\/wp\/v2\/product_brand?post=2068"},{"taxonomy":"product_cat","embeddable":true,"href":"https:\/\/haoyumaterial.com\/it\/wp-json\/wp\/v2\/product_cat?post=2068"},{"taxonomy":"product_tag","embeddable":true,"href":"https:\/\/haoyumaterial.com\/it\/wp-json\/wp\/v2\/product_tag?post=2068"}],"curies":[{"name":"wp","href":"https:\/\/api.w.org\/{rel}","templated":true}]}}