{"id":2076,"date":"2026-03-23T12:51:37","date_gmt":"2026-03-23T04:51:37","guid":{"rendered":"https:\/\/haoyumaterial.com\/?post_type=product&#038;p=2076"},"modified":"2026-03-23T13:06:40","modified_gmt":"2026-03-23T05:06:40","slug":"5620-alloy-steel-machining","status":"publish","type":"product","link":"https:\/\/haoyumaterial.com\/it\/product\/5620-alloy-steel-machining\/","title":{"rendered":"Servizi di lavorazione dell'acciaio legato 5620 per AMS 5620 e SAE 5620"},"content":{"rendered":"<h2>Cos'\u00e8 l'acciaio legato 5620? Comprendere le tue opzioni di materiale<\/h2>\n<p>Quando acquisti <strong>Lavorazione dell'acciaio legato 5620<\/strong>, di solito si guardano due metalli completamente diversi in base al prefisso. Una scelta errata del materiale spreca tempo e rovina le produzioni. Chiariremo immediatamente queste specifiche per garantire che il tuo <strong>parti inox lavorate in 5620<\/strong> eseguano esattamente quanto progettato.<\/p>\n<h3>Leghe di acciaio a basso contenuto di carbonio SAE 5620 e 86L20<\/h3>\n<p>La designazione SAE 5620 \u00e8 molto affine a <strong>86L20 a basso contenuto di leghe<\/strong> materiali. Si tratta di <strong>leghe di acciaio a basso contenuto di carbonio<\/strong> progettate specificamente per applicazioni di usura pesante. Utilizziamo queste scaglie di indurimento quando hai bisogno di pezzi che assorbano gli urti senza frantumarsi.<\/p>\n<ul>\n<li><strong>Nucleo resistente:<\/strong> Offre alta duttilit\u00e0 e resistenza agli urti.<\/li>\n<li><strong>Durezza superficiale:<\/strong> Risponde perfettamente al indurimento per una cruda resistente all'usura.<\/li>\n<li><strong>Lavorabilit\u00e0:<\/strong> Si comporta come una vera acciaio ad alta lavorabilit\u00e0, riducendo l\u2019usura degli utensili e i costi di produzione.<\/li>\n<\/ul>\n<h3>AMS 5620 (Acciaio inossidabile Alloy 420F)<\/h3>\n<p>Se la tua stampa specifica <strong>AMS5620<\/strong>, hai davvero bisogno di <strong>Alloy 420F<\/strong> acciaio inossidabile. Questa \u00e8 una <strong>lega a medio contenuto di carbonio<\/strong>, <strong>di lavorabilit\u00e0 libera induribile<\/strong> grado. Lavoriamo questa lega specifica quando i tuoi componenti richiedono elevata durezza combinata con affidabili <strong>resistente alla corrosione<\/strong> propriet\u00e0. \u00c8 la nostra scelta standard per produzioni ad alto volume che richiedono sia ritenzione del filo sia cicli veloci.<\/p>\n<h3>Confronto rapido dei materiali<\/h3>\n<table>\n<thead>\n<tr>\n<th style=\"text-align: left;\">Specifiche<\/th>\n<th style=\"text-align: left;\">Tipo di metallo di base<\/th>\n<th style=\"text-align: left;\">Propriet\u00e0 principali<\/th>\n<th style=\"text-align: left;\">Rivisitazioni comuni<\/th>\n<\/tr>\n<\/thead>\n<tbody>\n<tr>\n<td style=\"text-align: left;\"><strong>SAE 5620 \/ 86L20<\/strong><\/td>\n<td style=\"text-align: left;\">Acciaio a basso contenuto di carbonio<\/td>\n<td style=\"text-align: left;\">Elevata tenacit\u00e0 del nucleo, grado di carburazione<\/td>\n<td style=\"text-align: left;\">Ingranaggi, ingranaggi, alberi a denti<\/td>\n<\/tr>\n<tr>\n<td style=\"text-align: left;\"><strong>AMS 5620 (420F)<\/strong><\/td>\n<td style=\"text-align: left;\">Acciaio inossidabile<\/td>\n<td style=\"text-align: left;\">Durevole, resistenza moderata alla corrosione<\/td>\n<td style=\"text-align: left;\">assi dell''a pompa, componenti della valvola, utensili manuali<\/td>\n<\/tr>\n<\/tbody>\n<\/table>\n<h2>Capacit\u00e0 di lavorazione dell''acciaio 5620 di Vastmaterial<\/h2>\n<p>In Vastmaterial, ci specializziamo in <strong>Lavorazione dell'acciaio legato 5620<\/strong>, fornendo componenti affidabili per applicazioni globali esigenti. Che il tuo progetto richieda lavorazioni su 86L20 a basso contenuto di alluminio o pezzi in acciaio inox specifico Alloy 420F, il nostro stabilimento \u00e8 progettato per gestire la maneggiabilit\u00e0 unica di questi materiali con piena efficienza.<\/p>\n<h3>Lavorazione di precisione CNC e Swiss 5620<\/h3>\n<p>Il nostro reparto di produzione utiliza attrezzature all'avanguardia per fornire servizi di lavorazione di alto livello <strong>Lavorazione AMS 5620<\/strong>. Abbiniamo la macchina giusta alla geometria specifica del tuo pezzo per massimizzare l'efficienza e ridurre i costi.<\/p>\n<ul>\n<li><strong>Lavorazione CNC avanzata:<\/strong> Utilizziamo centri di tornitura e fresatura CNC multiasse, ideali per componenti in acciaio SAE 5620 di medie e grandi dimensioni che richiedono ripetibilit\u00e0 rigorosa.<\/li>\n<li><strong>Lavorazione Swiss di precisione:<\/strong> Per pezzi piccoli, complessi o sottili, la nostra lavorazione Swiss di precisione gestisce l''acciaio 5620 senza problemi, evitando deflessione e mantenendo l''accuratezza.<\/li>\n<\/ul>\n<p>Produzione consistentemente di alta qualit\u00e0 <a href=\"https:\/\/haoyumaterial.com\/it\/prodotto\/alloy-steel-machined-parts\/\">parti lavorate in acciaio legato<\/a> richiede configurazioni macchina rigide e strategie di taglio specializzate, entrambe perfezionate dopo anni di operativit\u00e0 dedicata.<\/p>\n<h3>Tolleranze e finitura superficiale<\/h3>\n<p>Manteniamo un controllo rigoroso sull''ambiente di lavorazione per garantire che ogni componente rispetti le vostre specifiche di stampa esatte.<\/p>\n<ul>\n<li><strong>Tolleranze strette:<\/strong> Manteniamo tolleranze strette fino a <strong>\u00b10.0005 pollici (\u00b10.012 mm)<\/strong> su dimensioni critiche.<\/li>\n<li><strong>Finiture superficiali superiori:<\/strong> Sfruttando le propriet\u00e0 di lavorabilit\u00e0 gratuita di gradi come 420F, otteniamo lefiniture superficiali lisce e costanti direttamente dalla macchina, spesso eliminando la necessit\u00e0 di costose rifilature secondarie.<\/li>\n<\/ul>\n<h3>Produzione ad alto volume di acciaio legato<\/h3>\n<p>Le nostre operazioni sono pienamente scalabili per soddisfare le vostre esigenze di produzione. Dalla prima corsa di prototipo a <strong>produzione ad alto contenuto di lega in acciaio<\/strong>, ottimizziamo la nostra programmazione e gli strumenti per ridurre i tempi di ciclo. Questa scalabilit\u00e0 garantisce che, che tu abbia bisogno di poche centinaia o decine di migliaia di <strong>parti inox lavorate in 5620<\/strong>, ricevi una qualit\u00e0 costante e programmi di consegna affidabili.<\/p>\n<h2>5620 Acciaio Propriet\u00e0 Meccaniche &amp; Specifiche Tecniche<\/h2>\n<p><img decoding=\"async\" src=\"https:\/\/haoyumaterial.com\/wp-content\/uploads\/2026\/03\/5620_Alloy_Steel_Machining_Properties_Ulk1CQDEk.webp\" alt=\"Propriet\u00e0 di lavorazione dell&#039;acciaio legato 5620\" \/><\/p>\n<p>Quando si cerca una fonte affidabile <strong>parti inox lavorate in 5620<\/strong>, conoscere le esatte specifiche tecniche del tuo materiale \u00e8 fondamentale. Gestiamo diverse varianti di questo metallo, dalle qualit\u00e0 carburanti alle opzioni in acciaio inossidabile al fire free maching che possono essere indurite. Per garantire che i tuoi componenti soddisfino i pi\u00f9 rigidi standard del settore, la nostra produzione \u00e8 allineata direttamente a un comprehensive <a href=\"https:\/\/haoyumaterial.com\/it\/machining-casting-guide-precision-cnc-tight-tolerances\/\">guida di lavorazione per CNC di precisione e tolleranze ristrette<\/a>.<\/p>\n<h3>SAE 5620 e 86L20 lavorazione ad alto taglio? (Low Alloy Machining)<\/h3>\n<p>SAE 5620 e il strettamente correlato 86L20 sono <strong>leghe di acciaio a basso contenuto di carbonio<\/strong> progettato per una pura efficienza produttiva. L\u2019aggiunta intenzionale di piombo lo rende una scelta migliore per <strong>acciaio a debolle liscio tollerante al tornio<\/strong>, migliorando drasticamente le velocit\u00e0 di taglio senza compromettere la resistenza del componente centrale.<\/p>\n<ul>\n<li><strong>Tipo di materiale:<\/strong> acciaio a basso contenuto di carbonio e a basso tenore di leghe.<\/li>\n<li><strong>Vantaggio Chiave:<\/strong> Eccezionale <strong>grado di lavorabilit\u00e0 dell'acciaio 5620<\/strong> per cicli pi\u00f9 rapidi.<\/li>\n<li><strong>Trattamenti Termici:<\/strong> Ideale per carburare (tempra superficiale) per ottenere un nucleo resistente con una superficie altamente resistente all\u2019usura.<\/li>\n<li><strong>Ideale per:<\/strong> Produzione di acciaio austenitico ad alto volume e complesso <strong>Componenti in acciaio SAE 5620<\/strong>.<\/li>\n<\/ul>\n<h3>Parti in acciaio inossidabile Alloy 420F (AMS 5620)<\/h3>\n<p>Se il tuo progetto richiede sia durata fisica che protezione dagli elementi, il nostro <strong>Lavorazione AMS 5620<\/strong> utilizzando Alloy 420F sono la soluzione esatta. Questo \u00e8 un <strong>acciaio temprabile ad alto contenuto di carbonio medio<\/strong> che bilancia elevata resistenza meccanica con eccezionale resistenza alla corrosione.<\/p>\n<table>\n<thead>\n<tr>\n<th style=\"text-align: left;\">Focus sulle propriet\u00e0<\/th>\n<th style=\"text-align: left;\">Capacit\u00e0 AMS 5620 (420F)<\/th>\n<\/tr>\n<\/thead>\n<tbody>\n<tr>\n<td style=\"text-align: left;\"><strong>Classificazione<\/strong><\/td>\n<td style=\"text-align: left;\">Acciaio inossidabile martensitico (Medio contenuto di carbonio)<\/td>\n<\/tr>\n<tr>\n<td style=\"text-align: left;\"><strong>Durata<\/strong><\/td>\n<td style=\"text-align: left;\">Totalmente temprabile tramite trattamento termico standard<\/td>\n<\/tr>\n<tr>\n<td style=\"text-align: left;\"><strong>Ambiente<\/strong><\/td>\n<td style=\"text-align: left;\">Altamente <strong>resistente alla corrosione<\/strong> contro intemperie e leggeri agenti chimici<\/td>\n<\/tr>\n<tr>\n<td style=\"text-align: left;\"><strong>Lavorabilit\u00e0<\/strong><\/td>\n<td style=\"text-align: left;\">Specialmente modificato per lavorazione CNC rapida e precisa<\/td>\n<\/tr>\n<tr>\n<td style=\"text-align: left;\"><strong>Produzione tipica<\/strong><\/td>\n<td style=\"text-align: left;\"><strong>assi dell pompa su misura in 420F<\/strong>, valvole automatizzate e tasselli<\/td>\n<\/tr>\n<\/tbody>\n<\/table>\n<p>Che i tuoi progetti richiedano tornitura 86L20 di base o altamente specializzata <strong>AMS 5620<\/strong> produzione, allineiamo esattamente le propriet\u00e0 meccaniche ai requisiti di stress e ambientali unici della tua applicazione.<\/p>\n<h2>Vantaggi chiave della lavorazione dell'acciaio altolegato 5620<\/h2>\n<p>Quando produciamo <strong>parti inox lavorate in 5620<\/strong>, le propriet\u00e0 intrinseche del materiale ci danno un enorme vantaggio produttivo. Che stiamo tagliando AMS 5620 o 86L20 basso contenuto di metallo, i vantaggi operativi si traducono direttamente in prezzi migliori e consegne pi\u00f9 rapide per i nostri clienti globali.<\/p>\n<h3>Tempi di ciclo ottimizzati<\/h3>\n<ul>\n<li><strong>Maggiore Throughput:<\/strong> La tendenza di stampaggio libero-trasformabile di questa acciaio consente di far girare le nostre macchine a velocit\u00e0 di taglio pi\u00f9 elevate.<\/li>\n<li><strong>Massima Efficienza:<\/strong> Sfruttando i nostri <a href=\"https:\/\/haoyumaterial.com\/it\/prodotto\/custom-machined-metal-part-cnc-services-for-tight-tolerances\/\">servizi CNC di parti metalliche su misura<\/a>, riduciamo drasticamente i tempi di ciclo. Questo \u00e8 particolarmente critico per contenere i costi durante le produzioni di lega in grandi volumi.<\/li>\n<\/ul>\n<h3>Maggiore Durata degli Utensili<\/h3>\n<ul>\n<li><strong>Riduzione dell\u2019usura degli utensili:<\/strong> La eccezionale grade di machinabilit\u00e0 di queste leghe di acciaio a basso tenore di carbonio minimizza l\u2019attrito che distrugge le inserti di taglio.<\/li>\n<li><strong>Precisione Inarrestabile:<\/strong> Meno degrado degli utensili significa che manteniamo tolleranze esatte dal primo pezzo al decimo di millimetro, abbassando i vostri costi di produzione complessivi.<\/li>\n<\/ul>\n<h3>Assoluta Versatilit\u00e0<\/h3>\n<ul>\n<li><strong>Ampia Gamma:<\/strong> Dall\u2019utilizzo di parti in acciaio inossidabile resistente alla corrosione Alloy 420F impiegate nel trattamento dei fluidi fino ad applicazioni ad alto Carbonio medio, questo metallo si adatta facilmente a requisiti rigorosi del settore.<\/li>\n<li><strong>Flessibilit\u00e0 di Lavorazione:<\/strong> Funziona perfettamente in vari allestimenti, dalla tornitura pesante alla lavorazione di precisione Swiss.<\/li>\n<\/ul>\n<h3>Panoramica dei Vantaggi di Lavorazione 5620<\/h3>\n<table>\n<thead>\n<tr>\n<th style=\"text-align: left;\">Vantaggio chiave<\/th>\n<th style=\"text-align: left;\">Impatto sulla produzione<\/th>\n<th style=\"text-align: left;\">Profilo Chiave dei Materiali<\/th>\n<\/tr>\n<\/thead>\n<tbody>\n<tr>\n<td style=\"text-align: left;\"><strong>Tempi di ciclo ottimizzati<\/strong><\/td>\n<td style=\"text-align: left;\">Tempi di consegna pi\u00f9 brevi e evasione rapida degli ordini<\/td>\n<td style=\"text-align: left;\">Acciaio per tornitura a basso inutilizzo<\/td>\n<\/tr>\n<tr>\n<td style=\"text-align: left;\"><strong>Maggiore Durata degli Utensili<\/strong><\/td>\n<td style=\"text-align: left;\">Costi generali inferiori e precisione costante dei pezzi<\/td>\n<td style=\"text-align: left;\">Basso contenuto di carbonio e 86L20 basso alluminio<\/td>\n<\/tr>\n<tr>\n<td style=\"text-align: left;\"><strong>Versatilit\u00e0 dei Materiali<\/strong><\/td>\n<td style=\"text-align: left;\">Adattabile a ambienti diversi e difficili<\/td>\n<td style=\"text-align: left;\">Requirement Alloy 420F &amp; AMS 5620<\/td>\n<\/tr>\n<\/tbody>\n<\/table>\n<h2>Applicazioni comuni e settori serviti<\/h2>\n<p>Poich\u00e9 questo materiale offre un equilibrio unico tra lavorabilit\u00e0, resistenza e durabilit\u00e0, i nostri <strong>parti inox lavorate in 5620<\/strong> sono essenziali in vari settori globali. Forniamo regolarmente componenti che richiedono l'affidabilit\u00e0 di propriet\u00e0 di lavorabilit\u00e0 media e temprabilit\u00e0.<\/p>\n<h3>Pezzi lavorati tipici<\/h3>\n<p>Le nostre linee di produzione gestiscono tutto, da semplici perni a geometrie complesse. Ecco cosa produciamo tipicamente:<\/p>\n<ul>\n<li><strong>assi di pompa personalizzati 420F:<\/strong> Progettati per ambienti difficili che richiedono capacit\u00e0 CNC in acciaio resistente alla corrosione affidabili.<\/li>\n<li><strong>Ingranaggi e pignoni:<\/strong> Sfruttando l'alloy a basso contenuto di 86L20 per eccezionale resistenza all'usura superficiale dopo tempra.<\/li>\n<li><strong>Viti per industria e raccordi:<\/strong> Utilizzando la produzione di acciaio legato ad alto volume per fornire pezzi durevoli e precisi rapidamente.<\/li>\n<li><strong>Valvole e Bussole:<\/strong> Perfette per sistemi ad alta pressione che richiedono tolleranze strette e stabilit\u00e0 a lungo termine.<\/li>\n<\/ul>\n<h3>Industrie chiave<\/h3>\n<p>Collaboriamo con settori che non possono compromettere l'integrit\u00e0 dei materiali o la precisione.<\/p>\n<ul>\n<li><strong>Settore automobilistico e dei trasporti:<\/strong> Fare affidamento pesante sulla lavorazione di lega di acciaio a basso contenuto di carbonio per componenti critici del gruppo propulsore, dello sterzo e del motore.<\/li>\n<li><strong>Generazione di energia:<\/strong> Forniamo parti ad alta resistenza e resistente all'usura a settori esigenti come <a href=\"https:\/\/haoyumaterial.com\/it\/industries\/nuclear-power\/\">energia nucleare<\/a>, dove il fallimento del materiale non \u00e8 affatto un'opzione.<\/li>\n<li><strong>Fluidi e idraulica:<\/strong> Fornire al settore della produzione di pompe e valvole i nostri servizi di lavorazione AMS 5620 di precisione.<\/li>\n<li><strong>Macchinari pesanti:<\/strong> I produttori di apparecchiature industriali dipendono fortemente dai nostri componenti in acciaio 5620 per mantenere in funzione macchine pesanti sotto carichi operativi intensi.<\/li>\n<\/ul>\n<h2>Perch\u00e9 scegliere Vastmaterial per il tuo prossimo progetto?<\/h2>\n<p><img decoding=\"async\" src=\"https:\/\/haoyumaterial.com\/wp-content\/uploads\/2026\/03\/5620_Alloy_Steel_Machining_Excellence_pCdv9ELmM.webp\" alt=\"Eccellenza nella lavorazione dell&#039;acciaio legato 5620\" \/><\/p>\n<p>Quando hai bisogno della massima <strong>Lavorazione dell'acciaio legato 5620<\/strong>, hai bisogno di un partner affidabile che fa bene la prima volta. Offriamo precisione, coerenza e soluzioni di produzione convenienti su misura per le tue specifiche esatte.<\/p>\n<h3>Ingegneria dei costi di pre-produzione<\/h3>\n<p>Ottimizziamo i tuoi progetti molto prima che le macchine si accendano. Il nostro team di ingegneria rivede i tuoi file CAD per <strong>lavorazione di lega di acciaio a basso contenuto di carbonio<\/strong> per individuare opportunit\u00e0 pratiche di risparmio sui costi.<\/p>\n<ul>\n<li><strong>Minimize materiale di scarto:<\/strong> Ottimizziamo l'utilizzo delle materie prime per ogni lotto di produzione.<\/li>\n<li><strong>Riduci i tempi di ciclo:<\/strong> Percorsi utensile CNC pi\u00f9 intelligenti significano produzione pi\u00f9 rapida ed efficiente.<\/li>\n<li><strong>Massimizza il tuo ROI:<\/strong> Abbiamo abbassato la tua linea di fondo senza mai compromettere la qualit\u00e0 del componente.<\/li>\n<\/ul>\n<h3>Controllo qualit\u00e0 senza compromessi<\/h3>\n<p>La coerenza non \u00e8 negoziabile, soprattutto per <strong>produzione ad alto contenuto di lega in acciaio<\/strong>. Che sia pensata per resistere alla corrosione <strong>Alloy 420F<\/strong> or <strong>86L20 a basso contenuto di leghe<\/strong>, i nostri standard di ispezione rimangono severi.<\/p>\n<ul>\n<li>Controlli dimensionali rigorosi in ogni fase del processo di lavorazione.<\/li>\n<li>Tracciabilit\u00e0 del materiale garantita per tutti <strong>parti inox lavorate in 5620<\/strong>.<\/li>\n<li>Aderenza rigorosa ai requisiti globali di tolleranza, durezza e finitura superficiale.<\/li>\n<\/ul>\n<h3>25+ Anni di Eccellenza Dimostrata<\/h3>\n<p>Abbiamo trascorso pi\u00f9 di due decenni a perfezionare l'arte della lavorazione dei metalli nel nostro avanzato <a href=\"https:\/\/haoyumaterial.com\/it\/factory\/\">impianto di produzione<\/a>. La nostra ampia esperienza pratica con <strong>acciaio temprabile ad alto contenuto di carbonio medio<\/strong> ci distingue nel mercato globale.<\/p>\n<ul>\n<li>Profonda competenza pratica in <strong>Lavorazione AMS 5620<\/strong>.<\/li>\n<li>Allestimento avanzato delle apparecchiature per macchine complesse <strong>lavorazione di precisione svizzera 5620<\/strong>.<\/li>\n<li>Una performance impeccabile nel fornire componenti su misura ad alte prestazioni esattamente secondo i tempi previsti.<\/li>\n<\/ul>\n<h2>Domande frequenti (FAQ)<\/h2>\n<h3>Qual \u00e8 la differenza tra 420 e 420F (AMS 5620) acciaio inossidabile?<\/h3>\n<p>La differenza principale risiede nella lavorabilit\u00e0. L'acciaio standard 420 \u00e8 un acciaio a medio carbonio induribile che offre buona resistenza alla corrosione. Tuttavia, <strong>Lega 420F (AMS 5620)<\/strong> ha elementi aggiunti come lo zolfo per renderlo un vero acciaio da tornitura libera. Queste aggiunte permettono alle scaglie di metallo di staccarsi in modo pulito durante il processo di taglio. Di conseguenza, otteniamo tempi di ciclo pi\u00f9 rapidi, usura degli utensili ridotta e finiture superficiali eccezionali per il tuo <strong>parti inox lavorate in 5620<\/strong>.<\/p>\n<h3>SAE 5620 \u00e8 adatto per applicazioni ad alta pressione?<\/h3>\n<p>S\u00ec, funziona molto bene in questi ambienti. SAe 5620 \u00e8 una lega di acciaio a basso contenuto di carbonio appositamente progettata per la carburazione. Una volta trattata termicamente, sviluppa un nucleo duro e resistente all'usura con una superficie esterna dura, mantenendo un nucleo resistente e dutile. Questo la rende una scelta affidabile per raccordi idraulici, valvole e componenti meccanici soggetti a elevate sollecitazioni. Se il tuo progetto richiede di testare diverse grade di acciaio legato per carburazione per applicazioni di pressione, offre prestazioni molto simili a quelle che ti aspetteresti da <a href=\"https:\/\/haoyumaterial.com\/it\/prodotto\/8620-alloy-steel-machined-parts\/\">parti lavorate in acciaio 8620 alloy<\/a>.<\/p>\n<h3>Quali sono le dimensioni massime che Vastmaterial pu\u00f2 lavorare per i pezzi 5620?<\/h3>\n<p>Il nostro <strong>Lavorazione AMS 5620<\/strong> sono scalate per gestire tutto, dai micro-componenti ai pezzi grandi e pesanti. Per la produzione di acciaio legato ad alto volume, le nostre capacit\u00e0 attuali sono:<\/p>\n<ul>\n<li><strong>Lavorazione Swiss di precisione:<\/strong> Perfetto per componenti intricati di piccolo diametro fino a <strong>1,25 pollici (32 mm)<\/strong> di diametro.<\/li>\n<li><strong>Tornitura CNC standard:<\/strong> Gestiamo facilmente pezzi pi\u00f9 grandi <strong>parti inox lavorate in 5620<\/strong>, come assali pompa in 420F personalizzati, fino a <strong>14 pollici (350 mm)<\/strong> di diametro.<\/li>\n<li><strong>Fresatura CNC:<\/strong> Possiamo lavorare blocchi e piastre fino a <strong>40 x 20 pollici (1016 x 508 mm)<\/strong>.<\/li>\n<\/ul>\n<p>Affiniamo i nostri macchinari per garantire tolleranze precise, indipendentemente dalle dimensioni del pezzo.<\/p>","protected":false},"excerpt":{"rendered":"<p>Servizi di lavorazione dell'acciaio legato 5620 di precisione per AMS 5620 e SAE 5620 con tolleranze strette e produzione CNC ad alto volume<\/p>","protected":false},"featured_media":2075,"comment_status":"open","ping_status":"closed","template":"","meta":{"site-sidebar-layout":"default","site-content-layout":"","ast-site-content-layout":"default","site-content-style":"default","site-sidebar-style":"default","ast-global-header-display":"","ast-banner-title-visibility":"","ast-main-header-display":"","ast-hfb-above-header-display":"","ast-hfb-below-header-display":"","ast-hfb-mobile-header-display":"","site-post-title":"","ast-breadcrumbs-content":"","ast-featured-img":"","footer-sml-layout":"","ast-disable-related-posts":"","theme-transparent-header-meta":"default","adv-header-id-meta":"","stick-header-meta":"","header-above-stick-meta":"","header-main-stick-meta":"","header-below-stick-meta":"","astra-migrate-meta-layouts":"set","ast-page-background-enabled":"default","ast-page-background-meta":{"desktop":{"background-color":"var(--ast-global-color-5)","background-image":"","background-repeat":"repeat","background-position":"center center","background-size":"auto","background-attachment":"scroll","background-type":"","background-media":"","overlay-type":"","overlay-color":"","overlay-opacity":"","overlay-gradient":""},"tablet":{"background-color":"","background-image":"","background-repeat":"repeat","background-position":"center center","background-size":"auto","background-attachment":"scroll","background-type":"","background-media":"","overlay-type":"","overlay-color":"","overlay-opacity":"","overlay-gradient":""},"mobile":{"background-color":"","background-image":"","background-repeat":"repeat","background-position":"center center","background-size":"auto","background-attachment":"scroll","background-type":"","background-media":"","overlay-type":"","overlay-color":"","overlay-opacity":"","overlay-gradient":""}},"ast-content-background-meta":{"desktop":{"background-color":"var(--ast-global-color-4)","background-image":"","background-repeat":"repeat","background-position":"center center","background-size":"auto","background-attachment":"scroll","background-type":"","background-media":"","overlay-type":"","overlay-color":"","overlay-opacity":"","overlay-gradient":""},"tablet":{"background-color":"var(--ast-global-color-4)","background-image":"","background-repeat":"repeat","background-position":"center center","background-size":"auto","background-attachment":"scroll","background-type":"","background-media":"","overlay-type":"","overlay-color":"","overlay-opacity":"","overlay-gradient":""},"mobile":{"background-color":"var(--ast-global-color-4)","background-image":"","background-repeat":"repeat","background-position":"center center","background-size":"auto","background-attachment":"scroll","background-type":"","background-media":"","overlay-type":"","overlay-color":"","overlay-opacity":"","overlay-gradient":""}}},"product_brand":[],"product_cat":[17,18],"product_tag":[],"class_list":{"0":"post-2076","1":"product","2":"type-product","3":"status-publish","4":"has-post-thumbnail","6":"product_cat-stainless-steel","7":"product_cat-alloy-steel","8":"desktop-align-left","9":"tablet-align-left","10":"mobile-align-left","12":"first","13":"instock","14":"shipping-taxable","15":"purchasable","16":"product-type-simple"},"_links":{"self":[{"href":"https:\/\/haoyumaterial.com\/it\/wp-json\/wp\/v2\/product\/2076","targetHints":{"allow":["GET"]}}],"collection":[{"href":"https:\/\/haoyumaterial.com\/it\/wp-json\/wp\/v2\/product"}],"about":[{"href":"https:\/\/haoyumaterial.com\/it\/wp-json\/wp\/v2\/types\/product"}],"replies":[{"embeddable":true,"href":"https:\/\/haoyumaterial.com\/it\/wp-json\/wp\/v2\/comments?post=2076"}],"wp:featuredmedia":[{"embeddable":true,"href":"https:\/\/haoyumaterial.com\/it\/wp-json\/wp\/v2\/media\/2075"}],"wp:attachment":[{"href":"https:\/\/haoyumaterial.com\/it\/wp-json\/wp\/v2\/media?parent=2076"}],"wp:term":[{"taxonomy":"product_brand","embeddable":true,"href":"https:\/\/haoyumaterial.com\/it\/wp-json\/wp\/v2\/product_brand?post=2076"},{"taxonomy":"product_cat","embeddable":true,"href":"https:\/\/haoyumaterial.com\/it\/wp-json\/wp\/v2\/product_cat?post=2076"},{"taxonomy":"product_tag","embeddable":true,"href":"https:\/\/haoyumaterial.com\/it\/wp-json\/wp\/v2\/product_tag?post=2076"}],"curies":[{"name":"wp","href":"https:\/\/api.w.org\/{rel}","templated":true}]}}