{"id":1440,"date":"2026-01-15T09:53:33","date_gmt":"2026-01-15T01:53:33","guid":{"rendered":"https:\/\/haoyumaterial.com\/?post_type=product&#038;p=1440"},"modified":"2026-01-15T09:53:33","modified_gmt":"2026-01-15T01:53:33","slug":"3d-printing-investment-casting-services-for-rapid-metal-prototypes","status":"publish","type":"product","link":"https:\/\/haoyumaterial.com\/nn\/product\/3d-printing-investment-casting-services-for-rapid-metal-prototypes\/","title":{"rendered":"3D-utskrift investeringsst\u00f8ypetjenester for raske metallprototyper"},"content":{"rendered":"<h2>Produktoversikt: Fr\u00e5 CAD til st\u00f8pt metall<\/h2>\n<p>\u00c5 vente i veker p\u00e5 at metallverkt\u00f8y skal bli maskinert er ikkje lenger ein flaskehals i produktutviklinga. Hos Vastmaterial byggjer vi bro mellom digitalt design og fysisk produksjon med v\u00e5r hybride\u00a0<strong>3D-utskrift investeringsst\u00f8ping<\/strong>\u00a0l\u00f8ysing. Ved \u00e5 integrere avanserte\u00a0<strong>SLA-st\u00f8pem\u00f8nster<\/strong>\u00a0direkte inn i v\u00e5r presisjonssmieprosess, eliminerer vi behovet for dyre, tidkrevjande voksinjeksjonsformer.<\/p>\n<p>V\u00e5r prosess forvandler dine CAD-data til industriklassede metalldeler med\u00a0<strong>verkt\u00f8ylaus metallproduksjon<\/strong>. Vi bruker h\u00f8ypresisjons 3D-printere for \u00e5 generere ofringsm\u00f8nster som brenn ut rent under st\u00f8peprosessen, slik at vi kan st\u00f8pe h\u00f8yprestasjonslegeringar\u2014fr\u00e5 rustfritt st\u00e5l 316L til koboltbasede superlegeringar\u2014utan dei tradisjonelle formarestriksjonane.<\/p>\n<h3>Kvifor velje Digital Foundry-tenester?<\/h3>\n<p>Vi kombinerer smidigheten til rask prototyping med den metallurgiske integriteten til tradisjonell st\u00f8ping. Denne tiln\u00e6rminga gir:<\/p>\n<ul>\n<li><strong>Null verkt\u00f8yingskostnader:<\/strong>\u00a0Unng\u00e5 den innleiande kapitalinvesteringa som krevst for metallformer, og gjer lavvolumsproduksjon \u00f8konomisk levedyktig.<\/li>\n<li><strong>Komplekse geometriar:<\/strong>\u00a0St\u00f8yp intrikate funksjonar, underkutt og tynne veggar som er umogleg \u00e5 forme med standard verkt\u00f8y.<\/li>\n<li><strong>75% Raskare leveringstider:<\/strong>\u00a0Akselerer forskings- og utviklingssyklusen din ved \u00e5 g\u00e5 fr\u00e5 designfil til ferdig metalldel p\u00e5 dagar i staden for m\u00e5nader.<\/li>\n<li><strong>Produksjonskvalitet:<\/strong>\u00a0Motta delar som oppfyller dei same strenge luftfarts- og industristandardane som v\u00e5re h\u00f8gvolums\u00a0<strong>rask investeringsst\u00f8ping<\/strong>\u00a0utskrifter.<\/li>\n<\/ul>\n<h2>Den 3D-utskriftsinvesteringst\u00f8peprosessen<\/h2>\n<p>Hos Haoyu Material har vi optimalisert arbeidsflyten for \u00e5 sl\u00e5 saman\u00a0<strong>digitale st\u00f8peritjenester<\/strong>\u00a0med tradisjonell metallurgi. Ved \u00e5 erstatte den tradisjonelle voksinjeksjonsforma med h\u00f8g-precisjons 3D-utskrift, akselererer vi overgangen fr\u00e5 design til ferdig metalldel. Dette\u00a0<strong>3D-utskrift investeringsst\u00f8ping<\/strong>\u00a0metoden lar oss produsere komplekse geometrier som ville vere umogleg eller prohibitivt dyre med standard verkt\u00f8y.<\/p>\n<h3>Steg 1: M\u00f8nsterutskrift med asjefrie harpiksar<\/h3>\n<p>Prosessen byrjar med\u00a0<strong>stereolitografi investeringsst\u00f8ping<\/strong>\u00a0(SLA) eller DLP-teknologi. Vi skriver ut hovudm\u00f8nster direkte fr\u00e5 dine CAD-data ved bruk av spesialiserte\u00a0<strong>asjefrie brenningsharpikser<\/strong>. I motsetning til standard prototyperplast, er desse\u00a0<strong>SLA-st\u00f8pem\u00f8nster<\/strong>\u00a0utforma for \u00e5 brenne heilt bort utan \u00e5 etterlate restar, og sikrar at den indre hulrommet forblir ur\u00f8rt for metallet. Dette eliminerer behovet for dyre metallformer, og er ideelt for rask prototyping og lavvolumsproduksjon.<\/p>\n<h3>Steg 2: Keramisk skallbygging<\/h3>\n<p>N\u00e5r\u00a0<strong>offeringsresin-m\u00f8nster<\/strong>\u00a0er trykt og montert p\u00e5 eit portesystem, vi g\u00e5r vidare til\u00a0<strong>keramisk skallst\u00f8ping<\/strong>. M\u00f8nstermonteringa dyppast i ein h\u00f8gkvalitets keramisk leire og dekkjast med brennbar sand. Vi gjentek dette fleire gonger for \u00e5 byggje eit robust skall som kan t\u00e5le den ekstreme varmen fr\u00e5 smelta st\u00e5l eller superlegeringar.<\/p>\n<h3>Steg 3: Brenning og st\u00f8ping<\/h3>\n<p>Det keramiske skallet vert oppvarma i ein autoklav eller ovn. Den trykte resinstrukturen kollapsar og fordampar umiddelbart\u2014dette er\u00a0<strong>QuickCast-prosessen<\/strong>\u00a0i aksjon. N\u00e5r skallet er tomt og verifisert \u00e5 vere fritt for aske, heller vi den smelta metallen. V\u00e5r fasilitet handterer eit bredt spekter av materialar, fr\u00e5 standard rustfritt st\u00e5l (304, 316L) til h\u00f8gprestasjon Cobalt Alloy 6B og nikkellegeringar basert p\u00e5 nikkel.<\/p>\n<h3>Steg 4: Ferdigstilling og CNC-etterbehandling<\/h3>\n<p>Etter at metallet har stivna, blir den keramiske skjellet brote vekk for \u00e5 avsl\u00f8re den r\u00e5 st\u00f8ypinga. Vi fjerner styringssystemet og utf\u00f8rer innleiande overflatessliping. For delar som krev strenge toleransar, g\u00e5r vi umiddelbart over til sekund\u00e6re operasjonar.\u00a0<a href=\"https:\/\/haoyumaterial.com\/nn\/technology\/testing-and-quality\/\">testing og kvalitetssikringsprotokollar<\/a>\u00a0sikre at kvar st\u00f8yping oppfyller strenge dimensjonale krav f\u00f8r den g\u00e5r gjennom endelig CNC-maskinering eller overflatetilpassing.<\/p>\n<h2>Materialeigenskaper og legeringar<\/h2>\n<p><img loading=\"lazy\" decoding=\"async\" class=\"\" src=\"https:\/\/haoyumaterial.com\/wp-content\/uploads\/2026\/01\/3D_Printing_Metal_Alloys_for_Industrial_Casting_q6.webp\" alt=\"3D-utskrift metalllegeringar for industriell st\u00f8ping\" width=\"1077\" height=\"733\" \/><\/p>\n<p>Vi berre ikkje skrive ut prototyper; vi bruker\u00a0<strong>3D-utskrift investeringsst\u00f8ping<\/strong>\u00a0for \u00e5 levere fullt funksjonelle, industrielt metall av h\u00f8g kvalitet. Den sentrale fordelen med denne hybride arbeidsflyten er at medan m\u00f8nsteret vert laga via\u00a0<strong>SLA-st\u00f8pem\u00f8nster<\/strong>\u00a0or\u00a0<strong>QuickCast-prosessen<\/strong>, er den endelege utgangen tett metall med same mekaniske eigenskapar som tradisjonell st\u00f8yping. Vi garanterer at materiala v\u00e5re oppfyller strenge standardar for luftfart og industriell metallurgi.<\/p>\n<h3>Jernmetaller: Rustfritt og karbonst\u00e5l<\/h3>\n<p>V\u00e5r st\u00f8periar h\u00e5ndterer eit breitt spekter av st\u00e5llegeringar.\u00a0<a href=\"https:\/\/haoyumaterial.com\/nn\/what-is-400-series-stainless-steel-properties-uses-grades\/\">400-serien rustfritt st\u00e5l<\/a>\u00a0Dette inkluderer austenittiske rustfrie st\u00e5l som 304 og 316L for korrosjonsmotstand, og precipitasjonsherdande grader som 17-4PH og 15-5 PH for overlegen styrke.\u00a0<a href=\"https:\/\/haoyumaterial.com\/nn\/product\/low-carbon-steel-bolts-machining-service\/\">lavkarbonst\u00e5l<\/a>\u00a0For prosjekt som krev spesiell hardleik og slitestyrke, st\u00f8par vi.<\/p>\n<h3>og ulike verkt\u00f8yst\u00e5l. Vi st\u00f8ttar ogs\u00e5 standardar<\/h3>\n<p>For\u00a0<strong>for generelle strukturelle komponentar der ductilitet er n\u00f8kkelen.<\/strong>\u00a0H\u00f8g-ytande superlegeringar<\/p>\n<ul>\n<li><strong>presisjonsmetallprototyping<\/strong>\u00a0i ekstreme milj\u00f8, er vi spesialiserte p\u00e5 avanserte superlegeringar som t\u00e5ler h\u00f8g varme og korrosjon:.<\/li>\n<li><strong>Nikkelbaserte legeringar:<\/strong>\u00a0H\u00f8gtemperaturlegeringar brukt i turbinar og motorar.<\/li>\n<li><strong>Kromkobalt Molybden:<\/strong>\u00a0Ideelt for medisinske og industrielle bruksomr\u00e5de som krev biokompatibilitet eller ekstremt holdbarheit.<\/li>\n<\/ul>\n<h3>Lettvekts- og ikkje-jernholdige metallar<\/h3>\n<p>V\u00e5r\u00a0<strong>investering-slagging 3D-utskrift<\/strong>\u00a0evner utvidar seg til lettvektsmetallar som er essensielle for bil- og luftfartssektoren. Vi st\u00f8yp rutinemessig komplekse geometriar i\u00a0<strong>Aluminium<\/strong>\u00a0og\u00a0<strong>Titanlegeringar<\/strong>. I tillegg tilbyr vi koparbaserte legeringar, inkludert Messing og Bronse, for marine og elektriske bruksomr\u00e5de. Denne materialmangfaldet gjer det mogleg \u00e5\u00a0<strong>lavvolums metallproduksjon<\/strong>\u00a0utan dei tradisjonelle verkt\u00f8ya sine begrensningar.<\/p>\n<h2>Tekniske spesifikasjonar og toleransar<\/h2>\n<p>Hos Vastmaterial er v\u00e5re\u00a0<strong>3D-utskrift investeringsst\u00f8ping<\/strong>\u00a0arbeidsflyten er utforma for strengt \u00e5 f\u00f8lgje industristandardar. Vi byggjer bro mellom digitalt design og fysisk metall, og sikrar at h\u00f8g kvalitet av\u00a0<strong>SLA-st\u00f8pem\u00f8nster<\/strong>\u00a0heldt i den endelege st\u00f8ypinga. Denne metoden gjer oss i stand til \u00e5 handtere\u00a0<strong>komplekse geometriske st\u00f8peformer<\/strong>\u00a0prosjekt som ville vere kostnadskrevjande eller umogleg med tradisjonell metallverkt\u00f8y.<\/p>\n<p>For delar som krev eksepsjonell passform og funksjon, oppretthald vi streng kontroll over dimensjonell n\u00f8yaktigheit. Mens standard st\u00f8ypetoleransar gjeld, gjer bruken av h\u00f8goppl\u00f8ysings digitale m\u00f8nster at vi kan halde strammare avvik p\u00e5 kritiske funksjonar. Om prosjektet ditt krev spegelaktige overflater eller spesifikke friksjonskoeffisentar, kan v\u00e5r integrerte\u00a0<a href=\"https:\/\/haoyumaterial.com\/nn\/machining-casting-guide-precision-cnc-tight-tolerances\/\">presisjons CNC-maskineringsevner<\/a>\u00a0forbetre den r\u00e5 st\u00f8ypen for \u00e5 oppfylle krav til luftfart eller medisinsk kvalitet.<\/p>\n<h3>Standard produksjonskapasitet<\/h3>\n<div class=\"table-responsive\">\n<table class=\"table\">\n<thead>\n<tr>\n<th>Spesifikasjon<\/th>\n<th>Standard toleranse \/ verdi<\/th>\n<th>Merksemd<\/th>\n<\/tr>\n<\/thead>\n<tbody>\n<tr>\n<td><strong>Dimensjonsn\u00f8yaktigheit<\/strong><\/td>\n<td>\u00b10,05 mm (0,002\u2033)<\/td>\n<td>\u00a0 \u00a0 \u00a0 \u00a0 \u00a0 \u00a0 \u00a0 \u00a0 \u00a0 \u00a0 \u00a0 \u00a0 \u00a0 \u00a0 \u00a0 \u00a0 Oppn\u00e5eleg p\u00e5 sm\u00e5 funksjonar og kritiske passningar.<\/td>\n<\/tr>\n<tr>\n<td><strong>Overflatebehandling (Som-st\u00f8pt)<\/strong><\/td>\n<td>$R_a$ 3,2 \u2013 6,3 \u00b5m<\/td>\n<td>\u00a0 \u00a0 \u00a0 \u00a0 \u00a0 \u00a0 \u00a0 \u00a0 \u00a0 \u00a0 \u00a0 \u00a0 \u00a0 \u00a0Standard matt overflate som passar for dei fleste strukturelle delar.<\/td>\n<\/tr>\n<tr>\n<td><strong>Overflatebehandling (Maskinert)<\/strong><\/td>\n<td>$R_a$ &lt; 0,8 \u00b5m<\/td>\n<td>\u00a0 \u00a0 \u00a0 \u00a0 \u00a0 \u00a0 \u00a0 \u00a0 \u00a0 \u00a0 \u00a0 \u00a0 \u00a0 \u00a0Oppn\u00e5dd via etter-st\u00f8p CNC eller polering.<\/td>\n<\/tr>\n<tr>\n<td><strong>Minimum veggtjukkleik<\/strong><\/td>\n<td>0,5 mm \u2013 1,0 mm<\/td>\n<td>\u00a0 \u00a0 \u00a0 \u00a0 \u00a0 \u00a0 \u00a0 \u00a0 \u00a0 \u00a0 \u00a0 \u00a0 \u00a0 \u00a0Avhengig av legeringsflyt og delgeometri.<\/td>\n<\/tr>\n<tr>\n<td><strong>Maks byggjestorleik<\/strong><\/td>\n<td>Tilpassa<\/td>\n<td>\u00a0 \u00a0 \u00a0 \u00a0 \u00a0 \u00a0 \u00a0 \u00a0 \u00a0 \u00a0 \u00a0 \u00a0 \u00a0 \u00a0Skalerbart for b\u00e5de sm\u00e5 presisjonskomponentar og st\u00f8rre innkapslingar.<\/td>\n<\/tr>\n<\/tbody>\n<\/table>\n<\/div>\n<p>Vi brukar\u00a0<strong>for generelle strukturelle komponentar der ductilitet er n\u00f8kkelen.<\/strong>\u00a0protokollar for \u00e5 verifisere desse spesifikasjonane tidleg i utviklinga. Dette sikrar at uansett om vi st\u00f8par rustfritt st\u00e5l eller superlegeringar, oppfyller den endelige komponenten dei n\u00f8yaktige mekaniske og geometriske krava for applikasjonen din.<\/p>\n<h2>N\u00f8kkelapplikasjonar i luftfart og bilindustri<\/h2>\n<p>Vi utnytter\u00a0<strong>3D-utskrift investeringsst\u00f8ping<\/strong>\u00a0for \u00e5 l\u00f8yse ingeni\u00f8rutfordringar der tradisjonelle verkt\u00f8y m\u00f8ter veggen. Ved \u00e5 omg\u00e5 formingsfasen, aukar vi produksjonen av h\u00f8gtytande komponentar for industrien som krev null feilrater. Denne hybride tiln\u00e6rminga gjer oss i stand til \u00e5 levere funksjonelle metalldeler med komplekse geometriar p\u00e5 ein br\u00f8kdel av den vanlege tida.<\/p>\n<h3>Flykomponentar<\/h3>\n<p>I luftfartssektoren er vektreduksjon og geometrisk kompleksitet ikkje til \u00e5 forhandle om. V\u00e5r\u00a0<strong>investering-slagging 3D-utskrift<\/strong>\u00a0prosess till\u00e8t skapinga av intrikate interne kj\u00f8lekjertlar og tynne veggstrukturar som ofte er umogleg med standard maskinering eller verkt\u00f8y.<\/p>\n<ul>\n<li><strong>Turbinblad:<\/strong>\u00a0St\u00f8pt fr\u00e5 h\u00f8gtemperatur nikkel- og kobaltaluminium for \u00e5 t\u00e5le ekstrem termisk belastning.<\/li>\n<li><strong>Drivstoffdyser:<\/strong>\u00a0Konsoliderte design som betre motorens effektivitet og reduserer monteringssteg.<\/li>\n<li><strong>Strukturelle brakettar:<\/strong>\u00a0Optimalisert topologi for maksimal styrke-til-vekt-forhold ved bruk av titan og rustfritt st\u00e5l.<\/li>\n<\/ul>\n<h3>Medisinske implantat<\/h3>\n<p>Den medisinske sektoren er avhengig av v\u00e5r teknologi for pasientspecifikke l\u00f8ysingar og biokompatible materialar. Vi produserer ortopediske erstatningar med kobalt-krom-molybdenlegeringar kjent for sin eksepsjonelle slitestyrke og biologiske tryggleik. Til d\u00f8mes, v\u00e5re\u00a0<a href=\"https:\/\/haoyumaterial.com\/nn\/product\/tibial-plateau-co28cr6mo-implant-high-strength-orthopedic-component-tibial-plateau-co28cr6mo-implant-with-high-strength-wear-resistance-biocompatibility-for-knee-fracture-reconstruction-and-arthroplas\/\">Tibialplateau Co28Cr6Mo-implantat<\/a>\u00a0viser den h\u00f8ge styrken og presisjonen som krevst for kritisk knebruddrekonstruksjon og artroplastikk.<\/p>\n<h3>Bil- og industri-maskineri<\/h3>\n<p>Bilindustriingeni\u00f8rar brukar v\u00e5re raske investeringsst\u00f8ypetjenester for \u00e5 prototype transmissionar, turboladerhus og motorfester innan dagar, ikkje m\u00e5nader.\u00a0<a href=\"https:\/\/haoyumaterial.com\/nn\/large-steel-casting-solutions-for-heavy-duty-industrial-applications\/\">store st\u00e5lst\u00f8pe l\u00f8ysingar<\/a>\u00a0Bortsett fr\u00e5 bilindustrien st\u00f8ttar vi tungindustri ved \u00e5 levere slitesterke delar til olje-, gass- og gruveutstyr.<\/p>\n<h2>sikrar at sj\u00f8lv dei st\u00f8rste industrielle maskindelane m\u00f8ter strenge dimensjonale toleransar og slitestyrkestandardar utan h\u00f8g kostnad for permanent verkt\u00f8y.<\/h2>\n<p>3D-utskrive st\u00f8yping vs. tradisjonell voksst\u00f8yping\u00a0<strong>3D-utskrift investeringsst\u00f8ping<\/strong>\u00a0N\u00e5r du treng metalldelar raskt, \u00e5 vente veker p\u00e5 ein maskinert form er ikkje nok. Vi bruker.<\/p>\n<p>for \u00e5 byggje bro mellom digitalt design og fysisk metall utan den store forh\u00e5ndsinvesteringa i hardt verkt\u00f8y. Ved \u00e5 erstatte den tradisjonelle voksinjeksjonsforma med eit presisjonsutskrive resinm\u00f8nster, reduserer vi drastisk tida til f\u00f8rste artikkel.\u00a0<a href=\"https:\/\/haoyumaterial.com\/nn\/lost-wax-casting-foundry\/\">st\u00f8peverkstad for vattkasting<\/a>\u00a0Medan v\u00e5r standard,\u00a0<strong>rask investeringsst\u00f8ping<\/strong>\u00a0prosess er uovertruffen for h\u00f8gvolums masseproduksjon,\u00a0<strong>lavvolums metallproduksjon<\/strong>\u00a0det er b\u00e5de kostnadseffektivt og smidig.<\/p>\n<h3>Samanlikning: Utskrivne m\u00f8nster vs. Injisert voks<\/h3>\n<div class=\"table-responsive\">\n<table class=\"table\">\n<thead>\n<tr>\n<th>Eigenskap<\/th>\n<th>Tradisjonell voksst\u00f8ping<\/th>\n<th>3D-utskrift investeringsst\u00f8ping<\/th>\n<\/tr>\n<\/thead>\n<tbody>\n<tr>\n<td><strong>Verkt\u00f8ykostnad<\/strong><\/td>\n<td>\u00a0 \u00a0 \u00a0 \u00a0 \u00a0 \u00a0 \u00a0 H\u00f8g (krav om metallform)<\/td>\n<td>\u00a0 \u00a0 \u00a0 \u00a0 \u00a0 \u00a0 \u00a0 \u00a0 \u00a0 \u00a0 \u00a0 \u00a0 \u00a0 \u00a0 \u00a0 \u00a0 \u00a0 \u00a0Null (verkt\u00f8yfri metallproduksjon)<\/td>\n<\/tr>\n<tr>\n<td><strong>Levetid<\/strong><\/td>\n<td>\u00a0 \u00a0 \u00a0 \u00a0 \u00a0 \u00a0 \u00a04-8 veker<\/td>\n<td>\u00a0 \u00a0 \u00a0 \u00a0 \u00a0 \u00a0 \u00a0 \u00a0 \u00a0 \u00a0 \u00a0 \u00a0 \u00a0 \u00a0 \u00a0 \u00a0 \u00a0 \u00a0 \u00a0 3-7 dagar<\/td>\n<\/tr>\n<tr>\n<td><strong>Ideelt volum<\/strong><\/td>\n<td>\u00a0 \u00a0 \u00a0 \u00a0 \u00a0 \u00a0 \u00a0 \u00a01000+ einingar<\/td>\n<td>\u00a0 \u00a0 \u00a0 \u00a0 \u00a0 \u00a0 \u00a0 \u00a0 \u00a0 \u00a0 \u00a0 \u00a0 \u00a0 \u00a0 \u00a0 \u00a01-100 einingar (Prototypar\/Pr\u00f8ve)<\/td>\n<\/tr>\n<tr>\n<td><strong>Designkompleksitet<\/strong><\/td>\n<td>\u00a0 \u00a0 \u00a0 \u00a0 \u00a0 \u00a0Begrensa av formfrigjering<\/td>\n<td>\u00a0 \u00a0 \u00a0 \u00a0 \u00a0 \u00a0 \u00a0 \u00a0 \u00a0 \u00a0 \u00a0 \u00a0 \u00a0 \u00a0 \u00a0 \u00a0 Ubegrensa (undercuts tillatt)<\/td>\n<\/tr>\n<tr>\n<td><strong>M\u00f8nster Materiale<\/strong><\/td>\n<td>\u00a0 \u00a0 \u00a0 \u00a0 \u00a0 \u00a0 \u00a0 \u00a0 \u00a0 \u00a0Voks<\/td>\n<td>\u00a0 \u00a0 \u00a0 \u00a0 \u00a0 \u00a0 \u00a0 \u00a0 \u00a0 \u00a0 \u00a0 \u00a0 \u00a0 \u00a0 \u00a0 \u00a0Aske-fri Resin \/ PMMA<\/td>\n<\/tr>\n<\/tbody>\n<\/table>\n<\/div>\n<h3>Designfridom og smidighet<\/h3>\n<p>Den st\u00f8rste fordelen med\u00a0<strong>investering-slagging 3D-utskrift<\/strong>\u00a0er ikkje berre fart; det er geometri. Tradisjonell st\u00f8yping krevjer utkastvinklar og kan ikkje enkelt handtere komplekse indre kanalar eller underkutt fordi verkt\u00f8yet m\u00e5 trekkast fr\u00e5 kvarandre. Med 3D-utskrift, skriv vi ut m\u00f8nsteret n\u00f8yaktig som det er designa, uansett kor komplekst gitterstrukturar eller indre hulrom er. Dette gir ingeni\u00f8rar full friheit til \u00e5 optimalisere delar for vekt og ytelse utan \u00e5 bekymre seg for produksjonsrestriksjonar.<\/p>\n<h2>Kvalitetssikring, NDT, og Etterbehandling<\/h2>\n<p>N\u00f8yaktigheit er grunnlaget for v\u00e5r\u00a0<strong>3D-utskrift investeringsst\u00f8ping<\/strong>\u00a0arbeidsflyt. Vi verifiserer kvar komponent for \u00e5 sikre at hastigheita til rask prototyping aldri g\u00e5r p\u00e5 bekostning av industriell p\u00e5litelegheit. V\u00e5r kvalitetskontroll integrerer avansert metrologi for \u00e5 garantere at delar m\u00f8ter strenge standardar innan luftfart og bilindustri.<\/p>\n<p><strong>V\u00e5re validerings- og etterbehandlingskapabilitetar:<\/strong><\/p>\n<ul>\n<li><strong>Dimensjonskontroll:<\/strong>\u00a0Vi bruker CMM og\u00a0<strong>3D-skanning<\/strong>\u00a0for \u00e5 validere toleransar direkte mot den originale CAD-fila, og sikre h\u00f8g n\u00f8yaktigheit.<\/li>\n<li><strong>Ikke-destruktiv testing (NDT):<\/strong>\u00a0Vi utf\u00f8rer r\u00f8ntgen- og fargingspr\u00f8ving for \u00e5 oppdage underjordiske feil. V\u00e5r\u00a0<a href=\"https:\/\/haoyumaterial.com\/nn\/alloy-cast-steel-factory-capabilities-processes-and-quality\/\">legeringsst\u00f8pest\u00e5lfabrikkfasilitetar<\/a>\u00a0sikrar konsekvent indre struktur og tettheit.<\/li>\n<li><strong>Varmebehandling:<\/strong>\u00a0Vi optimaliserer mekaniske eigenskapar gjennom presise termiske syklusar, inkludert herding og spesifikke\u00a0<a href=\"https:\/\/haoyumaterial.com\/nn\/aluminium-heat-treating-processes-tempers-and-performance\/\">varmebehandlingsprosessar for aluminium<\/a>\u00a0for \u00e5 oppn\u00e5 overlegen styrke og holdbarheit.<\/li>\n<li><strong>Overflatebehandling:<\/strong>\u00a0Alternativa spenner fr\u00e5 sandbl\u00e5sing til elektropolering for ein produksjonsklar overflatefinish ($R_a$ &lt; 0,8).<\/li>\n<\/ul>\n<p>Ved \u00e5 kombinere\u00a0<strong>investering-slagging 3D-utskrift<\/strong>\u00a0fleksibilitet med robust etterbehandling, leverer vi delar som er strukturelt solide og kjemisk konsistente.<\/p>\n<h2>Ofte stilte sp\u00f8rsm\u00e5l<\/h2>\n<h3>Lettar den utskrivne resin noko aske under brenningsprosessen?<\/h3>\n<p>Nei, vi bruker spesialiserte\u00a0<strong>asjefrie brenningsharpikser<\/strong>\u00a0for alt v\u00e5rt.\u00a0<strong>SLA-st\u00f8pem\u00f8nster<\/strong>. Disse fotopolymerharpiksene er formulert spesielt for\u00a0<strong>investering-slagging 3D-utskrift<\/strong>, og s\u00f8rgjer for at dei fordampar fullstendig under autoklave- eller ovnsprogrammet. Dette etterlet eit rein keramikkhylsekammer, som resulterer i metalldeler utan innslag eller overflateskadar som ofte er knytt til standard prototyperharpiks.<\/p>\n<h3>Er dei ferdige delane like sterke som maskinert metall?<\/h3>\n<p>Ja. Sidan\u00a0<strong>3D-utskrift investeringsst\u00f8ping<\/strong>\u00a0er berre ein moderne metode for \u00e5 lage m\u00f8nsteret, er sluttproduktet solid, fullt tett metall. Uansett om du treng rustfritt st\u00e5l, kobaltlegeringar eller titan, oppfyller dei metallurgiske eigenskapane dei same strenge industrielle standardane som v\u00e5re tradisjonelle\u00a0<strong>presisjonsinvesteringst\u00f8ypetjenester<\/strong>. Delane gjennomg\u00e5r standard varmebehandling og\u00a0<strong>kvalitetssikring<\/strong>\u00a0testing for \u00e5 sikre at dei fungerer p\u00e5liteleg i krevjande romfarts- eller industriapplikasjonar.<\/p>\n<h3>Kva filformat godtek du for tilbud?<\/h3>\n<p>For \u00e5 kome i gang med\u00a0<strong>verkt\u00f8ylaus metallproduksjon<\/strong>, foretrekker vi standard 3D CAD-format. Dei mest brukte filtypane vi jobbar med inkluderer:<\/p>\n<ul>\n<li><strong>.STEP \/ .STP<\/strong>\u00a0(Foretrukket for n\u00f8yaktig geometri)<\/li>\n<li><strong>.IGES \/ .IGS<\/strong><\/li>\n<li><strong>.STL<\/strong>\u00a0(spesielt for\u00a0<strong>3D-utskrift<\/strong>\u00a0forberedelse)<\/li>\n<li><strong>.X_T<\/strong>\u00a0(Parasolid)<\/li>\n<\/ul>\n<h3>Er denne prosessen eigna for masseproduksjon?<\/h3>\n<p><strong>Rask investeringsst\u00f8ping<\/strong>\u00a0er ideell for prototyping og produksjonskj\u00f8yrer med l\u00e5g til middels volum der verkt\u00f8ykostnader ville vere prohibitive. For h\u00f8gvolumsordrar kan vi s\u00f8ml\u00f8st g\u00e5 fr\u00e5 utskrivne m\u00f8nster til tradisjonell voksinjeksjon i smia v\u00e5r, og tilby ein skalerbar\u00a0<strong>digital smieteneste<\/strong>\u00a0som veks med prosjektet ditt sine behov.<\/p>","protected":false},"excerpt":{"rendered":"<p>Product Overview: From CAD to Cast Metal Waiting weeks for metal tooling to be machined is no longer a bottleneck [&hellip;]<\/p>\n","protected":false},"featured_media":1441,"comment_status":"open","ping_status":"closed","template":"","meta":{"site-sidebar-layout":"default","site-content-layout":"","ast-site-content-layout":"default","site-content-style":"default","site-sidebar-style":"default","ast-global-header-display":"","ast-banner-title-visibility":"","ast-main-header-display":"","ast-hfb-above-header-display":"","ast-hfb-below-header-display":"","ast-hfb-mobile-header-display":"","site-post-title":"","ast-breadcrumbs-content":"","ast-featured-img":"","footer-sml-layout":"","ast-disable-related-posts":"","theme-transparent-header-meta":"default","adv-header-id-meta":"","stick-header-meta":"","header-above-stick-meta":"","header-main-stick-meta":"","header-below-stick-meta":"","astra-migrate-meta-layouts":"set","ast-page-background-enabled":"default","ast-page-background-meta":{"desktop":{"background-color":"var(--ast-global-color-5)","background-image":"","background-repeat":"repeat","background-position":"center center","background-size":"auto","background-attachment":"scroll","background-type":"","background-media":"","overlay-type":"","overlay-color":"","overlay-opacity":"","overlay-gradient":""},"tablet":{"background-color":"","background-image":"","background-repeat":"repeat","background-position":"center center","background-size":"auto","background-attachment":"scroll","background-type":"","background-media":"","overlay-type":"","overlay-color":"","overlay-opacity":"","overlay-gradient":""},"mobile":{"background-color":"","background-image":"","background-repeat":"repeat","background-position":"center center","background-size":"auto","background-attachment":"scroll","background-type":"","background-media":"","overlay-type":"","overlay-color":"","overlay-opacity":"","overlay-gradient":""}},"ast-content-background-meta":{"desktop":{"background-color":"var(--ast-global-color-4)","background-image":"","background-repeat":"repeat","background-position":"center center","background-size":"auto","background-attachment":"scroll","background-type":"","background-media":"","overlay-type":"","overlay-color":"","overlay-opacity":"","overlay-gradient":""},"tablet":{"background-color":"var(--ast-global-color-4)","background-image":"","background-repeat":"repeat","background-position":"center center","background-size":"auto","background-attachment":"scroll","background-type":"","background-media":"","overlay-type":"","overlay-color":"","overlay-opacity":"","overlay-gradient":""},"mobile":{"background-color":"var(--ast-global-color-4)","background-image":"","background-repeat":"repeat","background-position":"center center","background-size":"auto","background-attachment":"scroll","background-type":"","background-media":"","overlay-type":"","overlay-color":"","overlay-opacity":"","overlay-gradient":""}}},"product_brand":[],"product_cat":[17,18,19],"product_tag":[373],"class_list":{"0":"post-1440","1":"product","2":"type-product","3":"status-publish","4":"has-post-thumbnail","6":"product_cat-stainless-steel","7":"product_cat-alloy-steel","8":"product_cat-low-carbon-steel","9":"product_tag-3d-printing-investment-casting","10":"desktop-align-left","11":"tablet-align-left","12":"mobile-align-left","14":"first","15":"instock","16":"shipping-taxable","17":"product-type-simple"},"_links":{"self":[{"href":"https:\/\/haoyumaterial.com\/nn\/wp-json\/wp\/v2\/product\/1440","targetHints":{"allow":["GET"]}}],"collection":[{"href":"https:\/\/haoyumaterial.com\/nn\/wp-json\/wp\/v2\/product"}],"about":[{"href":"https:\/\/haoyumaterial.com\/nn\/wp-json\/wp\/v2\/types\/product"}],"replies":[{"embeddable":true,"href":"https:\/\/haoyumaterial.com\/nn\/wp-json\/wp\/v2\/comments?post=1440"}],"wp:featuredmedia":[{"embeddable":true,"href":"https:\/\/haoyumaterial.com\/nn\/wp-json\/wp\/v2\/media\/1441"}],"wp:attachment":[{"href":"https:\/\/haoyumaterial.com\/nn\/wp-json\/wp\/v2\/media?parent=1440"}],"wp:term":[{"taxonomy":"product_brand","embeddable":true,"href":"https:\/\/haoyumaterial.com\/nn\/wp-json\/wp\/v2\/product_brand?post=1440"},{"taxonomy":"product_cat","embeddable":true,"href":"https:\/\/haoyumaterial.com\/nn\/wp-json\/wp\/v2\/product_cat?post=1440"},{"taxonomy":"product_tag","embeddable":true,"href":"https:\/\/haoyumaterial.com\/nn\/wp-json\/wp\/v2\/product_tag?post=1440"}],"curies":[{"name":"wp","href":"https:\/\/api.w.org\/{rel}","templated":true}]}}