{"id":1450,"date":"2026-01-16T08:39:48","date_gmt":"2026-01-16T00:39:48","guid":{"rendered":"https:\/\/haoyumaterial.com\/?post_type=product&#038;p=1450"},"modified":"2026-01-16T08:39:49","modified_gmt":"2026-01-16T00:39:49","slug":"agricultural-casting-solutions-for-durable-precision-oem-parts","status":"publish","type":"product","link":"https:\/\/haoyumaterial.com\/nn\/product\/agricultural-casting-solutions-for-durable-precision-oem-parts\/","title":{"rendered":"Landbruksst\u00f8pe l\u00f8ysingar for holdbare presisjons OEM-deler"},"content":{"rendered":"<h2>Landbruksmessingsbruk av maskintype<\/h2>\n<p>Moderne landbruk krev utstyr som kan t\u00e5le brutale feltforhold, fr\u00e5 slitejord til korrosive gj\u00f8dselstoff. Hos\u00a0<strong>Dongying Vast<\/strong>, utnyttar vi over 20 \u00e5rs erfaring fr\u00e5 st\u00f8periet for \u00e5 levere\u00a0<strong>landbruksinvesteringar i st\u00f8ping<\/strong>\u00a0l\u00f8ysingar som held maskineriet i gang under kritiske driftsvindauge. V\u00e5r presise tapetst\u00f8ypingsprosess gjer oss i stand til \u00e5 produsere komplekse, h\u00f8gstyrke komponentar som sandst\u00f8yping enkelt ikkje kan matche.<\/p>\n<h3>Traktor- og transmisjonskapslingar<\/h3>\n<p>Traktorar er arbeidsdyra p\u00e5 garden, og krev delar som t\u00e5ler enorm dreiemoment og vibrasjon. Vi produserer tungt utstyr\u00a0<strong>OEM traktor delar<\/strong>\u00a0ved bruk av h\u00f8gkvalitets\u00a0<strong>karbonst\u00e5l<\/strong>\u00a0og\u00a0<strong>legeringsst\u00e5l<\/strong>\u00a0for \u00e5 sikre strukturell integritet.<\/p>\n<ul>\n<li><strong>Kraftoverf\u00f8ringshus:<\/strong>\u00a0St\u00f8pt med stramme toleranser for \u00e5 sikre perfekt girjustering og lekkasjesikring.<\/li>\n<li><strong>Koblingar og brakettar:<\/strong>\u00a0H\u00f8gstyrke monteringsbrakettar designa for \u00e5 st\u00f8tte tunge utstyr utan utmatingsfeil.<\/li>\n<li><strong>Motorfester:<\/strong>\u00a0Vibrasjonsdempande design som beskyttar kraftoverf\u00f8ringa i r\u00f8ft terreng.<\/li>\n<\/ul>\n<h3>H\u00f8starbeidsutstyrdeler og roterande skiver<\/h3>\n<p>Nedetid under innh\u00f8sting sesong er ikkje eit alternativ. V\u00e5re\u00a0<strong>landbruksmaskindeler<\/strong>\u00a0for harvarar er konstruerte for slitestyrke og dimensjonsn\u00f8yaktighet. Ved \u00e5 bruke v\u00e5re\u00a0<strong>CNC-maskinering<\/strong>\u00a0evner saman med st\u00f8ping, leverer vi delar klare for umiddelbar montering.<\/p>\n<ul>\n<li><strong>Roterande skiver:<\/strong>\u00a0Balanserte og n\u00f8yaktige st\u00f8pte delar som opprettholder stabilitet ved h\u00f8ge rotasjonshastigheiter.<\/li>\n<li><strong>Vaktar &amp; Fingrar:<\/strong>\u00a0Holdbare legeringsst\u00f8ypingar som motst\u00e5r b\u00f8ying og brot n\u00e5r dei m\u00f8ter stein eller rusk.<\/li>\n<li><strong>Gearkassekomponentar:<\/strong>\u00a0Presisjonsst\u00f8ypte tannhjul og kassettar som taklar dei h\u00f8ge belastningskrava til kombimaskiner.<\/li>\n<\/ul>\n<h3>Jordarbeidings- og plantingverkt\u00f8y<\/h3>\n<p>Jordn\u00e6ringsverkt\u00f8y m\u00f8ter den t\u00f8ffaste slitasjen. Vi produserer\u00a0<strong>jordarbeidingsverkt\u00f8yst\u00f8yping<\/strong>\u00a0l\u00f8ysingar som held kanten lenger, og reduserer hyppigheita av utskifting.<\/p>\n<ul>\n<li><strong>Plogpunkt og legg:<\/strong>\u00a0Produsert av slitesterke legeringar for \u00e5 kutte gjennom kompakt jord effektivt.<\/li>\n<li><strong>Fr\u00f8st\u00f8vlar og gr\u00f8ftopnarar:<\/strong>\u00a0Intrikate former designa for \u00e5 optimalisere fr\u00f8plassering, st\u00f8pt som einskilddelar for \u00e5 eliminere svake sveisepunkt.<\/li>\n<li><strong>H\u00f8velskiver:<\/strong>\u00a0T\u00f8ffe, slagbestandige st\u00f8ypningar som kan bryte opp tunge klumpar utan \u00e5 knekke.<\/li>\n<\/ul>\n<h3>Vanning systemkomponentar og pumpehus<\/h3>\n<p>Vannforvaltningssystem krev unntakande motstand mot rust og kjemisk korrosjon. Ved \u00e5 bruke v\u00e5r ekspertise i\u00a0<strong>rustfritt st\u00e5l<\/strong>\u00a0og\u00a0<strong>dupleks rustfritt st\u00e5l<\/strong>, vi produserer\u00a0<strong>korrosjonsbestandige g\u00e5rdsdeler<\/strong>\u00a0som overlever eksponering for vatn, gj\u00f8dsel og plantevernmiddel.<\/p>\n<ul>\n<li><strong>Pumpehus og l\u00f8pehjul:<\/strong>\u00a0Glatte indre overflater reduserer str\u00f8mningsmotstand og forbedrer pumpeeffektiviteten.<\/li>\n<li><strong>Ventilkomponentar:<\/strong>\u00a0Presisjonsst\u00f8ypte ventilkroppar som sikrar lekkasjefri kontroll av vatnstr\u00f8mmen.<\/li>\n<li><strong>Sprinklerutstyr:<\/strong>\u00a0Holdbare rustfrie st\u00e5lfittings som tolerer oksidasjon betre enn plast eller lavkvalitetsmetall.<\/li>\n<\/ul>\n<h2>Materialval for holdbare g\u00e5rdsmaskindeler<\/h2>\n<p><img loading=\"lazy\" decoding=\"async\" class=\"\" src=\"https:\/\/haoyumaterial.com\/wp-content\/uploads\/2026\/01\/Durable_Agricultural_Casting_Materials_9LbsPdnYT.webp\" alt=\"Holdbare landbruksst\u00f8pevarer\" width=\"891\" height=\"668\" \/><\/p>\n<p>Landbruksomgivelsar er n\u00e5delaus. Utstyret ditt m\u00f8ter konstant slitasje, h\u00f8g p\u00e5verknad og etsande kjemikaliar dag ut og dag inn. Hos Dongying Vast, heller vi ikkje berre metall; vi vel ut spesifikke st\u00f8pematerial for \u00e5 sikre at kvar komponent overlever sesongen og fungerer p\u00e5liteleg i feltet.<\/p>\n<h3>Karbonst\u00e5l for strukturell styrke<\/h3>\n<p>For ryggrada til maskineriet ditt, er karbonst\u00e5l industristandarden. Det tilbyr h\u00f8g strekkstyrke og ductilitet, noko som gjer det ideelt for brakettar, koblingar og transmisjonskapslingar som vert utsett for slag. Som ein dedikert\u00a0<strong>karbonst\u00e5lst\u00f8peverkstad<\/strong>, produserer vi delar som t\u00e5ler tunge belastningar utan \u00e5 svikte. For tunge strukturelle komponentar, tilbyr v\u00e5re\u00a0<a href=\"https:\/\/haoyumaterial.com\/nn\/product-category\/stainless-steel\/low-carbon-steel\/\">lavkarbonst\u00e5lalternativ<\/a>\u00a0den n\u00f8dvendige seighet og slagmotstand som krevjast for traktorfestar og rammedelar.<\/p>\n<h3>Legert st\u00e5l for slitestyrke<\/h3>\n<p>N\u00e5r delar engasjerer seg direkte med jorda, slites standard st\u00e5l for raskt. Vi bruker robuste legeringsst\u00e5l for\u00a0<strong>holdbare plogspisser<\/strong>, harvskiver, og\u00a0<strong>jordarbeidingsverkt\u00f8yst\u00f8yping<\/strong>. Ved \u00e5 legge til spesifikke legeringselement, aukar vi hardheit og slitestyrke drastisk. Dette sikrar at jordber\u00f8ringsverkt\u00f8y held kanten og forma lenger, og reduserer nedetid for utskiftingar under kritiske plantings- eller innh\u00f8stingvindauge.<\/p>\n<h3>Rustfritt st\u00e5l for korrosjonsmotstand<\/h3>\n<p>Irrigasjonsanlegg, spr\u00f8yter og gj\u00f8dselspreddarar er stadig utsette for fukt og harde kjemikaliar. Vi bruker\u00a0<strong>rustfrie landbruksdeler<\/strong>\u00a0for \u00e5 forhindre rust og l\u00e5sing. Enten det er ein ventilkropp, pumpehjul eller kobling, sikrar desse\u00a0<strong>korrosjonsbestandige g\u00e5rdsdeler<\/strong>\u00a0langvarigheit i v\u00e5te og sure milj\u00f8 der mindre metaller ville forringast raskt.<\/p>\n<h3>Aluminiumlegeringar for lett vekt-effektivitet<\/h3>\n<p>Moderne landbruk krev effektivitet. Vi bruker aluminiumsst\u00f8ping for\u00a0<strong>jordbruksutstyrproduksjon<\/strong>\u00a0der vektreduksjon er kritisk, som b\u00e6rbare h\u00e5ndverkt\u00f8y eller spesifikke motor komponentar. Aluminium gir h\u00f8g styrke-til-vekt-forhold, og hjelper med \u00e5 redusere total maskinvekt, noko som kan redusere drivstofforbruk og minimere jordpakking i marka.<\/p>\n<h2>Fordelar med investeringsst\u00f8ping i landbruket<\/h2>\n<p><img loading=\"lazy\" decoding=\"async\" class=\"alignnone  wp-image-1452\" src=\"https:\/\/haoyumaterial.com\/wp-content\/uploads\/2026\/01\/agricultural-casting-1-300x221.png\" alt=\"\" width=\"705\" height=\"519\" srcset=\"https:\/\/haoyumaterial.com\/wp-content\/uploads\/2026\/01\/agricultural-casting-1-300x221.png 300w, https:\/\/haoyumaterial.com\/wp-content\/uploads\/2026\/01\/agricultural-casting-1-768x567.png 768w, https:\/\/haoyumaterial.com\/wp-content\/uploads\/2026\/01\/agricultural-casting-1-16x12.png 16w, https:\/\/haoyumaterial.com\/wp-content\/uploads\/2026\/01\/agricultural-casting-1-600x443.png 600w, https:\/\/haoyumaterial.com\/wp-content\/uploads\/2026\/01\/agricultural-casting-1.png 1014w\" sizes=\"auto, (max-width: 705px) 100vw, 705px\" \/><\/p>\n<p>I over 20 \u00e5r har vi brukt\u00a0<strong>presisjonsst\u00f8yping med tapt voks<\/strong>\u00a0for \u00e5 l\u00f8yse dei unike utfordringane landbruksn\u00e6ringa st\u00e5r overfor. I motsetning til sandst\u00f8ping eller enkel fabrikasjon, tilbyr investeringsst\u00f8ping overlegen dimensjonsn\u00f8yaktighet og overflatefinish, og sikrar at landbruksmaskindeler fungerer p\u00e5liteleg i t\u00f8ffe feltforhold. Ved \u00e5 velje denne metoden, tilbyr vi ei \u201cein-stopp\u201d-l\u00f8ysing som balanserer h\u00f8g ytelse med kostnadseffektivitet.<\/p>\n<h3>Oppn\u00e5 komplekse geometrar utan sveising<\/h3>\n<p>Moderne landbruksutstyr krev ofte intrikate design for \u00e5 fungere riktig. V\u00e5r prosess tillater skapelsen av komplekse geometrier som ville vere umogleg eller ekstremt kostbart \u00e5 oppn\u00e5 gjennom maskinering eller sveising alene.<\/p>\n<ul>\n<li><strong>Designfridom:<\/strong>\u00a0Vi kan st\u00f8pe underkutt, tynne vegger og interne passasjar direkte inn i delen.<\/li>\n<li><strong>Eliminere svake punkt:<\/strong>\u00a0Ved \u00e5 st\u00f8pe ein komponent som ein enkelt eining, fjerner vi behovet for \u00e5 sveise saman fleire delar. Dette eliminerer varmep\u00e5verka soner og sveisekantar, som ofte er dei f\u00f8rste punkta for svikt under tung belastning.<\/li>\n<\/ul>\n<h3>Redusere materialavfall og maskineringskostnader<\/h3>\n<p>Ein av dei st\u00f8rste fordelane med\u00a0<strong>landbruksinvesteringar i st\u00f8ping<\/strong>\u00a0er evna til \u00e5 produsere \u201cn\u00e6r-nett form\u201d-deler. Vi heller metall i former som n\u00e6rt samsvarer med dei endelige dimensjonane av komponenten. Dette reduserer betydelig mengda r\u00e5materiale som trengs, noko som er ein stor kostnadsbesparingar n\u00e5r ein jobbar med h\u00f8gkvalitets legeringar eller v\u00e5rt f\u00f8rsteklasses\u00a0<a href=\"https:\/\/haoyumaterial.com\/nn\/product-category\/stainless-steel\/\">rustfrie st\u00e5lar<\/a>.<\/p>\n<ul>\n<li><strong>Mindre maskinering:<\/strong>\u00a0Fordi st\u00f8pe-delane er n\u00f8yaktige, vert behovet for sekund\u00e6r maskinering kraftig redusert.<\/li>\n<li><strong>Lavare svinnratar:<\/strong>\u00a0Vi minimerer materialavfall, og sender desse besparingane direkte til kundane v\u00e5re.<\/li>\n<\/ul>\n<h3>Einskilt st\u00f8ping vs. fabrikkerte delar<\/h3>\n<p>P\u00e5 feltet er vibrasjon og belastning konstant. Fabrikerte samansetjingar av boltede eller sveisede st\u00e5l vert ofte lausare eller sprekk over tid. V\u00e5r\u00a0<strong>skreddarsydde metallst\u00f8ypetenester<\/strong>\u00a0erstattar desse fleirdelssamansetjingane med robuste, einskilde st\u00f8pevarer.<\/p>\n<ul>\n<li><strong>Overlegen styrke:<\/strong>\u00a0Eit solid st\u00f8peprodukt tilbyr betre strukturell integritet og trettheitsmotstand enn ein tilsvarande fabrikert del.<\/li>\n<li><strong>Konsekvens:<\/strong>\u00a0Hver del produsert fr\u00e5 v\u00e5re former er identisk, og sikrar perfekt passform for OEM-traktor- og harvester-utskiftingar kvar gong.<\/li>\n<\/ul>\n<h2>V\u00e5re tilpassa OEM landbruksst\u00f8ypetjenester<\/h2>\n<p>Hos Dongying Vast tilbyr vi ei komplett produksjonsl\u00f8ysing for\u00a0<strong>landbruksinvesteringar i st\u00f8ping<\/strong>, som styrer kvart steg fr\u00e5 initialt konsept til det ferdige feltklare komponentet. V\u00e5r erfaring p\u00e5 over 20 \u00e5r sikrar at\u00a0<strong>OEM traktor delar<\/strong>\u00a0og maskindeler oppfyller strenge industrielle standardar for ytelse og p\u00e5litelegheit.<\/p>\n<h3>Designsimulering og DFM-analyse<\/h3>\n<p>F\u00f8r vi heller ein dr\u00e5pe metall, bruker vi avansert CAE-st\u00f8ypesimuleringsprogramvare for \u00e5 analysere flyt og herding. V\u00e5rt ingeni\u00f8rteam gjennomf\u00f8rer Design for Produksjonsvennlegheit (DFM) vurderingar for \u00e5 optimalisere din\u00a0<strong>landbruksmaskindeler<\/strong>, og redusere produksjonskostnader og eliminere potensielle feil som por\u00f8sitet eller krymping. Denne proaktive tiln\u00e6rminga sikrar strukturell integritet for tungt bruk.<\/p>\n<h3>Rask prototyping &amp; 3D-utskrift<\/h3>\n<p>Hast er kritisk n\u00e5r ein utviklar nytt utstyr eller erstattar utdaterte komponentar. Vi integrerer SLA (stereolitografi) 3D-utskriftsteknologi for \u00e5 lage presise voksmodellar utan behov for dyr initial verkt\u00f8yproduksjon. Dette gjer det mogleg \u00e5\u00a0<strong>rask prototyping for landbruk<\/strong>, slik at du kan teste passform og funksjon p\u00e5\u00a0<strong>harvester-erstattingsdeler<\/strong>\u00a0raskt f\u00f8r du forplikter deg til fullskala volumproduksjon.<\/p>\n<h3>Presis CNC-maskinering og -etterbehandling<\/h3>\n<p>Med investering av st\u00f8peformer tilbyr vi utmerka detaljrikdom, men nokre monteringsflater krev meir n\u00f8yaktige toleransar for riktig montering. Vi har eit fullt tenesteytande maskinverkstad som kan slipe, frese og dreie. V\u00e5r\u00a0<a href=\"https:\/\/haoyumaterial.com\/nn\/machining-casting-guide-precision-cnc-tight-tolerances\/\">presisjons CNC-maskineringsevner<\/a>\u00a0sikrar at kvar brakett, ventilkropp og hus passar perfekt inn i produksjonslinja di, og leverer\u00a0<strong>CNC-maskinering for st\u00f8ypningar<\/strong>\u00a0som m\u00f8ter n\u00f8yaktige spesifikasjonar.<\/p>\n<h3>Varmebehandling og overflatepolering<\/h3>\n<p>Landbruksomgivnader er harde, og krev delar som motst\u00e5r ekstrem slitasje og korrosjon. Vi tilbyr omfattande etterbehandling, inkludert varmebehandling for \u00e5 auke hardheit og holdbarheit for jordbruksverkt\u00f8y. I tillegg tilbyr vi\u00a0<a href=\"https:\/\/haoyumaterial.com\/nn\/services\/surface-treatment\/\">spesialiserte overflatebehandlingar<\/a>\u00a0som syrebehandling, polering og plating for \u00e5 beskytte\u00a0<strong>korrosjonsbestandige g\u00e5rdsdeler<\/strong>\u00a0mot fukt, gj\u00f8dsel og jordslitasje.<\/p>\n<h2>Tekniske spesifikasjonar og kvalitetsstandardar<\/h2>\n<p><img loading=\"lazy\" decoding=\"async\" class=\"wp-image-1453\" src=\"https:\/\/haoyumaterial.com\/wp-content\/uploads\/2026\/01\/agricultural-casting-300x225.jpg\" alt=\"\" width=\"521\" height=\"391\" srcset=\"https:\/\/haoyumaterial.com\/wp-content\/uploads\/2026\/01\/agricultural-casting-300x225.jpg 300w, https:\/\/haoyumaterial.com\/wp-content\/uploads\/2026\/01\/agricultural-casting-1024x768.jpg 1024w, https:\/\/haoyumaterial.com\/wp-content\/uploads\/2026\/01\/agricultural-casting-768x576.jpg 768w, https:\/\/haoyumaterial.com\/wp-content\/uploads\/2026\/01\/agricultural-casting-1536x1152.jpg 1536w, https:\/\/haoyumaterial.com\/wp-content\/uploads\/2026\/01\/agricultural-casting-2048x1536.jpg 2048w, https:\/\/haoyumaterial.com\/wp-content\/uploads\/2026\/01\/agricultural-casting-16x12.jpg 16w, https:\/\/haoyumaterial.com\/wp-content\/uploads\/2026\/01\/agricultural-casting-600x450.jpg 600w\" sizes=\"auto, (max-width: 521px) 100vw, 521px\" \/><\/p>\n<p>Ved Dongying Vast veit vi at\u00a0<strong>Landbruksst\u00f8ping<\/strong>\u00a0krever meir enn berre \u00e5 helle metall i ein form. Gardsutstyr fungerer i nokre av dei t\u00f8ffaste milj\u00f8a ein kan tenkje seg, fr\u00e5 slitt jord til korrosive gj\u00f8dselstoff. For \u00e5 sikre at delane v\u00e5re varer i felt, f\u00f8lgjer vi strenge kvalitetskontrollar st\u00f8tta av over 20 \u00e5rs produksjonserfaring.<\/p>\n<h3>ISO 9001:2015 Sertifisert Produksjon<\/h3>\n<p>Konsistens er n\u00f8kkelen n\u00e5r ein produserer\u00a0<strong>landbruksmaskindeler<\/strong>\u00a0i stor skala. V\u00e5r 4000+ kvadratmeter store fasilitet opererer under eit strengt\u00a0<strong>ISO 9001 kvalitetsstyringssystem.<\/strong>. Denne sertifiseringa garanterer at kvart steg i v\u00e5r 14-stegs produksjonsprosess\u2014fr\u00e5 voksinjeksjon til sluttfrakt\u2014er dokumentert, overvaka og optimalisert. Enten vi kj\u00f8rer ein liten batch av prototyper eller ein stor ordre av\u00a0<strong>OEM traktor delar<\/strong>, v\u00e5r prosess sikrar jamn kvalitet over heile linja.<\/p>\n<h3>Ikkje-Destruktiv Testing (NDT) Protokollar<\/h3>\n<p>Vi overl\u00e8t ikkje strukturell integritet til tilfeldigheter. Skjulte feil i ein st\u00f8yp kan f\u00f8re til katastrofale utstyrsfeil under innh\u00f8sting. Vi brukar omfattande ikkje-\u00f8ydelagt testing (NDT) for \u00e5 verifisere den indre strukturen til st\u00f8ypene v\u00e5re utan \u00e5 skade delen.<\/p>\n<p>V\u00e5re testingskapabilitetar inkluderer:<\/p>\n<ul>\n<li><strong>R\u00f8ntgen Testing:<\/strong>\u00a0For \u00e5 oppdage indre por\u00f8sitet eller sprekkar.<\/li>\n<li><strong>Magnetisk partikkelinspeksjon (MPI):<\/strong>\u00a0For \u00e5 identifisere overflate- og n\u00e6r-overflatetilstandar.<\/li>\n<li><strong>Hardleikstesting:<\/strong>\u00a0Sikre at metallet oppfyller spesifikke krav til slitestyrke.<\/li>\n<li><strong>Materialanalyse:<\/strong>\u00a0Spektrometertesting for \u00e5 verifisere kjemisk samansetjing.<\/li>\n<\/ul>\n<p>For ei grundig vurdering av korleis vi validerer materialintegritet, kan du gjennomg\u00e5 v\u00e5r\u00a0<a href=\"https:\/\/haoyumaterial.com\/nn\/technology\/testing-and-quality\/\">testing- og kvalitetskontrollprotokollar<\/a>.<\/p>\n<h3>Dimensjonsn\u00f8yaktigheit &amp; CMM-inspeksjon<\/h3>\n<p>Moderne landbruksmaskineri er avhengig av stramme toleransar for effektiv drift. Vi bruker\u00a0<strong>Koordinatm\u00e5lemaskiner (CMM)<\/strong>\u00a0for \u00e5 verifisere at kvar dimensjon stemmer n\u00f8yaktig med CAD-filene dine. Dette er kritisk for komplekse samansetjingar der\u00a0<strong>landbruksinvesteringar i st\u00f8ping<\/strong>\u00a0deler m\u00e5 passe perfekt med maskinerte komponentar eller hydrauliske system. V\u00e5r presise inspeksjon eliminerer behovet for overdreven manuell justering under montering.<\/p>\n<h3>Toleranse- og overflatestandardar<\/h3>\n<p>V\u00e5r\u00a0<strong>presisjonsst\u00f8yping med tapt voks<\/strong>\u00a0prosessen oppn\u00e5r strammare toleransar og jamnare overflater enn tradisjonell sandst\u00f8yping. Dette resulterer i delar som krev mindre maskinering og har betre korrosjonsmotstand.<\/p>\n<p><strong>Generell spesifikasjonsoversikt:<\/strong><\/p>\n<div class=\"table-responsive\">\n<table class=\"table\">\n<thead>\n<tr>\n<th>Eigenskap<\/th>\n<th>Standard \/ Metode<\/th>\n<th>Fordel<\/th>\n<\/tr>\n<\/thead>\n<tbody>\n<tr>\n<td><strong>St\u00f8petoleranse<\/strong><\/td>\n<td>\u00a0 \u00a0 \u00a0 \u00a0 \u00a0 \u00a0 \u00a0ISO 8062 \/ VDG P690<\/td>\n<td>\u00a0 \u00a0 \u00a0 \u00a0 \u00a0 \u00a0 \u00a0 \u00a0H\u00f8g dimensjonsn\u00f8yaktighet for \u201cproblemdelar\u201d.\u201d<\/td>\n<\/tr>\n<tr>\n<td><strong>Overflatefinish<\/strong><\/td>\n<td>\u00a0 \u00a0 \u00a0 \u00a0 \u00a0 \u00a0 \u00a0Ra 1,6 \u2013 6,3 \u03bcm<\/td>\n<td>\u00a0 \u00a0 \u00a0 \u00a0 \u00a0 \u00a0 \u00a0Glatte overflater reduserer friksjon og slitasje.<\/td>\n<\/tr>\n<tr>\n<td><strong>Materialstandardar<\/strong><\/td>\n<td>\u00a0 \u00a0 \u00a0 \u00a0 \u00a0 \u00a0ASTM, AISI, DIN, JIS<\/td>\n<td>\u00a0 \u00a0 \u00a0 \u00a0 \u00a0 \u00a0sertifiserte legeringar (Karbon, Legering, Rustfritt st\u00e5l).<\/td>\n<\/tr>\n<tr>\n<td><strong>Inspeksjon<\/strong><\/td>\n<td>\u00a0 \u00a0 \u00a0 \u00a0 \u00a0 \u00a0 \u00a0100% Visuell + CMM<\/td>\n<td>\u00a0 \u00a0 \u00a0 \u00a0 \u00a0 \u00a0 Sikrar null feil f\u00f8r sending.<\/td>\n<\/tr>\n<\/tbody>\n<\/table>\n<\/div>\n<p>Ved \u00e5 kombinere avansert\u00a0<strong>CAE-kasting simulering<\/strong>\u00a0med grundig fysisk inspeksjon, leverer vi\u00a0<strong>jordbruksutstyrproduksjon<\/strong>\u00a0l\u00f8ysingar som oppfyller globale standardar.<\/p>\n<h2>Vanlege sp\u00f8rsm\u00e5l om landbruksst\u00f8ping<\/h2>\n<h3>Kan du reprodusere delar fr\u00e5 brukne pr\u00f8ver?<\/h3>\n<p>Ja, dette er ein vanleg f\u00f8respurnad for eldre g\u00e5rdsutstyr der reservedeler er avvikla. Vi er spesialiserte p\u00e5 reversering av slitte komponentar. Ved \u00e5 bruke avansert CMM (Coordinate Measuring Machine) inspeksjon, fanger vi dei n\u00f8yaktige m\u00e5la av ditt eksisterande pr\u00f8vemateriale for \u00e5 lage ein presis 3D-modell.<\/p>\n<p>Vi brukar ofte\u00a0<strong>rask prototyping for landbruk<\/strong>\u00a0for \u00e5 validere designet f\u00f8r fullskala produksjon. V\u00e5rt team kan skrive ut ein prototype ved hjelp av SLA-teknologi for \u00e5 sikre at passformen er perfekt, og spare deg for kostbar nedetid under innh\u00f8sting.<\/p>\n<h3>Kva er leveringstida for tilpassa verkt\u00f8y?<\/h3>\n<p>Hastigheit er kritisk n\u00e5r maskineriet er nede. Mens leveringstidene varierer basert p\u00e5 kompleksiteten av forma, str\u00f8mlinjeformer v\u00e5r integrerte prosess \u2013 fr\u00e5 design til st\u00f8ping \u2013 produksjonen. Vi gir detaljerte tilbod innan 8 timar for \u00e5 sette i gang prosjektet med ein gong. For hastige prosjekt,\u00a0<a href=\"https:\/\/haoyumaterial.com\/nn\/precision-investment-casting-services-for-complex-metal-parts\/\">presisjonsinvestering for gjenstandar av komplekse metallmaterialar<\/a>\u00a0till\u00e8t oss \u00e5 fremskynde utviklingssyklusen, og g\u00e5 fr\u00e5 design til ferdig pr\u00f8ve raskare enn tradisjonelle st\u00f8perier.<\/p>\n<h3>Har de tilbydd anti-rust overflatebehandlingar?<\/h3>\n<p>Sj\u00f8lvsagt. Landbruksmaskineri opererer i t\u00f8ffe, v\u00e5te og gj\u00f8rmete milj\u00f8, noko som gjer korrosjonsmotstand uunnv\u00e6eleg. Vi tilbyr eit fullt spekter av etterbehandlingsmetodar for \u00e5 forlenga levetida til\u00a0<strong>landbruksmaskindeler<\/strong>.<\/p>\n<p><strong>Vanlege overflatebehandlingar inkluderer:<\/strong><\/p>\n<ul>\n<li><strong>Beising og passivering:<\/strong>\u00a0N\u00f8dvendig for rustfrie st\u00e5ldeler for \u00e5 maksimere korrosjonsmotstand.<\/li>\n<li><strong>Skotbl\u00e5sing:<\/strong>\u00a0Rengjer overflata og betre trettheitsstyrken.<\/li>\n<li><strong>Polering:<\/strong>\u00a0Reduserer overflateryggje for \u00e5 forhindre oppsamling av rusk.<\/li>\n<li><strong>Galvanisering og maling:<\/strong>\u00a0Tilgjengeleg for st\u00f8pejernbestillingar i karbonst\u00e5l som krev ekstra beskyttelse.<\/li>\n<\/ul>\n<h3>Kva er produksjonskapasiteten din for OEM-bestillingar?<\/h3>\n<p>Vi er utstyrte for \u00e5 handtere h\u00f8gvolum\u00a0<strong>OEM traktor delar<\/strong>\u00a0og stor-skala landbruksutstyrproduksjon. V\u00e5r fasilitet dekker over 4 000 kvadratmeter med en \u00e5rlig produksjonskapasitet p\u00e5 over 700 tonn. Enten du trenger en liten batch med spesialiserte braketter eller en bulkproduksjon av slitesterke plogspisser, sikrer v\u00e5r ISO 9001-sertifiserte arbeidsflyt jevn kvalitet p\u00e5 hver enhet. Vi st\u00f8tter globale kunder p\u00e5 tvers av 50 bransjer, og s\u00f8rger for at forsyningskjeden din forblir p\u00e5litelig hele \u00e5ret.<\/p>","protected":false},"excerpt":{"rendered":"<p>Agricultural Casting Applications by Machinery Type Modern farming demands equipment that can withstand brutal field conditions, from abrasive soil to [&hellip;]<\/p>\n","protected":false},"featured_media":1451,"comment_status":"open","ping_status":"closed","template":"","meta":{"site-sidebar-layout":"default","site-content-layout":"","ast-site-content-layout":"default","site-content-style":"default","site-sidebar-style":"default","ast-global-header-display":"","ast-banner-title-visibility":"","ast-main-header-display":"","ast-hfb-above-header-display":"","ast-hfb-below-header-display":"","ast-hfb-mobile-header-display":"","site-post-title":"","ast-breadcrumbs-content":"","ast-featured-img":"","footer-sml-layout":"","ast-disable-related-posts":"","theme-transparent-header-meta":"default","adv-header-id-meta":"","stick-header-meta":"","header-above-stick-meta":"","header-main-stick-meta":"","header-below-stick-meta":"","astra-migrate-meta-layouts":"set","ast-page-background-enabled":"default","ast-page-background-meta":{"desktop":{"background-color":"var(--ast-global-color-5)","background-image":"","background-repeat":"repeat","background-position":"center center","background-size":"auto","background-attachment":"scroll","background-type":"","background-media":"","overlay-type":"","overlay-color":"","overlay-opacity":"","overlay-gradient":""},"tablet":{"background-color":"","background-image":"","background-repeat":"repeat","background-position":"center center","background-size":"auto","background-attachment":"scroll","background-type":"","background-media":"","overlay-type":"","overlay-color":"","overlay-opacity":"","overlay-gradient":""},"mobile":{"background-color":"","background-image":"","background-repeat":"repeat","background-position":"center center","background-size":"auto","background-attachment":"scroll","background-type":"","background-media":"","overlay-type":"","overlay-color":"","overlay-opacity":"","overlay-gradient":""}},"ast-content-background-meta":{"desktop":{"background-color":"var(--ast-global-color-4)","background-image":"","background-repeat":"repeat","background-position":"center center","background-size":"auto","background-attachment":"scroll","background-type":"","background-media":"","overlay-type":"","overlay-color":"","overlay-opacity":"","overlay-gradient":""},"tablet":{"background-color":"var(--ast-global-color-4)","background-image":"","background-repeat":"repeat","background-position":"center center","background-size":"auto","background-attachment":"scroll","background-type":"","background-media":"","overlay-type":"","overlay-color":"","overlay-opacity":"","overlay-gradient":""},"mobile":{"background-color":"var(--ast-global-color-4)","background-image":"","background-repeat":"repeat","background-position":"center center","background-size":"auto","background-attachment":"scroll","background-type":"","background-media":"","overlay-type":"","overlay-color":"","overlay-opacity":"","overlay-gradient":""}}},"product_brand":[],"product_cat":[17,18,21,20,19],"product_tag":[],"class_list":{"0":"post-1450","1":"product","2":"type-product","3":"status-publish","4":"has-post-thumbnail","6":"product_cat-stainless-steel","7":"product_cat-alloy-steel","8":"product_cat-aluminum-alloy","9":"product_cat-duplex-stainless-steel","10":"product_cat-low-carbon-steel","11":"desktop-align-left","12":"tablet-align-left","13":"mobile-align-left","15":"first","16":"instock","17":"shipping-taxable","18":"product-type-simple"},"_links":{"self":[{"href":"https:\/\/haoyumaterial.com\/nn\/wp-json\/wp\/v2\/product\/1450","targetHints":{"allow":["GET"]}}],"collection":[{"href":"https:\/\/haoyumaterial.com\/nn\/wp-json\/wp\/v2\/product"}],"about":[{"href":"https:\/\/haoyumaterial.com\/nn\/wp-json\/wp\/v2\/types\/product"}],"replies":[{"embeddable":true,"href":"https:\/\/haoyumaterial.com\/nn\/wp-json\/wp\/v2\/comments?post=1450"}],"wp:featuredmedia":[{"embeddable":true,"href":"https:\/\/haoyumaterial.com\/nn\/wp-json\/wp\/v2\/media\/1451"}],"wp:attachment":[{"href":"https:\/\/haoyumaterial.com\/nn\/wp-json\/wp\/v2\/media?parent=1450"}],"wp:term":[{"taxonomy":"product_brand","embeddable":true,"href":"https:\/\/haoyumaterial.com\/nn\/wp-json\/wp\/v2\/product_brand?post=1450"},{"taxonomy":"product_cat","embeddable":true,"href":"https:\/\/haoyumaterial.com\/nn\/wp-json\/wp\/v2\/product_cat?post=1450"},{"taxonomy":"product_tag","embeddable":true,"href":"https:\/\/haoyumaterial.com\/nn\/wp-json\/wp\/v2\/product_tag?post=1450"}],"curies":[{"name":"wp","href":"https:\/\/api.w.org\/{rel}","templated":true}]}}