{"id":1516,"date":"2026-01-24T12:01:38","date_gmt":"2026-01-24T04:01:38","guid":{"rendered":"https:\/\/haoyumaterial.com\/?post_type=product&#038;p=1516"},"modified":"2026-01-24T12:04:53","modified_gmt":"2026-01-24T04:04:53","slug":"custom-casting-services-precision-metal-parts-manufacturing","status":"publish","type":"product","link":"https:\/\/haoyumaterial.com\/nn\/product\/custom-casting-services-precision-metal-parts-manufacturing\/","title":{"rendered":"Skreddarsydde st\u00f8ypetenester Presisjonsmetallproduksjon"},"content":{"rendered":"<h2>Omfattande skreddarsydde st\u00f8ypeevner<\/h2>\n<p>Vi spesialiserer oss p\u00e5 \u00e5 levere h\u00f8gpresisjon\u00a0<strong>Skreddarsydd st\u00f8yping<\/strong>\u00a0l\u00f8ysingar, og fungerer som ein leiande OEM\/ODM-partnar for globale industriar. V\u00e5r produksjonsfilosofi er sentrert rundt\u00a0<strong>Silika Sol Investeringsst\u00f8yping<\/strong>\u00a0prosessen (Tapt Voks), som gjer oss i stand til \u00e5 produsere komponentar med eksepsjonell dimensjonsn\u00f8yaktigheit og overlegne overflatefinisher samanlikna med tradisjonelle metodar. Ved \u00e5 integrere formdesign, st\u00f8yping, maskinering og overflatebehandling i ei komplett l\u00f8ysing, sikrar vi at kvar del oppfyller strenge ingeni\u00f8rstandardar.<\/p>\n<h3>Presisjonsst\u00f8yperi (Tapt voks)<\/h3>\n<p>V\u00e5rt anlegg nyttar den avanserte\u00a0<strong>Silika Sol<\/strong>\u00a0prosessen for \u00e5 handtere\u00a0<strong>av komplekse geometriar<\/strong>\u00a0som er vanskelege eller umoglege \u00e5 oppn\u00e5 med standard smiing eller sandst\u00f8yping. Denne metoden er ideell for \u00e5 produsere intrikate delar med strenge toleransar (ISO 8062, CT4-CT6) og framifr\u00e5 overflateruheit (Ra 3.2 \u2013 6.3).<\/p>\n<ul>\n<li><strong>Komplekse design:<\/strong>\u00a0I stand til \u00e5 st\u00f8ype intrikate interne strukturar og tynnvegga komponentar.<\/li>\n<li><strong>Redusert maskinering:<\/strong>\u00a0Nett-form produksjon minimerer materialavfall og sekund\u00e6re prosesseringskostnadar.<\/li>\n<li><strong>Avansert utstyr:<\/strong>\u00a0Vi nyttar automatiske voksinjeksjonsmaskinar og mellomfrekvente induksjonsovner for \u00e5 sikre prosessstabilitet.<\/li>\n<\/ul>\n<h3>Allsidig produksjonsskala<\/h3>\n<p>Vi utviklar l\u00f8ysingar for eit breitt spekter av bruksomr\u00e5de, fr\u00e5\u00a0<strong>produksjon av industrielle komponentar<\/strong>\u00a0til marine- og bilrelatert maskinvare. Produksjonskapasiteten v\u00e5r er utforma for \u00e5 vere fleksibel, og kan tilpassast ulike prosjektstorleikar og spesifikasjonar.<\/p>\n<ul>\n<li><strong>Vektomr\u00e5de:<\/strong>\u00a0Vi st\u00f8yper komponentar med ekspertise fr\u00e5 nokre f\u00e5 gram opp til\u00a0<strong>50 kg<\/strong>.<\/li>\n<li><strong>Skalerbarheit:<\/strong>\u00a0Arbeidsflyten v\u00e5r st\u00f8ttar alt fr\u00e5 utvikling av f\u00f8rste pr\u00f8ve til store produksjonsseriar.<\/li>\n<li><strong>Materialmangfald:<\/strong>\u00a0Vi st\u00f8yper eit breitt spekter av jernhaldige legeringar, inkludert\u00a0<strong>Rustfritt st\u00e5l<\/strong>\u00a0(304, 316, 316L, 17-4PH),\u00a0<strong>Karbonst\u00e5l<\/strong>, og\u00a0<strong>Alloy-st\u00e5l<\/strong>.<\/li>\n<\/ul>\n<h3>Integrerte sekund\u00e6re tenester<\/h3>\n<p>For \u00e5 levere eit ferdig produkt klart for montering, tilbyr vi omfattande tenester etter st\u00f8yping. Dette eliminerer den logistiske byrda med \u00e5 administrere fleire leverand\u00f8rar.<\/p>\n<ul>\n<li><strong>CNC-maskinering:<\/strong>\u00a0H\u00f8gpresisjons dreiing og fresing for kritiske dimensjonar.<\/li>\n<li><strong>Overflatebehandling:<\/strong>\u00a0Alternativa inkluderer polering, plating og spesialisert varmebehandling for \u00e5 auke haldbarheita og estetikken.<\/li>\n<li><strong>Kvalitetssikring:<\/strong>\u00a0Kvar batch gjennomg\u00e5r strenge testar, inkludert kjemisk analyse og strekktesting, for \u00e5 sikre samsvar med ISO 9001:2015-standardar.<\/li>\n<\/ul>\n<h2>Materialekspertise: Utvikla for yting<\/h2>\n<p><img loading=\"lazy\" decoding=\"async\" class=\"alignnone wp-image-1517\" src=\"https:\/\/haoyumaterial.com\/wp-content\/uploads\/2026\/01\/custom-casting-295x300.png\" alt=\"\" width=\"453\" height=\"461\" srcset=\"https:\/\/haoyumaterial.com\/wp-content\/uploads\/2026\/01\/custom-casting-295x300.png 295w, https:\/\/haoyumaterial.com\/wp-content\/uploads\/2026\/01\/custom-casting-12x12.png 12w, https:\/\/haoyumaterial.com\/wp-content\/uploads\/2026\/01\/custom-casting-600x610.png 600w, https:\/\/haoyumaterial.com\/wp-content\/uploads\/2026\/01\/custom-casting.png 632w\" sizes=\"auto, (max-width: 453px) 100vw, 453px\" \/><\/p>\n<p>\u00c5 velje rett legering er avgjerande for levetida og funksjonaliteten til komponentane dine. I v\u00e5r\u00a0<strong>skreddarsydd st\u00f8yping<\/strong>\u00a0prosess n\u00f8yer vi oss ikkje berre med \u00e5 helle metall; vi f\u00f8lgjer strengt metallurgiske standardar for \u00e5 sikre at kvar del oppfyller dei spesifikke mekaniske eigenskapane som krevst for bruksomr\u00e5det ditt. Enten du treng h\u00f8g strekkfastleik eller overlegen korrosjonsbestandigheit, skreddarsyr vi materialsamansetjinga for \u00e5 passe til jobben.<\/p>\n<h3>Jernhaldige legeringar: Rustfritt, karbon- og legert st\u00e5l<\/h3>\n<p>V\u00e5r kjernekompetanse ligg i presisjonsst\u00f8yping av jernhaldige metall. Vi nyttar avanserte silika sol-prosessar for \u00e5 produsere delar med h\u00f8g integritet som krev tette toleransar og eksepsjonelle overflatefinishar. Vi handterer rutinemessig eit breitt spekter av st\u00e5lkvalitetar for \u00e5 st\u00f8tte industriar fr\u00e5 bilindustrien til marine.<\/p>\n<ul>\n<li><strong>Rustfritt st\u00e5l:<\/strong>\u00a0Vi er eit\u00a0<a href=\"https:\/\/haoyumaterial.com\/nn\/top-stainless-steel-casting-manufacturer-guide-2026\/\">ein topp produsent av rustfritt st\u00e5lst\u00f8yping<\/a>\u00a0i stand til \u00e5 helle karakterar som\u00a0<strong>304, 316, 316L, og 17-4PH<\/strong>. Desse er essensielle for delar som krev h\u00f8g korrosjonsmotstand og estetisk appell.<\/li>\n<li><strong>Karbon- og legeringsst\u00e5l:<\/strong>\u00a0ideell for strukturelle komponentar der styrke og kostnadseffektivitet er n\u00f8kkelen.<\/li>\n<li><strong>Varme- og slitasje-Resistente Alloys:<\/strong>\u00a0Vi produserer spesialiserte\u00a0<strong>slitasje-Resistente legeringsst\u00f8pingar<\/strong>\u00a0l\u00f8ysingar for t\u00f8ffe milj\u00f8 med h\u00f8ge temperaturar eller tung friksjon.<\/li>\n<\/ul>\n<h3>Ikke-jernholdige legeringar: Aluminium, Kobber &amp; Superlegeringar<\/h3>\n<p>Utover st\u00e5l, utvidar v\u00e5re st\u00f8perifunksjonar seg til ikkje-jernholdige metallar designa for spesifikke vekt- eller ledeevnekrav. Vi tilpassar metodane v\u00e5re for \u00e5 h\u00e5ndtere dei unike krympings- og flyteigenskapane til desse materiala.<\/p>\n<ul>\n<li><strong>Aluminiumlegeringar:<\/strong>\u00a0Lettvektige og allsidige, ofte brukt for luftfart og transportkomponentar.<\/li>\n<li><strong>Kobber, Bronse &amp; Messing:<\/strong>\u00a0Utmerka for maritimt utstyr og elektriske applikasjonar. \u00c5 forst\u00e5\u00a0<a href=\"https:\/\/haoyumaterial.com\/nn\/density-of-brass-by-alloy-2026-updated-typical-values-guide\/\">tettheit av messing etter legering<\/a>\u00a0er avgjerande for \u00e5 berekne n\u00f8yaktig vekt og materialkostnader for komponentar.<\/li>\n<li><strong>Superlegeringar:<\/strong>\u00a0For ekstreme milj\u00f8 som krev unntaksvise varme- og krypingsmotstand.<\/li>\n<\/ul>\n<h2>Den store materialfabrikkas produksjonsprosess<\/h2>\n<p><img decoding=\"async\" src=\"https:\/\/haoyumaterial.com\/wp-content\/uploads\/2026\/01\/custom_casting_manufacturing_process_steps_ErCMv9r.webp\" alt=\"prosessen for tilpassa st\u00f8peproduksjon\" \/><\/p>\n<p>Vi h\u00e5ndterer kvart steg av\u00a0<strong>skreddarsydd st\u00f8yping<\/strong>\u00a0livssyklusen internt, og sikrar at den ferdige delen stemmer overeins med dine n\u00f8yaktige spesifikasjonar. Fr\u00e5 den innleiande konseptet til det ferdige metallkomponenten, oppretthald v\u00e5re team strenge kontrollar over kvalitet og konsistens.<\/p>\n<h3>Design &amp; Ingeni\u00f8rkunst<\/h3>\n<p>F\u00f8r vi heller noko metall, gjennomf\u00f8rer v\u00e5rt ingeni\u00f8rteam ei grundig vurdering av dine CAD-filer og 2D-teikningar. Vi gir\u00a0<strong>Design for produksjonsvennlegheit (DFM)<\/strong>\u00a0tilbakemelding for \u00e5 optimalisere delen din for\u00a0<strong>rustfritt st\u00e5lgjengingsprosessen<\/strong>, og hjelper med \u00e5 redusere kostnader og eliminere potensielle feil f\u00f8r produksjonen byrjar.<\/p>\n<h3>Verkt\u00f8y og M\u00f8nsterproduksjon<\/h3>\n<p>Presisjon byrjar med forma. Vi brukar avansert\u00a0<strong>CNC-maskinering<\/strong>\u00a0for \u00e5 lage h\u00f8g-precise metallformer for voksinjeksjon.<\/p>\n<ul>\n<li><strong>Voks-m\u00f8nster:<\/strong>\u00a0Vi produserer n\u00f8yaktige voksreplika av delen din.<\/li>\n<li><strong>Skalbygging:<\/strong>\u00a0Desse m\u00f8nstra er dekt med keramisk slurry (Silica Sol) for \u00e5 danne eit robust skall.<\/li>\n<\/ul>\n<h3>Gjuting &amp; Helling<\/h3>\n<p>N\u00e5r det keramiske skallet er brent, heller vi den smelta legeringa under strenge\u00a0<strong>metallurgiske tilsyn<\/strong>. Enten det er karbonst\u00e5l eller ein kompleks legering, overv\u00e5ker vi den kjemiske samansetjinga ved hjelp av spektrometrianalyse for \u00e5 sikre materialintegritet.<\/p>\n<h3>Varmebehandling<\/h3>\n<p>For \u00e5 oppn\u00e5 dei n\u00f8dvendige mekaniske eigenskapane, utf\u00f8rer vi presise\u00a0<strong>Metallurgi og varmebehandling<\/strong>\u00a0prosessar.<\/p>\n<ul>\n<li><strong>L\u00f8ysings-annealing:<\/strong>\u00a0For korrosjonsmotstand.<\/li>\n<li><strong>Herding og temperering:<\/strong>\u00a0For \u00e5 justere hardheit og strekkstyrke.<\/li>\n<\/ul>\n<h3>Ferdigstilling &amp; Maskinering<\/h3>\n<p>Etter st\u00f8ping sender vi ikkje berre r\u00e5deler. V\u00e5r fasilitet er utstyrt for\u00a0<strong>CNC Maskinering og Ferdigstilling<\/strong>\u00a0for \u00e5 bringe komponentar til sine endelige toleransar. Vi h\u00e5ndterer overflatebehandlingar\u2014fr\u00e5 polering til plating\u2014leverer ferdige\u00a0<strong><a href=\"https:\/\/haoyumaterial.com\/nn\/product-category\/\">ferdige komponentar<\/a><\/strong>\u00a0direkte til produksjonslinja di.<\/p>\n<h2>Industriapplikasjonar &amp; Casestudiar<\/h2>\n<p><img loading=\"lazy\" decoding=\"async\" class=\"alignnone wp-image-1492\" src=\"https:\/\/haoyumaterial.com\/wp-content\/uploads\/2026\/01\/Aristo_Cast_Inc_Material_Consistency_Solutions_biK-300x75.webp\" alt=\"\" width=\"904\" height=\"226\" srcset=\"https:\/\/haoyumaterial.com\/wp-content\/uploads\/2026\/01\/Aristo_Cast_Inc_Material_Consistency_Solutions_biK-300x75.webp 300w, https:\/\/haoyumaterial.com\/wp-content\/uploads\/2026\/01\/Aristo_Cast_Inc_Material_Consistency_Solutions_biK-1024x256.webp 1024w, https:\/\/haoyumaterial.com\/wp-content\/uploads\/2026\/01\/Aristo_Cast_Inc_Material_Consistency_Solutions_biK-768x192.webp 768w, https:\/\/haoyumaterial.com\/wp-content\/uploads\/2026\/01\/Aristo_Cast_Inc_Material_Consistency_Solutions_biK-18x5.webp 18w, https:\/\/haoyumaterial.com\/wp-content\/uploads\/2026\/01\/Aristo_Cast_Inc_Material_Consistency_Solutions_biK-600x150.webp 600w, https:\/\/haoyumaterial.com\/wp-content\/uploads\/2026\/01\/Aristo_Cast_Inc_Material_Consistency_Solutions_biK.webp 1300w\" sizes=\"auto, (max-width: 904px) 100vw, 904px\" \/><\/p>\n<p>V\u00e5r\u00a0<strong>skreddarsydd st\u00f8yping<\/strong>\u00a0l\u00f8ysingar er utforma for \u00e5 m\u00f8te dei strenge krava fr\u00e5 ulike sektorar. Vi ikkje berre st\u00f8yp metall; vi utviklar l\u00f8ysingar som l\u00f8yser spesifikke operative utfordringar, og betener eit breitt spekter av\u00a0<a href=\"https:\/\/haoyumaterial.com\/nn\/industries\/\">bransjar<\/a>\u00a0som krev h\u00f8gtytande metalldeler. Fr\u00e5 h\u00f8gtrykkmilj\u00f8 til korrosive omgjevnader, er komponentane v\u00e5re bygd for \u00e5 vare.<\/p>\n<h3>Gruvedrift &amp; Aggregat<\/h3>\n<p>Utstyr i gruvedriftssektoren m\u00f8ter ekstrem slitasje og st\u00f8t. Vi spesialiserer oss p\u00e5\u00a0<strong>slitasje-Resistente legeringsst\u00f8pingar<\/strong>\u00a0for \u00e5 produsere holdbare delar som forlenger maskinens levetid.<\/p>\n<ul>\n<li><strong>Knusekomponentar:<\/strong>\u00a0Deler med h\u00f8g hardleik som motst\u00e5r slitasje.<\/li>\n<li><strong>Gravemaskinutstyr:<\/strong>\u00a0Tennar og adaptere designa for h\u00f8g-stress graving.<\/li>\n<li><strong>Transportb\u00e5ndsdeler:<\/strong>\u00a0Robuste brakett og lenker som t\u00e5ler tunge belastningar.<\/li>\n<\/ul>\n<h3>Bilindustri og transport<\/h3>\n<p>I bilindustrien er presisjon og sikkerheit avgjerande. Vi brukar\u00a0<strong>presisjonsinvestering<\/strong>\u00a0for \u00e5 levere motor- og girkomponentar med stramme toleransar.<\/p>\n<ul>\n<li><strong>Motor-deler:<\/strong>\u00a0Manifoldar og brakettar st\u00f8ypte av varmebestandige legeringar.<\/li>\n<li><strong>Chassisdelar:<\/strong>\u00a0Strukturkomponentar som balanserer vekt og styrke.<\/li>\n<li><strong>Maritimt utstyr:<\/strong>\u00a0Korrosjonsbestandige rustfrie st\u00e5lfittingar for marine bruksomr\u00e5de.<\/li>\n<\/ul>\n<h3>System for v\u00e6skehandtering<\/h3>\n<p>For flytkontrollsektoren er komplekse interne geometriar ofte n\u00f8dvendige. Det\u00a0<strong>vokskunstprosessen<\/strong>\u00a0gjer oss i stand til \u00e5 lage intrikate pumpe- og ventil delar som hindrar lekkasje og motst\u00e5r korrosjon.<\/p>\n<ul>\n<li><strong>Pumpehus og l\u00f8pehjul:<\/strong>\u00a0Glatte overflatefinisher for \u00e5 optimalisere v\u00e6skeflyten.<\/li>\n<li><strong>Ventilhus:<\/strong>\u00a0Trykktesta komponentar for vatn-, olje- og gassystem.<\/li>\n<li><strong>R\u00f8yrfittingar:<\/strong>\u00a0Spesialtilpassa kontaktar produsert etter internasjonale standardar.<\/li>\n<\/ul>\n<h3>Generelt industrielt utstyr<\/h3>\n<p>Vi st\u00f8ttar produsentar av tungt utstyr med p\u00e5liteleg\u00a0<strong>produksjon av industrielle komponentar<\/strong>. V\u00e5re evner gjer det mogleg \u00e5 produsere delar som held konstruksjons- og landbruksmaskineri i gang effektivt.<\/p>\n<ul>\n<li><strong>Konstruksjonsmaskinvare:<\/strong>\u00a0Hengsler, l\u00e5sar og strukturelle st\u00f8tter.<\/li>\n<li><strong>Landbruksmaskineri:<\/strong>\u00a0Girbokshus og jordbearbeidingsverkt\u00f8y.<\/li>\n<li><strong>Skreddarsydd metallproduksjon:<\/strong>\u00a0Spesialtilpassa brakettar og fester skreddarsydd for spesifikke OEM-design.<\/li>\n<\/ul>\n<h2>Kvalitetssikring og sertifiseringar<\/h2>\n<p>Hos Vastmaterial er kvalitet ikkje ei ettertanke; det er fundamentet i v\u00e5r\u00a0<strong>skreddarsydd st\u00f8yping<\/strong>\u00a0prosess. Vi opererer under strenge ISO 9001:2015-protokollar for \u00e5 sikre at kvar komponent m\u00f8ter n\u00f8yaktige spesifikasjonar. Anlegget v\u00e5rt er utstyrt med avansert inspeksjonsteknologi, inkludert spektrometer for presis kjemisk analyse og koordinatm\u00e5lemaskiner (CMM) for \u00e5 verifisere dimensjonsn\u00f8yaktigheit ned til mikronniv\u00e5.<\/p>\n<p>Vi forst\u00e5r at p\u00e5litelegheit ikkje er til forhandling for industrielle delar. Det er derfor vi implementerer strenge\u00a0<a href=\"https:\/\/haoyumaterial.com\/nn\/technology\/testing-and-quality\/\">testing- og kvalitetskontrollprotokollar<\/a>\u00a0gjennom heile produksjonen. Fr\u00e5 r\u00e5vareverifisering til sluttinspeksjon sikrar vi samsvar med viktige internasjonale standardar, inkludert ASTM, ISO, DIN og JIS. Enten du treng spesifikke\u00a0<strong>st\u00f8ypetoleransestandardar<\/strong>\u00a0eller spesialisert ikkje-destruktiv testing (NDT), leverer teamet v\u00e5rt sertifiserte resultat du kan stole p\u00e5.<\/p>\n<h3>Viktige inspeksjonsevner:<\/h3>\n<ul>\n<li><strong>Materialverifikasjon:<\/strong>\u00a0Spektrometeranalyse sikrar at legeringskvalitetar (rustfritt, karbon, legert st\u00e5l) samsvarar perfekt med krava.<\/li>\n<li><strong>Dimensjonell n\u00f8yaktigheit:<\/strong>\u00a0CMM- og digitale skyvel\u00e6reinspeksjonar garanterer overhalding av ISO 8062- og CT4-CT6-toleransar.<\/li>\n<li><strong>Mekanisk testing:<\/strong>\u00a0Strekkfastheit, flytegrense og hardheitspr\u00f8ving for \u00e5 validere yting.<\/li>\n<li><strong>Ikke-destruktiv testing (NDT):<\/strong>\u00a0Overflate- og interne integritetskontrollar for \u00e5 f\u00f8rebyggje defektar i kritiske komponentar.<\/li>\n<\/ul>\n<h2>Kvifor samarbeide med vastmaterial?<\/h2>\n<p><img loading=\"lazy\" decoding=\"async\" class=\"alignnone wp-image-1518\" src=\"https:\/\/haoyumaterial.com\/wp-content\/uploads\/2026\/01\/american-casting-and-manufacturing-corporation-300x263.png\" alt=\"\" width=\"552\" height=\"484\" srcset=\"https:\/\/haoyumaterial.com\/wp-content\/uploads\/2026\/01\/american-casting-and-manufacturing-corporation-300x263.png 300w, https:\/\/haoyumaterial.com\/wp-content\/uploads\/2026\/01\/american-casting-and-manufacturing-corporation-14x12.png 14w, https:\/\/haoyumaterial.com\/wp-content\/uploads\/2026\/01\/american-casting-and-manufacturing-corporation-600x526.png 600w, https:\/\/haoyumaterial.com\/wp-content\/uploads\/2026\/01\/american-casting-and-manufacturing-corporation.png 676w\" sizes=\"auto, (max-width: 552px) 100vw, 552px\" \/><\/p>\n<p>\u00c5 velje det rette st\u00f8periet handlar om meir enn berre \u00e5 smelte metall; det handlar om \u00e5 finne ein p\u00e5liteleg produksjonsarm som forst\u00e5r dine tekniske behov. Vi tilbyr omfattande\u00a0<strong>OEM-metallproduksjonsdelar<\/strong>\u00a0l\u00f8ysingar designa for \u00e5 effektivisere forsyningskjeda di og forbetre produktytinga.<\/p>\n<h3>Skalerbarheit fr\u00e5 prototypar til masseproduksjon<\/h3>\n<p>Vi st\u00f8ttar produktets livssyklus fr\u00e5 det f\u00f8rste konseptet til den endelege marknadslanseringa. Enten du treng ein enkelt\u00a0<strong>Rask Prototyping Gjeving<\/strong>\u00a0for \u00e5 validere eit design eller krevje tusenvis av einingar til ein montering, er anlegget v\u00e5rt bygd for fleksibilitet. Vi handterer sm\u00e5 parti med same tekniske presisjon som store volumordrar, og sikrar konsekvent kvalitet uavhengig av ordrest\u00f8rrelse.<\/p>\n<h3>Kostnadseffektivitet via Near-Net-Shape st\u00f8ping<\/h3>\n<p>V\u00e5re avanserte\u00a0<strong>Silika Sol Investeringsst\u00f8yping<\/strong>\u00a0prosessen gjer oss i stand til \u00e5 lage komplekse geometriar med minimale utstikk og overlegen overflatefinish. Dette\u00a0<strong>N\u00e6r-Netts-Form-Produksjon<\/strong>\u00a0evna reduserer kraftig behovet for kostbar sekund\u00e6r maskinering og materialavfall. Ved \u00e5 optimalisere st\u00f8peforma for v\u00e5re\u00a0<a href=\"https:\/\/haoyumaterial.com\/nn\/product-category\/stainless-steel\/alloy-steel\/\">rustfrie og legeringsst\u00e5lmaterialar<\/a>, leverer vi h\u00f8gtytande delar til ein konkurransedyktig pris utan \u00e5 g\u00e5 p\u00e5 kompromiss med presisjon.<\/p>\n<h3>Global logistikk og trygg emballasje<\/h3>\n<p>Vi har dokumentert erfaring med eksport av h\u00f8gkvalitetskomponentar til marknader i Europa og andre delar av verda. Vi forst\u00e5r viktigheita av rettidig levering i\u00a0<strong>Industriell komponentfabrikkasjon<\/strong>. V\u00e5rt team styrer global logistikk og brukar trygg, eksportklar emballasje for \u00e5 sikre at delane dine forblir beskytta under transport og kjem fram klare til montering.<\/p>\n<h2>Ofte stilte sp\u00f8rsm\u00e5l (FAQ) om tilpassa st\u00f8ping<\/h2>\n<h3>Kva filformat godtek du for prisar?<\/h3>\n<p>For \u00e5 gi eit n\u00f8yaktig pristilbod for\u00a0<strong>skreddarsydd st\u00f8yping<\/strong>\u00a0prosjekt, krev vi vanlegvis b\u00e5de 3D-modellar og 2D-teikningar. 3D-filene hjelper oss \u00e5 berekne volum, vekt og materialbruk, medan 2D-teikningane er avgjerande for \u00e5 forst\u00e5 dine\u00a0<strong>st\u00f8ypetoleransestandardar<\/strong>, overflatefinishkrav, og kritiske m\u00e5l.<\/p>\n<ul>\n<li><strong>Foretrukne 3D-format:<\/strong>\u00a0STEP (.stp), IGES (.igs), X_T, eller SolidWorks-filer.<\/li>\n<li><strong>Foretrukne 2D-format:<\/strong>\u00a0PDF, DWG, eller DXF.<\/li>\n<\/ul>\n<h3>Kva er den typiske leveringstida for ny verkt\u00f8y?<\/h3>\n<p>Levertider varierer basert p\u00e5 kompleksiteten til delen og den valgte st\u00f8pemetoden, som\u00a0<strong>presisjonsinvestering<\/strong>\u00a0eller sandst\u00f8ping. Vanlegvis tek design og produksjon av forma (verkt\u00f8y) mellom 2 til 4 veker. N\u00e5r verkt\u00f8yet er ferdigstilt, produserer vi innleiingspr\u00f8ver for di godkjenning f\u00f8r vi g\u00e5r vidare til fullskala\u00a0<strong>OEM metalldelsproduksjon<\/strong>. Vi jobbar tett med deg for \u00e5 tilpasse produksjonsplanar med prosjektfristar.<\/p>\n<h3>Kan du matche eksisterande delar utan ein bl\u00e5kopi?<\/h3>\n<p>Ja, det kan vi. Om du har ein arvdel eller ein fysisk prototype, men manglar dei originale CAD-filene, kan v\u00e5rt ingeni\u00f8rteam reversere ingeni\u00f8rarbeidet p\u00e5 delen. Du kan sende oss den fysiske pr\u00f8va, og vi vil m\u00e5le og modellere den for \u00e5 lage n\u00f8dvendige bl\u00e5kopiar for reproduksjon. Denne evna gjer oss i stand til \u00e5 levere\u00a0<a href=\"https:\/\/haoyumaterial.com\/nn\/aluminum-investment-castings-precision-custom-parts-low-tolerance\/\">aluminium investeringsst\u00f8ping og presisjonsanpassa spesialdeler<\/a>\u00a0som perfekt matcher passform og funksjon av dine originale delar.<\/p>\n<h3>Kva er den minste ordremengda (MOQ)?<\/h3>\n<p>Vi forst\u00e5r at ulike prosjekt har ulike skala, fr\u00e5\u00a0<strong>rask prototyping av st\u00f8ping<\/strong>\u00a0til h\u00f8gvolumsproduksjon. Mens vi er utstyrt for industriell produksjon, er vi fleksible med MOQ for \u00e5 st\u00f8tte produktutvikling. Vi h\u00e5ndterer ofte sm\u00e5 parti for testing og validering. Kontakt v\u00e5rt team med dine spesifikke krav, s\u00e5 kan vi diskutere ein produksjonsplan som passar ditt budsjett og tidsramme.<\/p>","protected":false},"excerpt":{"rendered":"<p>Comprehensive Custom Casting Capabilities We specialize in delivering high-precision\u00a0Custom Casting\u00a0solutions, acting as a premier OEM\/ODM partner for global industries. Our [&hellip;]<\/p>\n","protected":false},"featured_media":1517,"comment_status":"open","ping_status":"closed","template":"","meta":{"site-sidebar-layout":"default","site-content-layout":"","ast-site-content-layout":"default","site-content-style":"default","site-sidebar-style":"default","ast-global-header-display":"","ast-banner-title-visibility":"","ast-main-header-display":"","ast-hfb-above-header-display":"","ast-hfb-below-header-display":"","ast-hfb-mobile-header-display":"","site-post-title":"","ast-breadcrumbs-content":"","ast-featured-img":"","footer-sml-layout":"","ast-disable-related-posts":"","theme-transparent-header-meta":"default","adv-header-id-meta":"","stick-header-meta":"","header-above-stick-meta":"","header-main-stick-meta":"","header-below-stick-meta":"","astra-migrate-meta-layouts":"set","ast-page-background-enabled":"default","ast-page-background-meta":{"desktop":{"background-color":"var(--ast-global-color-5)","background-image":"","background-repeat":"repeat","background-position":"center center","background-size":"auto","background-attachment":"scroll","background-type":"","background-media":"","overlay-type":"","overlay-color":"","overlay-opacity":"","overlay-gradient":""},"tablet":{"background-color":"","background-image":"","background-repeat":"repeat","background-position":"center center","background-size":"auto","background-attachment":"scroll","background-type":"","background-media":"","overlay-type":"","overlay-color":"","overlay-opacity":"","overlay-gradient":""},"mobile":{"background-color":"","background-image":"","background-repeat":"repeat","background-position":"center center","background-size":"auto","background-attachment":"scroll","background-type":"","background-media":"","overlay-type":"","overlay-color":"","overlay-opacity":"","overlay-gradient":""}},"ast-content-background-meta":{"desktop":{"background-color":"var(--ast-global-color-4)","background-image":"","background-repeat":"repeat","background-position":"center center","background-size":"auto","background-attachment":"scroll","background-type":"","background-media":"","overlay-type":"","overlay-color":"","overlay-opacity":"","overlay-gradient":""},"tablet":{"background-color":"var(--ast-global-color-4)","background-image":"","background-repeat":"repeat","background-position":"center center","background-size":"auto","background-attachment":"scroll","background-type":"","background-media":"","overlay-type":"","overlay-color":"","overlay-opacity":"","overlay-gradient":""},"mobile":{"background-color":"var(--ast-global-color-4)","background-image":"","background-repeat":"repeat","background-position":"center center","background-size":"auto","background-attachment":"scroll","background-type":"","background-media":"","overlay-type":"","overlay-color":"","overlay-opacity":"","overlay-gradient":""}}},"product_brand":[],"product_cat":[17,18,20,19],"product_tag":[422,427,425,424,423,426],"class_list":{"0":"post-1516","1":"product","2":"type-product","3":"status-publish","4":"has-post-thumbnail","6":"product_cat-stainless-steel","7":"product_cat-alloy-steel","8":"product_cat-duplex-stainless-steel","9":"product_cat-low-carbon-steel","10":"product_tag-custom-casting","11":"product_tag-industrial-casting-components","12":"product_tag-oem-metal-casting","13":"product_tag-precision-lost-wax-casting","14":"product_tag-silica-sol-investment-casting","15":"product_tag-stainless-alloy-steel-casting","16":"desktop-align-left","17":"tablet-align-left","18":"mobile-align-left","20":"first","21":"instock","22":"shipping-taxable","23":"product-type-simple"},"_links":{"self":[{"href":"https:\/\/haoyumaterial.com\/nn\/wp-json\/wp\/v2\/product\/1516","targetHints":{"allow":["GET"]}}],"collection":[{"href":"https:\/\/haoyumaterial.com\/nn\/wp-json\/wp\/v2\/product"}],"about":[{"href":"https:\/\/haoyumaterial.com\/nn\/wp-json\/wp\/v2\/types\/product"}],"replies":[{"embeddable":true,"href":"https:\/\/haoyumaterial.com\/nn\/wp-json\/wp\/v2\/comments?post=1516"}],"wp:featuredmedia":[{"embeddable":true,"href":"https:\/\/haoyumaterial.com\/nn\/wp-json\/wp\/v2\/media\/1517"}],"wp:attachment":[{"href":"https:\/\/haoyumaterial.com\/nn\/wp-json\/wp\/v2\/media?parent=1516"}],"wp:term":[{"taxonomy":"product_brand","embeddable":true,"href":"https:\/\/haoyumaterial.com\/nn\/wp-json\/wp\/v2\/product_brand?post=1516"},{"taxonomy":"product_cat","embeddable":true,"href":"https:\/\/haoyumaterial.com\/nn\/wp-json\/wp\/v2\/product_cat?post=1516"},{"taxonomy":"product_tag","embeddable":true,"href":"https:\/\/haoyumaterial.com\/nn\/wp-json\/wp\/v2\/product_tag?post=1516"}],"curies":[{"name":"wp","href":"https:\/\/api.w.org\/{rel}","templated":true}]}}