{"id":1532,"date":"2026-01-25T10:31:51","date_gmt":"2026-01-25T02:31:51","guid":{"rendered":"https:\/\/haoyumaterial.com\/?post_type=product&#038;p=1532"},"modified":"2026-01-25T10:31:51","modified_gmt":"2026-01-25T02:31:51","slug":"custom-metal-casting-mold-precision-tooling-for-alloys","status":"publish","type":"product","link":"https:\/\/haoyumaterial.com\/nn\/product\/custom-metal-casting-mold-precision-tooling-for-alloys\/","title":{"rendered":"Skreddarsydde metallst\u00f8peformer for alle legeringar"},"content":{"rendered":"<h2>Kjerneevner: Skreddarsydde metallst\u00f8pemasse-l\u00f8ysingar<\/h2>\n<p>Vi leverer presisjonsdesigna\u00a0<strong>skreddarsydd metallst\u00f8pemasse<\/strong>\u00a0l\u00f8ysingar utforma for \u00e5 m\u00f8te dei strenge krava i moderne metallurgi. V\u00e5r tiln\u00e6rming kombinerer djupt materiale- og materialvitskapleg ekspertise med avanserte produksjonsteknikkar for \u00e5 produsere verkt\u00f8y som sikrar konsekvent kvalitet og dimensjonsstabilitet. Ved \u00e5 kontrollere termisk ekspansjon og motstand mot h\u00f8ge temperaturar, forlenger vi levetida til kvar form medan vi oppretthald strenge toleransar under ekstrem termisk syklus.<\/p>\n<p>V\u00e5rt ingeni\u00f8rteam fokuserer p\u00e5 heilskapleg designoptimalisering for \u00e5 l\u00f8yse vanlege st\u00f8peutfordringar f\u00f8r dei oppst\u00e5r:<\/p>\n<ul>\n<li><strong>Materialekspertise:<\/strong>\u00a0Vi vel h\u00f8gtytande formmaterial som balanserer termisk leiarsevne med erosjonsmotstand, for \u00e5 sikre langvarigheit og p\u00e5litelegheit.<\/li>\n<li><strong>Defektminimering:<\/strong>\u00a0Vi implementerer avanserte\u00a0<strong>t\u00f8rrst\u00f8ps- og oppstikkssystem<\/strong>\u00a0skreddarsydde for den spesifikke legeringa, for \u00e5 fremje laminar flyt og redusere turbulens for \u00e5 eliminere por\u00f8sitet og innslag.<\/li>\n<li><strong>Legeringsevne:<\/strong>\u00a0V\u00e5re produksjonskapasitetar st\u00f8ttar eit breitt spekter av st\u00f8pekrav, fr\u00e5 ikkje-ferrosmetallar som\u00a0<strong>Aluminium, Sink og Kobber<\/strong>\u00a0til h\u00f8gsmeltetemperatur ferroslegeringar inkludert\u00a0<strong>St\u00e5l og Jern<\/strong>.<\/li>\n<\/ul>\n<p>Uansett om du treng komplekse geometriar for industrielle komponentar eller h\u00f8gvolums produksjonsverkt\u00f8y, tilpassar v\u00e5r\u00a0<strong>skreddarsydde metallst\u00f8pemasse-l\u00f8ysing<\/strong>\u00a0seg dine spesifikke prosjektbehov for \u00e5 maksimere utbytte og redusere syklustid.<\/p>\n<h2>Typar av skreddarsydde metallst\u00f8pemasse-formar vi produserer<\/h2>\n<p>Vi utviklar eit mangfald av verkt\u00f8yl\u00f8ysingar for \u00e5 matche spesifikke produksjonsvolum og legeringskrav. Fr\u00e5 h\u00f8gvolums industriell produksjon til presisjons aerospace-prototypar, v\u00e5r\u00a0<strong>skreddarsydd metallst\u00f8pemasse<\/strong>\u00a0Kapasitetane dekkjer heile spekteret av produksjonsbehov. Vi nyttar avansert CNC-maskinering og materialvitskap for \u00e5 levere former som sikrar dimensjonsn\u00f8yaktigheit og lang levetid.<\/p>\n<ul>\n<li><strong>H\u00f8gtrykksst\u00f8ypt (HPDC) Former:<\/strong>\u00a0Vi nyttar f\u00f8rsteklasses H13-verkt\u00f8yst\u00e5l for \u00e5 byggje robuste\u00a0<strong>st\u00f8ypeverkt\u00f8y<\/strong>\u00a0som toler ekstreme temperatursvingingar. Desse formene har komplekse kj\u00f8lekanalar designa for \u00e5 optimalisere syklustider og forlenge levetida til verkt\u00f8yet for h\u00f8gvolumsproduksjon.<\/li>\n<li><strong>Permanente Former (Gravitasjonsst\u00f8yping):<\/strong>\u00a0Ideell for medium til h\u00f8gvolumsproduksjon. V\u00e5re permanente former tilbyr framifr\u00e5 dimensjonsstabilitet. Vi designar gjenbrukbart verkt\u00f8y som balanserer haldbarheit og kostnad, ofte med referanse til\u00a0<a href=\"https:\/\/haoyumaterial.com\/nn\/cast-iron-vs-steel-comparison-guide-durable-cookware-tools\/\">st\u00f8ypejern vs. st\u00e5l<\/a>\u00a0eigenskapar for \u00e5 velje det beste formmaterialet for konsistent repeterbarheit.<\/li>\n<li><strong>Sandst\u00f8yperim\u00f8nster og Kjernebokser:<\/strong>\u00a0For l\u00e5gare volum eller store komponentar leverer vi CNC-maskinerte\u00a0<strong>sandst\u00f8yperim\u00f8nster<\/strong>\u00a0og kjernebokser. Vi integrerer \u00f2g 3D-printa alternativ for rask prototyping, noko som gir rask designverifisering f\u00f8r hardt verkt\u00f8y.<\/li>\n<li><strong>Spesialgrafitt- og Keramiske Former:<\/strong>\u00a0Som ekspertar p\u00e5 h\u00f8gtemperaturmateriale produserer vi presisjons\u00a0<strong>grafittst\u00f8yperformer<\/strong>\u00a0for reaktive legeringar som titan. Desse eldfaste formene nyttar h\u00f8grena grafitt for \u00e5 hindre forureining, noko som sikrar overlegne overflatefinishar og enkel frigjering.<\/li>\n<\/ul>\n<h2>Tekniske spesifikasjonar og materialtoleransar<\/h2>\n<p>Ved konstruksjon av ein\u00a0<strong>skreddarsydd metallst\u00f8pemasse<\/strong>, materialintegritet og dimensjonsn\u00f8yaktigheit definerer suksessen til det endelege st\u00f8ypet. Vi spesialiserer oss p\u00e5 h\u00f8grena grafittkvalitetar som er spesielt utvikla for ikkje-jernhaldige bruksomr\u00e5de, og tilbyr overlegen termisk sjokkmotstand samanlikna med standardverkt\u00f8y. Anlegget v\u00e5rt nyttar avansert\u00a0<a href=\"https:\/\/haoyumaterial.com\/nn\/machining-casting-guide-precision-cnc-tight-tolerances\/\">maskinering og st\u00f8ypeguidar for presis CNC<\/a>\u00a0for \u00e5 sikre at kvar form oppfyller strenge geometriske krav.<\/p>\n<p>Vi held oss til strenge kvalitetsstandardar for \u00e5 levere\u00a0<strong>presisjonsformlagingstenester<\/strong>\u00a0som toler h\u00f8ge temperaturmilj\u00f8. Nedanfor er hovudspesifikasjonane for v\u00e5re grafittst\u00f8yper:<\/p>\n<div class=\"table-responsive\">\n<table class=\"table\">\n<thead>\n<tr>\n<th>Eigenskap<\/th>\n<th>Spesifikasjonsdetaljar<\/th>\n<\/tr>\n<\/thead>\n<tbody>\n<tr>\n<td><strong>Materialgrader<\/strong><\/td>\n<td>\u00a0 \u00a0 \u00a0 \u00a0 \u00a0 \u00a0 \u00a0 \u00a0 \u00a0 \u00a0 \u00a0 \u00a0 \u00a0 \u00a0 \u00a0 \u00a0 \u00a0 \u00a0 \u00a0 \u00a0 \u00a0 \u00a0 \u00a0 \u00a0 \u00a0 \u00a0 \u00a0 \u00a0 \u00a0 \u00a0 \u00a0 H\u00f8grensa grafitt (opptil 99,91% karbon), isostatisk, forma, vibrert<\/td>\n<\/tr>\n<tr>\n<td><strong>Volumtettleik<\/strong><\/td>\n<td>\u00a0 \u00a0 \u00a0 \u00a0 \u00a0 \u00a0 \u00a0 \u00a0 \u00a0 \u00a0 \u00a0 \u00a0 \u00a0 \u00a0 \u00a0 \u00a0 \u00a0 \u00a0 \u00a0 \u00a0 \u00a0 \u00a0 \u00a0 \u00a0 \u00a0 \u00a0 \u00a0 \u00a0 \u00a0 \u00a0 \u00a0 \u00a0 \u00a0 \u00a0 \u00a0 1,72 g\/cm\u00b3 \u2013 1,90 g\/cm\u00b3 (avhengig av kvalitet)<\/td>\n<\/tr>\n<tr>\n<td><strong>Termiske eigenskapar<\/strong><\/td>\n<td>\u00a0 \u00a0 \u00a0 \u00a0 \u00a0 \u00a0 \u00a0 \u00a0 \u00a0 \u00a0 \u00a0 \u00a0 \u00a0 \u00a0 \u00a0 \u00a0 \u00a0 \u00a0 \u00a0 \u00a0 \u00a0 \u00a0 \u00a0 \u00a0 \u00a0 \u00a0 \u00a0 \u00a0 \u00a0 H\u00f8g varmeleiingsevne, l\u00e5g termisk ekspansjonskoeffisient<\/td>\n<\/tr>\n<tr>\n<td><strong>Overflatefinish<\/strong><\/td>\n<td>\u00a0 \u00a0 \u00a0 \u00a0 \u00a0 \u00a0 \u00a0 \u00a0 \u00a0 \u00a0 \u00a0 \u00a0 \u00a0 \u00a0 \u00a0 \u00a0 \u00a0 \u00a0 \u00a0 \u00a0 \u00a0 \u00a0 \u00a0 \u00a0 \u00a0 \u00a0 \u00a0 \u00a0 \u00a0 \u00a0 \u00a0 \u00a0 \u00a0 \u00a0 \u00a0 \u00a0 \u00a0 Glatt, sj\u00f8lvsm\u00f8rjande overflate for enkel frigjering<\/td>\n<\/tr>\n<tr>\n<td><strong>Maskineringspresisjon<\/strong><\/td>\n<td>\u00a0 \u00a0 \u00a0 \u00a0 \u00a0 \u00a0 \u00a0 \u00a0 \u00a0 \u00a0 \u00a0 \u00a0 \u00a0 \u00a0 \u00a0 \u00a0 \u00a0 \u00a0 \u00a0 \u00a0 \u00a0 \u00a0 \u00a0 \u00a0 \u00a0 \u00a0 \u00a0 \u00a0 \u00a0 \u00a0 \u00a0 \u00a0 \u00a0 \u00a0 Tilpassa CNC-maskinering for kompleks geometri og snevre toleransar<\/td>\n<\/tr>\n<\/tbody>\n<\/table>\n<\/div>\n<p>V\u00e5r\u00a0<strong>CNC-maskinert verkt\u00f8y for st\u00f8peri<\/strong>\u00a0er designa for \u00e5 minimere forureining og sikre ei rein smelting for metall som gull, s\u00f8lv, kopar og aluminium. Ved \u00e5 velje rett kornstorleik og tettleik optimaliserer vi forma sin mekaniske styrke for \u00e5 handtere industrielle st\u00f8ypepress, samtidig som vi opprettheld framifr\u00e5 dimensjonsstabilitet.<\/p>\n<h2>Engineering- og designst\u00f8tte for presisjonsverkt\u00f8y<\/h2>\n<p>&nbsp;<\/p>\n<p>\u00c5 skape ein h\u00f8gtytande\u00a0<strong>skreddarsydd metallst\u00f8pemasse<\/strong>\u00a0krev meir enn berre presisjonsmaskinering; det krev ei djup forst\u00e5ing av termisk dynamikk og material\u00e5tferd. Vi tilbyr omfattande ingeni\u00f8rst\u00f8tte for \u00e5 sikre at verkt\u00f8yet ditt oppfyller dei strenge krava til industriell st\u00f8yping. Teamet v\u00e5rt jobbar direkte med dine tekniske teikningar for \u00e5 optimalisere ytinga, og sikrar at kvar grafittform eller metallform vi produserer leverer konsistente resultat.<\/p>\n<h3>DFM (Design for Manufacturing) -gjennomgangar<\/h3>\n<p>Vi gjennomf\u00f8rer grundige DFM-gjennomgangar for \u00e5 identifisere potensielle produksjonsproblem f\u00f8r vi kuttar noko materiale. Denne prosessen involverer analyse av\u00a0<strong>sleppvinklar<\/strong>\u00a0og\u00a0<strong>veggtjukkleik<\/strong>\u00a0for \u00e5 garantere strukturell integritet og enkel formutl\u00f8ysing. Ved \u00e5 forfine geometrien til din\u00a0<a href=\"https:\/\/haoyumaterial.com\/nn\/aluminum-casting-manufacturer-for-custom-precision-parts\/\">aluminiumst\u00f8yperiprodusent for tilpassa presisjonsdelar<\/a>, hjelper vi med \u00e5 minimere materialsvinn og redusere syklustidene betraktelig.<\/p>\n<h3>Avansert simulering og str\u00f8ymingsanalyse<\/h3>\n<ul>\n<li><strong>Formstr\u00f8ymingssimulering:<\/strong>\u00a0Vi f\u00f8reseier metallstr\u00f8ymings\u00e5tferd, temperaturfordeling og st\u00f8rkningsm\u00f8nster for \u00e5 hindre varme punkt og ujamn kj\u00f8ling.<\/li>\n<li><strong>Feilreduksjon:<\/strong>\u00a0N\u00f8yaktig simulering hjelper oss med \u00e5 f\u00f8resj\u00e5 og eliminere vanlege st\u00f8ypefeil som por\u00f8sitet eller kalde stengingar, og sikrar at\u00a0<strong>skreddarsydd metallst\u00f8pemasse<\/strong>\u00a0yter p\u00e5liteleg under h\u00f8g termisk belastning.<\/li>\n<\/ul>\n<h3>Optimalisering av innl\u00f8ps- og stigr\u00f8yrsdesign<\/h3>\n<p>Rett innl\u00f8p er avgjerande for \u00e5 kontrollere farten og retninga til det smelta metallet. Vi konstruerer innl\u00f8pssystem som fremjar\u00a0<strong>lamin\u00e6r str\u00f8yming<\/strong>, reduserer turbulens og hindrar oksidinkluderingar. V\u00e5re optimaliserte stigr\u00f8yrsdesign sikrar tilstrekkeleg tilf\u00f8rsel under st\u00f8rkning, og opprettheld tettleiken og styrken til den endelege st\u00f8ypekomponenten.<\/p>\n<h2>Industriar betjent av v\u00e5re tilpassa formtenester<\/h2>\n<p><img loading=\"lazy\" decoding=\"async\" class=\"alignnone  wp-image-1534\" src=\"https:\/\/haoyumaterial.com\/wp-content\/uploads\/2026\/01\/Medium-Temperature-Wax-Precision-Molds-300x300.png\" alt=\"\" width=\"437\" height=\"437\" srcset=\"https:\/\/haoyumaterial.com\/wp-content\/uploads\/2026\/01\/Medium-Temperature-Wax-Precision-Molds-300x300.png 300w, https:\/\/haoyumaterial.com\/wp-content\/uploads\/2026\/01\/Medium-Temperature-Wax-Precision-Molds-150x150.png 150w, https:\/\/haoyumaterial.com\/wp-content\/uploads\/2026\/01\/Medium-Temperature-Wax-Precision-Molds-12x12.png 12w, https:\/\/haoyumaterial.com\/wp-content\/uploads\/2026\/01\/Medium-Temperature-Wax-Precision-Molds-100x100.png 100w, https:\/\/haoyumaterial.com\/wp-content\/uploads\/2026\/01\/Medium-Temperature-Wax-Precision-Molds.png 500w\" sizes=\"auto, (max-width: 437px) 100vw, 437px\" \/><\/p>\n<p>Vi leverer h\u00f8gtytande\u00a0<strong>skreddarsydd metallst\u00f8pemasse<\/strong>\u00a0l\u00f8ysingar p\u00e5 tvers av sektorar som krev null feilrate. Fr\u00e5 h\u00f8gvarme luftfartsapplikasjonar til intrikate medisinsk utstyr, sikrar verkt\u00f8yet v\u00e5rt at dei endelege st\u00f8ypte delane oppfyller strenge industristandardar. V\u00e5r ekspertise innan h\u00f8grena grafitt og presisjons-CNC-maskinering gjer oss i stand til \u00e5 im\u00f8tekome ulike produksjonsbehov.<\/p>\n<ul>\n<li><strong>Bilindustri:<\/strong>\u00a0Vi produserer varige former for lette aluminiums- og koparlegeringskomponentar, som er essensielle for moderne motorblokker, transmisjonskasser og strukturelle delar der termisk leiingsevne er viktig.<\/li>\n<li><strong>Luftfart:<\/strong>\u00a0V\u00e5re h\u00f8grena grafittst\u00f8ypeformer er avgjerande for \u00e5 produsere turbinblad og brakettar der termisk sjokkmotstand og dimensjonsstabilitet er avgjerande under st\u00f8yping av superlegeringar.<\/li>\n<li><strong>Medisin:<\/strong>\u00a0Presisjon er viktig for kirurgiske instrument og biokompatible implantat. Vi st\u00f8ttar produsentar med verkt\u00f8y som kan produsere komplekse geometriar, likt v\u00e5rt spesialiserte arbeid med\u00a0<a href=\"https:\/\/haoyumaterial.com\/nn\/product\/chromium-cobalt-molybdenum-hip-joint-machining-service\/\">maskineringstenester for hofteledd i krom-kobolt-molybden<\/a>.<\/li>\n<li><strong>Energi:<\/strong>\u00a0Vi leverer robuste former for v\u00e6skehandteringskomponentar. V\u00e5r ekspertise sikrar integriteten til pumpehus, impellarar, og\u00a0<a href=\"https:\/\/haoyumaterial.com\/nn\/valve-castings-manufacturer-custom-oem-valve-bodies\/\">tilpassa OEM-ventilhus<\/a>\u00a0brukes mykje i olje, gass, og fornybar energiinfrastruktur.<\/li>\n<\/ul>\n<h2>Vastmaterialfordelen: Kvifor velje oss?<\/h2>\n<p>N\u00e5r du treng ein p\u00e5liteleg\u00a0<strong>skreddarsydd metallst\u00f8pemasse<\/strong>, treng du ein partner som forst\u00e5r b\u00e5de metallurgi og maskinering. Vi har over 15 \u00e5rs erfaring med h\u00f8gtemperaturmaterialar, og sikrar at verkt\u00f8ya dine yter konsekvent under ekstrem termisk belastning.<\/p>\n<h3>Holistisk materialekspertise<\/h3>\n<p>Vi maskiner ikkje berre delar; vi utviklar l\u00f8ysingar basert p\u00e5 st\u00f8pekemien. Teamet v\u00e5rt vel den optimale grafittkvaliteten\u2014om det er isostatisk, forma, eller vibrert\u2014for \u00e5 m\u00f8te dine spesifikke legeringskrav. Dette sikrar overlegen varmeleiing og hindrar forureining av smelta metall, noko som resulterer i ein reinare sluttst\u00f8yping. V\u00e5r djupe forst\u00e5ing av refractory eigenskapar gjer oss i stand til \u00e5 designe former som minimerer feil for\u00e5rsaka av termisk ekspansjon.<\/p>\n<h3>Krevjande kvalitetssikring<\/h3>\n<p>Kvalitet er ikkje eit ettertanke; det er integrert i prosessen v\u00e5r. Vi opererer under strenge ISO 9001:2015-standardar, og brukar avanserte inspeksjonsverkt\u00f8y for \u00e5 verifisere dimensjonsn\u00f8yaktighet og materialintegritet. Alle\u00a0<strong>skreddarsydde metallst\u00f8pemasse-l\u00f8ysing<\/strong>\u00a0vi leverer er sertifiserte for tettheit, motstand, og askeinnhald, og garanterer at dei oppfyller dei strenge krava i industrielle st\u00f8periar.<\/p>\n<h3>Hastigheit til marknaden<\/h3>\n<p>I det konkurransedyktige produksjonslandskapet er fart viktig. Vi brukar h\u00f8ghastighets CNC-maskinering for raskt \u00e5 omdanne CAD-teikningar til presise former. Ved \u00e5 utnytte\u00a0<a href=\"https:\/\/haoyumaterial.com\/nn\/advantages-of-rapid-protototyping-for-faster-and-smarter-manufacturing\/\">rask prototyping<\/a>\u00a0hjelper det oss med \u00e5 forkorte utviklingssyklusen, slik at du kan g\u00e5 fr\u00e5 design til fysisk testing raskare enn tradisjonelle verkt\u00f8ymetodar till\u00e8t.<\/p>\n<p><strong>V\u00e5re kjernepunkt:<\/strong><\/p>\n<div class=\"table-responsive\">\n<table class=\"table\">\n<thead>\n<tr>\n<th>Eigenskap<\/th>\n<th>Fordel<\/th>\n<\/tr>\n<\/thead>\n<tbody>\n<tr>\n<td><strong>Refraktoriell kunnskap<\/strong><\/td>\n<td>\u00a0 \u00a0 \u00a0 \u00a0 \u00a0 \u00a0 \u00a0 \u00a0 \u00a0 \u00a0 \u00a0 \u00a0 \u00a0 \u00a0 \u00a0 \u00a0 \u00a0 \u00a0 \u00a0 \u00a0 \u00a0 \u00a0 \u00a0 \u00a0 \u00a0 \u00a0 \u00a0 Djupt forst\u00e5ing av ikkje-v\u00e5tande eigenskapar og motstand mot termisk sjokk.<\/td>\n<\/tr>\n<tr>\n<td><strong>Presisjonsverkt\u00f8y<\/strong><\/td>\n<td>\u00a0 \u00a0 \u00a0 \u00a0 \u00a0 \u00a0 \u00a0 \u00a0 \u00a0 \u00a0 \u00a0 \u00a0 \u00a0 \u00a0 \u00a0 \u00a0 \u00a0 \u00a0 \u00a0 \u00a0 \u00a0 \u00a0 \u00a0 \u00a0 \u00a0 \u00a0 \u00a0Avansert CNC-kapasitet for komplekse geometriar og stramme toleransar.<\/td>\n<\/tr>\n<tr>\n<td><strong>Global st\u00f8tte<\/strong><\/td>\n<td>\u00a0 \u00a0 \u00a0 \u00a0 \u00a0 \u00a0 \u00a0 \u00a0 \u00a0 \u00a0 \u00a0 \u00a0 \u00a0 \u00a0 \u00a0 \u00a0 \u00a0 \u00a0 \u00a0 \u00a0 \u00a0 \u00a0 \u00a0 \u00a0Dokumentert erfaring med eksport av h\u00f8gpure <strong>skreddarsydde metallst\u00f8yping<\/strong>\u00a0l\u00f8ysingar til over 30 land.<\/td>\n<\/tr>\n<\/tbody>\n<\/table>\n<\/div>\n<h2>Trinn-for-trinn prosess for tilpassa formproduksjon<\/h2>\n<p>Vi har forbetra arbeidsflyten v\u00e5r for \u00e5 sikre at kvar\u00a0<strong>skreddarsydd metallst\u00f8pemasse<\/strong>\u00a0oppfyller strenge dimensjonale toleransar og ytelseskrav. Fr\u00e5 det innleiande konseptet til det ferdige verkt\u00f8yet, oppretthald vi klar kommunikasjon og grundig kvalitetskontroll for \u00e5 levere p\u00e5litelege verkt\u00f8yl\u00f8ysingar.<\/p>\n<ul>\n<li><strong>Konsultasjon &amp; Tilbod:<\/strong>\u00a0Prosessen byrjar med ei grundig gjennomgang av CAD-filene dine og prosjektkrava. Vi samlar alle n\u00f8dvendige spesifikasjonar for \u00e5 gi eit n\u00f8yaktig tilbod og produksjonsplan.<\/li>\n<li><strong>Ingeni\u00f8rarbeid &amp; Design:<\/strong>\u00a0V\u00e5re ingeni\u00f8rar utf\u00f8rer ein detaljert DFM (Design for Manufacturing) analyse for \u00e5 optimalisere verkt\u00f8yoppsettet og generering av teikningar. Vi verifiserer kompatibilitet med dei materiala du har tenkt \u00e5 bruke, som spesifikke\u00a0<a href=\"https:\/\/haoyumaterial.com\/nn\/product\/aluminum-casting-alloy-grades-for-high-performance-parts-high-performance-aluminum-casting-alloy-for-die-sand-and-gravity-casting-with-superior-strength-fluidity-and-corrosion-resistance\/\">aluminium st\u00f8pelegeringsgrader<\/a>, for \u00e5 sikre at formdesignet st\u00f8ttar optimal metallflyt og herding.<\/li>\n<li><strong>Produksjon:<\/strong>\u00a0Vi nyttar avansert CNC-maskinering og EDM (Electrical Discharge Machining) for \u00e5 kutte formgeometrien med h\u00f8g presisjon. Denne fasen inkluderer polering av overflater for \u00e5 oppfylle krav til overflatefinish for glatt frisetting av delane.<\/li>\n<li><strong>Montering &amp; Justering:<\/strong>\u00a0Dyktige teknikarar monterer formkomponentane, og integrerer n\u00f8kkelssystem som utst\u00f8ytar og kj\u00f8lel\u00f8ysingar for \u00e5 regulere temperaturen effektivt under st\u00f8peprosessen.<\/li>\n<li><strong>Pr\u00f8vetaking T1:<\/strong>\u00a0Vi gjennomf\u00f8rer ein innleiande pr\u00f8ve for \u00e5 produsere T1-pr\u00f8var. Desse f\u00f8rste st\u00f8pte delane blir inspisert for \u00e5 verifisere at\u00a0<strong>skreddarsydd metallst\u00f8pemasse<\/strong>\u00a0produserer komponentar som stemmer overeins med dine n\u00f8yaktige teikningar.<\/li>\n<li><strong>Endelig godkjenning &amp; levering:<\/strong>\u00a0N\u00e5r pr\u00f8vane er godkjende og eventuelle justeringar er gjort, sluttf\u00f8rer vi verkt\u00f8yet og ordnar for sikker levering til di verksemd.<\/li>\n<\/ul>\n<h2>Vanlege sp\u00f8rsm\u00e5l om tilpassa metallst\u00f8peformer<\/h2>\n<h3>Kva er skilnaden mellom ei permanent form og ei sandform?<\/h3>\n<p>Den st\u00f8rste skilnaden ligg i gjenbruk og overflatefinish.\u00a0<strong>Permanent formst\u00f8ping<\/strong>\u00a0brukar gjenbrukbare former laga av slitesterke materiale som st\u00e5l eller grafitt med h\u00f8g tettleik. Denne metoden er ideell for produksjon av medium til h\u00f8gt volum, og tilbyr overlegen dimensjonsn\u00f8yaktigheit og ein jamnare overflatefinish, som er kritisk for\u00a0<a href=\"https:\/\/haoyumaterial.com\/nn\/precision-aluminum-casting-in-dongying-vast-custom-foundry\/\">presisjons aluminiumst\u00f8yping<\/a>\u00a0s\u00f8knader.<\/p>\n<p>I kontrast,\u00a0<strong>sandst\u00f8yperim\u00f8nster<\/strong>\u00a0lagar former som er offerformer \u2013 sandforma blir \u00f8ydelagd for \u00e5 fjerne st\u00f8ypinga etter kvar gong. Sj\u00f8lv om dette gir l\u00e5gare oppstartskostnader for verkt\u00f8y og komplekse geometriar, krev det vanlegvis meir sekund\u00e6r maskinering.<\/p>\n<h3>Kor lang tid tek det \u00e5 produsere ei tilpassa trykkst\u00f8ypeform?<\/h3>\n<p>Leveringstida varierer betydeleg basert p\u00e5 kompleksiteten i designet og materialet som er valt.<\/p>\n<ul>\n<li><strong>Grafittformer:<\/strong>\u00a0P\u00e5 grunn av v\u00e5re avanserte CNC-maskineringsmoglegheiter og maskinerbarheita til grafitt, kan desse ofte produserast raskt, nokre gonger innanfor f\u00e5 dagar for hasteprosjekt.<\/li>\n<li><strong>St\u00e5lformer (HPDC):<\/strong>\u00a0Herda st\u00e5lverkt\u00f8y for h\u00f8gtrykksapplikasjonar krev generelt\u00a0<strong>4 til 8 veker<\/strong>. Dette inkluderer designverifisering, CNC-grovmaskinering, varmebehandling og endeleg EDM-finishing.<\/li>\n<\/ul>\n<h3>Kva filformat aksepterer de for formdesign?<\/h3>\n<p>For \u00e5 sikre h\u00f8gast mogleg n\u00f8yaktigheit under v\u00e5r DFM-gjennomgang (Design for Manufacturing) og CNC-programmering, f\u00f8retrekkjer vi 3D CAD-filer.<\/p>\n<ul>\n<li><strong>F\u00f8retrekte format:<\/strong>\u00a0STEP (.stp), IGES (.igs) og Parasolid (X_T).<\/li>\n<li><strong>Teikningsfiler:<\/strong>\u00a0PDF- eller DWG-filer er \u00f2g n\u00f8dvendige for \u00e5 spesifisere toleransar, materialkvalitetar og krav til overflatefinish (t.d. SPI-standardar).<\/li>\n<\/ul>\n<h3>Kan de modifisere eksisterande former for designendringar?<\/h3>\n<p>Ja, modifikasjon er mogleg, men avheng av endringa sin art. \u00c5 fjerne metall fr\u00e5 forma (for \u00e5 leggje til materiale til den endelege st\u00f8ypte delen) er ein enkel prosess ved hjelp av CNC-maskinering eller EDM. \u00c5 leggje til metall i forma (for \u00e5 redusere storleiken p\u00e5 den st\u00f8ypte delen) er derimot meir komplekst og kan krevje sveising eller innsetting av underkomponentar. Vi anbefaler ei grundig teknisk vurdering f\u00f8r ein fors\u00f8ker st\u00f8rre modifikasjonar for \u00e5 sikre at verkt\u00f8yintegriteten blir oppretthalden.<\/p>","protected":false},"excerpt":{"rendered":"<p>Core Capabilities: Custom Metal Casting Mold Solutions We deliver precision-engineered\u00a0custom metal casting mold\u00a0solutions designed to meet the rigorous demands of [&hellip;]<\/p>\n","protected":false},"featured_media":1533,"comment_status":"open","ping_status":"closed","template":"","meta":{"site-sidebar-layout":"default","site-content-layout":"","ast-site-content-layout":"default","site-content-style":"default","site-sidebar-style":"default","ast-global-header-display":"","ast-banner-title-visibility":"","ast-main-header-display":"","ast-hfb-above-header-display":"","ast-hfb-below-header-display":"","ast-hfb-mobile-header-display":"","site-post-title":"","ast-breadcrumbs-content":"","ast-featured-img":"","footer-sml-layout":"","ast-disable-related-posts":"","theme-transparent-header-meta":"default","adv-header-id-meta":"","stick-header-meta":"","header-above-stick-meta":"","header-main-stick-meta":"","header-below-stick-meta":"","astra-migrate-meta-layouts":"set","ast-page-background-enabled":"default","ast-page-background-meta":{"desktop":{"background-color":"var(--ast-global-color-5)","background-image":"","background-repeat":"repeat","background-position":"center center","background-size":"auto","background-attachment":"scroll","background-type":"","background-media":"","overlay-type":"","overlay-color":"","overlay-opacity":"","overlay-gradient":""},"tablet":{"background-color":"","background-image":"","background-repeat":"repeat","background-position":"center center","background-size":"auto","background-attachment":"scroll","background-type":"","background-media":"","overlay-type":"","overlay-color":"","overlay-opacity":"","overlay-gradient":""},"mobile":{"background-color":"","background-image":"","background-repeat":"repeat","background-position":"center center","background-size":"auto","background-attachment":"scroll","background-type":"","background-media":"","overlay-type":"","overlay-color":"","overlay-opacity":"","overlay-gradient":""}},"ast-content-background-meta":{"desktop":{"background-color":"var(--ast-global-color-4)","background-image":"","background-repeat":"repeat","background-position":"center center","background-size":"auto","background-attachment":"scroll","background-type":"","background-media":"","overlay-type":"","overlay-color":"","overlay-opacity":"","overlay-gradient":""},"tablet":{"background-color":"var(--ast-global-color-4)","background-image":"","background-repeat":"repeat","background-position":"center center","background-size":"auto","background-attachment":"scroll","background-type":"","background-media":"","overlay-type":"","overlay-color":"","overlay-opacity":"","overlay-gradient":""},"mobile":{"background-color":"var(--ast-global-color-4)","background-image":"","background-repeat":"repeat","background-position":"center center","background-size":"auto","background-attachment":"scroll","background-type":"","background-media":"","overlay-type":"","overlay-color":"","overlay-opacity":"","overlay-gradient":""}}},"product_brand":[],"product_cat":[17,21,22,24],"product_tag":[],"class_list":{"0":"post-1532","1":"product","2":"type-product","3":"status-publish","4":"has-post-thumbnail","6":"product_cat-stainless-steel","7":"product_cat-aluminum-alloy","8":"product_cat-high-temperature-alloy","9":"product_cat-titanium-alloy","10":"desktop-align-left","11":"tablet-align-left","12":"mobile-align-left","14":"first","15":"instock","16":"shipping-taxable","17":"product-type-simple"},"_links":{"self":[{"href":"https:\/\/haoyumaterial.com\/nn\/wp-json\/wp\/v2\/product\/1532","targetHints":{"allow":["GET"]}}],"collection":[{"href":"https:\/\/haoyumaterial.com\/nn\/wp-json\/wp\/v2\/product"}],"about":[{"href":"https:\/\/haoyumaterial.com\/nn\/wp-json\/wp\/v2\/types\/product"}],"replies":[{"embeddable":true,"href":"https:\/\/haoyumaterial.com\/nn\/wp-json\/wp\/v2\/comments?post=1532"}],"wp:featuredmedia":[{"embeddable":true,"href":"https:\/\/haoyumaterial.com\/nn\/wp-json\/wp\/v2\/media\/1533"}],"wp:attachment":[{"href":"https:\/\/haoyumaterial.com\/nn\/wp-json\/wp\/v2\/media?parent=1532"}],"wp:term":[{"taxonomy":"product_brand","embeddable":true,"href":"https:\/\/haoyumaterial.com\/nn\/wp-json\/wp\/v2\/product_brand?post=1532"},{"taxonomy":"product_cat","embeddable":true,"href":"https:\/\/haoyumaterial.com\/nn\/wp-json\/wp\/v2\/product_cat?post=1532"},{"taxonomy":"product_tag","embeddable":true,"href":"https:\/\/haoyumaterial.com\/nn\/wp-json\/wp\/v2\/product_tag?post=1532"}],"curies":[{"name":"wp","href":"https:\/\/api.w.org\/{rel}","templated":true}]}}