{"id":1570,"date":"2026-01-28T08:29:21","date_gmt":"2026-01-28T00:29:21","guid":{"rendered":"https:\/\/haoyumaterial.com\/?post_type=product&#038;p=1570"},"modified":"2026-01-28T08:29:21","modified_gmt":"2026-01-28T00:29:21","slug":"custom-cast-iron-parts-precision-gray-and-ductile-casting","status":"publish","type":"product","link":"https:\/\/haoyumaterial.com\/nn\/product\/custom-cast-iron-parts-precision-gray-and-ductile-casting\/","title":{"rendered":"Skreddarsydde st\u00f8ypte jerndeler presis gr\u00e5 og duktil st\u00f8yping"},"content":{"rendered":"<h2>V\u00e5re tilpassa st\u00f8pejernskapasiteter<\/h2>\n<p>Hos Vastmaterial spesialiserer vi oss p\u00e5 \u00e5 levere h\u00f8g presisjon\u00a0<strong>tilpassa st\u00f8pejernsdeler<\/strong>\u00a0skreddarsyd for dine n\u00f8yaktige ingeni\u00f8rkrav. Enten du treng ein enkelt prototype eller h\u00f8gvolums masseproduksjon, kombinerer v\u00e5rt st\u00f8peri ti\u00e5r med ekspertise med moderne produksjonsteknologiar for \u00e5 l\u00f8yse komplekse designutfordringar. Vi st\u00f8per ikkje berre metall; vi designar holdbarheit og ytelse inn i kvar komponent.<\/p>\n<h3>Materialegrader &amp; Spesifikasjonar<\/h3>\n<p>\u00c5 velje riktig legering er avgjerande for komponentens levetid. Vi tilbyr eit omfattande utval av jernkvalitetar, strengt i samsvar med internasjonale standardar som ASTM, DIN og ISO.<\/p>\n<p><strong>Materialvalsguide:<\/strong><\/p>\n<div class=\"table-responsive\">\n<table class=\"table\">\n<thead>\n<tr>\n<th>Materialtype<\/th>\n<th>Vanlege kvalitetar (ASTM \/ DIN)<\/th>\n<th>N\u00f8kkelkjenneteikn<\/th>\n<th>Typiske bruksomr\u00e5de<\/th>\n<\/tr>\n<\/thead>\n<tbody>\n<tr>\n<td><strong>Gr\u00e5jern (Gr\u00e5tt jern)<\/strong><\/td>\n<td>ASTM A48 Klasse 20, 30, 35, 40<br \/>\n(GG15, GG20, GG25, GG30)<\/td>\n<td>Utmerka vibrasjonsdemping, h\u00f8g termisk leiarsevne, og overlegen maskineringsevne.<\/td>\n<td>Maskinbasar, pumpehus, motorblokker, svinghjul.<\/td>\n<\/tr>\n<tr>\n<td><strong>Duktilt jern (Nodul\u00e6rt jern)<\/strong><\/td>\n<td>ASTM A536 60-40-18, 65-45-12, 80-55-06<br \/>\n(GGG40, GGG50, GGG60, GGG70)<\/td>\n<td>H\u00f8g strekkstyrke, st\u00f8tmotstand og ductilitet liknende st\u00e5l.<\/td>\n<td>Krankar, kraftige tannhjul, fj\u00e6ringsdeler, ventilar.<\/td>\n<\/tr>\n<tr>\n<td><strong>H\u00f8glegeringsjern<\/strong><\/td>\n<td>H\u00f8gkromkvitt jern<\/td>\n<td>Ekstrem slitasjemotstand og hardheit for abrasive milj\u00f8.<\/td>\n<td>Gruvedeksel, slam-pumpedeler, knuseutstyr.<\/td>\n<\/tr>\n<\/tbody>\n<\/table>\n<\/div>\n<h3>Avanserte st\u00f8peprosesser<\/h3>\n<p>Som ein allsidig\u00a0<strong>gr\u00e5jernst\u00f8pefabrikk<\/strong>\u00a0og\u00a0<strong>duktilt st\u00f8ypejernst\u00f8yperi<\/strong>, vi brukar fleire st\u00f8ypemetodar for \u00e5 optimalisere kostnad, overflatefinish og dimensjonell n\u00f8yaktighet basert p\u00e5 dine spesifikke prosjektbehov.<\/p>\n<ul>\n<li><strong>Resin Sand St\u00f8yping:<\/strong>\u00a0Ideelt for medium til store delar (opp til fleire tonn). Denne prosessen bruker furansyreharpiksbunden sand for \u00e5 lage harde former, noko som gir utmerka dimensjonell stabilitet og ein overlegen overflatefinish samanlikna med tradisjonelle metodar.<\/li>\n<li><strong>Grusandst\u00f8yping:<\/strong>\u00a0Den mest kostnadseffektive l\u00f8ysinga for sm\u00e5 til medium store delar i h\u00f8gvolumsproduksjon. V\u00e5re automatiserte linjer sikrar jamn hardleik p\u00e5 forma og raske syklusar for\u00a0<strong>OEM jernst\u00f8ypetjenester<\/strong>.<\/li>\n<li><strong>Tapt skum-st\u00f8ping:<\/strong>\u00a0Perfekt for komplekse geometriar med underkutt eller indre kanalar. Denne prosessen eliminerer behovet for kjerne og utstikkar, og gjer det mogleg \u00e5 produsere nesten-nett-form som reduserer maskineringsbehovet betydelig.<\/li>\n<li><strong>Skalst\u00f8yping (Belagt Sand):<\/strong>\u00a0Vi bruker denne prosessen for sm\u00e5, h\u00f8g-precise komponentar som krev strenge toleransar og glatte overflater. Det er mykje brukt for intrikate\u00a0<strong>nodular jern-deler<\/strong>\u00a0der detalj er avgjerande.<\/li>\n<\/ul>\n<h2>Verditilleggstenester: Bortsett fr\u00e5 st\u00f8periet<\/h2>\n<p><img loading=\"lazy\" decoding=\"async\" class=\"alignnone  wp-image-1571\" src=\"https:\/\/haoyumaterial.com\/wp-content\/uploads\/2026\/01\/custom-cast-iron-part-300x190.jpg\" alt=\"\" width=\"632\" height=\"400\" srcset=\"https:\/\/haoyumaterial.com\/wp-content\/uploads\/2026\/01\/custom-cast-iron-part-300x190.jpg 300w, https:\/\/haoyumaterial.com\/wp-content\/uploads\/2026\/01\/custom-cast-iron-part-768x485.jpg 768w, https:\/\/haoyumaterial.com\/wp-content\/uploads\/2026\/01\/custom-cast-iron-part-18x12.jpg 18w, https:\/\/haoyumaterial.com\/wp-content\/uploads\/2026\/01\/custom-cast-iron-part-600x379.jpg 600w, https:\/\/haoyumaterial.com\/wp-content\/uploads\/2026\/01\/custom-cast-iron-part.jpg 973w\" sizes=\"auto, (max-width: 632px) 100vw, 632px\" \/><\/p>\n<p>\u00c5 produsere ein r\u00e5 st\u00f8yping er ofte berre det f\u00f8rste steget i produksjonskjeda. For \u00e5 tilby ei ekte \u201cein-stopp\u201d-l\u00f8ysing, integrerer vi sekund\u00e6re operasjonar direkte i arbeidsflyten v\u00e5r. Dette effektiviserer logistikken og sikrar ansvar for kvalitet fr\u00e5 smelta til den endelege leveringa.<\/p>\n<h3>Presisjons CNC-maskineringstenester<\/h3>\n<p>R\u00e5 st\u00f8ypingar passar sjeldan direkte inn i ei montering utan tett toleransefinishing. Vi byggjer bro mellom st\u00f8periet og monteringstasjonen din med omfattande intern maskineringsevner. V\u00e5r fasilitet driv avanserte CNC-vertikale og horisontale maskineringssenter, CNC-slipar og boringar designa for \u00e5 handtere komplekse geometriar.<\/p>\n<p>Ved \u00e5 tilby\u00a0<strong>presisjons CNC-maskinerte st\u00f8ypingar<\/strong>, vi eliminerer risikoen forbundet med bevegelige delar mellom fleire leverand\u00f8rar.\u00a0<a href=\"https:\/\/haoyumaterial.com\/nn\/cnc-turning-guide-2026-process-materials-and-service-selection\/\">Vi held strenge dimensjonale toleransar p\u00e5 kritiske funksjonar som lagerboringar, monteringsflater og gjengede hol.<\/a>\u00a0For detaljert innsikt i korleis vi handterer roterande delar, v\u00e5r.<\/p>\n<h3>Varmebehandling og spenningslindring<\/h3>\n<p>veiledning om CNC-snuprosesser<\/p>\n<ul>\n<li><strong>forklarer v\u00e5r tiln\u00e6rming til materialfjerning og presisjon.<\/strong>\u00a0Gjutejernskomponentar, spesielt komplekse former, kan utvikle indre restspenningar under avkj\u00f8lingsprosessen.<\/li>\n<li><strong>Normalisering:<\/strong>\u00a0For \u00e5 sikre dimensjonsstabilitet og optimale mekaniske eigenskapar, tilbyr vi spesifikke termiske prosesssyklusar:.<\/li>\n<li><strong>Spenningslette-annealing:<\/strong>\u00a0Aukar styrke og slitestyrke for h\u00f8gstressa bruksomr\u00e5de.<\/li>\n<\/ul>\n<h3>Overflatebehandling og ferdigstilling<\/h3>\n<p>Den siste fasen av v\u00e5r\u00a0<strong>tilpassa metallfabrikkering<\/strong>\u00a0prosess involverer \u00e5 beskytte delen mot elementa. Vi tilbyr eit utval av overflatebehandlingar tilpassa milj\u00f8et og estetiske krav for di anvending:<\/p>\n<ul>\n<li><strong>Skotbl\u00e5sing:<\/strong>\u00a0Standard rengjering for \u00e5 fjerne sand og skala, og gi ein jamn, matt overflate.<\/li>\n<li><strong>Antirustolje:<\/strong>\u00a0p\u00e5f\u00f8rast umiddelbart etter rengjering for \u00e5 beskytte delane under transport og lagring.<\/li>\n<li><strong>Maling og pulverlakkering:<\/strong>\u00a0Tilgjengeleg i tilpassa fargar for merkevarebygging og ekstra korrosjonsbeskyttelse.<\/li>\n<li><strong>Galvanisering:<\/strong>\u00a0Varmgalvanisering eller kaldgalvanisering for maksimal holdbarheit i utand\u00f8rs- eller korrosive omgjevnader.<\/li>\n<\/ul>\n<p>Kvart\u00a0<strong>tilpassa st\u00f8pejernsdeler<\/strong>\u00a0Vi sender ferdig tilpassa etter dine n\u00f8yaktige spesifikasjonar, klar for umiddelbar installasjon eller montering.<\/p>\n<h2>Typiske tilpassa st\u00f8ypte jernprodukt vi produserer<\/h2>\n<p><img decoding=\"async\" src=\"https:\/\/haoyumaterial.com\/wp-content\/uploads\/2026\/01\/custom_cast_iron_industrial_components_2uIKbTb1J.webp\" alt=\"skreddarsydde st\u00f8pejern industri komponentar\" \/><\/p>\n<p>Vi produserer eit mangfald av komponentar for kundar over Nord-Amerika og Europa, og tilpassar v\u00e5re st\u00f8ypingprosessar for \u00e5 m\u00f8te spesifikke industristandardar. Enten du treng ein\u00a0<strong>tilpassa st\u00f8pejernsdeler<\/strong>\u00a0for ein prototype eller h\u00f8gvolumsproduksjon, handterer v\u00e5r fabrikk komplekse geometriar med strenge krav til dine tekniske teikningar.<\/p>\n<h3>Industrielle maskindelar<\/h3>\n<p>V\u00e5rt st\u00f8ypeverksemd spesialiserer seg p\u00e5\u00a0<strong>OEM jernst\u00f8ypetjenester<\/strong>\u00a0for produsentar av tungt maskineri. Vi st\u00f8yp ofte store komponentar der vibrasjonsdemping og strukturell stivheit er kritisk. Vanlege delar inkluderer:<\/p>\n<ul>\n<li><strong>Maskinbasar og rammer:<\/strong>\u00a0bruk av gr\u00e5jern (ASTM A48 klasse 30-40) for overlegen stabilitet.<\/li>\n<li><strong>Kasse for girkasse:<\/strong>\u00a0Presisjonssmidd for \u00e5 sikre perfekt justering av indre gir.<\/li>\n<li><strong>Svinghjul og reimskiver:<\/strong>\u00a0Balansert for jevn drift i industrielle motorar.<\/li>\n<li><strong>Slitesterke delar:<\/strong>\u00a0For utstyr som m\u00f8ter abrasive forhold, kan vi gi r\u00e5d om materialval, likt som ein kan referere til ein\u00a0<a href=\"https:\/\/haoyumaterial.com\/nn\/alloy-guide-for-high-performance-alloys-and-precision-casting\/\">legeringsguide for h\u00f8gtytande legeringar<\/a>\u00a0for \u00e5 sikre lang levetid.<\/li>\n<\/ul>\n<h3>Pumpe- og ventilindustripartar<\/h3>\n<p>Flytandeh\u00e5ndteringskomponentar krev framifr\u00e5 trykkfastheit og korrosjonsmotstand. Vi er ein p\u00e5liteleg kjelde for\u00a0<strong>industrielle pumpehus- og ventilgods<\/strong>\u00a0og tilh\u00f8yrande straumkontrollkomponentar. Vi s\u00f8rgjer for at desse st\u00f8ypingane er fri for por\u00f8sitet gjennom grundige testing.<\/p>\n<ul>\n<li><strong>Pumpeskrog og impellrar:<\/strong>\u00a0St\u00f8yp i duktilt eller gr\u00e5tt jarn avhengig av trykkkrav.<\/li>\n<li><strong>St\u00f8ypte jarnventilkomponentar:<\/strong>\u00a0Inkludert ventilr\u00f8r, sjekkventilar og butterflyventilkropper.<\/li>\n<li><strong>R\u00f8yrfittingar:<\/strong>\u00a0Flensar og koplingar designa for kommunale og industrielle vassystem.<\/li>\n<\/ul>\n<h3>Bil- og landbruksdeler<\/h3>\n<p>Landbruks- og bilsektoren krev delar som kan t\u00e5le h\u00f8g belastning og utmatting. Vi leverer\u00a0<strong>nodular jern-deler<\/strong>\u00a0(Duktilt jern) som gir den n\u00f8dvendige seigheten for bevegelige kj\u00f8ret\u00f8y og feltutstyr.<\/p>\n<ul>\n<li><strong>Fj\u00e6ringsbrakettar og styringsarmer:<\/strong>\u00a0H\u00f8gstyrkegrader som ASTM A536 80-55-06.<\/li>\n<li><strong>Bremsedrum og rotorar:<\/strong>\u00a0Optimalisert for varmeavledning.<\/li>\n<li><strong>Traktor- og harverdeler:<\/strong>\u00a0Hjulnav, transmisjonskasser og koblingskomponentar.<\/li>\n<\/ul>\n<h3>Bygnings- og infrastrukturst\u00f8ypingar<\/h3>\n<p>Vi st\u00f8ttar byggjeindustrien med slitesterke\u00a0<strong>tunge utstyrst\u00f8yper<\/strong>\u00a0og kommunale infrastrukturoppg\u00e5ver. Desse delane er laga for \u00e5 t\u00e5le t\u00f8ffe utand\u00f8rs milj\u00f8 og tunge belastningar.<\/p>\n<ul>\n<li><strong>H\u00f2lke- og avl\u00f8psdekslar:<\/strong>\u00a0Produserte for \u00e5 oppfylle ulike belastningsstandardar (EN 124, AASHTO).<\/li>\n<li><strong>Vektar:<\/strong>\u00a0For kranar, gravemaskiner og gaffeltraktorar, fr\u00e5 sm\u00e5 vekter til fler-tonns blokker.<\/li>\n<li><strong>Stillas- og forskalingstilbeh\u00f8r:<\/strong>\u00a0Klemmer og koblingar som sikrar tryggleik p\u00e5 arbeidsplassen.<\/li>\n<\/ul>\n<h2>Kvalitetskontroll og teststandardar<\/h2>\n<p>Produserer ein p\u00e5liteleg\u00a0<strong>tilpassa st\u00f8pejernsdeler<\/strong>\u00a0krever meir enn berre \u00e5 helle smelta metall i ein form. Hos Vastmaterial h\u00e5ndhevar vi eit strengt kvalitetssikringssystem som dekkjer heile produksjonsl\u00f8pet. Vi forst\u00e5r at for v\u00e5re norske kundar er konsistens og overhald av spesifikasjonar ikkje til \u00e5 overse. Vi overl\u00e8t ingenting til tilfeldigheiter; kvar batch vert verifisert for \u00e5 sikre at den oppfyller dei n\u00f8yaktige ingeni\u00f8rkrava til prosjektet ditt.<\/p>\n<h3>ISO-sertifiseringar og samsvar<\/h3>\n<p>V\u00e5r fasilitet opererer strengt i samsvar med\u00a0<strong>ISO 9001:2015<\/strong>\u00a0kvalitetsstyringsstandardar. Denne sertifiseringa er ikkje berre eit merke p\u00e5 veggen; den bestemmer heile arbeidsflyten v\u00e5r. Fr\u00e5 innkj\u00f8p av r\u00e5materiale til sluttfrakt, er kvar prosess dokumentert og sporbar. Denne systematiske tiln\u00e6rminga sikrar at uansett om du treng eit enkelt prototype eller ein h\u00f8gvolumsproduksjon, forblir kvaliteten jamn over alle sendingar.<\/p>\n<h3>Kjemisk analyse med OES<\/h3>\n<p>Materialintegritet startar med riktig kjemi. F\u00f8r noko metall vert st\u00f8pt, bruker vi\u00a0<strong>Optisk Emisjon Spektroskopi (OES)<\/strong>\u00a0for \u00e5 analysere den smelta jern. Dette gjer oss i stand til \u00e5 verifisere dei n\u00f8yaktige prosentandelane av karbon, silisium, mangan og andre legeringselement.<\/p>\n<ul>\n<li><strong>Sanntidsjusteringar:<\/strong>\u00a0Hvis blandinga ikkje er riktig, justerer vi ovnen umiddelbart.<\/li>\n<li><strong>Standardovereinsstemmelse:<\/strong>\u00a0Vi s\u00f8rgjer for at samansetjinga stemmer overeins med ASTM A48 (Gr\u00e5jern) eller ASTM A536 (Duktilt jern) spesifikasjonar perfekt.<\/li>\n<\/ul>\n<h3>Testing av mekaniske eigenskapar<\/h3>\n<p>Kjemi forutsier ytinga, men fysisk testing beviser det. Vi heltar separate teststavar for kvar oppvarming for \u00e5 verifisere dei mekaniske eigenskapane til jernet. Laboratoriet v\u00e5rt er utstyrt for \u00e5 utf\u00f8re:<\/p>\n<ul>\n<li><strong>Strekktesting:<\/strong>\u00a0Verifisere utbytte- og maksimal strekkstyrke.<\/li>\n<li><strong>Utv\u00f8yning:<\/strong>\u00a0Sjekke duktilitet, spesielt for nodularjersortar.<\/li>\n<li><strong>Hardleikstesting:<\/strong>\u00a0Vi bruker Brinell-hardheitstestar for \u00e5 sikre at st\u00f8ypingane fell innanfor det spesifiserte omr\u00e5det for maskineringsevne og slitestyrke.<\/li>\n<\/ul>\n<p>V\u00e5re dedikerte\u00a0<a href=\"https:\/\/haoyumaterial.com\/nn\/technology\/r-and-d\/\">forsknings- og utviklingsteam<\/a>\u00a0overvakar kontinuerleg desse parameterane for \u00e5 optimalisere st\u00f8ypemetodane v\u00e5re for overlegen holdbarheit.<\/p>\n<h3>Ikke-destruktiv testing (NDT)<\/h3>\n<p>For \u00e5 sikre at den indre strukturen er sunn, bruker vi\u00a0<strong>jernst\u00f8pefeil inspeksjon<\/strong>\u00a0metodar som ikkje skadar delen. Avhengig av kritikaliteten til komponenten, tilbyr vi:<\/p>\n<ul>\n<li><strong>Ultralydtesting (UT):<\/strong>\u00a0For \u00e5 oppdage indre hulrom eller por\u00f8sitet.<\/li>\n<li><strong>Magnetisk partikkelinspeksjon (MPI):<\/strong>\u00a0For \u00e5 identifisere overflate- og n\u00e6r-overflatesprekker.<\/li>\n<li><strong>R\u00f8ntgen\/ Radiografi:<\/strong>\u00a0For h\u00f8grisikoapplikasjonar som krev absolutt indre integritet.<\/li>\n<\/ul>\n<h3>Dimensjonskontroll med CMM<\/h3>\n<p>Ein st\u00f8ype er berre nyttig dersom den passar. Vi bruker\u00a0<strong>Koordinatm\u00e5lemaskiner (CMM)<\/strong>\u00a0for \u00e5 verifisere dimensjonell n\u00f8yaktighet mot ditt originale 2D- eller 3D-CAD-teikningar. Dette er avgjerande for delar med stramme toleransar eller komplekse geometriar. Ved \u00e5 digitalt kartlegge overflata av den\u00a0<strong>tilpassa st\u00f8pejernsdeler<\/strong>, stadfestar vi at kritiske funksjonar\u2014som holdiameterar og monteringsflater\u2014er innanfor den tillatte avvika f\u00f8r dei g\u00e5r vidare til maskinering eller sluttlevering.<\/p>\n<h2>Kvifor velje Vastmaterial for dine tilpassa st\u00f8yping?<\/h2>\n<p><img loading=\"lazy\" decoding=\"async\" class=\"alignnone  wp-image-1572\" src=\"https:\/\/haoyumaterial.com\/wp-content\/uploads\/2026\/01\/custom-cast-iron-300x300.jpg\" alt=\"\" width=\"463\" height=\"463\" srcset=\"https:\/\/haoyumaterial.com\/wp-content\/uploads\/2026\/01\/custom-cast-iron-300x300.jpg 300w, https:\/\/haoyumaterial.com\/wp-content\/uploads\/2026\/01\/custom-cast-iron-150x150.jpg 150w, https:\/\/haoyumaterial.com\/wp-content\/uploads\/2026\/01\/custom-cast-iron-768x768.jpg 768w, https:\/\/haoyumaterial.com\/wp-content\/uploads\/2026\/01\/custom-cast-iron-12x12.jpg 12w, https:\/\/haoyumaterial.com\/wp-content\/uploads\/2026\/01\/custom-cast-iron-600x600.jpg 600w, https:\/\/haoyumaterial.com\/wp-content\/uploads\/2026\/01\/custom-cast-iron-100x100.jpg 100w, https:\/\/haoyumaterial.com\/wp-content\/uploads\/2026\/01\/custom-cast-iron.jpg 900w\" sizes=\"auto, (max-width: 463px) 100vw, 463px\" \/><\/p>\n<p>Kj\u00f8p av ein p\u00e5liteleg\u00a0<strong>tilpassa st\u00f8pejernsdeler<\/strong>\u00a0krever ein partner som forst\u00e5r b\u00e5de metallurgi og logistikk i internasjonal handel. Vi kombinerer fleire ti\u00e5rs erfaring fr\u00e5 st\u00f8yping med moderne ingeni\u00f8rst\u00f8tte for \u00e5 levere komponentar som oppfyller strenge amerikanske industristandardar.<\/p>\n<h3>Ingeni\u00f8rst\u00f8tte og DFM-analyse<\/h3>\n<p>Vi gjer meir enn \u00e5 berre helle metall; vi optimaliserer designet ditt for produksjon. V\u00e5rt ingeni\u00f8rteam gjennomf\u00f8rer ein detaljert\u00a0<strong>Design for produksjonsvennlegheit (DFM)<\/strong>\u00a0analyse p\u00e5 kvart prosjekt f\u00f8r formproduksjon. Denne prosessen identifiserer potensielle st\u00f8ypefeil, foresl\u00e5r geometriske justeringar for \u00e5 redusere vekt, og sikrar at sluttproduktet oppfyller dine mekaniske krav. Dersom du vurderer ulike produksjonsmetodar, hjelper vi deg med\u00a0<a href=\"https:\/\/haoyumaterial.com\/nn\/sand-casting-vs-die-casting-choosing-the-right-process\/\">velje den rette prosessen<\/a>\u00a0for \u00e5 balansere kostnadseffektivitet med delprestasjon.<\/p>\n<h3>Fleksibel volumproduksjon<\/h3>\n<p>I motsetning til mange\u00a0<strong>sandst\u00f8pebedrifter<\/strong>\u00a0som h\u00e5ndhevar stive h\u00f8gvolum-minimum, strukturerer vi produksjonslinjene v\u00e5re for \u00e5 h\u00e5ndtere mangfald. Vi er utstyrt for \u00e5 administrere heile livssyklusen til produktet ditt:<\/p>\n<ul>\n<li><strong>Rask prototyping:<\/strong>\u00a0Verifiser designa dine med enkelt-eksemplar eller pilotk\u00f8yringar.<\/li>\n<li><strong>L\u00e5gvolumsproduksjon:<\/strong>\u00a0Kostnadseffektive l\u00f8ysingar for spesialmaskineri og ettermarknadsdeler.<\/li>\n<li><strong>Masseproduksjon:<\/strong>\u00a0Skalerbar kapasitet for h\u00f8g etterspurnad\u00a0<strong>OEM jernst\u00f8ypetjenester<\/strong>\u00a0i bil- og landbrukssektoren.<\/li>\n<\/ul>\n<h3>Global logistikk og eksportemballasje<\/h3>\n<p>Internasjonal frakt av tunge jernkomponentar krev n\u00f8ye stell for \u00e5 hindre skade og korrosjon. Vi handterer logistikken slik at du slepp.<\/p>\n<div class=\"table-responsive\">\n<table class=\"table\">\n<thead>\n<tr>\n<th>Logistikkfunksjon<\/th>\n<th>Detalj<\/th>\n<\/tr>\n<\/thead>\n<tbody>\n<tr>\n<td><strong>Korrosjonskontroll<\/strong><\/td>\n<td>\u00a0 \u00a0 \u00a0 \u00a0 \u00a0 \u00a0 \u00a0 \u00a0 \u00a0 \u00a0 \u00a0 \u00a0 \u00a0 \u00a0 \u00a0 \u00a0 \u00a0 \u00a0 \u00a0 \u00a0 \u00a0Alle delar f\u00e5r antirustolje, primer-maling eller pulverlakkering f\u00f8r sending.<\/td>\n<\/tr>\n<tr>\n<td><strong>Sikker emballasje<\/strong><\/td>\n<td>\u00a0 \u00a0 \u00a0 \u00a0 \u00a0 \u00a0 \u00a0 \u00a0 \u00a0 \u00a0 \u00a0 \u00a0 \u00a0 \u00a0 \u00a0 \u00a0 \u00a0 \u00a0 \u00a0 Vi bruker forsterka trekassar og pallar som er i samsvar med ISPM 15 eksportstandardar.<\/td>\n<\/tr>\n<tr>\n<td><strong>Fraktvilk\u00e5r<\/strong><\/td>\n<td>\u00a0 \u00a0 \u00a0 \u00a0 \u00a0 \u00a0 \u00a0 \u00a0 \u00a0 \u00a0 \u00a0 \u00a0 \u00a0 \u00a0 \u00a0 \u00a0 \u00a0 \u00a0 \u00a0 Fleksible alternativ inkludert FOB, CIF og DDP til store nordamerikanske hamner.<\/td>\n<\/tr>\n<\/tbody>\n<\/table>\n<\/div>\n<h2>Ofte stilte sp\u00f8rsm\u00e5l (FAQ)<\/h2>\n<h3>Godkjende filformat for prisestimering<\/h3>\n<p>For \u00e5 gi eit n\u00f8yaktig tilbod for di\u00a0<strong>tilpassa st\u00f8pejernsdeler<\/strong>, er vi avhengige av n\u00f8yaktige tekniske data. Vi godtek dei fleste standard industriformat for \u00e5 forenkle\u00a0<strong>OEM jernst\u00f8ypetjenester<\/strong>\u00a0prosessen:<\/p>\n<ul>\n<li><strong>3D-modellar:<\/strong>\u00a0STEP (.stp), IGS, eller X_T-filer er \u00e5 foretrekke. Dei gjev oss moglegheit til \u00e5 n\u00f8yaktig berekne vekt, volum og materialbruk.<\/li>\n<li><strong>2D-teikningar:<\/strong>\u00a0PDF, DWG, eller DXF-filer er kritiske for \u00e5 definere toleransar, overflatefinish og spesifikke materialkvalitetar som\u00a0<strong>ASTM A48 klasse 30 jern<\/strong>.<\/li>\n<\/ul>\n<p>Om du ikkje har CAD-filer, kan vi ofte arbeide ut fr\u00e5 fysiske pr\u00f8var for \u00e5 reversere designet, sj\u00f8lv om digitale ressursar betydelig aukar hastigheita p\u00e5 estimatet for\u00a0<strong>tilpassa metallfabrikkering<\/strong>.<\/p>\n<h3>Levetid for former og produksjon<\/h3>\n<p>Tidsrammer avhenger sterkt av kompleksiteten i geometrien og den valde st\u00f8peprosessen.<\/p>\n<ul>\n<li><strong>Verkt\u00f8y og m\u00f8nster:<\/strong>\u00a0<strong>Fundamentm\u00f8nsterproduksjon<\/strong>\u00a0krever vanligvis 2\u20134 veker. Komplekse former for den\u00a0<strong>tapt skum-st\u00f8peprosessen<\/strong>\u00a0kan ta litt lengre tid enn standard gr\u00f8nnsandformer.<\/li>\n<li><strong>Prototyping:<\/strong>\u00a0Etter at verkt\u00f8yet er ferdig, produserer vi en\u00a0<strong>metallst\u00f8peprototype<\/strong>\u00a0for godkjenning for \u00e5 sikre dimensjonsn\u00f8yaktighet.<\/li>\n<li><strong>Produksjon:<\/strong>\u00a0N\u00e5r pr\u00f8ven er godkjent, blir leveringstider for masseproduksjon bestemt av bestillingsvolum og planlegging.<\/li>\n<\/ul>\n<p>Vi samarbeider tett med kundar for \u00e5 m\u00f8te tidsfristar, spesielt for kritiske\u00a0<strong>tunge utstyrst\u00f8yper<\/strong>\u00a0der nedetid ikkje er eit alternativ.<\/p>\n<h3>Mold- og m\u00f8nstereigarskapspolitikk<\/h3>\n<p>Vi har ein open og gjennomsiktig policy n\u00e5r det gjeld eigarskap til verkt\u00f8y. N\u00e5r du betaler for former eller m\u00f8nster, tilh\u00f8yrer dei deg.<\/p>\n<ul>\n<li><strong>Eigarskap:<\/strong>\u00a0Du har 100%-eigarskap til alt verkt\u00f8y og m\u00f8nster.<\/li>\n<li><strong>Lagring og vedlikehald:<\/strong>\u00a0Vi lagrar m\u00f8nstra dine p\u00e5 v\u00e5rt anlegg og utf\u00f8rer rutinemessig vedlikehald for \u00e5 sikre at dei held seg i utmerka stand for framtidige produksjonar.\u00a0<strong>nodular jern-deler<\/strong>.<\/li>\n<li><strong>Overf\u00f8ringsbarheit:<\/strong>\u00a0Skulle du bestemme deg for \u00e5 flytte produksjonen, er du fri til \u00e5 hente verkt\u00f8ya dine. Vi trur p\u00e5 \u00e5 behalde kundar gjennom kvalitet og service, ikkje ved \u00e5 l\u00e5se inn eigedelane deira.<\/li>\n<\/ul>","protected":false},"excerpt":{"rendered":"<p>Our Custom Iron Casting Capabilities At Vastmaterial, we specialize in delivering a high-precision\u00a0custom cast iron part\u00a0tailored to your exact engineering [&hellip;]<\/p>\n","protected":false},"featured_media":1572,"comment_status":"open","ping_status":"closed","template":"","meta":{"site-sidebar-layout":"default","site-content-layout":"","ast-site-content-layout":"default","site-content-style":"default","site-sidebar-style":"default","ast-global-header-display":"","ast-banner-title-visibility":"","ast-main-header-display":"","ast-hfb-above-header-display":"","ast-hfb-below-header-display":"","ast-hfb-mobile-header-display":"","site-post-title":"","ast-breadcrumbs-content":"","ast-featured-img":"","footer-sml-layout":"","ast-disable-related-posts":"","theme-transparent-header-meta":"default","adv-header-id-meta":"","stick-header-meta":"","header-above-stick-meta":"","header-main-stick-meta":"","header-below-stick-meta":"","astra-migrate-meta-layouts":"set","ast-page-background-enabled":"default","ast-page-background-meta":{"desktop":{"background-color":"var(--ast-global-color-5)","background-image":"","background-repeat":"repeat","background-position":"center center","background-size":"auto","background-attachment":"scroll","background-type":"","background-media":"","overlay-type":"","overlay-color":"","overlay-opacity":"","overlay-gradient":""},"tablet":{"background-color":"","background-image":"","background-repeat":"repeat","background-position":"center center","background-size":"auto","background-attachment":"scroll","background-type":"","background-media":"","overlay-type":"","overlay-color":"","overlay-opacity":"","overlay-gradient":""},"mobile":{"background-color":"","background-image":"","background-repeat":"repeat","background-position":"center center","background-size":"auto","background-attachment":"scroll","background-type":"","background-media":"","overlay-type":"","overlay-color":"","overlay-opacity":"","overlay-gradient":""}},"ast-content-background-meta":{"desktop":{"background-color":"var(--ast-global-color-4)","background-image":"","background-repeat":"repeat","background-position":"center center","background-size":"auto","background-attachment":"scroll","background-type":"","background-media":"","overlay-type":"","overlay-color":"","overlay-opacity":"","overlay-gradient":""},"tablet":{"background-color":"var(--ast-global-color-4)","background-image":"","background-repeat":"repeat","background-position":"center center","background-size":"auto","background-attachment":"scroll","background-type":"","background-media":"","overlay-type":"","overlay-color":"","overlay-opacity":"","overlay-gradient":""},"mobile":{"background-color":"var(--ast-global-color-4)","background-image":"","background-repeat":"repeat","background-position":"center center","background-size":"auto","background-attachment":"scroll","background-type":"","background-media":"","overlay-type":"","overlay-color":"","overlay-opacity":"","overlay-gradient":""}}},"product_brand":[],"product_cat":[17,18,20,19],"product_tag":[466],"class_list":{"0":"post-1570","1":"product","2":"type-product","3":"status-publish","4":"has-post-thumbnail","6":"product_cat-stainless-steel","7":"product_cat-alloy-steel","8":"product_cat-duplex-stainless-steel","9":"product_cat-low-carbon-steel","10":"product_tag-custom-cast-iron","11":"desktop-align-left","12":"tablet-align-left","13":"mobile-align-left","15":"first","16":"instock","17":"shipping-taxable","18":"product-type-simple"},"_links":{"self":[{"href":"https:\/\/haoyumaterial.com\/nn\/wp-json\/wp\/v2\/product\/1570","targetHints":{"allow":["GET"]}}],"collection":[{"href":"https:\/\/haoyumaterial.com\/nn\/wp-json\/wp\/v2\/product"}],"about":[{"href":"https:\/\/haoyumaterial.com\/nn\/wp-json\/wp\/v2\/types\/product"}],"replies":[{"embeddable":true,"href":"https:\/\/haoyumaterial.com\/nn\/wp-json\/wp\/v2\/comments?post=1570"}],"wp:featuredmedia":[{"embeddable":true,"href":"https:\/\/haoyumaterial.com\/nn\/wp-json\/wp\/v2\/media\/1572"}],"wp:attachment":[{"href":"https:\/\/haoyumaterial.com\/nn\/wp-json\/wp\/v2\/media?parent=1570"}],"wp:term":[{"taxonomy":"product_brand","embeddable":true,"href":"https:\/\/haoyumaterial.com\/nn\/wp-json\/wp\/v2\/product_brand?post=1570"},{"taxonomy":"product_cat","embeddable":true,"href":"https:\/\/haoyumaterial.com\/nn\/wp-json\/wp\/v2\/product_cat?post=1570"},{"taxonomy":"product_tag","embeddable":true,"href":"https:\/\/haoyumaterial.com\/nn\/wp-json\/wp\/v2\/product_tag?post=1570"}],"curies":[{"name":"wp","href":"https:\/\/api.w.org\/{rel}","templated":true}]}}