{"id":1609,"date":"2026-01-31T09:52:25","date_gmt":"2026-01-31T01:52:25","guid":{"rendered":"https:\/\/haoyumaterial.com\/?post_type=product&#038;p=1609"},"modified":"2026-01-31T09:52:25","modified_gmt":"2026-01-31T01:52:25","slug":"precision-machinery-casting-services-custom-oem-parts-by-vastmaterial","status":"publish","type":"product","link":"https:\/\/haoyumaterial.com\/nn\/product\/precision-machinery-casting-services-custom-oem-parts-by-vastmaterial\/","title":{"rendered":"Presisjonsmaskineringstjenester for st\u00f8yping av tilpassa OEM-deler av Vastmaterial"},"content":{"rendered":"<p>Vastmaterial tilbyr presisjonsmaskineri st\u00f8yping med ISO-sertifiserte prosessar, tilpassa OEM-delar for landbruk, konstruksjon og industri.<\/p>\n<h2>Maskineri St\u00f8yperessursar<\/h2>\n<p>N\u00e5r du opererer i sektorar med h\u00f8g p\u00e5verknad som gruvedrift, sement eller kraftproduksjon, vil standarddelar ofte ikkje m\u00f8te krava til jobben. Det er her v\u00e5r\u00a0<strong>maskineri st\u00f8yping<\/strong>\u00a0ekspertise kjem inn i biletet. Vi er ikkje berre ein leverand\u00f8r; vi er ein direkte produsent og st\u00f8ypeverksemd dedikert til \u00e5 konstruere h\u00f8gtytande,\u00a0<strong>slitesterke<\/strong>, og varmebestandige komponentar designa for \u00e5 tole ekstreme industrielle milj\u00f8.<\/p>\n<p>V\u00e5rt anlegg er bygd for \u00e5 handtere dei strenge krava til\u00a0<strong>industriell metallst\u00f8ping<\/strong>, og byggjer bru mellom r\u00e5 ingeni\u00f8rteikningar og ferdige, varige delar. Vi fokuserer p\u00e5 \u00e5 redusere nedetida di ved \u00e5 produsere\u00a0<strong>tunge utstyrst\u00f8yper<\/strong>\u00a0som tilbyr overlegen levetid samanlikna med standard marknadsalternativ. Enten du treng knuseverk slitedelar, m\u00f8lleforingar eller omnskomponentar, er produksjonslinja v\u00e5r optimalisert for b\u00e5de presisjon og volum.<\/p>\n<h3>Kjerne St\u00f8ypeverksemd Styrker<\/h3>\n<p>Vi st\u00f8ttar produksjonen v\u00e5r med ein forplikting til kvalitet og metallurgisk presisjon:<\/p>\n<ul>\n<li><strong>Tilpassa OEM Maskineri Delar:<\/strong>\u00a0Vi produserer strengt basert p\u00e5 dine tekniske teikningar, og sikrar at kvar dimensjon passar dine spesifikke maskinerikrav.<\/li>\n<li><strong>Materialfleksibilitet:<\/strong>\u00a0V\u00e5rt st\u00f8ypeverksemd spesialiserer seg p\u00e5\u00a0<strong>H\u00f8gkrom st\u00f8ypejern<\/strong>,\u00a0<strong>Manganst\u00e5l<\/strong>, og Varmebestandig Legert St\u00e5l for \u00e5 matche dine spesifikke driftsforhold.<\/li>\n<li><strong>ISO 9001 Sertifisert St\u00f8yping:<\/strong>\u00a0Kvar steg, fr\u00e5 m\u00f8nsterproduksjon til sluttvarmebehandling, er styrt av strenge kvalitetskontrollprotokollar for \u00e5 sikre strukturell integritet og konsekvent hardheit.<\/li>\n<li><strong>Direkte produksjon:<\/strong>\u00a0Ved \u00e5 eliminere mellomledd, tilbyr vi kostnadseffektive l\u00f8ysingar for\u00a0<strong>skreddarsydde maskinkomponentar<\/strong>\u00a0utan \u00e5 g\u00e5 p\u00e5 kompromiss med materialkvalitet eller ytelse.<\/li>\n<\/ul>\n<h2>St\u00f8peprosessar vi brukar<\/h2>\n<p>Vi brukar spesifikke st\u00f8peteknikker tilpassa storleik, kompleksitet og materialkrav for\u00a0<strong>maskineri st\u00f8yping<\/strong>\u00a0prosjektet ditt. V\u00e5r fasilitet er utstyrt for \u00e5 h\u00e5ndtere alt fr\u00e5 massive slitedeler til intrikate presisjonsteinar, og sikrar at vi matcher riktig prosess til din spesifikke industriapplikasjon.<\/p>\n<h3>Sandst\u00f8ping for tungt utstyr<\/h3>\n<p>For store industrielle komponentar som knusekapslar, sk\u00e5l-liner og kvern-liner, stolar vi p\u00e5 v\u00e5r\u00a0<strong>sandst\u00f8periet<\/strong>\u00a0evne. Denne metoden er ideell for \u00e5 produsere tunge, tjukke veggdelar med h\u00f8gchromjern og manganst\u00e5l. Den tilbyr ein kostnadseffektiv m\u00e5te \u00e5 produsere massive\u00a0<strong>tunge utstyrst\u00f8yper<\/strong>\u00a0utan \u00e5 g\u00e5 p\u00e5 kompromiss med strukturell integritet.<\/p>\n<h3>Presisjonsinvesteringst\u00f8ping<\/h3>\n<p>N\u00e5r maskineriet ditt krev strenge toleransar og jevne overflatefinishar, brukar vi\u00a0<strong>tapt voks-st\u00f8yping<\/strong>.\u00a0<strong>Presisjonsinvesteringst\u00f8ping<\/strong>\u00a0gjer oss i stand til \u00e5 produsere komplekse geometriar som ville vere vanskelege eller umoglege \u00e5 oppn\u00e5 med standard maskinering. Dette er v\u00e5r foretrukne metode for intrikate legeringsst\u00e5ldelar der dimensjonell n\u00f8yaktigheit er kritisk. For ei grundigare forklaring p\u00e5 korleis vi matcher materialar til metodar, kan du lese v\u00e5r\u00a0<a href=\"https:\/\/haoyumaterial.com\/nn\/alloy-casting-co-inc-guide-to-processes-alloys-and-uses\/\">guide til st\u00f8peprosesser og legeringar<\/a>.<\/p>\n<h3>Skjellforma st\u00f8ping<\/h3>\n<p>Vi tilbyr ogs\u00e5 skjellforma st\u00f8ping som eit mellomledd, og gir betre overflatefinish og dimensjonsn\u00f8yaktighet enn gr\u00f8nsandst\u00f8ping. Denne prosessen er utmerka for mediumstore\u00a0<strong>skreddarsydde OEM-maskinkomponentar<\/strong>\u00a0som krev h\u00f8g n\u00f8yaktigheit i forhold til den originale designen. Ved \u00e5 integrere\u00a0<a href=\"https:\/\/haoyumaterial.com\/nn\/advanced-casting-technology-for-improved-foundry-yield-and-metal-purity\/\">avansert st\u00f8ypeteknologi<\/a>, sikrar vi at kvar einaste helling resulterer i ein feilfri komponent klar for dei t\u00f8ffaste milj\u00f8a.<\/p>\n<h2>Materialekspertise for maskindelar<\/h2>\n<p>\u00c5 velje rett legering er avgjerande for levetida og ytinga til komponenten. Vi tilbyr eit omfattande utval av materialalternativ skreddarsydde for spesifikke industrielle milj\u00f8, fr\u00e5 knusesoner med h\u00f8g p\u00e5verknad til h\u00f8gtemperaturomnar. St\u00f8yperiet v\u00e5rt tilpassar metallurgien for \u00e5 m\u00f8te dine n\u00f8yaktige mekaniske krav.<\/p>\n<h3>Jernhaldige metallalternativ<\/h3>\n<p>V\u00e5r kjernekompetanse ligg i jernhaldige metall designa for ekstrem haldbarheit. Vi spesialiserer oss p\u00e5\u00a0<strong>maskindelar av st\u00e5llegering<\/strong>\u00a0som toler kraftig slitasje og termisk stress.<\/p>\n<ul>\n<li><strong>Slitestyrkelege legeringar:<\/strong>\u00a0Vi nyttar h\u00f8g-krom st\u00f8ypejern (Cr15, Cr26) og manganst\u00e5l (Mn13, Mn18Cr2) for delar som krev eksepsjonell hardleik og seigleik.<\/li>\n<li><strong>Varmebestandig st\u00e5l:<\/strong>\u00a0For milj\u00f8 som st\u00e5r overfor ekstrem varme, st\u00f8ypjer vi ved hjelp av kvalitetar som 310S og Cr25Ni20 for \u00e5 hindre termisk utmatting.<\/li>\n<li><strong>Jernst\u00f8yper:<\/strong>\u00a0Vi produserer\u00a0<strong>maskinkomponentar av duktilt jern<\/strong>\u00a0og delar av gr\u00e5jern, som tilbyr framifr\u00e5 maskineringsevne og vibrasjonsdemping for tunge utstyrsbasar.<\/li>\n<\/ul>\n<h3>Spesialiserte legeringsevner<\/h3>\n<p>Utanom standard jern og st\u00e5l, konstruerer vi komplekse materiall\u00f8ysingar for unike bruksomr\u00e5de. Dette inkluderer bimetalliske komposittar som kombinerer ein t\u00f8ff base med ei hard sliteflate. For prosjekt som krev spesifikke kjemiske samansetjingar, slik som\u00a0<a href=\"https:\/\/haoyumaterial.com\/nn\/product-category\/high-temperature-alloy\/chromium-cobalt-molybdenum\/\">krom-kobalt-molybdenumlegeringar<\/a>, sikrar vi n\u00f8yaktig overhalding av metallurgiske standardar for \u00e5 levere\u00a0<strong>st\u00f8pegods med h\u00f8g strekkfastleik<\/strong>\u00a0som yter p\u00e5liteleg under trykk.<\/p>\n<h2>Industrielle bruksomr\u00e5der for v\u00e5re st\u00f8pevarer<\/h2>\n<p>Vi utviklar v\u00e5re maskineringl\u00f8ysingar for st\u00f8ping til \u00e5 yte i dei mest krevjande milj\u00f8a. Enten det er \u00e5 handtere slipande materialar eller \u00e5 t\u00e5le ekstreme termiske syklusar, er komponentane v\u00e5re utforma for \u00e5 redusere vedlikehaldsstans og forlenga utstyrslevetid. Ved \u00e5 utnytte h\u00f8gtytande legeringar som h\u00f8gchromst\u00f8pejern og manganst\u00e5l, leverer vi\u00a0<strong>tunge utstyrst\u00f8yper<\/strong>\u00a0som held drifta di i gang smidig.<\/p>\n<p>V\u00e5r st\u00f8peribedrift betener eit mangfald av sektorar med\u00a0<strong>skreddarsydde OEM-maskinkomponentar<\/strong>:<\/p>\n<ul>\n<li><strong>Gruvedrift og Steinbrot:<\/strong>\u00a0Dette er kjernekompetansen v\u00e5r. Vi produserer kritiske slitedeler for knusarar og kverner, inkludert mantlar, sk\u00e5lforingar og kverningsmediar. Desse\u00a0<strong>gruvest\u00f8pevarer<\/strong>\u00a0er konstruerte for \u00e5 t\u00e5le h\u00f8gimpact og h\u00f8gslitasje forhold.<\/li>\n<li><strong>Bygg og sement:<\/strong>\u00a0Fr\u00e5 utstyrsslitedeler til ovnkomponentar, tilbyr v\u00e5re\u00a0<strong>bygningsutstyrsdeler<\/strong>\u00a0den holdbarheita som trengst p\u00e5 byggeplassen. Vi leverer ogs\u00e5 varmebestandige ristestenger og bjelker for sementfabrikkar.<\/li>\n<li><strong>Landbruk:<\/strong>\u00a0Vi produserer\u00a0<strong>landbruksst\u00f8pevarer<\/strong>\u00a0designet for \u00e5 motst\u00e5 jordslitasje og p\u00e5verknad, og sikrar p\u00e5liteleg ytelse for jordarbeidings- og innh\u00f8stingutstyr.<\/li>\n<li><strong>Bil- og industriell produksjon:<\/strong>\u00a0Gjennom v\u00e5rt\u00a0<a href=\"https:\/\/haoyumaterial.com\/nn\/services\/precision-casting\/\">presisjonsst\u00f8petenester<\/a>, leverer vi komplekse, h\u00f8gtolerante komponentar skreddarsydde for spesifikke bil- og industriutformingar.<\/li>\n<\/ul>\n<p>Vi arbeider direkte fr\u00e5 dine tekniske teikningar for \u00e5 levere\u00a0<strong>industriell metallst\u00f8ping<\/strong>\u00a0l\u00f8ysingar som samsvarar med dine n\u00f8yaktige spesifikasjonar, og eliminerer behovet for dyre mellomledd.<\/p>\n<h2>Tekniske spesifikasjonar og toleransestandardar<\/h2>\n<p><img loading=\"lazy\" decoding=\"async\" class=\"wp-image-1611\" src=\"https:\/\/haoyumaterial.com\/wp-content\/uploads\/2026\/01\/machinery-casting-300x225.jpg\" alt=\"\" width=\"436\" height=\"327\" srcset=\"https:\/\/haoyumaterial.com\/wp-content\/uploads\/2026\/01\/machinery-casting-300x225.jpg 300w, https:\/\/haoyumaterial.com\/wp-content\/uploads\/2026\/01\/machinery-casting-1024x768.jpg 1024w, https:\/\/haoyumaterial.com\/wp-content\/uploads\/2026\/01\/machinery-casting-768x576.jpg 768w, https:\/\/haoyumaterial.com\/wp-content\/uploads\/2026\/01\/machinery-casting-1536x1152.jpg 1536w, https:\/\/haoyumaterial.com\/wp-content\/uploads\/2026\/01\/machinery-casting-2048x1536.jpg 2048w, https:\/\/haoyumaterial.com\/wp-content\/uploads\/2026\/01\/machinery-casting-16x12.jpg 16w, https:\/\/haoyumaterial.com\/wp-content\/uploads\/2026\/01\/machinery-casting-600x450.jpg 600w\" sizes=\"auto, (max-width: 436px) 100vw, 436px\" \/><\/p>\n<p>N\u00e5r det gjeld\u00a0<strong>maskineri st\u00f8yping<\/strong>, presisjon er ikkje berre eit krav; det er grunnlaget for ytinga. Vi f\u00f8lgjer strenge dimensjonale toleransar og metallurgiske standardar for \u00e5 sikre at kvar komponent passar s\u00f8ml\u00f8st inn i samansetjinga di. Enten du treng\u00a0<strong>tunge utstyrst\u00f8yper<\/strong>\u00a0eller intrikate slitedeler, er produksjonslinja v\u00e5r kalibrert for \u00e5 m\u00f8te strenge internasjonale krav, st\u00f8tta av v\u00e5rt ISO 9001-kvalitetsstyringssystem.<\/p>\n<p>Vi tilpassar v\u00e5re produksjonsparametrar basert p\u00e5 den spesifikke funksjonen til delen\u2014balanserer ductilitet, hardleik og termisk stabilitet. For ei djupare innsikt i materialval, kan du sj\u00e5 gjennom v\u00e5r\u00a0<strong><a href=\"https:\/\/haoyumaterial.com\/nn\/casting-alloy-guide-types-properties-applications-and-selection\/\">omfattande st\u00f8pelegeringsguide<\/a><\/strong>\u00a0for \u00e5 matche riktig kvalitet til di anvending.<\/p>\n<h3>Viktige st\u00f8pespesifikasjonar<\/h3>\n<div class=\"table-responsive\">\n<table class=\"table\">\n<thead>\n<tr>\n<th>Eigenskap<\/th>\n<th>Spesifikasjonsdetaljar<\/th>\n<\/tr>\n<\/thead>\n<tbody>\n<tr>\n<td><strong>Dimensjonsavvik<\/strong><\/td>\n<td>\u00a0 \u00a0 \u00a0 \u00a0 \u00a0 \u00a0 \u00a0 \u00a0 \u00a0 \u00a0 \u00a0 \u00a0 \u00a0 F\u00f8lgje ISO 8062-standardar (CT-gradene varierer etter prosess: Sand vs. Investering).<\/td>\n<\/tr>\n<tr>\n<td><strong>Materialgrader<\/strong><\/td>\n<td><strong>\u00a0 \u00a0 \u00a0 \u00a0 \u00a0 \u00a0 \u00a0 \u00a0 \u00a0 \u00a0 H\u00f8gkarbonjern<\/strong>\u00a0(Cr15, Cr26),\u00a0<strong>Manganst\u00e5l<\/strong>\u00a0(Mn13, Mn18),\u00a0<strong>Varmebestandig st\u00e5l<\/strong>\u00a0(310S, Cr25Ni20).<\/td>\n<\/tr>\n<tr>\n<td><strong>Hardleiksniv\u00e5<\/strong><\/td>\n<td>\u00a0 \u00a0 \u00a0 \u00a0 \u00a0 \u00a0 \u00a0 \u00a0 \u00a0 \u00a0 \u00a0Skreddarsydde varmebehandlingar oppn\u00e5r spesifikke HRC-vurderingar (t.d., <strong>HRC 58-65<\/strong>\u00a0for h\u00f8gkarbon slitedeler).<\/td>\n<\/tr>\n<tr>\n<td><strong>Overflatefinish<\/strong><\/td>\n<td>\u00a0 \u00a0 \u00a0 \u00a0 \u00a0 \u00a0 \u00a0 \u00a0 \u00a0 \u00a0 \u00a0 \u00a0 \u00a0 \u00a0 \u00a0 Standard st\u00f8perifinish eller maskinert til spesifikke Ra-verd upon request.<\/td>\n<\/tr>\n<tr>\n<td><strong>Testprotokollar<\/strong><\/td>\n<td>\u00a0 \u00a0 \u00a0 \u00a0 \u00a0 \u00a0 \u00a0 \u00a0 \u00a0 \u00a0 \u00a0 \u00a0 \u00a0 \u00a0 \u00a0Kjemisk analyse, hardleikstest og dimensjonskontroll etter kundetegningar.<\/td>\n<\/tr>\n<\/tbody>\n<\/table>\n<\/div>\n<h3>Varmebehandling &amp; Etterbehandling<\/h3>\n<p>\u00c5 oppn\u00e5 dei rette mekaniske eigenskapane skjer ofte etter at metallet er st\u00f8pt. Vi bruker avanserte\u00a0<strong>varmebehandlingar<\/strong>, inkludert br\u00e5kj\u00f8ling og temperering, for \u00e5 optimalisere mikrostrukturen i st\u00f8ypegodset v\u00e5rt. Dette er kritisk for\u00a0<strong>industriell metallst\u00f8ping<\/strong>\u00a0prosjekt som krev h\u00f8g slitestyrke eller evna til \u00e5 tole ekstremt termisk sjokk i omnsmilj\u00f8. Vi leverer delar som ikkje berre har rett form, men som er konstruerte for \u00e5 vare.<\/p>\n<h2>Haoyu-fordelen: Fr\u00e5 design til ferdig del<\/h2>\n<p>\u00c5 handtere fleire leverand\u00f8rar for ein enkelt komponent er eit logistisk mareritt som driv opp kostnadene og forlenger leveringstidene. Vi effektiviserer heile forsyningskjeda ved \u00e5 tilby ei komplett l\u00f8ysing for\u00a0<strong>maskineri st\u00f8yping<\/strong>. I staden for \u00e5 g\u00e5 fram og tilbake mellom eit designfirma, eit st\u00f8peri og eit maskinverkstad, handterer vi alle produksjonssteg internt. Denne integrerte tiln\u00e6rminga sikrar at dine\u00a0<strong>skreddarsydde OEM-maskinkomponentar<\/strong>\u00a0oppfyller strenge kvalitetsstandardar utan forseinkingar og misforst\u00e5ingar som ofte blir for\u00e5rsaka av tredjepartsoverleveringar.<\/p>\n<p>Prosessen v\u00e5r startar med ingeni\u00f8rkunst og m\u00f8nsterutvikling. Enten du har klare teikningar eller treng hjelp til \u00e5 optimalisere ein del for produksjon, jobbar teamet v\u00e5rt direkte med spesifikasjonane dine. Vi nyttar avanserte\u00a0<a href=\"https:\/\/haoyumaterial.com\/nn\/investment-mold\/\">investeringsformdesign<\/a>\u00a0teknikkar for \u00e5 lage presise m\u00f8nster som minimerer avfall og sikrar dimensjonsn\u00f8yaktigheit heilt fr\u00e5 starten. N\u00e5r designet er l\u00e5st, g\u00e5r vi vidare til st\u00f8ypefasen, der vi nyttar spesialiserte materialar som h\u00f8gt kromjern og manganst\u00e5l som er skreddarsydde for industrielle milj\u00f8 med h\u00f8gt slitasjeniv\u00e5.<\/p>\n<p>Etter st\u00f8yping sender vi ikkje berre r\u00e5delar. Kapasiteten v\u00e5r strekkjer seg til sekund\u00e6rprosessering, inkludert\u00a0<strong>CNC-maskinering av st\u00f8ypetenester<\/strong>\u00a0for \u00e5 oppn\u00e5 snevre toleransar og spesifikke overflatefinishar som krevst for montering. Vi utf\u00f8rer \u00f2g viktige varmebehandlingar \u2013 som br\u00e5kj\u00f8ling og temperering \u2013 for \u00e5 oppn\u00e5 dei n\u00f8dvendige HRC-hardheitsniv\u00e5a for maksimal haldbarheit. Ved \u00e5 sentralisere desse operasjonane ved v\u00e5rt\u00a0<a href=\"https:\/\/haoyumaterial.com\/nn\/factory\/\">produksjonsanlegg<\/a>, opprettheld vi total kontroll over kvaliteten fr\u00e5 den f\u00f8rste smeltinga til den endelege overflatebehandlinga, og leverer ferdige komponentar som er klare til bruk umiddelbart.<\/p>\n<h2>Kvalitetssikring og testing (QA)<\/h2>\n<p><img loading=\"lazy\" decoding=\"async\" class=\"alignnone  wp-image-1612\" src=\"https:\/\/haoyumaterial.com\/wp-content\/uploads\/2026\/01\/machinery-casting-1-300x225.jpg\" alt=\"\" width=\"459\" height=\"344\" srcset=\"https:\/\/haoyumaterial.com\/wp-content\/uploads\/2026\/01\/machinery-casting-1-300x225.jpg 300w, https:\/\/haoyumaterial.com\/wp-content\/uploads\/2026\/01\/machinery-casting-1-16x12.jpg 16w, https:\/\/haoyumaterial.com\/wp-content\/uploads\/2026\/01\/machinery-casting-1.jpg 600w\" sizes=\"auto, (max-width: 459px) 100vw, 459px\" \/><\/p>\n<p>Ved st\u00f8periet v\u00e5rt startar levering av p\u00e5litelege\u00a0<strong>maskineri st\u00f8yping<\/strong>\u00a0l\u00f8ysingar med streng overhalding av globale standardar. Vi opererer under eit strengt kvalitetsstyringssystem, som sikrar at kvar komponent oppfyller dei n\u00f8yaktige metallurgiske og dimensjonale krava i prosjektet ditt. Som ein\u00a0<strong>ISO 9001 sertifiserte st\u00f8ype<\/strong>\u00a0leverand\u00f8r integrerer vi kvalitetskontroll i alle produksjonssteg, fr\u00e5 inspeksjon av r\u00e5materiale til den endelege forsendelsen.<\/p>\n<p>For \u00e5 garantere yting i milj\u00f8 med h\u00f8g belastning nyttar vi v\u00e5re\u00a0<a href=\"https:\/\/haoyumaterial.com\/nn\/technology\/testing-and-quality\/\">omfattande test- og kvalitetsprotokollar<\/a>. Laboratoriet v\u00e5rt er utstyrt for \u00e5 handtere dei spesifikke krava fr\u00e5 tungindustrien, og sikrar at slitesterke og varmebestandige delar yter n\u00f8yaktig som designa.<\/p>\n<p><strong>V\u00e5re testkapasitetar inkluderer:<\/strong><\/p>\n<ul>\n<li><strong>Kjemisk analyse:<\/strong>\u00a0Vi brukar avanserte\u00a0<strong>Spektrometer<\/strong>\u00a0for \u00e5 verifisere den n\u00f8yaktige elementsamansetjinga av h\u00f8g-krom, mangan- og legeringsst\u00e5l f\u00f8r st\u00f8yping.<\/li>\n<li><strong>Testing av fysiske eigenskapar:<\/strong>\u00a0Vi utf\u00f8rer hardheitspr\u00f8ving (HRC) og slagpr\u00f8ving for \u00e5 sikre haldbarheit mot slitasje og st\u00f8yt.<\/li>\n<li><strong>Dimensjonskontroll:<\/strong>\u00a0Bruk av\u00a0<strong>CMM (Koordinatm\u00e5lemaskiner)<\/strong>\u00a0og presise m\u00e5larar, vi verifiserer at alle\u00a0<strong>skreddarsydde OEM-maskinkomponentar<\/strong>\u00a0stemmer overeins med dine tekniske teikningar innanfor strenge toleransar.<\/li>\n<li><strong>Ikke-destruktiv testing (NDT):<\/strong>\u00a0Vi nyttar protokollar som ultralyd- og magnetisk partikkeltesting for \u00e5 oppdage interne feil utan \u00e5 skade komponenten.<\/li>\n<\/ul>\n<p>Ved \u00e5 kombinere desse metodane med v\u00e5r\u00a0<a href=\"https:\/\/haoyumaterial.com\/nn\/alloy-cast-steel-factory-capabilities-processes-and-quality\/\">legeringsst\u00f8pest\u00e5lfabrikkfasilitetar<\/a>, eliminerer vi risikoen for tidleg feil og sikrar at utstyret ditt held seg operasjonelt lenger.<\/p>\n<h2>Kvifor samarbeide med Vastmaterial?<\/h2>\n<p>\u00c5 velje den rette partnaren for\u00a0<strong>maskineri st\u00f8yping<\/strong>\u00a0handlar om meir enn berre det l\u00e5gaste bodet \u2013 det handlar om p\u00e5litelegheit og teknisk integritet. Hos Vastmaterial opererer vi som ein direkte produsent, ikkje ein mellommann. Denne skilnaden gjer oss i stand til \u00e5 tilby\u00a0<strong>forsyningskjedestabilitet<\/strong>\u00a0som handelsselskap rett og slett ikkje kan matche. N\u00e5r du jobbar med oss, har du direkte kontakt med st\u00f8ypegolvet, noko som sikrar klar kommunikasjon og raskare l\u00f8ysing av tekniske sp\u00f8rsm\u00e5l.<\/p>\n<p>Vi prioriterer\u00a0<strong>kostnadseffektivitet<\/strong>\u00a0utan \u00e5 g\u00e5 p\u00e5 akkord med den metallurgiske kvaliteten som krevst for\u00a0<strong>tunge utstyrst\u00f8yper<\/strong>. Ved \u00e5 eliminere tredjepartsavansar og optimalisere st\u00f8ypemetodane v\u00e5re, leverer vi h\u00f8gtytande delar som passar budsjettet ditt. Ingeni\u00f8rteamet v\u00e5rt tilbyr ogs\u00e5 verdiskapande st\u00f8tte, og hjelper deg med \u00e5 forst\u00e5\u00a0<a href=\"https:\/\/haoyumaterial.com\/nn\/difference-between-forging-and-casting-expert-guide-by-vastmaterial\/\">forskjellen mellom smiing og st\u00f8ping<\/a>\u00a0for \u00e5 sikre at du nyttar den mest \u00f8konomiske og varaktige prosessen for di spesifikke bruksomr\u00e5de.<\/p>\n<p><strong>Viktige partnarfordelar:<\/strong><\/p>\n<ul>\n<li><strong>Fleksible MOQ-ar:<\/strong>\u00a0Vi st\u00f8ttar veksten i verksemda di ved \u00e5 im\u00f8tekome b\u00e5de sm\u00e5skala prototypek\u00f8yringar og storskala masseproduksjonsordrar.<\/li>\n<li><strong>Direkte produsentprisar:<\/strong>\u00a0F\u00e5 fabrikkdirekte prisar for\u00a0<strong>skreddarsydde OEM-maskinkomponentar<\/strong>, og maksimer fortjenestemarginane dine.<\/li>\n<li><strong>Ende-til-ende-kontroll:<\/strong>\u00a0Fr\u00e5 r\u00e5materialeval til endeleg varmebehandling, sikrar v\u00e5re ISO 9001-sertifiserte prosessar at kvar komponent oppfyller strenge norske industristandardar.<\/li>\n<\/ul>\n<h2>Ofte stilte sp\u00f8rsm\u00e5l (FAQ)<\/h2>\n<p><strong>Kva filformat aksepterer de for tilpassa OEM-maskindelar?<\/strong><br \/>\nFor \u00e5 gje det mest n\u00f8yaktige tilbodet, krev vi vanlegvis 2D-ingeni\u00f8rteikningar (PDF, DWG) saman med 3D-modellar (STEP, IGS eller X_T). Desse filene gjer det mogleg for ingeni\u00f8rane v\u00e5re \u00e5 evaluere geometrien og toleransekrava for dine tunge utstyrst\u00f8ypingar effektivt.<\/p>\n<p><strong>Kan de konvertere sveiste konstruksjonar til st\u00f8ypingar?<\/strong><br \/>\nJa, vi hjelper ofte kundar med \u00e5 g\u00e5 over fr\u00e5 komplekse sveiste konstruksjonar til eittstykke\u00a0<strong>maskineri st\u00f8yping<\/strong>\u00a0l\u00f8ysingar. Denne konverteringa resulterer ofte i sterkare komponentar med betre spenningsfordeling og l\u00e5gare langsiktige produksjonskostnader. Vi vurderer dine noverande design for \u00e5 sikre at overgangen til\u00a0<strong>industriell metallst\u00f8ping<\/strong>\u00a0oppfyller dine ytingstandardar.<\/p>\n<p><strong>Kva materialar er tilgjengelege for maskinkomponentar?<\/strong><br \/>\nVi spesialiserer oss p\u00e5 h\u00f8gtytande materialar skreddarsydde for slitasje- og varmebestandigheit. St\u00f8yperiet v\u00e5rt hellar h\u00f8gkromst\u00f8ypejern, manganst\u00e5l og spesialisert\u00a0<a href=\"https:\/\/haoyumaterial.com\/nn\/product-category\/stainless-steel\/alloy-steel\/\">legeringsst\u00e5lmaskindelar<\/a>\u00a0som er eigna for aggressive industrielle milj\u00f8 som gruvedrift og kraftproduksjon.<\/p>\n<p><strong>Korleis blir leveringstider fastsett?<\/strong><br \/>\nLead times depend on the complexity of the pattern design, the specific material grade, and the order volume. As a direct manufacturer, we streamline the process from mold creation to final heat treatment to ensure timely delivery. For a precise schedule, please submit your project details for review.<\/p>","protected":false},"excerpt":{"rendered":"<p>Vastmaterial offers precision machinery casting with ISO certified processes custom OEM parts for agriculture construction and industry. Machinery Casting Capabilities [&hellip;]<\/p>\n","protected":false},"featured_media":1610,"comment_status":"open","ping_status":"closed","template":"","meta":{"site-sidebar-layout":"default","site-content-layout":"","ast-site-content-layout":"default","site-content-style":"default","site-sidebar-style":"default","ast-global-header-display":"","ast-banner-title-visibility":"","ast-main-header-display":"","ast-hfb-above-header-display":"","ast-hfb-below-header-display":"","ast-hfb-mobile-header-display":"","site-post-title":"","ast-breadcrumbs-content":"","ast-featured-img":"","footer-sml-layout":"","ast-disable-related-posts":"","theme-transparent-header-meta":"default","adv-header-id-meta":"","stick-header-meta":"","header-above-stick-meta":"","header-main-stick-meta":"","header-below-stick-meta":"","astra-migrate-meta-layouts":"set","ast-page-background-enabled":"default","ast-page-background-meta":{"desktop":{"background-color":"var(--ast-global-color-5)","background-image":"","background-repeat":"repeat","background-position":"center center","background-size":"auto","background-attachment":"scroll","background-type":"","background-media":"","overlay-type":"","overlay-color":"","overlay-opacity":"","overlay-gradient":""},"tablet":{"background-color":"","background-image":"","background-repeat":"repeat","background-position":"center center","background-size":"auto","background-attachment":"scroll","background-type":"","background-media":"","overlay-type":"","overlay-color":"","overlay-opacity":"","overlay-gradient":""},"mobile":{"background-color":"","background-image":"","background-repeat":"repeat","background-position":"center center","background-size":"auto","background-attachment":"scroll","background-type":"","background-media":"","overlay-type":"","overlay-color":"","overlay-opacity":"","overlay-gradient":""}},"ast-content-background-meta":{"desktop":{"background-color":"var(--ast-global-color-4)","background-image":"","background-repeat":"repeat","background-position":"center center","background-size":"auto","background-attachment":"scroll","background-type":"","background-media":"","overlay-type":"","overlay-color":"","overlay-opacity":"","overlay-gradient":""},"tablet":{"background-color":"var(--ast-global-color-4)","background-image":"","background-repeat":"repeat","background-position":"center center","background-size":"auto","background-attachment":"scroll","background-type":"","background-media":"","overlay-type":"","overlay-color":"","overlay-opacity":"","overlay-gradient":""},"mobile":{"background-color":"var(--ast-global-color-4)","background-image":"","background-repeat":"repeat","background-position":"center center","background-size":"auto","background-attachment":"scroll","background-type":"","background-media":"","overlay-type":"","overlay-color":"","overlay-opacity":"","overlay-gradient":""}}},"product_brand":[],"product_cat":[17,21,25,22,24],"product_tag":[488],"class_list":{"0":"post-1609","1":"product","2":"type-product","3":"status-publish","4":"has-post-thumbnail","6":"product_cat-stainless-steel","7":"product_cat-aluminum-alloy","8":"product_cat-copper-alloy","9":"product_cat-high-temperature-alloy","10":"product_cat-titanium-alloy","11":"product_tag-machinery-casting","12":"desktop-align-left","13":"tablet-align-left","14":"mobile-align-left","16":"first","17":"instock","18":"shipping-taxable","19":"product-type-simple"},"_links":{"self":[{"href":"https:\/\/haoyumaterial.com\/nn\/wp-json\/wp\/v2\/product\/1609","targetHints":{"allow":["GET"]}}],"collection":[{"href":"https:\/\/haoyumaterial.com\/nn\/wp-json\/wp\/v2\/product"}],"about":[{"href":"https:\/\/haoyumaterial.com\/nn\/wp-json\/wp\/v2\/types\/product"}],"replies":[{"embeddable":true,"href":"https:\/\/haoyumaterial.com\/nn\/wp-json\/wp\/v2\/comments?post=1609"}],"wp:featuredmedia":[{"embeddable":true,"href":"https:\/\/haoyumaterial.com\/nn\/wp-json\/wp\/v2\/media\/1610"}],"wp:attachment":[{"href":"https:\/\/haoyumaterial.com\/nn\/wp-json\/wp\/v2\/media?parent=1609"}],"wp:term":[{"taxonomy":"product_brand","embeddable":true,"href":"https:\/\/haoyumaterial.com\/nn\/wp-json\/wp\/v2\/product_brand?post=1609"},{"taxonomy":"product_cat","embeddable":true,"href":"https:\/\/haoyumaterial.com\/nn\/wp-json\/wp\/v2\/product_cat?post=1609"},{"taxonomy":"product_tag","embeddable":true,"href":"https:\/\/haoyumaterial.com\/nn\/wp-json\/wp\/v2\/product_tag?post=1609"}],"curies":[{"name":"wp","href":"https:\/\/api.w.org\/{rel}","templated":true}]}}