{"id":1648,"date":"2026-02-03T09:39:31","date_gmt":"2026-02-03T01:39:31","guid":{"rendered":"https:\/\/haoyumaterial.com\/?post_type=product&#038;p=1648"},"modified":"2026-02-03T09:47:01","modified_gmt":"2026-02-03T01:47:01","slug":"precise-cast-prototype-and-engineering-services-with-rapid-delivery","status":"publish","type":"product","link":"https:\/\/haoyumaterial.com\/nn\/product\/precise-cast-prototype-and-engineering-services-with-rapid-delivery\/","title":{"rendered":"N\u00f8yaktige st\u00f8peprototype- og ingeni\u00f8rtjenester med rask levering"},"content":{"rendered":"<p>Vastmaterial tilbyr presise st\u00f8ype prototype- og ingeni\u00f8rtenester med rask investeringsst\u00f8yping, vakuumst\u00f8yping og ekspert DFM-st\u00f8tte.<\/p>\n<h2>Bruer mellom design og produksjon med presisjonsingeni\u00f8rkunst<\/h2>\n<p>\u00c5 flytte eit prosjekt fr\u00e5 ei digital CAD-fil til fysisk r\u00f8yndom krev meir enn berre r\u00e5 produksjonskraft; det krev teknisk framsyn. Hos Haoyu Material, v\u00e5re\u00a0<strong>presis st\u00f8ype prototype &amp; ingeni\u00f8rkunst<\/strong>\u00a0tenester bruer det kritiske gapet mellom raske 3D-printa konsept og funksjonelle delar av produksjonskvalitet. Vi spesialiserer oss p\u00e5 \u00e5 overf\u00f8re design fr\u00e5 innleiande SLA- eller SLS-modellar til robuste produksjonseiningar i l\u00e5ge volum, og sikrar at prototypen din yter n\u00f8yaktig som det endelege produktet.<\/p>\n<p>Vi taklar dei ingeni\u00f8rutfordringane som ofte stoppar utviklinga, spesifikt handtering av\u00a0<strong>av komplekse geometriar<\/strong>\u00a0som krev ekspertmerksemd. Teamet v\u00e5rt optimaliserer design for:<\/p>\n<ul>\n<li><strong>Intrikate underskjeringar:<\/strong>\u00a0Endring av verkt\u00f8ystrategiar for \u00e5 im\u00f8tekome funksjonar som ikkje kan st\u00f8ypast med enkle opne-lukke-verkt\u00f8y.<\/li>\n<li><strong>Tynnveggseksjonar:<\/strong>\u00a0Sikre strukturell integritet samtidig som lette designkrav blir oppretthaldne.<\/li>\n<li><strong>Dimensjonell n\u00f8yaktigheit:<\/strong>\u00a0Grundig filgjennomgang for \u00e5 kontrollere krympehastigheiter og material\u00e5tferd under st\u00f8ypeprosessen.<\/li>\n<\/ul>\n<p>F\u00f8r produksjonen startar, brukar vi omfattande\u00a0<strong>Design for produksjon (DFM)<\/strong>\u00a0protokollar. Vi g\u00e5r gjennom kvar STEP- eller IGES-fil for \u00e5 verifisere slippvinklar for jamn formutl\u00f8ysing og optimalisere veggtjukkleiken for \u00e5 hindre s\u00f8kkmerke eller vridning. Denne ingeni\u00f8rfokuserte tiln\u00e6rminga sikrar at dei raske prototypane dine ikkje berre er visuelle modellar, men funksjonelle komponentar klare for testing.<\/p>\n<h2>V\u00e5re kjernekapasitetar for st\u00f8yping og prototyping<\/h2>\n<p><img loading=\"lazy\" decoding=\"async\" class=\"alignnone wp-image-1649\" src=\"https:\/\/haoyumaterial.com\/wp-content\/uploads\/2026\/02\/VAST-300x300.jpg\" alt=\"\" width=\"400\" height=\"400\" srcset=\"https:\/\/haoyumaterial.com\/wp-content\/uploads\/2026\/02\/VAST-300x300.jpg 300w, https:\/\/haoyumaterial.com\/wp-content\/uploads\/2026\/02\/VAST-150x150.jpg 150w, https:\/\/haoyumaterial.com\/wp-content\/uploads\/2026\/02\/VAST-768x768.jpg 768w, https:\/\/haoyumaterial.com\/wp-content\/uploads\/2026\/02\/VAST-12x12.jpg 12w, https:\/\/haoyumaterial.com\/wp-content\/uploads\/2026\/02\/VAST-600x600.jpg 600w, https:\/\/haoyumaterial.com\/wp-content\/uploads\/2026\/02\/VAST-100x100.jpg 100w, https:\/\/haoyumaterial.com\/wp-content\/uploads\/2026\/02\/VAST.jpg 800w\" sizes=\"auto, (max-width: 400px) 100vw, 400px\" \/><\/p>\n<p>Hos Haoyu effektiviserer vi overgangen fr\u00e5 digital design til fysisk r\u00f8yndom. Enten du treng ein enkelt visuell modell eller eit lite parti med funksjonelle delar, v\u00e5re\u00a0<strong>presis st\u00f8ype prototype &amp; ingeni\u00f8rkunst<\/strong>\u00a0tenester dekkjer b\u00e5de metall- og plastkrav med fart og n\u00f8yaktigheit. Vi kombinerer tradisjonell produksjonsvisdom med moderne raske teknologiar for \u00e5 levere delar som fungerer like bra som dei ser ut.<\/p>\n<h3>Rask investeringsst\u00f8yping (metall)<\/h3>\n<p>Dette er v\u00e5r f\u00f8retrekte l\u00f8ysing for funksjonelle metallprototypar og komplekse romfartskomponentar der hardt verkt\u00f8y er for sakte eller kostbart. Vi omg\u00e5r tradisjonell formlaging ved \u00e5 bruke 3D-printa voksm\u00f8nster for \u00e5 lage det keramiske skallet, noko som opnar for intrikate geometriar som underskjeringar og interne kanalar.<\/p>\n<ul>\n<li><strong>Prosess:<\/strong>\u00a03D-printa m\u00f8nster $rightarrow$ Keramisk skallskapning $rightarrow$ Metallhelling.<\/li>\n<li><strong>Materiale:<\/strong>\u00a0Vi st\u00f8yper eit breitt spekter av legeringar, inkludert rustfritt st\u00e5l, magnesium, sink og\u00a0<a href=\"https:\/\/haoyumaterial.com\/nn\/a356-t6-aluminum-alloy-specifications-strength-and-applications\/\">A356-T6 aluminium<\/a>\u00a0for overlegen styrke-til-vekt-forhold.<\/li>\n<li><strong>Fordel:<\/strong>\u00a0Du f\u00e5r metalldelar av produksjonskvalitet utan leveringstid eller kostnadar for permanente former.<\/li>\n<\/ul>\n<h3>Vakuumst\u00f8yping (Plast)<\/h3>\n<p>N\u00e5r du treng 10 til 50 delar for marknadsf\u00f8ringsmateriale eller passformkontrollar,\u00a0<strong>vakuumst\u00f8yping prototypar<\/strong>\u00a0tilbyr den perfekte balansen mellom kvalitet og kostnad. Vi lagar ei silikonform fr\u00e5 eit CNC-maskinert hovudm\u00f8nster for \u00e5 produsere h\u00f8g-kvalitetskopiar som etterliknar endelege produksjonsdelar.<\/p>\n<ul>\n<li><strong>Prosess:<\/strong>\u00a0CNC Master $rightarrow$\u00a0<strong>Silikonforming<\/strong>\u00a0$rightarrow$ Polyuretanst\u00f8yping.<\/li>\n<li><strong>Materiale:<\/strong>\u00a0V\u00e5re resinar simulerer eigenskapane til ABS, PP, PC, Akryl og til og med mjuk gummi.<\/li>\n<li><strong>Fordel:<\/strong>\u00a0Simulerer kvaliteten til spr\u00f8ytest\u00f8yping til ein br\u00f8kdel av kostnaden, ideelt for produksjon i l\u00e5ge volum.<\/li>\n<\/ul>\n<h3>Presis CNC-maskinering og -etterbehandling<\/h3>\n<p>St\u00f8yping f\u00e5r oss n\u00e6r den endelege forma, men v\u00e5re\u00a0<strong>CNC-maskinerte prototypar<\/strong>\u00a0sikrar at dei kritiske funksjonane oppfyller strenge tekniske teikningar. Vi behandlar st\u00f8yping som ein prosess n\u00e6r nettoform, og brukar maskinering for \u00e5 forfine detaljane.<\/p>\n<ul>\n<li><strong>Toleransar:<\/strong>\u00a0Vi utf\u00f8rer etterst\u00f8ypingsmaskinering for \u00e5 oppn\u00e5 toleransar s\u00e5 stramme som \u00b10,01 mm.<\/li>\n<li><strong>Ferdigstilling:<\/strong>\u00a0Fr\u00e5 anodisering og pulverlakkering til kulebl\u00e5sing og varmebehandling, leverer vi delar klare for montering eller utstilling.<\/li>\n<\/ul>\n<h2>Teknisk st\u00f8tte: DFM-fordelen<\/h2>\n<p>&nbsp;<\/p>\n<p>Vi berre tek ikkje fila di og trykkjer \u201cprint\u201d. Sant\u00a0<strong>presis st\u00f8ype prototype &amp; ingeni\u00f8rkunst<\/strong>\u00a0krev ei djupdykk i designet f\u00f8r ein einaste unse med materiale blir helt. Ingeni\u00f8rteamet v\u00e5rt fungerer som ein brannmur mellom konseptet ditt og produksjonsgolvet, og sikrar at det du har designa faktisk kan byggjast og fungerer.<\/p>\n<p>Vi bryt ned\u00a0<strong>Design for produksjon (DFM) analyse<\/strong>\u00a0i tre kritiske fasar:<\/p>\n<ul>\n<li><strong>Filverifisering:<\/strong>\u00a0Vi startar med \u00e5 analysere STEP- eller IGES-filene dine for \u00e5 fange opp digitale feil tidleg. Vi ser spesifikt etter ikkje-manifold geometri \u2013 kantar eller flater som ikkje heng saman skikkeleg i 3D-rommet \u2013 som kan f\u00f8re til katastrofale feil under st\u00f8ypeprosessen. Vi verifiserer \u00f2g slippvinklar for \u00e5 sikre at delen kan kastast ut av forma utan skade.<\/li>\n<li><strong>Materialval:<\/strong>\u00a0\u00c5 velje rett legering er kritisk for delar som er utsette for termisk eller mekanisk stress. Vi konsulterer deg for \u00e5 tilpasse materialet til milj\u00f8et. Enten du treng h\u00f8gfast\u00a0<a href=\"https:\/\/haoyumaterial.com\/nn\/product-category\/stainless-steel\/alloy-steel\/\">legerte st\u00e5lalternativ<\/a>\u00a0for tunge bruksomr\u00e5de eller lette l\u00f8ysingar, guidar vi deg gjennom avvegingane. For dei som er fokuserte p\u00e5 ikkje-jernhaldige metall, v\u00e5r omfattande\u00a0<a href=\"https:\/\/haoyumaterial.com\/nn\/cast-aluminum-foundry-guide-processes-alloys-and-selection\/\">st\u00f8pealuminiumsmasterguide<\/a>\u00a0hjelper til med \u00e5 klargjere korleis ulike seriar presterer under stress.<\/li>\n<li><strong>Strukturoptimalisering:<\/strong>\u00a0For \u00e5 sikre lang levetid foresl\u00e5r vi ofte mindre designjusteringar som reduserer por\u00f8sitet betraktelig og forbetrar den interne strukturen. Dette kan innebere \u00e5 gjere veggane tjukkare eller justere geometrien for \u00e5 tillate betre metallflyt, og sikre at prototypen din presterer n\u00f8yaktig som ein produksjonsdel.<\/li>\n<\/ul>\n<h2>Tekniske spesifikasjonar og materialguide<\/h2>\n<p>\u00c5 f\u00e5 spesifikasjonane rett er kritisk for vellukka\u00a0<strong>presis st\u00f8ype prototype &amp; ingeni\u00f8rkunst<\/strong>. Vi matchar designkrava dine med dei n\u00f8yaktige materialeigenskapane som trengs for funksjonell testing eller produksjon i lavt volum. Enten du treng haldbarheita til metallegeringar eller fleksibiliteten til uretanharpiksar, sikrar ingeni\u00f8rteamet v\u00e5rt at kvar del oppfyller strenge dimensjonsn\u00f8yaktigheit.<\/p>\n<h3>Materialkategoriar og kapasitetar<\/h3>\n<p>Vi tilbyr eit mangfaldig utval av materialar av produksjonskvalitet. V\u00e5r\u00a0<a href=\"https:\/\/haoyumaterial.com\/nn\/product\/aluminum-die-casting-services-high-precision-oem-manufacturer-aluminum-die-casting-services-with-200t3500t-machines-tight-tolerances-multiple-alloys-cnc-machining-and-finishing-for-oem-industries\/\">aluminiumtrykkst\u00f8pe-tenester<\/a>\u00a0og CNC-maskineringskapasitet handterer robuste metall, medan v\u00e5r vakuumst\u00f8ypeprosess brukar h\u00f8gkvalitets harpiksar for \u00e5 simulere termoplast.<\/p>\n<div class=\"table-responsive\">\n<table class=\"table\">\n<thead>\n<tr>\n<th>Materialfamilie<\/th>\n<th>Vanlege kvalitetar \/ typar<\/th>\n<th>Typisk toleranse<\/th>\n<th>Viktige eigenskapar<\/th>\n<\/tr>\n<\/thead>\n<tbody>\n<tr>\n<td><strong>Aluminiumlegeringar<\/strong><\/td>\n<td>6061, 7075<\/td>\n<td>\u00b10.01mm (CNC)<\/td>\n<td>H\u00f8g styrke-til-vekt-forhold, utmerka maskinerbarheit, korrosjonsmotstand.<\/td>\n<\/tr>\n<tr>\n<td><strong>Rustfritt st\u00e5l<\/strong><\/td>\n<td>304, 316<\/td>\n<td>\u00b10.01mm (CNC)<\/td>\n<td>Overlegen holdbarheit, varmebestandigheit og medisinsk-grade hygiene.<\/td>\n<\/tr>\n<tr>\n<td><strong>Urethanharpiksar<\/strong><\/td>\n<td>ABS-liknande, PC-liknande, gummi-liknande<\/td>\n<td>\u00b10.15mm (Vakuum)<\/td>\n<td>Simulerer injeksjonsforma plastar; tilgjengeleg i klare, fargede eller myke overflatefinishar.<\/td>\n<\/tr>\n<tr>\n<td><strong>Ingeni\u00f8rplastikk<\/strong><\/td>\n<td>POM (Delrin), PEEK, Nikkel<\/td>\n<td>\u00b10.05mm (CNC)<\/td>\n<td>L\u00e5g friksjon, h\u00f8g slitestyrke og termisk stabilitet.<\/td>\n<\/tr>\n<\/tbody>\n<\/table>\n<\/div>\n<h3>Storleik- og skaleringsstandardar<\/h3>\n<ul>\n<li><strong>Presisjonsmaskinering:<\/strong>\u00a0V\u00e5re 3-akse, 4-akse og 5-akse CNC-senter handterer komplekse geometriar og strenge toleransar ned til \u00b10.01mm for kritiske funksjonar.<\/li>\n<li><strong>Vakuumst\u00f8ypingskapasitet:<\/strong>\u00a0Ideell for sm\u00e5 parti p\u00e5 10 til 50 delar per form, som gjer det mogleg \u00e5 kopiere mesterforma kostnadseffektivt utan hard verkt\u00f8y.<\/li>\n<li><strong>Produksjonsvolum:<\/strong>\u00a0Vi skalerer fr\u00e5 einskild prototype til l\u00e5gvolums funksjonell produksjon av over 1000 einingar, og byggjer bro mellom konsept og masseproduksjon.<\/li>\n<\/ul>\n<h2>Industriar Tjenesteyting: Presis St\u00f8ypa Prototype &amp; Ingeni\u00f8rkunst<\/h2>\n<p>&nbsp;<\/p>\n<p>Vi tilpassar v\u00e5re\u00a0<strong>presis st\u00f8ype prototype &amp; ingeni\u00f8rkunst<\/strong>\u00a0arbeidsflytar for \u00e5 m\u00f8te dei ulike regulerings- og ytarkravene i store sektorar. Ved \u00e5 tilpasse v\u00e5r produksjonslogikk til dine spesifikke industristandardar, sikrar vi at kvar prototype oppfyller sitt tiltenkte valideringsform\u00e5l, fr\u00e5 passkontroll til destruktiv testing.<\/p>\n<ul>\n<li><strong>Luftfart &amp; Forsvar<\/strong><br \/>\nVi spesialiserer oss p\u00e5\u00a0<strong>flyindustri-grade st\u00f8ypingar<\/strong>\u00a0som prioriterer vektreduksjon utan \u00e5 g\u00e5 p\u00e5 kompromiss med strukturell integritet. V\u00e5rt team bruker h\u00f8gstyrke aluminium- og magnesiummiksar for \u00e5 produsere lette komponentar for flyhardware og taktisk utstyr. Vi leverer ogs\u00e5\u00a0<a href=\"https:\/\/haoyumaterial.com\/nn\/top-metal-casting-company-for-custom-wear-resistant-industrial-parts\/\">skreddarsydde slitesterke industridelar<\/a>\u00a0i stand til \u00e5 tole dei harde milj\u00f8a som er typiske for forsvarsapplikasjonar.<\/li>\n<li><strong>Medisinske utstyr<\/strong><br \/>\nPresisjon er kritisk ved utvikling av kirurgiske verkt\u00f8y og diagnostisk utstyr. Vi leverer prototypar ved bruk av biokompatible materialar som simulerer dei mekaniske eigenskapane til endelege produksjonsdelar. Dette gir moglegheit for n\u00f8yaktig ergonomisk testing og funksjonell verifikasjon f\u00f8r ein forpliktar seg til dyre medisinske verkt\u00f8y.<\/li>\n<li><strong>Bilindustri<\/strong><br \/>\nFart er drivkrafta i FoU innan bilindustrien. Vi produserer funksjonelle komponentar under panseret, inkludert inntaksmanifoldar, brakettar og husmonteringar. V\u00e5re evner strekkjer seg til produksjon\u00a0<a href=\"https:\/\/haoyumaterial.com\/nn\/valve-castings-manufacturer-custom-oem-valve-bodies\/\">tilpassa OEM-ventilhus<\/a>\u00a0som krev tette toleransar for v\u00e6skekontroll og varmebestandigheit.<\/li>\n<li><strong>Elektronikk<\/strong><br \/>\nVi fabrikkerer intrikate kabinett og kj\u00f8leribber designa for optimal termisk styring. Prosessen v\u00e5r handterer komplekse geometriar med tynne veggar, og sikrar korrekt tilpassing for interne PCB-ar samtidig som den gir n\u00f8dvendig EMI-skjerming for sensitiv forbrukarelektronikk.<\/li>\n<\/ul>\n<h2>Kvifor velje Vastmaterial for din prototypeutvikling?<\/h2>\n<p>&nbsp;<\/p>\n<p>N\u00e5r du treng ein\u00a0<strong>presis st\u00f8ype prototype &amp; ingeni\u00f8rkunst<\/strong>\u00a0partnar, treng du eit team som balanserer fart med strenge kvalitetsstandardar. Vi berre heller ikkje formar; vi utviklar l\u00f8ysingar som byggjer bru mellom innleiande konsept og masseproduksjon. Anlegget v\u00e5rt er sett opp for \u00e5 handtere alt fr\u00e5 komplekse romfartskomponentar til estetiske forbruksvarer med p\u00e5litelegheita til ein\u00a0<strong>ISO 9001-produksjonspartnar<\/strong>.<\/p>\n<h3>Uovertruffen fart og skalerbarheit<\/h3>\n<p>Tid er pengar, spesielt under produktutvikling. Vi har optimalisert arbeidsflyten v\u00e5r for \u00e5 levere\u00a0<strong>produksjonsk\u00f8yringar med l\u00e5gt volum<\/strong>\u00a0raskare enn tradisjonelle st\u00f8ypehus. Enten du treng ein enkelt funksjonell visuell modell eller 500 einingar for markedstesting, tilpassar v\u00e5re fleksible produksjonslinjer seg dine spesifikke prosjektbehov.<\/p>\n<p><strong>Standard leveringstider og kapasitet:<\/strong><\/p>\n<div class=\"table-responsive\">\n<table class=\"table\">\n<thead>\n<tr>\n<th>Teneste<\/th>\n<th>Typisk leveringstid<\/th>\n<th>Volumomr\u00e5de<\/th>\n<th>Best For<\/th>\n<\/tr>\n<\/thead>\n<tbody>\n<tr>\n<td><strong>Vakuumst\u00f8ping<\/strong><\/td>\n<td>\u00a0 \u00a0 \u00a0 \u00a0 \u00a0 \u00a0 3\u20137 dagar<\/td>\n<td>1\u201350+ einingar<\/td>\n<td>Visuelle modellar, passformkontrollar, marknadsf\u00f8ringseksemplar<\/td>\n<\/tr>\n<tr>\n<td><strong>Rask metallst\u00f8ping<\/strong><\/td>\n<td>\u00a0 \u00a0 \u00a0 \u00a0 \u00a07\u201314 dagar<\/td>\n<td>1\u2013500+ einingar<\/td>\n<td>Funksjonell testing, varmebestandheit, stresstestar<\/td>\n<\/tr>\n<\/tbody>\n<\/table>\n<\/div>\n<h3>Krevjande kvalitetskontroll og validering<\/h3>\n<p>Hastigheit spelar ingen rolle om delane ikkje passar. Vi brukar avanserte inspeksjonsteknologiar for \u00e5 sikre kvar\u00a0<strong>n\u00f8yaktig st\u00f8pt prototype<\/strong>\u00a0oppfyller dine n\u00f8yaktige spesifikasjonar. V\u00e5rt interne metrologilaboratorium verifiserer dimensjonell n\u00f8yaktigheit og materialintegritet f\u00f8r sending.<\/p>\n<ul>\n<li><strong>CMM-inspeksjon:<\/strong>\u00a0Vi bruker koordinatm\u00e5lingsmaskiner for \u00e5 verifisere kritiske toleransar ned til \u00b10,01mm.<\/li>\n<li><strong>R\u00f8ntgen- og OES-analyse:<\/strong>\u00a0For metalldelar utf\u00f8rer vi r\u00f8ntgenpr\u00f8ving for \u00e5 oppdage intern por\u00f8sitet og optisk emisjonsspektroskopi (OES) for \u00e5 bekrefte legeringssammansetninga. Du kan gjennomg\u00e5 v\u00e5re detaljerte\u00a0<a href=\"https:\/\/haoyumaterial.com\/nn\/casting-alloy-guide-types-properties-applications-and-selection\/\">st\u00f8pelegeringsguide<\/a>\u00a0for \u00e5 forst\u00e5 korleis vi tilpassar materialeigenskapar til dine ytingskrav.<\/li>\n<li><strong>Overflatebehandling:<\/strong>\u00a0Fr\u00e5 enkel blasting til h\u00f8gkvalitets polering, bruker vi den n\u00f8dvendige\u00a0<a href=\"https:\/\/haoyumaterial.com\/nn\/services\/surface-treatment\/\">overflatebehandling<\/a>\u00a0for \u00e5 sikre at prototypane dine ser ut og fungerer som sluttproduksjonsdelar.<\/li>\n<\/ul>\n<p>Ved \u00e5 integrere ingeni\u00f8rvalidering direkte i st\u00f8peprosessen, eliminerer vi risikoen knytt til broverkt\u00f8y og sikrar at overgangen til fullskala produksjon er s\u00f8ml\u00f8s.<\/p>\n<h2>Ofte stilte sp\u00f8rsm\u00e5l (FAQ)<\/h2>\n<h3>DMLS vs. Investeringst\u00f8ypetjenester<\/h3>\n<p>Mange kundar sp\u00f8r oss om \u00e5 bruke Direct Metal Laser Sintering (DMLS) eller tradisjonell st\u00f8yping. DMLS (metall 3D-utskrift) er utmerka for komplekse indre geometriar som ikkje kan st\u00f8past, men det har ofte h\u00f8gare kostnader per eining og grovare overflatefinish.<\/p>\n<p>I kontrast,\u00a0<strong>Investeringst\u00f8ypetjenester<\/strong>\u00a0er ideelle n\u00e5r du treng overlegen overflatekvalitet og konsekvente materialeigenskapar n\u00e6rare masseproduksjon. For prosjekt som krev robuste metalldelar, tilbyr v\u00e5re\u00a0<a href=\"https:\/\/haoyumaterial.com\/nn\/aluminum-investment-castings-precision-custom-parts-low-tolerance\/\">aluminium investeringst\u00f8ypel\u00f8ysingar<\/a>\u00a0overlegen strukturell integritet og er meir kostnadseffektive for\u00a0<strong>L\u00e5gvolumsproduksjon<\/strong>\u00a0(50\u2013500 einingar).<\/p>\n<h3>St\u00f8ping fr\u00e5 3D-utskreivne m\u00f8nster<\/h3>\n<p>Vi brukar\u00a0<strong>Rask verkt\u00f8yproduksjon og ingeni\u00f8rkunst<\/strong>\u00a0teknikkar for \u00e5 fremskynde st\u00f8peprosessen. I staden for \u00e5 vente veker p\u00e5 dyr metallverkt\u00f8y, kan vi lage eit hovudm\u00f8nster ved bruk av h\u00f8goppl\u00f8ysings SLA 3D-utskrift. Denne \u201cQuickCast\u201d-metoden gjer oss i stand til \u00e5 g\u00e5 direkte til\u00a0<strong>Silikonforming<\/strong>\u00a0eller keramisk skallproduksjon mykje raskare.<\/p>\n<p>Denne metoden leverer ein\u00a0<strong>presis st\u00f8ype prototype &amp; ingeni\u00f8rkunst<\/strong>\u00a0verifikasjonsmodell som etterliknar sluttproduksjonsdelar utan det store oppstartsinvesteringa i harde verkt\u00f8y. Det er den raskaste m\u00e5ten \u00e5 validere designgeometri og passform p\u00e5.<\/p>\n<h3>Standard leveringstider etter metode<\/h3>\n<p>Tidsramma for \u00e5 komme p\u00e5 marknaden er kritisk. Vi optimaliserer arbeidsflyten v\u00e5r for \u00e5 sikre at du f\u00e5r delar raskt. Nedenfor er v\u00e5re typiske leveringstider for ulike\u00a0<strong>presis st\u00f8ype prototype &amp; ingeni\u00f8rkunst<\/strong>\u00a0metodar:<\/p>\n<div class=\"table-responsive\">\n<table class=\"table\">\n<thead>\n<tr>\n<th>Produksjonsmetode<\/th>\n<th>Typisk leveringstid<\/th>\n<th>Best For<\/th>\n<\/tr>\n<\/thead>\n<tbody>\n<tr>\n<td><strong>Vakuumst\u00f8ping prototyper<\/strong><\/td>\n<td>\u00a0 \u00a0 \u00a0 \u00a0 3 \u2013 7 dagar<\/td>\n<td>Visuelle modeller, marknadsf\u00f8ringspr\u00f8ver, sm\u00e5 plastparti (10-50 einingar).<\/td>\n<\/tr>\n<tr>\n<td><strong>CNC-maskinering<\/strong><\/td>\n<td>\u00a0 \u00a0 \u00a03 \u2013 7 dagar<\/td>\n<td>H\u00f8gpresisjons metall\/plast funksjonsdelar.<\/td>\n<\/tr>\n<tr>\n<td><strong>Rask investeringst\u00f8yping<\/strong><\/td>\n<td>\u00a0 \u00a0 \u00a07 \u2013 14 dagar<\/td>\n<td>Funksjonsprototyper i metall som krev produksjonskvalitetslegeringar.<\/td>\n<\/tr>\n<tr>\n<td><strong>Rask verkt\u00f8yproduksjon<\/strong><\/td>\n<td>\u00a0 \u00a0 \u00a010 \u2013 15 dagar<\/td>\n<td>Bruproduksjon for spr\u00f8ytest\u00f8yping.<\/td>\n<\/tr>\n<\/tbody>\n<\/table>\n<\/div>\n<p><em>Merk: Ledetider kan variere basert p\u00e5 delkompleksitet, materialtilgjengelegheit og etterbehandlingskrav.<\/em><\/p>","protected":false},"excerpt":{"rendered":"<p>Vastmaterial offers precise cast prototype and engineering services with rapid investment casting, vacuum casting, and expert DFM support. Bridging Design [&hellip;]<\/p>\n","protected":false},"featured_media":1650,"comment_status":"open","ping_status":"closed","template":"","meta":{"site-sidebar-layout":"default","site-content-layout":"","ast-site-content-layout":"default","site-content-style":"default","site-sidebar-style":"default","ast-global-header-display":"","ast-banner-title-visibility":"","ast-main-header-display":"","ast-hfb-above-header-display":"","ast-hfb-below-header-display":"","ast-hfb-mobile-header-display":"","site-post-title":"","ast-breadcrumbs-content":"","ast-featured-img":"","footer-sml-layout":"","ast-disable-related-posts":"","theme-transparent-header-meta":"default","adv-header-id-meta":"","stick-header-meta":"","header-above-stick-meta":"","header-main-stick-meta":"","header-below-stick-meta":"","astra-migrate-meta-layouts":"set","ast-page-background-enabled":"default","ast-page-background-meta":{"desktop":{"background-color":"var(--ast-global-color-5)","background-image":"","background-repeat":"repeat","background-position":"center center","background-size":"auto","background-attachment":"scroll","background-type":"","background-media":"","overlay-type":"","overlay-color":"","overlay-opacity":"","overlay-gradient":""},"tablet":{"background-color":"","background-image":"","background-repeat":"repeat","background-position":"center center","background-size":"auto","background-attachment":"scroll","background-type":"","background-media":"","overlay-type":"","overlay-color":"","overlay-opacity":"","overlay-gradient":""},"mobile":{"background-color":"","background-image":"","background-repeat":"repeat","background-position":"center center","background-size":"auto","background-attachment":"scroll","background-type":"","background-media":"","overlay-type":"","overlay-color":"","overlay-opacity":"","overlay-gradient":""}},"ast-content-background-meta":{"desktop":{"background-color":"var(--ast-global-color-4)","background-image":"","background-repeat":"repeat","background-position":"center center","background-size":"auto","background-attachment":"scroll","background-type":"","background-media":"","overlay-type":"","overlay-color":"","overlay-opacity":"","overlay-gradient":""},"tablet":{"background-color":"var(--ast-global-color-4)","background-image":"","background-repeat":"repeat","background-position":"center center","background-size":"auto","background-attachment":"scroll","background-type":"","background-media":"","overlay-type":"","overlay-color":"","overlay-opacity":"","overlay-gradient":""},"mobile":{"background-color":"var(--ast-global-color-4)","background-image":"","background-repeat":"repeat","background-position":"center center","background-size":"auto","background-attachment":"scroll","background-type":"","background-media":"","overlay-type":"","overlay-color":"","overlay-opacity":"","overlay-gradient":""}}},"product_brand":[],"product_cat":[17,21,25,22,24],"product_tag":[573],"class_list":{"0":"post-1648","1":"product","2":"type-product","3":"status-publish","4":"has-post-thumbnail","6":"product_cat-stainless-steel","7":"product_cat-aluminum-alloy","8":"product_cat-copper-alloy","9":"product_cat-high-temperature-alloy","10":"product_cat-titanium-alloy","11":"product_tag-precise-cast-prototype-engineering","12":"desktop-align-left","13":"tablet-align-left","14":"mobile-align-left","16":"first","17":"instock","18":"shipping-taxable","19":"product-type-simple"},"_links":{"self":[{"href":"https:\/\/haoyumaterial.com\/nn\/wp-json\/wp\/v2\/product\/1648","targetHints":{"allow":["GET"]}}],"collection":[{"href":"https:\/\/haoyumaterial.com\/nn\/wp-json\/wp\/v2\/product"}],"about":[{"href":"https:\/\/haoyumaterial.com\/nn\/wp-json\/wp\/v2\/types\/product"}],"replies":[{"embeddable":true,"href":"https:\/\/haoyumaterial.com\/nn\/wp-json\/wp\/v2\/comments?post=1648"}],"wp:featuredmedia":[{"embeddable":true,"href":"https:\/\/haoyumaterial.com\/nn\/wp-json\/wp\/v2\/media\/1650"}],"wp:attachment":[{"href":"https:\/\/haoyumaterial.com\/nn\/wp-json\/wp\/v2\/media?parent=1648"}],"wp:term":[{"taxonomy":"product_brand","embeddable":true,"href":"https:\/\/haoyumaterial.com\/nn\/wp-json\/wp\/v2\/product_brand?post=1648"},{"taxonomy":"product_cat","embeddable":true,"href":"https:\/\/haoyumaterial.com\/nn\/wp-json\/wp\/v2\/product_cat?post=1648"},{"taxonomy":"product_tag","embeddable":true,"href":"https:\/\/haoyumaterial.com\/nn\/wp-json\/wp\/v2\/product_tag?post=1648"}],"curies":[{"name":"wp","href":"https:\/\/api.w.org\/{rel}","templated":true}]}}