{"id":1682,"date":"2026-02-06T08:18:25","date_gmt":"2026-02-06T00:18:25","guid":{"rendered":"https:\/\/haoyumaterial.com\/?post_type=product&#038;p=1682"},"modified":"2026-02-06T08:18:26","modified_gmt":"2026-02-06T00:18:26","slug":"rapid-prototyping-and-tooling-services-for-low-volume-production","status":"publish","type":"product","link":"https:\/\/haoyumaterial.com\/nn\/product\/rapid-prototyping-and-tooling-services-for-low-volume-production\/","title":{"rendered":"Rask prototypeutvikling og verkt\u00f8ytenester for l\u00e5gt volum produksjon"},"content":{"rendered":"<p>Rask prototyping og verkt\u00f8yproduksjon av vastmaterial med CNC-maskinering, rask spr\u00f8ytest\u00f8yping og lavvolumsproduksjon p\u00e5 dagar.<\/p>\n<h2>Integrert produksjon for kvart utviklingsstadium<\/h2>\n<p>Vi forenklar reisen fr\u00e5 digital CAD til fysisk del, og eliminerer friksjonen mellom designvalidering og marknadsinngang. Ved \u00e5 kombinere\u00a0<strong>rask prototyping og verkt\u00f8yproduksjon<\/strong>\u00a0under eitt tak, hjelper vi ingeni\u00f8rar med \u00e5 verifisere passform og funksjon umiddelbart f\u00f8r dei forplikter seg til dyre produksjonsformer. V\u00e5r integrerte tiln\u00e6rming sikrar at prosjektet ditt s\u00f8ml\u00f8st g\u00e5r fr\u00e5 \u00e9in eining til tusen utan \u00e5 miste designintegritet.<\/p>\n<p>Akselerer din\u00a0<strong>prototypeutviklingssyklus<\/strong>\u00a0med v\u00e5r strukturerte produksjonsveg:<\/p>\n<ul>\n<li><strong>Designverifisering:<\/strong>\u00a0Bruk\u00a0<strong>rask produksjon med<\/strong>\u00a0metodar \u2013 inkludert CNC-maskinering og 3D-utskrift \u2013 for \u00e5 lage\u00a0<strong>h\u00f8gfidelitetsprototyper<\/strong>\u00a0som etterliknar sluttproduksjonsmaterialar.<\/li>\n<li><strong>Marknadstesting:<\/strong>\u00a0Skal\u00e9r opp effektivt ved bruk av\u00a0<strong>broverkt\u00f8y<\/strong>\u00a0og\u00a0<strong>l\u00e5gvolumsproduksjon<\/strong>. Dette gjer det mogleg \u00e5 produsere funksjonelle delar for beta-testing eller pilotk\u00f8yrer medan hardt\u00f8ying blir sk\u00e5ret ut.<\/li>\n<li><strong>Kostnadseffektivitet:<\/strong>\u00a0Unng\u00e5 dei h\u00f8ge oppstartskostnadene ved tradisjonelle st\u00e5lmouldar ved \u00e5 bruke\u00a0<strong>rask prototypeverkt\u00f8y<\/strong>\u00a0strategiar designa for fart og fleksibilitet.<\/li>\n<\/ul>\n<p>Enten du treng ein enkel funksjonell modell eller ein\u00a0<strong>produksjonsserie som bru<\/strong>, optimaliserer teamet v\u00e5rt produksjonsprosessen for \u00e5 m\u00f8te stramme tidsfristar og strenge toleransekrav.<\/p>\n<h2>V\u00e5re produksjonsteknologiar<\/h2>\n<p><img loading=\"lazy\" decoding=\"async\" class=\"alignnone  wp-image-1683\" src=\"https:\/\/haoyumaterial.com\/wp-content\/uploads\/2026\/02\/aerospace-casting-manufacturer-300x265.png\" alt=\"\" width=\"517\" height=\"457\" srcset=\"https:\/\/haoyumaterial.com\/wp-content\/uploads\/2026\/02\/aerospace-casting-manufacturer-300x265.png 300w, https:\/\/haoyumaterial.com\/wp-content\/uploads\/2026\/02\/aerospace-casting-manufacturer-14x12.png 14w, https:\/\/haoyumaterial.com\/wp-content\/uploads\/2026\/02\/aerospace-casting-manufacturer.png 419w\" sizes=\"auto, (max-width: 517px) 100vw, 517px\" \/><\/p>\n<p>For \u00e5 levere dei beste resultata for prosjektet ditt, integrerer vi fleire produksjonsdisiplinar under eitt tak. Enten du treng ein enkel visuell modell eller ein produksjonsserie som bru, tilbyr anlegget v\u00e5rt omfattande\u00a0<strong>rask prototyping og verkt\u00f8yproduksjon<\/strong>\u00a0l\u00f8ysingar designa for \u00e5 kutte ned utviklingstida utan \u00e5 ofre kvalitet.<\/p>\n<h3>Tilpassa CNC-maskinering<\/h3>\n<p>CNC-avdelinga v\u00e5r handterer h\u00f8gpresisjonsfresing og dreiing for b\u00e5de metall- og plastkomponentar. Vi opererer 3-akse-, 4-akse- og 5-aksemaskinar for \u00e5 skape komplekse geometriar med stramme toleransar. Denne prosessen er ideell for funksjonelle prototypar og produksjon i l\u00e5ge volum der materialeigenskapar er kritiske. Vi maskinerer rutinemessig aluminium, messing og h\u00f8gfast\u00a0<a href=\"https:\/\/haoyumaterial.com\/nn\/product-category\/stainless-steel\/alloy-steel\/\">legeringsst\u00e5l<\/a>\u00a0for \u00e5 m\u00f8te strenge ingeni\u00f8rstandardar.<\/p>\n<h3>Rask spr\u00f8ytest\u00f8yping<\/h3>\n<p>N\u00e5r du treng \u00e5 skalere opp fr\u00e5 ein prototype til hundrevis eller tusenvis av delar, vil v\u00e5re\u00a0<strong>raske spr\u00f8ytest\u00f8ypingstenester<\/strong>\u00a0tette gapet. Vi nyttar\u00a0<strong>rask prototypeverkt\u00f8y<\/strong>\u2014ofte ved bruk av aluminiumsformer\u2014for \u00e5 redusere kostnadar og leveringstider betrakteleg samanlikna med tradisjonelle produksjonsst\u00e5lformer. Denne tiln\u00e6rminga gjer raskare marknadsinntreden mogleg og opnar for designverifisering ved bruk av materialar av produksjonskvalitet.<\/p>\n<h3>Additive produksjonstenester<\/h3>\n<p>For raskast mogleg leveringstid dekkjer v\u00e5re\u00a0<strong>additive produksjonstenester<\/strong>\u00a0SLA (Stereolitografi), SLS (Selective Laser Sintering) og FDM (Fused Deposition Modeling). 3D-printing er den f\u00f8retrekte metoden for innleiande konseptmodellar og komplekse former som er vanskelege \u00e5 maskinere, slik at designarar kan validere form og passform innan f\u00e5 dagar.<\/p>\n<h3>Vakuumst\u00f8ypingstenester<\/h3>\n<p>For prototypar med h\u00f8g kvalitet som etterliknar finishen og eigenskapane til spr\u00f8ytest\u00f8ypte delar, brukar vi\u00a0<strong>vacuumst\u00f8pingstjenester<\/strong>. Denne prosessen bruker silikonformer for \u00e5 lage sm\u00e5 partier av polyuretan-deler. Det er ein utmerka, kostnadseffektiv l\u00f8ysing for marknadsf\u00f8ringspr\u00f8ver og funksjonstesting f\u00f8r du forplikter deg til hard verkt\u00f8y.<\/p>\n<h2>Materialval &amp; Evner<\/h2>\n<p>\u00c5 velje riktig materiale er avgjerande for \u00e5 validere designet ditt og sikre at\u00a0<strong>rask prototyping og verkt\u00f8yproduksjon<\/strong>\u00a0prosjekta dine lykkast. Vi tilbyr eit omfattande bibliotek av produksjonskvalitetsmaterialar som gjer at du kan g\u00e5 s\u00f8ml\u00f8st fr\u00e5\u00a0<strong>funksjonelle prototyper<\/strong>\u00a0to\u00a0<strong>brobyggingsproduksjonar<\/strong>. Enten du treng h\u00f8gstyrke metallar eller fleksible elastomere, sikrar v\u00e5r forsyningskjede materialautentisitet og ytelse.<\/p>\n<h3>Metallar for Maskinering og Verkt\u00f8yproduksjon<\/h3>\n<p>Vi jobbar med eit breitt utval av metall som passar for\u00a0<strong>tilpassa CNC-maskinering<\/strong>\u00a0og formproduksjon.<\/p>\n<ul>\n<li><strong>Aluminium (6061, 7075):<\/strong>\u00a0Bransjestandarden for\u00a0<strong>aluminiuminjeksjonsformer<\/strong>\u00a0og lette strukturelle delar p\u00e5 grunn av sin utmerkede maskinerbarheit og varmeavledning.<\/li>\n<li><strong>Rustfritt St\u00e5l (303, 304, 316):<\/strong>\u00a0Ideelt for korrosjonsbestandige komponentar og medisinske utstyr.<\/li>\n<li><strong>Verkt\u00f8yst\u00e5l:<\/strong>\u00a0Vi bruker robuste st\u00e5l for holdbare formkjerner og hulrom. Forst\u00e5r spesifikke legeringseigenskaper, som dei som finst i v\u00e5re\u00a0<a href=\"https:\/\/haoyumaterial.com\/nn\/4140-stainless-steel-guide-properties-uses-and-key-differences\/\">4140 rustfritt st\u00e5lf\u00f8ring<\/a>, er avgjerande for \u00e5 velje verkt\u00f8ymaterialar som toler h\u00f8gtrykksinjeksjonssyklusar.<\/li>\n<li><strong>Messing og kopar:<\/strong>\u00a0Brukes ofte til elektriske kontaktar og termiske bruksomr\u00e5de.<\/li>\n<\/ul>\n<h3>Plast og elastomerar<\/h3>\n<p>V\u00e5rt anlegg handterer stive og fleksible polymerar for\u00a0<strong>additive produksjonstenester<\/strong>\u00a0og spr\u00f8ytest\u00f8yping.<\/p>\n<ul>\n<li><strong>Standard plast:<\/strong>\u00a0ABS, PC (polykarbonat) og PP (polypropylen) for universalhus og forbruksvarer.<\/li>\n<li><strong>Teknisk plast:<\/strong>\u00a0Nylon (PA6, PA66), POM (Delrin) og PEEK for milj\u00f8 med h\u00f8g belastning og h\u00f8g temperatur.<\/li>\n<li><strong>Gummiliknande materiale:<\/strong>\u00a0TPE og TPU for overst\u00f8yping og fleksible pakningar.<\/li>\n<\/ul>\n<h3>Overflatebehandlingsalternativ<\/h3>\n<p>Ein del er ikkje komplett utan korrekt finish. Vi tilbyr omfattande etterbehandling for \u00e5 sikre at dine\u00a0<strong>rask prototypeverkt\u00f8y<\/strong>\u00a0resultat ser ut og kjennest som det endelege produktet.<\/p>\n<ul>\n<li><strong>Anodisering:<\/strong>\u00a0Type II og Type III for aluminiumsvern og fargelegging.<\/li>\n<li><strong>Pulverlakkering og m\u00e5ling:<\/strong>\u00a0Slitesterk fargetilpassing for estetiske delar.<\/li>\n<li><strong>Polering og teksturering:<\/strong>\u00a0Fr\u00e5 speglfinishar (SPI-A2) til kraftige formteksturar (VDI 3400) for spr\u00f8ytest\u00f8ypte delar.<\/li>\n<li><strong>Platering:<\/strong>\u00a0Nikkel, krom og sinkbelegg for ledeevne og slitestyrke.<\/li>\n<\/ul>\n<h2>Kvifor velje Rapid Tooling framfor tradisjonelle former?<\/h2>\n<p><img loading=\"lazy\" decoding=\"async\" class=\"alignnone  wp-image-1684\" src=\"https:\/\/haoyumaterial.com\/wp-content\/uploads\/2026\/02\/rapid-prototype-tooling-300x225.jpg\" alt=\"\" width=\"531\" height=\"398\" srcset=\"https:\/\/haoyumaterial.com\/wp-content\/uploads\/2026\/02\/rapid-prototype-tooling-300x225.jpg 300w, https:\/\/haoyumaterial.com\/wp-content\/uploads\/2026\/02\/rapid-prototype-tooling-768x576.jpg 768w, https:\/\/haoyumaterial.com\/wp-content\/uploads\/2026\/02\/rapid-prototype-tooling-16x12.jpg 16w, https:\/\/haoyumaterial.com\/wp-content\/uploads\/2026\/02\/rapid-prototype-tooling-600x450.jpg 600w, https:\/\/haoyumaterial.com\/wp-content\/uploads\/2026\/02\/rapid-prototype-tooling.jpg 800w\" sizes=\"auto, (max-width: 531px) 100vw, 531px\" \/><\/p>\n<p>\u00c5 g\u00e5 fr\u00e5 digitalt design til eit fysisk produkt krev ofte ein smart strategi for \u00e5 handtere risiko og budsjett. Mens tradisjonelle produksjonsformer er gullstandarden for masseproduksjon,\u00a0<strong>rask prototyping og verkt\u00f8yproduksjon<\/strong>\u00a0tilbyr ein meir smidig tiln\u00e6rming for validering og marknadsinngang. Vi brukar\u00a0<strong>broverkt\u00f8y<\/strong>\u2014 ofte laga av aluminium eller myk st\u00e5l \u2014 for \u00e5 levere funksjonelle delar p\u00e5 ein br\u00f8kdel av tida som krevjast for herdede st\u00e5lformer.<\/p>\n<p>Denne tiln\u00e6rminga er ideell for\u00a0<strong>l\u00e5gvolumsproduksjon<\/strong>\u00a0og\u00a0<strong>brobyggingsproduksjonar<\/strong>, slik at du kan f\u00e5 produktet ditt i hendene p\u00e5 kundane medan h\u00f8gvolumsverkt\u00f8y framleis vert laga. Ved \u00e5 bruke\u00a0<strong>aluminiuminjeksjonsformer<\/strong>\u00a0or\u00a0<strong>myk verkt\u00f8yproduksjon<\/strong>, reduserer vi betydeleg forhandsinvesteringar og leveringstider.<\/p>\n<h3>Samanlikning: Rapid Tooling vs. Tradisjonelle produksjonsformer<\/h3>\n<div class=\"table-responsive\">\n<table class=\"table\">\n<thead>\n<tr>\n<th>Eigenskap<\/th>\n<th>Rapid Tooling (Bruverkt\u00f8y)<\/th>\n<th>Tradisjonelle produksjonsformer<\/th>\n<\/tr>\n<\/thead>\n<tbody>\n<tr>\n<td><strong>Prim\u00e6rmateriale<\/strong><\/td>\n<td>\u00a0 \u00a0 \u00a0 \u00a0 \u00a0 \u00a0 \u00a0 \u00a0 \u00a0 \u00a0 \u00a0 \u00a0 \u00a0 \u00a0 \u00a0 \u00a0 \u00a0 \u00a0 \u00a0 \u00a0 \u00a0 Aluminium (f.eks. 7075) eller Myk St\u00e5l (P20)<\/td>\n<td>\u00a0 \u00a0 \u00a0 \u00a0 \u00a0 \u00a0 Harde st\u00e5l (f.eks. H13, S136)<\/td>\n<\/tr>\n<tr>\n<td><strong>Levetid<\/strong><\/td>\n<td>\u00a0 \u00a0 \u00a0 \u00a0 \u00a0 \u00a0 \u00a0 \u00a0 \u00a0 \u00a0 \u00a0 \u00a0 \u00a0 \u00a0 \u00a0 \u00a0 \u00a0 \u00a0 \u00a0 \u00a0 \u00a0 \u00a0 \u00a0 \u00a0 \u00a0 1\u20134 veker<\/td>\n<td>\u00a0 \u00a0 \u00a0 \u00a0 \u00a0 \u00a0 \u00a08\u201316 veker<\/td>\n<\/tr>\n<tr>\n<td><strong>Kostnadseffektivitet<\/strong><\/td>\n<td>\u00a0 \u00a0 \u00a0 \u00a0 \u00a0 \u00a0 \u00a0 \u00a0 \u00a0 \u00a0 \u00a0 \u00a0 \u00a0 \u00a0 \u00a0 \u00a0 \u00a0 \u00a0 \u00a0 \u00a0 \u00a0 H\u00f8g (Lav oppstartskostnad)<\/td>\n<td>\u00a0 \u00a0 \u00a0 \u00a0 \u00a0 \u00a0 \u00a0Lav (H\u00f8g oppstartskostnad)<\/td>\n<\/tr>\n<tr>\n<td><strong>Verkt\u00f8ylevetid<\/strong><\/td>\n<td>\u00a0 \u00a0 \u00a0 \u00a0 \u00a0 \u00a0 \u00a0 \u00a0 \u00a0 \u00a0 \u00a0 \u00a0 \u00a0 \u00a0 \u00a0 \u00a0 \u00a0 \u00a0 \u00a0 \u00a0 \u00a01 000 \u2013 100 000 st\u00f8t<\/td>\n<td>\u00a0 \u00a0 \u00a0 \u00a0 \u00a0 \u00a01 000 000+ skot<\/td>\n<\/tr>\n<tr>\n<td><strong>Designfleksibilitet<\/strong><\/td>\n<td>\u00a0 \u00a0 \u00a0 \u00a0 \u00a0 \u00a0 \u00a0 \u00a0 \u00a0 \u00a0 \u00a0 \u00a0 \u00a0 \u00a0 \u00a0 \u00a0 \u00a0 \u00a0 \u00a0 \u00a0 \u00a0H\u00f8g (Lettare \u00e5 modifisere)<\/td>\n<td>\u00a0 \u00a0 \u00a0 \u00a0 \u00a0 \u00a0L\u00e5g (Vanskeleg\/dyrt \u00e5 modifisere)<\/td>\n<\/tr>\n<tr>\n<td><strong>Best For<\/strong><\/td>\n<td>\u00a0 \u00a0 \u00a0 \u00a0 \u00a0 \u00a0 \u00a0 \u00a0 \u00a0 \u00a0 \u00a0 \u00a0 \u00a0 \u00a0 \u00a0 \u00a0 \u00a0 \u00a0 \u00a0 \u00a0 Prototyping, markedstesting, l\u00e5gt volum<\/td>\n<td>\u00a0 \u00a0 \u00a0 \u00a0 \u00a0 \u00a0 Masseproduksjon, langsiktige seriar<\/td>\n<\/tr>\n<\/tbody>\n<\/table>\n<\/div>\n<h3>Viktige fordelar for produktutvikling<\/h3>\n<ul>\n<li><strong>Akselerert tid til marknaden:<\/strong>\u00a0Vi kuttar ventetida betraktelig. Du kan lansere produktet ditt og generere inntekter medan du fullf\u00f8rer langsiktige produksjonsplanar.<\/li>\n<li><strong>Kostnadseffektiv validering:<\/strong>\u00a0<strong>Rask prototypeverkt\u00f8y<\/strong>\u00a0lar deg teste reelle materialar og spr\u00f8ytest\u00f8ypeprosessar utan \u00e5 forplikte deg til dei h\u00f8ge kostnadane ved ei produksjonsform.<\/li>\n<li><strong>Designsmidigheit:<\/strong>\u00a0Dersom du oppdagar ein designfeil under pilotk\u00f8yringa, er det raskare og billigare \u00e5 modifisere ei aluminiumsform enn \u00e5 omarbeide herda st\u00e5l.<\/li>\n<li><strong>Materialfleksibilitet:<\/strong>\u00a0V\u00e5r raske verkt\u00f8yprosess st\u00f8ttar dei same produksjonskvalitetsplastane som brukast i masseproduksjon, og sikrar at dine\u00a0<strong>brobyggingsproduksjonar<\/strong>\u00a0oppfyller alle funksjonelle krav.<\/li>\n<\/ul>\n<h2>Presisjon du kan m\u00e5le: Kvalitetssikring<\/h2>\n<p>Kvalitet er ikkje berre ei avkryssingsboks for oss; det er ryggraden i heile v\u00e5r drift. N\u00e5r du beveger deg raskt med\u00a0<strong>rask prototyping og verkt\u00f8yproduksjon<\/strong>, betyr fart ingenting dersom delane ikkje passar eller fungerer korrekt. Vi overl\u00e8t ikkje n\u00f8yaktigheit til tilfeldigheita \u2013 vi verifiserer det ved kvart steg for \u00e5 sikre at dine\u00a0<strong>h\u00f8g-fidelity prototyping<\/strong>\u00a0m\u00e5l blir m\u00f8tt.<\/p>\n<p>V\u00e5r kvalitetskontrollprosess er streng og transparent:<\/p>\n<ul>\n<li><strong>Design for produksjon (DFM):<\/strong>\u00a0F\u00f8r vi kuttar eit einaste stykke materiale, analyserer ingeni\u00f8rane v\u00e5re CAD-filene dine. Vi identifiserer potensielle produksjonsrisikoar og foresl\u00e5r optimaliseringar for \u00e5 sikre smidig produksjon.<\/li>\n<li><strong>Materialverifikasjon:<\/strong>\u00a0Vi garanterer at materialet du spesifiserer er materialet du f\u00e5r. Enten du treng \u00e5 verifisere\u00a0<a href=\"https:\/\/haoyumaterial.com\/nn\/tensile-strength-of-aluminum\/\">tensile styrke av aluminium<\/a>\u00a0for ein b\u00e6rende brakett eller sjekke hardheita til ein polymer, leverer vi dei n\u00f8dvendige materialsertifiseringane.<\/li>\n<li><strong>CMM-inspeksjon:<\/strong>\u00a0Vi brukar koordinatm\u00e5lemaskiner (CMM) for \u00e5 verifisere komplekse geometriar og stramme toleransar, og sikrar at\u00a0<strong>rask prototypeverkt\u00f8y<\/strong>\u00a0gjev delar som samsvarar med den digitale designen din ned til mikronen.<\/li>\n<li><strong>ISO 9001-samsvar:<\/strong>\u00a0Anlegget v\u00e5rt opererer under strenge internasjonale kvalitetsstyringsstandardar, og gir deg konsistente resultat for kvar batch.<\/li>\n<\/ul>\n<p>Vi leverer meir enn berre delar; vi leverer tillit. Fr\u00e5 den innleiande DFM-rapporten til den endelege dimensjonskontrollen, leverer vi dataene du treng for \u00e5 validere designa dine og g\u00e5 vidare med sikkerheit.<\/p>\n<h2>Industriar vi betener<\/h2>\n<p><img loading=\"lazy\" decoding=\"async\" class=\"\" src=\"https:\/\/haoyumaterial.com\/wp-content\/uploads\/2026\/02\/Rapid_Prototyping_and_Tooling_Across_Industries_Of.webp\" alt=\"Rask Prototyping og Verkt\u00f8yproduksjon p\u00e5 tvers av bransjar\" width=\"1129\" height=\"752\" \/><\/p>\n<p>V\u00e5re tenester for rask prototyping og verkt\u00f8yproduksjon er utforma for \u00e5 m\u00f8te dei strenge krava til dei\u00a0<a href=\"https:\/\/haoyumaterial.com\/nn\/industries\/\">mangfaldige industriane<\/a>\u00a0vi samarbeider med. Fr\u00e5 \u00e5 validere innleiande konsept til \u00e5 utf\u00f8re bruproduksjonskj\u00f8ringar, leverer vi den produksjonshastigheita og presisjonen som krevst for \u00e5 konkurrere i globale marknader.<\/p>\n<ul>\n<li><strong>Bilindustri:<\/strong>\u00a0Vi st\u00f8ttar bil-ingeni\u00f8rar ved \u00e5 produsere funksjonelle prototypar for tilpassing og ytingstesting. V\u00e5re evner inkluderer produksjon av komplekse dashbordkomponentar, lysarmaturar og delar under panseret ved hjelp av h\u00f8gtytande plast og metall.<\/li>\n<li><strong>Medisin:<\/strong>\u00a0Medisinsk sektor stolar p\u00e5 oss for h\u00f8g-kvalitets prototyping av kirurgiske instrument og utstyrshus. Vi sikrar stramme toleransar og glatte overflater som er essensielle for medisinsk utstyr og testing.<\/li>\n<li><strong>Luftfart:<\/strong>\u00a0Vi leverer lette, h\u00f8g-styrke komponentar som toler ekstreme forhold. V\u00e5re CNC-maskinering og additive produksjonstenester gjer det mogleg \u00e5 skape komplekse geometriar som ofte krevst i luftfartsapplikasjonar.<\/li>\n<li><strong>Forbrukarelektronikk:<\/strong>\u00a0Hastigheit er kritisk i elektronikk. Vi akselererer utviklingssyklusen for kabinett, knappar og strukturelle rammer, slik at merkevarer raskt kan g\u00e5 fr\u00e5 design til lavvolumsproduksjon.<\/li>\n<\/ul>\n<p>Enten du treng ein enkelt tilpassa del eller tusenvis av einingar, sikrar v\u00e5re tilpassbare produksjonsprosessar at prosjektet ditt oppfyller spesifikke industristandardar og lanseringsfristar.<\/p>\n<h2>FAQ om prototyping og verkt\u00f8yproduksjon<\/h2>\n<p>Vi forst\u00e5r at det \u00e5 g\u00e5 fr\u00e5 ein digital design til ein fysisk del reiser mange sp\u00f8rsm\u00e5l. Her er svara p\u00e5 dei vanlegaste sp\u00f8rsm\u00e5la vi f\u00e5r om\u00a0<strong>rask prototyping og verkt\u00f8yproduksjon<\/strong>\u00a0for \u00e5 hjelpe med \u00e5 effektivisere beslutningsprosessen din.<\/p>\n<h3>Kva er den typiske leveringstida for delar?<\/h3>\n<p>Hastighet er kjernen i verksemda v\u00e5r. For\u00a0<strong>additive produksjonstenester<\/strong>\u00a0(3D-utskrift) eller\u00a0<strong>vacuumst\u00f8pingstjenester<\/strong>, sender vi ofte delar innan\u00a0<strong>3 til 5 dagar<\/strong>. N\u00e5r det gjeld\u00a0<strong>rask prototypeverkt\u00f8y<\/strong>\u00a0og\u00a0<strong>aluminiuminjeksjonsformer<\/strong>, er tidslinja v\u00e5r for T1-pr\u00f8ver vanlegvis\u00a0<strong>2 til 5 veker<\/strong>, avhengig av kompleksiteten i geometrien. Denne\u00a0<strong>rask produksjon med<\/strong>\u00a0tiln\u00e6rminga sikrar at du m\u00f8ter stramme prosjektfristar.<\/p>\n<h3>Korleis g\u00e5r eg fr\u00e5 prototype til masseproduksjon?<\/h3>\n<p>Vi er spesialiserte p\u00e5 \u00e5 byggje bro mellom desse. Vi startar vanlegvis med\u00a0<strong>h\u00f8g-fidelity prototyping<\/strong>\u00a0for \u00e5 validere designet. N\u00e5r det er godkjent, g\u00e5r vi vidare til\u00a0<strong>brobyggingsproduksjonar<\/strong>\u00a0ved bruk av\u00a0<strong>myk verkt\u00f8yproduksjon<\/strong>. Dette gjer at du kan f\u00e5\u00a0<strong>l\u00e5gvolumsproduksjon<\/strong>\u00a0mengder (100 til 10 000 delar) ut p\u00e5 marknaden medan harde st\u00e5lformer blir skore for masseproduksjon.<\/p>\n<h3>Kan du hjelpe med materialval for funksjonelle prototyper?<\/h3>\n<p>Absolutt. \u00c5 velje rett materiale er kritisk for\u00a0<strong>funksjonelle prototyper<\/strong>\u00a0som m\u00e5 gjennomg\u00e5 stresstesting. Enten du treng dei lette eigenskapane til titan eller samanliknar slitestyrken mellom\u00a0<a href=\"https:\/\/haoyumaterial.com\/nn\/alloy-steel-vs-stainless-steel\/\">legeringsst\u00e5l og rustfritt st\u00e5l<\/a>, gir vi ekspertveiledning for \u00e5 matche materialet til bruken din.<\/p>\n<h3>tilbyr de tilbakemelding om Design for Produksjonsvennlegheit (DFM)?<\/h3>\n<p>Ja. F\u00f8r vi kutter noko metall for\u00a0<strong>tilpassa CNC-maskinering<\/strong>\u00a0eller verkt\u00f8y, gir ingeni\u00f8rane v\u00e5re ei grundig\u00a0<strong>Design for produksjonsvennlegheit (DFM)<\/strong>\u00a0analyse. Vi identifiserer potensielle problem som underkutt, utstikkande vinklar eller veggtykkleikproblem for \u00e5 optimalisere designet ditt for\u00a0<strong>raske spr\u00f8ytest\u00f8ypingstenester<\/strong>\u00a0og redusere kostnader.<\/p>\n<h3>Er min intellektuelle eigedom trygg?<\/h3>\n<p>Vi tek IP-beskyttelse p\u00e5 alvor. Vi er glade for \u00e5 signere ein Konfidensialitetsavtale (NDA) f\u00f8r vi mottar CAD-filer. Designa dine forblir konfidensielle gjennom heile\u00a0<strong>prototypeutviklingssyklus<\/strong>.<\/p>","protected":false},"excerpt":{"rendered":"<p>Rapid prototyping and tooling by vastmaterial with CNC machining rapid injection molding and low volume manufacturing in days. Integrated Manufacturing [&hellip;]<\/p>\n","protected":false},"featured_media":1567,"comment_status":"open","ping_status":"closed","template":"","meta":{"site-sidebar-layout":"default","site-content-layout":"","ast-site-content-layout":"default","site-content-style":"default","site-sidebar-style":"default","ast-global-header-display":"","ast-banner-title-visibility":"","ast-main-header-display":"","ast-hfb-above-header-display":"","ast-hfb-below-header-display":"","ast-hfb-mobile-header-display":"","site-post-title":"","ast-breadcrumbs-content":"","ast-featured-img":"","footer-sml-layout":"","ast-disable-related-posts":"","theme-transparent-header-meta":"default","adv-header-id-meta":"","stick-header-meta":"","header-above-stick-meta":"","header-main-stick-meta":"","header-below-stick-meta":"","astra-migrate-meta-layouts":"set","ast-page-background-enabled":"default","ast-page-background-meta":{"desktop":{"background-color":"var(--ast-global-color-5)","background-image":"","background-repeat":"repeat","background-position":"center center","background-size":"auto","background-attachment":"scroll","background-type":"","background-media":"","overlay-type":"","overlay-color":"","overlay-opacity":"","overlay-gradient":""},"tablet":{"background-color":"","background-image":"","background-repeat":"repeat","background-position":"center center","background-size":"auto","background-attachment":"scroll","background-type":"","background-media":"","overlay-type":"","overlay-color":"","overlay-opacity":"","overlay-gradient":""},"mobile":{"background-color":"","background-image":"","background-repeat":"repeat","background-position":"center center","background-size":"auto","background-attachment":"scroll","background-type":"","background-media":"","overlay-type":"","overlay-color":"","overlay-opacity":"","overlay-gradient":""}},"ast-content-background-meta":{"desktop":{"background-color":"var(--ast-global-color-4)","background-image":"","background-repeat":"repeat","background-position":"center center","background-size":"auto","background-attachment":"scroll","background-type":"","background-media":"","overlay-type":"","overlay-color":"","overlay-opacity":"","overlay-gradient":""},"tablet":{"background-color":"var(--ast-global-color-4)","background-image":"","background-repeat":"repeat","background-position":"center center","background-size":"auto","background-attachment":"scroll","background-type":"","background-media":"","overlay-type":"","overlay-color":"","overlay-opacity":"","overlay-gradient":""},"mobile":{"background-color":"var(--ast-global-color-4)","background-image":"","background-repeat":"repeat","background-position":"center center","background-size":"auto","background-attachment":"scroll","background-type":"","background-media":"","overlay-type":"","overlay-color":"","overlay-opacity":"","overlay-gradient":""}}},"product_brand":[],"product_cat":[17,21,25,22,24],"product_tag":[588],"class_list":{"0":"post-1682","1":"product","2":"type-product","3":"status-publish","4":"has-post-thumbnail","6":"product_cat-stainless-steel","7":"product_cat-aluminum-alloy","8":"product_cat-copper-alloy","9":"product_cat-high-temperature-alloy","10":"product_cat-titanium-alloy","11":"product_tag-rapid-prototype-tooling","12":"desktop-align-left","13":"tablet-align-left","14":"mobile-align-left","16":"first","17":"instock","18":"shipping-taxable","19":"product-type-simple"},"_links":{"self":[{"href":"https:\/\/haoyumaterial.com\/nn\/wp-json\/wp\/v2\/product\/1682","targetHints":{"allow":["GET"]}}],"collection":[{"href":"https:\/\/haoyumaterial.com\/nn\/wp-json\/wp\/v2\/product"}],"about":[{"href":"https:\/\/haoyumaterial.com\/nn\/wp-json\/wp\/v2\/types\/product"}],"replies":[{"embeddable":true,"href":"https:\/\/haoyumaterial.com\/nn\/wp-json\/wp\/v2\/comments?post=1682"}],"wp:featuredmedia":[{"embeddable":true,"href":"https:\/\/haoyumaterial.com\/nn\/wp-json\/wp\/v2\/media\/1567"}],"wp:attachment":[{"href":"https:\/\/haoyumaterial.com\/nn\/wp-json\/wp\/v2\/media?parent=1682"}],"wp:term":[{"taxonomy":"product_brand","embeddable":true,"href":"https:\/\/haoyumaterial.com\/nn\/wp-json\/wp\/v2\/product_brand?post=1682"},{"taxonomy":"product_cat","embeddable":true,"href":"https:\/\/haoyumaterial.com\/nn\/wp-json\/wp\/v2\/product_cat?post=1682"},{"taxonomy":"product_tag","embeddable":true,"href":"https:\/\/haoyumaterial.com\/nn\/wp-json\/wp\/v2\/product_tag?post=1682"}],"curies":[{"name":"wp","href":"https:\/\/api.w.org\/{rel}","templated":true}]}}