{"id":1789,"date":"2026-02-16T08:35:44","date_gmt":"2026-02-16T00:35:44","guid":{"rendered":"https:\/\/haoyumaterial.com\/?post_type=product&#038;p=1789"},"modified":"2026-02-16T08:35:45","modified_gmt":"2026-02-16T00:35:45","slug":"aluminum-prototype-services-rapid-cnc-machining-and-casting","status":"publish","type":"product","link":"https:\/\/haoyumaterial.com\/nn\/product\/aluminum-prototype-services-rapid-cnc-machining-and-casting\/","title":{"rendered":"Aluminium prototype-tjenester rask CNC-maskinering og st\u00f8yping"},"content":{"rendered":"<p>Custom aluminum prototype services with CNC machining and casting for rapid precise low volume production and aerospace grade alloys.<\/p>\n<h2>V\u00e5re aluminiumprototyping-evner<\/h2>\n<p>Sliter du med \u00e5 validere designa dine fordi du ventar p\u00e5 metalldelar? Vi veit at i produktutvikling er fart alt, men presisjon er ikkje til \u00e5 diskutere. Vi spesialiserer oss p\u00e5 h\u00f8gfidelitet\u00a0<strong>aluminiumprototype<\/strong>\u00a0produksjon som byggjer bro mellom digitale CAD-filer og fysisk realitet.<\/p>\n<p>Vi kutter ikkje berre metall; vi tilbyr ein strategisk miks av\u00a0<strong>skreddarsydde aluminium CNC-maskinering<\/strong>\u00a0og\u00a0<strong>aluminium-investeringsst\u00f8ping<\/strong>\u00a0for \u00e5 tilpasse prosjektets spesifikke fase. Enten du treng ein enkelt estetisk modell eller ein funksjonell batch for krasjtesting, er verkstaden v\u00e5r optimalisert for\u00a0<strong>rask aluminiumprototyping<\/strong>.<\/p>\n<p>Her er korleis vi handterer dine ulike produksjonsbehov:<\/p>\n<ul>\n<li><strong>Presisjonsaluminiumfabrikkering:<\/strong>\u00a0Vi oppn\u00e5r stramme toleransar ved bruk av flerakse fresing og dreiing, og sikrar at dine\u00a0<strong>OEM-skreddarsydde aluminiumdeler<\/strong>\u00a0passar perfekt f\u00f8rste gangen.<\/li>\n<li><strong>Komplekse geometriar:<\/strong>\u00a0For intrikate interne funksjonar eller organiske former, tilbyr v\u00e5re\u00a0<strong>prototype aluminiumst\u00f8ypetjenester<\/strong>\u00a0designfridom som tradisjonell maskinering av og til begrensar.<\/li>\n<li><strong>Skalerbare l\u00f8ysingar:<\/strong>\u00a0Vi st\u00f8ttar veksten din fr\u00e5 \u00e9in eining til\u00a0<strong>l\u00e5gvolums aluminiumproduksjon<\/strong>, ved \u00e5 bruke\u00a0<strong>rask verkt\u00f8ydanning for aluminium<\/strong>\u00a0for \u00e5 halde kostnadene nede f\u00f8r du forplikter deg til harde st\u00e5lmoulds.<\/li>\n<\/ul>\n<h2>Premium Aluminiumlegeringar vi bruker<\/h2>\n<p><img loading=\"lazy\" decoding=\"async\" class=\"\" src=\"https:\/\/haoyumaterial.com\/wp-content\/uploads\/2026\/02\/6061-T6_7075_5052_Aluminum_Prototype_Alloys_DfAyDm.webp\" alt=\"6061-T6 7075 5052 Aluminium Prototype Alloys\" width=\"581\" height=\"387\" \/><\/p>\n<h3>Oppfyller strenge standardar med 6061-T6, 7075 og 5052 grader<\/h3>\n<p>Vi veit at materialvalet avgjer om eit prosjekt lykkast eller mislukkar. Derfor bruker vi strengt sertifiserte, h\u00f8gkvalitets material for kvar\u00a0<strong>aluminiumprototype<\/strong>\u00a0vi produserer. Vi tek ikkje snarvegar p\u00e5 metallurgi; vi leverer dei n\u00f8yaktige mekaniske eigenskapane som ingeni\u00f8rteamet ditt spesifiserte. Mens vi fokuserer mykje p\u00e5 aluminium her, handterer anlegget v\u00e5rt eit breitt spekter av\u00a0<a href=\"https:\/\/haoyumaterial.com\/nn\/casting-alloy\/\">smeltelegeringsspesifikasjonar<\/a>\u00a0for \u00e5 sikre at vi m\u00f8ter dine n\u00f8yaktige designkrav p\u00e5 tvers av alt.<\/p>\n<p>Her er ei oversikt over dei prim\u00e6re klassane vi kj\u00f8rer dagleg:<\/p>\n<ul>\n<li><strong>6061-T6 Aluminium:<\/strong>\u00a0Dette er industristandard. Vi bruker det mykje til\u00a0<strong>Aluminium 6061 maskinerte delar<\/strong>\u00a0fordi det tilbyr den perfekte balansen mellom styrke, sveiseevne og maskineringsytelse. Det er ideelt for strukturelle rammer, bilskisser og generelle innkapslingar.<\/li>\n<li><strong>7075 Aluminium:<\/strong>\u00a0N\u00e5r du treng styrke som liknar st\u00e5l utan vekt, vender vi oss til denne graden. Det er standard for\u00a0<strong>Aluminium 7075 prototyper<\/strong>\u00a0og kritiske\u00a0<strong>aluminiumskomponentar for luftfart<\/strong>\u00a0der h\u00f8g belastning er ein faktor og svikt ikkje er eit alternativ.<\/li>\n<li><strong>5052 Aluminium:<\/strong>\u00a0Best kjent for sin utmerkede korrosjonsbestandheit og formbarheit. Vi brukar dette typisk til marine bruksomr\u00e5de og komplekse plater og innkapslingar.<\/li>\n<\/ul>\n<p>Om du leitar etter\u00a0<strong>skreddarsydde aluminium CNC-maskinering<\/strong>\u00a0or\u00a0<strong>l\u00e5gvolums aluminiumproduksjon<\/strong>, verifiserer vi at r\u00e5vareintegriteten stemmer perfekt overeins med produksjonsintensjonen din.<\/p>\n<h2>Kvifor samarbeide med oss for dine aluminiumprototypeprosjekt?<\/h2>\n<p><img loading=\"lazy\" decoding=\"async\" class=\"alignnone  wp-image-1791\" src=\"https:\/\/haoyumaterial.com\/wp-content\/uploads\/2026\/02\/aluminium-prototype-1-300x225.jpg\" alt=\"\" width=\"503\" height=\"377\" srcset=\"https:\/\/haoyumaterial.com\/wp-content\/uploads\/2026\/02\/aluminium-prototype-1-300x225.jpg 300w, https:\/\/haoyumaterial.com\/wp-content\/uploads\/2026\/02\/aluminium-prototype-1-1024x768.jpg 1024w, https:\/\/haoyumaterial.com\/wp-content\/uploads\/2026\/02\/aluminium-prototype-1-768x576.jpg 768w, https:\/\/haoyumaterial.com\/wp-content\/uploads\/2026\/02\/aluminium-prototype-1-16x12.jpg 16w, https:\/\/haoyumaterial.com\/wp-content\/uploads\/2026\/02\/aluminium-prototype-1-600x450.jpg 600w, https:\/\/haoyumaterial.com\/wp-content\/uploads\/2026\/02\/aluminium-prototype-1.jpg 1440w\" sizes=\"auto, (max-width: 503px) 100vw, 503px\" \/><\/p>\n<p>N\u00e5r du er i ein kamp mot ein stram produktlanseringsfrist, treng du ein partner som forst\u00e5r alvoret i\u00a0<strong>rask aluminiumprototyping<\/strong>\u00a0utan \u00e5 g\u00e5 p\u00e5 kompromiss. Vi veit at i det norske markedet er det nyttel\u00f8st \u00e5 f\u00e5 ein del raskt hvis den ikkje passar eller fungerer riktig. Difor fokuserer vi p\u00e5 \u00e5 levere fart saman med\u00a0<strong>presisjonsaluminiumfabrikkering<\/strong>, som sikrar at komponentane dine m\u00f8ter n\u00f8yaktige spesifikasjonar rett fr\u00e5 maskina.<\/p>\n<p>Vi stoppar ikkje berre ved grove delar; vi handterer heile arbeidsflyten. Fr\u00e5 den innleiande\u00a0<strong>skreddarsydde aluminium CNC-maskinering<\/strong>\u00a0til dei siste detaljane, s\u00f8rgjer vi for at delane dine er produksjonsklare. Vi kan ogs\u00e5 p\u00e5f\u00f8re avansert\u00a0<a href=\"https:\/\/haoyumaterial.com\/nn\/services\/surface-treatment\/\">overflatebehandlingstjenester<\/a>\u00a0for \u00e5 auke korrosjonsmotstand og estetisk appell, og gi deg ein prototype som ser ut og kjennest som det endelege produktet.<\/p>\n<h3>Evner som driv di suksess<\/h3>\n<p>Om du treng ein enkelt kompleks eining eller\u00a0<strong>l\u00e5gvolums aluminiumproduksjon<\/strong>, er verkstaden v\u00e5r utstyrt for \u00e5 handtere\u00a0<strong>OEM-skreddarsydde aluminiumdeler<\/strong>\u00a0med jamn kvalitet. Vi hjelper deg \u00e5 byggje bro mellom design og masseproduksjon gjennom:<\/p>\n<ul>\n<li><strong>Utan kompromiss p\u00e5 presisjon:<\/strong>\u00a0Vi held strenge toleransar for \u00e5 sikre at kvar funksjon stemmer perfekt overeins med CAD-dataene dine.<\/li>\n<li><strong>Skalerbare l\u00f8ysingar:<\/strong>\u00a0Vi tilbyr\u00a0<strong>broverkt\u00f8y aluminium<\/strong>\u00a0l\u00f8ysingar som gjev deg moglegheit til \u00e5 teste marknaden f\u00f8r du forplikter deg til dyre hardverkt\u00f8y.<\/li>\n<li><strong>Fart til marknaden:<\/strong>\u00a0V\u00e5r\u00a0<strong>rask verkt\u00f8ydanning for aluminium<\/strong>\u00a0prosessar som reduserer ledetid betydelig, og f\u00e5r produktet ditt inn i testfasar raskare enn tradisjonelle metodar.<\/li>\n<\/ul>\n<h2>Tjenar krevjande industristandardar<\/h2>\n<p><img loading=\"lazy\" decoding=\"async\" class=\"\" src=\"https:\/\/haoyumaterial.com\/wp-content\/uploads\/2026\/02\/aluminium_prototype_aerospace_automotive_parts_uLW.webp\" alt=\"aluminium prototype luftfart, bilindustrien deler\" width=\"582\" height=\"388\" \/><\/p>\n<p>N\u00e5r vi leverer ein\u00a0<strong>aluminiumprototype<\/strong>, veit vi at det ofte er eit kritisk steg i \u00e5 verifisere design for h\u00f8grisiko-milj\u00f8. Vi kutar ikkje berre metall; vi leverer delar som oppfyller dei strenge forventningane i den norske industrien, og sikrar at prosjektet ditt g\u00e5r smidig fr\u00e5 konsept til validering.<\/p>\n<p>Vi handterer regelmessig prosjekt som krev full materialsporbarheit og strenge krav til dimensjonstoleranse. V\u00e5re evner innan\u00a0<strong>tilpassa metallprototyping<\/strong>\u00a0gjer at vi kan tene sektorar der presisjon er ikkje til \u00e5 diskutere:<\/p>\n<ul>\n<li><strong>Luftfart:<\/strong>\u00a0Vi produserer h\u00f8gstyrke, lettvekts\u00a0<a href=\"https:\/\/haoyumaterial.com\/nn\/industries\/aerospace\/\">aerospace-industrikomponentar<\/a>\u00a0som oppfyller strenge sikkerheits- og ytelsesstandardar for flyhardware.<\/li>\n<li><strong>Bilindustri:<\/strong>\u00a0Fr\u00e5 termisk styringsdeler (som varmeavleiarar) til strukturelle brakettar, st\u00f8ttar vi rask utvikling av EV- og indre forbrenningsmotor-komponentar.<\/li>\n<li><strong>Medisinsk &amp; Forsvar:<\/strong>\u00a0Vi leverer p\u00e5litelege prototyper som oppretthald stabilitet og n\u00f8yaktigheit, sj\u00f8lv under komplekse driftsforhold.<\/li>\n<\/ul>\n<h2>Tekniske spesifikasjonar og toleransar for aluminiumprototypar<\/h2>\n<p>N\u00e5r du skal byggje bro mellom design og produksjon, treng du harde tal, ikkje gjetningar. Vi tilbyr\u00a0<strong>tette toleransar for maskinering av aluminium<\/strong>\u00a0og st\u00f8pe-tenester designa for \u00e5 m\u00f8te strenge geometriske krav utan forsinkingar. Som ein dedikert\u00a0<a href=\"https:\/\/haoyumaterial.com\/nn\/aluminum-casting-manufacturer-for-custom-precision-parts\/\">aluminiumst\u00f8yperiprodusent for tilpassa presisjonsdelar<\/a>, s\u00f8rgjer vi for at spesifikasjonane p\u00e5 CAD-modellen din stemmer overeins med delen som blir levert til dokka di.<\/p>\n<p>Her er ei rask oversikt over v\u00e5re standard produksjonskapabilitetar for\u00a0<strong>tilpassa metallprototyping<\/strong>:<\/p>\n<div class=\"table-responsive\">\n<table class=\"table\">\n<thead>\n<tr>\n<th>Spesifikasjon<\/th>\n<th>Standardevne<\/th>\n<th>Presisjon \/ H\u00f8g kvalitet<\/th>\n<\/tr>\n<\/thead>\n<tbody>\n<tr>\n<td><strong>Dimensjonsavvik<\/strong><\/td>\n<td>\u00b1 0,1 mm (ISO 2768-m)<\/td>\n<td>\u00b1 0.005 mm (CNC-maskinering)<\/td>\n<\/tr>\n<tr>\n<td><strong>Maks byggjestorleik<\/strong><\/td>\n<td>500 x 500 x 400 mm<\/td>\n<td>Opp til 1200 mm (Segmentert)<\/td>\n<\/tr>\n<tr>\n<td><strong>Veggtykkleik<\/strong><\/td>\n<td>Min 1.0 mm<\/td>\n<td>Min 0.5 mm (Avhengig av geometri)<\/td>\n<\/tr>\n<tr>\n<td><strong>Overflateruheit<\/strong><\/td>\n<td>Ra 3.2 \u03bcm (Som maskinert)<\/td>\n<td>Ra 0.4 \u03bcm (Polert)<\/td>\n<\/tr>\n<tr>\n<td><strong>Levetid<\/strong><\/td>\n<td>7\u201310 virkedagar<\/td>\n<td>3\u20135 virkedagar (Ekspress)<\/td>\n<\/tr>\n<\/tbody>\n<\/table>\n<\/div>\n<h3>Aksepterte filformat og data<\/h3>\n<p>For \u00e5 f\u00e5\u00a0<strong>rask aluminiumprototyping<\/strong>\u00a0prosjektet ditt i gang umiddelbart, held vi oss strengt til industristandardar for datautveksling.<\/p>\n<ul>\n<li><strong>3D-filer:<\/strong>\u00a0STEP (.stp, .step), IGES (.igs, .iges), Parasolid (.x_t), SLDPRT.<\/li>\n<li><strong>2D-teikningar:<\/strong>\u00a0PDF, DWG, DXF (Avgjerande for \u00e5 spesifisere gjenger, kritiske dimensjonar og overflatebehandling).<\/li>\n<\/ul>\n<h2>Ofte stilte sp\u00f8rsm\u00e5l om aluminiumprototypar<\/h2>\n<p>Vi veit at navigering\u00a0<strong>tilpassa metallprototyping<\/strong>\u00a0kan f\u00f8re til mange sp\u00f8rsm\u00e5l, spesielt n\u00e5r fristar er korte. Her er svara p\u00e5 dei vanlegaste sp\u00f8rsm\u00e5la vi f\u00e5r fr\u00e5 norske ingeni\u00f8rar og produktutviklarar ang\u00e5ande v\u00e5re\u00a0<strong>aluminiumprototype<\/strong>\u00a0tenester.<\/p>\n<h3>Korleis vel eg mellom 6061 og 7075 for prototypen min?<\/h3>\n<p>Det kjem eigentleg an p\u00e5 bruken. Om du treng utmerka korrosjonsmotstand og sveiseevne for generelle strukturelle rammer eller bildeler,\u00a0<strong>Aluminium 6061 maskinerte delar<\/strong>\u00a0er vanlegvis standardvalet. Men om prosjektet ditt involverer h\u00f8gstress-tilfelle som\u00a0<strong>aluminiumskomponentar for luftfart<\/strong>, anbefaler vi\u00a0<strong>Aluminium 7075 prototyper<\/strong>. Denne klassen tilbyr eit styrke-til-vekt-forhold som er samanliknbart med nokre st\u00e5l, og er dermed ideell for delar under tung belastning.<\/p>\n<h3>Kan du hjelpe med \u00e5 g\u00e5 fr\u00e5 prototype til masseproduksjon?<\/h3>\n<p>Absolutt. Vi spesialiserer oss p\u00e5\u00a0<strong>l\u00e5gvolums aluminiumproduksjon<\/strong>\u00a0for \u00e5 byggje bro mellom den f\u00f8rste konseptet og fullskala produksjon. Vi brukar ofte\u00a0<strong>broverkt\u00f8y aluminium<\/strong>\u00a0teknikkar for \u00e5 f\u00e5 delar i hendene dine raskare medan permanente verkt\u00f8y blir skore. Om designet ditt krev komplekse geometriar som passar betre for forming, gjer v\u00e5re spesialiserte\u00a0<a href=\"https:\/\/haoyumaterial.com\/nn\/casting-foundry\/\">st\u00f8periverkstadkapasitetar<\/a>\u00a0det mogleg \u00e5 overf\u00f8re dine maskinerte prototyper til skalerbare investeringsst\u00f8ypel\u00f8p s\u00f8ml\u00f8st.<\/p>\n<h3>Kva overflatefinish tilbyr de?<\/h3>\n<p><strong>Aluminiumsoverflatefinish<\/strong>\u00a0er kritisk for b\u00e5de estetikk og holdbarheit. Vi tilbyr eit fullt utval av etterbehandlingsalternativ for \u00e5 m\u00f8te OEM-spesifikasjonar:<\/p>\n<ul>\n<li><strong>Anodisering (Type II og Type III):<\/strong>\u00a0For overlegen korrosjonsmotstand og fargetilpassing.<\/li>\n<li><strong>Perlebl\u00e5sing:<\/strong>\u00a0For \u00e5 oppn\u00e5 ein jamn matt tekstur og skjule verkt\u00f8ymerker.<\/li>\n<li><strong>Pulverlakkering:<\/strong>\u00a0For ein slitesterk, dekorativ overflate som passar for forbrukargjenstandar.<\/li>\n<li><strong>Chromatkonvertering:<\/strong>\u00a0For \u00e5 oppretthalde elektrisk ledeevne medan det gir beskyttelse.<\/li>\n<\/ul>\n<h3>Kva er den typiske leveringstida for rask aluminiumprototyping?<\/h3>\n<p>Hastighet er namnet p\u00e5 spelet. For standard\u00a0<strong>skreddarsydde aluminium CNC-maskinering<\/strong>, kan vi ofte sende delar innan nokre dagar avhengig av kompleksitet. V\u00e5r\u00a0<strong>rask aluminiumprototyping<\/strong>\u00a0arbeidsflyt er optimalisert for \u00e5 minimere nedetid, slik at du kan validere designen din og komme p\u00e5 marknaden raskare.<\/p>","protected":false},"excerpt":{"rendered":"<p>Custom aluminum prototype services with CNC machining and casting for rapid precise low volume production and aerospace grade alloys. Our [&hellip;]<\/p>\n","protected":false},"featured_media":1790,"comment_status":"open","ping_status":"closed","template":"","meta":{"site-sidebar-layout":"default","site-content-layout":"","ast-site-content-layout":"default","site-content-style":"default","site-sidebar-style":"default","ast-global-header-display":"","ast-banner-title-visibility":"","ast-main-header-display":"","ast-hfb-above-header-display":"","ast-hfb-below-header-display":"","ast-hfb-mobile-header-display":"","site-post-title":"","ast-breadcrumbs-content":"","ast-featured-img":"","footer-sml-layout":"","ast-disable-related-posts":"","theme-transparent-header-meta":"default","adv-header-id-meta":"","stick-header-meta":"","header-above-stick-meta":"","header-main-stick-meta":"","header-below-stick-meta":"","astra-migrate-meta-layouts":"set","ast-page-background-enabled":"default","ast-page-background-meta":{"desktop":{"background-color":"var(--ast-global-color-5)","background-image":"","background-repeat":"repeat","background-position":"center center","background-size":"auto","background-attachment":"scroll","background-type":"","background-media":"","overlay-type":"","overlay-color":"","overlay-opacity":"","overlay-gradient":""},"tablet":{"background-color":"","background-image":"","background-repeat":"repeat","background-position":"center center","background-size":"auto","background-attachment":"scroll","background-type":"","background-media":"","overlay-type":"","overlay-color":"","overlay-opacity":"","overlay-gradient":""},"mobile":{"background-color":"","background-image":"","background-repeat":"repeat","background-position":"center center","background-size":"auto","background-attachment":"scroll","background-type":"","background-media":"","overlay-type":"","overlay-color":"","overlay-opacity":"","overlay-gradient":""}},"ast-content-background-meta":{"desktop":{"background-color":"var(--ast-global-color-4)","background-image":"","background-repeat":"repeat","background-position":"center center","background-size":"auto","background-attachment":"scroll","background-type":"","background-media":"","overlay-type":"","overlay-color":"","overlay-opacity":"","overlay-gradient":""},"tablet":{"background-color":"var(--ast-global-color-4)","background-image":"","background-repeat":"repeat","background-position":"center center","background-size":"auto","background-attachment":"scroll","background-type":"","background-media":"","overlay-type":"","overlay-color":"","overlay-opacity":"","overlay-gradient":""},"mobile":{"background-color":"var(--ast-global-color-4)","background-image":"","background-repeat":"repeat","background-position":"center center","background-size":"auto","background-attachment":"scroll","background-type":"","background-media":"","overlay-type":"","overlay-color":"","overlay-opacity":"","overlay-gradient":""}}},"product_brand":[],"product_cat":[21],"product_tag":[605],"class_list":{"0":"post-1789","1":"product","2":"type-product","3":"status-publish","4":"has-post-thumbnail","6":"product_cat-aluminum-alloy","7":"product_tag-aluminium-prototype","8":"desktop-align-left","9":"tablet-align-left","10":"mobile-align-left","12":"first","13":"instock","14":"shipping-taxable","15":"product-type-simple"},"_links":{"self":[{"href":"https:\/\/haoyumaterial.com\/nn\/wp-json\/wp\/v2\/product\/1789","targetHints":{"allow":["GET"]}}],"collection":[{"href":"https:\/\/haoyumaterial.com\/nn\/wp-json\/wp\/v2\/product"}],"about":[{"href":"https:\/\/haoyumaterial.com\/nn\/wp-json\/wp\/v2\/types\/product"}],"replies":[{"embeddable":true,"href":"https:\/\/haoyumaterial.com\/nn\/wp-json\/wp\/v2\/comments?post=1789"}],"wp:featuredmedia":[{"embeddable":true,"href":"https:\/\/haoyumaterial.com\/nn\/wp-json\/wp\/v2\/media\/1790"}],"wp:attachment":[{"href":"https:\/\/haoyumaterial.com\/nn\/wp-json\/wp\/v2\/media?parent=1789"}],"wp:term":[{"taxonomy":"product_brand","embeddable":true,"href":"https:\/\/haoyumaterial.com\/nn\/wp-json\/wp\/v2\/product_brand?post=1789"},{"taxonomy":"product_cat","embeddable":true,"href":"https:\/\/haoyumaterial.com\/nn\/wp-json\/wp\/v2\/product_cat?post=1789"},{"taxonomy":"product_tag","embeddable":true,"href":"https:\/\/haoyumaterial.com\/nn\/wp-json\/wp\/v2\/product_tag?post=1789"}],"curies":[{"name":"wp","href":"https:\/\/api.w.org\/{rel}","templated":true}]}}