{"id":1816,"date":"2026-02-18T09:08:57","date_gmt":"2026-02-18T01:08:57","guid":{"rendered":"https:\/\/haoyumaterial.com\/"},"modified":"2026-02-18T09:08:57","modified_gmt":"2026-02-18T01:08:57","slug":"high-precision-casting-services-tight-tolerance-metal-parts","status":"publish","type":"product","link":"https:\/\/haoyumaterial.com\/nn\/product\/high-precision-casting-services-tight-tolerance-metal-parts\/","title":{"rendered":"H\u00f8g presisjonst\u00f8ypingstenester tette toleransar metalldeler"},"content":{"rendered":"<p>H\u00f8g presisjons st\u00f8petenester med stramme toleransar, avanserte legeringar, CNC-maskinering og overflatebehandling for komplekse industrielle delar.<\/p>\n<h2>H\u00f8g presisjons st\u00f8ping og tilpassa metallproduksjon<\/h2>\n<p>Sliter du med \u00e5 finne p\u00e5litelege metallkomponentar som krev strenge dimensjonale krav? Vi spesialiserer oss p\u00e5\u00a0<strong>h\u00f8g presisjons st\u00f8ping<\/strong>\u00a0og tilpassa metallproduksjon, utvikla for \u00e5 m\u00f8te dine n\u00f8yaktige spesifikasjonar. Vi byggjer rutinemessig\u00a0<strong>komplekse geometriske metalldeler<\/strong>\u00a0med mikron-niv\u00e5 n\u00f8yaktigheit, og sikrar at sluttproduktet ditt fungerer feilfritt i den virkelige verda.<\/p>\n<p>V\u00e5r tilpassa metallsmie er bygd for \u00e5 skalere direkte med prosjektets tidsplan, og tilbyr ein s\u00f8ml\u00f8s overgang fr\u00e5 initialt konsept til ferdig installasjon:<\/p>\n<ul>\n<li><strong>Mikron-niv\u00e5 N\u00f8yaktigheit:<\/strong>\u00a0Feilfri utf\u00f8ring av intrikate design med dei strammaste dimensjonale toleransar.<\/li>\n<li><strong>Rask prototype-st\u00f8ping:<\/strong>\u00a0Hurtige, p\u00e5litelege leveringstider for \u00e5 teste, validere og perfeksjonere dine f\u00f8rste design.<\/li>\n<li><strong>Masseproduksjon:<\/strong>\u00a0Kostnadseffektivt og s\u00f8ml\u00f8st skalering fr\u00e5 sm\u00e5 volum av proof-of-concept batchar til h\u00f8gvolums produksjonskj\u00f8ringar.<\/li>\n<\/ul>\n<p>Slutt \u00e5 g\u00e5 p\u00e5 kompromiss med komponentkvalitet og produksjonsleiingstider.\u00a0<strong>F\u00e5 eit tilpassa tilbod<\/strong>\u00a0i dag for \u00e5 starte ditt neste prosjekt, eller utforsk v\u00e5r komplette liste over st\u00f8peevner og\u00a0<strong>presisjons CNC-maskineringstenester<\/strong>\u00a0for \u00e5 sj\u00e5 korleis vi kan optimalisere din produksjonskjede.<\/p>\n<h2>Kva gjer v\u00e5r presisjonsst\u00f8ping unik?<\/h2>\n<h3>Synergi mellom nettfasest\u00f8ping og presisjons CNC-maskinering<\/h3>\n<p>Vi heller ikkje berre helle metall; vi utviklar presisjon. V\u00e5r produksjonsprosess integrerer den geometriske fridomen av\u00a0<strong>Nettformst\u00f8yping<\/strong>\u00a0med dei strenge toleransane til\u00a0<strong>Presisjons CNC-maskineringstenester<\/strong>. Denne hybridtiln\u00e6rminga gjer oss i stand til \u00e5 produsere\u00a0<strong>Komplekse Geometri Metalldelar<\/strong>\u2014inkludert intrikate interne kanalar og tynnvegga strukturar\u2014som tradisjonelle maskineringsmetodar ofte strevar med \u00e5 replikere effektivt.<\/p>\n<h3>Effektivitet og Overflatekvalitet<\/h3>\n<p>Ved \u00e5 fokusere p\u00e5 n\u00e6r-nettformproduksjon minimerer vi drastisk r\u00e5materialavfall og reduserer syklustider. Denne effektiviteten er avgjerande anten vi st\u00f8yper tunge industrielle komponentar eller lette\u00a0<a href=\"https:\/\/haoyumaterial.com\/nn\/product-category\/aluminum-alloy\/\">aluminiumlegeringar<\/a>. Du f\u00e5r ein del som er funksjonelt komplett rett ut av forma, og som berre krev minimal etterbehandling.<\/p>\n<ul>\n<li><strong>Minimering av avfall:<\/strong>\u00a0N\u00e6r-nettforming reduserer mengda av r\u00e5materiale som m\u00e5 fjernast, og senkar dei totale prosjektkostnadene.<\/li>\n<li><strong>Overlegen finish:<\/strong>\u00a0Vi oppn\u00e5r ein h\u00f8gkvalitets\u00a0<strong>St\u00f8ypt Overflatefinish RMS<\/strong>, og leverer konsekvent eit ruheitsgjennomsnitt (Ra) p\u00e5 3,2-6,3 \u03bcm.<\/li>\n<\/ul>\n<h2>Tekniske spesifikasjonar &amp; Toleransar<\/h2>\n<p>Hos Haoyu behandlar vi spesifikasjonar som krav, ikkje forslag. Som ein sertifisert\u00a0<strong>ISO 9001 St\u00f8yperiprodusent<\/strong>, kombinerer vi velpr\u00f8vde st\u00f8ypeteknikkar med moderne metrologi for \u00e5 levere p\u00e5litelegheit. Ved \u00e5 utnytte\u00a0<a href=\"https:\/\/haoyumaterial.com\/nn\/advanced-casting-technology-for-improved-foundry-yield-and-metal-purity\/\">avansert st\u00f8ypeteknologi<\/a>, opprettheld vi streng kontroll over metallreinheit og dimensjonsstabilitet, og sikrar at dine\u00a0<strong>h\u00f8g presisjons st\u00f8ping<\/strong>\u00a0prosjekt presterer n\u00f8yaktig som tiltenkt.<\/p>\n<p>Vi byggjer bru mellom grovst\u00f8yping og presisjonsingeni\u00f8rkunst gjennom f\u00f8lgjande kapasitetar:<\/p>\n<ul>\n<li><strong>Allsidige metodar:<\/strong>\u00a0Vi spesialiserer oss p\u00e5\u00a0<strong>Investeringsst\u00f8yperiprosess<\/strong>\u00a0(Tapt voks), i tillegg til trykk- og vakuumst\u00f8yping for spesiallegeringar som krev ein reinare smelteprosess.<\/li>\n<li><strong>Ekstrem n\u00f8yaktigheit:<\/strong>\u00a0Vi oppn\u00e5r standard st\u00f8ypetoleransar p\u00e5 ISO 8062 CT4-CT6. For kritiske passflater som krev\u00a0<strong>Metalldelar med snevre toleransar<\/strong>, strammar v\u00e5re interne CNC-operasjonar n\u00f8yaktigheita ned til $pm 0.005$mm.<\/li>\n<li><strong>Overflatekvalitet:<\/strong>\u00a0V\u00e5re standardfinishar varierer fr\u00e5 Ra 3.2 til 6.3 $mu m$. Vi tilbyr \u00f2g elektropolering og spegelpolering for \u00e5 m\u00f8te spesifikke\u00a0<strong>St\u00f8ypt Overflatefinish RMS<\/strong>\u00a0krav til medisinsk eller romfartsbruk.<\/li>\n<\/ul>\n<h3>Oversikt over kapasitet<\/h3>\n<div class=\"table-responsive\">\n<table class=\"table\">\n<thead>\n<tr>\n<th>Eigenskap<\/th>\n<th>Spesifikasjon<\/th>\n<\/tr>\n<\/thead>\n<tbody>\n<tr>\n<td><strong>St\u00f8yperiprosessar<\/strong><\/td>\n<td>\u00a0 \u00a0 \u00a0Investering (Tapt voks), Vakuum, Trykk<\/td>\n<\/tr>\n<tr>\n<td><strong>Dimensjonsavvik<\/strong><\/td>\n<td>\u00a0 \u00a0 \u00a0 \u00a0 \u00a0 \u00a0ISO 8062 CT4-CT6 (Som st\u00f8pt)<\/td>\n<\/tr>\n<tr>\n<td><strong>CNC-presisjon<\/strong><\/td>\n<td>\u00a0 \u00a0 \u00a0 \u00a0 \u00a0 \u00a0 \u00a0Opp til $pm 0.005$mm<\/td>\n<\/tr>\n<tr>\n<td><strong>Delen sin vektomr\u00e5de<\/strong><\/td>\n<td>\u00a0 \u00a0 \u00a0 \u00a0 \u00a0 \u00a0 0.005 kg til 150 kg<\/td>\n<\/tr>\n<tr>\n<td><strong>Min. veggtykkleik<\/strong><\/td>\n<td>\u00a0 \u00a0 \u00a0 \u00a0 \u00a0 \u00a01.0mm (Materialavhengig)<\/td>\n<\/tr>\n<tr>\n<td><strong>Overflateruheit<\/strong><\/td>\n<td>\u00a0 \u00a0 \u00a0 \u00a0Ra 3.2 \u2013 6.3 $mu m$ (Standard)<\/td>\n<\/tr>\n<\/tbody>\n<\/table>\n<\/div>\n<h2>H\u00f8glegeringsst\u00f8yping<\/h2>\n<p><img loading=\"lazy\" decoding=\"async\" class=\"alignnone  wp-image-1818\" src=\"https:\/\/haoyumaterial.com\/wp-content\/uploads\/2026\/02\/high-precision-casting-225x300.png\" alt=\"\" width=\"344\" height=\"459\" srcset=\"https:\/\/haoyumaterial.com\/wp-content\/uploads\/2026\/02\/high-precision-casting-225x300.png 225w, https:\/\/haoyumaterial.com\/wp-content\/uploads\/2026\/02\/high-precision-casting-9x12.png 9w, https:\/\/haoyumaterial.com\/wp-content\/uploads\/2026\/02\/high-precision-casting.png 433w\" sizes=\"auto, (max-width: 344px) 100vw, 344px\" \/><\/p>\n<p>Leverer p\u00e5litelege delar gjennom\u00a0<strong>h\u00f8g presisjons st\u00f8ping<\/strong>\u00a0Betyr \u00e5 starte med det n\u00f8yaktige rette metallet. Vi bringer dyp materialkompetanse til prosjektet ditt for \u00e5 garantere strengt termisk og kjemisk stabilitet, spesielt for komponentar som opererer i t\u00f8ffe milj\u00f8.<\/p>\n<p>Om ditt produksjonsl\u00f8p i Norge krevjer overlegen korrosjonsbestandigheit eller h\u00f8g strekkstyrke under ekstrem varme, helsar vi det n\u00f8yaktige legeringa som oppg\u00e5va krev.<\/p>\n<h3>Materialeigenskaper<\/h3>\n<ul>\n<li><strong>Rustfritt &amp; Duplex-st\u00e5l:<\/strong>\u00a0P\u00e5liteleg\u00a0<strong>rustfritt st\u00e5linvesteringst\u00f8ping<\/strong>\u00a0i klassar som 304, 316L, og 2205 for utmerka holdbarheit og rustbestandigheit.<\/li>\n<li><strong>Superlegeringar &amp; H\u00f8gtemperaturmateriale:<\/strong>\u00a0Tungt\u00a0<a href=\"https:\/\/haoyumaterial.com\/nn\/material-classification-and-product-applications-of-superalloys\/\">superlegeringsst\u00f8yping<\/a>\u00a0ved bruk av metaller som Inconel og Hastelloy for \u00e5 oppretthalde strukturell integritet under intens varme og stress.<\/li>\n<li><strong>Ikke-jernholdige legeringar:<\/strong>\u00a0Allsidige, lette og ledeevnealternativ inkludert Titan, Kobber, og h\u00f8g-toleranse\u00a0<a href=\"https:\/\/haoyumaterial.com\/nn\/product\/aluminum-die-casting-services-high-precision-oem-manufacturer-aluminum-die-casting-services-with-200t3500t-machines-tight-tolerances-multiple-alloys-cnc-machining-and-finishing-for-oem-industries\/\">aluminiumtrykkst\u00f8pe-tenester<\/a>.<\/li>\n<li><strong>Spesialmateriale:<\/strong>\u00a0Avanserte metaller som Krom-Kobolt-Molybden for strenge medisinske, luftfarts- og h\u00f8yt slitasje industriapplikasjonar.<\/li>\n<\/ul>\n<h2>Fr\u00e5 design til ferdig del: V\u00e5r prosess<\/h2>\n<p>Vi tek fullt ansvar for prosjektet ditt, og leiar det fr\u00e5 eit digitalt konsept til ein produksjonsklar komponent. Ved \u00e5 integrere\u00a0<strong>Nettformst\u00f8yping<\/strong>\u00a0prinsipp tidleg, effektiviserer vi produksjonen for \u00e5 spare tid og pengar. Vi styrer kvar variabel for \u00e5 sikre at sluttproduktet stemmer overeins med dine n\u00f8yaktige utskriftskrav.<\/p>\n<p>Her er korleis vi forvandler kompleks ingeni\u00f8rkunst til verkelegheit:<\/p>\n<ul>\n<li><strong>Forskning og utvikling (FoU) og verkt\u00f8yproduksjon:<\/strong>\u00a0Vi gjetter ikkje; vi simulerer. Ved bruk av avansert CAD og flytsimuleringsprogramvare analyserer vi herdingm\u00f8nster for \u00e5 designe verkt\u00f8y som eliminerer por\u00f8sitet og krymping f\u00f8r vi heller metall.<\/li>\n<li><strong>Voksinjeksjon &amp; skallbygging:<\/strong>\u00a0Konsistens er avgjerande i den\u00a0<strong>Investeringsst\u00f8yperiprosess<\/strong>. Vi brukar automatisert voksinjeksjon for \u00e5 lage n\u00f8yaktige replika, etterf\u00f8lgt av \u00e5 byggje h\u00f8gstyrke keramiske skjell som definerer den endelige overflata.<\/li>\n<li><strong>Sekund\u00e6re operasjonar:<\/strong>\u00a0N\u00e5r metallet avkj\u00f8last, forfiner vi delen. Denne fasen inkluderer kutting, sliping og bruk av v\u00e5r\u00a0<a href=\"https:\/\/haoyumaterial.com\/nn\/services\/\">omfattande maskineringsservice<\/a>\u00a0for \u00e5 oppn\u00e5 toleransar s\u00e5 stramme som $pm 0,005$mm gjennom\u00a0<strong>Presisjons CNC-maskineringstenester<\/strong>.<\/li>\n<li><strong>Kvalitetskontroll:<\/strong>\u00a0Vi verifiserer kvar spesifikasjon. Ved bruk av CMM for dimensjonsn\u00f8yaktighet, spektrometere for kjemisk analyse, og NDT-metodar, sikrar vi at kvar del m\u00f8ter dei strenge standardane til ein toppklasse\u00a0<strong>ISO 9001 St\u00f8yperiprodusent<\/strong>.<\/li>\n<\/ul>\n<h2>P\u00e5liteleg av kritiske industribransjar<\/h2>\n<p><img loading=\"lazy\" decoding=\"async\" class=\"alignnone  wp-image-1819\" src=\"https:\/\/haoyumaterial.com\/wp-content\/uploads\/2026\/02\/8620-Alloy-steel-300x300.jpg\" alt=\"\" width=\"355\" height=\"355\" srcset=\"https:\/\/haoyumaterial.com\/wp-content\/uploads\/2026\/02\/8620-Alloy-steel-300x300.jpg 300w, https:\/\/haoyumaterial.com\/wp-content\/uploads\/2026\/02\/8620-Alloy-steel-150x150.jpg 150w, https:\/\/haoyumaterial.com\/wp-content\/uploads\/2026\/02\/8620-Alloy-steel-768x768.jpg 768w, https:\/\/haoyumaterial.com\/wp-content\/uploads\/2026\/02\/8620-Alloy-steel-12x12.jpg 12w, https:\/\/haoyumaterial.com\/wp-content\/uploads\/2026\/02\/8620-Alloy-steel-600x600.jpg 600w, https:\/\/haoyumaterial.com\/wp-content\/uploads\/2026\/02\/8620-Alloy-steel-100x100.jpg 100w, https:\/\/haoyumaterial.com\/wp-content\/uploads\/2026\/02\/8620-Alloy-steel.jpg 900w\" sizes=\"auto, (max-width: 355px) 100vw, 355px\" \/><\/p>\n<p>N\u00e5r tryggleik og ytelse er ikkje til \u00e5 forhandle om, leverer v\u00e5r\u00a0<strong>h\u00f8g presisjons st\u00f8ping<\/strong>\u00a0Vi heller ikkje berre st\u00f8yp metall; vi utviklar l\u00f8ysingar for sektorar der svikt ikkje er eit alternativ. V\u00e5r prosess sikrar at sj\u00f8lv dei mest\u00a0<strong>komplekse geometriske metalldeler<\/strong>\u00a0oppfyller dei strenge standardane som krevjast av produsentar i Norge.<\/p>\n<ul>\n<li><strong>Luftfart:<\/strong>\u00a0Vi produserer flykritiske komponentar som turbinblader og strukturelle element.\u00a0<strong>Flykvalitet st\u00f8yping<\/strong>\u00a0krever absolutt perfeksjon, og vi tilbyr sporbarheit og materialintegritet som er n\u00f8dvendig for h\u00f8gdeh\u00f8gd ytelse.<\/li>\n<li><strong>Energi &amp; Kraft:<\/strong>\u00a0Fr\u00e5 kraftproduksjon til utvinning, leverer vi slitesterke impeller og ventilkroppar. V\u00e5re komponentar er konstruerte for \u00e5 t\u00e5le ekstreme trykk, og fungerer som p\u00e5litelege l\u00f8ysingar for\u00a0<a href=\"https:\/\/haoyumaterial.com\/nn\/industries\/oil-gas\/\">olje- og gassindustrien<\/a>.<\/li>\n<li><strong>Bilindustri:<\/strong>\u00a0Effektivitet driv denne industrien. Vi produserer lette, h\u00f8gstyrke turbokomponentar og noder, ofte ved bruk av\u00a0<a href=\"https:\/\/haoyumaterial.com\/nn\/aluminum-casting-manufacturer-for-custom-precision-parts\/\">tilpassa aluminiumst\u00f8yping<\/a>\u00a0for \u00e5 betre drivstoff\u00f8konomi utan \u00e5 g\u00e5 p\u00e5 kompromiss med holdbarheit.<\/li>\n<li><strong>Medisin:<\/strong>\u00a0N\u00f8yaktigheit er avgjerande n\u00e5r liv st\u00e5r p\u00e5 spel. Vi st\u00f8yp intrikate implantat og kirurgiske instrument med biokompatible materialar, og sikrar glatte overflater og n\u00f8yaktige toleransar.<\/li>\n<\/ul>\n<p>Vi forst\u00e5r dei unike regulative og kvalitetsutfordringane innan desse omr\u00e5da. Enten det er ISO-standardar eller spesifikke materialsertifiseringar, tilpassar vi produksjonen v\u00e5r til bransjens puls.<\/p>\n<h2>Haoyu-fordelen innan presisjonsproduksjon<\/h2>\n<p>N\u00e5r du kj\u00f8per\u00a0<strong>h\u00f8g presisjons st\u00f8ping<\/strong>, du treng meir enn berre ein leverand\u00f8r; du treng ein partner som forst\u00e5r risikoen. Vi kombinerer avansert teknologi med praktisk ekspertise for \u00e5 levere resultat som held produksjonslinja di i gang.<\/p>\n<h3>Integrert produksjonsstyring<\/h3>\n<p>Vi har str\u00f8mlinjeforma heile drifta v\u00e5r for \u00e5 kutte un\u00f8dvendige forsinkelser. Ved \u00e5 halde kritiske prosessar internt \u2013 fr\u00e5 den innleiande\u00a0<strong>er investeringsst\u00f8yping<\/strong>\u00a0til ferdigstilling \u2013 reduserer vi merkbart leveringstida. Du f\u00e5r delane dine raskare, noko som gjer at du kan halde deg framme i marknadskrav utan \u00e5 g\u00e5 p\u00e5 kompromiss med kvaliteten.<\/p>\n<h3>Tilpassing bygd strengt etter dine teikningar<\/h3>\n<p>Vi trur ikkje p\u00e5 \u201cn\u00e6r nok\u201d. Som ein\u00a0<strong>ISO 9001-smetteprodusent<\/strong>, er vi forplikta til full tilpassing som f\u00f8lgjer strengt dine ingeni\u00f8rteikningar. Enten du utviklar intrikate luftfartsdeler eller\u00a0<a href=\"https:\/\/haoyumaterial.com\/nn\/valve-castings-manufacturer-custom-oem-valve-bodies\/\">tilpassa OEM-ventilhus<\/a>, s\u00f8rgjer vi for at kvar funksjon m\u00f8ter dine n\u00f8yaktige spesifikasjonar. Teamet v\u00e5rt er dyktige til \u00e5 handtere komplekse geometriar som andre verkstader kanskje vil avvise.<\/p>\n<h3>Ekspert ingeni\u00f8rst\u00f8tte<\/h3>\n<p>Slutt \u00e5 bruke tid p\u00e5 \u00e5 forklare tekniske krav til seljarar. Med Haoyu har du direkte tilgang til v\u00e5re metallurgiske ingeni\u00f8rar. Vi samarbeider med deg for \u00e5 l\u00f8yse komplekse designutfordringar og optimalisere verkt\u00f8ystrategien din. Hvis du navigerer mellom kostnad og holdbarheit, kan teamet v\u00e5rt hjelpe deg med \u00e5 bruke prinsippa fr\u00e5\u00a0<a href=\"https:\/\/haoyumaterial.com\/nn\/investment-mould-guide-tooling-costs-materials-lifespan\/\">investeringsformingsguiden v\u00e5r<\/a>\u00a0p\u00e5 ditt spesifikke prosjekt. Dette samarbeidet sikrar at du f\u00e5r mest mogleg ut av v\u00e5re\u00a0<strong>presisjons CNC-maskineringstenester<\/strong>\u00a0og st\u00f8peevner.<\/p>\n<h2>Vanlege sp\u00f8rsm\u00e5l om presisjonsst\u00f8ping<\/h2>\n<p>\u00c5 navigere den tekniske sida av tilpassa produksjon kan vere komplekst. Her er enkle svar p\u00e5 dei mest vanlege sp\u00f8rsm\u00e5la vi f\u00e5r om v\u00e5re\u00a0<strong>h\u00f8g presisjons st\u00f8ping<\/strong>\u00a0evner. For meir informasjon om logistikk og betalingar, kan du sj\u00e5 v\u00e5r\u00a0<a href=\"https:\/\/haoyumaterial.com\/nn\/faqs\/\">omfattande FAQ om produksjon<\/a>.<\/p>\n<h3>Forskjellen p\u00e5 investeringsst\u00f8ping og presisjonsst\u00f8ping<\/h3>\n<p>Sj\u00f8lv om det ofte blir brukt om kvarandre, finst det ein teknisk skilnad.\u00a0<strong>Presisjonsst\u00f8ping<\/strong>\u00a0er det breiare omgrep for alle st\u00f8ypesmetodar som leverer strenge toleransar, l\u00e5g overflateryggleik og n\u00e6r-nett-formar.<\/p>\n<ul>\n<li><strong>Kategorien:<\/strong>\u00a0Presisjonsst\u00f8yping inkluderer ulike metodar som gipsforma, keramisk forma og tapt voks.<\/li>\n<li><strong>Prosessen:<\/strong>\u00a0Har\u00a0<strong>Investeringsst\u00f8yperiprosess<\/strong>\u00a0(Tapt voks) er den mest popul\u00e6re\u00a0<em>typen<\/em>\u00a0av presisjonsst\u00f8yping.<\/li>\n<li><strong>Dom:<\/strong>\u00a0All investeringsst\u00f8yping er presisjonsst\u00f8yping, men ikkje all presisjonsst\u00f8yping er investeringsst\u00f8yping.<\/li>\n<\/ul>\n<h3>Minste bestillingsmengder (MOQ)<\/h3>\n<p>Vi forst\u00e5r at prosjektbehov varierer fr\u00e5 forsking og utvikling til full marknadsutgiving. Vi h\u00e5ndterer ikkje restriktive minimumsvolum.<\/p>\n<ul>\n<li><strong>Rask prototype-st\u00f8ping:<\/strong>\u00a0Vi aksepterer enkeltunit-ordrer for \u00e5 hjelpe deg med \u00e5 validere design og geometriar.<\/li>\n<li><strong>L\u00e5gvolumsproduksjon:<\/strong>\u00a0Ideelt for spesialiserte industri-maskiner eller marknadstesting.<\/li>\n<li><strong>Masseproduksjon:<\/strong>\u00a0Skalerbare automatiserte linjer for h\u00f8gvolumsordrar med optimaliserte kostnader per einheit.<\/li>\n<\/ul>\n<h3>Tilgjenge p\u00e5 varmebehandlings-tenester<\/h3>\n<p>St\u00f8yping er ofte berre starten. For \u00e5 sikre at delane dine oppfyller strenge mekaniske krav, tilbyr vi komplette etter-st\u00f8yp varmebehandlings-tenester. Dette er kritisk for \u00e5 maksimere ytinga til spesialmaterialar, som\u00a0<a href=\"https:\/\/haoyumaterial.com\/nn\/cobalt-alloy-casting\/\">kobaltbaserte legeringar<\/a>\u00a0eller precipitasjonsherdande rustfrie st\u00e5l.<\/p>\n<div class=\"table-responsive\">\n<table class=\"table\">\n<thead>\n<tr>\n<th>Behandlingstype<\/th>\n<th>Prim\u00e6r fordel<\/th>\n<\/tr>\n<\/thead>\n<tbody>\n<tr>\n<td><strong>L\u00f8ysings-annealing<\/strong><\/td>\n<td>Gjenopprettar korrosjonsmotstand og ductilitet etter st\u00f8ping.<\/td>\n<\/tr>\n<tr>\n<td><strong>Varmekj\u00f8ling og herding<\/strong><\/td>\n<td>Auker hardleik og flytegrense.<\/td>\n<\/tr>\n<tr>\n<td><strong>Aldring (Precipitertherming)<\/strong><\/td>\n<td>Maksimerer styrke i superlegeringar og spesialgrader.<\/td>\n<\/tr>\n<\/tbody>\n<\/table>\n<\/div>","protected":false},"excerpt":{"rendered":"<p>High precision casting services with tight tolerances advanced alloys CNC machining and surface finishing for complex industrial parts. High Precision [&hellip;]<\/p>\n","protected":false},"featured_media":1817,"comment_status":"open","ping_status":"closed","template":"","meta":{"site-sidebar-layout":"default","site-content-layout":"","ast-site-content-layout":"default","site-content-style":"default","site-sidebar-style":"default","ast-global-header-display":"","ast-banner-title-visibility":"","ast-main-header-display":"","ast-hfb-above-header-display":"","ast-hfb-below-header-display":"","ast-hfb-mobile-header-display":"","site-post-title":"","ast-breadcrumbs-content":"","ast-featured-img":"","footer-sml-layout":"","ast-disable-related-posts":"","theme-transparent-header-meta":"default","adv-header-id-meta":"","stick-header-meta":"","header-above-stick-meta":"","header-main-stick-meta":"","header-below-stick-meta":"","astra-migrate-meta-layouts":"set","ast-page-background-enabled":"default","ast-page-background-meta":{"desktop":{"background-color":"var(--ast-global-color-5)","background-image":"","background-repeat":"repeat","background-position":"center center","background-size":"auto","background-attachment":"scroll","background-type":"","background-media":"","overlay-type":"","overlay-color":"","overlay-opacity":"","overlay-gradient":""},"tablet":{"background-color":"","background-image":"","background-repeat":"repeat","background-position":"center center","background-size":"auto","background-attachment":"scroll","background-type":"","background-media":"","overlay-type":"","overlay-color":"","overlay-opacity":"","overlay-gradient":""},"mobile":{"background-color":"","background-image":"","background-repeat":"repeat","background-position":"center center","background-size":"auto","background-attachment":"scroll","background-type":"","background-media":"","overlay-type":"","overlay-color":"","overlay-opacity":"","overlay-gradient":""}},"ast-content-background-meta":{"desktop":{"background-color":"var(--ast-global-color-4)","background-image":"","background-repeat":"repeat","background-position":"center center","background-size":"auto","background-attachment":"scroll","background-type":"","background-media":"","overlay-type":"","overlay-color":"","overlay-opacity":"","overlay-gradient":""},"tablet":{"background-color":"var(--ast-global-color-4)","background-image":"","background-repeat":"repeat","background-position":"center center","background-size":"auto","background-attachment":"scroll","background-type":"","background-media":"","overlay-type":"","overlay-color":"","overlay-opacity":"","overlay-gradient":""},"mobile":{"background-color":"var(--ast-global-color-4)","background-image":"","background-repeat":"repeat","background-position":"center center","background-size":"auto","background-attachment":"scroll","background-type":"","background-media":"","overlay-type":"","overlay-color":"","overlay-opacity":"","overlay-gradient":""}}},"product_brand":[],"product_cat":[17,21,25,22,24],"product_tag":[617],"class_list":{"0":"post-1816","1":"product","2":"type-product","3":"status-publish","4":"has-post-thumbnail","6":"product_cat-stainless-steel","7":"product_cat-aluminum-alloy","8":"product_cat-copper-alloy","9":"product_cat-high-temperature-alloy","10":"product_cat-titanium-alloy","11":"product_tag-high-precision-casting","12":"desktop-align-left","13":"tablet-align-left","14":"mobile-align-left","16":"first","17":"instock","18":"shipping-taxable","19":"product-type-simple"},"_links":{"self":[{"href":"https:\/\/haoyumaterial.com\/nn\/wp-json\/wp\/v2\/product\/1816","targetHints":{"allow":["GET"]}}],"collection":[{"href":"https:\/\/haoyumaterial.com\/nn\/wp-json\/wp\/v2\/product"}],"about":[{"href":"https:\/\/haoyumaterial.com\/nn\/wp-json\/wp\/v2\/types\/product"}],"replies":[{"embeddable":true,"href":"https:\/\/haoyumaterial.com\/nn\/wp-json\/wp\/v2\/comments?post=1816"}],"wp:featuredmedia":[{"embeddable":true,"href":"https:\/\/haoyumaterial.com\/nn\/wp-json\/wp\/v2\/media\/1817"}],"wp:attachment":[{"href":"https:\/\/haoyumaterial.com\/nn\/wp-json\/wp\/v2\/media?parent=1816"}],"wp:term":[{"taxonomy":"product_brand","embeddable":true,"href":"https:\/\/haoyumaterial.com\/nn\/wp-json\/wp\/v2\/product_brand?post=1816"},{"taxonomy":"product_cat","embeddable":true,"href":"https:\/\/haoyumaterial.com\/nn\/wp-json\/wp\/v2\/product_cat?post=1816"},{"taxonomy":"product_tag","embeddable":true,"href":"https:\/\/haoyumaterial.com\/nn\/wp-json\/wp\/v2\/product_tag?post=1816"}],"curies":[{"name":"wp","href":"https:\/\/api.w.org\/{rel}","templated":true}]}}