{"id":1848,"date":"2026-02-21T21:10:01","date_gmt":"2026-02-21T13:10:01","guid":{"rendered":"https:\/\/haoyumaterial.com\/"},"modified":"2026-02-21T21:13:03","modified_gmt":"2026-02-21T13:13:03","slug":"how-is-titanium-made-titanium-mill-products-by-haoyumaterial","status":"publish","type":"product","link":"https:\/\/haoyumaterial.com\/nn\/product\/how-is-titanium-made-titanium-mill-products-by-haoyumaterial\/","title":{"rendered":"Kor blir titan laga titan millprodukt av haoyumaterial"},"content":{"rendered":"<p><span style=\"font-size: 1.7em; font-weight: bold;\">Korleis vert Titanium laga: Prosessen for framstilling av titanium<\/span><\/p>\n<div class=\"post-single\">\n<div class=\"post-content\">\n<div class=\"woocommerce\">\n<div class=\"single-product\" data-product-page-preselected-id=\"0\">\n<div id=\"product-28544\" class=\"product type-product post-28544 status-draft first instock product_cat-uncategorized has-post-thumbnail shipping-taxable product-type-simple\">\n<div class=\"woocommerce-tabs wc-tabs-wrapper\">\n<div id=\"tab-description\" class=\"woocommerce-Tabs-panel woocommerce-Tabs-panel--description panel entry-content wc-tab\" role=\"tabpanel\" aria-labelledby=\"tab-title-description\">\n<p>N\u00e5r ein skal utvikle kritiske luftfarts-, medisinske- eller industrielle komponentar, er det viktig \u00e5 forst\u00e5 n\u00f8yaktig\u00a0<strong>korleis titanium vert laga<\/strong>\u00a0gir deg full tillit til materialets grunnleggjande integritet. \u00c5 omdanne r\u00e5malm til eit h\u00f8gtydande metall er ein sv\u00e6rt kontrollert, fleire-stegs metallurgisk arbeidsflyt. Her er korleis vi forvandler r\u00e5mineral til f\u00f8rsteklasses industrielt materiale.<\/p>\n<h3>Ilmenitt- og Rutilmalmbehandling<\/h3>\n<p>Grunnlaget for eit kva som helst h\u00f8gkvalitets titaniumprodukt startar med utvinning av r\u00e5materiale. Vi begynner med \u00e5 skaffe f\u00f8rsteklasses mineral som inneheld titanium, hovudsakleg med fokus p\u00e5\u00a0<strong>ilmenitt og rutil<\/strong>. Gjennom ei rekke innleiande utvinning og forfiningssteg isolerer vi titandioksid fr\u00e5 den omgivande jorda, og etablerer eit reint utgangspunkt for kjemisk omdanning.<\/p>\n<h3>Kroll-prosess Titanium: Produksjon av titaniumsponge<\/h3>\n<p>I motsetnad til st\u00e5l, kan ikkje titanium tradisjonelt smeltast p\u00e5 grunn av sin ekstreme reaktivitet med oksygen ved h\u00f8ge temperaturar. I staden er vi avhengige av\u00a0<strong>Kroll-prosessen<\/strong>\u00a0for \u00e5 utvinne metallet p\u00e5 ein trygg m\u00e5te:<\/p>\n<ul>\n<li><strong>Klorineringsfase:<\/strong>\u00a0Vi reagerer den rene titandioksiden med klorgass og karbon under ekstrem varme for \u00e5 lage titanium tetrachlorid.<br \/>\n$TiO_2+2C+2Cl_2\u2192TiCl_4+2CO$<\/li>\n<li><strong>Reduksjonsfase:<\/strong>\u00a0For \u00e5 forhindre kontaminasjon, flytter vi titanium tetrachlorid inn i ein lukka reaktor fylt med inert argongass. Her blir magnesium introdusert for \u00e5 fjerne klor, og etterlet seg ein h\u00f8gpor\u00f8s, rein metallisk form kjent som\u00a0<strong>titaniumsponge<\/strong>.<br \/>\n$TiCl_4+2Mg\u2192Ti+2MgCl_2<\/li>\n<\/ul>\n<h3>Vakuum-arc remelting (VAR) titanium<\/h3>\n<p>Sidan r\u00e5 titaniumsponge er por\u00f8s og manglar strukturell integritet, m\u00e5 den samlast gjennom\u00a0<strong>titanium-ingotst\u00f8yping<\/strong>.<\/p>\n<ul>\n<li><strong>Elektrodepressering:<\/strong>\u00a0Vi knuser den rene titanium-sponen og hydraulisk presser den til store, forbrukbare elektroder.<\/li>\n<li><strong>Alloying:<\/strong>\u00a0Hvis vi skal produsere spesifikke h\u00f8ystyrkegrader, blander vi inn kritiske legeringselement som aluminium eller vanadium.<\/li>\n<li><strong>VAR-behandling:<\/strong>\u00a0Elektrodene smeltes inne i en\u00a0<strong>Vakuum lysbogesmeltning (VAR)<\/strong>\u00a0ovn. Det vakuumomgivelsen garanterer null atmosf\u00e6risk forurensning, noe som gir en tett, perfekt jevn titanium-ingot.<\/li>\n<\/ul>\n<h3>Milling, smiing og forming<\/h3>\n<p>For \u00e5 konvertere den st\u00f8pte ingoten til brukbare industrielle format, setter vi i gang grundig termo-mekanisk behandling. Ved \u00e5 kontrollere temperaturen n\u00f8yaktig, utsetter vi ingotene for\u00a0<strong>varm-smiing, valsing og ekstrudering<\/strong>. Denne kritiske formingfasen former ikke bare metallet til kommersielle profiler, men justerer og forbedrer ogs\u00e5 den indre kornstrukturen, og leverer de endelige titaniumstengene, platene og r\u00f8rene som kreves for dine mest krevende applikasjoner.<\/p>\n<h2>Hvorfor titaniumproduksjonsprosessen er viktig<\/h2>\n<h2><span style=\"font-size: 16px;\">N\u00e5r folk sp\u00f8r meg <\/span><strong style=\"font-size: 16px;\">korleis titanium vert laga<\/strong><span style=\"font-size: 16px;\">, jeg p\u00e5peker alltid at\u00a0<\/span><em style=\"font-size: 16px;\">hvordan<\/em><span style=\"font-size: 16px;\">\u00a0er akkurat det som garanterer at metallet ikke svikter p\u00e5 jobben. Hos haoyumaterial vet vi at hvert eneste steg i\u00a0<\/span><strong style=\"font-size: 16px;\">titaniumproduksjonsprosessen<\/strong><span style=\"font-size: 16px;\">\u00a0bestemmer den endelige ytelsen til delene dine.<\/span><\/h2>\n<\/div>\n<div id=\"tab-description\" class=\"woocommerce-Tabs-panel woocommerce-Tabs-panel--description panel entry-content wc-tab\" role=\"tabpanel\" aria-labelledby=\"tab-title-description\">\n<p>Under\u00a0<strong>titaniumsponproduksjon<\/strong>, vi er avhengige av kompromissl\u00f8s atmosf\u00e6risk kontroll. Oksygen er titaniums verste fiende p\u00e5 dette stadiet. Hvis oksygen eller fuktighet slipper inn, blir metallet spr\u00f8tt og praktisk talt ubrukelig. Ved \u00e5 holde milj\u00f8et helt rent, stopper vi forurensning i sin bane og bevarer metallets legendariske styrke-til-vekt-forhold.<\/p>\n<h3>Den direkte innverknaden p\u00e5 applikasjonane dine<\/h3>\n<p>\u00c5 starte med ein rein, forureiningsfri base kontrollerer direkte korleis metallet oppf\u00f8rer seg i den verkelege verda. Denne h\u00f8ge kvalitetskontrollen leverer:<\/p>\n<ul>\n<li><strong>Maksimal utmattingslevetid:<\/strong>\u00a0Held dei strukturelle komponentane dine fr\u00e5 \u00e5 sprekke under tung, gjenteken belastning.<\/li>\n<li><strong>Fullstendig biokompatibilitet:<\/strong>\u00a0Sikrar at medisinske implantat held seg trygge, ikkje-giftige og stabile inne i menneskekroppen.<\/li>\n<li><strong>Ekstrem temperaturtoleranse:<\/strong>\u00a0Gjer at romfartsdelar kan overleve intens varme utan \u00e5 vri seg eller miste integriteten.<\/li>\n<\/ul>\n<p>Enten prosjektet ditt krev standard metallplater eller du vurderer\u00a0<a href=\"https:\/\/haoyumaterial.com\/nn\/difference-between-forging-and-casting-expert-guide-by-vastmaterial\/\">forskjellen mellom smiing og st\u00f8ping<\/a>\u00a0for ein sv\u00e6rt kompleks komponent, er det ikkje til \u00e5 forhandle om \u00e5 starte med reint r\u00e5materiale. Som din p\u00e5litelege\u00a0<strong>leverand\u00f8r av titanvalseprodukt<\/strong>, s\u00f8rgjer vi for at kvalitet i toppklasse er sikra lenge f\u00f8r metallet n\u00e5r verkstadgolvet ditt.<\/p>\n<h2>Utforsk haoyumaterial sine Premium Titanvalseprodukt<\/h2>\n<p><img decoding=\"async\" src=\"https:\/\/haoyumaterial.com\/wp-content\/uploads\/2026\/02\/Premium_Titanium_Mill_Products_Manufacturing_Proce.webp\" alt=\"Premium Titan Sm\u00e5fabrikk Produkt Produksjonsprosess\" \/><\/p>\n<p>Som ein leiande leverand\u00f8r av titanvalseprodukt og industriell titandistribut\u00f8r i Noreg, leverer vi materiale konstruert for \u00e5 m\u00f8te dei h\u00f8gaste industristandardane. Viss du vurderer alternativ for ditt neste prosjekt, kan du utforske v\u00e5r\u00a0<a href=\"https:\/\/haoyumaterial.com\/nn\/titanium-material-guide-properties-grades-applications\/\">omfattande materialguide for titan<\/a>\u00a0for \u00e5 sikre at du matchar dei n\u00f8yaktige spesifikasjonane til applikasjonsbehova dine.<\/p>\n<p>Her er ei oversikt over v\u00e5rt kjerneinventar:<\/p>\n<ul>\n<li><strong>Kj\u00f8p titanlegeringsplater:<\/strong>\u00a0Tilgjengeleg i eit breitt spekter av tjukkleikar og standard norske storleikar. Desse er det sj\u00f8lvsagde valet for krevjande romfartskonstruksjonar og kraftig kjemisk prosessutstyr.<\/li>\n<li><strong>Titanstang og -blokk:<\/strong>\u00a0Vi har p\u00e5 lager p\u00e5litelege runde, firkanta og sekskanta stenger. Dei har framifr\u00e5 maskinbearbeiding, noko som gjer dei sv\u00e6rt ettertrakta for produksjon av presise medisinske implantat og mekaniske delar som blir utsette for h\u00f8g belastning.<\/li>\n<li><strong>Saumlaust titanr\u00f8yr og -r\u00f8yrleidningar:<\/strong>\u00a0Vi tilbyr b\u00e5de saumlause og sveiste alternativ designa for h\u00f8gtrykks- og korrosive system. Desse er essensielle for \u00e5 byggje varige varmevekslarar og robust offshore-infrastruktur.<\/li>\n<li><strong>Tilpassa titansmiing og -tr\u00e5d:<\/strong>\u00a0N\u00e5r standardstorleikar ikkje passar, leverer vi skreddarsydde l\u00f8ysingar. Vi produserer tilpassa smiingar og spesialisert tr\u00e5d basert n\u00f8yaktig p\u00e5 dine spesifikke tekniske teikningar.<\/li>\n<\/ul>\n<h2>Titankvalitetar produsert etter ASTM- og AMS-standardar<\/h2>\n<p><img loading=\"lazy\" decoding=\"async\" class=\"alignnone wp-image-1830\" src=\"https:\/\/haoyumaterial.com\/wp-content\/uploads\/2026\/02\/titanium-1-269x300.jpg\" alt=\"\" width=\"420\" height=\"468\" srcset=\"https:\/\/haoyumaterial.com\/wp-content\/uploads\/2026\/02\/titanium-1-269x300.jpg 269w, https:\/\/haoyumaterial.com\/wp-content\/uploads\/2026\/02\/titanium-1-917x1024.jpg 917w, https:\/\/haoyumaterial.com\/wp-content\/uploads\/2026\/02\/titanium-1-768x858.jpg 768w, https:\/\/haoyumaterial.com\/wp-content\/uploads\/2026\/02\/titanium-1-11x12.jpg 11w, https:\/\/haoyumaterial.com\/wp-content\/uploads\/2026\/02\/titanium-1-600x670.jpg 600w, https:\/\/haoyumaterial.com\/wp-content\/uploads\/2026\/02\/titanium-1.jpg 1080w\" sizes=\"auto, (max-width: 420px) 100vw, 420px\" \/><\/p>\n<p>N\u00e5r du ser p\u00e5 korleis titan blir laga, inneber det siste steget \u00e5 stille inn den n\u00f8yaktige kjemien for spesifikke industrielle behov. Hos haoyumaterial produserer vi materiale strengt etter ASTM- og AMS-standardar. Enten du kj\u00f8per titanvalseprodukt eller utforskar andre produksjonsmetodar i v\u00e5r\u00a0<a href=\"https:\/\/haoyumaterial.com\/nn\/precision-metal-casting-guide-for-engineers-and-oem-buyers\/\">presisjonsmetallst\u00f8yperiguide for ingeni\u00f8rar og OEM-kj\u00f8parar<\/a>, er det avgjerande \u00e5 f\u00e5 rett metallkvalitet.<\/p>\n<h3>Komersielt Rein (CP) Titan<\/h3>\n<p><strong>Kommersielt reint (CP) titan<\/strong>\u00a0fokuserer sterkt p\u00e5 maksimal korrosjonsbestandigheit og enkel formbarheit.<\/p>\n<ul>\n<li><strong>Kvalitet 1 og 2:<\/strong>\u00a0Dette er dine daglege drivarar for kjemisk prosessering og marine maskinvare fordi dei er lette \u00e5 forme og sveise.<\/li>\n<li><strong>Kvalitet 3 og 4:<\/strong>\u00a0Desse kvalitetane tilbyr h\u00f8gare styrke samtidig som dei held p\u00e5 dei p\u00e5litelege rustsikre kvalitetane du forventar av ulegert titan.<\/li>\n<\/ul>\n<h3>H\u00f8gstyrke titanlegeringar<\/h3>\n<p>N\u00e5r jobben krev ekstrem strekkfastleik eller streng medisinsk samsvar, blandar vi titan med andre element.<\/p>\n<ul>\n<li><strong>Ti-6Al-4V kvalitet 5 titan:<\/strong>\u00a0Den ubestridte tungvektsmeisteren av titanlegeringar. Det balanserer styrke, seigheit og vekt, noko som er n\u00f8yaktig grunnen til at kj\u00f8parar stolar p\u00e5 oss som sin\u00a0<strong>leverand\u00f8r av titan av luftfartskvalitet<\/strong>.<\/li>\n<li><strong>Grad 7:<\/strong>\u00a0Vi tilset ein liten dose palladium her for \u00e5 skape eit metall som overlever dei t\u00f8ffaste, mest korrosive kjemiske milj\u00f8a.<\/li>\n<li><strong>Grad 23 (ELI):<\/strong>\u00a0St\u00e5r for Extra Low Interstitial. Det er ein h\u00f8gare renheitsversjon av Grad 5, utvikla for den ytterste trettheitslivet i medisinske implantat og kritiske luftfartsdeler.<\/li>\n<\/ul>\n<h2>Kvifor samarbeide med haoyumaterial som din titaliumleverand\u00f8r?<\/h2>\n<p><img loading=\"lazy\" decoding=\"async\" class=\"alignnone wp-image-1828\" src=\"https:\/\/haoyumaterial.com\/wp-content\/uploads\/2026\/02\/Titanium-Alloy-Centrifugal-Pump-1-300x225.jpg\" alt=\"\" width=\"361\" height=\"271\" srcset=\"https:\/\/haoyumaterial.com\/wp-content\/uploads\/2026\/02\/Titanium-Alloy-Centrifugal-Pump-1-300x225.jpg 300w, https:\/\/haoyumaterial.com\/wp-content\/uploads\/2026\/02\/Titanium-Alloy-Centrifugal-Pump-1-1024x768.jpg 1024w, https:\/\/haoyumaterial.com\/wp-content\/uploads\/2026\/02\/Titanium-Alloy-Centrifugal-Pump-1-768x576.jpg 768w, https:\/\/haoyumaterial.com\/wp-content\/uploads\/2026\/02\/Titanium-Alloy-Centrifugal-Pump-1-16x12.jpg 16w, https:\/\/haoyumaterial.com\/wp-content\/uploads\/2026\/02\/Titanium-Alloy-Centrifugal-Pump-1-600x450.jpg 600w, https:\/\/haoyumaterial.com\/wp-content\/uploads\/2026\/02\/Titanium-Alloy-Centrifugal-Pump-1.jpg 1440w\" sizes=\"auto, (max-width: 361px) 100vw, 361px\" \/><\/p>\n<p>Forst\u00e5\u00a0<strong>korleis titanium vert laga<\/strong>\u00a0er berre det f\u00f8rste steget; \u00e5 skaffe det p\u00e5liteleg er det som held produksjonslinjene dine i gang. N\u00e5r du treng ein p\u00e5liteleg\u00a0<strong>industriell titaliummetall-distribut\u00f8r<\/strong>, treng du ein partner som garanterer kompromisslaus kvalitet og raskleik. Hos haoyumaterial tek vi hand om kompleksiteten i forsyningskjeda slik at du kan fokusere p\u00e5 produksjonen.<\/p>\n<p>Her er kva vi bringer til bordet som din direkte\u00a0<strong>leverand\u00f8r av titanvalseprodukt<\/strong>:<\/p>\n<ul>\n<li><strong>Streng ISO- og ASTM-kvalitetskontroll:<\/strong>\u00a0Vi opprettholder strenge testing p\u00e5 kvart parti. Du f\u00e5r fullt sertifiserte metallar som oppfyller dei n\u00f8yaktige samsvarsstandardane som krevjast for luftfart, medisinsk bruk og industriell bruk.<\/li>\n<li><strong>Konkurransedyktige prisar direkte fr\u00e5 fabrikken:<\/strong>\u00a0Hopp over dei tunge mellomleddsmarginane. Vi utnyttar v\u00e5r direkte innkj\u00f8psordning for \u00e5 gi deg f\u00f8rsteklasses materialar til ein pris som beskytter prosjektets bunnlinje.<\/li>\n<li><strong>Skreddarsydde kutte-til-storleik-tenester:<\/strong>\u00a0Vi leverer materialar ferdig tilpassa n\u00f8yaktig til dine teikningar. Dette minimerer din interne maskineringstid og reduserer kostbar materialsvinn kraftig.<\/li>\n<li><strong>Rask leveringstid:<\/strong>\u00a0Tida er pengar i produksjon. V\u00e5r str\u00f8mlinjeforma globale distribusjonslogistikk sikrar at titaliumet ditt kjem til anlegget ditt akkurat n\u00e5r du treng det, og hindrar kostbare forsinkelser i tidsplanen.<\/li>\n<\/ul>\n<h2>Ofte stilte sp\u00f8rsm\u00e5l (FAQs)<\/h2>\n<h3>Kor lenge tek titaliumproduksjonen?<\/h3>\n<p>Tidslinja fr\u00e5 utvinning av r\u00e5malm til ferdig fabrikkprodukt varer typisk\u00a0<strong>fleire veker til nokre m\u00e5nader<\/strong>. Kroll-prosessen i seg sj\u00f8lv krev fleire dagar med kontinuerleg batchprosessering berre for \u00e5 lage r\u00e5tt titaliumsponge. Etter utvinninga legg prosessane med vakuum-arc-omsmelting, smiing, fresing og grundig kvalitetskontroll til betydelig tid f\u00f8r metallet er klart for distribusjon.<\/p>\n<h3>Kvifor er titan dyrare \u00e5 produsere enn st\u00e5l?<\/h3>\n<p>N\u00e5r folk sp\u00f8r\u00a0<strong>korleis titanium vert laga<\/strong>, dei innser raskt kor h\u00f8gt energikrevjande det faktisk er.\u00a0<strong>titaniumproduksjonsprosessen<\/strong>\u00a0I motsetnad til \u00e5 produsere standard st\u00e5lkvalitetar eller spesifikke legeringar som\u00a0<a href=\"https:\/\/haoyumaterial.com\/nn\/8620-steel\/\">8620-st\u00e5l<\/a>, krev utvinning og raffinering av titan ekstrem varme, dyr magnesium, og strengt kontrollerte argon-gassmilj\u00f8 for \u00e5 forhindre oksygenforureining. I tillegg gjer titan sin reine styrke det sv\u00e6rt slite p\u00e5 kutteverkt\u00f8y, noko som aukar kostnadene for vidare maskinering og etterbehandling.<\/p>\n<h3>Kan haoyumaterial tilby DFARS-etterlevande titan?<\/h3>\n<p>Ja, det kan vi absolutt. Som ein p\u00e5liteleg\u00a0<strong>leverand\u00f8r av titan av luftfartskvalitet<\/strong>\u00a0og\u00a0<strong>industriell titaliummetall-distribut\u00f8r<\/strong>, forst\u00e5r vi dei strenge kravene til forsyningskjeda for forsvar og offentlege kontraktar. Vi leverer fullt sporbare, DFARS-etterlevande titanprodukter direkte fr\u00e5 kvalifiserte land, og sikrar at produksjonsprosessen din oppfyller alle f\u00f8derale regulative krav.<\/p>\n<\/div>\n<\/div>\n<\/div>\n<\/div>\n<\/div>\n<\/div>\n<div class=\"post-footer\">\n<div class=\"post-tags\">\n<div class=\"article-categories\"><\/div>\n<\/div>\n<\/div>\n<\/div>\n<nav class=\"post-navigation thw-sept\">\n<div class=\"row no-gutters\">\n<div class=\"col-12 col-md-6\">\n<div class=\"post-previous\"><\/div>\n<\/div>\n<\/div>\n<\/nav>","protected":false},"excerpt":{"rendered":"<p>How is Titanium Made: The Titanium Manufacturing Process When engineering critical aerospace, medical, or industrial components, understanding exactly\u00a0how is titanium [&hellip;]<\/p>\n","protected":false},"featured_media":1849,"comment_status":"open","ping_status":"closed","template":"","meta":{"site-sidebar-layout":"default","site-content-layout":"","ast-site-content-layout":"default","site-content-style":"default","site-sidebar-style":"default","ast-global-header-display":"","ast-banner-title-visibility":"","ast-main-header-display":"","ast-hfb-above-header-display":"","ast-hfb-below-header-display":"","ast-hfb-mobile-header-display":"","site-post-title":"","ast-breadcrumbs-content":"","ast-featured-img":"","footer-sml-layout":"","ast-disable-related-posts":"","theme-transparent-header-meta":"default","adv-header-id-meta":"","stick-header-meta":"","header-above-stick-meta":"","header-main-stick-meta":"","header-below-stick-meta":"","astra-migrate-meta-layouts":"set","ast-page-background-enabled":"default","ast-page-background-meta":{"desktop":{"background-color":"var(--ast-global-color-5)","background-image":"","background-repeat":"repeat","background-position":"center center","background-size":"auto","background-attachment":"scroll","background-type":"","background-media":"","overlay-type":"","overlay-color":"","overlay-opacity":"","overlay-gradient":""},"tablet":{"background-color":"","background-image":"","background-repeat":"repeat","background-position":"center center","background-size":"auto","background-attachment":"scroll","background-type":"","background-media":"","overlay-type":"","overlay-color":"","overlay-opacity":"","overlay-gradient":""},"mobile":{"background-color":"","background-image":"","background-repeat":"repeat","background-position":"center center","background-size":"auto","background-attachment":"scroll","background-type":"","background-media":"","overlay-type":"","overlay-color":"","overlay-opacity":"","overlay-gradient":""}},"ast-content-background-meta":{"desktop":{"background-color":"var(--ast-global-color-4)","background-image":"","background-repeat":"repeat","background-position":"center center","background-size":"auto","background-attachment":"scroll","background-type":"","background-media":"","overlay-type":"","overlay-color":"","overlay-opacity":"","overlay-gradient":""},"tablet":{"background-color":"var(--ast-global-color-4)","background-image":"","background-repeat":"repeat","background-position":"center center","background-size":"auto","background-attachment":"scroll","background-type":"","background-media":"","overlay-type":"","overlay-color":"","overlay-opacity":"","overlay-gradient":""},"mobile":{"background-color":"var(--ast-global-color-4)","background-image":"","background-repeat":"repeat","background-position":"center center","background-size":"auto","background-attachment":"scroll","background-type":"","background-media":"","overlay-type":"","overlay-color":"","overlay-opacity":"","overlay-gradient":""}}},"product_brand":[],"product_cat":[24],"product_tag":[],"class_list":{"0":"post-1848","1":"product","2":"type-product","3":"status-publish","4":"has-post-thumbnail","6":"product_cat-titanium-alloy","7":"desktop-align-left","8":"tablet-align-left","9":"mobile-align-left","11":"first","12":"instock","13":"shipping-taxable","14":"product-type-simple"},"_links":{"self":[{"href":"https:\/\/haoyumaterial.com\/nn\/wp-json\/wp\/v2\/product\/1848","targetHints":{"allow":["GET"]}}],"collection":[{"href":"https:\/\/haoyumaterial.com\/nn\/wp-json\/wp\/v2\/product"}],"about":[{"href":"https:\/\/haoyumaterial.com\/nn\/wp-json\/wp\/v2\/types\/product"}],"replies":[{"embeddable":true,"href":"https:\/\/haoyumaterial.com\/nn\/wp-json\/wp\/v2\/comments?post=1848"}],"wp:featuredmedia":[{"embeddable":true,"href":"https:\/\/haoyumaterial.com\/nn\/wp-json\/wp\/v2\/media\/1849"}],"wp:attachment":[{"href":"https:\/\/haoyumaterial.com\/nn\/wp-json\/wp\/v2\/media?parent=1848"}],"wp:term":[{"taxonomy":"product_brand","embeddable":true,"href":"https:\/\/haoyumaterial.com\/nn\/wp-json\/wp\/v2\/product_brand?post=1848"},{"taxonomy":"product_cat","embeddable":true,"href":"https:\/\/haoyumaterial.com\/nn\/wp-json\/wp\/v2\/product_cat?post=1848"},{"taxonomy":"product_tag","embeddable":true,"href":"https:\/\/haoyumaterial.com\/nn\/wp-json\/wp\/v2\/product_tag?post=1848"}],"curies":[{"name":"wp","href":"https:\/\/api.w.org\/{rel}","templated":true}]}}