{"id":1867,"date":"2026-02-23T14:55:30","date_gmt":"2026-02-23T06:55:30","guid":{"rendered":"https:\/\/haoyumaterial.com\/?post_type=product&#038;p=1867"},"modified":"2026-02-23T14:55:31","modified_gmt":"2026-02-23T06:55:31","slug":"cnc-titanium-machining-services-for-precision-custom-parts-2","status":"publish","type":"product","link":"https:\/\/haoyumaterial.com\/nn\/product\/cnc-titanium-machining-services-for-precision-custom-parts-2\/","title":{"rendered":"CNC titanmaskineringstenester for presisjons tilpassa delar"},"content":{"rendered":"<p>Presisjons CNC titanmaskineringstenester for romfarts- og medisinske delar med strenge toleransar og avanserte 5-akse-kapasitetar.<\/p>\n<h2>Kvifor velje Vastmaterial for titanmaskinering?<\/h2>\n<p>Finne ein\u00a0<strong>Titan CNC-delar Leverand\u00f8r<\/strong>\u00a0som konsekvent leverer kvalitet er ei stor utfordring for innkj\u00f8psleiarar og ingeni\u00f8rar. Titanlegeringar tilbyr utrulege styrke-til-vekt-forhold og korrosjonsbestandigheit, men dei er notorisk vanskelege \u00e5 maskinere p\u00e5 grunn av h\u00f8g termisk stabilitet og seigleik. Hos Vastmaterial spesialiserer vi oss p\u00e5\u00a0<strong>cnc titanbearbeiding<\/strong>, og nyttar toppmoderne teknologi for \u00e5 gjere komplekse spesifikasjonar om til h\u00f8gtytande realitet.<\/p>\n<h3>Overvinne maskineringsutfordringar<\/h3>\n<p>Vi berre kuttar ikkje metall; vi konstruerer l\u00f8ysingar for milj\u00f8 med h\u00f8g belastning. Teamet v\u00e5rt kombinerer avansert materialvitskap med praktisk produksjonsekspertise for \u00e5 meistre\u00a0<strong>titan cnc-maskinering<\/strong>.<\/p>\n<ul>\n<li><strong>Varmeh\u00e5ndtering:<\/strong>\u00a0Vi nyttar avanserte teknikkar for \u00e5 handtere den ekstreme varmebestandigheita til titan, og sikrar at materialeigenskapane held seg uendra under skjereprosessen.<\/li>\n<li><strong>Materialekspertise:<\/strong>\u00a0Fr\u00e5\u00a0<strong>Ti-6Al-4V Maskineringstenester<\/strong>\u00a0til tilpassa legeringar, vi forst\u00e5r korleis ulike kvalitetar reagerer p\u00e5 stress og varme.<\/li>\n<li><strong>Redusert nedetid:<\/strong>\u00a0V\u00e5r integrerte produksjonsstyring minimerer dei vanlege fellene ved\u00a0<strong>hardmetallmaskinering<\/strong>, og held prosjektet ditt i rute.<\/li>\n<\/ul>\n<h3>Uovertruffen presisjon og toleransar<\/h3>\n<p>I sektorar som romfart, gassturbinar og marinteknikk er n\u00f8yaktigheit ikkje til \u00e5 forhandle om. Vi er forplikta til \u00e5 levere\u00a0<strong>konsekvent n\u00f8yaktigheit<\/strong>\u00a0og\u00a0<strong>stramme toleranser<\/strong>\u00a0p\u00e5 kvar k\u00f8yring.<\/p>\n<ul>\n<li><strong>Overlegen overflatefinish:<\/strong>\u00a0V\u00e5r\u00a0<strong>Presisjons titanium fresing<\/strong>\u00a0prosessar oppn\u00e5r den n\u00f8yaktige overflatekvaliteten som krevst for kritiske komponentar.<\/li>\n<li><strong>Skreddarsydde spesifikasjonar:<\/strong>\u00a0Vi tilbyr skreddarsydde l\u00f8ysingar utforma spesielt for \u00e5 m\u00f8te dine unike prosjektkrav, og sikrar p\u00e5liteleg ytelse i krevjande bruksomr\u00e5de.<\/li>\n<\/ul>\n<h3>Skal\u00e9rbarheit for alle prosjektstorleikar<\/h3>\n<p>Enten du treng rask prototyping eller fullskala produksjon, er anlegget v\u00e5rt bygd for \u00e5 skalere. Vi st\u00f8ttar stor-skala operasjonar gjennom moderne produksjonsanlegg utstyrt med\u00a0<strong>sanntids overvaking<\/strong>\u00a0og dataanalyse. Dette gjer oss i stand til \u00e5 oppretthalde strenge kvalitetskontroll medan vi maksimerer effektiviteten i produksjonslinja.<\/p>\n<div class=\"table-responsive\">\n<table class=\"table\">\n<thead>\n<tr>\n<th>Evne<\/th>\n<th>Fordel for deg<\/th>\n<\/tr>\n<\/thead>\n<tbody>\n<tr>\n<td><strong>Strenge toleransar<\/strong><\/td>\n<td>\u00a0 \u00a0 \u00a0 \u00a0 \u00a0 \u00a0 \u00a0 \u00a0 \u00a0 \u00a0 \u00a0 \u00a0 \u00a0 \u00a0 \u00a0 \u00a0 \u00a0 \u00a0 \u00a0 \u00a0 \u00a0 \u00a0 \u00a0 \u00a0 \u00a0Sikrar s\u00f8ml\u00f8s montering for <strong>cnc titanium<\/strong>\u00a0deler i presisjonsutstyr.<\/td>\n<\/tr>\n<tr>\n<td><strong>Sanntidsovervaking<\/strong><\/td>\n<td>\u00a0 \u00a0 \u00a0 \u00a0 \u00a0 \u00a0 \u00a0 \u00a0 \u00a0 \u00a0 \u00a0 \u00a0 \u00a0 \u00a0 \u00a0 \u00a0 \u00a0 \u00a0 \u00a0 \u00a0 \u00a0 \u00a0 \u00a0 \u00a0 \u00a0 \u00a0Garanterer openheit og rettidig levering for store bestillingar.<\/td>\n<\/tr>\n<tr>\n<td><strong>Avansert forsking og utvikling<\/strong><\/td>\n<td>\u00a0 \u00a0 \u00a0 \u00a0 \u00a0 \u00a0 \u00a0 \u00a0 \u00a0 \u00a0 \u00a0 \u00a0 \u00a0 \u00a0 \u00a0 \u00a0 \u00a0 \u00a0 \u00a0 \u00a0 \u00a0 \u00a0 Kontinuerleg innovasjon innan maskineringsteknikkar for overlegen holdbarheit.<\/td>\n<\/tr>\n<\/tbody>\n<\/table>\n<\/div>\n<h2>V\u00e5re titanium CNC-evner<\/h2>\n<p>Vi driv eit moderne produksjonsanlegg utstyrt for \u00e5 takle dei unike utfordringane til\u00a0<strong>cnc titanbearbeiding<\/strong>. Titanium er hardt mot verkt\u00f8y og krev strenge oppsett for \u00e5 handtere varmeutvikling effektivt. Vi kombinerer avansert maskineri med sanntids overvaking for \u00e5 levere konsekvent n\u00f8yaktigheit, og sikrar at kvar komponent m\u00f8ter dine eksakte spesifikasjonar.<\/p>\n<h3>CNC fresing (3, 4, &amp; 5-akse)<\/h3>\n<p>V\u00e5rt verkstad har toppmoderne fresingssenter utforma for\u00a0<strong>Presisjons titanium fresing<\/strong>. Vi brukar 3, 4, og\u00a0<strong>5-akse CNC Titan<\/strong>\u00a0maskiner for \u00e5 produsere intrikate geometriar med f\u00e6rre oppsett. Denne multi-akse tiln\u00e6rminga betrar posisjonsn\u00f8yaktigheit og reduserer leveringstider for komplekse\u00a0<strong>Titanium CNC-deler<\/strong>.<\/p>\n<ul>\n<li><strong>Komplekse geometriar:<\/strong>\u00a05-akse evner gjer oss i stand til \u00e5 maskinere underkutt og komplekse konturar utan \u00e5 m\u00e5tte feste om maskina.<\/li>\n<li><strong>Tette toleransar:<\/strong>\u00a0Vi opprettholder strenge dimensjonskontroll, essensielt for luftfart og medisinske applikasjonar.<\/li>\n<\/ul>\n<h3>CNC Dreiing &amp; Dreiemaskin<\/h3>\n<p>For sylindriske komponentar som akslar, pinne og festemiddel, leverer v\u00e5r\u00a0<strong>CNC Titanium Dreiarbeid<\/strong>\u00a0overlegen overflatefinish og konsentrisitet. Vi tilbyr\u00a0<strong>Skreddarsydde Titanium Dreiing<\/strong>\u00a0tenester som kan skalerast fr\u00e5 rask prototyping til h\u00f8gvolums produksjonsrundar. V\u00e5re dreiingssenter er optimaliserte for \u00e5 skj\u00e6re gjennom t\u00f8ffe titanlegeringar medan vi opprettholder fart og presisjon.<\/p>\n<h3>Wireskj\u00e6ring EDM<\/h3>\n<p>N\u00e5r tradisjonelle skj\u00e6ringsverkt\u00f8y ikkje kan n\u00e5 djupe hj\u00f8rne eller n\u00e5r delen krev null skj\u00e6rkraft, bruker vi\u00a0<strong>Wireskj\u00e6ring EDM Titanium<\/strong>\u00a0l\u00f8ysingar. Denne prosessen er kritisk for\u00a0<strong>Hardmetallmaskinering<\/strong>, som gjer oss i stand til \u00e5 skj\u00e6re ekstremt harde titanlegeringar med mikron-niv\u00e5 presisjon. Wireskj\u00e6ring EDM er ideelt for \u00e5 lage delikate funksjonar og tette indre radiusar utan \u00e5 p\u00e5f\u00f8re termisk stress eller materialforvrenging.<\/p>\n<h3>Sekund\u00e6re operasjonar<\/h3>\n<p>Produksjon sluttar ikkje ved maskina. Vi tilbyr omfattande etterbehandlingstjenester for \u00e5 sikre at delane dine er klare for umiddelbar montering. V\u00e5r djupe forst\u00e5ing av materialeigenskapar, lik den tekniske ekspertisen som er skissert i v\u00e5r\u00a0<a href=\"https:\/\/haoyumaterial.com\/nn\/casting-alloy-guide-types-properties-applications-and-selection\/\">st\u00f8pelegeringsguide<\/a>, sikrar at vi bruker dei rette etterbehandlingsmetodane som ikkje kompromitterer den strukturelle integriteten til titanet.<\/p>\n<ul>\n<li><strong>Avgrading:<\/strong>\u00a0Fjerning av skarpe kanter og maskinering av burrar.<\/li>\n<li><strong>Overflatereingj\u00f8ring:<\/strong>\u00a0Rengjering og forberedelse av overflater for avansert plating eller anodisering.<\/li>\n<\/ul>\n<h2>Titaniumgrader vi maskinerer<\/h2>\n<p>\u00c5 velje riktig materiale er avgjerande for ytinga i h\u00f8gstressa milj\u00f8. Vi tilbyr ekspert\u00a0<strong>cnc titanbearbeiding<\/strong>\u00a0p\u00e5 tvers av eit spekter av legeringar, og sikrar at komponentane dine oppfyller dei n\u00f8yaktige mekaniske og termiske eigenskapane som kravd av industrien din.<\/p>\n<h3>Grad 5 (Ti-6Al-4V)<\/h3>\n<p>Dette er \u201carbeidshesten\u201d i titaniumindustrien.\u00a0<strong>Grad 5 Titanium Maskinering<\/strong>\u00a0er v\u00e5r mest etterspurte teneste for luftfarts- og bilindustrien p\u00e5 grunn av sitt eksepsjonelle styrke-til-vekt-forhold. V\u00e5r\u00a0<strong>Ti-6Al-4V Maskineringstenester<\/strong>\u00a0leverer delar som oppretthald h\u00f8g termisk stabilitet og korrosjonsbestandigheit, sj\u00f8lv under ekstreme driftsbelastningar.<\/p>\n<h3>Grad 2 (Komersielt Rein)<\/h3>\n<p>N\u00e5r korrosjonsbestandigheit g\u00e5r f\u00f8re alt anna, brukar vi\u00a0<strong>Grad 2 Titanium<\/strong>. Som ein\u00a0<strong>Titan CNC-delar Leverand\u00f8r<\/strong>, maskinerer vi ofte denne kommersielt reine graden for kjemisk prosessutstyr og marine ingeni\u00f8rprosjekt. Den har utmerka formbarheit og tolerar aggressiv oksidering betre enn mange andre metall.<\/p>\n<h3>Grad 23 (Ti-6Al-4V ELI)<\/h3>\n<p>For helsesektoren er reinheit og biokompatibilitet ufr\u00e5vikelege. Vi produserer\u00a0<strong>Medisinske Grade Titanium-Komponentar<\/strong>\u00a0ved bruk av\u00a0<strong>Grad 23 (Ti-6Al-4V ELI)<\/strong>. Denne Extra Low Interstitial (ELI) varianten gir overlegen bruddfastheit, og er standarden for kirurgiske implantat og kritiske medisinske utstyr.<\/p>\n<h3>Skreddarsydde legeringar<\/h3>\n<p>V\u00e5re evner strekkjer seg utover standard lager. Vi samarbeider med kundar om\u00a0<strong>Framstilling av titanlegeringar<\/strong>\u00a0for spesialiserte bruksomr\u00e5de som krev unike materialeigenskapar. Ved \u00e5 nytte\u00a0<a href=\"https:\/\/haoyumaterial.com\/nn\/advanced-casting-technology-for-improved-foundry-yield-and-metal-purity\/\">avansert st\u00f8ypeteknologi for betre st\u00f8ypeutbyte og metallreinleik<\/a>, sikrar v\u00e5rt FoU-team at sj\u00f8lv spesialtilpassa legeringar m\u00f8ter strenge standardar for haldbarheit og konsistens.<\/p>\n<h2>Industrielle bruksomr\u00e5de for maskinerte titandeler<\/h2>\n<p><img loading=\"lazy\" decoding=\"async\" class=\"alignnone  wp-image-1870\" src=\"https:\/\/haoyumaterial.com\/wp-content\/uploads\/2026\/02\/cnc-titanium-machining-1-196x300.jpg\" alt=\"\" width=\"271\" height=\"415\" srcset=\"https:\/\/haoyumaterial.com\/wp-content\/uploads\/2026\/02\/cnc-titanium-machining-1-196x300.jpg 196w, https:\/\/haoyumaterial.com\/wp-content\/uploads\/2026\/02\/cnc-titanium-machining-1-668x1024.jpg 668w, https:\/\/haoyumaterial.com\/wp-content\/uploads\/2026\/02\/cnc-titanium-machining-1-768x1177.jpg 768w, https:\/\/haoyumaterial.com\/wp-content\/uploads\/2026\/02\/cnc-titanium-machining-1-1003x1536.jpg 1003w, https:\/\/haoyumaterial.com\/wp-content\/uploads\/2026\/02\/cnc-titanium-machining-1-8x12.jpg 8w, https:\/\/haoyumaterial.com\/wp-content\/uploads\/2026\/02\/cnc-titanium-machining-1-600x919.jpg 600w, https:\/\/haoyumaterial.com\/wp-content\/uploads\/2026\/02\/cnc-titanium-machining-1.jpg 1316w\" sizes=\"auto, (max-width: 271px) 100vw, 271px\" \/><\/p>\n<p>Vi leverer\u00a0<strong>cnc titanbearbeiding<\/strong>\u00a0l\u00f8ysingar for industriar der feil ikkje er eit alternativ. V\u00e5rt anlegg spesialiserer seg p\u00e5 \u00e5 produsere\u00a0<strong>Titaniumdelar for luftfart<\/strong>\u00a0og komponentar for milj\u00f8 med h\u00f8g belastning, og sikrar at kvar del m\u00f8ter strenge standardar for haldbarheit og tryggleik. Ved \u00e5 nytte avansert produksjonsdata og sanntidsovervaking, tilbyr vi\u00a0<strong>Titan CNC-delar Leverand\u00f8r<\/strong>\u00a0tenester som skalerer med prosjektbehova dine.<\/p>\n<h3>Luftfart &amp; Forsvar<\/h3>\n<p>I luftfartssektoren er vektreduksjon og termisk stabilitet kritisk. Vi maskinerer titanlegeringar som opprettheld h\u00f8gt styrke-til-vekt-forhold sj\u00f8lv under ekstrem varme.<\/p>\n<ul>\n<li><strong>Gass turbine:<\/strong>\u00a0Komponentar designa for \u00e5 tole h\u00f8g termisk belastning.<\/li>\n<li><strong>Strukturelle delar:<\/strong>\u00a0Presisjonskonstruert for maksimal tryggleik og bereevne.<\/li>\n<li><strong>Kvalitetskontroll:<\/strong>\u00a0Streng overhalding av industristandardar for p\u00e5litelegheit.<\/li>\n<\/ul>\n<h3>Marine &amp; Olje\/Gass<\/h3>\n<p>Saltvatn og harde kjemiske milj\u00f8 krev materialar med overlegen korrosjonsbestandigheit. V\u00e5re\u00a0<strong>titan cnc-maskinering<\/strong>\u00a0kapasitetar gjer oss i stand til \u00e5 produsere varige delar for marinteknikk og offshore-operasjonar.<\/p>\n<ul>\n<li><strong>Korrosjonsmotstand:<\/strong>\u00a0Ideell for undervassutstyr og ventilar.<\/li>\n<li><strong>Holdbarheit:<\/strong>\u00a0Langvarig yting i gruvedrift og oljeutvinningsmaskineri.<\/li>\n<li><strong>L\u00e6r meir:<\/strong>\u00a0Les v\u00e5r guide om\u00a0<a href=\"https:\/\/haoyumaterial.com\/nn\/what-is-titanium-used-for-industrial-applications-guide\/\">industrielle bruksomr\u00e5de for titan<\/a>\u00a0for \u00e5 sj\u00e5 kvar desse legeringane utmerkar seg.<\/li>\n<\/ul>\n<h3>Bil- og utstyrsproduksjon<\/h3>\n<p>Fr\u00e5 h\u00f8gtydande bildeler til kompleks industriell maskineri, tilbyr vi\u00a0<strong>cnc titanium<\/strong>\u00a0deler som aukar effektiviteten.<\/p>\n<ul>\n<li><strong>H\u00f8g ytelse:<\/strong>\u00a0Varmebestandige delar for motorar og eksosanlegg.<\/li>\n<li><strong>Presisjonsutstyr:<\/strong>\u00a0Skreddarsydde komponentar for produksjonsanlegg som krev strenge toleransar.<\/li>\n<li><strong>Tilpassing:<\/strong>\u00a0Skreddarsydde l\u00f8ysingar tilpassa spesifikke utstyrsspesifikasjonar.<\/li>\n<\/ul>\n<h2>Overflatebehandlingar for titan-komponentar<\/h2>\n<p><img loading=\"lazy\" decoding=\"async\" class=\"\" src=\"https:\/\/haoyumaterial.com\/wp-content\/uploads\/2026\/02\/CNC_Titanium_Machining_Surface_Finishes_2TrdryM2g.webp\" alt=\"CNC Titan Bearbeiding Overflatefinishar\" width=\"785\" height=\"523\" \/><\/p>\n<p>\u00c5 f\u00e5 riktig overflatefinish p\u00e5\u00a0<strong>cnc titanbearbeiding<\/strong>\u00a0prosjekt handlar om meir enn berre estetikk; det handlar om \u00e5 sikre yting, levetid og tryggleik. Hos Vastmaterial tilbyr vi eit omfattande utval av overflatebehandlingsalternativ tilpassa dei strenge krava i det norske luftfarts-, medisinske- og industri-markedet. Akkurat som vi opprettholder strenge kvalitetskontrollar i v\u00e5re\u00a0<a href=\"https:\/\/haoyumaterial.com\/nn\/casting-stainless-steel-guide-high-precision-processes-and-alloys\/\">h\u00f8gpresisjonsprosessar for rustfritt st\u00e5l<\/a>, bruker vi same niv\u00e5 av grundighet p\u00e5 kvar titan-del vi ferdigstiller.<\/p>\n<h3>Som maskinert<\/h3>\n<p>Dette er standard finish rett fr\u00e5 CNC-maskinen. Det er det mest kostnadseffektive alternativet for indre komponentar der strenge toleransar g\u00e5r f\u00f8re estetikk. Mens synlege verkt\u00f8ymerke blir verande, s\u00f8rgjer vi for at overflatet\u00f8rrleiken held seg innanfor akseptable industristandardar (vanlegvis 125 Ra eller betre), og gir ei funksjonell overflate utan ekstra behandlingstid.<\/p>\n<h3>Kulebl\u00e5sing<\/h3>\n<p>For delar som krev ein jamn, matt overflate, bruker vi sandbl\u00e5sing. Denne prosessen fjerner effektivt verkt\u00f8ymerke og lette burrar ved \u00e5 spr\u00f8yte overflata med glasperler eller fint media. Det skaper ein jamn, ikkje-reflekterande tekstur som betre grep og skjuler mindre handteringsfeil, og er eit popul\u00e6rt val for\u00a0<strong>Titan-overflatebehandling<\/strong>.<\/p>\n<h3>Anodisering (Type II &amp; III)<\/h3>\n<p>Anodisering er avgjerande for \u00e5 auke b\u00e5de slitestyrke og visuell identifikasjon av titan-deler.<\/p>\n<ul>\n<li><strong>Type II (Standard):<\/strong>\u00a0Hovudsakleg brukt til kosmetiske form\u00e5l og fargemerking (gr\u00e5, bl\u00e5, gull, etc.) utan \u00e5 endre dimensjonale toleransar merkbart.<\/li>\n<li><strong>Type III (Hard Coat):<\/strong>\u00a0Leverer eit tjukkare, tetare belegg for overlegen slitasjemotstand og beskyttelse mot galling, som er essensielt for bevegelege mekaniske delar.<\/li>\n<\/ul>\n<h3>Passivering<\/h3>\n<p>I helsesektoren og luftfartsindustrien er overflatetryggleik ikkje til \u00e5 forhandle om. Passivering er ei kjemisk behandling vi bruker for \u00e5 fjerne fritt jern og overflatest\u00f8v som er introdusert under maskinering. Dette aukar titan sin naturlege korrosjonsmotstand, og sikrar at komponenten forblir inert og slitesterk i t\u00f8ffe kjemiske eller biologiske milj\u00f8.<\/p>\n<h3>Polering og elektro-polering<\/h3>\n<p>N\u00e5r eit prosjekt krev eit speilaktig overflatefinish eller ultra-l\u00e5g overflateryggleik, brukar vi mekanisk polering eller elektro-polering. Desse teknikkane jevnar ut mikroskopiske topper og dalar p\u00e5 overflata, reduserer friksjon og hindrar bakterievekst, noko som er avgjerande for kirurgiske implantat og h\u00f8g-pureheitssystem for v\u00e6sker.<\/p>\n<h2>Kvalitetskontroll &amp; produksjonsstandardar<\/h2>\n<p><img decoding=\"async\" src=\"https:\/\/haoyumaterial.com\/wp-content\/uploads\/2026\/02\/CNC_Titanium_Machining_Quality_Assurance_S5UMHGDuT.webp\" alt=\"CNC Titan Bearbeiding Kvalitetssikring\" \/><\/p>\n<p>N\u00e5r det gjeld\u00a0<strong>cnc titanbearbeiding<\/strong>, presisjon er ikkje berre eit m\u00e5l\u2014det er eit krav. Vi forst\u00e5r at titan komponentar ofte g\u00e5r inn i kritiske applikasjonar som gass turbine, luftfartsmotorar og medisinske utstyr der feil ikkje er eit alternativ. V\u00e5r kvalitetskontrollprosess er integrert direkte i produksjonsarbeidet v\u00e5rt for \u00e5 sikre p\u00e5litelegheit og tryggleik.<\/p>\n<h3>Strenge inspeksjonsprotokollar<\/h3>\n<p>Vi overl\u00e8t ikkje n\u00f8yaktigheit til tilfeldigheiter. V\u00e5r fasilitet nyttar avansert inspeksjonsutstyr for \u00e5 verifisere at kvar dimensjon m\u00f8ter dine n\u00f8yaktige spesifikasjonar. Vi brukar sanntidsovervaking og dataanalyse gjennom heile\u00a0<strong>titan cnc-maskinering<\/strong>\u00a0prosessen. Dette gjer oss i stand til \u00e5 oppdage potensielle avvik umiddelbart og oppretthalde dei strenge toleransane som krevst for\u00a0<strong>Titaniumdelar for luftfart<\/strong>\u00a0og\u00a0<strong>Medisinske Grade Titanium-Komponentar<\/strong>. V\u00e5r\u00a0<a href=\"https:\/\/haoyumaterial.com\/nn\/factory\/\">moderne produksjonsanlegg<\/a>\u00a0er utstyrt for \u00e5 handtere komplekse geometriar, og sikrar at sj\u00f8lv dei mest intrikate funksjonane vert maskinert med konsekvent n\u00f8yaktigheit.<\/p>\n<h3>Materialsporbarheit<\/h3>\n<p>\u00c5 kjenne opphavet til materialet ditt er avgjerande for ytelse og samsvar. Vi tilbyr full materialsporbarheit for alle\u00a0<strong>Framstilling av titanlegeringar<\/strong>\u00a0prosjekt. Enten vi jobbar med\u00a0<strong>Grad 5 Titanium Maskinering<\/strong>\u00a0eller tilpassa legeringar, dokumenterer vi materialets reise fr\u00e5 r\u00e5blokka til det ferdige sluttstykket. Denne openheita sikrar at titanet som vert brukt i prosjektet ditt oppfyller alle n\u00f8dvendige industristandardar for styrke, korrosjonsmotstand og termisk stabilitet.<\/p>\n<h3>Forplikting til industristandardar<\/h3>\n<p>V\u00e5re produksjonsprosessar er utforma for \u00e5 oppfylle eller overg\u00e5 strenge industristandardar. Vi fokuserer p\u00e5 \u00e5 levere\u00a0<strong>cnc titanium<\/strong>\u00a0deler som t\u00e5ler h\u00f8g-stress milj\u00f8. Ved \u00e5 kombinere eksperthandverk med robust kvalitetskontroll, leverer vi\u00a0<strong>Titan CNC-delar Leverand\u00f8r<\/strong>\u00a0tenester du kan stole p\u00e5 for dine mest krevjande prosjekt.<\/p>\n<h2>Ofte stilte sp\u00f8rsm\u00e5l (Titan maskinering)<\/h2>\n<h3>Kvifor er maskinering av titan meir kostnadskrevjande enn aluminium?<\/h3>\n<p>Titan er vesentleg meir slitesterk og har l\u00e5gare termisk leiarsevne samanlikna med aluminium. Under\u00a0<strong>CNC-titanbearbeiding<\/strong>, varme har ein tendens til \u00e5 konsentrere seg i skj\u00e6rev\u00e6rkt\u00f8yet i staden for \u00e5 spreie seg med flisa, noko som aukar verkt\u00f8yet sitt slitasje. Dette krev bruk av spesialiserte, h\u00f8gtytande verkt\u00f8y og l\u00e5gare skj\u00e6rehastigheiter for \u00e5 oppretthalde\u00a0<strong>presisjons titanfr\u00e5ding<\/strong>\u00a0standardar. Som ein dedikert\u00a0<strong>Titan CNC-delar Leverand\u00f8r<\/strong>, optimaliserer vi verkt\u00f8ybanar og kj\u00f8lestrategiar for \u00e5 handtere desse faktorane, og sikrar at du f\u00e5r mest verdi for\u00a0<strong>Ti-6Al-4V Maskineringstenester<\/strong>.<\/p>\n<h3>Kva er leveringstida for tilpassa titan-deler?<\/h3>\n<p>Leveringstidene varierer basert p\u00e5 kompleksiteten i designet og volumet av bestillinga. Enten du treng rask\u00a0<strong>Titan Prototype Produksjon<\/strong>\u00a0eller ein full produksjonsk\u00f8 av\u00a0<strong>Titaniumdelar for luftfart<\/strong>, er anlegget v\u00e5rt utstyrt for skalerbarheit. Vi brukar sanntidsovervaking og dataanalyse for \u00e5 minimere nedetid og effektivisere produksjonen. For ein n\u00f8yaktig tidsplan tilpassa dine spesifikke\u00a0<strong>tilpassa titan-snekring<\/strong>\u00a0prosjekt, anbefaler vi at du sender inn spesifikasjonane dine via v\u00e5rt tilbudssystem.<\/p>\n<h3>Kan de maskinere herda titan?<\/h3>\n<p>Ja. Vi har evne til \u00e5 h\u00e5ndtere\u00a0<strong>hardmetallmaskinering<\/strong>\u00a0p\u00e5 ein effektiv m\u00e5te. For ekstremt harde legeringar eller komplekse geometriar der tradisjonell kutting kan vere begrensa, brukar vi\u00a0<strong>Wire EDM titan<\/strong>\u00a0prosessar saman med v\u00e5re stive CNC-oppsett. V\u00e5re omfattande\u00a0<a href=\"https:\/\/haoyumaterial.com\/nn\/services\/machining\/\">maskineringsservice<\/a>\u00a0er konstruert for \u00e5 oppretthalde stramme toleransar og overlegen overflatefinish, sj\u00f8lv n\u00e5r vi arbeider med herdede materialar for h\u00f8g-stress milj\u00f8.<\/p>","protected":false},"excerpt":{"rendered":"<p>Precision CNC titanium machining services for aerospace and medical parts with tight tolerances and advanced 5 axis capabilities. Why Choose [&hellip;]<\/p>\n","protected":false},"featured_media":1868,"comment_status":"open","ping_status":"closed","template":"","meta":{"site-sidebar-layout":"default","site-content-layout":"","ast-site-content-layout":"default","site-content-style":"default","site-sidebar-style":"default","ast-global-header-display":"","ast-banner-title-visibility":"","ast-main-header-display":"","ast-hfb-above-header-display":"","ast-hfb-below-header-display":"","ast-hfb-mobile-header-display":"","site-post-title":"","ast-breadcrumbs-content":"","ast-featured-img":"","footer-sml-layout":"","ast-disable-related-posts":"","theme-transparent-header-meta":"default","adv-header-id-meta":"","stick-header-meta":"","header-above-stick-meta":"","header-main-stick-meta":"","header-below-stick-meta":"","astra-migrate-meta-layouts":"set","ast-page-background-enabled":"default","ast-page-background-meta":{"desktop":{"background-color":"var(--ast-global-color-5)","background-image":"","background-repeat":"repeat","background-position":"center center","background-size":"auto","background-attachment":"scroll","background-type":"","background-media":"","overlay-type":"","overlay-color":"","overlay-opacity":"","overlay-gradient":""},"tablet":{"background-color":"","background-image":"","background-repeat":"repeat","background-position":"center center","background-size":"auto","background-attachment":"scroll","background-type":"","background-media":"","overlay-type":"","overlay-color":"","overlay-opacity":"","overlay-gradient":""},"mobile":{"background-color":"","background-image":"","background-repeat":"repeat","background-position":"center center","background-size":"auto","background-attachment":"scroll","background-type":"","background-media":"","overlay-type":"","overlay-color":"","overlay-opacity":"","overlay-gradient":""}},"ast-content-background-meta":{"desktop":{"background-color":"var(--ast-global-color-4)","background-image":"","background-repeat":"repeat","background-position":"center center","background-size":"auto","background-attachment":"scroll","background-type":"","background-media":"","overlay-type":"","overlay-color":"","overlay-opacity":"","overlay-gradient":""},"tablet":{"background-color":"var(--ast-global-color-4)","background-image":"","background-repeat":"repeat","background-position":"center center","background-size":"auto","background-attachment":"scroll","background-type":"","background-media":"","overlay-type":"","overlay-color":"","overlay-opacity":"","overlay-gradient":""},"mobile":{"background-color":"var(--ast-global-color-4)","background-image":"","background-repeat":"repeat","background-position":"center center","background-size":"auto","background-attachment":"scroll","background-type":"","background-media":"","overlay-type":"","overlay-color":"","overlay-opacity":"","overlay-gradient":""}}},"product_brand":[],"product_cat":[24],"product_tag":[619],"class_list":{"0":"post-1867","1":"product","2":"type-product","3":"status-publish","4":"has-post-thumbnail","6":"product_cat-titanium-alloy","7":"product_tag-cnc-titanium-machining","8":"desktop-align-left","9":"tablet-align-left","10":"mobile-align-left","12":"first","13":"instock","14":"shipping-taxable","15":"product-type-simple"},"_links":{"self":[{"href":"https:\/\/haoyumaterial.com\/nn\/wp-json\/wp\/v2\/product\/1867","targetHints":{"allow":["GET"]}}],"collection":[{"href":"https:\/\/haoyumaterial.com\/nn\/wp-json\/wp\/v2\/product"}],"about":[{"href":"https:\/\/haoyumaterial.com\/nn\/wp-json\/wp\/v2\/types\/product"}],"replies":[{"embeddable":true,"href":"https:\/\/haoyumaterial.com\/nn\/wp-json\/wp\/v2\/comments?post=1867"}],"wp:featuredmedia":[{"embeddable":true,"href":"https:\/\/haoyumaterial.com\/nn\/wp-json\/wp\/v2\/media\/1868"}],"wp:attachment":[{"href":"https:\/\/haoyumaterial.com\/nn\/wp-json\/wp\/v2\/media?parent=1867"}],"wp:term":[{"taxonomy":"product_brand","embeddable":true,"href":"https:\/\/haoyumaterial.com\/nn\/wp-json\/wp\/v2\/product_brand?post=1867"},{"taxonomy":"product_cat","embeddable":true,"href":"https:\/\/haoyumaterial.com\/nn\/wp-json\/wp\/v2\/product_cat?post=1867"},{"taxonomy":"product_tag","embeddable":true,"href":"https:\/\/haoyumaterial.com\/nn\/wp-json\/wp\/v2\/product_tag?post=1867"}],"curies":[{"name":"wp","href":"https:\/\/api.w.org\/{rel}","templated":true}]}}