{"id":1917,"date":"2026-02-28T08:13:06","date_gmt":"2026-02-28T00:13:06","guid":{"rendered":"https:\/\/haoyumaterial.com\/?post_type=product&#038;p=1917"},"modified":"2026-02-28T08:13:06","modified_gmt":"2026-02-28T00:13:06","slug":"custom-machined-metal-part-cnc-services-for-tight-tolerances","status":"publish","type":"product","link":"https:\/\/haoyumaterial.com\/nn\/product\/custom-machined-metal-part-cnc-services-for-tight-tolerances\/","title":{"rendered":"Skreddarsydde maskinerte metalldelar CNC-tenester for stramme toleransar"},"content":{"rendered":"<p>Skreddarsydde maskinerte metalldeler med CNC fresing, dreiing, strenge toleransar og rask prototyping for krevjande industrielle applikasjonar.<\/p>\n<h2>Utvikla for yting: Maskinerte metallkomponentar<\/h2>\n<p>N\u00e5r prosjektet ditt krev n\u00f8yaktige spesifikasjonar, kan det \u00e5 finne ein p\u00e5liteleg partner for ein\u00a0<strong>maskinert metalldel<\/strong>\u00a0v\u00e6re skilnaden mellom suksess og kostbare monteringstidsforskyvingar. Vi forst\u00e5r presset ingeni\u00f8rar og innkj\u00f8psleiarar st\u00e5r overfor for \u00e5 skaffe presise metallkomponentar som oppfyller strenge industristandardar utan \u00e5 g\u00e5 p\u00e5 kompromiss med leveringstidene. For \u00e5 l\u00f8yse desse utfordringane, har vi utvikla produksjonsprosessen v\u00e5r rundt n\u00f8yaktigheit, fart og p\u00e5litelegheit.<\/p>\n<p>V\u00e5re skreddarsydde CNC-maskineringskapasitet er bygd for \u00e5 levere h\u00f8gtytande delar utvikla for ekstrem belastning og krevjande milj\u00f8.<\/p>\n<h3>Kjernefordelar med v\u00e5re maskinerte delar<\/h3>\n<ul>\n<li><strong>Tett toleranse-maskinering:<\/strong>\u00a0Vi utf\u00f8rer komplekse geometriar med n\u00f8yaktig presisjon. V\u00e5r toppmoderne CNC-maskineri sikrar at kvar skreddarsydde legeringsdel oppfyller dine strenge dimensjonskrav.<\/li>\n<li><strong>Rask prototyping og produksjon:<\/strong>\u00a0Fart er viktig. Fr\u00e5 dei f\u00f8rste metalldelane til l\u00e5ge volum produksjonsrundar, garanterer v\u00e5re raske CNC-maskineringsservice raske leveringstider for \u00e5 halde ingeni\u00f8rplanen din p\u00e5 sporet.<\/li>\n<li><strong>Smart produksjon:<\/strong>\u00a0Vi bruker avanserte produksjonsstyringssystem og sanntids datamonitorering. Denne datadrevne tiln\u00e6rminga sikrar null-feil skalerbarheit og jamn kvalitet p\u00e5 alle industrielle metallkomponentar.<\/li>\n<li><strong>Heileksosystem:<\/strong>\u00a0Vi forenklar forsyningskjeda di ved \u00e5 tilby fullt integrert presisjonsst\u00f8ping, sekund\u00e6r maskinerings og omfattande overflatebehandlingar under eitt tak.<\/li>\n<\/ul>\n<h2>Presisjonsmaskinering og produksjonskapasitet<\/h2>\n<p><img loading=\"lazy\" decoding=\"async\" class=\"alignnone  wp-image-1919\" src=\"https:\/\/haoyumaterial.com\/wp-content\/uploads\/2026\/02\/CMC-300x180.jpg\" alt=\"\" width=\"693\" height=\"416\" srcset=\"https:\/\/haoyumaterial.com\/wp-content\/uploads\/2026\/02\/CMC-300x180.jpg 300w, https:\/\/haoyumaterial.com\/wp-content\/uploads\/2026\/02\/CMC-768x461.jpg 768w, https:\/\/haoyumaterial.com\/wp-content\/uploads\/2026\/02\/CMC-18x12.jpg 18w, https:\/\/haoyumaterial.com\/wp-content\/uploads\/2026\/02\/CMC-600x360.jpg 600w, https:\/\/haoyumaterial.com\/wp-content\/uploads\/2026\/02\/CMC.jpg 1000w\" sizes=\"auto, (max-width: 693px) 100vw, 693px\" \/><\/p>\n<p>N\u00e5r du treng ein feilfri maskinert metalldel, er metallmaskineringsverkstaden v\u00e5r bygd for \u00e5 levere. Vi kombinerer toppmoderne utstyr med dokumenterte produksjonsprosessar for \u00e5 lage presise metallkomponentar som oppfyller dine n\u00f8yaktige spesifikasjonar.<\/p>\n<ul>\n<li><strong>3, 4 og 5-akse CNC-fresing:<\/strong>\u00a0V\u00e5re skreddarsydde CNC-maskineringssenter h\u00e5ndterer komplekse geometriar med lettheit. Enten du treng enkle CNC-fresingsdelar eller intrikate luftfart\u00f8y-maskinerte delar, sikrar v\u00e5r flerakseoppsett tett toleranse-maskinering og overlegen overflatefinish kvar gang.<\/li>\n<li><strong>CNC Drei- og Dreioperasjonar:<\/strong>\u00a0For sylindriske komponentar produserer v\u00e5re avanserte dreibar maskiner h\u00f8gkvalitets dreide metalldelar. Vi optimaliserer kvart steg for \u00e5 tilby effektiv tilpassa metallfabrikk, og sikrar konsekvent n\u00f8yaktigheit b\u00e5de for raske metallprototypar og fullskala produksjonsrundar.<\/li>\n<li><strong>Presisjonsst\u00f8ping Integrasjon:<\/strong>\u00a0Vi tilbyr komplette ende-til-ende-l\u00f8ysingar ved \u00e5 kombinere presisjonsst\u00f8ping og maskinering. Denne integrerte tiln\u00e6rminga er perfekt for spesialiserte industrielle metallkomponentar, og lar oss s\u00f8ml\u00f8st produsere h\u00f8gtytande\u00a0<a href=\"https:\/\/haoyumaterial.com\/nn\/product\/low-carbon-steel-bolts-machining-service\/\">lavkarbonst\u00e5lboltar<\/a>\u00a0og tilpassa legeringsdeler som krev b\u00e5de strukturell integritet og n\u00f8yaktige dimensjonar.<\/li>\n<\/ul>\n<h2>Industrielle Metall for Alle Maskinerte Metalldeler<\/h2>\n<p><img loading=\"lazy\" decoding=\"async\" class=\"alignnone  wp-image-1920\" src=\"https:\/\/haoyumaterial.com\/wp-content\/uploads\/2026\/02\/cnc-turning-252x300.jpg\" alt=\"\" width=\"628\" height=\"748\" srcset=\"https:\/\/haoyumaterial.com\/wp-content\/uploads\/2026\/02\/cnc-turning-252x300.jpg 252w, https:\/\/haoyumaterial.com\/wp-content\/uploads\/2026\/02\/cnc-turning-859x1024.jpg 859w, https:\/\/haoyumaterial.com\/wp-content\/uploads\/2026\/02\/cnc-turning-768x915.jpg 768w, https:\/\/haoyumaterial.com\/wp-content\/uploads\/2026\/02\/cnc-turning-10x12.jpg 10w, https:\/\/haoyumaterial.com\/wp-content\/uploads\/2026\/02\/cnc-turning-600x715.jpg 600w, https:\/\/haoyumaterial.com\/wp-content\/uploads\/2026\/02\/cnc-turning.jpg 1080w\" sizes=\"auto, (max-width: 628px) 100vw, 628px\" \/><\/p>\n<p>P\u00e5 v\u00e5rt metallmaskineringsverkstad veit vi at grunnlaget for alle p\u00e5litelege komponentar er r\u00e5materialet. Vi arbeider med eit breitt spekter av industrielle metall for \u00e5 levere presisjonsmetallkomponentar som oppfyller strenge ytelseskrav. Enten du treng eit enkelt metallprototyp eller ein full produksjonsrunde, matcher vi riktig materiale til dine spesifikke prosjektkrav.<\/p>\n<p>Her er dei viktigaste materiala vi brukar for tilpassa CNC-maskinering:<\/p>\n<ul>\n<li><strong>Aluminiumlegeringar (6061, 7075):<\/strong>\u00a0Lette, sterke og sv\u00e6rt maskinerbare. Dette er v\u00e5re foretrukne val for rask prototyping av metall og strukturelle komponentar der vektreduksjon er kritisk.<\/li>\n<li><strong>Rustfritt og legeringsst\u00e5l:<\/strong>\u00a0Vi handterer alt fr\u00e5 standard lavkarbonst\u00e5l til duplex rustfritt st\u00e5l. Ved \u00e5 integrere v\u00e5r\u00a0<a href=\"https:\/\/haoyumaterial.com\/nn\/alloy-steel-casting-process-for-high-precision-cnc-parts\/\">legeringsst\u00e5lst\u00f8peprosessen<\/a>\u00a0med sekund\u00e6r maskinering, oppn\u00e5r vi strenge toleransar for tunge industrielle metallkomponentar.<\/li>\n<li><strong>Titanium:<\/strong>\u00a0Kjent for sitt eksepsjonelle styrke-til-vekt-forhold og biokompatibilitet. N\u00e5r du utforskar\u00a0<a href=\"https:\/\/haoyumaterial.com\/nn\/what-is-titanium-used-for-industrial-applications-guide\/\">kva titan blir brukt til i industrielle applikasjonar<\/a>, st\u00e5r det fram som det ultimate valet for luftfartsmaskinerte delar og medisinske utstyr.<\/li>\n<li><strong>H\u00f8ytemperaturlegeringar:<\/strong>\u00a0Utvikla for ekstrem varme og stress. Vi maskinerer regelmessig tilpassa legeringsdeler fr\u00e5 h\u00f8yprestasjon superlegeringar designa spesielt for energisektoren og gasturbinar.<\/li>\n<li><strong>Kopperlegeringar (Messing &amp; Bronse):<\/strong>\u00a0Leverer utmerka elektrisk ledeevne og l\u00e5g friksjon. Dette er perfekte for dreide metalldeler, lager og spesialiserte elektriske kontaktar.<\/li>\n<\/ul>\n<p>Kvar maskinlagde metalldel vi produserer startar med sertifisert, h\u00f8gkvalitets lager for \u00e5 sikre at sluttproduktet ditt fungerer n\u00f8yaktig som designa under dei t\u00f8ffaste forhold.<\/p>\n<h2>Overflatebehandlingsalternativ for maskinlagde metalldeler<\/h2>\n<p><img decoding=\"async\" src=\"https:\/\/haoyumaterial.com\/wp-content\/uploads\/2026\/02\/machined_metal_part_surface_finishing_options_101g.webp\" alt=\"alternativ for overflatebehandling av maskinerte metalldeler\" \/><\/p>\n<p>\u00c5 f\u00e5 dimensjonane rette p\u00e5 ein\u00a0<strong>maskinert metalldel<\/strong>\u00a0er berre halve jobben. Den rette overflatebehandlinga beskytter materialet og sikrar at det fungerer n\u00f8yaktig som det skal i feltet. Som ein heilskapleg metallbearbeidingsverkstad s\u00f8rgjer vi for at kvar overflatebehandling er s\u00f8ml\u00f8st integrert i v\u00e5r totale\u00a0<a href=\"https:\/\/haoyumaterial.com\/nn\/technology\/manufacturing-process\/\">produksjonsprosess<\/a>, og leverer presisjonsmetallkomponentar som oppfyller dine n\u00f8yaktige spesifikasjonar.<\/p>\n<p>Vi tilbyr eit komplett utval av overflatebehandlingsl\u00f8ysingar for \u00e5 fullf\u00f8re dine tilpassa CNC-maskinprosjekt:<\/p>\n<div class=\"table-responsive\">\n<table class=\"table\">\n<thead>\n<tr>\n<th>Overflatetype<\/th>\n<th>Beskrivelse<\/th>\n<th>Ideell bruk<\/th>\n<\/tr>\n<\/thead>\n<tbody>\n<tr>\n<td><strong>Som maskinlagd (Standard)<\/strong><\/td>\n<td>Standard overflate rett fr\u00e5 maskina med sm\u00e5, synlege verkt\u00f8ymerker.<\/td>\n<td>Rask prototyping av metall og interne industrielle metallkomponentar.<\/td>\n<\/tr>\n<tr>\n<td><strong>Perle- og sandbl\u00e5sing<\/strong><\/td>\n<td>Fjerar verkt\u00f8ymerker for \u00e5 skape ein glatt, jamn og matt tekstur.<\/td>\n<td>Estetiske delar som krev ein rein, ikkje-reflekterande overflate.<\/td>\n<\/tr>\n<tr>\n<td><strong>Anodisering (Type II &amp; III)<\/strong><\/td>\n<td>Legg til eit beskyttande oksidlag. Type III hardcoat maksimerer slitestyrken.<\/td>\n<td>Aluminium CNC-maskinlagde delar som krev h\u00f8g korrosjons- og slitasjemotstand.<\/td>\n<\/tr>\n<tr>\n<td><strong>Belegg og pulverlakkering<\/strong><\/td>\n<td>P\u00e5f\u00f8rer eit robust, beskyttande og fargemodifiserbart ytre lag.<\/td>\n<td>Skreddarsydde metallfabrikkar utsatt for t\u00f8ffe utend\u00f8rs- eller kjemiske milj\u00f8.<\/td>\n<\/tr>\n<tr>\n<td><strong>Skreddarsydde behandlingar<\/strong><\/td>\n<td>Spesialiserte avanserte belegg tilpassa strenge ytelseskriterier.<\/td>\n<td>Aerospace-maskinerte delar og h\u00f8gstressede tilpassa legeringsdeler.<\/td>\n<\/tr>\n<\/tbody>\n<\/table>\n<\/div>\n<p>Uansett om du treng maskinerte metalldeler med eit grunnleggjande standardfinish eller komplekse CNC-metallfabrikkar som krev avansert hardcoat-anodisering, handterer v\u00e5rt anlegg heile etterbehandlingsprosessen for \u00e5 oppretthalde strenge kvalitetskontroll fr\u00e5 start til slutt.<\/p>\n<h2>Maskinerte metalldeler for krevjande industriar<\/h2>\n<p>N\u00e5r det gjeld kritiske applikasjonar, er det ikkje rom for feil. Som ein p\u00e5liteleg metallmaskineringsverkstad, produserer vi kvar\u00a0<strong>maskinert metalldel<\/strong>\u00a0for \u00e5 m\u00f8te dei strenge krava til h\u00f8gt regulerte industriar over heile landet.<\/p>\n<ul>\n<li><strong>Luftfart &amp; Luftfart:<\/strong>\u00a0Flykritiske system krev n\u00f8yaktige spesifikasjonar. Vi leverer p\u00e5litelege aerospace-maskinerte delar som held under ekstreme atmosf\u00e6riske forhold, og sikrar fullstendig tryggleik og ytelse.<\/li>\n<li><strong>Gass Turbin &amp; Kjernekraft:<\/strong>\u00a0Energisektoren krev materiale som tolerar harde, h\u00f8ge temperaturar. V\u00e5re tilpassa legeringsdeler er utvikla for h\u00f8gstress- applikasjonar, inkludert spesialiserte komponentar for\u00a0<a href=\"https:\/\/haoyumaterial.com\/nn\/industries\/nuclear-power\/\">kjernekraftproduksjon<\/a>\u00a0og avanserte gass turbine.<\/li>\n<li><strong>Medisinske instrument:<\/strong>\u00a0Livsviktige utstyr er avhengige av feilfrie presisjonsmetallkomponentar. Vi tilbyr tett toleranse-maskinering for kirurgiske verkt\u00f8y, diagnostikkutstyrshus og implantat der n\u00f8yaktigheit er heilt avgjerande.<\/li>\n<li><strong>Marine &amp; Industri:<\/strong>\u00a0Fr\u00e5 saltvannseksponering til tunge produksjonslinjer, produserer vi robuste industrielle metallkomponentar og CNC-maskinerte delar som er bygd for \u00e5 motst\u00e5 alvorleg korrosjon og tung dagleg slitasje.<\/li>\n<\/ul>\n<h2>Utan kompromiss med kvalitetskontroll for kvar maskinerte metalldel<\/h2>\n<p>N\u00e5r du kj\u00f8per ein\u00a0<strong>maskinert metalldel<\/strong>\u00a0fr\u00e5 v\u00e5rt anlegg, forventar du feilfri utf\u00f8ring. V\u00e5rt metallmaskineringsverkstad opererer med nullfeil-mentalitet, og sikrar at kvar komponent m\u00f8ter dine n\u00f8yaktige spesifikasjonar f\u00f8r den forlet verkstaden. Vi st\u00f8ttar v\u00e5r tilpassa metallfabrikk med grundige testingar og datadrevne inspeksjonar for \u00e5 garantere p\u00e5liteleg ytelse i feltet.<\/p>\n<p>V\u00e5r omfattande kvalitetsgaranti inkluderer:<\/p>\n<ul>\n<li><strong>CMM (Koordinatm\u00e5lemaskin) Inspeksjonar:<\/strong>\u00a0Vi verifiserer kvar dimensjon for \u00e5 garantere\u00a0<strong>maskinering med snevre toleransar<\/strong>\u00a0for sj\u00f8lv dei mest komplekse geometriar.<\/li>\n<li><strong>Materialtestrapportar (MTR-ar) &amp; Sporing:<\/strong>\u00a0Vi tilbyr full dokumentasjon for alle\u00a0<strong>skreddarsydde legeringsdeler<\/strong>, og sikrar full openheit fr\u00e5 r\u00e5varelot til sluttprodukt.<\/li>\n<li><strong>F&amp;U-partnerskap:<\/strong>\u00a0Vi samarbeider aktivt med industrileiarar og akademiske institusjonar for \u00e5 drive gjennombrudd innan materialvitskap, og presse grensene for kva presisjonsmetallkomponentar kan oppn\u00e5 under ekstremt stress.<\/li>\n<li><strong>Streng etterleving av internasjonale standardar:<\/strong>\u00a0Uansett om vi produserer maskinerte luftfartskomponentar eller tunge industrielle metallkomponentar, m\u00f8ter eller overg\u00e5r v\u00e5re produksjonsprosessar dei h\u00f8gaste globale standardar.<\/li>\n<\/ul>\n<p>V\u00e5re strenge QA-prosessar gjeld alle v\u00e5re integrerte tenester. Som det er skissert i v\u00e5r\u00a0<a href=\"https:\/\/haoyumaterial.com\/nn\/precision-metal-casting-guide-for-engineers-and-oem-buyers\/\">veiledning for presisjonsmetallst\u00f8ping for ingeni\u00f8rar<\/a>, oppretthald vi ufravikeleg tilsyn fr\u00e5 den innleiande r\u00e5varefasen til dei ferdige\u00a0<strong>CNC-maskinerte delar<\/strong>, og sikrar uovertruffen p\u00e5litelegheit og konsistens for forsyningskjeda di.<\/p>\n<h2>Effektivisert innkj\u00f8psprosess<\/h2>\n<p>\u00c5 skaffe deg skreddarsydde maskinerte metalldeler b\u00f8r ikkje vere ein vanske. Vi driv ein moderne metallbearbeidingsverkstad designa for \u00e5 gjere bestilling rask, open og p\u00e5liteleg for v\u00e5re norske og globale partnarar. V\u00e5r arbeidsflyt tek deg fr\u00e5 ein digital fil til ein ferdig fysisk komponent utan dei vanlege forsyningskjedeproblema.<\/p>\n<p>Her er korleis v\u00e5r skreddarsydde metallfabrikasjonsprosess fungerer:<\/p>\n<ul>\n<li><strong>Last opp &amp; Konfigurer 3D CAD-filer:<\/strong>\u00a0Send oss dine design sikkert. Vi aksepterer standard CAD-format for \u00e5 f\u00e5 prosjektet ditt i gang umiddelbart.<\/li>\n<li><strong>Skreddarsydd tilbod &amp; DFM-tilbakemelding:<\/strong>\u00a0Vi vurderer filene dine og gir rask prisvurdering saman med tilbakemelding p\u00e5 Design for Produksjon (DFM). Dette sikrar at dine presisjonsmetallkomponentar er optimaliserte for produksjon og kostnadseffektivitet.<\/li>\n<li><strong>Smart produksjon og sanntidssporing:<\/strong>\u00a0N\u00e5r godkjent, g\u00e5r bestillinga di inn i v\u00e5rt integrerte produksjonssystem. Du f\u00e5r sanntidsoppdateringar etter kvart som dine CNC-maskinerte delar beveger seg gjennom fabrikken v\u00e5r.<\/li>\n<li><strong>Global levering og QA-dokumentasjon:<\/strong>\u00a0Vi sender direkte til dokka di. Kvar bestilling, fr\u00e5 standard industrielle komponentar til h\u00f8gt regulerte\u00a0<a href=\"https:\/\/haoyumaterial.com\/nn\/industries\/aerospace\/\">aerospace-maskinerte delar<\/a>, kjem med full kvalitetskontroll-dokumentasjon og materialsporbarheit.<\/li>\n<\/ul>\n<h2>Tekniske FAQ: Produksjon av maskinerte metalldelar<\/h2>\n<p><strong>Kva er standard toleransar for dine maskinerte metalldelar?<\/strong><br \/>\nVi spesialiserer oss p\u00e5 tett toleranse-maskinering. For ein standard maskinert metalldel held vi rutinemessig toleransar ned til \u00b10.001 tommar. V\u00e5r avanserte CNC-utstyr garanterer konsekvent n\u00f8yaktigheit p\u00e5 tvers av alle presisjonsmetallkomponentar, slik at delane dine passar perfekt kvar gong.<\/p>\n<p><strong>Krev du minimumsbestilling (MOQ)?<\/strong><br \/>\nNei. Enten du treng eit enkelt metallprototype for testing av design eller ein h\u00f8gvolums produksjon av industrielle metallkomponentar, er verkstaden v\u00e5r heilt fleksibel. Vi st\u00f8ttar rask levering for l\u00e5gvoulumsproduksjon og skalerer s\u00f8ml\u00f8st for fullskala produksjon.<\/p>\n<p><strong>Kan du h\u00e5ndtere b\u00e5de st\u00f8ping og sluttmaskinering av ein del?<\/strong><br \/>\nAbsolutt. Vi tilbyr integrert\u00a0<a href=\"https:\/\/haoyumaterial.com\/nn\/alloy-casting-foundry\/\">presisjonsst\u00f8ping og maskinering<\/a>\u00a0under eitt tak. Ved \u00e5 kombinere prim\u00e6re st\u00f8pemetodar med sekund\u00e6rproduksjon av CNC-maskinerte delar og dreiing av metall, leverer vi ferdige skreddarsydde legeringsdeler utan bryet med \u00e5 administrere fleire leverand\u00f8rar.<\/p>\n<p><strong>Kva er den typiske leveringstida for ein aluminiumprototype?<\/strong><br \/>\nFor rask prototyping av metallprosjekt, sender standard aluminiumprototyper vanligvis ut innan nokre dagar. H\u00f8gt komplekse aerospace-maskinerte delar eller spesialtilpassa metallfabrikasjonsprosjekt kan ta litt lengre tid, men v\u00e5re smarte produksjonslinjer er optimalisert for hastighet og null-feil kvalitet.<\/p>\n<h3>Rask referanse: Skreddarsydde CNC-maskineringskapabilitetar<\/h3>\n<div class=\"table-responsive\">\n<table class=\"table\">\n<thead>\n<tr>\n<th>Spesifikasjon<\/th>\n<th>Detaljar<\/th>\n<\/tr>\n<\/thead>\n<tbody>\n<tr>\n<td><strong>Standard toleransar<\/strong><\/td>\n<td>\u00a0 \u00a0 \u00a0 \u00a0 \u00a0 \u00a0 \u00a0 \u00a0 \u00a0 \u00a0 \u00a0 \u00a0 \u00a0 \u00a0 \u00a0 \u00a0 \u00a0 \u00a0 \u00a0 \u00a0 \u00a0 \u00a0 \u00a0 \u00a0 \u00a0 \u00a0 \u00a0 \u00a0 \u00a0 \u00a0 \u00a0 \u00a0 \u00a0 \u00a0 \u00a0 \u00a0 \u00a0 \u00a0 \u00a0 \u00a0 \u00a0 \u00a0 \u00a0 \u00a0 \u00a0 \u00a0 \u00a0 \u00a0 \u00a0 \u00a0 \u00a0 \u00a0 \u00a0 \u00a0 Ned til \u00b10.001\u2033<\/td>\n<\/tr>\n<tr>\n<td><strong>Minimumsbestilling (MOQ)<\/strong><\/td>\n<td>\u00a0 \u00a0 \u00a0 \u00a0 \u00a0 \u00a0 \u00a0 \u00a0 \u00a0 \u00a0 \u00a0 \u00a0 \u00a0 \u00a0 \u00a0 \u00a0 \u00a0 \u00a0 \u00a0 \u00a0 \u00a0 \u00a0 \u00a0 \u00a0 \u00a0 \u00a0 \u00a0 \u00a0 \u00a0 \u00a0 \u00a0 \u00a0 \u00a0 \u00a0 \u00a0 \u00a0 \u00a0 \u00a0 \u00a0 \u00a0 \u00a0 \u00a0 \u00a0 \u00a0 \u00a0 \u00a0 \u00a0 1 Eining (Prototypar til h\u00f8gvolumsproduksjon)<\/td>\n<\/tr>\n<tr>\n<td><strong>Kjernetjenester<\/strong><\/td>\n<td>\u00a0 \u00a0 \u00a0 \u00a0 \u00a0 \u00a0 \u00a0 \u00a0 \u00a0 \u00a0 \u00a0 \u00a0 \u00a0 \u00a0 \u00a0 \u00a0 \u00a0 \u00a0 \u00a0 \u00a0 \u00a0 \u00a0 \u00a0 \u00a0 \u00a0 \u00a0 \u00a0 \u00a0 \u00a0 \u00a0 \u00a0 \u00a0 \u00a0 \u00a0 \u00a0 \u00a0 \u00a0 \u00a0 \u00a0 \u00a0 \u00a0 \u00a0 \u00a0 \u00a0 \u00a0 St\u00f8ping, CNC-fresing, dreiing, overflatebehandling<\/td>\n<\/tr>\n<tr>\n<td><strong>Prototyp-levetid<\/strong><\/td>\n<td>\u00a0 \u00a0 \u00a0 \u00a0 \u00a0 \u00a0 \u00a0 \u00a0 \u00a0 \u00a0 \u00a0 \u00a0 \u00a0 \u00a0 \u00a0 \u00a0 \u00a0 \u00a0 \u00a0 \u00a0 \u00a0 \u00a0 \u00a0 \u00a0 \u00a0 \u00a0 \u00a0 \u00a0 \u00a0 \u00a0 \u00a0 \u00a0 \u00a0 \u00a0 \u00a0 \u00a0 \u00a0 \u00a0 \u00a0 \u00a0 \u00a0 \u00a0 \u00a0 \u00a0S\u00e5 raskt som nokre dagar for standard aluminiumdeler<\/td>\n<\/tr>\n<\/tbody>\n<\/table>\n<\/div>","protected":false},"excerpt":{"rendered":"<p>Custom machined metal part services with CNC milling turning tight tolerance and rapid prototyping for demanding industrial applications. Engineered for [&hellip;]<\/p>\n","protected":false},"featured_media":1918,"comment_status":"open","ping_status":"closed","template":"","meta":{"site-sidebar-layout":"default","site-content-layout":"","ast-site-content-layout":"default","site-content-style":"default","site-sidebar-style":"default","ast-global-header-display":"","ast-banner-title-visibility":"","ast-main-header-display":"","ast-hfb-above-header-display":"","ast-hfb-below-header-display":"","ast-hfb-mobile-header-display":"","site-post-title":"","ast-breadcrumbs-content":"","ast-featured-img":"","footer-sml-layout":"","ast-disable-related-posts":"","theme-transparent-header-meta":"default","adv-header-id-meta":"","stick-header-meta":"","header-above-stick-meta":"","header-main-stick-meta":"","header-below-stick-meta":"","astra-migrate-meta-layouts":"set","ast-page-background-enabled":"default","ast-page-background-meta":{"desktop":{"background-color":"var(--ast-global-color-5)","background-image":"","background-repeat":"repeat","background-position":"center center","background-size":"auto","background-attachment":"scroll","background-type":"","background-media":"","overlay-type":"","overlay-color":"","overlay-opacity":"","overlay-gradient":""},"tablet":{"background-color":"","background-image":"","background-repeat":"repeat","background-position":"center center","background-size":"auto","background-attachment":"scroll","background-type":"","background-media":"","overlay-type":"","overlay-color":"","overlay-opacity":"","overlay-gradient":""},"mobile":{"background-color":"","background-image":"","background-repeat":"repeat","background-position":"center center","background-size":"auto","background-attachment":"scroll","background-type":"","background-media":"","overlay-type":"","overlay-color":"","overlay-opacity":"","overlay-gradient":""}},"ast-content-background-meta":{"desktop":{"background-color":"var(--ast-global-color-4)","background-image":"","background-repeat":"repeat","background-position":"center center","background-size":"auto","background-attachment":"scroll","background-type":"","background-media":"","overlay-type":"","overlay-color":"","overlay-opacity":"","overlay-gradient":""},"tablet":{"background-color":"var(--ast-global-color-4)","background-image":"","background-repeat":"repeat","background-position":"center center","background-size":"auto","background-attachment":"scroll","background-type":"","background-media":"","overlay-type":"","overlay-color":"","overlay-opacity":"","overlay-gradient":""},"mobile":{"background-color":"var(--ast-global-color-4)","background-image":"","background-repeat":"repeat","background-position":"center center","background-size":"auto","background-attachment":"scroll","background-type":"","background-media":"","overlay-type":"","overlay-color":"","overlay-opacity":"","overlay-gradient":""}}},"product_brand":[],"product_cat":[17,21,25,22,24],"product_tag":[],"class_list":{"0":"post-1917","1":"product","2":"type-product","3":"status-publish","4":"has-post-thumbnail","6":"product_cat-stainless-steel","7":"product_cat-aluminum-alloy","8":"product_cat-copper-alloy","9":"product_cat-high-temperature-alloy","10":"product_cat-titanium-alloy","11":"desktop-align-left","12":"tablet-align-left","13":"mobile-align-left","15":"first","16":"instock","17":"shipping-taxable","18":"product-type-simple"},"_links":{"self":[{"href":"https:\/\/haoyumaterial.com\/nn\/wp-json\/wp\/v2\/product\/1917","targetHints":{"allow":["GET"]}}],"collection":[{"href":"https:\/\/haoyumaterial.com\/nn\/wp-json\/wp\/v2\/product"}],"about":[{"href":"https:\/\/haoyumaterial.com\/nn\/wp-json\/wp\/v2\/types\/product"}],"replies":[{"embeddable":true,"href":"https:\/\/haoyumaterial.com\/nn\/wp-json\/wp\/v2\/comments?post=1917"}],"wp:featuredmedia":[{"embeddable":true,"href":"https:\/\/haoyumaterial.com\/nn\/wp-json\/wp\/v2\/media\/1918"}],"wp:attachment":[{"href":"https:\/\/haoyumaterial.com\/nn\/wp-json\/wp\/v2\/media?parent=1917"}],"wp:term":[{"taxonomy":"product_brand","embeddable":true,"href":"https:\/\/haoyumaterial.com\/nn\/wp-json\/wp\/v2\/product_brand?post=1917"},{"taxonomy":"product_cat","embeddable":true,"href":"https:\/\/haoyumaterial.com\/nn\/wp-json\/wp\/v2\/product_cat?post=1917"},{"taxonomy":"product_tag","embeddable":true,"href":"https:\/\/haoyumaterial.com\/nn\/wp-json\/wp\/v2\/product_tag?post=1917"}],"curies":[{"name":"wp","href":"https:\/\/api.w.org\/{rel}","templated":true}]}}