{"id":1977,"date":"2026-03-07T09:17:17","date_gmt":"2026-03-07T01:17:17","guid":{"rendered":"https:\/\/haoyumaterial.com\/?post_type=product&#038;p=1977"},"modified":"2026-03-07T09:23:03","modified_gmt":"2026-03-07T01:23:03","slug":"permanent-mold-casting","status":"publish","type":"product","link":"https:\/\/haoyumaterial.com\/nn\/product\/permanent-mold-casting\/","title":{"rendered":"fast-formst\u00f8ping"},"content":{"rendered":"<p>Kvifor velje Vastmaterial som din produsent av permanent st\u00f8peforma casting?<\/p>\n<p>Som leiande produsentar av permanent st\u00f8peforma casting forst\u00e5r vi at det er avgjerande \u00e5 velje riktig presisjonsmetallst\u00f8peverkstad for forsyningskjeda di. Hos Vastmaterial kombinerer vi avansert metallurgi med toppmoderne produksjonsstyringssystem. V\u00e5r fasilitet byggjer bro mellom prototypeproduksjon og masseproduksjon, og gir ein strategisk fordel for kundar som krev h\u00f8g-precision aluminium- og kobberkomponentar.<\/p>\n<p>Gjenbrukbare st\u00e5lmolder for kostnadseffektiv produksjon<\/p>\n<p>For medium- til h\u00f8gvolums produksjonsrundar tilbyr v\u00e5re gjenbrukbare metallformer ein klar \u00f8konomisk fordel. I motsetnad til tradisjonell sandst\u00f8yping, toler v\u00e5re slitesterke verkt\u00f8yst\u00e5lformer tusenvis av syklusar. Denne tiln\u00e6rminga reduserer kostnaden per einheit drastisk og sikrar konsekvent dimensjonell reproduserbarheit over store parti.<\/p>\n<p>Overlegne mekaniske eigenskapar og por\u00f8sitetskontroll<\/p>\n<p>Vi prioriterer strukturell integritet. V\u00e5r permanente st\u00f8peprosess nyttar kontrollerte avkj\u00f8lingshastigheiter for \u00e5 fremje rask herdingsprosess. Dette resulterer i ein finare kornstruktur og betra kontroll over st\u00f8pepor\u00f8sitet. Resultatet er ein komponent med h\u00f8gare strekkstyrke og betre trettheitsmotstand, essensielt for krevjande luftfart og energibransjeapplikasjonar.<\/p>\n<p>Ende-til-ende presisjonsmetallst\u00f8pingl\u00f8ysingar<\/p>\n<p>Vi er meir enn berre ein st\u00f8pefabrikk; vi er ein komplett OEM-produksjonspartner. Ved \u00e5 integrere presisjonsst\u00f8ping, tilpassa maskinering og overflatebehandling, eliminerer vi logistikkproblema ved \u00e5 administrere fleire leverand\u00f8rar.<\/p>\n<p>Funksjon \u00a0 \u00a0 \u00a0 \u00a0 \u00a0 \u00a0 \u00a0 \u00a0 \u00a0 \u00a0 \u00a0 \u00a0 \u00a0 \u00a0 \u00a0 \u00a0 \u00a0 \u00a0 \u00a0 \u00a0 \u00a0 \u00a0 \u00a0 \u00a0 \u00a0 \u00a0 \u00a0 \u00a0 \u00a0 \u00a0 \u00a0 \u00a0 \u00a0 \u00a0 \u00a0 \u00a0 Fordel for kunden<\/p>\n<p>Integrert CNC-maskinering \u00a0 \u00a0 \u00a0 \u00a0 \u00a0 \u00a0 \u00a0 \u00a0 \u00a0S\u00f8ml\u00f8s overgang fr\u00e5 r\u00e5, n\u00e6r-nett-form st\u00f8pe til tett-toleranse ferdig del.<\/p>\n<p>Avansert overflatebehandling \u00a0 \u00a0 \u00a0 \u00a0 \u00a0 \u00a0 Eige plating, anodisering og belegg for umiddelbar korrosjonsbeskyttelse.<\/p>\n<p>Sanntidsovervaking \u00a0 \u00a0 \u00a0 \u00a0 \u00a0 \u00a0 \u00a0 \u00a0 \u00a0 \u00a0 \u00a0 \u00a0 \u00a0 \u00a0 Data-drevet produksjon sikrar minimal nedetid og konsekvent OEM-niv\u00e5 kvalitet.<\/p>\n<p>Overholdelse av globale standardar \u00a0 \u00a0 \u00a0 \u00a0 \u00a0 \u00a0 \u00a0 \u00a0 \u00a0Streng samsvar med ISO- og ASTM-spesifikasjonar for sikkerheitskritiske milj\u00f8.<\/p>\n<p>V\u00e5re permanente st\u00f8peforma-kapasitetar<\/p>\n<p>Vi utnyttar avansert st\u00f8peverkt\u00f8ydesign for \u00e5 levere overlegen dimensjonsn\u00f8yaktigheit. V\u00e5r fasilitet handterer eit mangfald av legeringar for \u00e5 m\u00f8te strenge industristandardar.<\/p>\n<p>Aluminiumlegeringar: Vi st\u00f8per ofte grade som A356, 319 og A380 for optimal styrke-til-vekt-forhold.<\/p>\n<p>Kobber- og messinglegeringar: Utforma for komponentar som krev h\u00f8g elektrisk ledeevne og korrosjonsmotstand.<\/p>\n<p>Spesiallegeringsmetall: H\u00f8gtemperaturllegeringar og sink for spesialiserte industrielle bruksomr\u00e5de.<\/p>\n<p>Tekniske spesifikasjonar i eit augeblikkVi utformar formene v\u00e5re for \u00e5 oppn\u00e5 n\u00e6r-nett-formresultat, noko som reduserer sekund\u00e6rmaskineringstid betydelig.<\/p>\n<p>Funksjon\u00a0 \u00a0 \u00a0 \u00a0 \u00a0 \u00a0 \u00a0 \u00a0 \u00a0 \u00a0 \u00a0 \u00a0 \u00a0 \u00a0 \u00a0 \u00a0 \u00a0 \u00a0 \u00a0 \u00a0 \u00a0 \u00a0 \u00a0 \u00a0 \u00a0 \u00a0 \u00a0 \u00a0 \u00a0 \u00a0 \u00a0 \u00a0 \u00a0 \u00a0 \u00a0 Spesifikasjon<\/p>\n<p>Vektomr\u00e5de\u00a0 \u00a0 \u00a0 \u00a0 \u00a0 \u00a0 \u00a0 \u00a0 \u00a0 \u00a0 \u00a0 \u00a0 \u00a0 \u00a0 \u00a0 \u00a0 \u00a0 \u00a0 \u00a0 \u00a0 \u00a0 \u00a0 \u00a0 \u00a0 \u00a0 \u00a0 \u00a0 Fr\u00e5 0,1 kg presisjonsdeler til store industrielle innkapslingar.<\/p>\n<p>Standard toleransar\u00a0 \u00a0 \u00a0 \u00a0 \u00a0 \u00a0 \u00a0 \u00a0 \u00a0 \u00a0 \u00a0 \u00a0 \u00a0 \u00a0 \u00a0 \u00a0 \u00a0 \u00a0 \u00a0 \u00a0 \u00a0 Tette toleransar som vanlegvis held til +\/- 0,015 tommar.<\/p>\n<p>Overflatefinish\u00a0 \u00a0 \u00a0 \u00a0 \u00a0 \u00a0 \u00a0 \u00a0 \u00a0 \u00a0 \u00a0 \u00a0 \u00a0 \u00a0 \u00a0 \u00a0 \u00a0 \u00a0 \u00a0 \u00a0 \u00a0 \u00a0 \u00a0 \u00a0 \u00a0 \u00a0 \u00a0 Glatt som st\u00f8pefinish fr\u00e5 RMS 200-450.<\/p>\n<p>Formmateriale\u00a0 \u00a0 \u00a0 \u00a0 \u00a0 \u00a0 \u00a0 \u00a0 \u00a0 \u00a0 \u00a0 \u00a0 \u00a0 \u00a0 \u00a0 \u00a0 \u00a0 \u00a0 \u00a0 \u00a0 \u00a0 \u00a0 \u00a0 \u00a0 \u00a0 \u00a0 \u00a0 H\u00f8gkvalitets verkt\u00f8yst\u00e5l for forlengd levetid p\u00e5 forma.<\/p>\n<p>Vastmaterial produksjonsprosess<\/p>\n<p>Som ein p\u00e5liteleg presisjonsmetallst\u00f8periar, kontrollerer vi kvart steg av produksjonen. V\u00e5r prosess er bygd for dei strenge krava i det norske og globale marknaden.<\/p>\n<p>1. Ingeni\u00f8r- og st\u00f8peverkt\u00f8ydesignVi brukar CAD\/CAM og avansert programvare for fastsetjing av herdingsimulering for \u00e5 kartlegge v\u00e6skedynamikk. Denne digitale tiln\u00e6rminga sikrar strenge feilforebyggingar f\u00f8r metallet vert st\u00f8pt, og maksimerer levetida til v\u00e5re gjenbrukbare former.<\/p>\n<p>2. Tyngdekraft- og helningsst\u00f8pingV\u00e5re spesialiserte tyngdekraftst\u00f8pe- og helningsmetodar styrer flytande metall utan turbulens. \u00c5 halde helleprosessen glatt minimerer luftinnkapsling, noko som resulterer i ein tettere, strukturelt solid st\u00f8yp.<\/p>\n<p>3. Skreddarsydde CNC-maskineringsservice\u00c5 f\u00e5 ein del ut av forma er berre starten. Som din dedikerte aluminiumsst\u00f8perifabrikk, byggjer vi bro mellom r\u00e5 st\u00f8yp og monteringsklare komponentar med fullstendig dimensjonsn\u00f8yaktighet.<\/p>\n<p>4. Varmebehandling (T5 &amp; T6)Vi brukar m\u00e5lretta termisk behandling, som T6-varmebehandling, for \u00e5 betydeleg auke den mekaniske styrken, hardheita og slitestyrken til dine legeringar (t.d. A356 aluminium).<\/p>\n<p>5. Overflatefinish p\u00e5 metallst\u00f8pningDen rette finishen er avgjerande for komponentens yteevne. Vi tilbyr avanserte overflatebehandlingar direkte in-house:<\/p>\n<p>Skotbl\u00e5sing &amp; Sandbl\u00e5sing: Fjerar restskala og forbereder metall for maksimal beleggningsheving.<\/p>\n<p>Anodisering &amp; Pulverlakkering: Forbetrar slitestyrke, isolerer komponentar og m\u00f8ter merkekrav.<\/p>\n<p>Polering &amp; Galvanisering: Leverer overlegen korrosjonsbestandigheit for t\u00f8ffe milj\u00f8.<\/p>\n<p>Industriar som vert betjent av v\u00e5re tyngdekraftst\u00f8pe-tenester<\/p>\n<p>N\u00e5r svikt ikkje er eit alternativ, stolar store industribransjar p\u00e5 v\u00e5r permanente formst\u00f8yping for kraftig styrke og konsistens.<\/p>\n<p>Flyindustri: Turbinblad og strukturelle komponentar som krev ekstrem varmebestand og presis strukturell integritet.<\/p>\n<p>Automobil: H\u00f8gvolums motorpistonar, sylindrar og hjul som balanserer lett design med styrke.<\/p>\n<p>Energi &amp; Kraft: Holdbare gass turbine-deler og kjernefysikkkomponentar laga for \u00e5 t\u00e5le intens, kontinuerleg stress.<\/p>\n<p>Marine &amp; Gruvedrift: H\u00f8gvarigheit, korrosjonsbestandig maskinvare designa for saltvannseksponering og abrasive operasjonar.<\/p>\n<p>Krevjande Kvalitetssikring: \u00c5 n\u00e5 strenge spesifikasjonar er ikkje til \u00e5 forhandle om.<\/p>\n<p>V\u00e5r testing- og inspeksjonsrekke sikrar at delane dine fungerer perfekt i felt:<\/p>\n<p>Sanntidsprosessovervaking: Overvaking av temperaturar og kj\u00f8leratar for optimal kontroll av st\u00f8pepor\u00f8sitet.<\/p>\n<p>Ikke-Destruktiv Testing (NDT): Bruk av r\u00f8ntgen, fargestoffpenetrant og ultrasonisk testing for \u00e5 verifisere intern integritet.<\/p>\n<p>CMM Dimensjonsverifisering: Bruk av koordinatm\u00e5lingsmaskiner for \u00e5 garantere perfekt monteringsevne.<\/p>\n<p>Permanent st\u00f8peform vs. Andre metodar<\/p>\n<p>Val av riktig prosess er kritisk for budsjett og tidsplan. Her er kvifor v\u00e5r metode skil seg ut i produksjonsmarknaden.<\/p>\n<p>Vektorst\u00f8ping vs. Sandst\u00f8ping<\/p>\n<p>Betre overflatefinish: Gjenbrukbare metallformer gir ein glattere overflate, og reduserer tung etterbehandling.<\/p>\n<p>Raskare produksjonssyklusar: Ingen behov for \u00e5 byggje ny form for kvar st\u00f8yp.<\/p>\n<p>Volum- effektivitet: Inherently meir stabil og kostnadseffektiv for h\u00f8gvolumsproduksjon.<\/p>\n<p>Permanent form vs. Trykkst\u00f8ping<\/p>\n<p>Lavare verkt\u00f8ykostnader: Krev vesentleg mindre startkapital samanlikna med h\u00f8gttrykkstrykkst\u00f8ping.<\/p>\n<p>Overlegen strukturell styrke: Kontrollert gravity-helning lar lufta slippe ut naturlig, og skapar sv\u00e6rt tette delar.<\/p>\n<p>Midt-range optimalisering: Den absolutt beste valet for medium til h\u00f8g volumproduksjon der dyre trykkformer ikkje er rettferdiggjort.<\/p>\n<p>Ofte stilte sp\u00f8rsm\u00e5l (FAQ)<\/p>\n<p>Kva er minimumsbestillingsmengde (MOQ)?<\/p>\n<p>Sidan denne metoden er avhengig av \u00e5 lage h\u00f8gkvalitets gjenbrukbare metallformer, er den optimalisert for medium til h\u00f8g volumproduksjon. Bestillingar fr\u00e5 rundt 500 til 1000 einingar gir best avkastning, sj\u00f8lv om vi kan ta imot spesialbatchar.<\/p>\n<p>Kva er den typiske ledetida for verkt\u00f8y og f\u00f8rste artiklar?<\/p>\n<p>V\u00e5r standard ledetid for initial design av st\u00f8peverkt\u00f8y og levering av f\u00f8rste artikkel er 4 til 6 veker.<\/p>\n<p>Kan du omgjere sandst\u00f8pingar til permanente former?<\/p>\n<p>Ja. V\u00e5rt ingeni\u00f8rteam h\u00e5ndterer heile overgangen, redesignar komponentane dine for \u00e5 utnytte n\u00e6r-nett-formst\u00f8yping, strammare toleransar og betre mekaniske eigenskapar.<\/p>\n<p>H\u00e5ndterer du internasjonal frakt og logistikk?<\/p>\n<p>Sj\u00f8lvsagt. Som ein fullservice OEM-st\u00f8peprodusent, styrer vi heile logistikkkjeda \u2013 fr\u00e5 tollklarering til direkte fraktleveringar \u2013 og sikrar at delane kjem fram s\u00f8ml\u00f8st til verksemda di over heile verda.<\/p>","protected":false},"excerpt":{"rendered":"<p>Why Choose Vastmaterial as Your Permanent Mold Casting Manufacturer? As leading permanent mold casting manufacturers, we understand that selecting the [&hellip;]<\/p>\n","protected":false},"featured_media":1979,"comment_status":"open","ping_status":"closed","template":"","meta":{"site-sidebar-layout":"default","site-content-layout":"","ast-site-content-layout":"default","site-content-style":"default","site-sidebar-style":"default","ast-global-header-display":"","ast-banner-title-visibility":"","ast-main-header-display":"","ast-hfb-above-header-display":"","ast-hfb-below-header-display":"","ast-hfb-mobile-header-display":"","site-post-title":"","ast-breadcrumbs-content":"","ast-featured-img":"","footer-sml-layout":"","ast-disable-related-posts":"","theme-transparent-header-meta":"default","adv-header-id-meta":"","stick-header-meta":"","header-above-stick-meta":"","header-main-stick-meta":"","header-below-stick-meta":"","astra-migrate-meta-layouts":"set","ast-page-background-enabled":"default","ast-page-background-meta":{"desktop":{"background-color":"var(--ast-global-color-5)","background-image":"","background-repeat":"repeat","background-position":"center center","background-size":"auto","background-attachment":"scroll","background-type":"","background-media":"","overlay-type":"","overlay-color":"","overlay-opacity":"","overlay-gradient":""},"tablet":{"background-color":"","background-image":"","background-repeat":"repeat","background-position":"center center","background-size":"auto","background-attachment":"scroll","background-type":"","background-media":"","overlay-type":"","overlay-color":"","overlay-opacity":"","overlay-gradient":""},"mobile":{"background-color":"","background-image":"","background-repeat":"repeat","background-position":"center center","background-size":"auto","background-attachment":"scroll","background-type":"","background-media":"","overlay-type":"","overlay-color":"","overlay-opacity":"","overlay-gradient":""}},"ast-content-background-meta":{"desktop":{"background-color":"var(--ast-global-color-4)","background-image":"","background-repeat":"repeat","background-position":"center center","background-size":"auto","background-attachment":"scroll","background-type":"","background-media":"","overlay-type":"","overlay-color":"","overlay-opacity":"","overlay-gradient":""},"tablet":{"background-color":"var(--ast-global-color-4)","background-image":"","background-repeat":"repeat","background-position":"center center","background-size":"auto","background-attachment":"scroll","background-type":"","background-media":"","overlay-type":"","overlay-color":"","overlay-opacity":"","overlay-gradient":""},"mobile":{"background-color":"var(--ast-global-color-4)","background-image":"","background-repeat":"repeat","background-position":"center center","background-size":"auto","background-attachment":"scroll","background-type":"","background-media":"","overlay-type":"","overlay-color":"","overlay-opacity":"","overlay-gradient":""}}},"product_brand":[],"product_cat":[17,21,25,22,24],"product_tag":[628,626,627],"class_list":{"0":"post-1977","1":"product","2":"type-product","3":"status-publish","4":"has-post-thumbnail","6":"product_cat-stainless-steel","7":"product_cat-aluminum-alloy","8":"product_cat-copper-alloy","9":"product_cat-high-temperature-alloy","10":"product_cat-titanium-alloy","11":"product_tag-and-end-to-end-cnc-machining-services","12":"product_tag-need-high-precision-aluminum-or-copper-parts-vastmaterial-offers-expert-permanent-mold-casting","13":"product_tag-reusable-steel-molds","14":"desktop-align-left","15":"tablet-align-left","16":"mobile-align-left","18":"first","19":"instock","20":"shipping-taxable","21":"product-type-simple"},"_links":{"self":[{"href":"https:\/\/haoyumaterial.com\/nn\/wp-json\/wp\/v2\/product\/1977","targetHints":{"allow":["GET"]}}],"collection":[{"href":"https:\/\/haoyumaterial.com\/nn\/wp-json\/wp\/v2\/product"}],"about":[{"href":"https:\/\/haoyumaterial.com\/nn\/wp-json\/wp\/v2\/types\/product"}],"replies":[{"embeddable":true,"href":"https:\/\/haoyumaterial.com\/nn\/wp-json\/wp\/v2\/comments?post=1977"}],"wp:featuredmedia":[{"embeddable":true,"href":"https:\/\/haoyumaterial.com\/nn\/wp-json\/wp\/v2\/media\/1979"}],"wp:attachment":[{"href":"https:\/\/haoyumaterial.com\/nn\/wp-json\/wp\/v2\/media?parent=1977"}],"wp:term":[{"taxonomy":"product_brand","embeddable":true,"href":"https:\/\/haoyumaterial.com\/nn\/wp-json\/wp\/v2\/product_brand?post=1977"},{"taxonomy":"product_cat","embeddable":true,"href":"https:\/\/haoyumaterial.com\/nn\/wp-json\/wp\/v2\/product_cat?post=1977"},{"taxonomy":"product_tag","embeddable":true,"href":"https:\/\/haoyumaterial.com\/nn\/wp-json\/wp\/v2\/product_tag?post=1977"}],"curies":[{"name":"wp","href":"https:\/\/api.w.org\/{rel}","templated":true}]}}