{"id":2005,"date":"2026-03-08T10:35:28","date_gmt":"2026-03-08T02:35:28","guid":{"rendered":"https:\/\/haoyumaterial.com\/?post_type=product&#038;p=2005"},"modified":"2026-03-08T10:35:28","modified_gmt":"2026-03-08T02:35:28","slug":"permanent-mold-casting-services-gravity-die-casting-guide","status":"publish","type":"product","link":"https:\/\/haoyumaterial.com\/nn\/product\/permanent-mold-casting-services-gravity-die-casting-guide\/","title":{"rendered":"Tjenester for permanent formst\u00f8yping | Guide til gravity-die-st\u00f8yping"},"content":{"rendered":"<h1 data-path-to-node=\"2\">Den ultimate guida til permanent st\u00f8peprosess: Prosess, fordeler og kostnadsanalyse<\/h1>\n<p data-path-to-node=\"3\">Hos Vastmaterial trur vi at openheit i produksjonen byggjer tillit. \u00c5 forst\u00e5 mekanikken bak <b data-path-to-node=\"3\" data-index-in-node=\"107\">permanent formst\u00f8ping<\/b> (ogs\u00e5 kjent som gravity die casting) avsl\u00f8rer kvifor det er det beste valet for medium til h\u00f8g volumproduksjon som krevjer eksepsjonell presisjon og strukturell integritet.<\/p>\n<p data-path-to-node=\"4\">I motsetnad til bruk-og-kast sandformer som blir \u00f8ydelagde etter kvar bruk, nyttar v\u00e5r prosess gjenbrukbare metallformer (deler) som vanlegvis er maskinert fr\u00e5 h\u00f8gkvalitets jern eller st\u00e5l. Her er ein teknisk gjennomgang av korleis vi forvandler r\u00e5legeringar til presisjonsdesigna komponentar.<\/p>\n<hr data-path-to-node=\"5\" \/>\n<h2 data-path-to-node=\"6\">Korleis den permanente st\u00f8peprosessen fungerer<\/h2>\n<p data-path-to-node=\"7\">Her er ei steg-for-steg oppdeling av v\u00e5r st\u00f8peprosess, utforma for maksimal konsistens og kvalitet.<\/p>\n<h3 data-path-to-node=\"8\">1. Formforberedelse<\/h3>\n<p data-path-to-node=\"9\">F\u00f8r noko metall vert st\u00f8pt, m\u00e5 forma vere n\u00f8ye forberedt for \u00e5 sikre lang levetid og overflatekvalitet.<\/p>\n<ul data-path-to-node=\"10\">\n<li>\n<p data-path-to-node=\"10,0,0\"><b data-path-to-node=\"10,0,0\" data-index-in-node=\"0\">F\u00f8rvarme:<\/b> Vi varmar opp forma til ein bestemt driftstemperatur for \u00e5 forhindre termisk sjokk og sikre at metallet ikkje stivnar for tidleg.<\/p>\n<\/li>\n<li>\n<p data-path-to-node=\"10,1,0\"><b data-path-to-node=\"10,1,0\" data-index-in-node=\"0\">Keramisk belegg (vask):<\/b> Eit brennbart belegg vert p\u00e5f\u00f8rt forma for \u00e5 beskytte st\u00e5let og fungere som eit frigjeringmiddel for rein utskyting av delen.<\/p>\n<\/li>\n<\/ul>\n<h3 data-path-to-node=\"11\">2. Helling (Det kritiske \u00f8yeblikket)<\/h3>\n<p data-path-to-node=\"12\">Dette steget avgjer den indre integriteten til st\u00f8pen. Vi legg stor vekt p\u00e5 \u00e5 kontrollere turbulens for \u00e5 forhindre luftinnkapsling.<\/p>\n<ul data-path-to-node=\"13\">\n<li>\n<p data-path-to-node=\"13,0,0\"><b data-path-to-node=\"13,0,0\" data-index-in-node=\"0\">Kontrollert flyt:<\/b> I motsetnad til h\u00f8gtrykkssmelting som tvinger metallet inn voldsomt, nyttar v\u00e5r prosess gravitasjons- eller l\u00e5gtrykksteknikkar for \u00e5 redusere risikoen for por\u00f8sitet.<\/p>\n<\/li>\n<li>\n<p data-path-to-node=\"13,1,0\"><b data-path-to-node=\"13,1,0\" data-index-in-node=\"0\">Skreddarsydde portl\u00f8ysingar:<\/b> Vi utviklar interne porteringssystem som leier den smelta metallen jevnt inn i forma, i samsvar med v\u00e5re strenge \u201cNull por\u00f8sitet\u201d standardar.<\/p>\n<\/li>\n<\/ul>\n<h3 data-path-to-node=\"14\">3. Herding &amp; \u201cKj\u00f8leeffekt\u201d<\/h3>\n<p data-path-to-node=\"15\">Sidan forma er laga av metall (leiar) i staden for sand (isolator), trekker den raskt ut varme fr\u00e5 den smelta legeringa.<\/p>\n<ul data-path-to-node=\"16\">\n<li>\n<p data-path-to-node=\"16,0,0\"><b data-path-to-node=\"16,0,0\" data-index-in-node=\"0\">Dendritisk kornstruktur:<\/b> Rask nedkj\u00f8ling skaper ein \u201ckj\u00f8leeffekt\u201d, som resulterer i ein mykje finare kornstruktur enn tradisjonell sandst\u00f8yping.<\/p>\n<\/li>\n<li>\n<p data-path-to-node=\"16,1,0\"><b data-path-to-node=\"16,1,0\" data-index-in-node=\"0\">Mekanisk Overlegenheit:<\/b> Denne tette kornstrukturen overf\u00f8rer seg direkte til h\u00f8gare mekanisk styrke og overlegen trykktettleik.<\/p>\n<\/li>\n<\/ul>\n<h3 data-path-to-node=\"17\">4. Utkasting &amp; Etterbehandling<\/h3>\n<ul data-path-to-node=\"18\">\n<li>\n<p data-path-to-node=\"18,0,0\"><b data-path-to-node=\"18,0,0\" data-index-in-node=\"0\">Rask Utkasting:<\/b> Formhalvdelane blir opna, og ejektorstiftar skyver st\u00f8ypen ut. Den gjenbrukbare naturen til forma gir vesentleg raskare syklustider enn sandst\u00f8yping.<\/p>\n<\/li>\n<li>\n<p data-path-to-node=\"18,1,0\"><b data-path-to-node=\"18,1,0\" data-index-in-node=\"0\">Sekund\u00e6re operasjonar:<\/b> Den r\u00e5 st\u00f8ypen flyttar seg til etterbehandlingsavdelinga v\u00e5r for porttrimming og presisjons-CNC-maskinering for \u00e5 oppn\u00e5 n\u00f8yaktige dimensjonstoleransar.<\/p>\n<\/li>\n<\/ul>\n<hr data-path-to-node=\"19\" \/>\n<h2 data-path-to-node=\"20\">Permanent Form vs. H\u00f8gtrykksst\u00f8yping (HPDC)<\/h2>\n<p data-path-to-node=\"21\">\u00c5 velje rett st\u00f8ypemetode krev balanse mellom produksjonsvolum, strukturelle krav og budsjett. Her er korleis permanent formst\u00f8yping samanliknar seg med HPDC:<\/p>\n<table data-path-to-node=\"22\">\n<thead>\n<tr>\n<td><strong>Eigenskap<\/strong><\/td>\n<td><strong>Permanent Formst\u00f8yping (Gravitasjon)<\/strong><\/td>\n<td><strong>H\u00f8gttrykk Dreiing (HPDC)<\/strong><\/td>\n<\/tr>\n<\/thead>\n<tbody>\n<tr>\n<td><span data-path-to-node=\"22,1,0,0\"><b data-path-to-node=\"22,1,0,0\" data-index-in-node=\"0\">Ideelt Produksjonsvolum<\/b><\/span><\/td>\n<td><span data-path-to-node=\"22,1,1,0\">Medium (500 til 50 000 einingar\/\u00e5r)<\/span><\/td>\n<td><span data-path-to-node=\"22,1,2,0\">H\u00f8gt (50 000+ einingar\/\u00e5r)<\/span><\/td>\n<\/tr>\n<tr>\n<td><span data-path-to-node=\"22,2,0,0\"><b data-path-to-node=\"22,2,0,0\" data-index-in-node=\"0\">Verkt\u00f8ykostnad<\/b><\/span><\/td>\n<td><span data-path-to-node=\"22,2,1,0\">Moderat (Handterleg startinvestering)<\/span><\/td>\n<td><span data-path-to-node=\"22,2,2,0\">Sv\u00e6rt H\u00f8gt (Dyrt verkt\u00f8yst\u00e5l)<\/span><\/td>\n<\/tr>\n<tr>\n<td><span data-path-to-node=\"22,3,0,0\"><b data-path-to-node=\"22,3,0,0\" data-index-in-node=\"0\">Strukturell integritet<\/b><\/span><\/td>\n<td><span data-path-to-node=\"22,3,1,0\">Framifr\u00e5 (Tett, finkorna struktur)<\/span><\/td>\n<td><span data-path-to-node=\"22,3,2,0\">Moderat (Tilb\u00f8yeleg til intern por\u00f8sitet)<\/span><\/td>\n<\/tr>\n<tr>\n<td><span data-path-to-node=\"22,4,0,0\"><b data-path-to-node=\"22,4,0,0\" data-index-in-node=\"0\">Varmebehandling<\/b><\/span><\/td>\n<td><span data-path-to-node=\"22,4,1,0\">Fullt kompatibel (t.d. T6-temperering)<\/span><\/td>\n<td><span data-path-to-node=\"22,4,2,0\">Generelt inkompatibel (risiko for blemmedanning)<\/span><\/td>\n<\/tr>\n<tr>\n<td><span data-path-to-node=\"22,5,0,0\"><b data-path-to-node=\"22,5,0,0\" data-index-in-node=\"0\">Risiko for Luftinnfanging<\/b><\/span><\/td>\n<td><span data-path-to-node=\"22,5,1,0\">Lav (Gentle, gravity-fed fylling)<\/span><\/td>\n<td><span data-path-to-node=\"22,5,2,0\">H\u00f8g (Voldsom, h\u00f8g-hastigheitsinjeksjon)<\/span><\/td>\n<\/tr>\n<\/tbody>\n<\/table>\n<p data-path-to-node=\"23\">\n<hr data-path-to-node=\"24\" \/>\n<h2 data-path-to-node=\"25\">N\u00f8kkelfordelar med permanent st\u00f8peforma<\/h2>\n<p data-path-to-node=\"26\"><b data-path-to-node=\"26\" data-index-in-node=\"0\">Overlegen mekanisk styrke<\/b><\/p>\n<p data-path-to-node=\"26\">V\u00e5re gjenbrukbare metallformer fungerer som eit avkj\u00f8lingsmiddel, og trekker til seg varme raskt for \u00e5 fremje ein tett kornstruktur. Resultatet er ein st\u00f8yping med eksepsjonell strekkstyrke, trettheitsmotstand og trykkforseinking\u2014essensielt for h\u00f8g-stress applikasjonar.<\/p>\n<p data-path-to-node=\"27\"><b data-path-to-node=\"27\" data-index-in-node=\"0\">Utmerka overflatefinish og strammare toleransar<\/b><\/p>\n<p data-path-to-node=\"27\">Sidan vi heller i maskinerte st\u00e5l- eller jernformer i staden for granul\u00e6rt sand, har overflatefinishen ein vesentleg l\u00e5gare RMS-verdi. Vi kan halde strammare toleransar rett fr\u00e5 starten, noko som drastisk reduserer kostnader til sekund\u00e6r maskinering.<\/p>\n<p data-path-to-node=\"28\"><b data-path-to-node=\"28\" data-index-in-node=\"0\">Gjenbrukbarheit og kostnadseffektivitet<\/b><\/p>\n<p data-path-to-node=\"28\">Ein enkelt metallform kan produsere tusenvis av identiske delar. Denne gjenbrukbarheita reduserer kostnaden per eining betydelig for medium-volum produksjonar og reduserer milj\u00f8avfall samanlikna med forbrukbare former.<\/p>\n<p data-path-to-node=\"29\"><b data-path-to-node=\"29\" data-index-in-node=\"0\">Materialmangfald<\/b><\/p>\n<p data-path-to-node=\"29\">V\u00e5r fabrikk er utstyrt for \u00e5 h\u00e5ndtere eit breitt spekter av ikkje-jernholdige legeringar. Enten vi heller lett aluminium for luftfart eller arbeider med korrosjonsbestandig messing, kopar og bronse, sikrar v\u00e5r prosess ein konsekvent materialtettheit.<\/p>\n<hr data-path-to-node=\"30\" \/>\n<h2 data-path-to-node=\"31\">Industriar vi betener<\/h2>\n<p data-path-to-node=\"32\">L\u00f8ysingane v\u00e5re er utvikla for sektorar der svikt ikkje er eit alternativ.<\/p>\n<ul data-path-to-node=\"33\">\n<li>\n<p data-path-to-node=\"33,0,0\"><b data-path-to-node=\"33,0,0\" data-index-in-node=\"0\">Bilindustri:<\/b> H\u00f8gstyrke innsugsmanifolder, sylindarhovud og kritiske fj\u00e6ringsdeler som krev utmerka trettheitsmotstand.<\/p>\n<\/li>\n<li>\n<p data-path-to-node=\"33,1,0\"><b data-path-to-node=\"33,1,0\" data-index-in-node=\"0\">Luftfart:<\/b> Strukturelle tilkoplingar og brakettar som oppretthald integritet under drastiske temperaturendringar og oppfyller strenge flysikkerheitsstandardar.<\/p>\n<\/li>\n<li>\n<p data-path-to-node=\"33,2,0\"><b data-path-to-node=\"33,2,0\" data-index-in-node=\"0\">Industriutstyr:<\/b> Trykkbestandige ventilar, pumpehovud og tungdrevne tannhjul som handterer h\u00f8ge hydrauliske og pneumatiske trykk utan lekkasje.<\/p>\n<\/li>\n<li>\n<p data-path-to-node=\"33,3,0\"><b data-path-to-node=\"33,3,0\" data-index-in-node=\"0\">Marine- og gasturbinar:<\/b> Korrosjonsbestandig utstyr og h\u00f8gtemperaturlegeringskomponentar bygd for \u00e5 t\u00e5le aggressive element og termiske belastningar.<\/p>\n<\/li>\n<\/ul>\n<hr data-path-to-node=\"34\" \/>\n<h2 data-path-to-node=\"35\">Vastmateriale-ulikheten: Nullpor\u00f8sitetsprosess<\/h2>\n<p data-path-to-node=\"36\">Hos Vastmateriale kombinerer vi avansert materialvitskap med praktisk produksjonslogistikk.<\/p>\n<ul data-path-to-node=\"37\">\n<li>\n<p data-path-to-node=\"37,0,0\"><b data-path-to-node=\"37,0,0\" data-index-in-node=\"0\">Nullpor\u00f8sitetsformel:<\/b> V\u00e5rt F&amp;U-team har utvikla eigne metodar for \u00e5 strengt kontrollere smeltkvaliteten og eliminere luftinnkapsling og krympingshol, og dermed garantere strenge tetthetskrav.<\/p>\n<\/li>\n<li>\n<p data-path-to-node=\"37,1,0\"><b data-path-to-node=\"37,1,0\" data-index-in-node=\"0\">In-Hus CNC-integrasjon:<\/b> Vi handterer b\u00e5de st\u00f8ping og sekund\u00e6r 5-akset maskinering under eitt tak for \u00e5 sikre den ytterste dimensjonsn\u00f8yaktigheita og redusere logistiske forsinkelser.<\/p>\n<\/li>\n<li>\n<p data-path-to-node=\"37,2,0\"><b data-path-to-node=\"37,2,0\" data-index-in-node=\"0\">Avanserte overflatebehandlingar:<\/b> Fr\u00e5 marinegradert plating til estetisk polering, tilbyr vi tilpassa overflatefinishar skreddarsydde til driftsmilj\u00f8et til komponenten din.<\/p>\n<\/li>\n<li>\n<p data-path-to-node=\"37,3,0\"><b data-path-to-node=\"37,3,0\" data-index-in-node=\"0\">Kundeorientert ingeni\u00f8rkunst:<\/b> Vi involverer oss tidleg for \u00e5 tilby Design for Manufacturability (DFM)-st\u00f8tte, optimalisere avstikk og intern gating for \u00e5 gi deg den beste balansen mellom kostnad, fart og kvalitet.<\/p>\n<\/li>\n<\/ul>\n<hr data-path-to-node=\"38\" \/>\n<h2 data-path-to-node=\"39\">Kostnadsanalyse: Er permanent st\u00f8ping riktig for deg?<\/h2>\n<h3 data-path-to-node=\"40\">Berekning av breakeven-punktet<\/h3>\n<p data-path-to-node=\"41\">Permanent st\u00f8ping har ein kritisk \u201cmidtre ground\u201d i metallproduksjon. For mange kundar oppst\u00e5r breakeven-punktet n\u00e5r produksjonsvolumet overstig <b data-path-to-node=\"41\" data-index-in-node=\"160\">500 til 1000 enheter<\/b>. P\u00e5 dette stadiet begynner besparelsane p\u00e5 sekund\u00e6r maskinering\u2014takk vere overlegen overflatefinish\u2014\u00e5 motverke dei moderate innleiande moldkostnadene.<\/p>\n<h3 data-path-to-node=\"42\">Produksjonsleietider<\/h3>\n<ul data-path-to-node=\"43\">\n<li>\n<p data-path-to-node=\"43,0,0\"><b data-path-to-node=\"43,0,0\" data-index-in-node=\"0\">Raskare enn sandst\u00f8ping:<\/b> Eliminerer behovet for \u00e5 lage ein ny sandform for kvart enkelt delar, og reduserer syklustidene drastisk for gjentakande bestillingar.<\/p>\n<\/li>\n<li>\n<p data-path-to-node=\"43,1,0\"><b data-path-to-node=\"43,1,0\" data-index-in-node=\"0\">Raskare oppsett enn HPDC:<\/b> Sj\u00f8lv om HPDC er raskare <i data-path-to-node=\"43,1,0\" data-index-in-node=\"45\">per st\u00f8yt<\/i>, tek det m\u00e5nadar \u00e5 designe og lage komplekse h\u00f8gtrykkverkt\u00f8y. Permanent mold-verkt\u00f8y f\u00e5r prosjektet ditt i produksjon mykje raskare.<\/p>\n<\/li>\n<\/ul>\n<hr data-path-to-node=\"44\" \/>\n<h2 data-path-to-node=\"45\">Ofte stilte sp\u00f8rsm\u00e5l (FAQ)<\/h2>\n<h3 data-path-to-node=\"46\">Kva er minimumsbestilling (MOQ) for at ein permanent form skal vere kostnadseffektiv?<\/h3>\n<p data-path-to-node=\"47\">Sj\u00f8lv om vi ikkje h\u00e5ndhevar strenge minimumsgrensar, er permanent st\u00f8ping mest kostnadseffektivt for \u00e5rlege volum mellom <b data-path-to-node=\"47\" data-index-in-node=\"113\">500 og 50 000 einingar<\/b>. Under 500 einingar kan verkt\u00f8ykostnaden per del vere for h\u00f8g (gjer sandst\u00f8ping eller CNC-maskinering til eit betre val). Men for kritiske komponentar som krev h\u00f8g styrke, varmebehandlingskompatibilitet og trykkbestandigheit, forblir permanent form det beste tekniske valet uansett volum.<\/p>","protected":false},"excerpt":{"rendered":"<p>The Ultimate Guide to Permanent Mold Casting: Process, Benefits, and Cost Analysis At Vastmaterial, we believe transparency in manufacturing builds [&hellip;]<\/p>\n","protected":false},"featured_media":1754,"comment_status":"open","ping_status":"closed","template":"","meta":{"site-sidebar-layout":"default","site-content-layout":"","ast-site-content-layout":"default","site-content-style":"default","site-sidebar-style":"default","ast-global-header-display":"","ast-banner-title-visibility":"","ast-main-header-display":"","ast-hfb-above-header-display":"","ast-hfb-below-header-display":"","ast-hfb-mobile-header-display":"","site-post-title":"","ast-breadcrumbs-content":"","ast-featured-img":"","footer-sml-layout":"","ast-disable-related-posts":"","theme-transparent-header-meta":"default","adv-header-id-meta":"","stick-header-meta":"","header-above-stick-meta":"","header-main-stick-meta":"","header-below-stick-meta":"","astra-migrate-meta-layouts":"set","ast-page-background-enabled":"default","ast-page-background-meta":{"desktop":{"background-color":"var(--ast-global-color-5)","background-image":"","background-repeat":"repeat","background-position":"center center","background-size":"auto","background-attachment":"scroll","background-type":"","background-media":"","overlay-type":"","overlay-color":"","overlay-opacity":"","overlay-gradient":""},"tablet":{"background-color":"","background-image":"","background-repeat":"repeat","background-position":"center center","background-size":"auto","background-attachment":"scroll","background-type":"","background-media":"","overlay-type":"","overlay-color":"","overlay-opacity":"","overlay-gradient":""},"mobile":{"background-color":"","background-image":"","background-repeat":"repeat","background-position":"center center","background-size":"auto","background-attachment":"scroll","background-type":"","background-media":"","overlay-type":"","overlay-color":"","overlay-opacity":"","overlay-gradient":""}},"ast-content-background-meta":{"desktop":{"background-color":"var(--ast-global-color-4)","background-image":"","background-repeat":"repeat","background-position":"center center","background-size":"auto","background-attachment":"scroll","background-type":"","background-media":"","overlay-type":"","overlay-color":"","overlay-opacity":"","overlay-gradient":""},"tablet":{"background-color":"var(--ast-global-color-4)","background-image":"","background-repeat":"repeat","background-position":"center center","background-size":"auto","background-attachment":"scroll","background-type":"","background-media":"","overlay-type":"","overlay-color":"","overlay-opacity":"","overlay-gradient":""},"mobile":{"background-color":"var(--ast-global-color-4)","background-image":"","background-repeat":"repeat","background-position":"center center","background-size":"auto","background-attachment":"scroll","background-type":"","background-media":"","overlay-type":"","overlay-color":"","overlay-opacity":"","overlay-gradient":""}}},"product_brand":[],"product_cat":[21],"product_tag":[],"class_list":{"0":"post-2005","1":"product","2":"type-product","3":"status-publish","4":"has-post-thumbnail","6":"product_cat-aluminum-alloy","7":"desktop-align-left","8":"tablet-align-left","9":"mobile-align-left","11":"first","12":"instock","13":"shipping-taxable","14":"product-type-simple"},"_links":{"self":[{"href":"https:\/\/haoyumaterial.com\/nn\/wp-json\/wp\/v2\/product\/2005","targetHints":{"allow":["GET"]}}],"collection":[{"href":"https:\/\/haoyumaterial.com\/nn\/wp-json\/wp\/v2\/product"}],"about":[{"href":"https:\/\/haoyumaterial.com\/nn\/wp-json\/wp\/v2\/types\/product"}],"replies":[{"embeddable":true,"href":"https:\/\/haoyumaterial.com\/nn\/wp-json\/wp\/v2\/comments?post=2005"}],"wp:featuredmedia":[{"embeddable":true,"href":"https:\/\/haoyumaterial.com\/nn\/wp-json\/wp\/v2\/media\/1754"}],"wp:attachment":[{"href":"https:\/\/haoyumaterial.com\/nn\/wp-json\/wp\/v2\/media?parent=2005"}],"wp:term":[{"taxonomy":"product_brand","embeddable":true,"href":"https:\/\/haoyumaterial.com\/nn\/wp-json\/wp\/v2\/product_brand?post=2005"},{"taxonomy":"product_cat","embeddable":true,"href":"https:\/\/haoyumaterial.com\/nn\/wp-json\/wp\/v2\/product_cat?post=2005"},{"taxonomy":"product_tag","embeddable":true,"href":"https:\/\/haoyumaterial.com\/nn\/wp-json\/wp\/v2\/product_tag?post=2005"}],"curies":[{"name":"wp","href":"https:\/\/api.w.org\/{rel}","templated":true}]}}