{"id":2022,"date":"2026-03-10T17:11:03","date_gmt":"2026-03-10T09:11:03","guid":{"rendered":"https:\/\/haoyumaterial.com\/?post_type=product&#038;p=2022"},"modified":"2026-03-10T17:21:56","modified_gmt":"2026-03-10T09:21:56","slug":"cnc-machining-aluminum-castings","status":"publish","type":"product","link":"https:\/\/haoyumaterial.com\/nn\/product\/cnc-machining-aluminum-castings\/","title":{"rendered":"CNC-maskinering aluminiumst\u00f8ypningar presisjonstenester"},"content":{"rendered":"<h2>CNC Maskinering av Aluminiumst\u00f8yp: Fr\u00e5 R\u00e5 Form til Presisjonsdel<\/h2>\n<p>N\u00e5r ein heller smelta aluminium i former, er det sjeldan mogleg \u00e5 oppn\u00e5 den n\u00f8yaktige endelege geometrien med ein gong. Sj\u00f8lv om moderne aluminiumst\u00f8ypeteknikkar er gode til \u00e5 skape komplekse, nesten ferdige former raskt, etterlet dei naturleg nok overflatefeil, slippvinklar og toleransar som ikkje oppfyller strenge tekniske krav. For \u00e5 tette gapet mellom ein r\u00e5st\u00f8ypt komponent og ein fullt funksjonell, h\u00f8gtytande del, er sekund\u00e6r maskinering av st\u00f8yp absolutt n\u00f8dvendig.<\/p>\n<p>Som din ende-til-ende tenesteleverand\u00f8r og leverand\u00f8r av aluminiumsbehandling, tek Vastmaterial fullt eigarskap til denne kritiske overgangen. Vi nyttar avanserte subtraktive produksjonsprosessar for \u00e5 foredle r\u00e5st\u00f8yp, og sikrar at kvar komponent oppfyller dine n\u00f8yaktige spesifikasjonar.<\/p>\n<p>V\u00e5re ingeni\u00f8r- og produksjonsteam fokuserer strengt p\u00e5 \u00e5 levere den h\u00f8gaste standarden for presisjonsmaskinering:<\/p>\n<ul>\n<li><strong>Ultimat Dimensjonsn\u00f8yaktigheit:<\/strong> Vi freser, dreier og borar st\u00f8ypte delar p\u00e5 ein ekspertmessig m\u00e5te for \u00e5 oppn\u00e5 dei ekstremt strenge toleransane som krevst for komplekse samansetjingar og presise paringsflater.<\/li>\n<li><strong>Maksimert Funksjonell Yting:<\/strong> Kritiske funksjonar som gjenga hol, v\u00e6skebanar og lagersete blir kutta til perfeksjon for \u00e5 garantere feilfri funksjonalitet i bruk.<\/li>\n<li><strong>Ende-til-ende P\u00e5litelegheit:<\/strong> Ved \u00e5 handtere overgangen fr\u00e5 r\u00e5st\u00f8yp til endeleg CNC-ferdig del under eitt tak, eliminerer vi friksjon mellom fleire leverand\u00f8rar, reduserer leveringstider og opprettheld streng kvalitetskontroll.<\/li>\n<\/ul>\n<h2>Kjerne CNC Maskineringskapasitetar for St\u00f8ypte Delar<\/h2>\n<p>Uansett kva for <a href=\"https:\/\/haoyumaterial.com\/nn\/cast-aluminum-guide-properties-processes-and-applications\/\">aluminiumst\u00f8ypeteknikkar<\/a> du stolar p\u00e5, krev det robust subtraktiv produksjon \u00e5 ta ein r\u00e5 del til sin endelege, funksjonelle tilstand. Som din dedikerte tenesteleverand\u00f8r og leverand\u00f8r av aluminiumsbehandling, har vi akkurat det utstyret som trengst for \u00e5 n\u00e5 m\u00e5la dine.<\/p>\n<p>Her er korleis vi bringer presisjonsmaskinering til dine st\u00f8ypte komponentar:<\/p>\n<ul>\n<li><strong>Vertikal &amp; Horisontal CNC Fresing:<\/strong> Bygd for \u00e5 handtere komplekse geometriar og perfekt flate overflater. Det er her ei grov form blir foredla til ein presis <strong>CNC maskinert aluminiumst\u00f8yp<\/strong>.<\/li>\n<li><strong>CNC Drei- og Dreioperasjonar:<\/strong> Standarden for \u00e5 skape n\u00f8yaktige sylindriske funksjonar, rein gjenging og djup boring med ekstrem dimensjonsn\u00f8yaktigheit.<\/li>\n<li><strong>Flerakse- Maskinering (4-Aks &amp; 5-Aks):<\/strong> Ved \u00e5 maskinere intrikate st\u00f8peforma i ein enkelt kj\u00f8ring, eliminerer vi behovet for fleire oppsett. Dette aukar b\u00e5de hastigheit og presisjon, noko som er ufravikeleg n\u00e5r ein produserer delar for krevjande sektorar som <a href=\"https:\/\/haoyumaterial.com\/nn\/industries\/aerospace\/\">luftfart<\/a>.<\/li>\n<li><strong>Etterbehandling av maskinering:<\/strong> The job isn\u2019t done when the cutting stops. We finalize your parts with thorough deburring, anodizing, powder coating, and custom surface treatments so they are completely ready for assembly.<\/li>\n<\/ul>\n<h2>Fordelar med CNC-maskinering av aluminiumsgods<\/h2>\n<p>N\u00e5r vi handterer subtraktiv produksjon av aluminium, spelar grunnmaterialet ei stor rolle for suksessen til prosjektet. \u00c5 starte med det rette <a href=\"https:\/\/haoyumaterial.com\/nn\/product-category\/aluminum-alloy\/\">aluminiumlegering<\/a> sikrar at v\u00e5r presisjonsmaskinering treff blink kvar gong. Aluminium utmerkar seg som det absolutt beste valet for sekund\u00e6r maskinering av st\u00f8peformer p\u00e5 grunn av sine naturlege fysiske eigenskapar.<\/p>\n<p>Her er ei rask oversikt over kvifor aluminium dominerer i st\u00f8pe- og maskineringsfeltet:<\/p>\n<table>\n<thead>\n<tr>\n<th style=\"text-align: left;\">Viktig fordel<\/th>\n<th style=\"text-align: left;\">Kva det betyr for delane dine<\/th>\n<\/tr>\n<\/thead>\n<tbody>\n<tr>\n<td style=\"text-align: left;\"><strong>Eksepsjonell maskineringsvennlighet<\/strong><\/td>\n<td style=\"text-align: left;\">Leverer raskare syklusstid og forlenger verkt\u00f8yets levetid under etterbehandlingsmaskinering <a href=\"https:\/\/haoyumaterial.com\/nn\/services\/machining\/\">operasjonar<\/a> samanlikna med st\u00e5l eller jern.<\/td>\n<\/tr>\n<tr>\n<td style=\"text-align: left;\"><strong>H\u00f8gt styrke-til-vekt-forhold<\/strong><\/td>\n<td style=\"text-align: left;\">Det foretrukne valet for lettvektsdesign. Du f\u00e5r sv\u00e6rt holdbare strukturelle og mekaniske komponentar utan den tunge bulk.<\/td>\n<\/tr>\n<tr>\n<td style=\"text-align: left;\"><strong>Termisk og elektrisk leiarsevne<\/strong><\/td>\n<td style=\"text-align: left;\">Har utmerkete varmeavleiringsegenskaper, noko som gjer det perfekt for motordelar eller innkapslingar som blir varme.<\/td>\n<\/tr>\n<tr>\n<td style=\"text-align: left;\"><strong>Korrosjonsmotstand<\/strong><\/td>\n<td style=\"text-align: left;\">Danner eit naturleg oksidasjonslag som beskyttar den dimensjonale n\u00f8yaktigheita til dine st\u00f8peformer, sj\u00f8lv i t\u00f8ffe arbeidsmilj\u00f8.<\/td>\n<\/tr>\n<\/tbody>\n<\/table>\n<p>Desse kjerne-materialfordelane betyr at vi kan prosessere n\u00e6r-nettforma raskare og meir p\u00e5liteleg. Ved \u00e5 velje aluminium reduserer du dei totale produksjonskostnadene samtidig som du sikrar h\u00f8gtydande, presisjonsmaskinerte komponentar.<\/p>\n<h2>Aluminiumsgods-teknikkar vi maskinerer<\/h2>\n<p>Vi handterer sekund\u00e6r maskinering av st\u00f8peformer p\u00e5 tvers av eit breitt spekter av metodar. Kvart prosjekt startar ulikt, men v\u00e5r tiln\u00e6rming til <strong>CNC-maskinering av aluminiumst\u00f8ypingar<\/strong> garanterer endelig dimensjonsn\u00f8yaktigheit. Hvis du utforskar ulike utgangspunkter for komponentane dine, v\u00e5r <a href=\"https:\/\/haoyumaterial.com\/nn\/precision-metal-casting-guide-for-engineers-and-oem-buyers\/\">veiledning for presisjonsmetallst\u00f8yping<\/a> brytar ned det grunnleggjande.<\/p>\n<p>Her er kjernen <strong>aluminiumst\u00f8ypeteknikkar<\/strong> vi st\u00f8ttar:<\/p>\n<ul>\n<li><strong>H\u00f8gtrykkssmeltest\u00f8ping:<\/strong> Best saman med h\u00f8gvolumsproduksjon. Vi g\u00e5r inn for \u00e5 maskinere dei kritiske monteringspunkta og tette toleransar i boringar som r\u00e5 smelta aluminiumformer ikkje kan perfeksjonere.<\/li>\n<li><strong>Sandst\u00f8ping:<\/strong> Sand etterlet ein meir ru overflate. Vi tek desse nesten-nett-forma og fres dei til presisjonsdeler, noko som er ideelt for massive komponentar eller l\u00e5ge volum. Sjekk v\u00e5r <a href=\"https:\/\/haoyumaterial.com\/nn\/machining-casting-guide-precision-cnc-tight-tolerances\/\">maskinerings- og st\u00f8peguide<\/a> for \u00e5 sj\u00e5 korleis vi opprettholder strenge spesifikasjonar p\u00e5 meir grove r\u00e5varer.<\/li>\n<li><strong>Permanent formst\u00f8ping:<\/strong> N\u00e5r prosjektet ditt krev h\u00f8g strukturell integritet og l\u00e5gare por\u00f8sitet, bruker vi subtraktiv produksjon for \u00e5 ferdigstille delane riktig.<\/li>\n<li><strong>Tapt skum-st\u00f8ping:<\/strong> Vi bringer endelig presisjon til sv\u00e6rt komplekse, kjernelause indre geometriar skapte av denne unike prosessen.<\/li>\n<\/ul>\n<p>Uansett den innleiande metoden, forvandlar v\u00e5r presisjonsmaskinering grove st\u00f8pte delar til fullt funksjonelle, monteringsklare komponentar.<\/p>\n<h2>Optimal aluminiumlegeringar for CNC-maskinering<\/h2>\n<p>Val av riktig legering er kritisk n\u00e5r du g\u00e5r fr\u00e5 <strong>smelta aluminiumformer<\/strong> til endeleg <strong>n\u00f8yaktig maskinering<\/strong>. Ulike <strong>aluminiumst\u00f8ypeteknikkar<\/strong> gir varierende strukturelle eigenskapar, s\u00e5 \u00e5 matche legeringa med prosessen sikrar h\u00f8g <strong>m\u00e5lingsn\u00f8yaktigheit<\/strong> og langvarig ytelse. Vi spesialiserer oss p\u00e5 <strong>subtraktiv produksjon<\/strong> av ulike aluminiumkvalitetar for \u00e5 levere dei n\u00f8yaktige spesifikasjonane prosjektet ditt krev.<\/p>\n<p>Her er dei mest brukte legeringane vi nyttar for <strong>CNC maskinert aluminiumst\u00f8yp<\/strong>:<\/p>\n<ul>\n<li><strong>A356 &amp; 356 Aluminium:<\/strong> Dette er industristandardane for sand- og permanente formst\u00f8pte delar. <strong>A356 aluminium bearbeiding<\/strong> er h\u00f8gt ettertrakta fordi det tilbyr ein ideell balanse av styrke, ductilitet og utmerka maskinerbarheit, noko som gjer det perfekt for <a href=\"https:\/\/haoyumaterial.com\/nn\/aluminum-investment-casting-company-for-precision-components\/\">presisjons aluminiumskomponentar<\/a>.<\/li>\n<li><strong>380 &amp; 413 Aluminium:<\/strong> Dette er v\u00e5re foretrukne val for trykkst\u00f8yping. Dei er sv\u00e6rt stabile og ideelle for delar som krev sekund\u00e6r etterbehandling med CNC, som presis tapping, flatelegging eller intrikate gjennomh\u00f8vingar.<\/li>\n<li><strong>319 &amp; 333 Aluminium:<\/strong> Om du treng kostnadseffektive alternativ for generell sandst\u00f8ypa bearbeiding, er desse legeringane sv\u00e6rt p\u00e5litelege. Dei gir god st\u00f8ypbarheit og er enkle \u00e5 maskinere til nesten-nettformer utan \u00e5 sprenge budsjettet.<\/li>\n<\/ul>\n<p>\u00c5 velje riktig materiale fr\u00e5 starten sikrar at dine tilpassa aluminiumst\u00f8ypte delar fungerer feilfritt under verkelege forhold.<\/p>\n<h2>Vastmaterialet sin fordel: \u00c5 overvinne st\u00f8ypeutfordringar<\/h2>\n<p><img decoding=\"async\" src=\"https:\/\/haoyumaterial.com\/wp-content\/uploads\/2026\/03\/CNC_Machining_Aluminum_Castings_Challenges_Solutio_1.webp\" alt=\"CNC-maskinering av aluminiumst\u00f8ping Utfordringar L\u00f8ysingar\" \/><\/p>\n<p>Maskinering av n\u00e6r-nett formst\u00f8ypte delar kjem med unike utfordringar. Hos Vastmaterialet har vi hands-on erfaringen til \u00e5 forvandle r\u00e5 delar fr\u00e5 smelta aluminiumformer til feilfrie ferdige produkt. For \u00e5 sikre at komponentane dine m\u00f8ter n\u00f8yaktige spesifikasjonar, bruker v\u00e5rt <a href=\"https:\/\/haoyumaterial.com\/nn\/online-cnc-service-for-precision-parts-and-instant-quotes\/\">online CNC-teneste for presisjonsdeler<\/a> avansert subtraktiv produksjon for \u00e5 takle vanlege produksjonsproblem direkte.<\/p>\n<p>Her er korleis vi l\u00f8ser dei t\u00f8ffaste problema i <strong>CNC-maskinering av aluminiumst\u00f8ypingar<\/strong>:<\/p>\n<ul>\n<li><strong>Por\u00f8sitet &amp; Inklusjonar:<\/strong> St\u00f8ypte delar skjuler ofte mikroskopiske indre hulrom. Vi bruker optimaliserte verkt\u00f8ybanestrategiar og spesialiserte kutteverkt\u00f8y for \u00e5 minimere overflatebrot, og sikre at den strukturelle integriteten til dine presisjons aluminiumbearbeidingar forblir intakt.<\/li>\n<li><strong>Termisk forvrenging:<\/strong> Aggressiv fjerning av materiale genererer intens varme som kan deformere metallet. Vi styrer n\u00f8ye varmeutvikling og kj\u00f8lev\u00e6skeflyt under sekund\u00e6r bearbeiding av st\u00f8ypte delar for \u00e5 forhindre termisk forvrenging og l\u00e5se inn den dimensjonale n\u00f8yaktigheita du krev.<\/li>\n<li><strong>Tilpassa festeutstyr:<\/strong> St\u00f8ypte delar har sjeldan flate, lett \u00e5 gripe overflater. Vi designar og byggjer eigne arbeidsl\u00f8ysingar for \u00e5 sikre at uregelmessig forma tilpassa aluminiumst\u00f8ypte delar vert trygt festet. Dette forhindrar deformasjon ved klem og garanterer eit perfekt justert kutt kvar gong.<\/li>\n<\/ul>\n<h2>Industriar som er avhengige av CNC-maskinering av aluminiumst\u00f8ypingar<\/h2>\n<p><img decoding=\"async\" src=\"https:\/\/haoyumaterial.com\/wp-content\/uploads\/2026\/03\/CNC_Machining_Aluminum_Castings_for_Industrial_Use_1.webp\" alt=\"CNC-maskinering av aluminiumst\u00f8ping for industriell bruk\" \/><\/p>\n<p>N\u00e5r strenge dimensjonsn\u00f8yaktigheiter i st\u00f8ypingar er ufr\u00e5vikelege, stoler store globale industriar p\u00e5 v\u00e5re subtraktive produksjonsmoglegheiter. Vi tek r\u00e5 st\u00f8ypte delar og leverer ferdige komponentar for installasjon p\u00e5 tvers av fleire h\u00f8g-krav sektorar:<\/p>\n<ul>\n<li><strong>Bilindustri:<\/strong> Vi handterer den komplekse sekund\u00e6re maskineringa av st\u00f8ypingar for kritiske kraftoverf\u00f8ringskomponentar, inkludert motorblokker, girkassehus og strukturelle brakettar.<\/li>\n<li><strong>Luftfart:<\/strong> Vektreduksjon er avgjerande. Vi leverer presis aluminium-maskinering for lette strukturelle komponentar som krev n\u00f8yaktige, repeterbare toleransar.<\/li>\n<li><strong>Industriell maskineri:<\/strong> Flytdynamikk krev tette tetningar og perfekte passformer. Vi ferdigstiller pumpehus, ventilkroppar og kraftige girkassar til presise spesifikasjonar.<\/li>\n<li><strong>Landbruk og tungt utstyr:<\/strong> Vi tilbyr holdbare, h\u00f8gstyrke CNC-maskinerte aluminiumst\u00f8ypingar som er bygd for \u00e5 overleve dei t\u00f8ffaste utand\u00f8rs milj\u00f8a.<\/li>\n<\/ul>\n<p>Kvart sektor har unike krav til styrke, vekt og slitestyrke. \u00c5 forst\u00e5 desse krava er n\u00f8kkelen til prosjektets suksess; v\u00e5r <a href=\"https:\/\/haoyumaterial.com\/nn\/metal-casting-material-guide-alloys-properties-selection\/\">metallst\u00f8ypingsmateriale guide<\/a> viser korleis ulike legeringar yter i desse spesifikke bruksomr\u00e5da for \u00e5 sikre at du f\u00e5r den n\u00f8yaktige funksjonelle ytinga industrien krev.<\/p>\n<h2>Kvalitetssikring for CNC-maskinering av aluminiumst\u00f8ypingar<\/h2>\n<p>N\u00e5r vi handterer den sekund\u00e6re <strong>n\u00f8yaktig maskinering<\/strong> av dine st\u00f8ypte delar, stoler vi p\u00e5 harde data, ikkje gjetning. V\u00e5r strenge inspeksjonsprosess garanterer det beste <strong>m\u00e5lingsn\u00f8yaktigheit<\/strong> for kvar komponent som forlet verkstaden v\u00e5r.<\/p>\n<p>Vi driv eit strengt system st\u00f8tta av eit ISO-sertifisert kvalitetsstyringssystem for \u00e5 overv\u00e5ke heile <strong>cnc-maskinering av aluminiumst\u00f8ypingar<\/strong> arbeidsflyten v\u00e5r.<\/p>\n<p>Her er n\u00f8yaktig korleis vi sikrar kvaliteten p\u00e5 dine delar:<\/p>\n<ul>\n<li><strong>CMM M\u00e5lverifisering:<\/strong> Vi bruker koordinatm\u00e5lingsmaskiner (CMM) for \u00e5 n\u00f8ye inspisere komplekse geometriar og strenge toleransar. Vi oppdagar avvik tidleg slik at du berre f\u00e5r perfekte delar.<\/li>\n<li><strong>Lekkasje- og trykktesting:<\/strong> St\u00f8yperideler for v\u00e6skehandtering m\u00e5 vere heilt feilfrie. Vi testar desse spesifikke komponentane grundig for \u00e5 garantere at dei held stand under trykk utan lekkasjar.<\/li>\n<li><strong>Standardisert kvalitetskontroll:<\/strong> Heile v\u00e5r subtraktive produksjonsoperasjon er bygd p\u00e5 ISO-sertifiserte protokollar, noko som sikrar total repeterbarheit og p\u00e5litelegheit p\u00e5 tvers av alle produksjonsseriar.<\/li>\n<\/ul>\n<p>Vi opprettheld fullstendig openheit om v\u00e5re kapasitetar, toleransar og inspeksjonsstandardar. For meir informasjon om v\u00e5re testprosedyrar og kvalitetsgarantiar, kan du sj\u00e5 v\u00e5re <a href=\"https:\/\/haoyumaterial.com\/nn\/faqs\/\">ofte stilte sp\u00f8rsm\u00e5l<\/a>.<\/p>\n<h2>Ofte stilte sp\u00f8rsm\u00e5l om CNC-maskinering av aluminiumst\u00f8yper<\/h2>\n<h3>Kvifor maskinere ei st\u00f8yping i staden for ein solid blokk?<\/h3>\n<p>\u00c5 starte med ei tiln\u00e6rma nettform fr\u00e5 <a href=\"https:\/\/haoyumaterial.com\/nn\/industrial-molds-company-for-precision-casting-and-cnc\/\">smelta aluminiumformer<\/a> sparar enorme mengder maskineringstid og r\u00e5materiale. I staden for \u00e5 karve vekk majoriteten av ein solid aluminiumsblokk, <strong>subtraktiv produksjon<\/strong> vert berre brukt der det er absolutt n\u00f8dvendig \u2013 som for \u00e5 treffe strenge toleransar p\u00e5 kritiske paringsflater, gjenger og innvendige boringar. Denne metoden reduserer avfall drastisk og senkar den totale kostnaden per del for mellomstore til store produksjonsvolum.<\/p>\n<h3>Kva toleransar kan Vastmaterial halde p\u00e5 st\u00f8ypte aluminiumsdeler?<\/h3>\n<p>Vi prioriterer streng <strong>m\u00e5lingsn\u00f8yaktigheit<\/strong>. Ved hjelp av v\u00e5rt avanserte <strong>n\u00f8yaktig maskinering<\/strong> utstyr kan vi p\u00e5liteleg halde strenge toleransar ned til <strong>\u00b10.005 mm<\/strong>. While the exact limit can depend on the part\u2019s geometry and the specific aluminum alloy being cut, we consistently deliver aerospace-level precision on complex internal features and critical mounting points.<\/p>\n<h3>Korleis p\u00e5verkar st\u00f8ypemetoden kostnaden for sekund\u00e6r CNC-maskinering?<\/h3>\n<p>Den innleiande st\u00f8ypeteknikken dikterer kor mykje overskotsmateriale som m\u00e5 skj\u00e6rast vekk seinare:<\/p>\n<ul>\n<li><strong>H\u00f8gtrykkssmeltest\u00f8ping:<\/strong> Etterlet delar sv\u00e6rt n\u00e6r dei endelege dimensjonane. Dette krev minimal sekund\u00e6r CNC-maskinering, noko som resulterer i l\u00e5gare etterbehandlingskostnader per del.<\/li>\n<li><strong>Sandst\u00f8ping:<\/strong> Som skildra i v\u00e5r <a href=\"https:\/\/haoyumaterial.com\/nn\/the-ultimate-guide-how-does-the-sand-casting-process-work\/\">prosessguide for sandst\u00f8yping<\/a>, etterlet denne metoden ein r\u00f8ffare overflatefinish og meir overskotsmateriale. Det krev lengre, meir aggressiv materialfjerning, noko som aukar CNC-syklustida. Det sparar likevel mykje p\u00e5 f\u00f8rehandskostnader for verkt\u00f8y for sm\u00e5 volum.<\/li>\n<\/ul>\n<h3>Handterer du b\u00e5de utvinning av st\u00f8ping og maskinering?<\/h3>\n<p>Vastmaterial h\u00e5ndterer heile produksjonsl\u00f8pet. Fr\u00e5 st\u00f8ping av r\u00e5materialet til den endelige <strong>etterbehandling med CNC<\/strong>, vi fungerer som din komplette, \u00e9in-kjelde produksjonspartner. \u00c5 ha st\u00f8ping og maskinering under eitt tak sikrar strengare kvalitetsstyring, eliminerer fraktforsinkelser mellom leverand\u00f8rar, og forenklar forsyningskjeda di betydelig.<\/p>","protected":false},"excerpt":{"rendered":"<p>Presis CNC-maskinering av aluminiumst\u00f8ypningar med stramme toleransar, f\u00f8rsteklasses overflater, fleire legeringar og st\u00f8ypemetodar for krevjande industrivarer<\/p>","protected":false},"featured_media":2019,"comment_status":"open","ping_status":"closed","template":"","meta":{"site-sidebar-layout":"default","site-content-layout":"","ast-site-content-layout":"default","site-content-style":"default","site-sidebar-style":"default","ast-global-header-display":"","ast-banner-title-visibility":"","ast-main-header-display":"","ast-hfb-above-header-display":"","ast-hfb-below-header-display":"","ast-hfb-mobile-header-display":"","site-post-title":"","ast-breadcrumbs-content":"","ast-featured-img":"","footer-sml-layout":"","ast-disable-related-posts":"","theme-transparent-header-meta":"default","adv-header-id-meta":"","stick-header-meta":"","header-above-stick-meta":"","header-main-stick-meta":"","header-below-stick-meta":"","astra-migrate-meta-layouts":"set","ast-page-background-enabled":"default","ast-page-background-meta":{"desktop":{"background-color":"var(--ast-global-color-5)","background-image":"","background-repeat":"repeat","background-position":"center center","background-size":"auto","background-attachment":"scroll","background-type":"","background-media":"","overlay-type":"","overlay-color":"","overlay-opacity":"","overlay-gradient":""},"tablet":{"background-color":"","background-image":"","background-repeat":"repeat","background-position":"center center","background-size":"auto","background-attachment":"scroll","background-type":"","background-media":"","overlay-type":"","overlay-color":"","overlay-opacity":"","overlay-gradient":""},"mobile":{"background-color":"","background-image":"","background-repeat":"repeat","background-position":"center center","background-size":"auto","background-attachment":"scroll","background-type":"","background-media":"","overlay-type":"","overlay-color":"","overlay-opacity":"","overlay-gradient":""}},"ast-content-background-meta":{"desktop":{"background-color":"var(--ast-global-color-4)","background-image":"","background-repeat":"repeat","background-position":"center center","background-size":"auto","background-attachment":"scroll","background-type":"","background-media":"","overlay-type":"","overlay-color":"","overlay-opacity":"","overlay-gradient":""},"tablet":{"background-color":"var(--ast-global-color-4)","background-image":"","background-repeat":"repeat","background-position":"center center","background-size":"auto","background-attachment":"scroll","background-type":"","background-media":"","overlay-type":"","overlay-color":"","overlay-opacity":"","overlay-gradient":""},"mobile":{"background-color":"var(--ast-global-color-4)","background-image":"","background-repeat":"repeat","background-position":"center center","background-size":"auto","background-attachment":"scroll","background-type":"","background-media":"","overlay-type":"","overlay-color":"","overlay-opacity":"","overlay-gradient":""}}},"product_brand":[],"product_cat":[21],"product_tag":[],"class_list":{"0":"post-2022","1":"product","2":"type-product","3":"status-publish","4":"has-post-thumbnail","6":"product_cat-aluminum-alloy","7":"desktop-align-left","8":"tablet-align-left","9":"mobile-align-left","11":"first","12":"instock","13":"shipping-taxable","14":"purchasable","15":"product-type-simple"},"_links":{"self":[{"href":"https:\/\/haoyumaterial.com\/nn\/wp-json\/wp\/v2\/product\/2022","targetHints":{"allow":["GET"]}}],"collection":[{"href":"https:\/\/haoyumaterial.com\/nn\/wp-json\/wp\/v2\/product"}],"about":[{"href":"https:\/\/haoyumaterial.com\/nn\/wp-json\/wp\/v2\/types\/product"}],"replies":[{"embeddable":true,"href":"https:\/\/haoyumaterial.com\/nn\/wp-json\/wp\/v2\/comments?post=2022"}],"wp:featuredmedia":[{"embeddable":true,"href":"https:\/\/haoyumaterial.com\/nn\/wp-json\/wp\/v2\/media\/2019"}],"wp:attachment":[{"href":"https:\/\/haoyumaterial.com\/nn\/wp-json\/wp\/v2\/media?parent=2022"}],"wp:term":[{"taxonomy":"product_brand","embeddable":true,"href":"https:\/\/haoyumaterial.com\/nn\/wp-json\/wp\/v2\/product_brand?post=2022"},{"taxonomy":"product_cat","embeddable":true,"href":"https:\/\/haoyumaterial.com\/nn\/wp-json\/wp\/v2\/product_cat?post=2022"},{"taxonomy":"product_tag","embeddable":true,"href":"https:\/\/haoyumaterial.com\/nn\/wp-json\/wp\/v2\/product_tag?post=2022"}],"curies":[{"name":"wp","href":"https:\/\/api.w.org\/{rel}","templated":true}]}}