{"id":2068,"date":"2026-03-19T15:28:57","date_gmt":"2026-03-19T07:28:57","guid":{"rendered":"https:\/\/haoyumaterial.com\/?post_type=product&#038;p=2068"},"modified":"2026-03-19T15:36:30","modified_gmt":"2026-03-19T07:36:30","slug":"stainless-steel-alloy-174-ph-machined-parts","status":"publish","type":"product","link":"https:\/\/haoyumaterial.com\/nn\/product\/stainless-steel-alloy-174-ph-machined-parts\/","title":{"rendered":"St\u00e5len Steel Alloy 17 4 PH Maskiner Parts CNC-tjenester"},"content":{"rendered":"<h2>Kva er 17-4 PH (SAE 630) st\u00e5l?<\/h2>\n<p>Eigenskapar i \u00e5 source komponentar som leverer ekstrem styrke utan \u00e5 g\u00e5 p\u00e5 bekostning av milj\u00f8messig varigheit? N\u00e5r standard austenitiske gradar sviktar under h\u00f8g mekanisk stress, stolar vi p\u00e5 SAE-grad 630.<\/p>\n<p>Vi spesialiserer oss p\u00e5 produksjon av h\u00f8gprestasjon <strong>st\u00e5llegga alloy 17-4 PH maskinerte delar<\/strong>. Ogs\u00e5 kjent som UNS S17400 eller 17Cr-4Ni, dette allsidige materialet er eit krom-nikkel-koppmar <strong>ut\u00e8nementherdig materiale<\/strong>. Dens martensittiske struktur tilbyr det beste utgangspunktet for presisjonsproduksjon der komponentfeil rett og slett ikkje er eit alternativ.<\/p>\n<h3>N\u00f8kkeljegenskapar til S17400-alloy presisjonsdelar<\/h3>\n<ul>\n<li><strong>Overlegen hardheit:<\/strong> I stand til \u00e5 oppn\u00e5 imponerande slitasjebeskyttelse, med standard termiske behandlingar som aukar baseline-materialet til <strong>44 HRC<\/strong>.<\/li>\n<li><strong>Avansert korrosjonsresistens:<\/strong> Leverer oksidasjon og rustforbygging som samsvarar med standard 304-st\u00e5l, langt over evnene til tradisjonelle 400-serien martensittiske gradar.<\/li>\n<li><strong>H\u00f8g styrkeintegritet:<\/strong> Teikna for \u00e5 oppretthalde strukturell stabilitet og ytre eigenkap under tunge belastningar og intens mekanisk slitasje.<\/li>\n<li><strong>Fr\u00e5verande smidingskraft:<\/strong> \u03bb\u03b9\u00e5t vi til realistisk maskin, forma og lage sv\u00e6rt komplekse, tette tolerans geometries f\u00f8r den endelige aldringsprosessen.<\/li>\n<\/ul>\n<h2>Tilpassa 17-4 PH CNC-maskineringsevner<\/h2>\n<p><img decoding=\"async\" src=\"https:\/\/haoyumaterial.com\/wp-content\/uploads\/2026\/03\/17-4_PH_Stainless_Steel_Machining_Services_l4X7WcD.webp\" alt=\"17-4 PH rustfritt st\u00e5l bearbeidingstenester\" \/><\/p>\n<p>Hos Vastmaterial gjer vi produksjon av h\u00f8g kvalitet <strong>rustfritt st\u00e5llegering 17-4 PH-maskinerte delar<\/strong> bygd for krevjande globale applikasjonar. Vi optimaliserer produksjonsprosessane v\u00e5re for \u00e5 handtere den unike seigheten til SAE-grad 630, og leverer p\u00e5litelege <a href=\"https:\/\/haoyumaterial.com\/nn\/product\/austenitic-stainless-steel-grades-and-custom-precision-components\/\">tilpassa presisjonskomponentar<\/a> som m\u00f8ter presise spesifikasjonar kvar gong.<\/p>\n<p>Her er ein gjennomgang av kjerneproduksjonskapasitetane v\u00e5re:<\/p>\n<ul>\n<li><strong>CNC-Swiss-maskinering:<\/strong> Vi er framme i h\u00f8gvolumsproduksjon <strong>swiss-maskinering<\/strong> for sm\u00e5 diameterar og intrikate komponentar. Denne prosessen sikrar raske produksjonsrundar utan \u00e5 g\u00e5 p\u00e5 bekostning av tidsm\u00e5l og dimensjon\u00e6r n\u00f8yaktigheit.<\/li>\n<li><strong>Avansert CNC-fr\u00e6sing og dreining:<\/strong> V\u00e5re flersfigurerte maskiningssenter tek lett tak i komplekse geometriar, og omformar solide S17400-alloy-skiver til h\u00f8gt presise ferdige delar.<\/li>\n<li><strong>Strenge toleransar:<\/strong> Presisjonsproduksjon er v\u00e5r standard. Avhengig av delen sin spesifikke geometr i og temperatur, held vi konsekvent toleransar p\u00e5 <strong>+\/- 0.002 tommar<\/strong>\u2014og ofte sneverare for spesialiserte bruksomr\u00e5de.<\/li>\n<li><strong>Etterbehandling og varmebehandling:<\/strong> Vi handterar den komplette aldrings- og tempereringssyklusen internt. Vurderar dine delar krev base Condition A eller m\u00e5 hamnast til <strong>Condition H900<\/strong>, H1025, eller H1150, v\u00e5re kontrollerte varmebehandlings Tenester sikrar at materialet n\u00e5r sine m\u00e5l for mekaniske eigenskapar.<\/li>\n<\/ul>\n<h2>Mekaniske eigenskapar til 17-4 PH ved varmebehandling<\/h2>\n<p>den sanne verdien av SAE Type 630 ligg i allsidigheita. Gjennom m\u00e5lretta varmebehandling kan vi drastisk endre styrke og hardheit i dine <strong>st\u00e5llegga alloy 17-4 PH maskinerte delar<\/strong> for \u00e5 m\u00f8ta eksakte bruksomg\u00e5ingar. Enten prosjektet ditt krev standard materialkarakteristikkar eller h\u00f8g-styrke 17-4 PH-condition H900-komponentar, gjev avsetjingsherding prosessen oss full kontroll over sluttspesifikasjonane.<\/p>\n<p>For \u00e5 sj\u00e5 den breiare utvalet av r\u00e5materialar vi arbeidar med, kan du gjennomg\u00e5 v\u00e5r <a href=\"https:\/\/haoyumaterial.com\/nn\/product-category\/stainless-steel\/\">st\u00e5ltypes utanfor standardutval<\/a>.<\/p>\n<p>Nedenfor er ei oversikt over dei typiske mekaniske eigenskapane du kan forvente fr\u00e5 varmebehandlede 17-4 PH-maskinerte delar over ulike tempertilstandar:<\/p>\n<table>\n<thead>\n<tr>\n<th style=\"text-align: left;\">Tempertilstand<\/th>\n<th style=\"text-align: left;\">Ytelsesstyrke (ksi)<\/th>\n<th style=\"text-align: left;\">Ultimat trekklast (ksi)<\/th>\n<th style=\"text-align: left;\">Brinnellhardhet<\/th>\n<th style=\"text-align: left;\">Rockwell hardhet<\/th>\n<\/tr>\n<\/thead>\n<tbody>\n<tr>\n<td style=\"text-align: left;\"><strong>Condition A (basisk)<\/strong><\/td>\n<td style=\"text-align: left;\">110<\/td>\n<td style=\"text-align: left;\">150<\/td>\n<td style=\"text-align: left;\">277<\/td>\n<td style=\"text-align: left;\">28 HRC<\/td>\n<\/tr>\n<tr>\n<td style=\"text-align: left;\"><strong>H900<\/strong><\/td>\n<td style=\"text-align: left;\">170<\/td>\n<td style=\"text-align: left;\">190<\/td>\n<td style=\"text-align: left;\">388<\/td>\n<td style=\"text-align: left;\">44 HRC<\/td>\n<\/tr>\n<tr>\n<td style=\"text-align: left;\"><strong>H1025<\/strong><\/td>\n<td style=\"text-align: left;\">155<\/td>\n<td style=\"text-align: left;\">170<\/td>\n<td style=\"text-align: left;\">331<\/td>\n<td style=\"text-align: left;\">35 HRC<\/td>\n<\/tr>\n<tr>\n<td style=\"text-align: left;\"><strong>H1100<\/strong><\/td>\n<td style=\"text-align: left;\">115<\/td>\n<td style=\"text-align: left;\">140<\/td>\n<td style=\"text-align: left;\">302<\/td>\n<td style=\"text-align: left;\">32 HRC<\/td>\n<\/tr>\n<tr>\n<td style=\"text-align: left;\"><strong>H1150<\/strong><\/td>\n<td style=\"text-align: left;\">105<\/td>\n<td style=\"text-align: left;\">135<\/td>\n<td style=\"text-align: left;\">277<\/td>\n<td style=\"text-align: left;\">28 HRC<\/td>\n<\/tr>\n<\/tbody>\n<\/table>\n<p><strong>N\u00f8kkelpunkter om temperingar:<\/strong><\/p>\n<ul>\n<li><strong>Tilstand A:<\/strong> Baseline-l\u00f8ysinga i anneal-tilstand, ideell for innleiande maskinering f\u00f8r aldring.<\/li>\n<li><strong>H900:<\/strong> Oppn\u00e5dd ved oppvarming til 900\u00b0F. Dette gir maksimal styrke og topp-hardheit (44 HRC).<\/li>\n<li><strong>H1025 til H1150:<\/strong> H\u00f8gare aldringstemperaturar mjukar gradvis opp legeringa, noko som litt reduserer endaliga strekkstyrke men betydeleg betre full duktilitet og slagmotstand.<\/li>\n<\/ul>\n<h2>Kostnad og maskinering av 17-4 PH<\/h2>\n<h3>Taming av seighet<\/h3>\n<p>La oss ta opp elefanten i rommet: maskinering av 17-4 PH er notorisk t\u00f8ft for skj\u00e6reverkt\u00f8y. Samla sett i h\u00f8ve til ein standard 12L14-st\u00e5lbasis har det ein maskineringkostnadsfaktor p\u00e5 omkring 5,0. Materialet er tett, abrasive og genererer mykje varme under kaping.<\/p>\n<p>Hos Vastmaterial veit vi korleis vi kan produsere <strong>st\u00e5llegga alloy 17-4 PH maskinerte delar<\/strong> p\u00e5 eit effektivt vis. Vi reduserer aktivt desse h\u00f8gare maskineringkostnadene og reduserer verkt\u00f8yslitasje ved \u00e5:<\/p>\n<ul>\n<li><strong>Optimalisere f\u00f4rs- og hastigheiter:<\/strong> Vi programmerer presise CNC-parameterar for \u00e5 rydde ut gjetningar raskt og handtere varmeoppbygging.<\/li>\n<li><strong>Ved \u00e5 bruke premium verkt\u00f8y:<\/strong> Vi k\u00f6r spesialiserte, h\u00f8gtytande karbid-funksjonsverkt\u00f8y som er spesielt utforma for masking av avleiringar herda rustfritt st\u00e5l.<\/li>\n<li><strong>Sikre fast montering:<\/strong> Vi bruker tunge festemidler for \u00e5 eliminere vibrasjon, noko som held toleransar og forlenger livet til verkt\u00f8ya v\u00e5re.<\/li>\n<\/ul>\n<h3>N\u00e5r er 17-4 PH verd investeringen?<\/h3>\n<p>Sidan maskineringstida er lenger, m\u00e5 val av tilpassa 17-4 PH CNC-maskinering gi meining for prosjektet ditt.<\/p>\n<ul>\n<li><strong>Vel for 303 eller 316 om:<\/strong> Ditt utforming krev berre grunnlegjar korrosjonsbestandigheit, moderat styrke og standard yting. Desse alternativa er billigare og maskiner mykje raskare.<\/li>\n<li><strong>Invester i 17-4 PH hvis:<\/strong> s\u00f8knaden din krev ein massiv styrke-tot-vekt-forhold, ekstrem slitasjef\u00f8lsomheit, h\u00f8g hardleikskap (opp til 44 HRC), og minimal anslag under varmebehandling.<\/li>\n<\/ul>\n<p>\u00c5 matche materialet n\u00f8yaktig til dei mekaniske krava i s\u00f8knaden din er den beste m\u00e5ten \u00e5 kontrollere produksjonskostnadene p\u00e5. Om du per i dag vurderer materialval, vil forst\u00e5inga av <a href=\"https:\/\/haoyumaterial.com\/nn\/casted-stainless-steel-guide-benefits-and-grades\/\">fordelane og kvalitetane av rustfritt st\u00e5l<\/a> hjelpa deg \u00e5 fastsetje den absolutte beste og mest kostnadseffektive legeringa for din spesifikke produksjonsperiode.<\/p>\n<h2>Industriar som bruker rustfrie st\u00e5llegeringar 17-4 PH-maskinerte delar<\/h2>\n<p><img decoding=\"async\" src=\"https:\/\/haoyumaterial.com\/wp-content\/uploads\/2026\/03\/17-4_PH_Stainless_Steel_Machined_Parts_Application_1.webp\" alt=\"17-4 PH rustfritt st\u00e5l maskinerte delar-tils\u00f8kningar\" \/><\/p>\n<p>Vi produserer <strong>rustfritt st\u00e5llegering 17-4 PH-maskinerte delar<\/strong> for sektorar som rett og slett ikkje kan g\u00e5 p\u00e5 kompromiss med styrke og korrosjonsbestandigheit. N\u00e5r feil ikkje er eit alternativ, leverer dette SAE Type 630 rustfrie st\u00e5let den n\u00f8dvendige holdbarheita.<\/p>\n<p>Her er det v\u00e5rt utfellings-herda rustfrie st\u00e5lmaskineringstenester gjer st\u00f8rst p\u00e5verknad:<\/p>\n<ul>\n<li><strong>Luftfart &amp; Forsvar:<\/strong> Vi produserer robuste strukturdelar, landingsutstyrskomponentar, og <strong>tilpassa luftfarts 17-4 PH-tilkoplingar<\/strong> utforma til \u00e5 t\u00e5le ekstrem belastning i krevjande <a href=\"https:\/\/haoyumaterial.com\/nn\/industries\/aerospace\/\">flyindustriapplikasjonar<\/a>.<\/li>\n<li><strong>Olje og gass \/ petrokjemisk:<\/strong> R\u00e5tne offshore- og raffinerimilj\u00f8 krev harde materiale. Vi leverer tungdelsventilstenger, varige pumpeakslar, og sv\u00e6rt p\u00e5litelege <strong>CNC-maskinert 17-4 pumpeforseglingar<\/strong>.<\/li>\n<li><strong>Medisin:<\/strong> Materialet sin styrke og steriliseringsevne gjer det perfekt for <strong>17-4 PH medisinsk utstyrsmaskinering<\/strong>. Vi produserer jamt robuste kirurgiske instrument og slitesterke utstyrskomponentar.<\/li>\n<li><strong>Bil- og maritimt:<\/strong> Fr\u00e5 h\u00f8g misalignment-avstandar og tungt oppsette fj\u00f8rningslenkjer til <strong>presisjonssvinga 17-4 PH-akser<\/strong> til b\u00e5tfj\u00f8lar, verkar denne legeringa godt under tunge mekaniske belastningar og saltvassutsettning.<\/li>\n<\/ul>\n<h2>Kvalitetskontroll for rustfritt st\u00e5llegering 17-4 PH maskinert delar<\/h2>\n<p>Hos Vastmaterial kjenner vi at levere p\u00e5liteleg <strong>rustfritt st\u00e5llegering 17-4 PH-maskinerte delar<\/strong> inneber aldri \u00e5 kappe hj\u00f8rne. N\u00f8yaktig produksjon krev streng tilsyn fr\u00e5 start til slutt. V\u00e5r forplikting til framifr\u00e5e kvalitet g\u00e5r igjen i all v\u00e5r verksemd, byggen p\u00e5 eit solidt fundament av robust <a href=\"https:\/\/haoyumaterial.com\/nn\/alloy-cast-steel-factory-capabilities-processes-and-quality\/\">fabrikkfasilitetar og kvalitetsprosessar<\/a> utforma for \u00e5 m\u00f8te globale marknadskrav.<\/p>\n<h3>Produksjonssertifikat<\/h3>\n<p>Vi st\u00f8ttar v\u00e5re tilpassa 17-4 PH CNC-maskineringstenester med bransjestandardar for \u00e5 sikre at du f\u00e5r n\u00f8yaktig det du treng:<\/p>\n<ul>\n<li><strong>ISO 9001:2015:<\/strong> Sikrar konsekvent, h\u00f8g kvalitet i produksjonen og kontinuerleg prosessforbetring over heile anlegget.<\/li>\n<li><strong>ITAR-registrering:<\/strong> FULLT samsvar og trygg produksjon for forsvars-, romfarts- og milit\u00e6re kontraktar.<\/li>\n<\/ul>\n<h3>Avansert inspeksjon og sporbarheit<\/h3>\n<p>N\u00e5r du kj\u00f8per S17400-alloy presisjonsdeler fr\u00e5 oss, er n\u00f8yaktigheit og ansvar byggje inn i arbeidsflyta:<\/p>\n<ul>\n<li><strong>CMM-inspeksjon:<\/strong> Vi nyttar avanserte koordinatm\u00e5lerar (CMM) for \u00e5 verifisere dei stramaste toleransane og dei mest komplekse geometriane.<\/li>\n<li><strong>Full sporbarheit av materiale:<\/strong> Kvart forsending inkluderer komplette materiale- og pr\u00f8verapporter (MTR-ar) rett fr\u00e5 boksen, som gir deg 100% tillit til materialet som g\u00e5r inn i dei endelige produkta.<\/li>\n<\/ul>\n<h2>FAQ: Stainless steel alloy 17-4 PH maskineri delar<\/h2>\n<h3>-Trenger 17-4 PH forvarming for sveising?<\/h3>\n<p>Nei. V\u00e5re <strong>st\u00e5llegga alloy 17-4 PH maskinerte delar<\/strong> er lett \u00e5 sveise. Du kan fullstendig hoppe over forvarming og ettervarming. Dette gjere montering og fabrikasjon av SAE Type 630 rustfritt st\u00e5l-deler mykje enklare og sv\u00e6rt kostnadseffektivt samanlikna med andre h\u00f8g-styrke-alloyar.<\/p>\n<h3>Kva er levertida for tilpassa 17-4 PH-delar?<\/h3>\n<p>Det kjem an p\u00e5 kompleksiteten i geometrien og storleiken p\u00e5 bestillinga. Generelt sett er standard <strong>tilpassa 17-4 PH CNC-maskinering<\/strong> prosjekt tek om lag 2 til 4 veker. Om din spesifikke ordre krev varmerbehandling for \u00e5 levere <strong>17-4 PH-condition H900 komponentar<\/strong>, bere ta med nokre ekstra dagar for \u00e5 fullf\u00f8re den spesifikke aldringsprosessen internt.<\/p>\n<h3>Han har du hand om prototyping og produksjon i h\u00f8g volum?<\/h3>\n<p>Ja, det gjer vi begge. Vi skalar produksjonen v\u00e5r direkte etter prosjektbehova dine. Vi k\u00f8yrer jamleg sm\u00e5 prototypar_batchar av <strong>S17400-alloy presisjonsdeler<\/strong> til testing, og vi kan s\u00f8ml\u00f8st skifte til massiv produksjon ved \u00e5 bruke v\u00e5re dedikerte 17-4 PH sveitsiske bearbeidingsservicer. Om du framleis vurderer materiale i prototypestadiet, kan vi \u00f2g maskinere <a href=\"https:\/\/haoyumaterial.com\/nn\/product\/410-ss-material\/\">410 rustfritt st\u00e5l<\/a> alternativ slik at du kan teste og samanlikne ulike mekaniske eigenskapar side om side.<\/p>","protected":false},"excerpt":{"rendered":"<p>Tilpassa st\u00e5lnikkellar alloy 17-4 PH maskinerte delar med CNC Swiss-svings toleranser og varmebehandling h\u00f8g styrke korrosjonsbestandighet<\/p>","protected":false},"featured_media":2065,"comment_status":"open","ping_status":"closed","template":"","meta":{"site-sidebar-layout":"default","site-content-layout":"","ast-site-content-layout":"default","site-content-style":"default","site-sidebar-style":"default","ast-global-header-display":"","ast-banner-title-visibility":"","ast-main-header-display":"","ast-hfb-above-header-display":"","ast-hfb-below-header-display":"","ast-hfb-mobile-header-display":"","site-post-title":"","ast-breadcrumbs-content":"","ast-featured-img":"","footer-sml-layout":"","ast-disable-related-posts":"","theme-transparent-header-meta":"default","adv-header-id-meta":"","stick-header-meta":"","header-above-stick-meta":"","header-main-stick-meta":"","header-below-stick-meta":"","astra-migrate-meta-layouts":"set","ast-page-background-enabled":"default","ast-page-background-meta":{"desktop":{"background-color":"var(--ast-global-color-5)","background-image":"","background-repeat":"repeat","background-position":"center center","background-size":"auto","background-attachment":"scroll","background-type":"","background-media":"","overlay-type":"","overlay-color":"","overlay-opacity":"","overlay-gradient":""},"tablet":{"background-color":"","background-image":"","background-repeat":"repeat","background-position":"center center","background-size":"auto","background-attachment":"scroll","background-type":"","background-media":"","overlay-type":"","overlay-color":"","overlay-opacity":"","overlay-gradient":""},"mobile":{"background-color":"","background-image":"","background-repeat":"repeat","background-position":"center center","background-size":"auto","background-attachment":"scroll","background-type":"","background-media":"","overlay-type":"","overlay-color":"","overlay-opacity":"","overlay-gradient":""}},"ast-content-background-meta":{"desktop":{"background-color":"var(--ast-global-color-4)","background-image":"","background-repeat":"repeat","background-position":"center center","background-size":"auto","background-attachment":"scroll","background-type":"","background-media":"","overlay-type":"","overlay-color":"","overlay-opacity":"","overlay-gradient":""},"tablet":{"background-color":"var(--ast-global-color-4)","background-image":"","background-repeat":"repeat","background-position":"center center","background-size":"auto","background-attachment":"scroll","background-type":"","background-media":"","overlay-type":"","overlay-color":"","overlay-opacity":"","overlay-gradient":""},"mobile":{"background-color":"var(--ast-global-color-4)","background-image":"","background-repeat":"repeat","background-position":"center center","background-size":"auto","background-attachment":"scroll","background-type":"","background-media":"","overlay-type":"","overlay-color":"","overlay-opacity":"","overlay-gradient":""}}},"product_brand":[],"product_cat":[17],"product_tag":[],"class_list":{"0":"post-2068","1":"product","2":"type-product","3":"status-publish","4":"has-post-thumbnail","6":"product_cat-stainless-steel","7":"desktop-align-left","8":"tablet-align-left","9":"mobile-align-left","11":"first","12":"instock","13":"shipping-taxable","14":"purchasable","15":"product-type-simple"},"_links":{"self":[{"href":"https:\/\/haoyumaterial.com\/nn\/wp-json\/wp\/v2\/product\/2068","targetHints":{"allow":["GET"]}}],"collection":[{"href":"https:\/\/haoyumaterial.com\/nn\/wp-json\/wp\/v2\/product"}],"about":[{"href":"https:\/\/haoyumaterial.com\/nn\/wp-json\/wp\/v2\/types\/product"}],"replies":[{"embeddable":true,"href":"https:\/\/haoyumaterial.com\/nn\/wp-json\/wp\/v2\/comments?post=2068"}],"wp:featuredmedia":[{"embeddable":true,"href":"https:\/\/haoyumaterial.com\/nn\/wp-json\/wp\/v2\/media\/2065"}],"wp:attachment":[{"href":"https:\/\/haoyumaterial.com\/nn\/wp-json\/wp\/v2\/media?parent=2068"}],"wp:term":[{"taxonomy":"product_brand","embeddable":true,"href":"https:\/\/haoyumaterial.com\/nn\/wp-json\/wp\/v2\/product_brand?post=2068"},{"taxonomy":"product_cat","embeddable":true,"href":"https:\/\/haoyumaterial.com\/nn\/wp-json\/wp\/v2\/product_cat?post=2068"},{"taxonomy":"product_tag","embeddable":true,"href":"https:\/\/haoyumaterial.com\/nn\/wp-json\/wp\/v2\/product_tag?post=2068"}],"curies":[{"name":"wp","href":"https:\/\/api.w.org\/{rel}","templated":true}]}}