{"id":2084,"date":"2026-03-24T11:23:23","date_gmt":"2026-03-24T03:23:23","guid":{"rendered":"https:\/\/haoyumaterial.com\/?post_type=product&#038;p=2084"},"modified":"2026-03-24T11:35:35","modified_gmt":"2026-03-24T03:35:35","slug":"9310-alloy-steel-machined-parts","status":"publish","type":"product","link":"https:\/\/haoyumaterial.com\/nn\/product\/9310-alloy-steel-machined-parts\/","title":{"rendered":"9310 Akselst\u00e5l Maskinerte delar Tilpassa CNC-Produksjon"},"content":{"rendered":"<h2>Kva er AISI 9310 legeringsst\u00e5l?<\/h2>\n<p>Sliter du med \u00e5 finne eit materiale som balanserer h\u00f8g kjernestyrke med ekstraordin\u00e6r slitasjemotstand? <strong>AISI 9310-st\u00e5l<\/strong> er l\u00f8ysinga. Som eit spesialisert lavlegeringsst\u00e5l berika med molybden, nikkel og krom, leverer det den metallurgiske framsyninga som krevjast i kritiske luftfarts- og industrisamanhengar. Vi spesialiserer oss i \u00e5 produsera h\u00f8gtytande <strong>9310 legeringsst\u00e5l maskinerte delar<\/strong> som m\u00f8ter n\u00f8yaktige spesifikasjonar i dagens mest krevjande tekniske milj\u00f8.<\/p>\n<h3>Overlegenheit i forhold til standard karbonst\u00e5l<\/h3>\n<p>Samanlikna med standard karbonst\u00e5l, tilbyr 9310 tydelige tekniske fordelar. Den presise kjemiske samansetninga gir dyptg\u00e5ande yting:<\/p>\n<ul>\n<li><strong>Unik duktilitet:<\/strong> Fiklar brot om farselle slag og p\u00e5verknader.<\/li>\n<li><strong>Forbetra formbarheit:<\/strong> Till\u00e8t komplekse, presise geometriar under tilpassa 9310-st\u00e5l maskinering.<\/li>\n<li><strong>optimalisert varmerespons:<\/strong> Reagerer sv\u00e6rt godt p\u00e5 mekanisk arbeid og spesialisert varmebehandling, og skapar delar med ei hard kjerne og eit slitasjemotst\u00e5ande deksel.<\/li>\n<\/ul>\n<h3>N\u00e6ringsstandardar og svarvingar<\/h3>\n<p>\u00c5 kjenne den n\u00f8yaktige materialeparametriseringa er kritisk for anskaffing og konstruksjonsmessig samsvar. Vi produserer <strong>AMS 6260 bearbeidde delar<\/strong> og komponentar under ulike bransjestandard-salias. Samstundes <strong>UNS G93100<\/strong> er den samlede nummereringssystembetegnelsa, dette materialet vert ofte sertifisert under desse vanlege luftfarts-materialspesifikasjonane:<\/p>\n<ul>\n<li><strong>AMS 6260G<\/strong> * <strong>AMS 6265C<\/strong> (vanlegvis spesifisert som <strong>AMS 6265 aluminumsst\u00e5l<\/strong>)<\/li>\n<li><strong>AMS 6267A<\/strong><\/li>\n<\/ul>\n<p>Ved \u00e5 forst\u00e5 dei eksakte metallurgiske \u00e5tferdene til dette l\u00e5galjots-st\u00e5let, sikrar vi at komponentane dine ytast feilfritt under ekstreme p\u00e5kjenningar.<\/p>\n<h2>Vastmaterials 9310 st\u00e5l-maskineriingskapasitetar<\/h2>\n<h2><img loading=\"lazy\" decoding=\"async\" class=\"alignnone wp-image-2078\" src=\"https:\/\/haoyumaterial.com\/wp-content\/uploads\/2026\/03\/9130_Alloy_Steel_Precision_Machined_Parts_FV5HsvKO-300x300.webp\" alt=\"\" width=\"832\" height=\"832\" srcset=\"https:\/\/haoyumaterial.com\/wp-content\/uploads\/2026\/03\/9130_Alloy_Steel_Precision_Machined_Parts_FV5HsvKO-300x300.webp 300w, https:\/\/haoyumaterial.com\/wp-content\/uploads\/2026\/03\/9130_Alloy_Steel_Precision_Machined_Parts_FV5HsvKO-150x150.webp 150w, https:\/\/haoyumaterial.com\/wp-content\/uploads\/2026\/03\/9130_Alloy_Steel_Precision_Machined_Parts_FV5HsvKO-768x768.webp 768w, https:\/\/haoyumaterial.com\/wp-content\/uploads\/2026\/03\/9130_Alloy_Steel_Precision_Machined_Parts_FV5HsvKO-12x12.webp 12w, https:\/\/haoyumaterial.com\/wp-content\/uploads\/2026\/03\/9130_Alloy_Steel_Precision_Machined_Parts_FV5HsvKO-600x600.webp 600w, https:\/\/haoyumaterial.com\/wp-content\/uploads\/2026\/03\/9130_Alloy_Steel_Precision_Machined_Parts_FV5HsvKO-100x100.webp 100w, https:\/\/haoyumaterial.com\/wp-content\/uploads\/2026\/03\/9130_Alloy_Steel_Precision_Machined_Parts_FV5HsvKO.webp 1024w\" sizes=\"auto, (max-width: 832px) 100vw, 832px\" \/><\/h2>\n<p>&nbsp;<\/p>\n<p>Hos Vastmaterial tilbyr vi spesialistent p\u00e5 \u00e5 produsere presisjons <strong>9310 legeringsst\u00e5l maskinerte delar<\/strong> construkturar som er bygd for strenge globale bruksomr\u00e5de. Vi konfigurerer v\u00e5re avanserte CNC-t\u00f8rrings- og frese-sentERRAR spesifikt for \u00e5 handtere den iboende sejlikeh\u00e5nden til dette materialet. Akkurat som vi legg vekt p\u00e5 strategisk verkt\u00f8ybane og feeds-styring i v\u00e5re <a href=\"https:\/\/haoyumaterial.com\/nn\/stainless-steel-cnc-machining-guide-material-choice-and-optimization\/\">CNC-maskineringsmaterialoptimalisering<\/a> prosedyre, tilpassar vi heile oppsettet v\u00e5rt slik at det samsvarar med 9310 sine n\u00f8yaktige spesifikasjonar.<\/p>\n<h3>9310-st\u00e5lmaskineringsfokus<\/h3>\n<p>AISI 9310 har generelt ein grunnleggande maskineringsgrad p\u00e5 omtrent 50% samanlikna med standard frie-maskineringskolsst\u00e5l. For \u00e5 levere feilfritt skreddarsy invno 9310-st\u00e5l-maskinering, tek vi fullt kontroll over maskineringsparametera:<\/p>\n<ul>\n<li><strong>Optimaliserte kuttinghastigheter:<\/strong> Vi finjusterer spindelhastigheiter for \u00e5 redusere termisk oppbygging, og sikre materialstyrke og auke verkt\u00f8yliv.<\/li>\n<li><strong>H\u00e5ndterte kuttekrav:<\/strong> Ved \u00e5 balansera fr\u00f8ingshastigheiter og nytta stiv arbeidsfesting unng\u00e5r vi verkt\u00f8ydefleksjon og oppn\u00e5r jamn presisjon p\u00e5 tvers av komplekse, kraftige delar.<\/li>\n<\/ul>\n<h3>Bevissa maskinering omlagningar<\/h3>\n<p>For \u00e5 f\u00e5 n\u00f8yaktig ytelse som prosjektet krev, f\u00f8lgjer vi strenge interne retningslinjer for CNC-maskinering av l\u00e5g-legerte st\u00e5l.<\/p>\n<ul>\n<li><strong>Normalisert og temperert tilstand:<\/strong> Vi utf\u00f8rar v\u00e5re prim\u00e6re maskineringsoperasjonar medan 9310-legeringa er i den normaliserte og tempererte tilstanden.<\/li>\n<li><strong>Dimensjonell n\u00f8yaktigheit:<\/strong> \u00c5 skjera dette materialet i denne spesifikke tilstanden er v\u00e5r beviste metode for \u00e5 sikre dei strammaste toleransane utan intern spenning.<\/li>\n<li><strong>Premium overflatefinish:<\/strong> Denne tiln\u00e6rminga gir direkte eit jamnare, feilfrijete overflate som er perfekt f\u00f8rebudd for endeleg case-harding og avslutningsoperasjonar.<\/li>\n<\/ul>\n<h2>Tekniske spesifikasjonar og materialeigenskapar<\/h2>\n<p>N\u00e5r vi produserer <strong>9310 legeringsst\u00e5l maskinerte delar<\/strong>, forst\u00e5ing av den n\u00f8yaktige samansetninga av metallet er essensiell. Den imponerande ytinga av <strong>AISI 9310<\/strong> kjem ned til sitt presise blandingsforhold av element som gjev h\u00f8g kjernebryst og samtidig utmerka seighet. Grunna desse spesifikke eigenskapa justerer vi n\u00f8ye skj\u00e6rehastigheitene og handterer kuttekrav under v\u00e5re <a href=\"https:\/\/haoyumaterial.com\/nn\/product\/custom-cnc-machining-parts-precision-tight-tolerance-services\/\">tilpassa CNC-maskineringsdeler<\/a> prosessar for \u00e5 sikre presis dimensjonal n\u00f8jaktigheit.<\/p>\n<h3>9310-st\u00e5l kjemisk samansetning<\/h3>\n<p>Har <strong>kjemisk samansetjing<\/strong> av dette l\u00e5g-legerte st\u00e5let er berika med spesifikke element for \u00e5 auka varigheit og respons p\u00e5 varmebehandling.<\/p>\n<table>\n<thead>\n<tr>\n<th style=\"text-align: left;\">Element<\/th>\n<th style=\"text-align: left;\">Prosentdel (%)<\/th>\n<\/tr>\n<\/thead>\n<tbody>\n<tr>\n<td style=\"text-align: left;\"><strong>Karbon (C)<\/strong><\/td>\n<td style=\"text-align: left;\">0.08 \u2013 0.13<\/td>\n<\/tr>\n<tr>\n<td style=\"text-align: left;\"><strong>Mangane (Mn)<\/strong><\/td>\n<td style=\"text-align: left;\">0.45 \u2013 0.65<\/td>\n<\/tr>\n<tr>\n<td style=\"text-align: left;\"><strong>Silisium (Si)<\/strong><\/td>\n<td style=\"text-align: left;\">0,15 \u2013 0,30<\/td>\n<\/tr>\n<tr>\n<td style=\"text-align: left;\"><strong>Nikkel (Ni)<\/strong><\/td>\n<td style=\"text-align: left;\">3.00 \u2013 3.50<\/td>\n<\/tr>\n<tr>\n<td style=\"text-align: left;\"><strong>Krom (Cr)<\/strong><\/td>\n<td style=\"text-align: left;\">1.00 \u2013 1.40<\/td>\n<\/tr>\n<tr>\n<td style=\"text-align: left;\"><strong>Molibden (Mo)<\/strong><\/td>\n<td style=\"text-align: left;\">0.08 \u2013 0.15<\/td>\n<\/tr>\n<\/tbody>\n<\/table>\n<h3>9310-leggje mekaniske eigenskapar<\/h3>\n<p>Har <strong>mekaniske eigenskapar<\/strong> av 9310-st\u00e5l gjer det til eit framifr\u00e5 val for tunge bruksomr\u00e5de. Det gir eit p\u00e5liteleg balansering av styrke og fleksibilitet.<\/p>\n<ul>\n<li><strong>Trettheitsstyrke:<\/strong> Eksepsjonelt h\u00f8g, slik at komponentar kan t\u00e5le tunge trekk-krefter utan \u00e5 svike.<\/li>\n<li><strong>Ytelsesstyrke:<\/strong> -Gjev ei h\u00f8g terskel f\u00f8r permanent deformasjon oppst\u00e5r under p\u00e5verkan av stress.<\/li>\n<li><strong>Duktilitet:<\/strong> Oppretheld utmerka <strong>duktilitet<\/strong> og elongasjon, som hindrar br\u00e5brot n\u00e5r det vert utsett for st\u00f8tbelastningar.<\/li>\n<li><strong>Sveiseevne:<\/strong> Det held bra <strong>Sveiseevne<\/strong> samanlikna med andre h\u00f8gstyrke luftfartslegeringar, noko som gjere sekund\u00e6r montering enkelt.<\/li>\n<\/ul>\n<h3>H\u00e5rdleiks-omr\u00e5de<\/h3>\n<p>Ein stor fordel med dette materialet er dets allsidige <strong>hardheitsomr\u00e5de<\/strong>. Gjennom overflateherdingprosesser som karburering kan vi oppn\u00e5 ein dobbel-hardhetprofil som er ideell for komponentar med h\u00f8g slitasje.<\/p>\n<ul>\n<li><strong>K\u00e5seh\u00e5rding:<\/strong> Vi kan n\u00e5 ei herda overflate p\u00e5 <strong>60\u201362 HRc<\/strong>, som gjev utruleg motstand mot slitasje og avskaling.<\/li>\n<li><strong>Kjerneh\u00e5rding:<\/strong> medan utsida er hard, er kjernen enno mjukare og meir motstandsdyktig for \u00e5 ta opp slag og motst\u00e5 strukturfatigue.<\/li>\n<\/ul>\n<h2>Varmebehandling og fremstillingsprosessar<\/h2>\n<p>For \u00e5 f\u00e5 best mogleg ytelse ut av v\u00e5rt 9310-alloy st\u00e5l-maskinerte delar, presis varmebehandling er uforhandla. Vi handsamar dei termiske syklusane tett for \u00e5 sikre at materialet n\u00e5r dei n\u00f8yaktige mekaniske eigenskapane som krevst for tungtbruk.<\/p>\n<h3>Standard Anl\u00f8yping (Annealing) &amp; Temperering<\/h3>\n<p>\u00c5 f\u00e5 baselinen rett gjer stor skilnad for stabiliteten til sluttproduktet.<\/p>\n<ul>\n<li><strong>Annelering:<\/strong> Vi varmar AISI 9310-st\u00e5let til <strong>857\u00b0C (1575\u00b0F)<\/strong>, f\u00f8lgd av ei langsom, kontrollert avkj\u00f8ling i kjelen. Denne Steg gjere metallet mjukt, og klargjer det for n\u00f8yaktig og effektiv maskinering.<\/li>\n<li><strong>T\u00f8yning:<\/strong> Etter den innleiande temperinga, temperament vi delar ved <strong>149\u00b0C (300\u00b0F)<\/strong>. Dette lindrar indre spenningar medan det l\u00e5ser m\u00e5ltilstanden i hardleiksskapet.<\/li>\n<\/ul>\n<h3>Avansert 9310-st\u00e5l varmebehandling<\/h3>\n<p>For kritiske komponentar som produksjon av h\u00f8gstressa tannhjul, reint standardprosedyrar er ikkje tilstrekkelege. Vi bruker avanserte pseudo-karburering og isostatisk heldeteknikker. Dette forbetrar mikrostrukturen, og gjev delen eit seig kjerne og eit s\u00e6rs slitestabilt tilf\u00f8rande skall som kan takle ekstremt utmatting. Akkurat som vi legg vekt p\u00e5 streng kontroll i andre <a href=\"https:\/\/haoyumaterial.com\/nn\/casting-stainless-steel-guide-high-precision-processes-and-alloys\/\">h\u00f8gorge- presisjonsprosessar og legeringar<\/a>, blir det \u00e5 handtere dei eksakte temperaturhaldinga for 9310 som garanterer p\u00e5liteleg f\u00f8retreing i feltet.<\/p>\n<h3>Smidbarheit og forming<\/h3>\n<p>Du m\u00e5 ikkje ofre arbeiddbarheita for \u00e5 oppn\u00e5 h\u00f8g styrke.<\/p>\n<ul>\n<li><strong>Utmerka smidbarheit:<\/strong> Legeringa passar s\u00e6rs godt til etablerte sveisprosedyre, noko som gjer montering enkel.<\/li>\n<li><strong>Behaldna duktilitet:<\/strong> Viss ikkje etter aggressive snabbting- og tempereringar, held desse komponentane fram med framifr\u00e5 duktilitet og vernar mot kjempebrot under tungt slag.<\/li>\n<li><strong>P\u00e5liteleg forming:<\/strong> Materialet svarar f\u00f8reseieleg ved framstilling, og let oss forma komplekse geometriar utan \u00e5 g\u00e5 p\u00e5 akkord med st\u00e5lets struktur.<\/li>\n<\/ul>\n<h2>Typiske bruksomr\u00e5de for 9310 bearbeidde komponentar<\/h2>\n<p>N\u00e5r prosjektet ditt krev komponentar som kan overleva ekstrem belastning, <strong>AISI 9310<\/strong> er referansepunktet. P\u00e5 grunn av det enest\u00e5ende <strong>strekkstyrke<\/strong> og kjerne <strong>duktilitet<\/strong>, produserer vi <strong>9310 legeringsst\u00e5l maskinerte delar<\/strong> for sektorar der ytelse og p\u00e5litelegheit er kritisk.<\/p>\n<p>Mens nokre industrielle anvendingar fungerer utmerka med standard <a href=\"https:\/\/haoyumaterial.com\/nn\/product\/8620-alloy-steel-machined-parts\/\">8620 legert st\u00e5l maskinerte deler<\/a>, 9310 er konstruert spesifikt for kompromisslause, h\u00f8g-belastningsmilj\u00f8.<\/p>\n<p>Vi freistar regelmessig \u00e5 maskinere dette h\u00f8gtytande lav-alloy st\u00e5l for f\u00f8lgjande krevjande bruksomr\u00e5de:<\/p>\n<ul>\n<li><strong>Kritiske flymotorar-gear:<\/strong> Tilf\u00f8rer den h\u00f8ge kjernestyrken og tretningsmotstand som krevast for romfartsfremdriftssystem.<\/li>\n<li><strong>Tunge kraftoverf\u00f8ringsakslar:<\/strong> Bygd for \u00e5 t\u00e5le massiv dreiemoment og kontinuerlege tunge mekaniske belastningar.<\/li>\n<li><strong>Toppar og clutcdelar til stempel:<\/strong> Gir maks slitasjemotstand og seighet under konstant, h\u00f8gfriksjonssykling.<\/li>\n<li><strong>Rotordelar til roterande vingar:<\/strong> Sikrar absolut tryggleik og strukturell integritet i helikopterrotasjonsanlegg.<\/li>\n<\/ul>\n<h2>Kvifor velje Vastmaterial for 9310 legerst\u00f8pte delar som er maskinerte?<\/h2>\n<p>N\u00e5r du treng sv\u00e6rt p\u00e5litelege <strong>9310 legeringsst\u00e5l maskinerte delar<\/strong>, leverer vi presisjon og jamnleik som du kan stolar p\u00e5. Vi handterer heile produksjonssyklusen slik at du ikkje treng \u00e5 uroa deg for forbetringsgap i leverandorkjeda eller kvalitetsnedgang.<\/p>\n<h3>Kravlaus kvalitetssikring<\/h3>\n<p>Vi tek milit\u00e6re og romfartsspesifikasjonar p\u00e5 alvor. Alle komponentar vi produserer er bygd for \u00e5 sikre framifr\u00e5 overflatestruktur og h\u00f8g kjernestyrke.<\/p>\n<ul>\n<li><strong>Streng etterleving:<\/strong> V\u00e5re aktivitetar er fullstendig DFARS-etterleving og n\u00e6rmar seg MIL-S-7393-standardane.<\/li>\n<li><strong>Complete sporbarheit:<\/strong> Vi f\u00f8rer 100%-materialsporbarheit fr\u00e5 det tidspunktet r\u00e5vare kjem inn til den endelige leveransen av delane dine.<\/li>\n<\/ul>\n<h3>Heilt fr\u00e5 start til slutt skreddarsydd 9310-st\u00e5lmaskinering<\/h3>\n<p>Vi handterer prosjektet ditt fr\u00e5 start til slutt. Like sikkert som vi sikrar eksakte toleransar for v\u00e5r <a href=\"https:\/\/haoyumaterial.com\/nn\/product\/4340-alloy-steel-machined-parts\/\">4340-alloySt\u00e5l maskinerte delar<\/a>, v\u00e5r tiln\u00e6rming til 9310-st\u00e5l gir maksimal p\u00e5litelegheit i kritiske bruksomr\u00e5de.<\/p>\n<ul>\n<li><strong>Premium-innkj\u00f8p:<\/strong> Vi sikrar r\u00e5material av toppkvalitet, inkludert Premium Aircraft Quality Vacuum Arc Remelt (VAR) 9310, for \u00e5 maksimere utmatingsmotstand og duktilitet.<\/li>\n<li><strong>Streng inspeksjon:<\/strong> V\u00e5re kvalitetssikrings-telefonar verifiserer den eksakte hardheitsrekka, strekkstyrke og dimensjonal n\u00f8yaktigheit f\u00f8r noko blir sendt.<\/li>\n<\/ul>\n<h3>V\u00e5re 9310-maskineringsfordelar<\/h3>\n<table>\n<thead>\n<tr>\n<th style=\"text-align: left;\">Tenesteomr\u00e5de<\/th>\n<th style=\"text-align: left;\">Kva vi leverer<\/th>\n<\/tr>\n<\/thead>\n<tbody>\n<tr>\n<td style=\"text-align: left;\"><strong>Materialinnkj\u00f8p<\/strong><\/td>\n<td style=\"text-align: left;\">Premium Aircraft Quality VAR 9310<\/td>\n<\/tr>\n<tr>\n<td style=\"text-align: left;\"><strong>Industriens standardar<\/strong><\/td>\n<td style=\"text-align: left;\">DFARS-etterleving, MIL-S-7393-samsvar<\/td>\n<\/tr>\n<tr>\n<td style=\"text-align: left;\"><strong>Kvalitetskontroll<\/strong><\/td>\n<td style=\"text-align: left;\">Streng materialsporbarheit og full inspeksjon<\/td>\n<\/tr>\n<tr>\n<td style=\"text-align: left;\"><strong>Evner<\/strong><\/td>\n<td style=\"text-align: left;\">Heilt fr\u00e5 start til slutt skreddarsydd 9310-st\u00e5lmaskinering<\/td>\n<\/tr>\n<\/tbody>\n<\/table>\n<h2>FAQ: 9310-alloy-st\u00e5l maskinerte delar<\/h2>\n<h3>Kva er machinability-poenget til AISI 9310?<\/h3>\n<p>Standard machinability-rating er omtrent 50% samanlikna med B1112-st\u00e5l. P\u00e5 grunn av legeringa sin robuste <strong>mekaniske eigenskapar<\/strong>, ,held vi oss til spesialisert CNC-programmering. Ved \u00e5 strikt optimere v\u00e5rt <strong>skj\u00e6rehastigheter<\/strong> og styre dei tunge <strong>kuttekreftene<\/strong> som blir genererte ved fresing og dreining, sikrar vi presise toleransar og glatte overflatefinishar.<\/p>\n<h3>Kan 9310-st\u00e5l heftar med casings?<\/h3>\n<p>Ja, det er med vilje utforma for dette. Vi produserer ofte <strong>9310 casingsamansatt-komponentar<\/strong> fordi materialet reagerer utruleg godt p\u00e5 karburering.<\/p>\n<ul>\n<li><strong>Overflate:<\/strong> Oppn\u00e5r eit toppniv\u00e5 <strong>hardheitsomr\u00e5de<\/strong> p\u00e5 60\u201362 HRC for ekstrem slitestyrke.<\/li>\n<li><strong>Kjerne:<\/strong> Oppretheld framifr\u00e5 <strong>duktilitet<\/strong> og h\u00f8g <strong>strekkstyrke<\/strong> for \u00e5 absorbere tunge slagbelastningar utan \u00e5 sprakkje.<\/li>\n<\/ul>\n<h3>AMS 6260 vs AMS 6265: Kva er skilnaden?<\/h3>\n<p>Begge luftfarts-merkingsnamn refererer til <strong>AISI 9310<\/strong>. Dei deler n\u00f8jaktig det same <strong>kjemisk samansetjing<\/strong> og bra <strong>Sveiseevne<\/strong>, men dei skil seg i korleis r\u00e5st\u00e5let blir smelta:<\/p>\n<ul>\n<li><strong>AMS 6260:<\/strong> Standard luft-smelta legeringsst\u00e5l, eigna for dei fleste tunge og luftfartsbearbeidde delar.<\/li>\n<li><strong>AMS 6265:<\/strong> Brukar <strong>Vacuum Arc Remelt (VAR) 9310<\/strong> prosessen. Denne sekund\u00e6re smelta fjerner mikroskopiske urenheiter, og betre slitasjelevetida drastisk for sv\u00e6rt tilspissa komponentar som tannhjul til flymotorar.<\/li>\n<\/ul>\n<p>Om di konkrete bruk krev h\u00f8g korrosjonsbestandigheit heller enn den ytterste kjernekjerptinga til 9310, kan utforsking av eigenskapane og bruken av <a href=\"https:\/\/haoyumaterial.com\/nn\/what-is-400-series-stainless-steel-properties-uses-grades\/\">400-serien rustfritt st\u00e5l<\/a> konto gi eit solid alternativ for din neste produksjonsrunde.<\/p>","protected":false},"excerpt":{"rendered":"<p>Tilpassa 9310 legeringsst\u00e5l maskinerte delar med CNC-presisjon h\u00f8g kjernestyrke varmebehandling og luftfartsgrad kvalitet<\/p>","protected":false},"featured_media":2082,"comment_status":"open","ping_status":"closed","template":"","meta":{"site-sidebar-layout":"default","site-content-layout":"","ast-site-content-layout":"default","site-content-style":"default","site-sidebar-style":"default","ast-global-header-display":"","ast-banner-title-visibility":"","ast-main-header-display":"","ast-hfb-above-header-display":"","ast-hfb-below-header-display":"","ast-hfb-mobile-header-display":"","site-post-title":"","ast-breadcrumbs-content":"","ast-featured-img":"","footer-sml-layout":"","ast-disable-related-posts":"","theme-transparent-header-meta":"default","adv-header-id-meta":"","stick-header-meta":"","header-above-stick-meta":"","header-main-stick-meta":"","header-below-stick-meta":"","astra-migrate-meta-layouts":"set","ast-page-background-enabled":"default","ast-page-background-meta":{"desktop":{"background-color":"var(--ast-global-color-5)","background-image":"","background-repeat":"repeat","background-position":"center center","background-size":"auto","background-attachment":"scroll","background-type":"","background-media":"","overlay-type":"","overlay-color":"","overlay-opacity":"","overlay-gradient":""},"tablet":{"background-color":"","background-image":"","background-repeat":"repeat","background-position":"center center","background-size":"auto","background-attachment":"scroll","background-type":"","background-media":"","overlay-type":"","overlay-color":"","overlay-opacity":"","overlay-gradient":""},"mobile":{"background-color":"","background-image":"","background-repeat":"repeat","background-position":"center center","background-size":"auto","background-attachment":"scroll","background-type":"","background-media":"","overlay-type":"","overlay-color":"","overlay-opacity":"","overlay-gradient":""}},"ast-content-background-meta":{"desktop":{"background-color":"var(--ast-global-color-4)","background-image":"","background-repeat":"repeat","background-position":"center center","background-size":"auto","background-attachment":"scroll","background-type":"","background-media":"","overlay-type":"","overlay-color":"","overlay-opacity":"","overlay-gradient":""},"tablet":{"background-color":"var(--ast-global-color-4)","background-image":"","background-repeat":"repeat","background-position":"center center","background-size":"auto","background-attachment":"scroll","background-type":"","background-media":"","overlay-type":"","overlay-color":"","overlay-opacity":"","overlay-gradient":""},"mobile":{"background-color":"var(--ast-global-color-4)","background-image":"","background-repeat":"repeat","background-position":"center center","background-size":"auto","background-attachment":"scroll","background-type":"","background-media":"","overlay-type":"","overlay-color":"","overlay-opacity":"","overlay-gradient":""}}},"product_brand":[],"product_cat":[17,18],"product_tag":[],"class_list":{"0":"post-2084","1":"product","2":"type-product","3":"status-publish","4":"has-post-thumbnail","6":"product_cat-stainless-steel","7":"product_cat-alloy-steel","8":"desktop-align-left","9":"tablet-align-left","10":"mobile-align-left","12":"first","13":"instock","14":"shipping-taxable","15":"purchasable","16":"product-type-simple"},"_links":{"self":[{"href":"https:\/\/haoyumaterial.com\/nn\/wp-json\/wp\/v2\/product\/2084","targetHints":{"allow":["GET"]}}],"collection":[{"href":"https:\/\/haoyumaterial.com\/nn\/wp-json\/wp\/v2\/product"}],"about":[{"href":"https:\/\/haoyumaterial.com\/nn\/wp-json\/wp\/v2\/types\/product"}],"replies":[{"embeddable":true,"href":"https:\/\/haoyumaterial.com\/nn\/wp-json\/wp\/v2\/comments?post=2084"}],"wp:featuredmedia":[{"embeddable":true,"href":"https:\/\/haoyumaterial.com\/nn\/wp-json\/wp\/v2\/media\/2082"}],"wp:attachment":[{"href":"https:\/\/haoyumaterial.com\/nn\/wp-json\/wp\/v2\/media?parent=2084"}],"wp:term":[{"taxonomy":"product_brand","embeddable":true,"href":"https:\/\/haoyumaterial.com\/nn\/wp-json\/wp\/v2\/product_brand?post=2084"},{"taxonomy":"product_cat","embeddable":true,"href":"https:\/\/haoyumaterial.com\/nn\/wp-json\/wp\/v2\/product_cat?post=2084"},{"taxonomy":"product_tag","embeddable":true,"href":"https:\/\/haoyumaterial.com\/nn\/wp-json\/wp\/v2\/product_tag?post=2084"}],"curies":[{"name":"wp","href":"https:\/\/api.w.org\/{rel}","templated":true}]}}