{"id":2102,"date":"2026-03-28T10:01:16","date_gmt":"2026-03-28T02:01:16","guid":{"rendered":"https:\/\/haoyumaterial.com\/?post_type=product&#038;p=2102"},"modified":"2026-03-28T21:00:31","modified_gmt":"2026-03-28T13:00:31","slug":"1117-low-carbon-steel-precision-machining-services","status":"publish","type":"product","link":"https:\/\/haoyumaterial.com\/nn\/product\/1117-low-carbon-steel-precision-machining-services\/","title":{"rendered":"1117 L\u00e5gkarbonst\u00e5l presisjonssk\u00e6ringstenester"},"content":{"rendered":"<h2>Forst\u00e5else av 1117 l\u00e5gkarbonst\u00e5l<\/h2>\n<p>N\u00e5r det kjem til produksjon av komponentar av h\u00f8g kvalitet, er valet av riktig materiale avgjerande. Vi leverer toppkvalitet <strong>1117 l\u00e5gkarbonst\u00e5l presisjonssk\u00e6ringstenester<\/strong>, og leverer h\u00f8gtytande delar som oppfyler stringente industri-standardar. \u00c5 forst\u00e5 kjernekarakteristikkane til dette materialet er f\u00f8rste steg mot \u00e5 optimere produksjonslinja di og redusere samla produksjonskostnader.<\/p>\n<h3>Kva er 1117-st\u00e5l?<\/h3>\n<p>1117-st\u00e5l er eit l\u00e5gkarbon-, h\u00f8gmangan-, sulfereringskjemisk st\u00e5l. Det er spesielt utvikla for fri maskinering, og er eit utmerka val for rask, volumsterk produksjon. Den bevisste tilsetjinga av sulfar forbetrar kutteinndeling under maskinering, slik at ein f\u00e5r raskare skj\u00e6ringshastigheter, redusert verkt\u00f8yslitasje og ein sv\u00e6rt konsekvent produksjonssyklus.<\/p>\n<h3>Viktige materialeigenskapar og spesifikasjonar<\/h3>\n<p>Den unike kjemiske samansetninga av 1117 avgjer den framifr\u00e5 prestasjonen p\u00e5 verkstadsgolvet. Han balanserer perfekt h\u00f8g maskin\u00e9rbarheit med strukturell integritet, og gjer det til det ideelle r\u00e5materialet for \u00e5 skapa intrikate <strong>1117 l\u00e5gkarbonst\u00e5l presisjonsmaskinera delar<\/strong>.<\/p>\n<table>\n<thead>\n<tr>\n<th style=\"text-align: left;\">Spesifikasjon<\/th>\n<th style=\"text-align: left;\">Kjemisk samansetning \/ Vurdering<\/th>\n<\/tr>\n<\/thead>\n<tbody>\n<tr>\n<td style=\"text-align: left;\"><strong>Karbon (C)<\/strong><\/td>\n<td style=\"text-align: left;\">0.14% \u2013 0.20%<\/td>\n<\/tr>\n<tr>\n<td style=\"text-align: left;\"><strong>Mangane (Mn)<\/strong><\/td>\n<td style=\"text-align: left;\">1.00% \u2013 1.30%<\/td>\n<\/tr>\n<tr>\n<td style=\"text-align: left;\"><strong>Sulf (S)<\/strong><\/td>\n<td style=\"text-align: left;\">0.08% \u2013 0.13%<\/td>\n<\/tr>\n<tr>\n<td style=\"text-align: left;\"><strong>Fosfor (P)<\/strong><\/td>\n<td style=\"text-align: left;\">0.04% Max<\/td>\n<\/tr>\n<tr>\n<td style=\"text-align: left;\"><strong>Maskineringsgrad<\/strong><\/td>\n<td style=\"text-align: left;\">~85% (Relativt til 1212-st\u00e5l)<\/td>\n<\/tr>\n<\/tbody>\n<\/table>\n<h3>Maskineringsevne og holdbarheit<\/h3>\n<p>Til tross for sin framifr\u00e5e maskinbarheitsvurdering, g\u00e5r ikkje 1117-st\u00e5l p\u00e5 kompromiss med strukturell yting. Det gir p\u00e5liteleg mekanisk styrke og langvarig haldbarheit for ei rekke krevjande industrielle bruksomr\u00e5de.<\/p>\n<ul>\n<li><strong>P\u00e5liteleg ytingsevne:<\/strong> Gjev framifr\u00e5 motstand mot fysisk deformasjon under driftstrykk.<\/li>\n<li><strong>Kjerne-dyktighet:<\/strong> Det spesifikke l\u00e5ge karboninnhaldet sikrar at kjerneinnm sandblir hard, st\u00f8tdempar og duktil.<\/li>\n<li><strong>Overflatestrukturert herdingsevne:<\/strong> Svarar framifr\u00e5 godt p\u00e5 karburering og andre overflatevarmebehandlingar, noko som gjev eit s\u00e6rs hardt, svergslagrande ytre skal.<\/li>\n<li><strong>Overlegen overflatefinish:<\/strong> Naturlig oppn\u00e5r ei glatt, rein finish direkte fr\u00e5 CNC-maskina, noko som reduserer behovet for sekund\u00e6r poleringsoperasjonar.<\/li>\n<\/ul>\n<h2>1117 L\u00e5gkarbonst\u00e5l presisjonssk\u00e6ringstenester<\/h2>\n<p>Vi er eit selskap som tilbyr presisjonsbearbeidingstenester for 1117 l\u00e5gt karbonst\u00e5l, og leverer p\u00e5litelege, h\u00f8gkvalitative l\u00f8ysingar for globale bransjar. V\u00e5re anlegg er utstyrte til \u00e5 omforma r\u00e5tt 1117-lager til fullf\u00f8re komponentar som m\u00f8ter n\u00f8yaktige spesifikasjonar.<\/p>\n<h3>Skreddarsydde CNC-bearbeidingsmoglegheiter<\/h3>\n<p>V\u00e5re avanserte CNC-snu- og fresemilj\u00f8 er bygd for allsidigheit og hastigheit. Enten prosjektet ditt krev enkel boring eller kompleks, multiaksegeometri, har vi teknologien til \u00e5 f\u00e5 det til \u00e5 skje. I likskap med n\u00f8yaktige prosessar for <a href=\"https:\/\/haoyumaterial.com\/nn\/product\/4340-alloy-steel-machined-parts\/\">4340-alloySt\u00e5l maskinerte delar<\/a>, er v\u00e5re skreddarsyde CNC-innstillingar programerte for \u00e5 maksimere den naturlege arbeidbarheita til 1117-st\u00e5l.<\/p>\n<ul>\n<li><strong>Avansert CNC-snuing og fresing:<\/strong> Handterer komplekse geometria utan problem.<\/li>\n<li><strong>Rask oppsett:<\/strong> Rask overgang fr\u00e5 digitale CAD-filer til fysisk produksjon.<\/li>\n<li><strong>Skreddarsydde Verkt\u00f8ystiar:<\/strong> Optimalisert for dei spesifikke kutt- og sprekkfunksjonane til 1117-st\u00e5l.<\/li>\n<\/ul>\n<h3>Oppn\u00e5 sn\u00f8gare toleransar for presisjonsdelar<\/h3>\n<p>N\u00f8yaktigheit er ikkje forhandla om i moderne produksjon. Sidan dette materialet kappast s\u00e5 reinleg, kan vi p\u00e5liteleg treffe strenge dimensjonskrav gjennom heile produksjonsl\u00f8pet. Vi garanterer at dine 1117 l\u00e5gnitriske st\u00e5l presisjonsbearbeida delar vil monterast s\u00f8ml\u00f8st inn i sluttproduktet ditt.<\/p>\n<ul>\n<li><strong>Mikron-niv\u00e5 N\u00f8yaktigheit:<\/strong> Gjennomf\u00f8rer konsekvent strenge industritoleransar.<\/li>\n<li><strong>Glatt overflatefinisering:<\/strong> Leverer utmerka overflatekvalitet utanom maskin.<\/li>\n<li><strong>Grundig inspeksjon:<\/strong> Veker avsett marg blir verifisert for \u00e5 samsvare med exakt teikning.<\/li>\n<\/ul>\n<h3>Maskineringseffektivitet og produksjonsl\u00f8p<\/h3>\n<p>Tid er pengar. 1117-st\u00e5l har eit framifr\u00e5 maskineringsevne-klassifisering, som let oss kj\u00f8re utstyret v\u00e5rt i h\u00f8gare hastigheiter samtidig som verkt\u00f8ylevetida blir forlenga. Denne effektiviteten g\u00e5r direkte over i kortare leveringstid og betre prising for prosjekta dine.<\/p>\n<ul>\n<li><strong>Rask prototyping:<\/strong> F\u00e5 dei f\u00f8rste testkomponentane raskt.<\/li>\n<li><strong>S\u00f8ml\u00f8s skalering:<\/strong> Enkelt \u00e5 g\u00e5 fr\u00e5 eit dusin prototyper til titusenar av einingar.<\/li>\n<li><strong>Kostnadseffektive operasjonar:<\/strong> Redusert maskinheits brukt og raskare syklusarheld kostnadane innanfor budsjettet ditt.<\/li>\n<\/ul>\n<h2>Fordeler med Maskinering av 1117-st\u00e5l<\/h2>\n<p>Vi er eit selskap som tilbyr presisjonsmaskinerings tenester for 1117 l\u00e5gnitriske st\u00e5l, og vi ser f\u00f8rstehand hvorfor ingeni\u00f8rar konsekvent spesifiserer dette materialet. Det gir ei ideell balanse mellom r\u00e5 arbeidsbarheit og kjernestyrke, noko som gjer det sv\u00e6rt kostnadseffektivt \u00e5 produsere p\u00e5litelege 1117 l\u00e5gnitriske st\u00e5l presisjonsbearbeidde delar i stor skala.<\/p>\n<h3>S\u00e6rskilde maskineringsevner<\/h3>\n<p>Takk v\u00e6re det h\u00f8gare manganinnhaldet maskin 1117-st\u00e5l ufatteleg bra samanlikna med standard l\u00e5gnitriske grade.<\/p>\n<ul>\n<li>**Raskare<strong>Raskare Kapphastigheiter:<\/strong> Gjev h\u00f8ge fjerningar av materia, som gjer produksjonstida kortare.<\/li>\n<li><strong>rein fraksjonspalling:<\/strong> Produserer sm\u00e5 flis som klarar seg lett, noko som reduserer slitasje p\u00e5 CNC-skjeringsverkt\u00f8y.<\/li>\n<li><strong>Glatt overflatefinisering:<\/strong> Oppn\u00e5r utmerka, rein overflate rett fr\u00e5 maskinen utan behov for overdreven sekund\u00e6r polering.<\/li>\n<\/ul>\n<h3>P\u00e5litelig sveisingsevne og formbarheit<\/h3>\n<p>Det l\u00e5ge karboninnhaldet i dette legeringa gjer det s\u00e6rs lett \u00e5 forma. Det b\u00f8yg og formar seg smidig under kaldforming utan sprekkdanning. Det tek ogs\u00e5 vel til standard sveise prosedyrar. Om du vurderer ulike metall- eigenskaper for ditt neste prosjekt, forst\u00e5ing <a href=\"https:\/\/haoyumaterial.com\/nn\/cast-iron-vs-steel-comparison-guide-durable-cookware-tools\/\">kor allsidig st\u00e5l samanliknast med stive materiale som st\u00f8ypejern<\/a> tydeleg framhevjar kvifor 1117 er det sj\u00f8lvt og beste valet for komplekse, forma komponentar.<\/p>\n<h3>Varmebehandling og Kasperinga (case hardening)<\/h3>\n<p>medan 1117 held ei l\u00e5gt karbon, seig kjernen, svarar det vakkert p\u00e5 overflateherdingprosessar som karbonisering.<\/p>\n<ul>\n<li><strong>Slitesterk skall:<\/strong> Skaper eit sv\u00e6rt herda ytre som handterer kraftig friksjon med letthet.<\/li>\n<li><strong>Sjokk-absorberande kjerne:<\/strong> Innhaldsmaterialet held seg hardt og fleksibelt, og hindrar at delen bryt under p\u00e5verkan.<\/li>\n<li><strong>Langtidsvarig holdbarheit:<\/strong> Maksimerer levetida til komponentar med h\u00f8gt stress som gear, pinne og drivakselar.<\/li>\n<\/ul>\n<h2>Vanlege bruksomr\u00e5de for 1117 maskinbearbeidde delar<\/h2>\n<p>P\u00e5 grunn av sin utmerkede overflatefinish og styrke etter varmebehandling, <strong>1117 l\u00e5gkarbonst\u00e5l presisjonsmaskinera delar<\/strong> er sterkt avhengige av p\u00e5 tvers av fleire krevjande bransjar. Vi produserer komponentar av h\u00f8g kvalitet som er meint \u00e5 halda kritiske globale system g\u00e5ande smidig.<\/p>\n<h3>Bil- og hydrauliske komponentar<\/h3>\n<p>Bil- og v\u00e6skekraftsektoren krevt ekstrem varigheit. Vi er eit selskap som leverer presisjonsmaskineringstjenester for 1117 l\u00e5gst konstant karbonst\u00e5l, s\u00e6rleg tilpassa h\u00f8gfriksjons- og h\u00f8gtrykkmilj\u00f8. N\u00e5r dette materialet tilfinnest kalla, dannar det eit hardt ytre skall medan kjernen held seg duktil.<\/p>\n<p><strong>Ideelle bil- og hydrauliske bruksomr\u00e5der inkluderer:<\/strong><\/p>\n<ul>\n<li><strong>Overf\u00f8ringsgear og klenningar:<\/strong> Bygd for \u00e5 t\u00e5le konstant slitasje.<\/li>\n<li><strong>Styringskolonner og drivakslar:<\/strong> Som krev h\u00f8g kjernenotar motstandsdyktigheit.<\/li>\n<li><strong>Hydrauliske fittings og adapterar:<\/strong> Sikrar lekkasjefrie samband under trykk.<\/li>\n<\/ul>\n<h3>Medisinsk og farmas\u00f8ytisk utstyr<\/h3>\n<p>I helsevesenet sin produksjonssektor er p\u00e5liteleg utstyrsl\u00f8yngje ikkje til diskusjon. Samtidig blir 1117-st\u00e5l mykje nytta til dei byggjande komponentane i farmas\u00f8ytisk produksjonsmaskineri og diagnostisk utstyr. Om du leverer ein prosess som <a href=\"https:\/\/haoyumaterial.com\/nn\/prototype-medical-device-prototyping-guide-for-faster-development\/\">medisinsk utstyr prototyping guide<\/a> for \u00e5 freiste utviklingssyklusen din, gir testing av dei strukturelle Desse design med maskinert 1117-st\u00e5l eit sv\u00e6rt presist, kostnadseffektivt utgangspunkt f\u00f8r hovudproduksjon.<\/p>\n<h3>R\u00f8rsystem og festemiddelapplikasjonar<\/h3>\n<p>For storvolumsproduksjon blir den frittmaskinerande naturen til 1117 eit toppval for kommersiell r\u00f8rsysteminfrastruktur og industriell montering.<\/p>\n<p><strong>Vanlege festemiddel- og r\u00f8rsystemkomponentar:<\/strong><\/p>\n<ul>\n<li><strong>Tilpassa bolt og tungtst\u00e5ande stag<\/strong><\/li>\n<li><strong>Spesialgjengar festemiddel<\/strong><\/li>\n<li><strong>Ventilkroppar og sikre r\u00f8yrkoblingar<\/strong><\/li>\n<\/ul>\n<p>V\u00e5re produksjonsprosessar forvandler effektivt r\u00e5tt 1117-lager til perfekt gjengde, l\u00e5g-toleranse festemiddel klare for straks utplassering i samlingar.<\/p>\n<h2>Samanlikning av 1117 med andre karbonsst\u00e5l<\/h2>\n<p><img decoding=\"async\" src=\"https:\/\/haoyumaterial.com\/wp-content\/uploads\/2026\/03\/1117_low_carbon_steel_vs_1018_and_12L14_steel_e1w0.webp\" alt=\"1117 lavkarbonst\u00e5l vs 1018- og 12L14-st\u00e5l\" \/><\/p>\n<p>Val av riktig materiale er avgjerande for prosjektet ditt. Som ein bedrift som tilbyr presisjonsbearbeiding av 1117 l\u00e5gt karbonst\u00e5l, hjelp vi vanlegvis kundane \u00e5 samanlikne legeringar for \u00e5 sikre optimal yting og kostnadseffektivitet p\u00e5 verkstadsgolvet.<\/p>\n<h3>1117 mot 1018 l\u00e5gt karbonst\u00e5l<\/h3>\n<p>Begge er sv\u00e6rt popul\u00e6re, men dei tenest gjer ulike produksjonsbehov.<\/p>\n<ul>\n<li><strong>Maskinarbarheit:<\/strong> 1117 skjer mykje betre og etterlet ein reinare overflate enn 1018 p\u00e5 grunn av h\u00f8gare svovel- og manganinnhald.<\/li>\n<li><strong>Overflateherding:<\/strong> 1117 oppn\u00e5r ei djupare, meir jevn herding i overflata, noko som gjer det betre for slitebestandige delar.<\/li>\n<li><strong>Formaevne:<\/strong> 1018 tar leiinga dersom komponenten din krev omfattande kaldforma, b\u00f8yelse eller standard sveising.<\/li>\n<\/ul>\n<h3>1117 vs. 12L14 Frikj\u00f8yringsjernst\u00e5l<\/h3>\n<p>Ved oppsetjing av <a href=\"https:\/\/haoyumaterial.com\/nn\/product\/rapid-prototyping-and-tooling-services-for-low-volume-production\/\">hurtig prototyping og verkt\u00f8ytjenester for l\u00e5gt produksjonsvolum<\/a>, valet mellom desse to legeringa g\u00e5r som regel ut p\u00e5 strukturell styrke mot rein kuttehastigheit.<\/p>\n<table>\n<thead>\n<tr>\n<th style=\"text-align: left;\">Eigenskap<\/th>\n<th style=\"text-align: left;\">1117 L\u00e5g-karbonst\u00e5l<\/th>\n<th style=\"text-align: left;\">12L14-st\u00e5l<\/th>\n<\/tr>\n<\/thead>\n<tbody>\n<tr>\n<td style=\"text-align: left;\"><strong>Maskineringhastighet<\/strong><\/td>\n<td style=\"text-align: left;\">Utmerka<\/td>\n<td style=\"text-align: left;\">Overlegen<\/td>\n<\/tr>\n<tr>\n<td style=\"text-align: left;\"><strong>Materialstyrke<\/strong><\/td>\n<td style=\"text-align: left;\">H\u00f8gare<\/td>\n<td style=\"text-align: left;\">Lavare<\/td>\n<\/tr>\n<tr>\n<td style=\"text-align: left;\"><strong>Toksiitet<\/strong><\/td>\n<td style=\"text-align: left;\">Fr\u00e5verande leiar<\/td>\n<td style=\"text-align: left;\">Inneheld leir<\/td>\n<\/tr>\n<tr>\n<td style=\"text-align: left;\"><strong>Harding<\/strong><\/td>\n<td style=\"text-align: left;\">S\u00e6rleg for tilf\u00e8ring av herding i casen<\/td>\n<td style=\"text-align: left;\">D\u00e5leg respons p\u00e5 varmekjem<\/td>\n<\/tr>\n<\/tbody>\n<\/table>\n<p>medan 12L14 maskiner fortare p\u00e5 grunn av tilsett leir, gir 1117 vesentleg betre strukturell integritet. Om prosjektet ditt krev sterke, leirfrie 1117 l\u00e5g-karbon st\u00e5l presisjonsdelar som krev eit hardt, robust ytre skal, er 1117 framleis klart den beste vinnaren.<\/p>\n<h2>Val av p\u00e5liteleg 1117-st\u00e5lmasinsamarbeid<\/h2>\n<p>N\u00e5r prosjektet ditt krev smale toleransar, er samarbeid med riktig verkstad kritisk. Vi er eit selskap som tilbyr presisjonsbearbeiding av 1117 l\u00e5g-karbonst\u00e5l, og leverar h\u00f8gkvalitets, klare-til-bruk komponentar direkte til samlinga di.<\/p>\n<h3>Strenge kvalitetskontroll og inspeksjon<\/h3>\n<p>Vi behandlar kvalitet som ein garanti, ikkje som ein ettertanke. For \u00e5 levere feilfrie presisjonsdeler i 1117 lavkarbonst\u00e5l som blir maskinframstilt, k\u00f8yrer verkstaden v\u00e5r ein t\u00f8ff inspeksjonsprotokoll:<\/p>\n<ul>\n<li><strong>Fyrste artikkelinspeksjon:<\/strong> Vi verifiserer den innleigde oppsetnaden mot teikningane dine f\u00f8r vi sett i gang full produksjon.<\/li>\n<li><strong>Overvaking under produksjon:<\/strong> Kontroller som konstant fanger opp dimensjonale skift rett ved maskinen.<\/li>\n<li><strong> Sertifisering:<\/strong> Kvar batch g\u00e5r gjennom grundige kontrollar ved bruk av CMM-ar og presise optiske m\u00e5lest\u00f8yler f\u00f8r pakking.<\/li>\n<\/ul>\n<h3>Etterbearbeiding og sekund\u00e6re tenester<\/h3>\n<p>eit maskinbearbeidd deler er ofte ikkje ferdig fyrst etter behandling eller overflatebehandling. Vi handterer dei sekund\u00e6re operasjonane slik at du f\u00e5r ein komplett del. Om du vil vite korleis temperaturendringar p\u00e5verkar materialeigenskapane til delane dine, kan du l\u00e6rast om <a href=\"https:\/\/haoyumaterial.com\/nn\/what-is-annealing-metal-heat-treatment-process-explained\/\">kva ein annealing er og korleis metallevarmbehandlingsprosessen fungerer<\/a> viser korleis vi frigjer spenningar og forbetrar holdbarheit. Vi handterer ogs\u00e5:<\/p>\n<ul>\n<li><strong>Galvanisering &amp; Behandling:<\/strong> Sink, svartoksid og skreddersydde overflater for \u00e5 hindra rust.<\/li>\n<li><strong>Overflateherding:<\/strong> Forbetra overflatetettheit samtidig som kjernen i st\u00e5llet heldt det ductilt.<\/li>\n<li><strong>Avblokking og polering:<\/strong> Fjerning av skarpe h\u00f6rn for trygg handtering og perfekt passform.<\/li>\n<\/ul>\n<h3>F\u00e5 eit tilpassa produksjonstilbod<\/h3>\n<p>Prisen for dine 1117 lavkarbonst\u00e5l presisjonsmaskineringstjenester b\u00f8r vere rett fram. Send berre 2D-teikningar og 3D-CAD-filer. Ingeni\u00f8rteamet v\u00e5rt vil gjennomg\u00e5 delgeometry, overflatekrav og batchstorleik for \u00e5 gi eit raskt, klart og konkurransedyktig tilbod utan skjulte avgifter.<\/p>","protected":false},"excerpt":{"rendered":"<p>1117 l\u00e5gkarbonst\u00e5l presisjonssk\u00e6ringstenester for stramme toleransar CNC-delar med utmerka maskin\u00e9rbarheit, styrke og tilpassa produksjon<\/p>","protected":false},"featured_media":2100,"comment_status":"open","ping_status":"closed","template":"","meta":{"site-sidebar-layout":"default","site-content-layout":"","ast-site-content-layout":"default","site-content-style":"default","site-sidebar-style":"default","ast-global-header-display":"","ast-banner-title-visibility":"","ast-main-header-display":"","ast-hfb-above-header-display":"","ast-hfb-below-header-display":"","ast-hfb-mobile-header-display":"","site-post-title":"","ast-breadcrumbs-content":"","ast-featured-img":"","footer-sml-layout":"","ast-disable-related-posts":"","theme-transparent-header-meta":"default","adv-header-id-meta":"","stick-header-meta":"","header-above-stick-meta":"","header-main-stick-meta":"","header-below-stick-meta":"","astra-migrate-meta-layouts":"set","ast-page-background-enabled":"default","ast-page-background-meta":{"desktop":{"background-color":"var(--ast-global-color-5)","background-image":"","background-repeat":"repeat","background-position":"center center","background-size":"auto","background-attachment":"scroll","background-type":"","background-media":"","overlay-type":"","overlay-color":"","overlay-opacity":"","overlay-gradient":""},"tablet":{"background-color":"","background-image":"","background-repeat":"repeat","background-position":"center center","background-size":"auto","background-attachment":"scroll","background-type":"","background-media":"","overlay-type":"","overlay-color":"","overlay-opacity":"","overlay-gradient":""},"mobile":{"background-color":"","background-image":"","background-repeat":"repeat","background-position":"center center","background-size":"auto","background-attachment":"scroll","background-type":"","background-media":"","overlay-type":"","overlay-color":"","overlay-opacity":"","overlay-gradient":""}},"ast-content-background-meta":{"desktop":{"background-color":"var(--ast-global-color-4)","background-image":"","background-repeat":"repeat","background-position":"center center","background-size":"auto","background-attachment":"scroll","background-type":"","background-media":"","overlay-type":"","overlay-color":"","overlay-opacity":"","overlay-gradient":""},"tablet":{"background-color":"var(--ast-global-color-4)","background-image":"","background-repeat":"repeat","background-position":"center center","background-size":"auto","background-attachment":"scroll","background-type":"","background-media":"","overlay-type":"","overlay-color":"","overlay-opacity":"","overlay-gradient":""},"mobile":{"background-color":"var(--ast-global-color-4)","background-image":"","background-repeat":"repeat","background-position":"center center","background-size":"auto","background-attachment":"scroll","background-type":"","background-media":"","overlay-type":"","overlay-color":"","overlay-opacity":"","overlay-gradient":""}}},"product_brand":[],"product_cat":[17,19],"product_tag":[],"class_list":{"0":"post-2102","1":"product","2":"type-product","3":"status-publish","4":"has-post-thumbnail","6":"product_cat-stainless-steel","7":"product_cat-low-carbon-steel","8":"desktop-align-left","9":"tablet-align-left","10":"mobile-align-left","12":"first","13":"instock","14":"shipping-taxable","15":"purchasable","16":"product-type-simple"},"_links":{"self":[{"href":"https:\/\/haoyumaterial.com\/nn\/wp-json\/wp\/v2\/product\/2102","targetHints":{"allow":["GET"]}}],"collection":[{"href":"https:\/\/haoyumaterial.com\/nn\/wp-json\/wp\/v2\/product"}],"about":[{"href":"https:\/\/haoyumaterial.com\/nn\/wp-json\/wp\/v2\/types\/product"}],"replies":[{"embeddable":true,"href":"https:\/\/haoyumaterial.com\/nn\/wp-json\/wp\/v2\/comments?post=2102"}],"wp:featuredmedia":[{"embeddable":true,"href":"https:\/\/haoyumaterial.com\/nn\/wp-json\/wp\/v2\/media\/2100"}],"wp:attachment":[{"href":"https:\/\/haoyumaterial.com\/nn\/wp-json\/wp\/v2\/media?parent=2102"}],"wp:term":[{"taxonomy":"product_brand","embeddable":true,"href":"https:\/\/haoyumaterial.com\/nn\/wp-json\/wp\/v2\/product_brand?post=2102"},{"taxonomy":"product_cat","embeddable":true,"href":"https:\/\/haoyumaterial.com\/nn\/wp-json\/wp\/v2\/product_cat?post=2102"},{"taxonomy":"product_tag","embeddable":true,"href":"https:\/\/haoyumaterial.com\/nn\/wp-json\/wp\/v2\/product_tag?post=2102"}],"curies":[{"name":"wp","href":"https:\/\/api.w.org\/{rel}","templated":true}]}}