{"id":1520,"date":"2026-01-24T12:26:01","date_gmt":"2026-01-24T04:26:01","guid":{"rendered":"https:\/\/haoyumaterial.com\/?post_type=product&#038;p=1520"},"modified":"2026-01-24T12:26:40","modified_gmt":"2026-01-24T04:26:40","slug":"lost-wax-aluminum-casting-services-precision-high-accuracy-parts","status":"publish","type":"product","link":"https:\/\/haoyumaterial.com\/pt\/product\/lost-wax-aluminum-casting-services-precision-high-accuracy-parts\/","title":{"rendered":"Servi\u00e7os de Fundi\u00e7\u00e3o de Cera Perdida em Alum\u00ednio Pe\u00e7as de Alta Precis\u00e3o e Alta Precis\u00e3o"},"content":{"rendered":"<h2>Por que escolher a Cera Perdida para componentes de alum\u00ednio?<\/h2>\n<p>Quando a engenharia de pe\u00e7as leves exige detalhes intrincados e alta precis\u00e3o dimensional,\u00a0<strong>alum\u00ednio de cera perdida<\/strong>\u00a0fundi\u00e7\u00e3o oferece vantagens distintas em rela\u00e7\u00e3o aos m\u00e9todos tradicionais de fundi\u00e7\u00e3o em areia. Utilizamos este processo para fabricar componentes que exigem geometrias complexas, recortes profundos e passagens internas elaboradas\u2014recursos que muitas vezes s\u00e3o imposs\u00edveis de alcan\u00e7ar com outras t\u00e9cnicas de fundi\u00e7\u00e3o. Ao eliminar a necessidade de \u00e2ngulos de escora em caracter\u00edsticas internas, garantimos que a inten\u00e7\u00e3o do seu projeto seja preservada sem compromissos.<\/p>\n<h3>Acabamento de Superf\u00edcie Superior com Processo de Silica Sol<\/h3>\n<p>Nossa produ\u00e7\u00e3o baseia-se no avan\u00e7ado\u00a0<strong>processo de Silica Sol<\/strong>, que proporciona um acabamento de superf\u00edcie significativamente mais suave em compara\u00e7\u00e3o com vidro de \u00e1gua ou fundi\u00e7\u00e3o em areia.<\/p>\n<ul>\n<li><strong>Rugosidade da Superf\u00edcie:<\/strong>\u00a0Conseguimos consistentemente\u00a0<strong>Ra 3,2\u20136,3 \u03bcm<\/strong>\u00a0diretamente do molde.<\/li>\n<li><strong>Est\u00e9tica:<\/strong>\u00a0Ideal para componentes vis\u00edveis em hardware mar\u00edtimo e aplica\u00e7\u00f5es automotivas onde a apar\u00eancia est\u00e9tica \u00e9 cr\u00edtica.<\/li>\n<li><strong>Redu\u00e7\u00e3o no Acabamento:<\/strong>\u00a0A superf\u00edcie de alta qualidade minimiza a necessidade de opera\u00e7\u00f5es secund\u00e1rias de polimento ou moagem.<\/li>\n<\/ul>\n<h3>Efici\u00eancia atrav\u00e9s da Fundi\u00e7\u00e3o em Forma Quase Final<\/h3>\n<p>Priorizamos\u00a0<strong>Fundi\u00e7\u00e3o em Forma Quase Final<\/strong>\u00a0para maximizar a efici\u00eancia do material e reduzir os custos totais de produ\u00e7\u00e3o. Ao fundir pe\u00e7as que est\u00e3o extremamente pr\u00f3ximas das suas dimens\u00f5es finais, reduzimos drasticamente a quantidade de liga de alum\u00ednio bruto necess\u00e1ria e minimizamos o tempo de usinagem subsequente. Esta abordagem otimiza o\u00a0<strong>rela\u00e7\u00e3o resist\u00eancia\/peso<\/strong>, tornando as nossas fundi\u00e7\u00f5es de alum\u00ednio a escolha preferida para setores cr\u00edticos de desempenho como aeroespacial, autom\u00f3vel e equipamentos de energia.<\/p>\n<div class=\"table-responsive\">\n<table class=\"table\">\n<thead>\n<tr>\n<th>Caracter\u00edstica<\/th>\n<th>Fundi\u00e7\u00e3o em Areia<\/th>\n<th>Alum\u00ednio de Cera Perdida (Silica Sol)<\/th>\n<\/tr>\n<\/thead>\n<tbody>\n<tr>\n<td><strong>Complexidade da geometria<\/strong><\/td>\n<td>\u00a0 \u00a0 \u00a0 \u00a0 \u00a0 \u00a0Limitado (Formas simples)<\/td>\n<td><strong>\u00a0 \u00a0 \u00a0 \u00a0 \u00a0 \u00a0 \u00a0 \u00a0 \u00a0 \u00a0Alto<\/strong>\u00a0(Sobrecortes, paredes finas, canais internos)<\/td>\n<\/tr>\n<tr>\n<td><strong>Acabamento da Superf\u00edcie<\/strong><\/td>\n<td>\u00a0 \u00a0 \u00a0 \u00a0 \u00a0 Grosseiro (&gt; Ra 12,5 \u03bcm)<\/td>\n<td><strong>\u00a0 \u00a0 \u00a0 \u00a0 \u00a0 \u00a0 \u00a0 \u00a0 \u00a0 \u00a0Precis\u00e3o<\/strong>\u00a0(Ra 3,2\u20136,3 \u03bcm)<\/td>\n<\/tr>\n<tr>\n<td><strong>Folga de usinagem<\/strong><\/td>\n<td>\u00a0 \u00a0 \u00a0 \u00a0 \u00a0 Alto (Mais desperd\u00edcio)<\/td>\n<td><strong>\u00a0 \u00a0 \u00a0 \u00a0 \u00a0 \u00a0 \u00a0 \u00a0 \u00a0 \u00a0 Baixo<\/strong>\u00a0(Efici\u00eancia de forma quase final)<\/td>\n<\/tr>\n<tr>\n<td><strong>Espessura da Parede<\/strong><\/td>\n<td>\u00a0 \u00a0 \u00a0 \u00a0 \u00a0 \u00a0Paredes espessas necess\u00e1rias<\/td>\n<td><strong>\u00a0 \u00a0 \u00a0 \u00a0 \u00a0 \u00a0 \u00a0 \u00a0 \u00a0 Parede fina<\/strong>\u00a0capacidades para redu\u00e7\u00e3o de peso<\/td>\n<\/tr>\n<\/tbody>\n<\/table>\n<\/div>\n<h2>As nossas capacidades de Fundi\u00e7\u00e3o de Alum\u00ednio por Investimento<\/h2>\n<p><img decoding=\"async\" class=\"alignnone  wp-image-1522\" src=\"https:\/\/haoyumaterial.com\/wp-content\/uploads\/2026\/01\/lost-wax-aluminum-300x225.jpg\" alt=\"\" width=\"613\" height=\"460\" srcset=\"https:\/\/haoyumaterial.com\/wp-content\/uploads\/2026\/01\/lost-wax-aluminum-300x225.jpg 300w, https:\/\/haoyumaterial.com\/wp-content\/uploads\/2026\/01\/lost-wax-aluminum-768x576.jpg 768w, https:\/\/haoyumaterial.com\/wp-content\/uploads\/2026\/01\/lost-wax-aluminum-16x12.jpg 16w, https:\/\/haoyumaterial.com\/wp-content\/uploads\/2026\/01\/lost-wax-aluminum-600x450.jpg 600w, https:\/\/haoyumaterial.com\/wp-content\/uploads\/2026\/01\/lost-wax-aluminum.jpg 800w\" sizes=\"(max-width: 613px) 100vw, 613px\" \/><\/p>\n<p>Na Haoyu Material, especializamo-nos em fornecer componentes de alta precis\u00e3o\u00a0<strong>alum\u00ednio de cera perdida<\/strong>\u00a0que cumprem rigorosos padr\u00f5es industriais. Utilizamos o processo avan\u00e7ado\u00a0<strong>Fundi\u00e7\u00e3o por Investimento com Silica Sol<\/strong>\u00a0que nos permite alcan\u00e7ar acabamentos de superf\u00edcie superiores e detalhes intrincados que a fundi\u00e7\u00e3o de areia padr\u00e3o simplesmente n\u00e3o consegue igualar. Este m\u00e9todo \u00e9 ideal para geometrias complexas onde a precis\u00e3o \u00e9 inegoci\u00e1vel.<\/p>\n<p>Apoiamos uma vasta gama de requisitos de projeto com as seguintes capacidades:<\/p>\n<ul>\n<li><strong>Faixa de Peso:<\/strong>\u00a0Tratamos de tudo, desde pe\u00e7as de precis\u00e3o leves a partir de\u00a0<strong>0,05kg<\/strong>\u00a0at\u00e9 componentes de alta resist\u00eancia que pesam\u00a0<strong>100 kg<\/strong>.<\/li>\n<li><strong>Precis\u00e3o Dimensional:<\/strong>\u00a0O nosso processo cumpre rigorosamente\u00a0<strong>Toler\u00e2ncias dimensionais (ISO 8062 CT4-CT6)<\/strong>, garantindo que as suas pe\u00e7as atendam \u00e0s especifica\u00e7\u00f5es exatas com varia\u00e7\u00e3o m\u00ednima.<\/li>\n<li><strong>Flexibilidade de Produ\u00e7\u00e3o:<\/strong>\u00a0Quer precise de\u00a0<strong>prot\u00f3tipos r\u00e1pidos de fundi\u00e7\u00e3o<\/strong>\u00a0para validar um projeto ou estar pronto para produ\u00e7\u00e3o em massa em grande escala, a nossa instala\u00e7\u00e3o adapta-se \u00e0 sua demanda.<\/li>\n<\/ul>\n<p>Para uma vis\u00e3o abrangente de como selecionamos o m\u00e9todo certo para as suas necessidades espec\u00edficas, reveja o nosso\u00a0<a href=\"https:\/\/haoyumaterial.com\/pt\/cast-aluminum-foundry-guide-processes-alloys-and-selection\/\">guia de fundi\u00e7\u00e3o de alum\u00ednio fundido<\/a>. Focamos em fornecer pe\u00e7as \u201cprontas a usar\u201d, reduzindo a sua necessidade de processamento secund\u00e1rio.<\/p>\n<h2>Ligas de Alum\u00ednio e Materiais Suportados<\/h2>\n<p><img decoding=\"async\" class=\"alignnone  wp-image-1523\" src=\"https:\/\/haoyumaterial.com\/wp-content\/uploads\/2026\/01\/a356-investment-casting-300x300.jpg\" alt=\"\" width=\"474\" height=\"474\" srcset=\"https:\/\/haoyumaterial.com\/wp-content\/uploads\/2026\/01\/a356-investment-casting-300x300.jpg 300w, https:\/\/haoyumaterial.com\/wp-content\/uploads\/2026\/01\/a356-investment-casting-150x150.jpg 150w, https:\/\/haoyumaterial.com\/wp-content\/uploads\/2026\/01\/a356-investment-casting-12x12.jpg 12w, https:\/\/haoyumaterial.com\/wp-content\/uploads\/2026\/01\/a356-investment-casting-100x100.jpg 100w, https:\/\/haoyumaterial.com\/wp-content\/uploads\/2026\/01\/a356-investment-casting.jpg 600w\" sizes=\"(max-width: 474px) 100vw, 474px\" \/><\/p>\n<p>Selecionar o material certo \u00e9 fundamental para o sucesso de qualquer\u00a0<strong>alum\u00ednio de cera perdida<\/strong>\u00a0projeto. Como um fornecedor dedicado de\u00a0<strong>Fundi\u00e7\u00e3o de Ligas de Alum\u00ednio<\/strong>, n\u00e3o apenas fundimos metal; engenhamos solu\u00e7\u00f5es que correspondem aos seus requisitos mec\u00e2nicos espec\u00edficos. Lidamos com uma vasta gama de ligas padr\u00e3o e personalizadas para garantir que os seus componentes funcionem de forma fi\u00e1vel no campo.<\/p>\n<p>Aqui est\u00e1 uma an\u00e1lise dos materiais que processamos com frequ\u00eancia:<\/p>\n<ul>\n<li><strong>A356 \/ A357:<\/strong>\u00a0Estes s\u00e3o os padr\u00f5es da ind\u00fastria para aplica\u00e7\u00f5es de alta resist\u00eancia e estanqueidade \u00e0 press\u00e3o. S\u00e3o ideais para componentes cr\u00edticos como impelidores e carca\u00e7as. Quando combinados com\u00a0<a href=\"https:\/\/haoyumaterial.com\/pt\/aluminium-heat-treating-processes-tempers-and-performance\/\">processos de tratamento t\u00e9rmico de alum\u00ednio<\/a>\u00a0(como T6), estas ligas alcan\u00e7am uma dureza e durabilidade superiores.<\/li>\n<li><strong>AlSi10Mg:<\/strong>\u00a0Esta liga \u00e9 a nossa principal escolha para\u00a0<strong>Pe\u00e7as de Alum\u00ednio de Parede Fina<\/strong>. A sua excelente fluidez permite-nos fundir geometrias complexas e detalhes intricados que outros materiais podem n\u00e3o conseguir, garantindo um acabamento sem defeitos.<\/li>\n<li><strong>Ligas Personalizadas e Adaptadas:<\/strong>\u00a0Compreendemos que solu\u00e7\u00f5es prontas nem sempre se ajustam. Podemos misturar composi\u00e7\u00f5es de ligas personalizadas com base nos seus desenhos t\u00e9cnicos espec\u00edficos. Al\u00e9m disso, utilizamos t\u00e9cnicas de fundi\u00e7\u00e3o especializadas para replicar as propriedades do alum\u00ednio da s\u00e9rie 6000 para projetos que requerem essas caracter\u00edsticas espec\u00edficas.<\/li>\n<\/ul>\n<h2>Servi\u00e7os de Fabrica\u00e7\u00e3o Integrada: Do Design \u00e0 Pe\u00e7a Acabada<\/h2>\n<p>Gerir m\u00faltiplos fornecedores para um \u00fanico componente \u00e9 uma dor de cabe\u00e7a log\u00edstica que atrasa a produ\u00e7\u00e3o. Na Haoyu Material Co., Ltd., simplificamos este processo ao fornecer uma solu\u00e7\u00e3o completa e \u00fanica para os seus\u00a0<strong>alum\u00ednio de cera perdida<\/strong>\u00a0projetos. A nossa abordagem abrangente\u00a0<a href=\"https:\/\/haoyumaterial.com\/pt\/services\/precision-casting\/\">servi\u00e7os de fundi\u00e7\u00e3o de precis\u00e3o<\/a>\u00a0permite-nos levar o seu projeto desde um desenho digital at\u00e9 uma pe\u00e7a totalmente acabada pronta para montagem, garantindo controlo total de qualidade em cada etapa.<\/p>\n<p>Tratamos de cada etapa do ciclo de vida da fabrica\u00e7\u00e3o sob um mesmo teto:<\/p>\n<ul>\n<li><strong>Design de Moldes Interno &amp; Fabrica\u00e7\u00e3o de Ferramentas:<\/strong>\u00a0Utilizamos software avan\u00e7ado de CAD\/CAM para desenhar moldes e realizar an\u00e1lise de fluxo de moldes antes do in\u00edcio da produ\u00e7\u00e3o. Esta abordagem proativa ajuda-nos a otimizar o sistema de corredores e a prevenir defeitos comuns na fundi\u00e7\u00e3o, garantindo que as ferramentas sejam constru\u00eddas corretamente na primeira vez.<\/li>\n<li><strong>Usinagem CNC de Precis\u00e3o:<\/strong>\u00a0Embora a fundi\u00e7\u00e3o por investimento ofere\u00e7a excelente precis\u00e3o de forma quase final, interfaces cr\u00edticas frequentemente requerem toler\u00e2ncias mais apertadas. A nossa\u00a0<strong>Servi\u00e7os de Usinagem CNC<\/strong>\u00a0incluem fresagem, torneamento, perfura\u00e7\u00e3o e alargamento para atingir as dimens\u00f5es exatas especificadas nos seus desenhos t\u00e9cnicos.<\/li>\n<li><strong>Tratamento T\u00e9rmico:<\/strong>\u00a0Para maximizar as propriedades mec\u00e2nicas das ligas de alum\u00ednio, realizamos tratamentos t\u00e9rmicos T5 e T6. Este processo aumenta significativamente a dureza e a resist\u00eancia \u00e0 tra\u00e7\u00e3o das pe\u00e7as, tornando-as adequadas para aplica\u00e7\u00f5es industriais exigentes.<\/li>\n<li><strong>Acabamento de Superf\u00edcie:<\/strong>\u00a0Oferecemos uma vasta gama de acabamentos cosm\u00e9ticos e de prote\u00e7\u00e3o para atender \u00e0s suas necessidades espec\u00edficas. As nossas capacidades incluem\u00a0<strong>Anodiza\u00e7\u00e3o de Alum\u00ednio<\/strong>\u00a0(Transparente, Preto e Duro), pintura em p\u00f3 para durabilidade, e jateamento para uma textura mate uniforme.<\/li>\n<\/ul>\n<p>Ao integrar estas opera\u00e7\u00f5es secund\u00e1rias, entregamos pe\u00e7as de alta qualidade\u00a0<strong>alum\u00ednio de cera perdida<\/strong>\u00a0com prazos de entrega mais curtos e custos administrativos reduzidos para a sua equipa de compras.<\/p>\n<h2>Normas de Garantia de Qualidade &amp; Testes<\/h2>\n<p>Na Haoyu Material, compreendemos que fiabilidade \u00e9 inegoci\u00e1vel, especialmente ao adquirir\u00a0<strong>alum\u00ednio de cera perdida<\/strong>\u00a0pe\u00e7as para aplica\u00e7\u00f5es cr\u00edticas. O nosso processo de fabrica\u00e7\u00e3o \u00e9 governado por rigorosos\u00a0<strong>ISO 9001:2015<\/strong>\u00a0certifica\u00e7\u00e3o, garantindo que cada etapa\u2014desde o padr\u00e3o de cera at\u00e9 ao polimento final\u2014cumpre os protocolos de qualidade internacionais. N\u00e3o adivinhamos; verificamos.<\/p>\n<p>Para garantir que as nossas\u00a0<strong>fundi\u00e7\u00e3o de alum\u00ednio de precis\u00e3o<\/strong>\u00a0atende \u00e0s suas especifica\u00e7\u00f5es exatas, o nosso\u00a0<a href=\"https:\/\/haoyumaterial.com\/pt\/precision-casting-foundry-for-high-precision-investment-castings\/\">fundi\u00e7\u00e3o de precis\u00e3o<\/a>\u00a0utiliza um conjunto abrangente de equipamentos de teste avan\u00e7ados:<\/p>\n<ul>\n<li><strong>An\u00e1lise por Espectr\u00f3metro:<\/strong>\u00a0Realizamos verifica\u00e7\u00e3o precisa da composi\u00e7\u00e3o qu\u00edmica de cada lote para garantir que a mistura de liga seja 100% precisa antes do vazamento.<\/li>\n<li><strong>Inspe\u00e7\u00e3o CMM:<\/strong>\u00a0Nosso\u00a0<strong>M\u00e1quina de Medi\u00e7\u00e3o por Coordenadas (MMC)<\/strong>\u00a0verifica geometrias complexas e dimens\u00f5es cr\u00edticas, garantindo o cumprimento rigoroso das toler\u00e2ncias.<\/li>\n<li><strong>Ensaios N\u00e3o Destrutivos (END):<\/strong>\u00a0Empregamos testes de Raios-X e Penetra\u00e7\u00e3o de Corante para detectar porosidade interna ou fissuras superficiais que n\u00e3o s\u00e3o vis\u00edveis a olho nu.<\/li>\n<li><strong>Ensaios Mec\u00e2nicos:<\/strong>\u00a0Verificamos resist\u00eancia \u00e0 tra\u00e7\u00e3o, resist\u00eancia ao escoamento e alongamento para confirmar que as propriedades do material atendem aos padr\u00f5es exigidos.<\/li>\n<\/ul>\n<h2>Ind\u00fastrias-chave atendidas pela fundi\u00e7\u00e3o de alum\u00ednio<\/h2>\n<p><img decoding=\"async\" src=\"https:\/\/haoyumaterial.com\/wp-content\/uploads\/2026\/01\/Lost_Wax_Aluminum_Casting_Applications_SZ6TibUHp.webp\" alt=\"Aplica\u00e7\u00f5es de Fundi\u00e7\u00e3o em Cera Perdida de Alum\u00ednio\" \/><\/p>\n<p>Nosso\u00a0<strong>alum\u00ednio de cera perdida<\/strong>\u00a0as solu\u00e7\u00f5es s\u00e3o fundamentais para setores que exigem alto desempenho sem comprometer peso ou complexidade. Ao aproveitar o\u00a0<strong>processo de Silica Sol<\/strong>, entregamos componentes que atendem aos rigorosos padr\u00f5es dos mercados globais, garantindo fiabilidade onde mais importa.<\/p>\n<ul>\n<li><strong>Autom\u00f3vel:<\/strong>\u00a0Fabricamos componentes complexos\u00a0<strong>coifas de admiss\u00e3o<\/strong>\u00a0e\u00a0<strong>suportes de transmiss\u00e3o<\/strong>\u00a0que ajudam a reduzir o peso total do ve\u00edculo enquanto mant\u00eam a integridade estrutural. A nossa fundi\u00e7\u00e3o de precis\u00e3o apoia a busca da ind\u00fastria por melhor efici\u00eancia de combust\u00edvel e desempenho.<\/li>\n<li><strong>Aerospace &amp; Defesa:<\/strong>\u00a0Fornecemos\u00a0<strong>carca\u00e7as estruturais leves<\/strong>\u00a0e componentes cr\u00edticos onde a rela\u00e7\u00e3o resist\u00eancia\/peso n\u00e3o \u00e9 negoci\u00e1vel. O nosso processo garante que estas pe\u00e7as atendam a especifica\u00e7\u00f5es de seguran\u00e7a e dimens\u00f5es rigorosas.<\/li>\n<li><strong>Equipamento M\u00e9dico:<\/strong>\u00a0Desde chassis de equipamento at\u00e9\u00a0<strong>ferramentas cir\u00fargicas de precis\u00e3o<\/strong>, conseguimos alcan\u00e7ar os acabamentos de superf\u00edcie superiores e as toler\u00e2ncias apertadas necess\u00e1rias para aplica\u00e7\u00f5es de grau m\u00e9dico.<\/li>\n<li><strong>Manuseio de Fluidos:<\/strong>\u00a0Nosso resistente \u00e0 corros\u00e3o\u00a0<strong>rotores de bombas<\/strong>\u00a0e\u00a0<a href=\"https:\/\/haoyumaterial.com\/pt\/valve-castings-manufacturer-custom-oem-valve-bodies\/\">corpos de v\u00e1lvula personalizados<\/a>\u00a0s\u00e3o projetados para otimizar a efici\u00eancia do fluxo. O processo de fundi\u00e7\u00e3o por cera perdida permite criar passagens internas intricadas que s\u00e3o imposs\u00edveis de alcan\u00e7ar com usinagem padr\u00e3o.<\/li>\n<\/ul>\n<p>Quer precise de uma pe\u00e7a especializada\u00a0<a href=\"https:\/\/haoyumaterial.com\/pt\/aluminum-investment-casting-company-for-precision-components\/\">empresa de fundi\u00e7\u00e3o de investimento em alum\u00ednio<\/a>\u00a0para um prot\u00f3tipo ou produ\u00e7\u00e3o em grande escala, a nossa instala\u00e7\u00e3o est\u00e1 equipada para atender \u00e0s exig\u00eancias \u00fanicas destas ind\u00fastrias diversificadas.<\/p>\n<h2>Perguntas Frequentes (FAQ) sobre Alum\u00ednio de Cera Perdida<\/h2>\n<h3>Como a fundi\u00e7\u00e3o de cera perdida difere da fundi\u00e7\u00e3o em areia em rela\u00e7\u00e3o ao acabamento e toler\u00e2ncia?<\/h3>\n<p>A principal diferen\u00e7a reside na precis\u00e3o e na qualidade da superf\u00edcie.\u00a0<strong>Fundi\u00e7\u00e3o de alum\u00ednio de cera perdida<\/strong>\u00a0(fundi\u00e7\u00e3o por investimento) utiliza um molde de casca de cer\u00e2mica criado a partir de um padr\u00e3o de cera, resultando numa superf\u00edcie muito mais lisa e numa precis\u00e3o dimensional mais apertada em compara\u00e7\u00e3o com a fundi\u00e7\u00e3o em areia, que utiliza um molde de areia compactada.<\/p>\n<p>Recomendamos o nosso\u00a0<a href=\"https:\/\/haoyumaterial.com\/pt\/aluminum-investment-castings-precision-custom-parts-low-tolerance\/\">fundi\u00e7\u00f5es de alum\u00ednio por investimento<\/a>\u00a0para aplica\u00e7\u00f5es que requerem detalhes intricados e usinagem m\u00ednima.<\/p>\n<div class=\"table-responsive\">\n<table class=\"table\">\n<thead>\n<tr>\n<th>Caracter\u00edstica<\/th>\n<th>Fundi\u00e7\u00e3o por Cera Perdida (Silica Sol)<\/th>\n<th>Fundi\u00e7\u00e3o em Areia<\/th>\n<\/tr>\n<\/thead>\n<tbody>\n<tr>\n<td><strong>Acabamento de superf\u00edcie (Ra)<\/strong><\/td>\n<td>\u00a0 \u00a0 \u00a0 \u00a0 \u00a0 \u00a0 \u00a0 \u00a0 \u00a0 \u00a0 \u00a0 \u00a0Superior (3,2\u20136,3 \u03bcm)<\/td>\n<td>\u00a0 \u00a0 \u00a0 \u00a0 \u00a0 \u00a0 \u00a0 \u00a0 \u00a0 \u00a0 Grosseira (12,5\u201325 \u03bcm)<\/td>\n<\/tr>\n<tr>\n<td><strong>Padr\u00e3o de Toler\u00e2ncia<\/strong><\/td>\n<td>\u00a0 \u00a0 \u00a0 \u00a0 \u00a0 \u00a0 \u00a0 \u00a0 \u00a0 \u00a0ISO 8062 CT4-CT6<\/td>\n<td>\u00a0 \u00a0 \u00a0 \u00a0 \u00a0 \u00a0 \u00a0 \u00a0 \u00a0 \u00a0ISO 8062 CT8-CT10<\/td>\n<\/tr>\n<tr>\n<td><strong>Capacidade de Detalhe<\/strong><\/td>\n<td>\u00a0 \u00a0 \u00a0 \u00a0 \u00a0 \u00a0 \u00a0 \u00a0 \u00a0Alto (Formas complexas, paredes finas)<\/td>\n<td>\u00a0 \u00a0 \u00a0 \u00a0 \u00a0 \u00a0 \u00a0 \u00a0 Baixo (Formas simples, paredes espessas)<\/td>\n<\/tr>\n<tr>\n<td><strong>Fresagem Necess\u00e1ria<\/strong><\/td>\n<td>\u00a0 \u00a0 \u00a0 \u00a0 \u00a0 \u00a0 \u00a0 \u00a0 \u00a0 \u00a0M\u00ednimo (Quase forma final)<\/td>\n<td>\u00a0 \u00a0 \u00a0 \u00a0 \u00a0 \u00a0 \u00a0 \u00a0 Alto (Remo\u00e7\u00e3o significativa de material)<\/td>\n<\/tr>\n<\/tbody>\n<\/table>\n<\/div>\n<h3>Qual \u00e9 a espessura m\u00ednima de parede para pe\u00e7as de alum\u00ednio de precis\u00e3o?<\/h3>\n<p>Para\u00a0<strong>fundi\u00e7\u00e3o em cera perdida de alum\u00ednio<\/strong>, podemos alcan\u00e7ar espessuras de parede t\u00e3o finas quanto\u00a0<strong>1,5mm a 2,0mm<\/strong>, dependendo da geometria e tamanho geral da pe\u00e7a. Esta capacidade permite-nos produzir componentes leves para aplica\u00e7\u00f5es aeroespaciais e automotivas onde a redu\u00e7\u00e3o de peso \u00e9 cr\u00edtica sem comprometer a integridade estrutural.<\/p>\n<h3>Tratamento t\u00e9rmico T6 dispon\u00edvel para ligas espec\u00edficas?<\/h3>\n<p>Sim, fornecemos servi\u00e7os de tratamento t\u00e9rmico internos, incluindo ciclos T5 e T6. Isto \u00e9 essencial para\u00a0<a href=\"https:\/\/haoyumaterial.com\/pt\/product\/aluminum-casting-alloy-grades-for-high-performance-parts-high-performance-aluminum-casting-alloy-for-die-sand-and-gravity-casting-with-superior-strength-fluidity-and-corrosion-resistance\/\">alum\u00ednio fundido de qualidade superior<\/a>\u00a0como A356 e A357 para maximizar propriedades mec\u00e2nicas como resist\u00eancia \u00e0 tra\u00e7\u00e3o e dureza. Garantimos que a composi\u00e7\u00e3o do material atende a padr\u00f5es rigorosos da ind\u00fastria antes e ap\u00f3s o tratamento.<\/p>\n<h3>Quais s\u00e3o os tempos de entrega t\u00edpicos para ferramentas e produ\u00e7\u00e3o?<\/h3>\n<p>Os tempos de entrega variam consoante a complexidade da pe\u00e7a, mas esfor\u00e7amo-nos por efici\u00eancia para manter a sua cadeia de abastecimento em movimento.<\/p>\n<ul>\n<li><strong>Design de Ferramentas e Moldes:<\/strong>\u00a015\u201320 dias<\/li>\n<li><strong>Amostra\/Prototipagem:<\/strong>\u00a05\u201310 dias ap\u00f3s a conclus\u00e3o do molde<\/li>\n<li><strong>Produ\u00e7\u00e3o em Massa:<\/strong>\u00a025\u201335 dias ap\u00f3s aprova\u00e7\u00e3o da amostra<\/li>\n<\/ul>\n<p>Oferecemos uma solu\u00e7\u00e3o completa que inclui fundi\u00e7\u00e3o, usinagem CNC e tratamento de superf\u00edcie, o que agiliza o cronograma ao eliminar a necessidade de m\u00faltiplos fornecedores.<\/p>","protected":false},"excerpt":{"rendered":"<p>Why Choose Lost Wax for Aluminum Components? When engineering lightweight parts requires intricate detail and high dimensional accuracy,\u00a0lost wax aluminum\u00a0casting [&hellip;]<\/p>\n","protected":false},"featured_media":1521,"comment_status":"open","ping_status":"closed","template":"","meta":{"site-sidebar-layout":"default","site-content-layout":"","ast-site-content-layout":"default","site-content-style":"default","site-sidebar-style":"default","ast-global-header-display":"","ast-banner-title-visibility":"","ast-main-header-display":"","ast-hfb-above-header-display":"","ast-hfb-below-header-display":"","ast-hfb-mobile-header-display":"","site-post-title":"","ast-breadcrumbs-content":"","ast-featured-img":"","footer-sml-layout":"","ast-disable-related-posts":"","theme-transparent-header-meta":"default","adv-header-id-meta":"","stick-header-meta":"","header-above-stick-meta":"","header-main-stick-meta":"","header-below-stick-meta":"","astra-migrate-meta-layouts":"set","ast-page-background-enabled":"default","ast-page-background-meta":{"desktop":{"background-color":"var(--ast-global-color-5)","background-image":"","background-repeat":"repeat","background-position":"center center","background-size":"auto","background-attachment":"scroll","background-type":"","background-media":"","overlay-type":"","overlay-color":"","overlay-opacity":"","overlay-gradient":""},"tablet":{"background-color":"","background-image":"","background-repeat":"repeat","background-position":"center center","background-size":"auto","background-attachment":"scroll","background-type":"","background-media":"","overlay-type":"","overlay-color":"","overlay-opacity":"","overlay-gradient":""},"mobile":{"background-color":"","background-image":"","background-repeat":"repeat","background-position":"center center","background-size":"auto","background-attachment":"scroll","background-type":"","background-media":"","overlay-type":"","overlay-color":"","overlay-opacity":"","overlay-gradient":""}},"ast-content-background-meta":{"desktop":{"background-color":"var(--ast-global-color-4)","background-image":"","background-repeat":"repeat","background-position":"center center","background-size":"auto","background-attachment":"scroll","background-type":"","background-media":"","overlay-type":"","overlay-color":"","overlay-opacity":"","overlay-gradient":""},"tablet":{"background-color":"var(--ast-global-color-4)","background-image":"","background-repeat":"repeat","background-position":"center center","background-size":"auto","background-attachment":"scroll","background-type":"","background-media":"","overlay-type":"","overlay-color":"","overlay-opacity":"","overlay-gradient":""},"mobile":{"background-color":"var(--ast-global-color-4)","background-image":"","background-repeat":"repeat","background-position":"center center","background-size":"auto","background-attachment":"scroll","background-type":"","background-media":"","overlay-type":"","overlay-color":"","overlay-opacity":"","overlay-gradient":""}}},"product_brand":[],"product_cat":[21],"product_tag":[431,432,429,430,423],"class_list":{"0":"post-1520","1":"product","2":"type-product","3":"status-publish","4":"has-post-thumbnail","6":"product_cat-aluminum-alloy","7":"product_tag-a356-a357-casting","8":"product_tag-aerospace-aluminum-components","9":"product_tag-lost-wax-aluminum-casting","10":"product_tag-precision-aluminum-casting","11":"product_tag-silica-sol-investment-casting","12":"desktop-align-left","13":"tablet-align-left","14":"mobile-align-left","16":"first","17":"instock","18":"shipping-taxable","19":"product-type-simple"},"_links":{"self":[{"href":"https:\/\/haoyumaterial.com\/pt\/wp-json\/wp\/v2\/product\/1520","targetHints":{"allow":["GET"]}}],"collection":[{"href":"https:\/\/haoyumaterial.com\/pt\/wp-json\/wp\/v2\/product"}],"about":[{"href":"https:\/\/haoyumaterial.com\/pt\/wp-json\/wp\/v2\/types\/product"}],"replies":[{"embeddable":true,"href":"https:\/\/haoyumaterial.com\/pt\/wp-json\/wp\/v2\/comments?post=1520"}],"wp:featuredmedia":[{"embeddable":true,"href":"https:\/\/haoyumaterial.com\/pt\/wp-json\/wp\/v2\/media\/1521"}],"wp:attachment":[{"href":"https:\/\/haoyumaterial.com\/pt\/wp-json\/wp\/v2\/media?parent=1520"}],"wp:term":[{"taxonomy":"product_brand","embeddable":true,"href":"https:\/\/haoyumaterial.com\/pt\/wp-json\/wp\/v2\/product_brand?post=1520"},{"taxonomy":"product_cat","embeddable":true,"href":"https:\/\/haoyumaterial.com\/pt\/wp-json\/wp\/v2\/product_cat?post=1520"},{"taxonomy":"product_tag","embeddable":true,"href":"https:\/\/haoyumaterial.com\/pt\/wp-json\/wp\/v2\/product_tag?post=1520"}],"curies":[{"name":"wp","href":"https:\/\/api.w.org\/{rel}","templated":true}]}}