{"id":1715,"date":"2026-02-09T10:59:08","date_gmt":"2026-02-09T02:59:08","guid":{"rendered":"https:\/\/haoyumaterial.com\/?post_type=product&#038;p=1715"},"modified":"2026-02-09T10:59:09","modified_gmt":"2026-02-09T02:59:09","slug":"how-brass-is-made-high-precision-copper-zinc-alloys-by-vastmaterial","status":"publish","type":"product","link":"https:\/\/haoyumaterial.com\/pt\/product\/how-brass-is-made-high-precision-copper-zinc-alloys-by-vastmaterial\/","title":{"rendered":"Como o Lat\u00e3o \u00c9 Fabricado: Ligas de Cobre e Zinco de Alta Precis\u00e3o da Vastmaterial"},"content":{"rendered":"<p>Aprenda como o lat\u00e3o \u00e9 fabricado na Vastmaterial, desde a fus\u00e3o da liga de cobre e zinco at\u00e9 \u00e0 tira de lat\u00e3o laminada a frio com toler\u00e2ncia dimensional rigorosa.<\/p>\n<h2>Como Fabricamos Lat\u00e3o: O Padr\u00e3o Vastmaterial<\/h2>\n<p>Na Vastmaterial, compreender\u00a0<strong>como o lat\u00e3o \u00e9 fabricado<\/strong>\u00a0\u00e9 fundamental para fornecer ligas de alto desempenho que cumprem normas globais rigorosas. O nosso processo de fabrico integra metalurgia avan\u00e7ada com um controlo de qualidade rigoroso para produzir\u00a0<strong>Liga de Cobre-Zinco<\/strong>\u00a0materiais superiores. Supervisionamos cada etapa da produ\u00e7\u00e3o, desde a fus\u00e3o inicial at\u00e9 ao corte final, garantindo que os nossos clientes recebem material com composi\u00e7\u00f5es qu\u00edmicas e propriedades mec\u00e2nicas precisas.<\/p>\n<h3>Sele\u00e7\u00e3o e Fus\u00e3o de Mat\u00e9rias-Primas (Controlo de Pureza)<\/h3>\n<p>A qualidade come\u00e7a com as mat\u00e9rias-primas. Obtemos cobre eletrol\u00edtico e zinco de alta qualidade, controlando rigorosamente a propor\u00e7\u00e3o de sucata reciclada para material virgem para manter a pureza. A mistura \u00e9 fundida em fornos de indu\u00e7\u00e3o el\u00e9trica a temperaturas superiores a 1.000 \u00b0C. Durante esta fase, realizamos an\u00e1lises qu\u00edmicas em tempo real para garantir que a composi\u00e7\u00e3o corresponde a graus espec\u00edficos, como C2600 ou C2680, antes de o metal ser vertido.<\/p>\n<h3>Fundi\u00e7\u00e3o Cont\u00ednua (Forma\u00e7\u00e3o de Lingotes)<\/h3>\n<p>Assim que a liga atinge a temperatura e composi\u00e7\u00e3o corretas, \u00e9 transferida para um forno de espera. Atrav\u00e9s da\u00a0<strong>Fundi\u00e7\u00e3o de Lingotes de Lat\u00e3o<\/strong>, o metal fundido \u00e9 solidificado em placas ou lingotes. Esta t\u00e9cnica de fundi\u00e7\u00e3o cont\u00ednua garante uma estrutura interna uniforme, minimizando a porosidade e a segrega\u00e7\u00e3o, o que \u00e9 fundamental para a integridade estrutural do produto final.<\/p>\n<h3>Processo de Lamina\u00e7\u00e3o a Quente<\/h3>\n<p>Os lingotes solidificados s\u00e3o pr\u00e9-aquecidos e passados pelo nosso\u00a0<strong>Laminador a Quente<\/strong>. Sob press\u00e3o maci\u00e7a, os rolos reduzem significativamente a espessura do material. Esta etapa quebra a estrutura de gr\u00e3o fundido, melhorando as propriedades mec\u00e2nicas da liga e transformando o lingote pesado numa bobina mais fina e male\u00e1vel.<\/p>\n<h3>Fresagem de Superf\u00edcie (Desbaste)<\/h3>\n<p>A lamina\u00e7\u00e3o a quente inevitavelmente deixa oxida\u00e7\u00e3o superficial e impurezas menores. Para garantir um acabamento impec\u00e1vel, empregamos m\u00e1quinas de fresagem de precis\u00e3o para \u201cdesbastar\u201d as camadas superior e inferior da bobina. Isso remove defeitos de superf\u00edcie, garantindo que o material de base esteja limpo e liso antes de entrar na fase de processamento a frio.<\/p>\n<h3>Lamina\u00e7\u00e3o a Frio de Precis\u00e3o<\/h3>\n<p>Para alcan\u00e7ar toler\u00e2ncias de espessura precisas\u2014frequentemente at\u00e9 0,01mm\u2014o material passa por\u00a0<strong>Lamina\u00e7\u00e3o a Frio de Precis\u00e3o<\/strong>. Este processo \u00e9 realizado \u00e0 temperatura ambiente, o que endurece o lat\u00e3o e refina a estrutura do gr\u00e3o. Esta etapa \u00e9 essencial para produzir produtos de alta qualidade\u00a0<strong>Fita de Lat\u00e3o Lamina\u00e7\u00e3o a Frio<\/strong>\u00a0com a consist\u00eancia de espessura exata necess\u00e1ria para conectores eletr\u00f4nicos intricados e pe\u00e7as automotivas.<\/p>\n<h3>Tratamento de Recozimento e Pickling<\/h3>\n<p>A lamina\u00e7\u00e3o a frio induz tens\u00f5es internas e aumenta a dureza. Para personalizar o tempero do material, utilizamos um\u00a0<strong>Processo de Recozimento<\/strong>. Ao aquecer e arrefecer o lat\u00e3o, restauramos a ductilidade e ajustamos a dureza para estados espec\u00edficos (variando de macio \u2018O\u2019 a super duro \u2018SH\u2019). Ap\u00f3s o tratamento t\u00e9rmico, o lat\u00e3o passa por\u00a0<strong>Pickling e Tratamento de Superf\u00edcie<\/strong>\u00a0em banhos de \u00e1cido para remover qualquer oxida\u00e7\u00e3o, resultando numa superf\u00edcie limpa, brilhante e quimicamente est\u00e1vel.<\/p>\n<h3>Corte e Acabamento<\/h3>\n<p>A fase final envolve adaptar o produto \u00e0s dimens\u00f5es do cliente. As nossas\u00a0<strong>Linhas de Corte de Precis\u00e3o<\/strong>\u00a0cortam as bobinas largas em tiras estreitas de acordo com especifica\u00e7\u00f5es exatas de largura. Garantimos bordas sem rebarbas e uma precis\u00e3o dimensional rigorosa antes de embalar o lat\u00e3o acabado para evitar corros\u00e3o durante o transporte.<\/p>\n<h2>Especifica\u00e7\u00f5es e Grades de Material<\/h2>\n<p><img decoding=\"async\" src=\"https:\/\/haoyumaterial.com\/wp-content\/uploads\/2026\/02\/brass_alloy_grades_and_manufacturing_process_GvBY6.webp\" alt=\"ligas de lat\u00e3o e processo de fabrico\" \/><\/p>\n<p>Compreender\u00a0<strong>como o lat\u00e3o \u00e9 fabricado<\/strong>\u00a0para cumprir os padr\u00f5es industriais requer uma an\u00e1lise aprofundada da composi\u00e7\u00e3o metal\u00fargica. Na Vastmaterial, controlamos rigorosamente a propor\u00e7\u00e3o de cobre-zinco para produzir ligas que atendam a requisitos mec\u00e2nicos espec\u00edficos, seja para alta ductilidade em estampagem profunda ou rigidez para componentes estruturais.<\/p>\n<h3>Composi\u00e7\u00e3o da Liga (H62, H65, C2600)<\/h3>\n<p>O desempenho de um\u00a0<strong>liga de cobre e zinco<\/strong>\u00a0depende inteiramente da mistura espec\u00edfica de elementos. Fornecemos uma vasta gama de grades compat\u00edveis com os padr\u00f5es JIS, ASTM e GB.<\/p>\n<div class=\"table-responsive\">\n<table class=\"table\">\n<thead>\n<tr>\n<th>Grade (JIS\/ASTM)<\/th>\n<th>Nome Comum<\/th>\n<th>Composi\u00e7\u00e3o<\/th>\n<th>Caracter\u00edsticas principais<\/th>\n<\/tr>\n<\/thead>\n<tbody>\n<tr>\n<td><strong>C2600<\/strong><\/td>\n<td>Lat\u00e3o de Cartucho<\/td>\n<td>~70% Cu, 30% Zn<\/td>\n<td>Ductilidade excelente, ideal para estampagem profunda e conforma\u00e7\u00e3o.<\/td>\n<\/tr>\n<tr>\n<td><strong>H65 (C2680)<\/strong><\/td>\n<td>Lat\u00e3o Amarelo<\/td>\n<td>~65% Cu, 35% Zn<\/td>\n<td>Resist\u00eancia equilibrada e conformabilidade; amplamente utilizado em fixadores.<\/td>\n<\/tr>\n<tr>\n<td><strong>H62 (C2800)<\/strong><\/td>\n<td>Metal Muntz<\/td>\n<td>~62% Cu, 38% Zn<\/td>\n<td>Alta resist\u00eancia, mais duro que C2600, adequado para trabalho a quente.<\/td>\n<\/tr>\n<tr>\n<td><strong>C3604<\/strong><\/td>\n<td>Lat\u00e3o de corte livre<\/td>\n<td>Adicionado Pb<\/td>\n<td>Maquinabilidade superior para pe\u00e7as de precis\u00e3o.<\/td>\n<\/tr>\n<\/tbody>\n<\/table>\n<\/div>\n<h3>Formas e Dimens\u00f5es Dispon\u00edveis<\/h3>\n<p>As nossas capacidades de fabrica\u00e7\u00e3o permitem-nos processar lat\u00e3o em v\u00e1rias formas para atender \u00e0 sua linha de produ\u00e7\u00e3o. Desde placas de alta resist\u00eancia at\u00e9 folhas ultrafinas, mantemos um controle rigoroso\u00a0<strong>toler\u00e2ncia dimensional<\/strong>\u00a0em todos os produtos.<\/p>\n<ul>\n<li><strong>Formas:<\/strong>\u00a0Bobinas, Tirantes, Chapas, Folhas, Barras e Tubos.<\/li>\n<li><strong>Faixa de Espessura:<\/strong>\u00a0Capaz de reduzir at\u00e9\u00a0<strong>0,01mm<\/strong>\u00a0para eletr\u00f3nica de precis\u00e3o.<\/li>\n<li><strong>Largura:<\/strong>\u00a0Abertura personalizada dispon\u00edvel com base nas especifica\u00e7\u00f5es do cliente.<\/li>\n<\/ul>\n<h3>Classifica\u00e7\u00f5es de Temperatura e Dureza<\/h3>\n<p>A\u00a0<strong>processo de recozimento<\/strong>\u00a0e passes de lamina\u00e7\u00e3o a frio determinam o temperamento final do material. Oferecemos um espectro completo de n\u00edveis de dureza para garantir que o material se comporte exatamente como necessita durante o seu processo de fabrica\u00e7\u00e3o. Uma vez que as propriedades mec\u00e2nicas est\u00e3o definidas, tamb\u00e9m podemos aplicar\u00a0<a href=\"https:\/\/haoyumaterial.com\/pt\/services\/surface-treatment\/\">tratamentos de superf\u00edcie especializados<\/a>\u00a0para melhorar a resist\u00eancia \u00e0 corros\u00e3o ou condutividade.<\/p>\n<ul>\n<li><strong>O (Recristalizado):<\/strong>\u00a0Estrutura macia, totalmente recristalizada, para m\u00e1xima conformabilidade.<\/li>\n<li><strong>1\/4H a 1\/2H:<\/strong>\u00a0Dureza interm\u00e9dia para dobrar sem rachar.<\/li>\n<li><strong>H (Duro):<\/strong>\u00a0Alta resist\u00eancia para componentes planos.<\/li>\n<li><strong>EH \/ SH (Extra\/Duro de mola):<\/strong>\u00a0Elasticidade m\u00e1xima para molas e contactos.<\/li>\n<\/ul>\n<h2>Garantindo a Integridade Metal\u00fargica<\/h2>\n<p><img loading=\"lazy\" decoding=\"async\" class=\"alignnone  wp-image-1717\" src=\"https:\/\/haoyumaterial.com\/wp-content\/uploads\/2026\/02\/how-brass-is-made-300x300.jpg\" alt=\"\" width=\"437\" height=\"437\" srcset=\"https:\/\/haoyumaterial.com\/wp-content\/uploads\/2026\/02\/how-brass-is-made-300x300.jpg 300w, https:\/\/haoyumaterial.com\/wp-content\/uploads\/2026\/02\/how-brass-is-made-1024x1024.jpg 1024w, https:\/\/haoyumaterial.com\/wp-content\/uploads\/2026\/02\/how-brass-is-made-150x150.jpg 150w, https:\/\/haoyumaterial.com\/wp-content\/uploads\/2026\/02\/how-brass-is-made-768x768.jpg 768w, https:\/\/haoyumaterial.com\/wp-content\/uploads\/2026\/02\/how-brass-is-made-1536x1536.jpg 1536w, https:\/\/haoyumaterial.com\/wp-content\/uploads\/2026\/02\/how-brass-is-made-12x12.jpg 12w, https:\/\/haoyumaterial.com\/wp-content\/uploads\/2026\/02\/how-brass-is-made-600x600.jpg 600w, https:\/\/haoyumaterial.com\/wp-content\/uploads\/2026\/02\/how-brass-is-made-100x100.jpg 100w, https:\/\/haoyumaterial.com\/wp-content\/uploads\/2026\/02\/how-brass-is-made.jpg 1564w\" sizes=\"auto, (max-width: 437px) 100vw, 437px\" \/><\/p>\n<p>Compreender\u00a0<strong>como o lat\u00e3o \u00e9 fabricado<\/strong>\u00a0envolve mais do que apenas misturar cobre e zinco; requer verifica\u00e7\u00e3o rigorosa para garantir que o material desempenha exatamente como esperado. Implementamos um regime rigoroso de controlo de qualidade para garantir que cada bobina e chapa cumprem os padr\u00f5es industriais precisos.<\/p>\n<h3>Testes com Espectr\u00f3metro<\/h3>\n<p>N\u00e3o deixamos a\u00a0<strong>composi\u00e7\u00e3o metal\u00fargica<\/strong>\u00a0ao acaso. Utilizando espectr\u00f3metros de emiss\u00e3o \u00f3ptica avan\u00e7ados, analisamos a composi\u00e7\u00e3o qu\u00edmica de cada lote. Isto garante que a\u00a0<strong>liga de cobre e zinco<\/strong>\u00a0rela\u00e7\u00e3o est\u00e1 perfeitamente equilibrada para graus espec\u00edficos, como C2600 ou C2680. Esta etapa confirma que as impurezas s\u00e3o minimizadas e que o material \u00e9 quimicamente puro antes de sair da nossa\u00a0<a href=\"https:\/\/haoyumaterial.com\/pt\/factory\/\">f\u00e1brica<\/a>.<\/p>\n<h3>Testes de resist\u00eancia \u00e0 tra\u00e7\u00e3o<\/h3>\n<p>O desempenho mec\u00e2nico \u00e9 fundamental para clientes de fabrica\u00e7\u00e3o. Realizamos testes mec\u00e2nicos abrangentes para verificar\u00a0<strong>resist\u00eancia \u00e0 tra\u00e7\u00e3o<\/strong>, alongamento e dureza.<\/p>\n<ul>\n<li><strong>Controlo da Estrutura de Gr\u00e3os:<\/strong>\u00a0Verificamos se o processo de recozimento atingiu o tamanho de gr\u00e3o adequado para uma formabilidade \u00f3tima.<\/li>\n<li><strong>Verifica\u00e7\u00e3o de Desempenho:<\/strong>\u00a0Garantimos que a tira de lat\u00e3o pode suportar as tens\u00f5es f\u00edsicas de estampagem, dobragem ou estampagem profunda sem rachar.<\/li>\n<\/ul>\n<h3>Certifica\u00e7\u00f5es ISO &amp; RoHS<\/h3>\n<p>O nosso compromisso com a qualidade \u00e9 respaldado por padr\u00f5es globais. Os nossos sistemas de gest\u00e3o s\u00e3o\u00a0<strong>sistema de gest\u00e3o da qualidade certificado ISO 9001:2015<\/strong>, garantindo consist\u00eancia em todas as linhas de produ\u00e7\u00e3o. Al\u00e9m disso, os nossos materiais s\u00e3o\u00a0<strong>compat\u00edveis com SGS\/RoHS<\/strong>, tornando-os seguros e adequados para exporta\u00e7\u00e3o para mercados que exigem rigorosa conformidade ambiental, como os setores de eletr\u00f3nica e autom\u00f3vel.<\/p>\n<h2>Ind\u00fastrias impulsionadas pelo Lat\u00e3o Vastmaterial<\/h2>\n<p><img loading=\"lazy\" decoding=\"async\" class=\"wp-image-1718\" src=\"https:\/\/haoyumaterial.com\/wp-content\/uploads\/2026\/02\/dark-copper-300x225.jpg\" alt=\"\" width=\"631\" height=\"473\" srcset=\"https:\/\/haoyumaterial.com\/wp-content\/uploads\/2026\/02\/dark-copper-300x225.jpg 300w, https:\/\/haoyumaterial.com\/wp-content\/uploads\/2026\/02\/dark-copper-1024x768.jpg 1024w, https:\/\/haoyumaterial.com\/wp-content\/uploads\/2026\/02\/dark-copper-768x576.jpg 768w, https:\/\/haoyumaterial.com\/wp-content\/uploads\/2026\/02\/dark-copper-1536x1152.jpg 1536w, https:\/\/haoyumaterial.com\/wp-content\/uploads\/2026\/02\/dark-copper-2048x1536.jpg 2048w, https:\/\/haoyumaterial.com\/wp-content\/uploads\/2026\/02\/dark-copper-16x12.jpg 16w, https:\/\/haoyumaterial.com\/wp-content\/uploads\/2026\/02\/dark-copper-600x450.jpg 600w\" sizes=\"auto, (max-width: 631px) 100vw, 631px\" \/><\/p>\n<p>Compreender\u00a0<strong>como o lat\u00e3o \u00e9 fabricado<\/strong>\u00a0d\u00e3o aos nossos clientes a confian\u00e7a de que os nossos materiais podem suportar as exig\u00eancias rigorosas dos seus setores espec\u00edficos. Porque controlamos cada etapa\u2014desde a mistura inicial\u00a0<strong>liga de cobre e zinco<\/strong>\u00a0at\u00e9 ao corte final\u2014entregamos materiais adaptados para aplica\u00e7\u00f5es de alto desempenho.<\/p>\n<h3>Componentes El\u00e9tricos<\/h3>\n<p>A precis\u00e3o n\u00e3o \u00e9 negoci\u00e1vel na eletr\u00f3nica. O nosso\u00a0<strong>toler\u00e2ncia dimensional<\/strong>\u00a0controlo garante que as tiras de lat\u00e3o usadas em conectores, terminais e molas de rel\u00e9 encaixam perfeitamente nas linhas de montagem automatizadas.<\/p>\n<ul>\n<li><strong>Alta Condutividade:<\/strong>\u00a0Otimizamos a estrutura de gr\u00e3os para maximizar o fluxo el\u00e9trico.<\/li>\n<li><strong>Resist\u00eancia \u00e0 Corros\u00e3o:<\/strong>\u00a0Essencial para interruptores e tomadas expostos a ambientes vari\u00e1veis.<\/li>\n<\/ul>\n<h3>Pe\u00e7as Autom\u00f3veis<\/h3>\n<p>A ind\u00fastria autom\u00f3vel depende de materiais que equilibram resist\u00eancia com conformabilidade. O nosso lat\u00e3o \u00e9 desenvolvido para componentes como n\u00facleos de radiadores, sensores e sistemas de manuseio de fluidos. Para sistemas de seguran\u00e7a especializados em ve\u00edculos, fornecemos materiais compat\u00edveis com fabrica\u00e7\u00e3o de alta precis\u00e3o, semelhante ao nosso\u00a0<a href=\"https:\/\/haoyumaterial.com\/pt\/product\/copper-nickel-alloy-brake-line-machining-service\/\">servi\u00e7os de usinagem de linhas de trav\u00e3o de liga de cobre-n\u00edquel<\/a>, garantindo fiabilidade sob press\u00e3o.<\/p>\n<h3>Decora\u00e7\u00e3o Arquitet\u00f3nica<\/h3>\n<p>A est\u00e9tica impulsiona este setor. Fornecemos\u00a0<strong>folha de lat\u00e3o<\/strong>\u00a0com acabamentos de superf\u00edcie impec\u00e1veis para design de interiores, pain\u00e9is de elevadores e acabamentos decorativos.<\/p>\n<ul>\n<li><strong>Consist\u00eancia de Cor:<\/strong>\u00a0Controlo rigoroso da liga evita varia\u00e7\u00f5es de cor entre lotes.<\/li>\n<li><strong>Conformabilidade:<\/strong>\u00a0Ideal para processos de estampagem e grava\u00e7\u00e3o intrincados.<\/li>\n<\/ul>\n<h3>Defesa e Muni\u00e7\u00f5es<\/h3>\n<p>Este setor exige o mais alto\u00a0<strong>resist\u00eancia \u00e0 tra\u00e7\u00e3o<\/strong>\u00a0e ductilidade. Fabricamos ligas espec\u00edficas, como\u00a0<strong>C2600<\/strong>\u00a0e\u00a0<strong>Lat\u00e3o C2800<\/strong>, que s\u00e3o essenciais para aplica\u00e7\u00f5es de estampagem profunda, como cartuchos. O nosso processo de recozimento \u00e9 ajustado para garantir que o material possa expandir-se rapidamente sem rachar, cumprindo especifica\u00e7\u00f5es militares rigorosas.<\/p>\n<h2>Perguntas Frequentes Sobre a Produ\u00e7\u00e3o de Lat\u00e3o<\/h2>\n<h3>Qual \u00e9 a diferen\u00e7a entre lat\u00e3o e bronze?<\/h3>\n<p>Embora ambos sejam ligas \u00e0 base de cobre, a principal diferen\u00e7a reside nos seus elementos de liga.\u00a0<strong>Lat\u00e3o \u00e9 uma liga de cobre e zinco<\/strong>, conhecida pela sua apar\u00eancia dourada brilhante, alta maleabilidade e excelentes propriedades ac\u00fasticas. \u00c9 amplamente utilizado em instrumentos musicais, cartuchos e acabamentos decorativos. O bronze, por outro lado, \u00e9 principalmente cobre e estanho. Tende a ser mais duro, com uma tonalidade castanho-avermelhada, e oferece resist\u00eancia superior \u00e0 corros\u00e3o, tornando-o ideal para aplica\u00e7\u00f5es mar\u00edtimas e rolamentos. Na Vastmaterial, especializamo-nos em formula\u00e7\u00f5es de lat\u00e3o de alta precis\u00e3o, como C2600 e C2680, para atender \u00e0s necessidades industriais espec\u00edficas.<\/p>\n<h3>A Vastmaterial pode personalizar a dureza do lat\u00e3o?<\/h3>\n<p>Sim, controlar o temperamento \u00e9 uma parte fundamental de\u00a0<strong>como o lat\u00e3o \u00e9 fabricado<\/strong>\u00a0nas nossas instala\u00e7\u00f5es. Atrav\u00e9s das nossas precisas\u00a0<strong>processo de recozimento<\/strong>\u00a0e t\u00e9cnicas de laminagem a frio, podemos ajustar as propriedades mec\u00e2nicas do material para se adequarem \u00e0 sua aplica\u00e7\u00e3o. N\u00e3o vendemos apenas stock padr\u00e3o; projetamos o lat\u00e3o para classifica\u00e7\u00f5es de dureza espec\u00edficas, incluindo:<\/p>\n<ul>\n<li><strong>O (Mole):<\/strong>\u00a0Totalmente recozido para m\u00e1xima ductilidade.<\/li>\n<li><strong>1\/4H a 1\/2H:<\/strong>\u00a0Dureza moderada para opera\u00e7\u00f5es de forma\u00e7\u00e3o.<\/li>\n<li><strong>H (Duro) a EH (Extra Duro):<\/strong>\u00a0Para aplica\u00e7\u00f5es que exigem alta rigidez e propriedades de mola.<\/li>\n<li><strong>SH (Super Duro):<\/strong>\u00a0Especializado para componentes que necessitam de extrema durabilidade.<\/li>\n<\/ul>\n<h3>A vossa produ\u00e7\u00e3o de lat\u00e3o \u00e9 ecol\u00f3gica?<\/h3>\n<p>A sustentabilidade \u00e9 fundamental para as nossas opera\u00e7\u00f5es. O lat\u00e3o \u00e9 um dos metais mais recicl\u00e1veis do mundo, e o nosso processo utiliza fortemente\u00a0<strong>reciclagem de sucata<\/strong>\u00a0para minimizar o desperd\u00edcio sem comprometer a pureza. Operamos sob rigorosos sistemas de gest\u00e3o ambiental, garantindo que todos os nossos produtos s\u00e3o\u00a0<strong>compat\u00edveis com RoHS<\/strong>. Ao refinar sucata limpa e controlar rigorosamente o processo de fus\u00e3o, reduzimos a pegada de carbono associada \u00e0 extra\u00e7\u00e3o de min\u00e9rio virgem, mantendo a alta integridade metal\u00fargica que os nossos clientes em Portugal esperam.<\/p>\n<p>&nbsp;<\/p>","protected":false},"excerpt":{"rendered":"<p>Learn how brass is made at Vastmaterial from copper zinc alloy melting to cold rolled brass strip with tight dimensional [&hellip;]<\/p>\n","protected":false},"featured_media":1716,"comment_status":"open","ping_status":"closed","template":"","meta":{"site-sidebar-layout":"default","site-content-layout":"","ast-site-content-layout":"default","site-content-style":"default","site-sidebar-style":"default","ast-global-header-display":"","ast-banner-title-visibility":"","ast-main-header-display":"","ast-hfb-above-header-display":"","ast-hfb-below-header-display":"","ast-hfb-mobile-header-display":"","site-post-title":"","ast-breadcrumbs-content":"","ast-featured-img":"","footer-sml-layout":"","ast-disable-related-posts":"","theme-transparent-header-meta":"default","adv-header-id-meta":"","stick-header-meta":"","header-above-stick-meta":"","header-main-stick-meta":"","header-below-stick-meta":"","astra-migrate-meta-layouts":"set","ast-page-background-enabled":"default","ast-page-background-meta":{"desktop":{"background-color":"var(--ast-global-color-5)","background-image":"","background-repeat":"repeat","background-position":"center center","background-size":"auto","background-attachment":"scroll","background-type":"","background-media":"","overlay-type":"","overlay-color":"","overlay-opacity":"","overlay-gradient":""},"tablet":{"background-color":"","background-image":"","background-repeat":"repeat","background-position":"center center","background-size":"auto","background-attachment":"scroll","background-type":"","background-media":"","overlay-type":"","overlay-color":"","overlay-opacity":"","overlay-gradient":""},"mobile":{"background-color":"","background-image":"","background-repeat":"repeat","background-position":"center center","background-size":"auto","background-attachment":"scroll","background-type":"","background-media":"","overlay-type":"","overlay-color":"","overlay-opacity":"","overlay-gradient":""}},"ast-content-background-meta":{"desktop":{"background-color":"var(--ast-global-color-4)","background-image":"","background-repeat":"repeat","background-position":"center center","background-size":"auto","background-attachment":"scroll","background-type":"","background-media":"","overlay-type":"","overlay-color":"","overlay-opacity":"","overlay-gradient":""},"tablet":{"background-color":"var(--ast-global-color-4)","background-image":"","background-repeat":"repeat","background-position":"center center","background-size":"auto","background-attachment":"scroll","background-type":"","background-media":"","overlay-type":"","overlay-color":"","overlay-opacity":"","overlay-gradient":""},"mobile":{"background-color":"var(--ast-global-color-4)","background-image":"","background-repeat":"repeat","background-position":"center center","background-size":"auto","background-attachment":"scroll","background-type":"","background-media":"","overlay-type":"","overlay-color":"","overlay-opacity":"","overlay-gradient":""}}},"product_brand":[],"product_cat":[25,26,27],"product_tag":[],"class_list":{"0":"post-1715","1":"product","2":"type-product","3":"status-publish","4":"has-post-thumbnail","6":"product_cat-copper-alloy","7":"product_cat-brass","8":"product_cat-bronze","9":"desktop-align-left","10":"tablet-align-left","11":"mobile-align-left","13":"first","14":"instock","15":"shipping-taxable","16":"product-type-simple"},"_links":{"self":[{"href":"https:\/\/haoyumaterial.com\/pt\/wp-json\/wp\/v2\/product\/1715","targetHints":{"allow":["GET"]}}],"collection":[{"href":"https:\/\/haoyumaterial.com\/pt\/wp-json\/wp\/v2\/product"}],"about":[{"href":"https:\/\/haoyumaterial.com\/pt\/wp-json\/wp\/v2\/types\/product"}],"replies":[{"embeddable":true,"href":"https:\/\/haoyumaterial.com\/pt\/wp-json\/wp\/v2\/comments?post=1715"}],"wp:featuredmedia":[{"embeddable":true,"href":"https:\/\/haoyumaterial.com\/pt\/wp-json\/wp\/v2\/media\/1716"}],"wp:attachment":[{"href":"https:\/\/haoyumaterial.com\/pt\/wp-json\/wp\/v2\/media?parent=1715"}],"wp:term":[{"taxonomy":"product_brand","embeddable":true,"href":"https:\/\/haoyumaterial.com\/pt\/wp-json\/wp\/v2\/product_brand?post=1715"},{"taxonomy":"product_cat","embeddable":true,"href":"https:\/\/haoyumaterial.com\/pt\/wp-json\/wp\/v2\/product_cat?post=1715"},{"taxonomy":"product_tag","embeddable":true,"href":"https:\/\/haoyumaterial.com\/pt\/wp-json\/wp\/v2\/product_tag?post=1715"}],"curies":[{"name":"wp","href":"https:\/\/api.w.org\/{rel}","templated":true}]}}