{"id":1789,"date":"2026-02-16T08:35:44","date_gmt":"2026-02-16T00:35:44","guid":{"rendered":"https:\/\/haoyumaterial.com\/?post_type=product&#038;p=1789"},"modified":"2026-02-16T08:35:45","modified_gmt":"2026-02-16T00:35:45","slug":"aluminum-prototype-services-rapid-cnc-machining-and-casting","status":"publish","type":"product","link":"https:\/\/haoyumaterial.com\/pt\/product\/aluminum-prototype-services-rapid-cnc-machining-and-casting\/","title":{"rendered":"Servi\u00e7os de Prot\u00f3tipos de Alum\u00ednio Usinagem CNC R\u00e1pida e Fundi\u00e7\u00e3o"},"content":{"rendered":"<p>Custom aluminum prototype services with CNC machining and casting for rapid precise low volume production and aerospace grade alloys.<\/p>\n<h2>As nossas Capacidades de Prot\u00f3tipagem de Alum\u00ednio<\/h2>\n<p>A lutar para validar os seus desenhos porque est\u00e1 \u00e0 espera de pe\u00e7as de metal? Sabemos que no desenvolvimento de produtos, a velocidade \u00e9 tudo, mas a precis\u00e3o \u00e9 inegoci\u00e1vel. Especializamo-nos em produ\u00e7\u00e3o de alta fidelidade\u00a0<strong>prot\u00f3tipo de alum\u00ednio<\/strong>\u00a0que preenche a lacuna entre ficheiros digitais CAD e a realidade f\u00edsica.<\/p>\n<p>N\u00e3o cortamos apenas metal; fornecemos uma combina\u00e7\u00e3o estrat\u00e9gica de\u00a0<strong>usinagem CNC personalizada de alum\u00ednio<\/strong>\u00a0e\u00a0<strong>fundi\u00e7\u00e3o de alum\u00ednio por cera perdida<\/strong>\u00a0para corresponder \u00e0 fase espec\u00edfica do seu projeto. Quer precise de um modelo est\u00e9tico \u00fanico ou de um lote funcional para testes de colis\u00e3o, a nossa oficina est\u00e1 otimizada para\u00a0<strong>prot\u00f3tipo de alum\u00ednio r\u00e1pido<\/strong>.<\/p>\n<p>Aqui est\u00e1 como lidamos com as suas necessidades de fabrica\u00e7\u00e3o distintas:<\/p>\n<ul>\n<li><strong>Fabrica\u00e7\u00e3o de Alum\u00ednio de Precis\u00e3o:<\/strong>\u00a0Alcan\u00e7amos toler\u00e2ncias apertadas usando centros de fresagem e torneamento multi-eixo, garantindo que as suas\u00a0<strong>pe\u00e7as de alum\u00ednio sob medida para OEM<\/strong>\u00a0encaixem perfeitamente na primeira tentativa.<\/li>\n<li><strong>Geometrias Complexas:<\/strong>\u00a0Para caracter\u00edsticas internas intrincadas ou formas org\u00e2nicas, os nossos\u00a0<strong>servi\u00e7os de fundi\u00e7\u00e3o de prot\u00f3tipos de alum\u00ednio<\/strong>\u00a0oferecem liberdade de design que a usinagem tradicional \u00e0s vezes limita.<\/li>\n<li><strong>Solu\u00e7\u00f5es Escal\u00e1veis:<\/strong>\u00a0Apoiamos o seu crescimento desde uma unidade \u00fanica at\u00e9\u00a0<strong>produ\u00e7\u00e3o de alum\u00ednio em baixa volume<\/strong>, utilizando\u00a0<strong>ferramentas r\u00e1pidas para alum\u00ednio<\/strong>\u00a0para manter os custos baixos antes de se comprometer com moldes de a\u00e7o duro.<\/li>\n<\/ul>\n<h2>Ligas de Alum\u00ednio Premium que Utilizamos<\/h2>\n<p><img loading=\"lazy\" decoding=\"async\" class=\"\" src=\"https:\/\/haoyumaterial.com\/wp-content\/uploads\/2026\/02\/6061-T6_7075_5052_Aluminum_Prototype_Alloys_DfAyDm.webp\" alt=\"Ligas de prot\u00f3tipo de alum\u00ednio 6061-T6 7075 5052\" width=\"581\" height=\"387\" \/><\/p>\n<h3>Atendendo a Normas Rigorosas com as Grades 6061-T6, 7075 e 5052<\/h3>\n<p>Sabemos que a sele\u00e7\u00e3o de materiais faz ou quebra um projeto. Por isso, usamos estritamente materiais certificados de alta qualidade para cada\u00a0<strong>prot\u00f3tipo de alum\u00ednio<\/strong>\u00a0que produzimos. N\u00e3o cortamos cantos na metalurgia; entregamos as propriedades mec\u00e2nicas exatas que sua equipa de engenharia especificou. Embora nos concentremos bastante em alum\u00ednio aqui, nossa instala\u00e7\u00e3o lida com uma ampla gama de\u00a0<a href=\"https:\/\/haoyumaterial.com\/pt\/casting-alloy\/\">especifica\u00e7\u00f5es de ligas de fundi\u00e7\u00e3o<\/a>\u00a0para garantir que correspondamos exatamente aos seus requisitos de design em todos os aspectos.<\/p>\n<p>Aqui est\u00e1 uma an\u00e1lise das principais grades que operamos diariamente:<\/p>\n<ul>\n<li><strong>Alum\u00ednio 6061-T6:<\/strong>\u00a0Este \u00e9 o cavalo de batalha da ind\u00fastria. Usamo-lo extensivamente para\u00a0<strong>pe\u00e7as usinadas de alum\u00ednio 6061<\/strong>\u00a0porque oferece o equil\u00edbrio perfeito entre resist\u00eancia, soldabilidade e desempenho na usinagem. \u00c9 ideal para estruturas, gabaritos automotivos e carca\u00e7as gerais.<\/li>\n<li><strong>Alum\u00ednio 7075:<\/strong>\u00a0Quando precisa de resist\u00eancia semelhante ao a\u00e7o sem o peso, recorremos a esta grade. \u00c9 o padr\u00e3o para\u00a0<strong>prot\u00f3tipos de alum\u00ednio 7075<\/strong>\u00a0e cr\u00edtico\u00a0<strong>componentes de alum\u00ednio para a avia\u00e7\u00e3o<\/strong>\u00a0onde a alta tens\u00e3o \u00e9 um fator e a falha n\u00e3o \u00e9 uma op\u00e7\u00e3o.<\/li>\n<li><strong>Alum\u00ednio 5052:<\/strong>\u00a0Mais conhecido pela sua excelente resist\u00eancia \u00e0 corros\u00e3o e conformabilidade. Normalmente usamos isto para aplica\u00e7\u00f5es mar\u00edtimas e inv\u00f3lucros complexos de chapa met\u00e1lica.<\/li>\n<\/ul>\n<p>Quer esteja \u00e0 procura de\u00a0<strong>usinagem CNC personalizada de alum\u00ednio<\/strong>\u00a0or\u00a0<strong>produ\u00e7\u00e3o de alum\u00ednio em baixa volume<\/strong>, verificamos que a integridade da mat\u00e9ria-prima corresponde perfeitamente \u00e0 sua inten\u00e7\u00e3o de produ\u00e7\u00e3o.<\/p>\n<h2>Por que Parceiro Conosco para os Seus Projetos de Prot\u00f3tipos de Alum\u00ednio?<\/h2>\n<p><img loading=\"lazy\" decoding=\"async\" class=\"alignnone  wp-image-1791\" src=\"https:\/\/haoyumaterial.com\/wp-content\/uploads\/2026\/02\/aluminium-prototype-1-300x225.jpg\" alt=\"\" width=\"503\" height=\"377\" srcset=\"https:\/\/haoyumaterial.com\/wp-content\/uploads\/2026\/02\/aluminium-prototype-1-300x225.jpg 300w, https:\/\/haoyumaterial.com\/wp-content\/uploads\/2026\/02\/aluminium-prototype-1-1024x768.jpg 1024w, https:\/\/haoyumaterial.com\/wp-content\/uploads\/2026\/02\/aluminium-prototype-1-768x576.jpg 768w, https:\/\/haoyumaterial.com\/wp-content\/uploads\/2026\/02\/aluminium-prototype-1-16x12.jpg 16w, https:\/\/haoyumaterial.com\/wp-content\/uploads\/2026\/02\/aluminium-prototype-1-600x450.jpg 600w, https:\/\/haoyumaterial.com\/wp-content\/uploads\/2026\/02\/aluminium-prototype-1.jpg 1440w\" sizes=\"auto, (max-width: 503px) 100vw, 503px\" \/><\/p>\n<p>Quando est\u00e1 a competir contra um prazo apertado de lan\u00e7amento de produto, precisa de um parceiro que compreenda a urg\u00eancia de\u00a0<strong>prot\u00f3tipo de alum\u00ednio r\u00e1pido<\/strong>\u00a0sem cortar cantos. Sabemos que no mercado, obter uma pe\u00e7a rapidamente \u00e9 in\u00fatil se n\u00e3o encaixar ou funcionar corretamente. \u00c9 por isso que nos concentramos em oferecer velocidade juntamente com\u00a0<strong>fabrica\u00e7\u00e3o de alum\u00ednio de precis\u00e3o<\/strong>, garantindo que os seus componentes atendam \u00e0s especifica\u00e7\u00f5es exatas logo ap\u00f3s a m\u00e1quina.<\/p>\n<p>N\u00e3o nos limitamos a pe\u00e7as brutas; gerimos todo o fluxo de trabalho. Desde o inicial\u00a0<strong>usinagem CNC personalizada de alum\u00ednio<\/strong>\u00a0at\u00e9 aos toques finais, garantimos que as suas pe\u00e7as est\u00e3o prontas para produ\u00e7\u00e3o. Tamb\u00e9m podemos aplicar avan\u00e7adas\u00a0<a href=\"https:\/\/haoyumaterial.com\/pt\/services\/surface-treatment\/\">servi\u00e7os de tratamento de superf\u00edcie<\/a>\u00a0para melhorar a resist\u00eancia \u00e0 corros\u00e3o e o apelo est\u00e9tico, oferecendo um prot\u00f3tipo que parece e sente como o produto final.<\/p>\n<h3>Capacidades que impulsionam o seu sucesso<\/h3>\n<p>Quer precise de uma \u00fanica unidade complexa ou\u00a0<strong>produ\u00e7\u00e3o de alum\u00ednio em baixa volume<\/strong>, a nossa oficina est\u00e1 preparada para lidar com\u00a0<strong>pe\u00e7as de alum\u00ednio sob medida para OEM<\/strong>\u00a0com qualidade consistente. Ajudamos a preencher a lacuna entre o design e a produ\u00e7\u00e3o em massa atrav\u00e9s de:<\/p>\n<ul>\n<li><strong>Precis\u00e3o Intransigente:<\/strong>\u00a0Mantemos toler\u00e2ncias apertadas para garantir que cada caracter\u00edstica corresponda perfeitamente aos seus dados CAD.<\/li>\n<li><strong>Solu\u00e7\u00f5es Escal\u00e1veis:<\/strong>\u00a0Oferecemos\u00a0<strong>ferramentas de liga\u00e7\u00e3o de alum\u00ednio<\/strong>\u00a0solu\u00e7\u00f5es que lhe permitem testar o mercado antes de comprometer-se com ferramentas duras caras.<\/li>\n<li><strong>Velocidade para o Mercado:<\/strong>\u00a0Nosso\u00a0<strong>ferramentas r\u00e1pidas para alum\u00ednio<\/strong>\u00a0os processos reduzem significativamente os prazos de entrega, colocando o seu produto nas fases de teste mais rapidamente do que os m\u00e9todos tradicionais.<\/li>\n<\/ul>\n<h2>Servindo Normas Industriais Exigentes<\/h2>\n<p><img loading=\"lazy\" decoding=\"async\" class=\"\" src=\"https:\/\/haoyumaterial.com\/wp-content\/uploads\/2026\/02\/aluminium_prototype_aerospace_automotive_parts_uLW.webp\" alt=\"pe\u00e7as de alum\u00ednio para prot\u00f3tipos aeroespaciais e autom\u00f3veis\" width=\"582\" height=\"388\" \/><\/p>\n<p>Quando entregamos um\u00a0<strong>prot\u00f3tipo de alum\u00ednio<\/strong>, sabemos que muitas vezes serve como um passo cr\u00edtico na verifica\u00e7\u00e3o de designs para ambientes de alto risco. N\u00e3o nos limitamos a cortar metal; entregamos pe\u00e7as que cumprem as rigorosas expectativas do setor de fabrica\u00e7\u00e3o portugu\u00eas, garantindo que o seu projeto transita suavemente do conceito \u00e0 valida\u00e7\u00e3o.<\/p>\n<p>Regularmente lidamos com projetos que exigem rastreabilidade total do material e rigorosa ades\u00e3o \u00e0s toler\u00e2ncias dimensionais. As nossas capacidades em\u00a0<strong>prototipagem de metal personalizada<\/strong>\u00a0permitem-nos servir setores onde a precis\u00e3o \u00e9 n\u00e3o negoci\u00e1vel:<\/p>\n<ul>\n<li><strong>Aeroespacial:<\/strong>\u00a0Fabricamos\u00a0<a href=\"https:\/\/haoyumaterial.com\/pt\/industries\/aerospace\/\">componentes da ind\u00fastria aeroespacial<\/a>\u00a0leves e de alta resist\u00eancia que cumprem os rigorosos padr\u00f5es de seguran\u00e7a e desempenho para hardware de voo.<\/li>\n<li><strong>Autom\u00f3vel:<\/strong>\u00a0Desde pe\u00e7as de gest\u00e3o t\u00e9rmica (como dissipadores de calor) a suportes estruturais, apoiamos o r\u00e1pido desenvolvimento de componentes de ve\u00edculos el\u00e9tricos e de motores de combust\u00e3o interna.<\/li>\n<li><strong>M\u00e9dico e Defesa:<\/strong>\u00a0Fornecemos prot\u00f3tipos fi\u00e1veis que mant\u00eam a estabilidade e precis\u00e3o, mesmo sob condi\u00e7\u00f5es operacionais complexas.<\/li>\n<\/ul>\n<h2>Especifica\u00e7\u00f5es T\u00e9cnicas e Toler\u00e2ncias para Prot\u00f3tipo de Alum\u00ednio<\/h2>\n<p>Ao colmatar a lacuna entre o design e a produ\u00e7\u00e3o, precisa de n\u00fameros concretos, n\u00e3o de palpites. Fornecemos\u00a0<strong>maquina\u00e7\u00e3o de alum\u00ednio com toler\u00e2ncias apertadas<\/strong>\u00a0e servi\u00e7os de fundi\u00e7\u00e3o concebidos para atingir requisitos geom\u00e9tricos rigorosos sem atrasos. Como um dedicado\u00a0<a href=\"https:\/\/haoyumaterial.com\/pt\/aluminum-casting-manufacturer-for-custom-precision-parts\/\">fabricante de fundi\u00e7\u00e3o de alum\u00ednio para pe\u00e7as de precis\u00e3o personalizadas<\/a>, garantimos que as especifica\u00e7\u00f5es no seu modelo CAD correspondem \u00e0 pe\u00e7a entregue no seu cais.<\/p>\n<p>Aqui est\u00e1 uma r\u00e1pida an\u00e1lise das nossas capacidades de fabrica\u00e7\u00e3o padr\u00e3o para\u00a0<strong>prototipagem de metal personalizada<\/strong>:<\/p>\n<div class=\"table-responsive\">\n<table class=\"table\">\n<thead>\n<tr>\n<th>Especifica\u00e7\u00e3o<\/th>\n<th>Capacidade Padr\u00e3o<\/th>\n<th>Precis\u00e3o \/ Alta Gama<\/th>\n<\/tr>\n<\/thead>\n<tbody>\n<tr>\n<td><strong>Toler\u00e2ncia Dimensional<\/strong><\/td>\n<td>\u00b1 0,1 mm (ISO 2768-m)<\/td>\n<td>\u00b1 0,005 mm (Usinagem CNC)<\/td>\n<\/tr>\n<tr>\n<td><strong>Tamanho m\u00e1ximo de constru\u00e7\u00e3o<\/strong><\/td>\n<td>500 x 500 x 400 mm<\/td>\n<td>At\u00e9 1200 mm (Segmentado)<\/td>\n<\/tr>\n<tr>\n<td><strong>Espessura da Parede<\/strong><\/td>\n<td>M\u00ednimo 1,0 mm<\/td>\n<td>M\u00ednimo 0,5 mm (dependente da geometria)<\/td>\n<\/tr>\n<tr>\n<td><strong>Rugosidade da Superf\u00edcie<\/strong><\/td>\n<td>Ra 3,2 \u03bcm (Usinado)<\/td>\n<td>Ra 0,4 \u03bcm (Polido)<\/td>\n<\/tr>\n<tr>\n<td><strong>Tempo de entrega<\/strong><\/td>\n<td>7\u201310 Dias \u00dateis<\/td>\n<td>3\u20135 Dias \u00dateis (Acelerado)<\/td>\n<\/tr>\n<\/tbody>\n<\/table>\n<\/div>\n<h3>Formatos de Arquivo Aceites e Dados<\/h3>\n<p>Para fazer o seu\u00a0<strong>prot\u00f3tipo de alum\u00ednio r\u00e1pido<\/strong>\u00a0projeto avan\u00e7ar imediatamente, seguimos estritamente os padr\u00f5es da ind\u00fastria para troca de dados.<\/p>\n<ul>\n<li><strong>Arquivos 3D:<\/strong>\u00a0STEP (.stp, .step), IGES (.igs, .iges), Parasolid (.x_t), SLDPRT.<\/li>\n<li><strong>Desenhos 2D:<\/strong>\u00a0PDF, DWG, DXF (Crucial para indicar roscas, dimens\u00f5es cr\u00edticas e especifica\u00e7\u00f5es de acabamento).<\/li>\n<\/ul>\n<h2>Perguntas Frequentes Sobre Prot\u00f3tipos de Alum\u00ednio<\/h2>\n<p>Sabemos que navegar\u00a0<strong>prototipagem de metal personalizada<\/strong>\u00a0pode gerar muitas perguntas, especialmente quando os prazos s\u00e3o apertados. Aqui est\u00e3o as respostas \u00e0s d\u00favidas mais comuns que recebemos de engenheiros e desenvolvedores de produtos em Portugal e em todo o mundo sobre os nossos\u00a0<strong>prot\u00f3tipo de alum\u00ednio<\/strong>\u00a0servi\u00e7os.<\/p>\n<h3>Como escolher entre 6061 e 7075 para o meu prot\u00f3tipo?<\/h3>\n<p>Depende realmente da aplica\u00e7\u00e3o. Se precisar de excelente resist\u00eancia \u00e0 corros\u00e3o e soldabilidade para estruturas gerais ou pe\u00e7as autom\u00f3veis,\u00a0<strong>pe\u00e7as usinadas de alum\u00ednio 6061<\/strong>\u00a0s\u00e3o geralmente a escolha padr\u00e3o. No entanto, se o seu projeto envolver aplica\u00e7\u00f5es de alta tens\u00e3o como\u00a0<strong>componentes de alum\u00ednio para a avia\u00e7\u00e3o<\/strong>, recomendamos\u00a0<strong>prot\u00f3tipos de alum\u00ednio 7075<\/strong>. Este grau oferece uma rela\u00e7\u00e3o resist\u00eancia-peso compar\u00e1vel a alguns a\u00e7os, tornando-o ideal para pe\u00e7as sob carga pesada.<\/p>\n<h3>Pode ajudar a passar do prot\u00f3tipo para a produ\u00e7\u00e3o em massa?<\/h3>\n<p>Com certeza. Especializamo-nos em\u00a0<strong>produ\u00e7\u00e3o de alum\u00ednio em baixa volume<\/strong>\u00a0para preencher a lacuna entre o conceito inicial e a fabrica\u00e7\u00e3o em escala. Frequentemente usamos\u00a0<strong>ferramentas de liga\u00e7\u00e3o de alum\u00ednio<\/strong>\u00a0t\u00e9cnicas para colocar as pe\u00e7as nas suas m\u00e3os mais rapidamente enquanto os moldes permanentes est\u00e3o a ser fabricados. Se o seu design requer geometrias complexas mais adequadas para moldagem, os nossos\u00a0<a href=\"https:\/\/haoyumaterial.com\/pt\/casting-foundry\/\">capacidades de fundi\u00e7\u00e3o de moldes<\/a>\u00a0especializados permitem-nos transformar os seus prot\u00f3tipos usinados em s\u00e9ries de fundi\u00e7\u00e3o por investimento de forma fluida.<\/p>\n<h3>Que acabamentos de superf\u00edcie oferecem?<\/h3>\n<p><strong>Acabamento de superf\u00edcie de alum\u00ednio<\/strong>\u00a0\u00e9 fundamental tanto para est\u00e9tica quanto para durabilidade. Oferecemos uma gama completa de op\u00e7\u00f5es de p\u00f3s-processamento para atender \u00e0s especifica\u00e7\u00f5es do OEM:<\/p>\n<ul>\n<li><strong>Anodiza\u00e7\u00e3o (Tipo II e Tipo III):<\/strong>\u00a0Para resist\u00eancia superior \u00e0 corros\u00e3o e personaliza\u00e7\u00e3o de cor.<\/li>\n<li><strong>Jateamento com Bolas de Vidro:<\/strong>\u00a0Para obter uma textura mate uniforme e esconder marcas de ferramenta.<\/li>\n<li><strong>Pintura a P\u00f3:<\/strong>\u00a0Para um acabamento decorativo dur\u00e1vel adequado para bens de consumo.<\/li>\n<li><strong>Convers\u00e3o de Cromato:<\/strong>\u00a0Para manter a condutividade el\u00e9trica enquanto adiciona prote\u00e7\u00e3o.<\/li>\n<\/ul>\n<h3>Qual \u00e9 o prazo t\u00edpico para prototipagem r\u00e1pida de alum\u00ednio?<\/h3>\n<p>Velocidade \u00e9 o nome do jogo. Para padr\u00e3o\u00a0<strong>usinagem CNC personalizada de alum\u00ednio<\/strong>, podemos frequentemente enviar pe\u00e7as dentro de alguns dias, dependendo da complexidade. Nosso\u00a0<strong>prot\u00f3tipo de alum\u00ednio r\u00e1pido<\/strong>\u00a0fluxo de trabalho est\u00e1 otimizado para minimizar o tempo de inatividade, garantindo que possa validar o seu projeto e chegar ao mercado mais rapidamente.<\/p>","protected":false},"excerpt":{"rendered":"<p>Custom aluminum prototype services with CNC machining and casting for rapid precise low volume production and aerospace grade alloys. Our [&hellip;]<\/p>\n","protected":false},"featured_media":1790,"comment_status":"open","ping_status":"closed","template":"","meta":{"site-sidebar-layout":"default","site-content-layout":"","ast-site-content-layout":"default","site-content-style":"default","site-sidebar-style":"default","ast-global-header-display":"","ast-banner-title-visibility":"","ast-main-header-display":"","ast-hfb-above-header-display":"","ast-hfb-below-header-display":"","ast-hfb-mobile-header-display":"","site-post-title":"","ast-breadcrumbs-content":"","ast-featured-img":"","footer-sml-layout":"","ast-disable-related-posts":"","theme-transparent-header-meta":"default","adv-header-id-meta":"","stick-header-meta":"","header-above-stick-meta":"","header-main-stick-meta":"","header-below-stick-meta":"","astra-migrate-meta-layouts":"set","ast-page-background-enabled":"default","ast-page-background-meta":{"desktop":{"background-color":"var(--ast-global-color-5)","background-image":"","background-repeat":"repeat","background-position":"center center","background-size":"auto","background-attachment":"scroll","background-type":"","background-media":"","overlay-type":"","overlay-color":"","overlay-opacity":"","overlay-gradient":""},"tablet":{"background-color":"","background-image":"","background-repeat":"repeat","background-position":"center center","background-size":"auto","background-attachment":"scroll","background-type":"","background-media":"","overlay-type":"","overlay-color":"","overlay-opacity":"","overlay-gradient":""},"mobile":{"background-color":"","background-image":"","background-repeat":"repeat","background-position":"center center","background-size":"auto","background-attachment":"scroll","background-type":"","background-media":"","overlay-type":"","overlay-color":"","overlay-opacity":"","overlay-gradient":""}},"ast-content-background-meta":{"desktop":{"background-color":"var(--ast-global-color-4)","background-image":"","background-repeat":"repeat","background-position":"center center","background-size":"auto","background-attachment":"scroll","background-type":"","background-media":"","overlay-type":"","overlay-color":"","overlay-opacity":"","overlay-gradient":""},"tablet":{"background-color":"var(--ast-global-color-4)","background-image":"","background-repeat":"repeat","background-position":"center center","background-size":"auto","background-attachment":"scroll","background-type":"","background-media":"","overlay-type":"","overlay-color":"","overlay-opacity":"","overlay-gradient":""},"mobile":{"background-color":"var(--ast-global-color-4)","background-image":"","background-repeat":"repeat","background-position":"center center","background-size":"auto","background-attachment":"scroll","background-type":"","background-media":"","overlay-type":"","overlay-color":"","overlay-opacity":"","overlay-gradient":""}}},"product_brand":[],"product_cat":[21],"product_tag":[605],"class_list":{"0":"post-1789","1":"product","2":"type-product","3":"status-publish","4":"has-post-thumbnail","6":"product_cat-aluminum-alloy","7":"product_tag-aluminium-prototype","8":"desktop-align-left","9":"tablet-align-left","10":"mobile-align-left","12":"first","13":"instock","14":"shipping-taxable","15":"product-type-simple"},"_links":{"self":[{"href":"https:\/\/haoyumaterial.com\/pt\/wp-json\/wp\/v2\/product\/1789","targetHints":{"allow":["GET"]}}],"collection":[{"href":"https:\/\/haoyumaterial.com\/pt\/wp-json\/wp\/v2\/product"}],"about":[{"href":"https:\/\/haoyumaterial.com\/pt\/wp-json\/wp\/v2\/types\/product"}],"replies":[{"embeddable":true,"href":"https:\/\/haoyumaterial.com\/pt\/wp-json\/wp\/v2\/comments?post=1789"}],"wp:featuredmedia":[{"embeddable":true,"href":"https:\/\/haoyumaterial.com\/pt\/wp-json\/wp\/v2\/media\/1790"}],"wp:attachment":[{"href":"https:\/\/haoyumaterial.com\/pt\/wp-json\/wp\/v2\/media?parent=1789"}],"wp:term":[{"taxonomy":"product_brand","embeddable":true,"href":"https:\/\/haoyumaterial.com\/pt\/wp-json\/wp\/v2\/product_brand?post=1789"},{"taxonomy":"product_cat","embeddable":true,"href":"https:\/\/haoyumaterial.com\/pt\/wp-json\/wp\/v2\/product_cat?post=1789"},{"taxonomy":"product_tag","embeddable":true,"href":"https:\/\/haoyumaterial.com\/pt\/wp-json\/wp\/v2\/product_tag?post=1789"}],"curies":[{"name":"wp","href":"https:\/\/api.w.org\/{rel}","templated":true}]}}