{"id":1816,"date":"2026-02-18T09:08:57","date_gmt":"2026-02-18T01:08:57","guid":{"rendered":"https:\/\/haoyumaterial.com\/"},"modified":"2026-02-18T09:08:57","modified_gmt":"2026-02-18T01:08:57","slug":"high-precision-casting-services-tight-tolerance-metal-parts","status":"publish","type":"product","link":"https:\/\/haoyumaterial.com\/pt\/product\/high-precision-casting-services-tight-tolerance-metal-parts\/","title":{"rendered":"Servi\u00e7os de Fundi\u00e7\u00e3o de Alta Precis\u00e3o Pe\u00e7as de Metal com Toler\u00e2ncias Rigorosas"},"content":{"rendered":"<p>Servi\u00e7os de fundi\u00e7\u00e3o de alta precis\u00e3o com toler\u00e2ncias apertadas, ligas avan\u00e7adas usinagem CNC e acabamento de superf\u00edcie para pe\u00e7as industriais complexas.<\/p>\n<h2>Fundi\u00e7\u00e3o de Alta Precis\u00e3o e Fabrica\u00e7\u00e3o de Metal Personalizada<\/h2>\n<p>Est\u00e1 a ter dificuldades em encontrar componentes met\u00e1licos fi\u00e1veis que exijam precis\u00e3o dimensional rigorosa? N\u00f3s especializamo-nos em\u00a0<strong>fundi\u00e7\u00e3o de alta precis\u00e3o<\/strong>\u00a0e fabrica\u00e7\u00e3o de metal personalizada, projetada para atender \u00e0s suas especifica\u00e7\u00f5es exatas. Costumamos construir\u00a0<strong>pe\u00e7as de metal com geometria complexa<\/strong>\u00a0com precis\u00e3o ao n\u00edvel de microns, garantindo que o seu produto final funcione perfeitamente no mundo real.<\/p>\n<p>A nossa fundi\u00e7\u00e3o de metal personalizada \u00e9 constru\u00edda para acompanhar diretamente o cronograma do seu projeto, oferecendo uma transi\u00e7\u00e3o perfeita desde o conceito inicial at\u00e9 \u00e0 implementa\u00e7\u00e3o final:<\/p>\n<ul>\n<li><strong>Precis\u00e3o ao N\u00edvel de Microns:<\/strong>\u00a0Execu\u00e7\u00e3o impec\u00e1vel de designs intricados com as toler\u00e2ncias dimensionais mais apertadas.<\/li>\n<li><strong>Fundi\u00e7\u00e3o de Prot\u00f3tipos R\u00e1pidos:<\/strong>\u00a0Tempos de resposta r\u00e1pidos e fi\u00e1veis para testar, validar e aperfei\u00e7oar os seus designs iniciais.<\/li>\n<li><strong>Produ\u00e7\u00e3o em Massa:<\/strong>\u00a0Escalonamento econ\u00f3mico e sem problemas desde lotes de prova de conceito de baixo volume at\u00e9 \u00e0 produ\u00e7\u00e3o em grande escala.<\/li>\n<\/ul>\n<p>Deixe de comprometer a qualidade dos componentes e os prazos de produ\u00e7\u00e3o.\u00a0<strong>Solicite uma Cota\u00e7\u00e3o Personalizada<\/strong>\u00a0hoje para lan\u00e7ar o seu pr\u00f3ximo projeto, ou explore a nossa lista completa de capacidades de fundi\u00e7\u00e3o e\u00a0<strong>servi\u00e7os de usinagem CNC de precis\u00e3o<\/strong>\u00a0para ver exatamente como podemos otimizar a sua cadeia de fornecimento de fabrica\u00e7\u00e3o.<\/p>\n<h2>O que Diferencia a Nossa Fundi\u00e7\u00e3o de Precis\u00e3o?<\/h2>\n<h3>Sinergia entre Fundi\u00e7\u00e3o de Forma Neta e Usinagem CNC de Precis\u00e3o<\/h3>\n<p>N\u00e3o apenas fundimos metal; projetamos precis\u00e3o. O nosso processo de fabrica\u00e7\u00e3o integra a liberdade geom\u00e9trica de\u00a0<strong>Fundi\u00e7\u00e3o de Forma Neta<\/strong>\u00a0com as toler\u00e2ncias apertadas de\u00a0<strong>Servi\u00e7os de Usinagem CNC de Precis\u00e3o<\/strong>. Esta abordagem h\u00edbrida permite-nos produzir\u00a0<strong>Pe\u00e7as de Metal com Geometria Complexa<\/strong>\u2014 incluindo canais internos intricados e estruturas de paredes finas \u2014 que os m\u00e9todos tradicionais de usinagem muitas vezes t\u00eam dificuldade em replicar de forma eficiente.<\/p>\n<h3>Efici\u00eancia e Excel\u00eancia de Superf\u00edcie<\/h3>\n<p>Ao focar na produ\u00e7\u00e3o de forma quase l\u00edquida, minimizamos drasticamente o desperd\u00edcio de mat\u00e9ria-prima e reduzimos os tempos de ciclo. Esta efici\u00eancia \u00e9 vital quer estejamos a fundir componentes industriais pesados ou leves\u00a0<a href=\"https:\/\/haoyumaterial.com\/pt\/categoria-produto\/aluminum-alloy\/\">ligas de alum\u00ednio<\/a>. Obt\u00e9m uma pe\u00e7a que est\u00e1 funcionalmente completa logo ap\u00f3s a moldagem, requerendo apenas acabamento m\u00ednimo.<\/p>\n<ul>\n<li><strong>Minimizar Desperd\u00edcio:<\/strong>\u00a0A conforma\u00e7\u00e3o de forma quase l\u00edquida reduz a quantidade de material de stock que precisa ser removido, baixando os custos globais do projeto.<\/li>\n<li><strong>Acabamento Superior:<\/strong>\u00a0Conseguimos um acabamento de superf\u00edcie de fundi\u00e7\u00e3o de alta qualidade\u00a0<strong>RMS de Acabamento de Superf\u00edcie de Fundi\u00e7\u00e3o<\/strong>, entregando consistentemente uma m\u00e9dia de rugosidade (Ra) de 3,2-6,3 $\u03bcm$.<\/li>\n<\/ul>\n<h2>Especifica\u00e7\u00f5es T\u00e9cnicas &amp; Toler\u00e2ncias<\/h2>\n<p>Na Haoyu, tratamos as especifica\u00e7\u00f5es como requisitos, n\u00e3o sugest\u00f5es. Como fabricante de fundi\u00e7\u00e3o certificado\u00a0<strong>ISO 9001<\/strong>, combinamos t\u00e9cnicas de fundi\u00e7\u00e3o comprovadas com metrologia moderna para garantir fiabilidade. Ao aproveitar\u00a0<a href=\"https:\/\/haoyumaterial.com\/pt\/advanced-casting-technology-for-improved-foundry-yield-and-metal-purity\/\">tecnologia avan\u00e7ada de fundi\u00e7\u00e3o<\/a>, mantemos um controlo rigoroso sobre a pureza do metal e a estabilidade dimensional, garantindo a sua\u00a0<strong>fundi\u00e7\u00e3o de alta precis\u00e3o<\/strong>\u00a0os projetos funcionam exatamente como previsto.<\/p>\n<p>Ligamos a lacuna entre fundi\u00e7\u00e3o bruta e engenharia de precis\u00e3o atrav\u00e9s das seguintes capacidades:<\/p>\n<ul>\n<li><strong>M\u00e9todos Vers\u00e1teis:<\/strong>\u00a0Especializamo-nos na\u00a0<strong>Processo de Fundi\u00e7\u00e3o por Investimento<\/strong>\u00a0(Cera Perdida), juntamente com fundi\u00e7\u00e3o sob press\u00e3o e v\u00e1cuo para ligas especializadas que exigem uma fus\u00e3o mais limpa.<\/li>\n<li><strong>Precis\u00e3o Extrema:<\/strong>\u00a0Alcan\u00e7amos toler\u00e2ncias padr\u00e3o de fundi\u00e7\u00e3o de acordo com a ISO 8062 CT4-CT6. Para superf\u00edcies de encaixe cr\u00edticas que requerem\u00a0<strong>Pe\u00e7as de Metal com Toler\u00e2ncia Apertada<\/strong>, as nossas opera\u00e7\u00f5es CNC internas ajustam a precis\u00e3o at\u00e9 $pm 0,005$mm.<\/li>\n<li><strong>Excel\u00eancia de Superf\u00edcie:<\/strong>\u00a0Os acabamentos padr\u00e3o variam de Ra 3,2 a 6,3 $\u03bcm$. Tamb\u00e9m oferecemos eletropolimento e acabamento espelhado para atender a requisitos espec\u00edficos\u00a0<strong>RMS de Acabamento de Superf\u00edcie de Fundi\u00e7\u00e3o<\/strong>\u00a0para aplica\u00e7\u00f5es m\u00e9dicas ou aeroespaciais.<\/li>\n<\/ul>\n<h3>Vis\u00e3o Geral das Capacidades<\/h3>\n<div class=\"table-responsive\">\n<table class=\"table\">\n<thead>\n<tr>\n<th>Caracter\u00edstica<\/th>\n<th>Especifica\u00e7\u00e3o<\/th>\n<\/tr>\n<\/thead>\n<tbody>\n<tr>\n<td><strong>Processos de Fundi\u00e7\u00e3o<\/strong><\/td>\n<td>\u00a0 \u00a0 \u00a0Fundi\u00e7\u00e3o (Cera Perdida), V\u00e1cuo, Press\u00e3o<\/td>\n<\/tr>\n<tr>\n<td><strong>Toler\u00e2ncia Dimensional<\/strong><\/td>\n<td>\u00a0 \u00a0 \u00a0 \u00a0 \u00a0 \u00a0ISO 8062 CT4-CT6 (Fundido a quente)<\/td>\n<\/tr>\n<tr>\n<td><strong>Precis\u00e3o CNC<\/strong><\/td>\n<td>\u00a0 \u00a0 \u00a0 \u00a0 \u00a0 \u00a0 \u00a0At\u00e9 $pm 0,005$mm<\/td>\n<\/tr>\n<tr>\n<td><strong>Faixa de Peso da Pe\u00e7a<\/strong><\/td>\n<td>\u00a0 \u00a0 \u00a0 \u00a0 \u00a0 \u00a0 0,005 kg a 150 kg<\/td>\n<\/tr>\n<tr>\n<td><strong>Espessura m\u00ednima da parede<\/strong><\/td>\n<td>\u00a0 \u00a0 \u00a0 \u00a0 \u00a0 \u00a01,0mm (dependente do material)<\/td>\n<\/tr>\n<tr>\n<td><strong>Rugosidade da Superf\u00edcie<\/strong><\/td>\n<td>\u00a0 \u00a0 \u00a0 \u00a0Ra 3,2 \u2013 6,3 $\u03bcm$ (Padr\u00e3o)<\/td>\n<\/tr>\n<\/tbody>\n<\/table>\n<\/div>\n<h2>Fundi\u00e7\u00e3o de Ligas de Alto Desempenho<\/h2>\n<p><img loading=\"lazy\" decoding=\"async\" class=\"alignnone  wp-image-1818\" src=\"https:\/\/haoyumaterial.com\/wp-content\/uploads\/2026\/02\/high-precision-casting-225x300.png\" alt=\"\" width=\"344\" height=\"459\" srcset=\"https:\/\/haoyumaterial.com\/wp-content\/uploads\/2026\/02\/high-precision-casting-225x300.png 225w, https:\/\/haoyumaterial.com\/wp-content\/uploads\/2026\/02\/high-precision-casting-9x12.png 9w, https:\/\/haoyumaterial.com\/wp-content\/uploads\/2026\/02\/high-precision-casting.png 433w\" sizes=\"auto, (max-width: 344px) 100vw, 344px\" \/><\/p>\n<p>Fornecendo pe\u00e7as fi\u00e1veis atrav\u00e9s de\u00a0<strong>fundi\u00e7\u00e3o de alta precis\u00e3o<\/strong>\u00a0significa come\u00e7ar com o metal certo. Trazemos um profundo conhecimento de materiais para o seu projeto para garantir uma estabilidade t\u00e9rmica e qu\u00edmica rigorosa, especialmente para componentes que operam em ambientes agressivos.<\/p>\n<p>Quer a sua produ\u00e7\u00e3o com sede em Portugal exija uma resist\u00eancia superior \u00e0 corros\u00e3o ou uma elevada resist\u00eancia \u00e0 tra\u00e7\u00e3o sob calor extremo, vertemos a liga precisa que o trabalho exige.<\/p>\n<h3>Capacidades de Materiais<\/h3>\n<ul>\n<li><strong>A\u00e7o Inoxid\u00e1vel e Duplex:<\/strong>\u00a0Fi\u00e1vel\u00a0<strong>fundi\u00e7\u00e3o de investimento em a\u00e7o inoxid\u00e1vel<\/strong>\u00a0em graus como 304, 316L e 2205 para excelente durabilidade e resist\u00eancia \u00e0 ferrugem.<\/li>\n<li><strong>Superligas e Materiais de Alta Temperatura:<\/strong>\u00a0Pesado\u00a0<a href=\"https:\/\/haoyumaterial.com\/pt\/material-classification-and-product-applications-of-superalloys\/\">fundi\u00e7\u00e3o de superligas<\/a>\u00a0utilizando metais como Inconel e Hastelloy para manter a integridade estrutural sob calor e stress intensos.<\/li>\n<li><strong>Ligas N\u00e3o Ferrosas:<\/strong>\u00a0Op\u00e7\u00f5es vers\u00e1teis, leves e condutoras, incluindo tit\u00e2nio, cobre e alta toler\u00e2ncia\u00a0<a href=\"https:\/\/haoyumaterial.com\/pt\/product\/aluminum-die-casting-services-high-precision-oem-manufacturer-aluminum-die-casting-services-with-200t3500t-machines-tight-tolerances-multiple-alloys-cnc-machining-and-finishing-for-oem-industries\/\">servi\u00e7os de fundi\u00e7\u00e3o de alum\u00ednio<\/a>.<\/li>\n<li><strong>Materiais Especiais:<\/strong>\u00a0Metais avan\u00e7ados, como cr\u00f3mio, cobalto e molibd\u00e9nio, para aplica\u00e7\u00f5es industriais m\u00e9dicas, aeroespaciais e de alto desgaste rigorosas.<\/li>\n<\/ul>\n<h2>Do Design \u00e0 Pe\u00e7a Acabada: O Nosso Processo<\/h2>\n<p>Assumimos total responsabilidade pelo seu projeto, guiando-o desde um conceito digital at\u00e9 um componente pronto para produ\u00e7\u00e3o. Ao integrar\u00a0<strong>Fundi\u00e7\u00e3o de Forma Neta<\/strong>\u00a0princ\u00edpios desde o in\u00edcio, simplificamos a produ\u00e7\u00e3o para lhe poupar tempo e dinheiro. Gerimos todas as vari\u00e1veis para garantir que o produto final corresponde \u00e0s suas especifica\u00e7\u00f5es exatas de impress\u00e3o.<\/p>\n<p>Eis como transformamos a engenharia complexa em realidade:<\/p>\n<ul>\n<li><strong>I&amp;D e Ferramentas:<\/strong>\u00a0N\u00e3o adivinhamos; simulamos. Utilizando software avan\u00e7ado de CAD e simula\u00e7\u00e3o de fluxo, analisamos padr\u00f5es de solidifica\u00e7\u00e3o para projetar ferramentas que eliminam a porosidade e a contra\u00e7\u00e3o antes mesmo de vertermos o metal.<\/li>\n<li><strong>Inje\u00e7\u00e3o de Cera &amp; Constru\u00e7\u00e3o de Casca:<\/strong>\u00a0A consist\u00eancia \u00e9 fundamental na\u00a0<strong>Processo de Fundi\u00e7\u00e3o por Investimento<\/strong>. Utilizamos inje\u00e7\u00e3o automatizada de cera para criar r\u00e9plicas precisas, seguidas pela constru\u00e7\u00e3o de cascas de cer\u00e2mica de alta resist\u00eancia que definem o acabamento final da superf\u00edcie.<\/li>\n<li><strong>Opera\u00e7\u00f5es Secund\u00e1rias:<\/strong>\u00a0Assim que o metal esfria, refinamos a pe\u00e7a. Esta fase inclui corte, moagem e utiliza\u00e7\u00e3o dos nossos\u00a0<a href=\"https:\/\/haoyumaterial.com\/pt\/services\/\">servi\u00e7os abrangentes de usinagem<\/a>\u00a0para alcan\u00e7ar toler\u00e2ncias t\u00e3o apertadas quanto $pm 0,005$mm atrav\u00e9s de\u00a0<strong>Servi\u00e7os de Usinagem CNC de Precis\u00e3o<\/strong>.<\/li>\n<li><strong>Controlo de Qualidade:<\/strong>\u00a0Verificamos todas as especifica\u00e7\u00f5es. Utilizando CMM para precis\u00e3o dimensional, espectr\u00f4metros para an\u00e1lise qu\u00edmica e m\u00e9todos de Ensaios N\u00e3o Destrutivos (END), garantimos que cada pe\u00e7a cumpra os rigorosos padr\u00f5es de uma primeira linha\u00a0<strong>ISO 9001<\/strong>.<\/li>\n<\/ul>\n<h2>Confiado por Ind\u00fastrias Cr\u00edticas<\/h2>\n<p><img loading=\"lazy\" decoding=\"async\" class=\"alignnone  wp-image-1819\" src=\"https:\/\/haoyumaterial.com\/wp-content\/uploads\/2026\/02\/8620-Alloy-steel-300x300.jpg\" alt=\"\" width=\"355\" height=\"355\" srcset=\"https:\/\/haoyumaterial.com\/wp-content\/uploads\/2026\/02\/8620-Alloy-steel-300x300.jpg 300w, https:\/\/haoyumaterial.com\/wp-content\/uploads\/2026\/02\/8620-Alloy-steel-150x150.jpg 150w, https:\/\/haoyumaterial.com\/wp-content\/uploads\/2026\/02\/8620-Alloy-steel-768x768.jpg 768w, https:\/\/haoyumaterial.com\/wp-content\/uploads\/2026\/02\/8620-Alloy-steel-12x12.jpg 12w, https:\/\/haoyumaterial.com\/wp-content\/uploads\/2026\/02\/8620-Alloy-steel-600x600.jpg 600w, https:\/\/haoyumaterial.com\/wp-content\/uploads\/2026\/02\/8620-Alloy-steel-100x100.jpg 100w, https:\/\/haoyumaterial.com\/wp-content\/uploads\/2026\/02\/8620-Alloy-steel.jpg 900w\" sizes=\"auto, (max-width: 355px) 100vw, 355px\" \/><\/p>\n<p>Quando seguran\u00e7a e desempenho s\u00e3o inegoci\u00e1veis, o nosso\u00a0<strong>fundi\u00e7\u00e3o de alta precis\u00e3o<\/strong>\u00a0entrega. N\u00e3o apenas vertemos metal; projetamos solu\u00e7\u00f5es para setores onde a falha n\u00e3o \u00e9 uma op\u00e7\u00e3o. Nosso processo garante que at\u00e9 as mais\u00a0<strong>pe\u00e7as de metal com geometria complexa<\/strong>\u00a0atendam aos rigorosos padr\u00f5es exigidos pelos fabricantes de Portugal.<\/p>\n<ul>\n<li><strong>Aeroespacial:<\/strong>\u00a0Fabricamos componentes cr\u00edticos para avia\u00e7\u00e3o, como p\u00e1s de turbina e elementos estruturais.\u00a0<strong>Fundi\u00e7\u00e3o de grau aeroespacial<\/strong>\u00a0exige perfei\u00e7\u00e3o absoluta, e fornecemos a rastreabilidade e integridade do material necess\u00e1rias para desempenho em altas altitudes.<\/li>\n<li><strong>Energia:<\/strong>\u00a0Desde gera\u00e7\u00e3o de energia at\u00e9 extra\u00e7\u00e3o, fornecemos rotores e corpos de v\u00e1lvula dur\u00e1veis. Nossos componentes s\u00e3o constru\u00eddos para suportar press\u00f5es extremas, servindo como solu\u00e7\u00f5es confi\u00e1veis para o\u00a0<a href=\"https:\/\/haoyumaterial.com\/pt\/industries\/oil-gas\/\">setor de petr\u00f3leo e g\u00e1s<\/a>.<\/li>\n<li><strong>Autom\u00f3vel:<\/strong>\u00a0A efici\u00eancia impulsiona este setor. Produzimos componentes de turboalimentadores leves e de alta resist\u00eancia, muitas vezes utilizando\u00a0<a href=\"https:\/\/haoyumaterial.com\/pt\/aluminum-casting-manufacturer-for-custom-precision-parts\/\">fundi\u00e7\u00e3o de alum\u00ednio personalizada<\/a>\u00a0para melhorar a economia de combust\u00edvel sem sacrificar a durabilidade.<\/li>\n<li><strong>Ligas de cobalto-cromo-molibd\u00e9nio refinadas para biocompatibilidade, resist\u00eancia \u00e0 fadiga e desgaste a longo prazo em substitui\u00e7\u00f5es articulares<\/strong>\u00a0A precis\u00e3o \u00e9 vital quando vidas est\u00e3o em jogo. Fundimos implantes intricados e instrumentos cir\u00fargicos com materiais biocompat\u00edveis, garantindo acabamentos suaves e toler\u00e2ncias exatas.<\/li>\n<\/ul>\n<p>Compreendemos os obst\u00e1culos regulat\u00f3rios e de qualidade \u00fanicos nestes setores. Seja com padr\u00f5es ISO ou certifica\u00e7\u00f5es espec\u00edficas de materiais, alinhamos nossa produ\u00e7\u00e3o ao ritmo da sua ind\u00fastria.<\/p>\n<h2>A Vantagem Haoyu na Fabrica\u00e7\u00e3o de Precis\u00e3o<\/h2>\n<p>Quando voc\u00ea adquire\u00a0<strong>fundi\u00e7\u00e3o de alta precis\u00e3o<\/strong>, precisa de mais do que apenas um fornecedor; precisa de um parceiro que compreenda as apostas. Combinamos tecnologia avan\u00e7ada com expertise pr\u00e1tica para entregar resultados que mant\u00eam a sua linha de produ\u00e7\u00e3o em movimento.<\/p>\n<h3>Gest\u00e3o de Produ\u00e7\u00e3o Integrada<\/h3>\n<p>Simplific\u00e1mos toda a nossa opera\u00e7\u00e3o para eliminar atrasos desnecess\u00e1rios. Ao manter processos cr\u00edticos internamente \u2014 desde o in\u00edcio\u00a0<strong>processo de fundi\u00e7\u00e3o por investimento<\/strong>\u00a0at\u00e9 ao acabamento final \u2014 reduzimos significativamente os tempos de entrega. Recebe as suas pe\u00e7as mais rapidamente, permitindo-lhe estar \u00e0 frente das exig\u00eancias do mercado sem sacrificar a qualidade.<\/p>\n<h3>Personaliza\u00e7\u00e3o Feita Estritamente de Acordo com o Seu Desenho<\/h3>\n<p>N\u00e3o acreditamos em \u201cquase l\u00e1\u201d. Como um\u00a0<strong>fabricante de fundi\u00e7\u00e3o ISO 9001<\/strong>, estamos comprometidos com uma personaliza\u00e7\u00e3o total que segue rigorosamente os seus desenhos de engenharia. Quer esteja a desenvolver componentes aeroespaciais intricados ou\u00a0<a href=\"https:\/\/haoyumaterial.com\/pt\/valve-castings-manufacturer-custom-oem-valve-bodies\/\">corpos de v\u00e1lvula OEM personalizados<\/a>, garantimos que cada caracter\u00edstica atende \u00e0s suas especifica\u00e7\u00f5es exatas. A nossa equipa \u00e9 especializada em lidar com geometrias complexas que outras oficinas podem recusar.<\/p>\n<h3>Apoio de Engenharia Especializado<\/h3>\n<p>Pare de perder tempo a explicar requisitos t\u00e9cnicos aos vendedores. Com a Haoyu, tem acesso direto aos nossos engenheiros metal\u00fargicos. Trabalhamos consigo para resolver desafios de design complexos e otimizar a sua estrat\u00e9gia de ferramentas. Se estiver a navegar entre os trade-offs de custo e durabilidade, a nossa equipa pode ajud\u00e1-lo a aplicar os princ\u00edpios do nosso\u00a0<a href=\"https:\/\/haoyumaterial.com\/pt\/investment-mould-guide-tooling-costs-materials-lifespan\/\">guia de moldes de investimento<\/a>\u00a0\u00e0s suas necessidades espec\u00edficas. Esta colabora\u00e7\u00e3o garante que aproveite ao m\u00e1ximo as nossas\u00a0<strong>servi\u00e7os de usinagem CNC de precis\u00e3o<\/strong>\u00a0capacidades de fundi\u00e7\u00e3o e moldagem.<\/p>\n<h2>Perguntas Frequentes sobre Fundi\u00e7\u00e3o de Precis\u00e3o<\/h2>\n<p>Navegar pelo lado t\u00e9cnico da fabrica\u00e7\u00e3o personalizada pode ser complexo. Aqui est\u00e3o respostas diretas \u00e0s perguntas mais comuns que recebemos sobre as nossas\u00a0<strong>fundi\u00e7\u00e3o de alta precis\u00e3o<\/strong>\u00a0capacidades. Para mais detalhes sobre log\u00edstica e pagamentos, pode consultar as nossas\u00a0<a href=\"https:\/\/haoyumaterial.com\/pt\/faqs\/\">Perguntas Frequentes abrangentes sobre fabrica\u00e7\u00e3o<\/a>.<\/p>\n<h3>Diferen\u00e7a entre Fundi\u00e7\u00e3o de Investimento e Fundi\u00e7\u00e3o de Precis\u00e3o<\/h3>\n<p>Embora muitas vezes usados de forma intercambi\u00e1vel, existe uma distin\u00e7\u00e3o t\u00e9cnica.\u00a0<strong>fundi\u00e7\u00e3o de precis\u00e3o<\/strong>\u00a0\u00e9 o termo mais amplo para qualquer processo de fundi\u00e7\u00e3o que oferece toler\u00e2ncias apertadas, baixa rugosidade superficial e formas quase finais.<\/p>\n<ul>\n<li><strong>A Categoria:<\/strong>\u00a0A fundi\u00e7\u00e3o de precis\u00e3o inclui v\u00e1rios m\u00e9todos como molde de gesso, molde de cer\u00e2mica e cera perdida.<\/li>\n<li><strong>O Processo:<\/strong>\u00a0A\u00a0<strong>Processo de Fundi\u00e7\u00e3o por Investimento<\/strong>\u00a0(Cera Perdida) \u00e9 o mais popular\u00a0<em>tipo<\/em>\u00a0de fundi\u00e7\u00e3o de precis\u00e3o.<\/li>\n<li><strong>Veredicto:<\/strong>\u00a0Toda fundi\u00e7\u00e3o de investimento \u00e9 fundi\u00e7\u00e3o de precis\u00e3o, mas nem toda fundi\u00e7\u00e3o de precis\u00e3o \u00e9 de investimento.<\/li>\n<\/ul>\n<h3>Quantidades M\u00ednimas de Encomenda (MOQ)<\/h3>\n<p>Compreendemos que as necessidades do projeto variam desde P&amp;D at\u00e9 lan\u00e7amento completo no mercado. N\u00e3o aplicamos m\u00ednimos restritivos de volume elevado.<\/p>\n<ul>\n<li><strong>Fundi\u00e7\u00e3o de Prot\u00f3tipos R\u00e1pidos:<\/strong>\u00a0Aceitamos pedidos de unidade \u00fanica para ajudar a validar designs e geometrias.<\/li>\n<li><strong>Produ\u00e7\u00e3o de Baixo Volume:<\/strong>\u00a0Ideal para maquinaria industrial especializada ou testes de mercado.<\/li>\n<li><strong>Produ\u00e7\u00e3o em Massa:<\/strong>\u00a0Linhas automatizadas escal\u00e1veis para pedidos de alto volume com custos por unidade otimizados.<\/li>\n<\/ul>\n<h3>Disponibilidade de Servi\u00e7os de Tratamento T\u00e9rmico<\/h3>\n<p>A fundi\u00e7\u00e3o \u00e9 muitas vezes apenas o come\u00e7o. Para garantir que as suas pe\u00e7as atendam a requisitos mec\u00e2nicos rigorosos, fornecemos servi\u00e7os completos de tratamento t\u00e9rmico p\u00f3s-fundi\u00e7\u00e3o. Isto \u00e9 fundamental para maximizar o desempenho de materiais especiais, como\u00a0<a href=\"https:\/\/haoyumaterial.com\/pt\/cobalt-alloy-casting\/\">pe\u00e7as de liga \u00e0 base de cobalto<\/a>\u00a0ou a\u00e7os inoxid\u00e1veis de endurecimento por precipita\u00e7\u00e3o.<\/p>\n<div class=\"table-responsive\">\n<table class=\"table\">\n<thead>\n<tr>\n<th>Tipo de Tratamento<\/th>\n<th>Benef\u00edcio Principal<\/th>\n<\/tr>\n<\/thead>\n<tbody>\n<tr>\n<td><strong>Anelamento de Solu\u00e7\u00e3o<\/strong><\/td>\n<td>Restaura a resist\u00eancia \u00e0 corros\u00e3o e a ductilidade ap\u00f3s a fundi\u00e7\u00e3o.<\/td>\n<\/tr>\n<tr>\n<td><strong>T\u00eampera e Recozimento<\/strong><\/td>\n<td>Aumenta a dureza e a resist\u00eancia ao limite de escoamento.<\/td>\n<\/tr>\n<tr>\n<td><strong>Envelhecimento ( endurecimento por precipita\u00e7\u00e3o )<\/strong><\/td>\n<td>Maximiza a resist\u00eancia em superligas e grades especiais.<\/td>\n<\/tr>\n<\/tbody>\n<\/table>\n<\/div>","protected":false},"excerpt":{"rendered":"<p>High precision casting services with tight tolerances advanced alloys CNC machining and surface finishing for complex industrial parts. High Precision [&hellip;]<\/p>\n","protected":false},"featured_media":1817,"comment_status":"open","ping_status":"closed","template":"","meta":{"site-sidebar-layout":"default","site-content-layout":"","ast-site-content-layout":"default","site-content-style":"default","site-sidebar-style":"default","ast-global-header-display":"","ast-banner-title-visibility":"","ast-main-header-display":"","ast-hfb-above-header-display":"","ast-hfb-below-header-display":"","ast-hfb-mobile-header-display":"","site-post-title":"","ast-breadcrumbs-content":"","ast-featured-img":"","footer-sml-layout":"","ast-disable-related-posts":"","theme-transparent-header-meta":"default","adv-header-id-meta":"","stick-header-meta":"","header-above-stick-meta":"","header-main-stick-meta":"","header-below-stick-meta":"","astra-migrate-meta-layouts":"set","ast-page-background-enabled":"default","ast-page-background-meta":{"desktop":{"background-color":"var(--ast-global-color-5)","background-image":"","background-repeat":"repeat","background-position":"center center","background-size":"auto","background-attachment":"scroll","background-type":"","background-media":"","overlay-type":"","overlay-color":"","overlay-opacity":"","overlay-gradient":""},"tablet":{"background-color":"","background-image":"","background-repeat":"repeat","background-position":"center center","background-size":"auto","background-attachment":"scroll","background-type":"","background-media":"","overlay-type":"","overlay-color":"","overlay-opacity":"","overlay-gradient":""},"mobile":{"background-color":"","background-image":"","background-repeat":"repeat","background-position":"center center","background-size":"auto","background-attachment":"scroll","background-type":"","background-media":"","overlay-type":"","overlay-color":"","overlay-opacity":"","overlay-gradient":""}},"ast-content-background-meta":{"desktop":{"background-color":"var(--ast-global-color-4)","background-image":"","background-repeat":"repeat","background-position":"center center","background-size":"auto","background-attachment":"scroll","background-type":"","background-media":"","overlay-type":"","overlay-color":"","overlay-opacity":"","overlay-gradient":""},"tablet":{"background-color":"var(--ast-global-color-4)","background-image":"","background-repeat":"repeat","background-position":"center center","background-size":"auto","background-attachment":"scroll","background-type":"","background-media":"","overlay-type":"","overlay-color":"","overlay-opacity":"","overlay-gradient":""},"mobile":{"background-color":"var(--ast-global-color-4)","background-image":"","background-repeat":"repeat","background-position":"center center","background-size":"auto","background-attachment":"scroll","background-type":"","background-media":"","overlay-type":"","overlay-color":"","overlay-opacity":"","overlay-gradient":""}}},"product_brand":[],"product_cat":[17,21,25,22,24],"product_tag":[617],"class_list":{"0":"post-1816","1":"product","2":"type-product","3":"status-publish","4":"has-post-thumbnail","6":"product_cat-stainless-steel","7":"product_cat-aluminum-alloy","8":"product_cat-copper-alloy","9":"product_cat-high-temperature-alloy","10":"product_cat-titanium-alloy","11":"product_tag-high-precision-casting","12":"desktop-align-left","13":"tablet-align-left","14":"mobile-align-left","16":"first","17":"instock","18":"shipping-taxable","19":"product-type-simple"},"_links":{"self":[{"href":"https:\/\/haoyumaterial.com\/pt\/wp-json\/wp\/v2\/product\/1816","targetHints":{"allow":["GET"]}}],"collection":[{"href":"https:\/\/haoyumaterial.com\/pt\/wp-json\/wp\/v2\/product"}],"about":[{"href":"https:\/\/haoyumaterial.com\/pt\/wp-json\/wp\/v2\/types\/product"}],"replies":[{"embeddable":true,"href":"https:\/\/haoyumaterial.com\/pt\/wp-json\/wp\/v2\/comments?post=1816"}],"wp:featuredmedia":[{"embeddable":true,"href":"https:\/\/haoyumaterial.com\/pt\/wp-json\/wp\/v2\/media\/1817"}],"wp:attachment":[{"href":"https:\/\/haoyumaterial.com\/pt\/wp-json\/wp\/v2\/media?parent=1816"}],"wp:term":[{"taxonomy":"product_brand","embeddable":true,"href":"https:\/\/haoyumaterial.com\/pt\/wp-json\/wp\/v2\/product_brand?post=1816"},{"taxonomy":"product_cat","embeddable":true,"href":"https:\/\/haoyumaterial.com\/pt\/wp-json\/wp\/v2\/product_cat?post=1816"},{"taxonomy":"product_tag","embeddable":true,"href":"https:\/\/haoyumaterial.com\/pt\/wp-json\/wp\/v2\/product_tag?post=1816"}],"curies":[{"name":"wp","href":"https:\/\/api.w.org\/{rel}","templated":true}]}}