{"id":1917,"date":"2026-02-28T08:13:06","date_gmt":"2026-02-28T00:13:06","guid":{"rendered":"https:\/\/haoyumaterial.com\/?post_type=product&#038;p=1917"},"modified":"2026-02-28T08:13:06","modified_gmt":"2026-02-28T00:13:06","slug":"custom-machined-metal-part-cnc-services-for-tight-tolerances","status":"publish","type":"product","link":"https:\/\/haoyumaterial.com\/pt\/product\/custom-machined-metal-part-cnc-services-for-tight-tolerances\/","title":{"rendered":"Servi\u00e7os de Usinagem Personalizada de Pe\u00e7as de Metal para Toler\u00e2ncias Apertadas"},"content":{"rendered":"<p>Servi\u00e7os de pe\u00e7as met\u00e1licas usinadas personalizadas com fresagem CNC, torneamento, toler\u00e2ncia apertada e prototipagem r\u00e1pida para aplica\u00e7\u00f5es industriais exigentes.<\/p>\n<h2>Projetado para Performance: Componentes Met\u00e1licos Usinados<\/h2>\n<p>Quando o seu projeto exige especifica\u00e7\u00f5es exatas, encontrar um parceiro confi\u00e1vel para uma\u00a0<strong>pe\u00e7a met\u00e1lica usinada<\/strong>\u00a0pode fazer a diferen\u00e7a entre sucesso e atrasos caros na montagem. Entendemos a press\u00e3o que engenheiros e gestores de compras enfrentam para obter componentes met\u00e1licos de precis\u00e3o que atendam a rigorosos padr\u00f5es industriais sem comprometer os prazos de entrega. Para resolver esses desafios, desenvolvemos nosso processo de fabrica\u00e7\u00e3o em torno de precis\u00e3o, velocidade e fiabilidade.<\/p>\n<p>Nossas capacidades personalizadas de usinagem CNC s\u00e3o constru\u00eddas para fornecer pe\u00e7as de alto desempenho, projetadas para stress extremo e ambientes exigentes.<\/p>\n<h3>Vantagens principais das nossas pe\u00e7as usinadas<\/h3>\n<ul>\n<li><strong>Usinagem de Toler\u00e2ncia Apertada:<\/strong>\u00a0Executamos geometrias complexas com precis\u00e3o rigorosa. Nosso equipamento CNC de \u00faltima gera\u00e7\u00e3o garante que cada componente de liga personalizada atenda aos seus requisitos dimensionais estritos.<\/li>\n<li><strong>Prototipagem R\u00e1pida &amp; Produ\u00e7\u00e3o:<\/strong>\u00a0A velocidade \u00e9 importante. Desde prot\u00f3tipos met\u00e1licos usinados iniciais at\u00e9 pequenas s\u00e9ries de produ\u00e7\u00e3o, nossos servi\u00e7os r\u00e1pidos de usinagem CNC garantem prazos de entrega r\u00e1pidos para manter o seu cronograma de engenharia em dia.<\/li>\n<li><strong>Fabrica\u00e7\u00e3o Inteligente:<\/strong>\u00a0Utilizamos sistemas avan\u00e7ados de gest\u00e3o de produ\u00e7\u00e3o e monitoriza\u00e7\u00e3o de dados em tempo real. Esta abordagem baseada em dados garante escalabilidade sem defeitos e qualidade consistente em todos os componentes met\u00e1licos industriais.<\/li>\n<li><strong>Solu\u00e7\u00f5es de ponta a ponta:<\/strong>\u00a0Otimizamos a sua cadeia de abastecimento oferecendo fundi\u00e7\u00e3o de precis\u00e3o totalmente integrada, usinagem secund\u00e1ria e tratamentos de superf\u00edcie abrangentes sob um mesmo teto.<\/li>\n<\/ul>\n<h2>Capacidades de Usinagem e Fabrica\u00e7\u00e3o de Precis\u00e3o<\/h2>\n<p><img loading=\"lazy\" decoding=\"async\" class=\"alignnone  wp-image-1919\" src=\"https:\/\/haoyumaterial.com\/wp-content\/uploads\/2026\/02\/CMC-300x180.jpg\" alt=\"\" width=\"693\" height=\"416\" srcset=\"https:\/\/haoyumaterial.com\/wp-content\/uploads\/2026\/02\/CMC-300x180.jpg 300w, https:\/\/haoyumaterial.com\/wp-content\/uploads\/2026\/02\/CMC-768x461.jpg 768w, https:\/\/haoyumaterial.com\/wp-content\/uploads\/2026\/02\/CMC-18x12.jpg 18w, https:\/\/haoyumaterial.com\/wp-content\/uploads\/2026\/02\/CMC-600x360.jpg 600w, https:\/\/haoyumaterial.com\/wp-content\/uploads\/2026\/02\/CMC.jpg 1000w\" sizes=\"auto, (max-width: 693px) 100vw, 693px\" \/><\/p>\n<p>Quando precisa de uma pe\u00e7a met\u00e1lica usinada perfeita, a nossa oficina de usinagem de metais est\u00e1 preparada para entregar. Combinamos equipamentos de \u00faltima gera\u00e7\u00e3o com processos de fabrica\u00e7\u00e3o comprovados para criar componentes met\u00e1licos de precis\u00e3o que atendem \u00e0s suas especifica\u00e7\u00f5es exatas.<\/p>\n<ul>\n<li><strong>Fresagem CNC de 3, 4 e 5 Eixos:<\/strong>\u00a0Os nossos centros de usinagem CNC personalizados lidam com geometrias complexas com facilidade. Quer precise de pe\u00e7as simples usinadas por CNC ou componentes intricados para a ind\u00fastria aeroespacial, a nossa configura\u00e7\u00e3o multi-eixo garante usinagem de toler\u00e2ncia apertada e acabamentos de superf\u00edcie superiores em todas as ocasi\u00f5es.<\/li>\n<li><strong>Torneamento CNC &amp; Opera\u00e7\u00f5es de torno:<\/strong>\u00a0Para componentes cil\u00edndricos, as nossas tornos avan\u00e7ados produzem pe\u00e7as met\u00e1licas usinadas de alta qualidade. Otimizamos cada etapa para fornecer fabrica\u00e7\u00e3o de metais personalizada eficiente, garantindo precis\u00e3o consistente tanto em prot\u00f3tipos met\u00e1licos r\u00e1pidos quanto em lotes de produ\u00e7\u00e3o em grande escala.<\/li>\n<li><strong>Integra\u00e7\u00e3o de Fundi\u00e7\u00e3o de Precis\u00e3o:<\/strong>\u00a0Oferecemos solu\u00e7\u00f5es completas de ponta a ponta combinando fundi\u00e7\u00e3o de precis\u00e3o e usinagem. Esta abordagem integrada \u00e9 perfeita para componentes met\u00e1licos industriais especializados, permitindo-nos fabricar de forma cont\u00ednua pe\u00e7as de alto desempenho\u00a0<a href=\"https:\/\/haoyumaterial.com\/pt\/product\/low-carbon-steel-bolts-machining-service\/\">parafusos de a\u00e7o carbono baixo<\/a>\u00a0e pe\u00e7as de liga personalizadas que requerem tanto integridade estrutural quanto dimens\u00f5es exatas.<\/li>\n<\/ul>\n<h2>Metais de Grau Industrial para Cada Pe\u00e7a Met\u00e1lica Usinada<\/h2>\n<p><img loading=\"lazy\" decoding=\"async\" class=\"alignnone  wp-image-1920\" src=\"https:\/\/haoyumaterial.com\/wp-content\/uploads\/2026\/02\/cnc-turning-252x300.jpg\" alt=\"\" width=\"628\" height=\"748\" srcset=\"https:\/\/haoyumaterial.com\/wp-content\/uploads\/2026\/02\/cnc-turning-252x300.jpg 252w, https:\/\/haoyumaterial.com\/wp-content\/uploads\/2026\/02\/cnc-turning-859x1024.jpg 859w, https:\/\/haoyumaterial.com\/wp-content\/uploads\/2026\/02\/cnc-turning-768x915.jpg 768w, https:\/\/haoyumaterial.com\/wp-content\/uploads\/2026\/02\/cnc-turning-10x12.jpg 10w, https:\/\/haoyumaterial.com\/wp-content\/uploads\/2026\/02\/cnc-turning-600x715.jpg 600w, https:\/\/haoyumaterial.com\/wp-content\/uploads\/2026\/02\/cnc-turning.jpg 1080w\" sizes=\"auto, (max-width: 628px) 100vw, 628px\" \/><\/p>\n<p>Na nossa oficina de usinagem de metais, sabemos que a base de qualquer componente fi\u00e1vel \u00e9 a mat\u00e9ria-prima. Trabalhamos com uma vasta gama de metais de grau industrial para fornecer componentes met\u00e1licos de precis\u00e3o que atendem a exig\u00eancias rigorosas de desempenho. Quer precise de um \u00fanico prot\u00f3tipo met\u00e1lico usinado ou de uma produ\u00e7\u00e3o completa, combinamos o material certo com os requisitos espec\u00edficos do seu projeto.<\/p>\n<p>Aqui est\u00e3o os principais materiais que utilizamos para usinagem CNC personalizada:<\/p>\n<ul>\n<li><strong>Ligas de Alum\u00ednio (6061, 7075):<\/strong>\u00a0Leves, resistentes e altamente usin\u00e1veis. Estas s\u00e3o as nossas escolhas preferidas para prototipagem r\u00e1pida de metais e componentes estruturais onde a redu\u00e7\u00e3o de peso \u00e9 cr\u00edtica.<\/li>\n<li><strong>A\u00e7o Inoxid\u00e1vel e de Liga:<\/strong>\u00a0Tratamos de tudo, desde a\u00e7o carbono baixo padr\u00e3o at\u00e9 a\u00e7o inoxid\u00e1vel duplex. Ao integrar o nosso\u00a0<a href=\"https:\/\/haoyumaterial.com\/pt\/alloy-steel-casting-process-for-high-precision-cnc-parts\/\">processo de fundi\u00e7\u00e3o de a\u00e7o liga<\/a>\u00a0com usinagem secund\u00e1ria, alcan\u00e7amos toler\u00e2ncias apertadas para componentes met\u00e1licos industriais de alta resist\u00eancia.<\/li>\n<li><strong>Tit\u00e2nio:<\/strong>\u00a0Conhecido pela sua rela\u00e7\u00e3o excecional resist\u00eancia-peso e biocompatibilidade. Quando exploramos\u00a0<a href=\"https:\/\/haoyumaterial.com\/pt\/what-is-titanium-used-for-industrial-applications-guide\/\">para que serve o tit\u00e2nio em aplica\u00e7\u00f5es industriais<\/a>, destaca-se como a escolha definitiva para pe\u00e7as usinadas para aeroespacial e dispositivos m\u00e9dicos.<\/li>\n<li><strong>Ligas de Alta Temperatura:<\/strong>\u00a0Projetados para temperaturas extremas e stress. Usinamos regularmente pe\u00e7as de liga personalizadas feitas de superligas de alto desempenho, especialmente concebidas para os setores de energia e turbinas de g\u00e1s.<\/li>\n<li><strong>Ligas de Cobre (Lat\u00e3o e Bronze):<\/strong>\u00a0Proporciona excelente condutividade el\u00e9trica e baixo atrito. S\u00e3o perfeitas para pe\u00e7as met\u00e1licas usinadas, rolamentos e conectores el\u00e9tricos especializados.<\/li>\n<\/ul>\n<p>Cada pe\u00e7a met\u00e1lica usinada que produzimos come\u00e7a com mat\u00e9ria-prima certificada de alta qualidade para garantir que o seu produto final funcione exatamente como projetado, mesmo nas condi\u00e7\u00f5es mais exigentes.<\/p>\n<h2>Op\u00e7\u00f5es de Acabamento de Superf\u00edcie para Pe\u00e7as de Metal usinadas<\/h2>\n<p><img decoding=\"async\" src=\"https:\/\/haoyumaterial.com\/wp-content\/uploads\/2026\/02\/machined_metal_part_surface_finishing_options_101g.webp\" alt=\"Op\u00e7\u00f5es de acabamento de superf\u00edcie de pe\u00e7a met\u00e1lica usinada\" \/><\/p>\n<p>Obter as dimens\u00f5es corretas numa\u00a0<strong>pe\u00e7a met\u00e1lica usinada<\/strong>\u00a0\u00e9 apenas metade do trabalho. O acabamento de superf\u00edcie adequado protege o material e garante que ele desempenhe exatamente como necess\u00e1rio no campo. Como uma oficina de usinagem de metal de servi\u00e7o completo, garantimos que cada tratamento de superf\u00edcie seja integrado de forma perfeita na nossa\u00a0<a href=\"https:\/\/haoyumaterial.com\/pt\/technology\/manufacturing-process\/\">o processo de fabrica\u00e7\u00e3o<\/a>, entregando componentes de metal de precis\u00e3o que atendem \u00e0s suas especifica\u00e7\u00f5es exatas.<\/p>\n<p>Oferecemos uma gama completa de solu\u00e7\u00f5es de acabamento para completar os seus projetos de usinagem CNC personalizados:<\/p>\n<div class=\"table-responsive\">\n<table class=\"table\">\n<thead>\n<tr>\n<th>Op\u00e7\u00e3o de Acabamento<\/th>\n<th>Descri\u00e7\u00e3o<\/th>\n<th>Aplica\u00e7\u00e3o Ideal<\/th>\n<\/tr>\n<\/thead>\n<tbody>\n<tr>\n<td><strong>Usinado (Padr\u00e3o)<\/strong><\/td>\n<td>Acabamento padr\u00e3o direto da m\u00e1quina com marcas de ferramenta menores e vis\u00edveis.<\/td>\n<td>Prot\u00f3tipos r\u00e1pidos de componentes de metal e componentes industriais internos de metal.<\/td>\n<\/tr>\n<tr>\n<td><strong>Jateamento com Bolas &amp; Areia<\/strong><\/td>\n<td>Remove marcas de ferramenta para criar uma textura suave, uniforme e mate.<\/td>\n<td>Pe\u00e7as est\u00e9ticas que requerem uma superf\u00edcie limpa e n\u00e3o refletora.<\/td>\n<\/tr>\n<tr>\n<td><strong>Anodiza\u00e7\u00e3o (Tipo II &amp; III)<\/strong><\/td>\n<td>Adiciona uma camada de \u00f3xido protetora. O revestimento duro Tipo III maximiza a durabilidade.<\/td>\n<td>Pe\u00e7as de alum\u00ednio usinadas por CNC que necessitam de alta resist\u00eancia \u00e0 corros\u00e3o e ao desgaste.<\/td>\n<\/tr>\n<tr>\n<td><strong>Revestimentos e Pintura em P\u00f3<\/strong><\/td>\n<td>Aplica uma camada externa resistente, protetora e personaliz\u00e1vel em cor.<\/td>\n<td>Fabrica\u00e7\u00e3o de metal personalizada exposta a ambientes exteriores severos ou qu\u00edmicos.<\/td>\n<\/tr>\n<tr>\n<td><strong>Tratamentos Personalizados<\/strong><\/td>\n<td>Revestimentos avan\u00e7ados especializados adaptados a requisitos rigorosos de desempenho.<\/td>\n<td>Pe\u00e7as usinadas para aeroespacial e componentes de liga personalizada de alta resist\u00eancia ao stress.<\/td>\n<\/tr>\n<\/tbody>\n<\/table>\n<\/div>\n<p>Quer precise pe\u00e7as met\u00e1licas usinadas com acabamento padr\u00e3o b\u00e1sico ou uma fabrica\u00e7\u00e3o met\u00e1lica CNC complexa que exija anodiza\u00e7\u00e3o avan\u00e7ada de hardcoat, a nossa instala\u00e7\u00e3o trata de todo o processo de acabamento para manter um controlo de qualidade rigoroso do in\u00edcio ao fim.<\/p>\n<h2>Pe\u00e7as Met\u00e1licas Usinadas para Ind\u00fastrias Exigentes<\/h2>\n<p>Quando se trata de aplica\u00e7\u00f5es cr\u00edticas, n\u00e3o h\u00e1 espa\u00e7o para erros. Como uma oficina de usinagem de metais confi\u00e1vel, fabricamos cada\u00a0<strong>pe\u00e7a met\u00e1lica usinada<\/strong>\u00a0para atender \u00e0s exig\u00eancias rigorosas de ind\u00fastrias altamente regulamentadas em toda a Portugal.<\/p>\n<ul>\n<li><strong>Aeroespacial &amp; Avia\u00e7\u00e3o:<\/strong>\u00a0Sistemas cr\u00edticos de voo requerem especifica\u00e7\u00f5es exatas. Entregamos pe\u00e7as usinadas confi\u00e1veis para a ind\u00fastria aeroespacial que resistem a condi\u00e7\u00f5es atmosf\u00e9ricas extremas, garantindo seguran\u00e7a e desempenho absolutos.<\/li>\n<li><strong>Turbinas a g\u00e1s &amp; Nuclear:<\/strong>\u00a0O setor de energia exige materiais que sobrevivam a ambientes severos de altas temperaturas. Nossas pe\u00e7as de liga personalizadas s\u00e3o projetadas para aplica\u00e7\u00f5es de alta tens\u00e3o, incluindo componentes especializados para\u00a0<a href=\"https:\/\/haoyumaterial.com\/pt\/industries\/nuclear-power\/\">gera\u00e7\u00e3o de energia nuclear<\/a>\u00a0e turbinas a g\u00e1s avan\u00e7adas.<\/li>\n<li><strong>Dispositivos M\u00e9dicos:<\/strong>\u00a0Equipamentos que salvam vidas dependem de componentes met\u00e1licos de precis\u00e3o impec\u00e1vel. Fornecemos usinagem com toler\u00e2ncias apertadas para ferramentas cir\u00fargicas, carca\u00e7as de equipamentos de diagn\u00f3stico e implantes, onde a precis\u00e3o \u00e9 simplesmente inegoci\u00e1vel.<\/li>\n<li><strong>Marinha &amp; Industrial:<\/strong>\u00a0Desde exposi\u00e7\u00e3o \u00e0 \u00e1gua salgada at\u00e9 linhas de fabrica\u00e7\u00e3o pesada, produzimos componentes met\u00e1licos industriais robustos e pe\u00e7as CNC usinadas constru\u00eddas para resistir \u00e0 corros\u00e3o severa e ao desgaste di\u00e1rio intenso.<\/li>\n<\/ul>\n<h2>Controlo de Qualidade Impar\u00e1vel para Cada Pe\u00e7a Met\u00e1lica Usinada<\/h2>\n<p>Quando adquire uma\u00a0<strong>pe\u00e7a met\u00e1lica usinada<\/strong>\u00a0da nossa instala\u00e7\u00e3o, espera uma execu\u00e7\u00e3o impec\u00e1vel. A nossa oficina de usinagem de metais opera com uma mentalidade de zero defeitos, garantindo que cada componente cumpra as suas especifica\u00e7\u00f5es exatas antes de sair do ch\u00e3o de f\u00e1brica. Apoiamo-nos na nossa fabrica\u00e7\u00e3o de metais personalizada com testes rigorosos e inspe\u00e7\u00f5es baseadas em dados para garantir um desempenho fi\u00e1vel no campo.<\/p>\n<p>O nosso protocolo abrangente de garantia de qualidade inclui:<\/p>\n<ul>\n<li><strong>Inspe\u00e7\u00f5es com CMM (M\u00e1quina de Medi\u00e7\u00e3o por Coordenadas):<\/strong>\u00a0Verificamos cada dimens\u00e3o para garantir\u00a0<strong>usinagem de toler\u00e2ncias apertadas<\/strong>\u00a0para at\u00e9 as geometrias mais complexas.<\/li>\n<li><strong>Relat\u00f3rios de Teste de Material (MTRs) &amp; Rastreabilidade:<\/strong>\u00a0Fornecemos documenta\u00e7\u00e3o completa para todos\u00a0<strong>pe\u00e7as de liga personalizadas<\/strong>, garantindo total transpar\u00eancia desde o lote de mat\u00e9ria-prima at\u00e9 ao produto final.<\/li>\n<li><strong>Parcerias de P&amp;D:<\/strong>\u00a0Colaboramos ativamente com l\u00edderes da ind\u00fastria e institui\u00e7\u00f5es acad\u00e9micas para impulsionar avan\u00e7os na ci\u00eancia dos materiais, ultrapassando os limites do que os componentes met\u00e1licos de precis\u00e3o podem alcan\u00e7ar sob stress extremo.<\/li>\n<li><strong>Ades\u00e3o Estrita aos Padr\u00f5es Internacionais:<\/strong>\u00a0Quer estejamos a produzir pe\u00e7as usinadas para aeroespacial ou componentes met\u00e1licos industriais de alta resist\u00eancia, os nossos processos de fabrica\u00e7\u00e3o cumprem ou superam os mais elevados padr\u00f5es globais.<\/li>\n<\/ul>\n<p>Os nossos rigorosos processos de controlo de qualidade estendem-se a todos os nossos servi\u00e7os integrados. Como descrito no nosso\u00a0<a href=\"https:\/\/haoyumaterial.com\/pt\/precision-metal-casting-guide-for-engineers-and-oem-buyers\/\">guia de fundi\u00e7\u00e3o de metais de precis\u00e3o para engenheiros<\/a>, mantemos uma supervis\u00e3o rigorosa desde a fase inicial de mat\u00e9ria-prima at\u00e9 \u00e0s pe\u00e7as finais\u00a0<strong>mecanizadas por CNC<\/strong>, garantindo fiabilidade e consist\u00eancia incompar\u00e1veis para a sua cadeia de abastecimento.<\/p>\n<h2>Processo de Aquisi\u00e7\u00e3o Simplificado<\/h2>\n<p>Obter a sua pe\u00e7a de metal usinada personalizada n\u00e3o deve ser complicado. Operamos uma oficina moderna de usinagem de metais concebida para tornar o pedido r\u00e1pido, transparente e fi\u00e1vel para os nossos parceiros em Portugal e globalmente. O nosso fluxo de trabalho leva-o de um ficheiro digital a um componente f\u00edsico acabado sem os habituais problemas na cadeia de abastecimento.<\/p>\n<p>Assim funciona o nosso processo de fabrica\u00e7\u00e3o de metais personalizados:<\/p>\n<ul>\n<li><strong>Carregar e Configurar Ficheiros CAD 3D:<\/strong>\u00a0Envie-nos os seus desenhos de forma segura. Aceitamos formatos CAD padr\u00e3o para dar in\u00edcio ao seu projeto imediatamente.<\/li>\n<li><strong>Or\u00e7amento Personalizado e Feedback de DFM:<\/strong>\u00a0Analisamos os seus ficheiros e fornecemos pre\u00e7os r\u00e1pidos juntamente com feedback de Design for Manufacturability (DFM). Isto garante que os seus componentes met\u00e1licos de precis\u00e3o est\u00e3o otimizados para produ\u00e7\u00e3o e efici\u00eancia de custos.<\/li>\n<li><strong>Produ\u00e7\u00e3o Inteligente e Acompanhamento em Tempo Real:<\/strong>\u00a0Ap\u00f3s aprova\u00e7\u00e3o, o seu pedido entra no nosso sistema de fabrica\u00e7\u00e3o integrado. Recebe atualiza\u00e7\u00f5es em tempo real \u00e0 medida que as suas pe\u00e7as usinadas por CNC avan\u00e7am na nossa instala\u00e7\u00e3o.<\/li>\n<li><strong>Documenta\u00e7\u00e3o de Entrega Global &amp; QA:<\/strong>\u00a0Enviamos diretamente para o seu cais. Cada pedido, desde componentes industriais padr\u00e3o at\u00e9 pe\u00e7as usinadas altamente reguladas\u00a0<a href=\"https:\/\/haoyumaterial.com\/pt\/industries\/aerospace\/\">pe\u00e7as usinadas para a ind\u00fastria aeroespacial<\/a>, chega com documenta\u00e7\u00e3o completa de Garantia de Qualidade e rastreabilidade de materiais.<\/li>\n<\/ul>\n<h2>FAQs T\u00e9cnicas: Produ\u00e7\u00e3o de Pe\u00e7as Met\u00e1licas Usinadas<\/h2>\n<p><strong>Quais s\u00e3o as toler\u00e2ncias padr\u00e3o para as suas pe\u00e7as met\u00e1licas usinadas?<\/strong><br \/>\nEspecializamo-nos em usinagem de toler\u00e2ncias apertadas. Para uma pe\u00e7a met\u00e1lica usinada padr\u00e3o, normalmente mantemos toler\u00e2ncias at\u00e9 \u00b10,001 polegadas. O nosso equipamento CNC avan\u00e7ado garante precis\u00e3o consistente em todos os componentes met\u00e1licos de precis\u00e3o, assegurando que as suas pe\u00e7as encaixem perfeitamente todas as vezes.<\/p>\n<p><strong>Requerem uma Quantidade M\u00ednima de Encomenda (MOQ)?<\/strong><br \/>\nN\u00e3o. Quer precise de um \u00fanico prot\u00f3tipo met\u00e1lico usinado para testar um design ou de uma produ\u00e7\u00e3o em grande escala de componentes met\u00e1licos industriais, a nossa oficina de usinagem de metais \u00e9 totalmente flex\u00edvel. Apoiamo-nos numa r\u00e1pida resposta para produ\u00e7\u00f5es de baixo volume e escalamos sem problemas para produ\u00e7\u00e3o em grande escala.<\/p>\n<p><strong>Consegue lidar tanto com a fundi\u00e7\u00e3o quanto com a usinagem final de uma pe\u00e7a?<\/strong><br \/>\nCom certeza. Fornecemos uma\u00a0<a href=\"https:\/\/haoyumaterial.com\/pt\/alloy-casting-foundry\/\">fundi\u00e7\u00e3o de precis\u00e3o e usinagem<\/a>\u00a0integradas sob o mesmo teto. Combinando m\u00e9todos prim\u00e1rios de fundi\u00e7\u00e3o com produ\u00e7\u00e3o secund\u00e1ria de pe\u00e7as usinadas por CNC e pe\u00e7as met\u00e1licas torneadas, entregamos pe\u00e7as finais de liga personalizadas sem a complica\u00e7\u00e3o de gerir m\u00faltiplos fornecedores.<\/p>\n<p><strong>Qual \u00e9 o tempo de entrega t\u00edpico para um prot\u00f3tipo de alum\u00ednio?<\/strong><br \/>\nPara projetos de prototipagem r\u00e1pida de metais, os prot\u00f3tipos padr\u00e3o de alum\u00ednio normalmente s\u00e3o enviados em apenas alguns dias. Pe\u00e7as usinadas altamente complexas para a ind\u00fastria aeroespacial ou projetos de fabrica\u00e7\u00e3o de metais personalizados podem levar um pouco mais de tempo, mas as nossas linhas de fabrica\u00e7\u00e3o inteligentes est\u00e3o otimizadas para velocidade e qualidade sem defeitos.<\/p>\n<h3>Refer\u00eancia R\u00e1pida: Capacidades de Usinagem CNC Personalizada<\/h3>\n<div class=\"table-responsive\">\n<table class=\"table\">\n<thead>\n<tr>\n<th>Especifica\u00e7\u00e3o<\/th>\n<th>Detalhes<\/th>\n<\/tr>\n<\/thead>\n<tbody>\n<tr>\n<td><strong>Toler\u00e2ncias Padr\u00e3o<\/strong><\/td>\n<td>\u00a0 \u00a0 \u00a0 \u00a0 \u00a0 \u00a0 \u00a0 \u00a0 \u00a0 \u00a0 \u00a0 \u00a0 \u00a0 \u00a0 \u00a0 \u00a0 \u00a0 \u00a0 \u00a0 \u00a0 \u00a0 \u00a0 \u00a0 \u00a0 \u00a0 \u00a0 \u00a0 \u00a0 \u00a0 \u00a0 \u00a0 \u00a0 \u00a0 \u00a0 \u00a0 \u00a0 \u00a0 \u00a0 \u00a0 \u00a0 \u00a0 \u00a0 \u00a0 \u00a0 \u00a0 \u00a0 \u00a0 \u00a0 \u00a0 \u00a0 \u00a0 \u00a0 \u00a0 \u00a0 At\u00e9 \u00b10,001\u2033<\/td>\n<\/tr>\n<tr>\n<td><strong>Quantidade M\u00ednima de Encomenda (MOQ)<\/strong><\/td>\n<td>\u00a0 \u00a0 \u00a0 \u00a0 \u00a0 \u00a0 \u00a0 \u00a0 \u00a0 \u00a0 \u00a0 \u00a0 \u00a0 \u00a0 \u00a0 \u00a0 \u00a0 \u00a0 \u00a0 \u00a0 \u00a0 \u00a0 \u00a0 \u00a0 \u00a0 \u00a0 \u00a0 \u00a0 \u00a0 \u00a0 \u00a0 \u00a0 \u00a0 \u00a0 \u00a0 \u00a0 \u00a0 \u00a0 \u00a0 \u00a0 \u00a0 \u00a0 \u00a0 \u00a0 \u00a0 \u00a0 \u00a0 1 Unidade (Prot\u00f3tipos at\u00e9 produ\u00e7\u00f5es de grande volume)<\/td>\n<\/tr>\n<tr>\n<td><strong>Servi\u00e7os Principais<\/strong><\/td>\n<td>\u00a0 \u00a0 \u00a0 \u00a0 \u00a0 \u00a0 \u00a0 \u00a0 \u00a0 \u00a0 \u00a0 \u00a0 \u00a0 \u00a0 \u00a0 \u00a0 \u00a0 \u00a0 \u00a0 \u00a0 \u00a0 \u00a0 \u00a0 \u00a0 \u00a0 \u00a0 \u00a0 \u00a0 \u00a0 \u00a0 \u00a0 \u00a0 \u00a0 \u00a0 \u00a0 \u00a0 \u00a0 \u00a0 \u00a0 \u00a0 \u00a0 \u00a0 \u00a0 \u00a0 \u00a0 Fundi\u00e7\u00e3o, fresagem CNC, torneamento, acabamento de superf\u00edcie<\/td>\n<\/tr>\n<tr>\n<td><strong>Tempo de Prot\u00f3tipo<\/strong><\/td>\n<td>\u00a0 \u00a0 \u00a0 \u00a0 \u00a0 \u00a0 \u00a0 \u00a0 \u00a0 \u00a0 \u00a0 \u00a0 \u00a0 \u00a0 \u00a0 \u00a0 \u00a0 \u00a0 \u00a0 \u00a0 \u00a0 \u00a0 \u00a0 \u00a0 \u00a0 \u00a0 \u00a0 \u00a0 \u00a0 \u00a0 \u00a0 \u00a0 \u00a0 \u00a0 \u00a0 \u00a0 \u00a0 \u00a0 \u00a0 \u00a0 \u00a0 \u00a0 \u00a0 \u00a0T\u00e3o r\u00e1pido quanto alguns dias para pe\u00e7as padr\u00e3o de alum\u00ednio<\/td>\n<\/tr>\n<\/tbody>\n<\/table>\n<\/div>","protected":false},"excerpt":{"rendered":"<p>Custom machined metal part services with CNC milling turning tight tolerance and rapid prototyping for demanding industrial applications. Engineered for [&hellip;]<\/p>\n","protected":false},"featured_media":1918,"comment_status":"open","ping_status":"closed","template":"","meta":{"site-sidebar-layout":"default","site-content-layout":"","ast-site-content-layout":"default","site-content-style":"default","site-sidebar-style":"default","ast-global-header-display":"","ast-banner-title-visibility":"","ast-main-header-display":"","ast-hfb-above-header-display":"","ast-hfb-below-header-display":"","ast-hfb-mobile-header-display":"","site-post-title":"","ast-breadcrumbs-content":"","ast-featured-img":"","footer-sml-layout":"","ast-disable-related-posts":"","theme-transparent-header-meta":"default","adv-header-id-meta":"","stick-header-meta":"","header-above-stick-meta":"","header-main-stick-meta":"","header-below-stick-meta":"","astra-migrate-meta-layouts":"set","ast-page-background-enabled":"default","ast-page-background-meta":{"desktop":{"background-color":"var(--ast-global-color-5)","background-image":"","background-repeat":"repeat","background-position":"center center","background-size":"auto","background-attachment":"scroll","background-type":"","background-media":"","overlay-type":"","overlay-color":"","overlay-opacity":"","overlay-gradient":""},"tablet":{"background-color":"","background-image":"","background-repeat":"repeat","background-position":"center center","background-size":"auto","background-attachment":"scroll","background-type":"","background-media":"","overlay-type":"","overlay-color":"","overlay-opacity":"","overlay-gradient":""},"mobile":{"background-color":"","background-image":"","background-repeat":"repeat","background-position":"center center","background-size":"auto","background-attachment":"scroll","background-type":"","background-media":"","overlay-type":"","overlay-color":"","overlay-opacity":"","overlay-gradient":""}},"ast-content-background-meta":{"desktop":{"background-color":"var(--ast-global-color-4)","background-image":"","background-repeat":"repeat","background-position":"center center","background-size":"auto","background-attachment":"scroll","background-type":"","background-media":"","overlay-type":"","overlay-color":"","overlay-opacity":"","overlay-gradient":""},"tablet":{"background-color":"var(--ast-global-color-4)","background-image":"","background-repeat":"repeat","background-position":"center center","background-size":"auto","background-attachment":"scroll","background-type":"","background-media":"","overlay-type":"","overlay-color":"","overlay-opacity":"","overlay-gradient":""},"mobile":{"background-color":"var(--ast-global-color-4)","background-image":"","background-repeat":"repeat","background-position":"center center","background-size":"auto","background-attachment":"scroll","background-type":"","background-media":"","overlay-type":"","overlay-color":"","overlay-opacity":"","overlay-gradient":""}}},"product_brand":[],"product_cat":[17,21,25,22,24],"product_tag":[],"class_list":{"0":"post-1917","1":"product","2":"type-product","3":"status-publish","4":"has-post-thumbnail","6":"product_cat-stainless-steel","7":"product_cat-aluminum-alloy","8":"product_cat-copper-alloy","9":"product_cat-high-temperature-alloy","10":"product_cat-titanium-alloy","11":"desktop-align-left","12":"tablet-align-left","13":"mobile-align-left","15":"first","16":"instock","17":"shipping-taxable","18":"product-type-simple"},"_links":{"self":[{"href":"https:\/\/haoyumaterial.com\/pt\/wp-json\/wp\/v2\/product\/1917","targetHints":{"allow":["GET"]}}],"collection":[{"href":"https:\/\/haoyumaterial.com\/pt\/wp-json\/wp\/v2\/product"}],"about":[{"href":"https:\/\/haoyumaterial.com\/pt\/wp-json\/wp\/v2\/types\/product"}],"replies":[{"embeddable":true,"href":"https:\/\/haoyumaterial.com\/pt\/wp-json\/wp\/v2\/comments?post=1917"}],"wp:featuredmedia":[{"embeddable":true,"href":"https:\/\/haoyumaterial.com\/pt\/wp-json\/wp\/v2\/media\/1918"}],"wp:attachment":[{"href":"https:\/\/haoyumaterial.com\/pt\/wp-json\/wp\/v2\/media?parent=1917"}],"wp:term":[{"taxonomy":"product_brand","embeddable":true,"href":"https:\/\/haoyumaterial.com\/pt\/wp-json\/wp\/v2\/product_brand?post=1917"},{"taxonomy":"product_cat","embeddable":true,"href":"https:\/\/haoyumaterial.com\/pt\/wp-json\/wp\/v2\/product_cat?post=1917"},{"taxonomy":"product_tag","embeddable":true,"href":"https:\/\/haoyumaterial.com\/pt\/wp-json\/wp\/v2\/product_tag?post=1917"}],"curies":[{"name":"wp","href":"https:\/\/api.w.org\/{rel}","templated":true}]}}