{"id":2068,"date":"2026-03-19T15:28:57","date_gmt":"2026-03-19T07:28:57","guid":{"rendered":"https:\/\/haoyumaterial.com\/?post_type=product&#038;p=2068"},"modified":"2026-03-19T15:36:30","modified_gmt":"2026-03-19T07:36:30","slug":"stainless-steel-alloy-174-ph-machined-parts","status":"publish","type":"product","link":"https:\/\/haoyumaterial.com\/pt\/product\/stainless-steel-alloy-174-ph-machined-parts\/","title":{"rendered":"Partes usinadas em liga de a\u00e7o inoxid\u00e1vel 17 4 PH CNC"},"content":{"rendered":"<h2>O que \u00e9 o a\u00e7o inoxid\u00e1vel 17-4 PH (SAE 630)?<\/h2>\n<p>Est\u00e1 a ter dificuldade em encontrar componentes que ofere\u00e7am resist\u00eancia extrema sem comprometer a durabilidade ambiental? Quando as classes austen\u00edticas standard falham sob esfor\u00e7o mec\u00e2nico elevado, recorremos \u00e0 norma SAE 630.<\/p>\n<p>Especializamo-nos na fabrica\u00e7\u00e3o de alto desempenho <strong>pe\u00e7as usinadas em liga de a\u00e7o inoxid\u00e1vel 17-4 PH<\/strong>. Tamb\u00e9m reconhecida como UNS S17400 ou 17Cr-4Ni, esta liga vers\u00e1til \u00e9 uma liga de endurecimento por precipita\u00e7\u00e3o de cromo-n\u00edquel-cobre <strong>liga de endurecimento por precipita\u00e7\u00e3o<\/strong>. A sua estrutura martens\u00edtica fornece a base ideal para a fabrica\u00e7\u00e3o de precis\u00e3o, onde a falha de componentes simplesmente n\u00e3o \u00e9 op\u00e7\u00e3o.<\/p>\n<h3>Caracter\u00edsticas-chave da liga S17400 para pe\u00e7as de precis\u00e3o<\/h3>\n<ul>\n<li><strong>Dureza Superior:<\/strong> Capaz de alcan\u00e7ar resist\u00eancia ao desgaste impressionante, com tratamentos t\u00e9rmicos padr\u00e3o que elevam o material de base at\u00e9 <strong>44 HRC<\/strong>.<\/li>\n<li><strong>Resist\u00eancia avan\u00e7ada \u00e0 corros\u00e3o:<\/strong> Oferece prote\u00e7\u00e3o contra oxida\u00e7\u00e3o e ferrugem compar\u00e1vel ao a\u00e7o inoxid\u00e1vel 304 padr\u00e3o, superando amplamente as capacidades das ligas martens\u00edticas da s\u00e9rie 400 tradicional.<\/li>\n<li><strong>Alta integridade de resist\u00eancia:<\/strong> Projetada para manter a estabilidade estrutural e a resist\u00eancia ao rendimento sob cargas pesadas e desgaste mec\u00e2nico intenso.<\/li>\n<li><strong>Excelente forjabilidade:<\/strong> Permite-nos m\u00e1quinas, moldar e fabricar de forma eficiente geometrias altamente complexas com toler\u00e2ncias apertadas antes do processo final de envelhecimento.<\/li>\n<\/ul>\n<h2>Capacidades Personalizadas de Fura\u00e7\u00e3o CNC 17-4 PH<\/h2>\n<p><img decoding=\"async\" src=\"https:\/\/haoyumaterial.com\/wp-content\/uploads\/2026\/03\/17-4_PH_Stainless_Steel_Machining_Services_l4X7WcD.webp\" alt=\"Servi\u00e7os de usinagem de a\u00e7o inox 17-4 PH\" \/><\/p>\n<p>Na Vastmaterial, fabricamos componentes usinados de alta qualidade <strong>liga de a\u00e7o inoxid\u00e1vel 17-4 PH usinados<\/strong> constru\u00eddos para aplica\u00e7\u00f5es globais exigentes. Otimizamos os nossos processos de produ\u00e7\u00e3o para lidar com a resist\u00eancia \u00fanica da liga SAE 630, fornecendo <a href=\"https:\/\/haoyumaterial.com\/pt\/product\/austenitic-stainless-steel-grades-and-custom-precision-components\/\">componentes de precis\u00e3o personalizados<\/a> que cumprem especifica\u00e7\u00f5es exatas a cada vez.<\/p>\n<p>Aqui est\u00e1 uma vis\u00e3o geral das nossas capacidades centrais de fabrico:<\/p>\n<ul>\n<li><strong>Mecaniza\u00e7\u00e3o CNC Swiss:<\/strong> Somos excelentes em alto volume <strong>fresagem swiss<\/strong> para componentes de pequeno di\u00e2metro e intrincados. Este processo garante corridas de produ\u00e7\u00e3o r\u00e1pidas sem comprometer a precis\u00e3o dimensional.<\/li>\n<li><strong>Fresagem &amp; Torneamento CNC Avan\u00e7ados:<\/strong> Os nossos centros de usinagem multi-eixo tackle facilmente geometrias complexas, transformando blanque de  derivados da liga S17400 em pe\u00e7as acabadas altamente precisas.<\/li>\n<li><strong>Toler\u00e2ncias R\u00edgidas:<\/strong> A fabrico de precis\u00e3o \u00e9 o nosso padr\u00e3o. Dependendo da geometria espec\u00edfica da pe\u00e7a e da t\u00eampera, mantemos as toler\u00e2ncias a <strong>+\/- 0,002 polegadas<\/strong>\u2014e com frequ\u00eancia mais apertadas para aplica\u00e7\u00f5es especializadas.<\/li>\n<li><strong>P\u00f3s-Processamento e Tratamento t\u00e9rmico:<\/strong> Gerimos todo o ciclo de envelhecimento e t\u00eampera internamente. Quer as suas pe\u00e7as exijam a Condi\u00e7\u00e3o A base ou precisem de serem endurecidas para <strong>Condi\u00e7\u00e3o H900<\/strong>, H1025 ou H1150, os nossos servi\u00e7os de tratamento t\u00e9rmico controlado asseguram que o material atinja as propriedades mec\u00e2nicas pretendidas.<\/li>\n<\/ul>\n<h2>Propriedades Mec\u00e2nicas de 17-4 PH por Tratamento T\u00e9rmico<\/h2>\n<p>O verdadeiro valor do SAE Type 630 reside na sua versatilidade. Atrav\u00e9s de um tratamento t\u00e9rmico segmentado, podemos alterar drasticamente a resist\u00eancia e a dureza do seu <strong>pe\u00e7as usinadas em liga de a\u00e7o inoxid\u00e1vel 17-4 PH<\/strong> para satisfazer as exig\u00eancias exactas da aplica\u00e7\u00e3o. Quer o seu projeto exija caracter\u00edsticas de material padr\u00e3o ou componentes de 17-4 PH de alta resist\u00eancia na condi\u00e7\u00e3o H900, o processo de encravamento de precipita\u00e7\u00e3o d\u00e1-nos controlo total sobre as especifica\u00e7\u00f5es finais.<\/p>\n<p>Para ver a gama mais ampla de mat\u00e9rias-primas com as quais trabalhamos, pode rever as nossas <a href=\"https:\/\/haoyumaterial.com\/pt\/categoria-produto\/stainless-steel\/\">op\u00e7\u00f5es de a\u00e7o inoxid\u00e1vel<\/a>.<\/p>\n<p>A seguir encontra-se um detalhamento das propriedades mec\u00e2nicas t\u00edpicas que pode esperar de pe\u00e7as usinadas em 17-4 PH tratadas termicamente, atrav\u00e9s de diferentes condi\u00e7\u00f5es de t\u00eampera:<\/p>\n<table>\n<thead>\n<tr>\n<th style=\"text-align: left;\">Condi\u00e7\u00e3o de Tempero<\/th>\n<th style=\"text-align: left;\">Resist\u00eancia \u00e0 trac\u00e7\u00e3o (ksi)<\/th>\n<th style=\"text-align: left;\">resist\u00eancia \u00e0 tra\u00e7\u00e3o \u00faltima (ksi)<\/th>\n<th style=\"text-align: left;\">Dureza Brinell<\/th>\n<th style=\"text-align: left;\">Dureza Rockwell<\/th>\n<\/tr>\n<\/thead>\n<tbody>\n<tr>\n<td style=\"text-align: left;\"><strong>Condi\u00e7\u00e3o A (Base)<\/strong><\/td>\n<td style=\"text-align: left;\">110<\/td>\n<td style=\"text-align: left;\">150<\/td>\n<td style=\"text-align: left;\">277<\/td>\n<td style=\"text-align: left;\">28 HRC<\/td>\n<\/tr>\n<tr>\n<td style=\"text-align: left;\"><strong>H900<\/strong><\/td>\n<td style=\"text-align: left;\">170<\/td>\n<td style=\"text-align: left;\">190<\/td>\n<td style=\"text-align: left;\">388<\/td>\n<td style=\"text-align: left;\">44 HRC<\/td>\n<\/tr>\n<tr>\n<td style=\"text-align: left;\"><strong>H1025<\/strong><\/td>\n<td style=\"text-align: left;\">155<\/td>\n<td style=\"text-align: left;\">170<\/td>\n<td style=\"text-align: left;\">331<\/td>\n<td style=\"text-align: left;\">35 HRC<\/td>\n<\/tr>\n<tr>\n<td style=\"text-align: left;\"><strong>H1100<\/strong><\/td>\n<td style=\"text-align: left;\">115<\/td>\n<td style=\"text-align: left;\">140<\/td>\n<td style=\"text-align: left;\">302<\/td>\n<td style=\"text-align: left;\">32 HRC<\/td>\n<\/tr>\n<tr>\n<td style=\"text-align: left;\"><strong>H1150<\/strong><\/td>\n<td style=\"text-align: left;\">105<\/td>\n<td style=\"text-align: left;\">135<\/td>\n<td style=\"text-align: left;\">277<\/td>\n<td style=\"text-align: left;\">28 HRC<\/td>\n<\/tr>\n<\/tbody>\n<\/table>\n<p><strong>Pontos-chave sobre as T\u00eamperas:<\/strong><\/p>\n<ul>\n<li><strong>Condi\u00e7\u00e3o A:<\/strong> O estado baseline de solu\u00e7\u00e3o- recocido, ideal para usinagem inicial antes da t\u00eampera.<\/li>\n<li><strong>H900:<\/strong> Alcan\u00e7ado aquecendo a 900\u00b0F. Isto oferece a m\u00e1xima resist\u00eancia e dureza de pico (44 HRC).<\/li>\n<li><strong>H1025 a H1150:<\/strong> Temperaturas de envelhecimento mais altas amolecem gradualmente a liga, o que reduz ligeiramente a resist\u00eancia \u00e0 trac\u00e7\u00e3o \u00faltima mas melhora significativamente a ductilidade global e a resist\u00eancia ao impacto.<\/li>\n<\/ul>\n<h2>Custos e usinabilidade de 17-4 PH<\/h2>\n<h3>Domar a resist\u00eancia<\/h3>\n<p>Vamos abordar o elefante na sala: a usinagem de 17-4 PH \u00e9 notoriamente dura para as ferramentas de corte. Em compara\u00e7\u00e3o com uma linha de base de a\u00e7o standard 12L14, possui um fator de custo de usinagem de aproximadamente 5,0. O material \u00e9 denso, abrasivo e gera calor significativo durante a cutting.<\/p>\n<p>Na Vastmaterial, sabemos como produzir <strong>pe\u00e7as usinadas em liga de a\u00e7o inoxid\u00e1vel 17-4 PH<\/strong> de forma eficiente. Mitigamos ativamente estes custos de usinagem mais elevados e reduzimos o desgaste das ferramentas atrav\u00e9s de:<\/p>\n<ul>\n<li><strong>Otimiza\u00e7\u00e3o de Passes e Velocidades:<\/strong> Programamos par\u00e2metros CNC precisos para remover cavacos rapidamente e gerir o ac\u00famulo de calor.<\/li>\n<li><strong>Utiliza\u00e7\u00e3o de Ferramentas Premium:<\/strong> Utilizamos ferramentas de corte de carboneto especializadas e de alto desempenho, desenhadas especificamente para usinagem de a\u00e7os inoxid\u00e1veis de endurecimento por precipita\u00e7\u00e3o.<\/li>\n<li><strong>Garantir Montagens R\u00edgidas:<\/strong> Utilizamos fixa\u00e7\u00e3o pesada para eliminar vibra\u00e7\u00e3o, o que mant\u00e9m toler\u00e2ncias apertadas e prolonga a vida \u00fatil das nossas ferramentas.<\/li>\n<\/ul>\n<h3>Quando vale a pena investir em 17-4 PH?<\/h3>\n<p>Como o tempo de usinagem \u00e9 mais longo, escolher a usinagem CNC personalizada de 17-4 PH deve fazer sentido financeiro para o seu projeto.<\/p>\n<ul>\n<li><strong>Opte por 303 ou 316 se:<\/strong> O seu projeto requer apenas resist\u00eancia b\u00e1sica \u00e0 corros\u00e3o, resist\u00eancia moderada e desempenho standard. Estas alternativas s\u00e3o mais baratas e maquinaria muito mais r\u00e1pida.<\/li>\n<li><strong>Invista em 17-4 PH se:<\/strong> A sua aplica\u00e7\u00e3o exige uma rela\u00e7\u00e3o for\u00e7a-peso massiva, resist\u00eancia extrema ao desgaste, capacidades de dureza altas (at\u00e9 44 HRC) e distor\u00e7\u00e3o m\u00ednima durante o tratamento t\u00e9rmico.<\/li>\n<\/ul>\n<p>Alinhar o material exatamente com as exig\u00eancias mec\u00e2nicas da sua aplica\u00e7\u00e3o \u00e9 a forma definitiva de controlar os custos de fabrico. Se atualmente est\u00e1 a ponderar as op\u00e7\u00f5es de material, compreender o <a href=\"https:\/\/haoyumaterial.com\/pt\/casted-stainless-steel-guide-benefits-and-grades\/\">benef\u00edcios e graus de a\u00e7o inoxid\u00e1vel<\/a> pode ajudar a determinar a liga absolutamente melhor e mais rent\u00e1vel para a sua produ\u00e7\u00e3o espec\u00edfica.<\/p>\n<h2>Ind\u00fastrias que utilizam componentes usinados em a\u00e7o inoxid\u00e1vel da liga 17-4 PH<\/h2>\n<p><img decoding=\"async\" src=\"https:\/\/haoyumaterial.com\/wp-content\/uploads\/2026\/03\/17-4_PH_Stainless_Steel_Machined_Parts_Application_1.webp\" alt=\"Aplica\u00e7\u00f5es de pe\u00e7as usinadas em a\u00e7o inox 17-4 PH\" \/><\/p>\n<p>Fabricamos <strong>liga de a\u00e7o inoxid\u00e1vel 17-4 PH usinados<\/strong> para setores que simplesmente n\u00e3o podem comprometer a resist\u00eancia e a resist\u00eancia \u00e0 corros\u00e3o. Quando a falha n\u00e3o \u00e9 op\u00e7\u00e3o, este a\u00e7o inoxid\u00e1vel SAE tipo 630 oferece a durabilidade necess\u00e1ria.<\/p>\n<p>\u00c9 aqui que os nossos servi\u00e7os de usinagem de a\u00e7o inoxid\u00e1vel com endurecimento por precipita\u00e7\u00e3o causam o maior impacto:<\/p>\n<ul>\n<li><strong>Aerospace &amp; Defesa:<\/strong> Produzimos pe\u00e7as estruturais robustas, componentes de trem de aterragem e <strong>conjuntos personalizados aeroespaciais 17-4 PH<\/strong> projetados para resistir a stresses extremos em ambientes exigentes <a href=\"https:\/\/haoyumaterial.com\/pt\/industries\/aerospace\/\">aplica\u00e7\u00f5es na ind\u00fastria aeroespacial<\/a>.<\/li>\n<li><strong>Petr\u00f3leo e G\u00e1s \/ Petroqu\u00edmica:<\/strong> Ambientes offshore \u00e1speros e de refinaria exigem materiais resistentes. Fornecemos vergalh\u00f5es de v\u00e1lvula de grande resist\u00eancia, eixos de bomba dur\u00e1veis e altamente confi\u00e1veis <strong>an\u00e9is de veda\u00e7\u00e3o de bomba usinados em CNC 17-4<\/strong>.<\/li>\n<li><strong>Ligas de cobalto-cromo-molibd\u00e9nio refinadas para biocompatibilidade, resist\u00eancia \u00e0 fadiga e desgaste a longo prazo em substitui\u00e7\u00f5es articulares<\/strong> A resist\u00eancia do material e a esteriliza\u00e7\u00e3o tornam-no perfeito para <strong>usinagem de dispositivos m\u00e9dicos 17-4 PH<\/strong>. Fabricamos regularmente instrumentos cir\u00fargicos robustos e componentes de equipamento dur\u00e1veis.<\/li>\n<li><strong>Autom\u00f3vel e Marinha:<\/strong> Desde espa\u00e7adores de desalinhamento elevados e liga\u00e7\u00f5es de suspens\u00e3o pesadas at\u00e9 <strong>eixos 17-4 PH de usinagem de precis\u00e3o<\/strong> para h\u00e9lices de barcos, esta liga prospera sob cargas mec\u00e2nicas pesadas e exposi\u00e7\u00e3o a \u00e1gua salgada.<\/li>\n<\/ul>\n<h2>Garantia de Qualidade para Componentes Usinados em A\u00e7o Inoxid\u00e1vel da Liga 17-4 PH<\/h2>\n<p>Na Vastmaterial, sabemos que entregar fiabilidade <strong>liga de a\u00e7o inoxid\u00e1vel 17-4 PH usinados<\/strong> significa nunca cortar margens. A manufactura de precis\u00e3o requer supervis\u00e3o estrita do in\u00edcio ao fim. O nosso compromisso com a excel\u00eancia reflete-se em todas as opera\u00e7\u00f5es, alicer\u00e7ado numa base de <a href=\"https:\/\/haoyumaterial.com\/pt\/alloy-cast-steel-factory-capabilities-processes-and-quality\/\">capacidades de f\u00e1brica e processos de qualidade<\/a> desenhado para atender \u00e0s demandas globais do mercado.<\/p>\n<h3>Certifica\u00e7\u00f5es de Fabrico<\/h3>\n<p>Apoiamos os nossos servi\u00e7os de usinagem CNC personaliz\u00e1veis de 17-4 PH com padr\u00f5es de refer\u00eancia da ind\u00fastria para garantir que obtenha exatamente o que precisa:<\/p>\n<ul>\n<li><strong>ISO 9001:2015:<\/strong> Garante produ\u00e7\u00e3o consistente de alta qualidade e melhoria cont\u00ednua de processos em toda a nossa f\u00e1brica.<\/li>\n<li><strong>Registo ITAR:<\/strong> Fabrico totalmente conforme e seguro para contratos de defesa, aeroespaciais e militares.<\/li>\n<\/ul>\n<h3>Inspe\u00e7\u00e3o Avan\u00e7ada e Rastreabilidade<\/h3>\n<p>Quando adquirir pe\u00e7as de precis\u00e3o da liga S17400 connosco, a precis\u00e3o e a responsabilidade est\u00e3o integradas no fluxo de trabalho:<\/p>\n<ul>\n<li><strong>Inspe\u00e7\u00e3o CMM:<\/strong> Utilizamos M\u00e1quinas de Medi\u00e7\u00e3o de Coordenadas (CMM) avan\u00e7adas para verificar as toler\u00e2ncias mais apertadas e as geometrias mais complexas.<\/li>\n<li><strong>Rastreabilidade Completa do Material:<\/strong> Cada remessa inclui Relat\u00f3rios de Ensaios de Materiais completos (MTRs) logo na caixa, dando-lhe confian\u00e7a 100% nos materiais que entram nos seus produtos finais.<\/li>\n<\/ul>\n<h2>FAQ: Pe\u00e7as usinadas de liga de a\u00e7o inoxid\u00e1vel 17-4 PH<\/h2>\n<h3>\u00c9 necess\u00e1rio pr\u00e9-aquecimento para soldar 17-4 PH?<\/h3>\n<p>N\u00e3o. O nosso <strong>pe\u00e7as usinadas em liga de a\u00e7o inoxid\u00e1vel 17-4 PH<\/strong> s\u00e3o facilmente sold\u00e1veis. Pode dispensar totalmente os passos de pr\u00e9-aquecimento e p\u00f3s-aquecimento. Isto torna a montagem e fabrico de pe\u00e7as em a\u00e7o inoxid\u00e1vel SAE Tipo 630 muito mais f\u00e1ceis e altamente rent\u00e1veis em compara\u00e7\u00e3o com outras ligas de alto rendimento.<\/p>\n<h3>Qual \u00e9 o tempo de entrega para pe\u00e7as personalizadas 17-4 PH?<\/h3>\n<p>Depende da complexidade da geometria e do tamanho da encomenda. Geralmente, as pe\u00e7as padr\u00e3o <strong>de usinagem CNC personalizadas 17-4 PH<\/strong> as encomendas demoram cerca de 2 a 4 semanas. Se a sua encomenda espec\u00edfica exigir tratamento t\u00e9rmico para entregar <strong>17-4 PH condition H900 components<\/strong>, simplesmente considere alguns dias extra para termos a completar esse processo de envelhecimento espec\u00edfico internamente.<\/p>\n<h3>Fazem prototipagem e s\u00e9ries de alto volume?<\/h3>\n<p>Sim, tratamos de ambos. escalamos a nossa produ\u00e7\u00e3o diretamente de acordo com as necessidades do seu projeto. Normalmente, executamos pequenos lotes de prot\u00f3tipo de <strong>pe\u00e7as de precis\u00e3o de liga S17400<\/strong> para testes, e podemos mudar sem problemas para produ\u00e7\u00e3o de alto volume usando os nossos servi\u00e7os dedicados de usinagem su\u00ed\u00e7a 17-4 PH. Se ainda estiver a avaliar materiais durante a fase de prototipagem, tamb\u00e9m podemos usinar <a href=\"https:\/\/haoyumaterial.com\/pt\/product\/410-ss-material\/\">a\u00e7o inoxid\u00e1vel 410<\/a> alternativas para que possa testar e comparar diferentes propriedades mec\u00e2nicas lado a lado.<\/p>","protected":false},"excerpt":{"rendered":"<p>Pe\u00e7as usinadas em liga de a\u00e7o inoxid\u00e1vel 17 4 PH personalizadas com torneamento su\u00ed\u00e7o CNC, toler\u00e2ncias estritas e tratamento t\u00e9rmico, alta resist\u00eancia e resist\u00eancia \u00e0 corros\u00e3o<\/p>","protected":false},"featured_media":2065,"comment_status":"open","ping_status":"closed","template":"","meta":{"site-sidebar-layout":"default","site-content-layout":"","ast-site-content-layout":"default","site-content-style":"default","site-sidebar-style":"default","ast-global-header-display":"","ast-banner-title-visibility":"","ast-main-header-display":"","ast-hfb-above-header-display":"","ast-hfb-below-header-display":"","ast-hfb-mobile-header-display":"","site-post-title":"","ast-breadcrumbs-content":"","ast-featured-img":"","footer-sml-layout":"","ast-disable-related-posts":"","theme-transparent-header-meta":"default","adv-header-id-meta":"","stick-header-meta":"","header-above-stick-meta":"","header-main-stick-meta":"","header-below-stick-meta":"","astra-migrate-meta-layouts":"set","ast-page-background-enabled":"default","ast-page-background-meta":{"desktop":{"background-color":"var(--ast-global-color-5)","background-image":"","background-repeat":"repeat","background-position":"center center","background-size":"auto","background-attachment":"scroll","background-type":"","background-media":"","overlay-type":"","overlay-color":"","overlay-opacity":"","overlay-gradient":""},"tablet":{"background-color":"","background-image":"","background-repeat":"repeat","background-position":"center center","background-size":"auto","background-attachment":"scroll","background-type":"","background-media":"","overlay-type":"","overlay-color":"","overlay-opacity":"","overlay-gradient":""},"mobile":{"background-color":"","background-image":"","background-repeat":"repeat","background-position":"center center","background-size":"auto","background-attachment":"scroll","background-type":"","background-media":"","overlay-type":"","overlay-color":"","overlay-opacity":"","overlay-gradient":""}},"ast-content-background-meta":{"desktop":{"background-color":"var(--ast-global-color-4)","background-image":"","background-repeat":"repeat","background-position":"center center","background-size":"auto","background-attachment":"scroll","background-type":"","background-media":"","overlay-type":"","overlay-color":"","overlay-opacity":"","overlay-gradient":""},"tablet":{"background-color":"var(--ast-global-color-4)","background-image":"","background-repeat":"repeat","background-position":"center center","background-size":"auto","background-attachment":"scroll","background-type":"","background-media":"","overlay-type":"","overlay-color":"","overlay-opacity":"","overlay-gradient":""},"mobile":{"background-color":"var(--ast-global-color-4)","background-image":"","background-repeat":"repeat","background-position":"center center","background-size":"auto","background-attachment":"scroll","background-type":"","background-media":"","overlay-type":"","overlay-color":"","overlay-opacity":"","overlay-gradient":""}}},"product_brand":[],"product_cat":[17],"product_tag":[],"class_list":{"0":"post-2068","1":"product","2":"type-product","3":"status-publish","4":"has-post-thumbnail","6":"product_cat-stainless-steel","7":"desktop-align-left","8":"tablet-align-left","9":"mobile-align-left","11":"first","12":"instock","13":"shipping-taxable","14":"purchasable","15":"product-type-simple"},"_links":{"self":[{"href":"https:\/\/haoyumaterial.com\/pt\/wp-json\/wp\/v2\/product\/2068","targetHints":{"allow":["GET"]}}],"collection":[{"href":"https:\/\/haoyumaterial.com\/pt\/wp-json\/wp\/v2\/product"}],"about":[{"href":"https:\/\/haoyumaterial.com\/pt\/wp-json\/wp\/v2\/types\/product"}],"replies":[{"embeddable":true,"href":"https:\/\/haoyumaterial.com\/pt\/wp-json\/wp\/v2\/comments?post=2068"}],"wp:featuredmedia":[{"embeddable":true,"href":"https:\/\/haoyumaterial.com\/pt\/wp-json\/wp\/v2\/media\/2065"}],"wp:attachment":[{"href":"https:\/\/haoyumaterial.com\/pt\/wp-json\/wp\/v2\/media?parent=2068"}],"wp:term":[{"taxonomy":"product_brand","embeddable":true,"href":"https:\/\/haoyumaterial.com\/pt\/wp-json\/wp\/v2\/product_brand?post=2068"},{"taxonomy":"product_cat","embeddable":true,"href":"https:\/\/haoyumaterial.com\/pt\/wp-json\/wp\/v2\/product_cat?post=2068"},{"taxonomy":"product_tag","embeddable":true,"href":"https:\/\/haoyumaterial.com\/pt\/wp-json\/wp\/v2\/product_tag?post=2068"}],"curies":[{"name":"wp","href":"https:\/\/api.w.org\/{rel}","templated":true}]}}