{"id":2102,"date":"2026-03-28T10:01:16","date_gmt":"2026-03-28T02:01:16","guid":{"rendered":"https:\/\/haoyumaterial.com\/?post_type=product&#038;p=2102"},"modified":"2026-03-28T21:00:31","modified_gmt":"2026-03-28T13:00:31","slug":"1117-low-carbon-steel-precision-machining-services","status":"publish","type":"product","link":"https:\/\/haoyumaterial.com\/pt\/product\/1117-low-carbon-steel-precision-machining-services\/","title":{"rendered":"Servi\u00e7os de usinagem de precis\u00e3o de a\u00e7o carbono baixo 1117"},"content":{"rendered":"<h2>Compreender o 1117 A\u00e7o Carbono Baixo<\/h2>\n<p>Quando se trata de fabricar componentes de alta qualidade, escolher o material certo \u00e9 fundamental. Oferecemos componentes de primeira linha <strong>1117 a\u00e7o carbono baixo servi\u00e7os de usinagem de precis\u00e3o<\/strong>, oferecendo pe\u00e7as de alto desempenho que cumprem padr\u00f5es industriais rigorosos. Compreender as caracter\u00edsticas centrais deste material \u00e9 o primeiro passo para otimizar a sua linha de produ\u00e7\u00e3o e reduzir os custos globais de fabrica\u00e7\u00e3o.<\/p>\n<h3>O que \u00e9 o A\u00e7o 1117?<\/h3>\n<p>O a\u00e7o 1117 \u00e9 um a\u00e7o carbono de baixo teor de carbono, alto teor de mangan\u00eas e carbono resulfurizado. \u00c9 especificamente concebido para usinagem f\u00e1cil, tornando-o uma excelente escolha para produ\u00e7\u00e3o r\u00e1pida e em grande volume. A adi\u00e7\u00e3o deliberada de enxofre favorece a quebra de cavacos durante o processo de usinagem, permitindo velocidades de corte mais r\u00e1pidas, menor desgaste da ferramenta e um ciclo de fabrico altamente consistente.<\/p>\n<h3>Propriedades e Especifica\u00e7\u00f5es Principais do Material<\/h3>\n<p>A composi\u00e7\u00e3o qu\u00edmica \u00fanica do 1117 dita o seu excelente desempenho no piso de f\u00e1brica. Equilibra perfeitamente alta usinabilidade com integridade estrutural, tornando-o o material bruto ideal para criar pe\u00e7as intrincadas <strong>pe\u00e7as usinadas de a\u00e7o carbono baixo 1117<\/strong>.<\/p>\n<table>\n<thead>\n<tr>\n<th style=\"text-align: left;\">Especifica\u00e7\u00e3o<\/th>\n<th style=\"text-align: left;\">Composi\u00e7\u00e3o Qu\u00edmica \/ Classifica\u00e7\u00e3o<\/th>\n<\/tr>\n<\/thead>\n<tbody>\n<tr>\n<td style=\"text-align: left;\"><strong>Carbono (C)<\/strong><\/td>\n<td style=\"text-align: left;\">0,14% \u2013 0,20%<\/td>\n<\/tr>\n<tr>\n<td style=\"text-align: left;\"><strong>Mangan\u00eas (Mn)<\/strong><\/td>\n<td style=\"text-align: left;\">1,00% \u2013 1,30%<\/td>\n<\/tr>\n<tr>\n<td style=\"text-align: left;\"><strong>Enxofre (S)<\/strong><\/td>\n<td style=\"text-align: left;\">0,08% \u2013 0,13%<\/td>\n<\/tr>\n<tr>\n<td style=\"text-align: left;\"><strong>F\u00f3sforo (P)<\/strong><\/td>\n<td style=\"text-align: left;\">0,04% M\u00e1x<\/td>\n<\/tr>\n<tr>\n<td style=\"text-align: left;\"><strong>Classifica\u00e7\u00e3o de usinabilidade<\/strong><\/td>\n<td style=\"text-align: left;\">~85% (Relativo ao a\u00e7o 1212)<\/td>\n<\/tr>\n<\/tbody>\n<\/table>\n<h3>Resist\u00eancia Mec\u00e2nica e Durabilidade<\/h3>\n<p>Apesar da excelente classifica\u00e7\u00e3o de usinagem, o a\u00e7o 1117 n\u00e3o compromete o desempenho estrutural. Oferece resist\u00eancia mec\u00e2nica confi\u00e1vel e durabilidade de longa dura\u00e7\u00e3o para uma variedade de aplica\u00e7\u00f5es industriais exigentes.<\/p>\n<ul>\n<li><strong>Limite de Escoamento Confi\u00e1vel:<\/strong> Fornece excelente resist\u00eancia \u00e0 deforma\u00e7\u00e3o f\u00edsica sob esfor\u00e7o operacional.<\/li>\n<li><strong>Ductilidade Central:<\/strong> O teor espec\u00edfico de carbono baixo garante que o n\u00facleo interior permane\u00e7a resistente, absorvente de choques e d\u00factil.<\/li>\n<li><strong>Capacidade de t\u00eampera de superf\u00edcie:<\/strong> Responde de forma excepcional \u00e0 carburiza\u00e7\u00e3o e a outros tratamentos t\u00e9rmicos de superf\u00edcie, resultando numa casca exterior extremamente dura e resistente ao desgaste.<\/li>\n<li><strong>Acabamento de Superf\u00edcie Superior:<\/strong> Consegue naturalmente um acabamento suave e limpo logo ap\u00f3s a m\u00e1quina CNC, reduzindo significativamente a necessidade de opera\u00e7\u00f5es de polimento secund\u00e1rias.<\/li>\n<\/ul>\n<h2>Servi\u00e7os de usinagem de precis\u00e3o de a\u00e7o carbono baixo 1117<\/h2>\n<p>Somos uma empresa que presta servi\u00e7os de usinagem de precis\u00e3o para o a\u00e7o carbono baixo 1117, oferecendo solu\u00e7\u00f5es confi\u00e1veis e de alta qualidade para ind\u00fastrias globais. As nossas instala\u00e7\u00f5es est\u00e3o equipadas para transformar o stock bruto 1117 em componentes plenamente realizados que atendam \u00e0s suas especifica\u00e7\u00f5es exactas.<\/p>\n<h3>Capacidades Customizadas de Usinagem CNC<\/h3>\n<p>Os nossos centros avan\u00e7ados de tor\u00e7\u00e3o e fresagem CNC s\u00e3o constru\u00eddos para versatilidade e velocidade. Quer o seu projeto exija perfura\u00e7\u00e3o simples ou geometria complexa de m\u00faltiplos eixos, temos a tecnologia para o fazer acontecer. Semelhante aos nossos processos de precis\u00e3o para <a href=\"https:\/\/haoyumaterial.com\/pt\/product\/4340-alloy-steel-machined-parts\/\">pe\u00e7as usinadas em a\u00e7o liga 4340<\/a>, as nossas configura\u00e7\u00f5es personalizadas de CNC s\u00e3o programadas para maximizar a trabalhabilidade natural do a\u00e7o 1117.<\/p>\n<ul>\n<li><strong>Torneamento &amp; Fresagem CNC Avan\u00e7ados:<\/strong> A lidar com geometrias complexas com facilidade.<\/li>\n<li><strong>Configura\u00e7\u00e3o R\u00e1pida:<\/strong> Transi\u00e7\u00e3o r\u00e1pida de ficheiros CAD digitais para produ\u00e7\u00e3o f\u00edsica.<\/li>\n<li><strong>Percursos de Ferramentas Personalizados:<\/strong> Otimizado para as propriedades espec\u00edficas de interrup\u00e7\u00e3o de cavacos do a\u00e7o 1117.<\/li>\n<\/ul>\n<h3>Alcan\u00e7ar Toler\u00e2ncias Apertadas para Pe\u00e7as de Precis\u00e3o<\/h3>\n<p>A precis\u00e3o \u00e9 n\u00e3o-negoci\u00e1vel na fabrica\u00e7\u00e3o moderna. Como este material corta t\u00e3o limpo, podemos atingir com fiabilidade requisitos dimensionais estritos ao longo de toda uma produ\u00e7\u00e3o. Garantimos que as suas pe\u00e7as usinadas de a\u00e7o de baixo carbono 1117 de precis\u00e3o se encaixem perfeitamente no seu produto final.<\/p>\n<ul>\n<li><strong>Precis\u00e3o ao N\u00edvel de Microns:<\/strong> Cumprimento consistente de toler\u00e2ncias industriais estritas.<\/li>\n<li><strong>Acabamentos de superf\u00edcie suaves:<\/strong> Proporcionando qualidade de superf\u00edcie excelente fora da m\u00e1quina.<\/li>\n<li><strong>Inspe\u00e7\u00e3o Minuciosa:<\/strong> Cada lote \u00e9 verificado para corresponder exatamente aos seus planos.<\/li>\n<\/ul>\n<h3>Efici\u00eancia de usinagem e corridas de produ\u00e7\u00e3o<\/h3>\n<p>O tempo \u00e9 dinheiro. O a\u00e7o 1117 possui uma excelente classifica\u00e7\u00e3o de usinabilidade, permitindo operar os nossos equipamentos a velocidades mais elevadas, ao mesmo tempo que prolonga a vida \u00fatil das ferramentas. Esta efici\u00eancia traduz-se diretamente em prazos de entrega mais r\u00e1pidos e melhores pre\u00e7os para os seus projetos.<\/p>\n<ul>\n<li><strong>Prototipagem r\u00e1pida:<\/strong> Obtenha rapidamente os seus componentes de teste iniciais.<\/li>\n<li><strong>Escalonamento sem falhas:<\/strong> Transi\u00e7\u00e3o f\u00e1cil de uma d\u00fazia de prot\u00f3tipos para dezenas de milhares de unidades.<\/li>\n<li><strong>Opera\u00e7\u00f5es de baixo custo:<\/strong> Menor desgaste das m\u00e1quinas e ciclos mais r\u00e1pidos mant\u00eam o seu or\u00e7amento sob controlo.<\/li>\n<\/ul>\n<h2>Vantagens da Usinagem do A\u00e7o 1117<\/h2>\n<p>Somos uma empresa que presta servi\u00e7os de usinagem de precis\u00e3o para o a\u00e7o de baixo carbono 1117, e vemos em primeira m\u00e3o por que \u00e9 que os engenheiros especificam este material. Oferece um equil\u00edbrio ideal entre capacidade de trabalhar o material em bruto e resist\u00eancia central, tornando-o altamente rent\u00e1vel para fabricar componentes usinados de precis\u00e3o em a\u00e7o 1117 de baixo carbono em escala.<\/p>\n<h3>Classifica\u00e7\u00f5es de Usinabilidade Excecionais<\/h3>\n<p>Gra\u00e7as ao seu conte\u00fado de mangan\u00eas elevado, o a\u00e7o 1117 trabalha de forma incrivelmente boa em compara\u00e7\u00e3o com as ligas de baixo carbono padr\u00e3o.<\/p>\n<ul>\n<li>**Mais r\u00e1pido<strong>Velocidades de Corte Mais Elevadas:<\/strong> Permite remo\u00e7\u00e3o r\u00e1pida de material, acelerando os tempos de produ\u00e7\u00e3o.<\/li>\n<li><strong>Quebra de cavacos limpa:<\/strong> Produz cavacos pequenos que se expulsam facilmente, reduzindo o desgaste das ferramentas de corte CNC.<\/li>\n<li><strong>Acabamentos de superf\u00edcie suaves:<\/strong> Alcan\u00e7a acabamentos excelentes e limpos logo \u00e0 sa\u00edda da m\u00e1quina, sem necessidade de polimento secund\u00e1rio excessivo.<\/li>\n<\/ul>\n<h3>Soldabilidade e Formabilidade Fi\u00e1veis<\/h3>\n<p>O teor m\u00ednimo de carbono neste a\u00e7o torna-o excepcionalmente f\u00e1cil de fabricar. Dobra e molda-se suavemente durante a conforma\u00e7\u00e3o a frio sem rachaduras. Tamb\u00e9m aceita bem procedimentos de soldagem padr\u00e3o. Se estiver a avaliar diferentes propriedades met\u00e1licas para o seu pr\u00f3ximo projeto, compreender <a href=\"https:\/\/haoyumaterial.com\/pt\/cast-iron-vs-steel-comparison-guide-durable-cookware-tools\/\">qu\u00e3o vers\u00e1til o a\u00e7o se compara a materiais r\u00edgidos como ferro fundido<\/a> deste modo destaca claramente porqu\u00ea o 1117 \u00e9 a escolha ideal para componentes complexos formados.<\/p>\n<h3>Tratamento t\u00e9rmico e t\u00eampera superficial<\/h3>\n<p>Enquanto o 1117 mant\u00e9m um n\u00facleo com baixo teor de carbono e d\u00factil, reage lindamente aos processos de endurecimento superficial como a carburiza\u00e7\u00e3o.<\/p>\n<ul>\n<li><strong>Casca resistente ao desgaste:<\/strong> Cria um exterior fortemente endurecido que suporta facilmente atrito intenso.<\/li>\n<li><strong>N\u00facleo Absorvedor de Choque:<\/strong> O material interior permanece duro e flex\u00edvel, evitando que a pe\u00e7a se parta sob impacto.<\/li>\n<li><strong>Durabilidade a longo prazo:<\/strong> Maximiza a vida \u00fatil de componentes sob elevada tens\u00e3o como engrenagens, pinos e eixos de transmiss\u00e3o.<\/li>\n<\/ul>\n<h2>Aplica\u00e7\u00f5es comuns de pe\u00e7as usinadas 1117<\/h2>\n<p>Por causa do excelente acabamento de superf\u00edcie e resist\u00eancia ap\u00f3s tratamento t\u00e9rmico, <strong>pe\u00e7as usinadas de a\u00e7o carbono baixo 1117<\/strong> S\u00e3o amplamente relyados em v\u00e1rios setores exigentes. Fabricamos componentes de alta qualidade concebidos para manter sistemas globais cr\u00edticos a funcionar sem problemas.<\/p>\n<h3>Componentes automotivos e hidr\u00e1ulicos<\/h3>\n<p>Os setores automotivo e de pot\u00eancia fluida exigem uma durabilidade extrema. Somos uma empresa que presta servi\u00e7os de usinagem de precis\u00e3o para a\u00e7o carbono 1117, especialmente adaptado para ambientes de alto atrito e alta press\u00e3o. Quando revenido a quente, este material forma uma armadura externa resistente mantendo um n\u00facleo d\u00factil.<\/p>\n<p><strong>As aplica\u00e7\u00f5es ideais automotivas e hidr\u00e1ulicas incluem:<\/strong><\/p>\n<ul>\n<li><strong>Engrenagens e pi\u00f5es de transmiss\u00e3o<\/strong> Constru\u00eddo para suportar desgaste constante.<\/li>\n<li><strong>Columnas de dire\u00e7\u00e3o e eixo de transmiss\u00e3o:<\/strong> Exigindo elevada dureza do n\u00facleo.<\/li>\n<li><strong>Conetores e adaptadores hidr\u00e1ulicos<\/strong> Assegurar liga\u00e7\u00f5es \u00e0 prova de vazamentos sob press\u00e3o.<\/li>\n<\/ul>\n<h3>Equipamento M\u00e9dico e Farmac\u00eautico<\/h3>\n<p>No setor de fabrico de cuidados de sa\u00fade, a fiabilidade do equipamento \u00e9 inegoci\u00e1vel. Embora normalmente n\u00e3o seja utilizado para implantes cir\u00fargicos internos, o a\u00e7o 1117 \u00e9 amplamente utilizado nos componentes estruturais de m\u00e1quinas de fabrico farmac\u00eautico e de hardware de equipamentos de diagn\u00f3stico. Se estiver a trabalhar atualmente atrav\u00e9s de um <a href=\"https:\/\/haoyumaterial.com\/pt\/prototype-medical-device-prototyping-guide-for-faster-development\/\">guia de prototipagem de dispositivos m\u00e9dicos<\/a> para acelerar o seu ciclo de desenvolvimento, testar os seus desenhos estruturais com a\u00e7o 1117 usinado oferece um ponto de partida altamente preciso e com custo controlado antes de passar para a produ\u00e7\u00e3o final.<\/p>\n<h3>Aplica\u00e7\u00f5es de canaliza\u00e7\u00e3o e fixa\u00e7\u00e3o<\/h3>\n<p>Para\/im produ\u00e7\u00e3o em grande escala, a natureza de f\u00e1cil usinagem do 1117 faz dele uma escolha principal para infraestruturas comerciais de canaliza\u00e7\u00e3o e montagem industrial.<\/p>\n<p><strong>Componentes comuns de fixa\u00e7\u00e3o e embiagem de canaliza\u00e7\u00f5es:<\/strong><\/p>\n<ul>\n<li><strong>parafusos personalizados e argolas pesadas<\/strong><\/li>\n<li><strong>Fasteners especializados com roscas especiais<\/strong><\/li>\n<li><strong>Corpos de v\u00e1lvula e pe\u00e7as de liga\u00e7\u00e3o seguras para tubos<\/strong><\/li>\n<\/ul>\n<p>Os nossos processos de produ\u00e7\u00e3o transformam de forma eficiente o stock bruto 1117 em pernos efixados com roscas perfeitas, toler\u00e2ncias tight, prontos para utiliza\u00e7\u00e3o imediata nas suas linhas de montagem.<\/p>\n<h2>Comparando 1117 com outros a\u00e7os carbono<\/h2>\n<p><img decoding=\"async\" src=\"https:\/\/haoyumaterial.com\/wp-content\/uploads\/2026\/03\/1117_low_carbon_steel_vs_1018_and_12L14_steel_e1w0.webp\" alt=\"A\u00e7o de baixa carbono 1117 vs 1018 e a\u00e7o 12L14\" \/><\/p>\n<p>Escolher o material certo \u00e9 crucial para o seu projeto. Como empresa que fornece servi\u00e7os de usinagem de precis\u00e3o para o a\u00e7o carbono baixo 1117, ajudamos periodicamente os nossos clientes a comparar op\u00e7\u00f5es de ligas para garantir desempenho \u00f3timo e rela\u00e7\u00e3o custo-efici\u00eancia no ch\u00e3o de f\u00e1brica.<\/p>\n<h3>A\u00e7o de Baixo Controlo 1117 vs 1018<\/h3>\n<p>Ambos s\u00e3o altamente populares, mas servem diferentes necessidades de fabrica\u00e7\u00e3o.<\/p>\n<ul>\n<li><strong>Usinabilidade:<\/strong> 1117 corta muito mais r\u00e1pido e deixa um acabamento mais limpo que o 1018 devido ao seu maior teor de enxofre e mangan\u00eas.<\/li>\n<li><strong>Dureza superficial:<\/strong> 1117 atinge uma dureza de recobrimento mais profunda e uniforme, tornando-o melhor para pe\u00e7as resistentes ao desgaste.<\/li>\n<li><strong>Conformabilidade:<\/strong> O 1018 lidera se o seu componente exigir conforma\u00e7\u00e3o a frio extensa, dobra ou soldagem padr\u00e3o.<\/li>\n<\/ul>\n<h3>1117 vs. 12L14 A\u00e7o de usinagem livre<\/h3>\n<p>Ao estabelecer <a href=\"https:\/\/haoyumaterial.com\/pt\/product\/rapid-prototyping-and-tooling-services-for-low-volume-production\/\">servi\u00e7os de prototipagem r\u00e1pida e ferramentaria para produ\u00e7\u00e3o de baixo volume<\/a>, a escolha entre estas duas ligas geralmente resume-se a for\u00e7a estrutural versus velocidade de corte puro.<\/p>\n<table>\n<thead>\n<tr>\n<th style=\"text-align: left;\">Caracter\u00edstica<\/th>\n<th style=\"text-align: left;\">A\u00e7o de baixo carbono 1117<\/th>\n<th style=\"text-align: left;\">A\u00e7o 12L14<\/th>\n<\/tr>\n<\/thead>\n<tbody>\n<tr>\n<td style=\"text-align: left;\"><strong>Velocidade de usinagem<\/strong><\/td>\n<td style=\"text-align: left;\">Excelente<\/td>\n<td style=\"text-align: left;\">Superior<\/td>\n<\/tr>\n<tr>\n<td style=\"text-align: left;\"><strong>Resist\u00eancia do Material<\/strong><\/td>\n<td style=\"text-align: left;\">Mais alto<\/td>\n<td style=\"text-align: left;\">Mais baixo<\/td>\n<\/tr>\n<tr>\n<td style=\"text-align: left;\"><strong>Toxicidade<\/strong><\/td>\n<td style=\"text-align: left;\">Livre de chumbo<\/td>\n<td style=\"text-align: left;\">Cont\u00e9m chumbo<\/td>\n<\/tr>\n<tr>\n<td style=\"text-align: left;\"><strong>Tempero<\/strong><\/td>\n<td style=\"text-align: left;\">Excepcional para t\u00eampera de recobrimento (case hardening)<\/td>\n<td style=\"text-align: left;\">Mau reagente \u00e0 t\u00eampera<\/td>\n<\/tr>\n<\/tbody>\n<\/table>\n<p>Embora o 12L14 m\u00e1quinas mais rapidamente devido ao chumbo adicionado, o 1117 oferece uma integridade estrutural significativamente melhor. Se o seu projeto exige pe\u00e7as de precis\u00e3o usinadas a partir de a\u00e7o carbono baixo 1117 fortes e sem chumbo que necessitam de uma casca exterior dura e resistente, o 1117 continua a ser o vencedor claro.<\/p>\n<h2>Escolhendo um Parceiro Confi\u00e1vel de Fia\u00e7\u00e3o\/Usinagem de A\u00e7o 1117<\/h2>\n<p>Quando o seu projeto exige toler\u00e2ncias apertadas, associar-se ao laborat\u00f3rio certo \u00e9 cr\u00edtico. Somos uma empresa que fornece servi\u00e7os de usinagem de precis\u00e3o para a\u00e7o carbono baixo 1117, fornecendo componentes de alta qualidade prontos a usar diretamente para a sua linha de montagem.<\/p>\n<h3>Controlo de Qualidade e Inspe\u00e7\u00e3o Rigorosos<\/h3>\n<p>Tratamos a qualidade como uma garantia, n\u00e3o como um complemento. Para fornecer pe\u00e7as usinadas de precis\u00e3o em a\u00e7o carbono 1117 de baixa liga com defeitos, a nossa oficina funciona com um rigoroso protocolo de inspe\u00e7\u00e3o:<\/p>\n<ul>\n<li><strong>Inspe\u00e7\u00e3o do Primeiro Pe\u00e7a:<\/strong> Verificamos a montagem inicial de acordo com os seus desenhos antes de iniciar as corridas de produ\u00e7\u00e3o em massa.<\/li>\n<li><strong>Monitoriza\u00e7\u00e3o em Processo:<\/strong> Verifica\u00e7\u00f5es constantes apanham qualquer desvio dimensional diretamente na m\u00e1quina.<\/li>\n<li><strong> Certifica\u00e7\u00e3o:<\/strong> Cada lote passa por verifica\u00e7\u00f5es minuciosas usando CMMs e instrumentos \u00f3pticos precisos antes de embalar.<\/li>\n<\/ul>\n<h3>P\u00f3s-Usinagem e Servi\u00e7os Secund\u00e1rios<\/h3>\n<p>Uma pe\u00e7a usinada nem sempre est\u00e1 finalizada at\u00e9 ser tratada ou revestida. Gerimos as opera\u00e7\u00f5es secund\u00e1rias para que obtenha uma pe\u00e7a completa. Se quiser saber como as mudan\u00e7as de temperatura afetam as propriedades do material das suas pe\u00e7as, aprender sobre <a href=\"https:\/\/haoyumaterial.com\/pt\/what-is-annealing-metal-heat-treatment-process-explained\/\">o que \u00e9 t\u00eampera e como o processo de tratamento t\u00e9rmico do metal funciona<\/a> mostra como aliviamos o stress e melhoramos a durabilidade. Tamb\u00e9m lidamos com:<\/p>\n<ul>\n<li><strong>Revestimento &amp; Revestimento:<\/strong> Zinco, \u00f3xido negro e revestimentos personalizados para evitar a ferrugem.<\/li>\n<li><strong>Dureza superficial:<\/strong> Aumentar a dureza da superf\u00edcie mantendo o n\u00facleo do a\u00e7o d\u00factil.<\/li>\n<li><strong>Desbaste e_polimento:<\/strong> Remo\u00e7\u00e3o de arestas afiadas para manuseamento seguro e ajuste perfeito.<\/li>\n<\/ul>\n<h3>Solicitar um Or\u00e7amento de Fabrico Personalizado<\/h3>\n<p>O pre\u00e7o para os seus servi\u00e7os de usinagem de precis\u00e3o em a\u00e7o 1117 de baixa carbono deve ser direto. Envie apenas os seus desenhos 2D e ficheiros CAD 3D. A nossa equipa de engenharia ir\u00e1 rever a geometria da pe\u00e7a, os requisitos de acabamento superficial e o volume do lote para fornecer um or\u00e7amento r\u00e1pido, claro e competitivo sem quaisquer taxas escondidas.<\/p>","protected":false},"excerpt":{"rendered":"<p>1117 a\u00e7o carbono baixo usinagem de precis\u00e3o para pe\u00e7as CNC com toler\u00e2ncia apertada, com excelente soldabilidade\/madear e produ\u00e7\u00e3o personalizada<\/p>","protected":false},"featured_media":2100,"comment_status":"open","ping_status":"closed","template":"","meta":{"site-sidebar-layout":"default","site-content-layout":"","ast-site-content-layout":"default","site-content-style":"default","site-sidebar-style":"default","ast-global-header-display":"","ast-banner-title-visibility":"","ast-main-header-display":"","ast-hfb-above-header-display":"","ast-hfb-below-header-display":"","ast-hfb-mobile-header-display":"","site-post-title":"","ast-breadcrumbs-content":"","ast-featured-img":"","footer-sml-layout":"","ast-disable-related-posts":"","theme-transparent-header-meta":"default","adv-header-id-meta":"","stick-header-meta":"","header-above-stick-meta":"","header-main-stick-meta":"","header-below-stick-meta":"","astra-migrate-meta-layouts":"set","ast-page-background-enabled":"default","ast-page-background-meta":{"desktop":{"background-color":"var(--ast-global-color-5)","background-image":"","background-repeat":"repeat","background-position":"center center","background-size":"auto","background-attachment":"scroll","background-type":"","background-media":"","overlay-type":"","overlay-color":"","overlay-opacity":"","overlay-gradient":""},"tablet":{"background-color":"","background-image":"","background-repeat":"repeat","background-position":"center center","background-size":"auto","background-attachment":"scroll","background-type":"","background-media":"","overlay-type":"","overlay-color":"","overlay-opacity":"","overlay-gradient":""},"mobile":{"background-color":"","background-image":"","background-repeat":"repeat","background-position":"center center","background-size":"auto","background-attachment":"scroll","background-type":"","background-media":"","overlay-type":"","overlay-color":"","overlay-opacity":"","overlay-gradient":""}},"ast-content-background-meta":{"desktop":{"background-color":"var(--ast-global-color-4)","background-image":"","background-repeat":"repeat","background-position":"center center","background-size":"auto","background-attachment":"scroll","background-type":"","background-media":"","overlay-type":"","overlay-color":"","overlay-opacity":"","overlay-gradient":""},"tablet":{"background-color":"var(--ast-global-color-4)","background-image":"","background-repeat":"repeat","background-position":"center center","background-size":"auto","background-attachment":"scroll","background-type":"","background-media":"","overlay-type":"","overlay-color":"","overlay-opacity":"","overlay-gradient":""},"mobile":{"background-color":"var(--ast-global-color-4)","background-image":"","background-repeat":"repeat","background-position":"center center","background-size":"auto","background-attachment":"scroll","background-type":"","background-media":"","overlay-type":"","overlay-color":"","overlay-opacity":"","overlay-gradient":""}}},"product_brand":[],"product_cat":[17,19],"product_tag":[],"class_list":{"0":"post-2102","1":"product","2":"type-product","3":"status-publish","4":"has-post-thumbnail","6":"product_cat-stainless-steel","7":"product_cat-low-carbon-steel","8":"desktop-align-left","9":"tablet-align-left","10":"mobile-align-left","12":"first","13":"instock","14":"shipping-taxable","15":"purchasable","16":"product-type-simple"},"_links":{"self":[{"href":"https:\/\/haoyumaterial.com\/pt\/wp-json\/wp\/v2\/product\/2102","targetHints":{"allow":["GET"]}}],"collection":[{"href":"https:\/\/haoyumaterial.com\/pt\/wp-json\/wp\/v2\/product"}],"about":[{"href":"https:\/\/haoyumaterial.com\/pt\/wp-json\/wp\/v2\/types\/product"}],"replies":[{"embeddable":true,"href":"https:\/\/haoyumaterial.com\/pt\/wp-json\/wp\/v2\/comments?post=2102"}],"wp:featuredmedia":[{"embeddable":true,"href":"https:\/\/haoyumaterial.com\/pt\/wp-json\/wp\/v2\/media\/2100"}],"wp:attachment":[{"href":"https:\/\/haoyumaterial.com\/pt\/wp-json\/wp\/v2\/media?parent=2102"}],"wp:term":[{"taxonomy":"product_brand","embeddable":true,"href":"https:\/\/haoyumaterial.com\/pt\/wp-json\/wp\/v2\/product_brand?post=2102"},{"taxonomy":"product_cat","embeddable":true,"href":"https:\/\/haoyumaterial.com\/pt\/wp-json\/wp\/v2\/product_cat?post=2102"},{"taxonomy":"product_tag","embeddable":true,"href":"https:\/\/haoyumaterial.com\/pt\/wp-json\/wp\/v2\/product_tag?post=2102"}],"curies":[{"name":"wp","href":"https:\/\/api.w.org\/{rel}","templated":true}]}}