{"id":2200,"date":"2026-04-28T17:02:17","date_gmt":"2026-04-28T09:02:17","guid":{"rendered":"https:\/\/haoyumaterial.com\/?post_type=product&#038;p=2200"},"modified":"2026-04-28T17:29:23","modified_gmt":"2026-04-28T09:29:23","slug":"319-aluminum-alloy-casting","status":"publish","type":"product","link":"https:\/\/haoyumaterial.com\/pt\/product\/319-aluminum-alloy-casting\/","title":{"rendered":"319 Liga de Alum\u00ednio Propriedades e Aplica\u00e7\u00f5es"},"content":{"rendered":"<h2>O que \u00e9 319 LIGA DE ALUM\u00cdNIO?<\/h2>\n<p>319 liga de alum\u00ednio \u00e9 uma liga de alum\u00ednio- sil\u00edcio- cobre altamente vers\u00e1til, amplamente reconhecida pela sua excelente moldabilidade e integridade estrutural. Como fornecedor de servi\u00e7os de fundi\u00e7\u00e3o de precis\u00e3o e usinagem de ligas de alum\u00ednio, utilizamos com frequ\u00eancia o 319 para fabricar componentes complexos de alta resist\u00eancia. Oferece um equil\u00edbrio \u00f3timo entre resist\u00eancia, estanqueidade a press\u00e3o e facilidade de fabrico, tornando-o um material fundamental na ind\u00fastria de fundi\u00e7\u00f5es moderna.<\/p>\n<h3>Vis\u00e3o geral de 319, SR319 e B319.1 variantes<\/h3>\n<p>A fam\u00edlia de alum\u00ednio 319 inclui v\u00e1rias variantes espec\u00edficas, cada uma ajustada para atender a requisitos distintos de fabrico e desempenho:<\/p>\n<ul>\n<li><strong>Padr\u00e3o 319:<\/strong> A liga-base, que oferece excelentes caracter\u00edsticas de fundi\u00e7\u00e3o de uso geral e resist\u00eancia mec\u00e2nica fi\u00e1vel.<\/li>\n<li><strong>SR319 (Modificado com Estr\u00f4ncio):<\/strong> Esta variante \u00e9 modificada com estr\u00f4ncio para refinar a microestrutura de sil\u00edcio. Esta modifica\u00e7\u00e3o cr\u00edtica melhora significativamente a ductilidade, resist\u00eancia e desempenho mec\u00e2nico global da liga.<\/li>\n<li><strong>B319.1:<\/strong> Uma designa\u00e7\u00e3o espec\u00edfica da ind\u00fastria que imp\u00f5e controlos mais r\u00edgidos sobre impurezas qu\u00edmicas. Isto garante um desempenho altamente consistente, especialmente em aplica\u00e7\u00f5es comerciais exigentes e sob alto estresse.<\/li>\n<\/ul>\n<h3>Caracter\u00edsticas gerais e usinabilidade<\/h3>\n<p>A fundi\u00e7\u00e3o de liga de alum\u00ednio 319 \u00e9 reconhecida por suas caracter\u00edsticas de fabrico altamente favor\u00e1veis, oferecendo desempenho superior em v\u00e1rias \u00e1reas operacionais importantes:<\/p>\n<ul>\n<li><strong>Excelente Moldabilidade:<\/strong> A liga permanece altamente fluida em estado fundido, permitindo a cria\u00e7\u00e3o de designs intrincados, geometrias complexas e sec\u00e7\u00f5es finas sem comprometer a solidez estrutural.<\/li>\n<li><strong>Machinabilidade Superior:<\/strong> A adi\u00e7\u00e3o estrat\u00e9gica de cobre aumenta significativamente a sua usinabilidade. Componentes fundidos a partir de alum\u00ednio 319 permitem fresagem, fura\u00e7\u00e3o e torneamento precisos, produzindo consistentemente excelentes acabamentos de superf\u00edcie.<\/li>\n<li><strong>Resist\u00eancia \u00e0 corros\u00e3o fi\u00e1vel:<\/strong> Embora contenha cobre, o alum\u00ednio 319 mant\u00e9m uma boa resist\u00eancia \u00e0 corros\u00e3o, tornando-o altamente adequado para ambientes automotivos e industriais padr\u00e3o.<\/li>\n<li><strong>Soldabilidade elevada:<\/strong> A liga apresenta caracter\u00edsticas de soldabilidade altamente fi\u00e1veis, tornando-a uma escolha ideal para montagens complexas que requerem modifica\u00e7\u00f5es ou repara\u00e7\u00f5es ap\u00f3s o forjamento.<\/li>\n<\/ul>\n<h2>Composi\u00e7\u00e3o Qu\u00edmica do Alum\u00ednio 319<\/h2>\n<p><img decoding=\"async\" src=\"https:\/\/haoyumaterial.com\/wp-content\/uploads\/2026\/04\/319_Aluminum_Alloy_Chemical_Composition_Details_4B.webp\" alt=\"Detalhes da composi\u00e7\u00e3o qu\u00edmica do liga de alum\u00ednio 319\" \/><\/p>\n<p>O desempenho de qualquer <strong>fundi\u00e7\u00e3o de liga de alum\u00ednio 319<\/strong> come\u00e7a com a sua qu\u00edmica. Controlamos cuidadosamente o equil\u00edbrio entre o sil\u00edcio e o cobre para assegurar que o material flua perfeitamente para os moldes, mantendo a integridade estrutural necess\u00e1ria para pe\u00e7as pesadas. Esta situa\u00e7\u00e3o espec\u00edfica <strong>composi\u00e7\u00e3o da liga de alum\u00ednio 319<\/strong> \u00e9 o que a torna um \u201ctrabalho resistente\u201d na ind\u00fastria de fundi\u00e7\u00e3o, oferecendo um equil\u00edbrio entre a elevada fluidez de 380 e a elevada resist\u00eancia de 356.<\/p>\n<h3>Elementos Prim\u00e1rios de Liga<\/h3>\n<p>Os dois grandes pilares do alum\u00ednio 319 s\u00e3o <strong>Sil\u00edcio<\/strong> e <strong>Cobre<\/strong>. Estes elementos ditam como o metal se comporta tanto no alto-forno como no produto final:<\/p>\n<ul>\n<li><strong>Sil\u00edcio (5,51 TP3T \u2013 7,01 TP3T):<\/strong> Este \u00e9 o segredo da excelente moldabilidade da liga. Reduz o ponto de fus\u00e3o e aumenta a fluidez, permitindo fundir formas complexas sem se preocuparem com fissuras ou vazamentos.<\/li>\n<li><strong>Cobre (3,01 TP3T \u2013 4,01 TP3T):<\/strong> O cobre \u00e9 o principal agente de endurecimento. Permite que a liga responda ao tratamento t\u00e9rmico, aumentando significativamente a dureza e a resist\u00eancia \u00e0 tra\u00e7\u00e3o.<\/li>\n<li><strong>Alum\u00ednio (restante):<\/strong> O metal-base que fornece as caracter\u00edsticas de leveza essenciais para a engenharia moderna.<\/li>\n<\/ul>\n<p>Como estas pe\u00e7as fundidas frequentemente requerem toler\u00e2ncias apertadas, seguimos frequentemente o processo de lamina\u00e7\u00e3o com o nosso <a href=\"https:\/\/haoyumaterial.com\/pt\/online-cnc-service-for-precision-parts-and-instant-quotes\/\">servi\u00e7o CNC online para pe\u00e7as de precis\u00e3o e cota\u00e7\u00f5es instant\u00e2neas<\/a> para garantir que cada dimens\u00e3o cumpra as tuas especifica\u00e7\u00f5es exactas.<\/p>\n<h3>Elementos tra\u00e7os e limites<\/h3>\n<p>Enquanto o sil\u00edcio e o cobre realizam o trabalho pesado, os elementos tra\u00e7o devem ser geridos estritamente para evitar pe\u00e7as fr\u00e1geis ou acabamentos superficiais pobres. Os nossos <strong>de composi\u00e7\u00e3o qu\u00edmica<\/strong> padr\u00f5es mant\u00eam estes elementos dentro de margens estreitas:<\/p>\n<table>\n<thead>\n<tr>\n<th style=\"text-align: left;\">Elemento<\/th>\n<th style=\"text-align: left;\">Limite M\u00e1ximo (%)<\/th>\n<th style=\"text-align: left;\">Fun\u00e7\u00e3o\/Impacto<\/th>\n<\/tr>\n<\/thead>\n<tbody>\n<tr>\n<td style=\"text-align: left;\"><strong>Ferro (Fe)<\/strong><\/td>\n<td style=\"text-align: left;\">1.0%<\/td>\n<td style=\"text-align: left;\">N\u00edveis elevados podem causar fragilidade; mantemos isto baixo para maior ductilidade.<\/td>\n<\/tr>\n<tr>\n<td style=\"text-align: left;\"><strong>Magn\u00e9sio (Mg)<\/strong><\/td>\n<td style=\"text-align: left;\">0.10% \u2013 0.50%<\/td>\n<td style=\"text-align: left;\">Aumenta a resist\u00eancia mas pode reduzir a ductilidade se n\u00e3o for equilibrado.<\/td>\n<\/tr>\n<tr>\n<td style=\"text-align: left;\"><strong>Zinco (Zn)<\/strong><\/td>\n<td style=\"text-align: left;\">1.0%<\/td>\n<td style=\"text-align: left;\">Geralmente um elemento residual com impacto m\u00ednimo nestes n\u00edveis.<\/td>\n<\/tr>\n<tr>\n<td style=\"text-align: left;\"><strong>Mangan\u00eas (Mn)<\/strong><\/td>\n<td style=\"text-align: left;\">0.50%<\/td>\n<td style=\"text-align: left;\">Ajuda a modificar a estrutura de ferro para melhorar as propriedades mec\u00e2nicas.<\/td>\n<\/tr>\n<tr>\n<td style=\"text-align: left;\"><strong>Tit\u00e2nio (Ti)<\/strong><\/td>\n<td style=\"text-align: left;\">0.25%<\/td>\n<td style=\"text-align: left;\">Funciona como um modificador de gr\u00e3os para uma estrutura interna mais uniforme.<\/td>\n<\/tr>\n<\/tbody>\n<\/table>\n<p>Ao manter este equil\u00edbrio qu\u00edmico preciso, asseguramos que cada <strong>fundi\u00e7\u00e3o de liga de alum\u00ednio 319<\/strong> proporciona a fiabilidade e durabilidade que os nossos clientes esperam para aplica\u00e7\u00f5es industriais e autom\u00f3veis.<\/p>\n<h2>Propriedades Mec\u00e2nicas e F\u00edsicas<\/h2>\n<p>O desempenho de <strong>fundi\u00e7\u00e3o de liga de alum\u00ednio 319<\/strong> depende fortemente do processo de tratamento t\u00e9rmico. Verificamos que este ligas oferece uma gama vers\u00e1til de resist\u00eancias, tornando-o adequado tanto para aplica\u00e7\u00f5es estruturais quanto herm\u00e9ticas \u00e0 press\u00e3o. Quer seja na t\u00eampera sob condi\u00e7\u00e3o (F), T5 ou T6, a integridade mec\u00e2nica permanece fi\u00e1vel para ambientes industriais exigentes.<\/p>\n<h3>Propriedades Mec\u00e2nicas T\u00edpicas<\/h3>\n<p>Quando avaliamos o <a href=\"https:\/\/haoyumaterial.com\/pt\/aluminum-grade-for-casting\/\">qualidade de alum\u00ednio para fundi\u00e7\u00e3o<\/a>, 319 destaca-se pela sua resist\u00eancia \u00e0 tra\u00e7\u00e3o equilibrada e dureza. O tratamento t\u00e9rmico T6 \u00e9 particularmente eficaz em aumentar a resist\u00eancia \u00e0 ced\u00eancia e a durabilidade global da pe\u00e7a acabada.<\/p>\n<ul>\n<li><strong>Resist\u00eancia \u00e0 Tra\u00e7\u00e3o:<\/strong> 185 \u2013 250 MPa (27 \u2013 36 ksi)<\/li>\n<li><strong>Resist\u00eancia \u00e0 Tra\u00e7\u00e3o:<\/strong> 125 \u2013 185 MPa (18 \u2013 27 ksi)<\/li>\n<li><strong>Alongamento:<\/strong> 1.5% \u2013 3.0% em 50 mm<\/li>\n<li><strong>Dureza (Brinell):<\/strong> 70 \u2013 95 HB<\/li>\n<li><strong>Resist\u00eancia ao Cisalhamento:<\/strong> 150 \u2013 200 MPa<\/li>\n<\/ul>\n<h3>Principais Propriedades F\u00edsicas<\/h3>\n<p>As propriedades f\u00edsicas do alum\u00ednio 319 asseguram que lida com o esfor\u00e7o t\u00e9rmico de forma eficiente. A sua alta condutividade t\u00e9rmica \u00e9 uma das principais raz\u00f5es pela qual \u00e9 preferido para componentes de motor que precisam de dissipar calor rapidamente. Al\u00e9m disso, o seu excelente <strong>op\u00e7\u00f5es de fundibilidade<\/strong> permite-nos produzir <a href=\"https:\/\/haoyumaterial.com\/pt\/product\/precise-cast-prototype-and-engineering-services-with-rapid-delivery\/\">prot\u00f3tipo de fundi\u00e7\u00e3o preciso<\/a> componentes com geometrias complexas sem sacrificar a densidade do material.<\/p>\n<table>\n<thead>\n<tr>\n<th style=\"text-align: left;\">Propriedade<\/th>\n<th style=\"text-align: left;\">Valor<\/th>\n<\/tr>\n<\/thead>\n<tbody>\n<tr>\n<td style=\"text-align: left;\"><strong>Densidade<\/strong><\/td>\n<td style=\"text-align: left;\">2,79 g\/cm\u00b3 (0,101 lb\/in\u00b3)<\/td>\n<\/tr>\n<tr>\n<td style=\"text-align: left;\"><strong>Intervalo de Fus\u00e3o<\/strong><\/td>\n<td style=\"text-align: left;\">515\u00b0C \u2013 605\u00b0C (960\u00b0F \u2013 1120\u00b0F)<\/td>\n<\/tr>\n<tr>\n<td style=\"text-align: left;\"><strong>Condutividade t\u00e9rmica<\/strong><\/td>\n<td style=\"text-align: left;\">109 W\/m\u00b7K<\/td>\n<\/tr>\n<tr>\n<td style=\"text-align: left;\"><strong>Condutividade El\u00e9ctrica<\/strong><\/td>\n<td style=\"text-align: left;\">27% IACS<\/td>\n<\/tr>\n<tr>\n<td style=\"text-align: left;\"><strong>Coeficiente de Expans\u00e3o T\u00e9rmica<\/strong><\/td>\n<td style=\"text-align: left;\">23,0 \u00b5m\/m\u00b7K<\/td>\n<\/tr>\n<\/tbody>\n<\/table>\n<p>Damos prioridade a estes <strong>Propriedades mec\u00e2nicas<\/strong> e <strong>propriedades f\u00edsicas<\/strong> durante a fase de produ\u00e7\u00e3o para garantir que cada fundi\u00e7\u00e3o cumpre os requisitos espec\u00edficos de carga e t\u00e9rmicos do seu projeto.<\/p>\n<h2>Processos de Fundi\u00e7\u00e3o em Alum\u00ednio 319<\/h2>\n<p>Confiamos na fundi\u00e7\u00e3o de liga de alum\u00ednio 319 porque oferece um equil\u00edbrio perfeito entre fluxo de fluido e integridade estrutural. Esta liga \u00e9 especificamente projetada para lidar com projetos de moldes complexos, tornando-a a escolha \u00f3bvia para as nossas s\u00e9ries de produ\u00e7\u00e3o de alto desempenho. Quer estejamos a trabalhar em sec\u00e7\u00f5es de parede espessa ou em geometrias internas intricadas, a \u201ccapacidade de moldagem\u201d do 319 assegura um resultado confi\u00e1vel em cada vez.<\/p>\n<h3>Fundi\u00e7\u00e3o a Areia de Alum\u00ednio 319<\/h3>\n<p>A chama de areia \u00e9 o m\u00e9todo mais frequente utilizado para este liga. \u00c9 altamente eficaz para a produ\u00e7\u00e3o de componentes de tamanho m\u00e9dio a grande, onde a rentabilidade e a flexibilidade de design s\u00e3o prioridades.<\/p>\n<ul>\n<li><strong>\u00d3ptima Fluidez:<\/strong> O teor de sil\u00edcio permite que o metal fundido preencha completamente o molde de areia sem congelamento prematuro.<\/li>\n<li><strong>Liberdade de Design:<\/strong> Podemos criar n\u00facleos internos complexos que seriam dif\u00edceis ou imposs\u00edveis com outros m\u00e9todos.<\/li>\n<li><strong>Escalabilidade:<\/strong> Este processo funciona t\u00e3o bem para um \u00fanico prot\u00f3tipo quanto para uma produ\u00e7\u00e3o de mil pe\u00e7as.<\/li>\n<\/ul>\n<p>Embora a fundada em areia seja um elemento essencial, a nossa equipa tamb\u00e9m se destaca em <a href=\"https:\/\/haoyumaterial.com\/pt\/product\/aluminum-investment-casting\/\">fundi\u00e7\u00e3o de alum\u00ednio por cera perdida<\/a> e nos processos de moldes permanentes para cumprir requisitos espec\u00edficos de acabamento superficial e toler\u00e2ncias.<\/p>\n<h3>Solidifica\u00e7\u00e3o e Controlo de Porosidade<\/h3>\n<p>A qualidade de uma pe\u00e7a de alum\u00ednio 319 \u00e9 determinada durante a fase de arrefecimento. Como esta liga cont\u00e9m cobre, \u00e9 suscet\u00edvel a porosidade interna se o processo de solidifica\u00e7\u00e3o n\u00e3o for gerido com precis\u00e3o. Utilizamos v\u00e1rias t\u00e9cnicas-chave para assegurar uma pe\u00e7a densa e de alta resist\u00eancia:<\/p>\n<ul>\n<li><strong>Procedimentos de Desgasifica\u00e7\u00e3o:<\/strong> Removemos ativamente o hidrog\u00e9nio da emuls\u00e3o para eliminar porosidade gasosa antes de vertermos.<\/li>\n<li><strong>Arrefecimento Controlado:<\/strong> Ao usar frios estrat\u00e9gicos e ressaltos, direcionamos o caminho de solidifica\u00e7\u00e3o para evitar encolhimento em \u00e1reas cr\u00edticas.<\/li>\n<li><strong>Aprimoramento da Microestrutura:<\/strong> Adicionamos refinadores de gr\u00e3o \u00e0 liga para melhorar a consist\u00eancia do metal e a sua resist\u00eancia mec\u00e2nica global.<\/li>\n<li><strong>An\u00e1lise T\u00e9rmica:<\/strong> Monitorizar a temperatura ao longo da voluta garante que o metal permane\u00e7a dentro da faixa \u00f3tima para a m\u00e1xima estanqueidade de press\u00e3o.<\/li>\n<\/ul>\n<h2>Aplica\u00e7\u00f5es T\u00edpicas de Pe\u00e7as de Alum\u00ednio 319<\/h2>\n<p><img decoding=\"async\" src=\"https:\/\/haoyumaterial.com\/wp-content\/uploads\/2026\/04\/319_Aluminum_Casting_Applications_IWORzR30L.webp\" alt=\"Aplica\u00e7\u00f5es de fundi\u00e7\u00e3o de alum\u00ednio 319\" \/><\/p>\n<p>A pe\u00e7a de alum\u00ednio 319 \u00e9 uma refer\u00eancia na nossa linha de produ\u00e7\u00e3o porque atinge o equil\u00edbrio ideal entre custo e desempenho. A sua excelente fluidez e estanqueidade a press\u00e3o tornam-no a escolha principal para pe\u00e7as complexas que precisam de ser \u00e0 prova de fugas e dur\u00e1veis.<\/p>\n<h3>Componentes Automotivos e de Motor<\/h3>\n<p>O sector autom\u00f3vel \u00e9 o maior consumidor de alum\u00ednio 319. Confiamos nesta liga para pe\u00e7as que devem suportar ciclos t\u00e9rmicos e esfor\u00e7o mec\u00e2nico. O seu elevado teor de sil\u00edcio e cobre proporciona a capacidade de fundi\u00e7\u00e3o necess\u00e1ria para formar pe\u00e7as de motor de paredes finas e intrincadas.<\/p>\n<ul>\n<li><strong>Cabe\u00e7as de Cilindro de Motor:<\/strong> 319 \u00e9 o padr\u00e3o da ind\u00fastria para cabe\u00e7as de cilindro devido \u00e0 sua excelente condutividade t\u00e9rmica e resist\u00eancia a temperaturas elevadas.<\/li>\n<li><strong>Blocos de Motor:<\/strong> Ampliamente utilizado em motores a gasolina e diesel pela sua rela\u00e7\u00e3o peso-durabilidade.<\/li>\n<li><strong>Coletores de admiss\u00e3o:<\/strong> A fluidez da liga permite a cria\u00e7\u00e3o de passagens internas suaves e complexas necess\u00e1rias para o fluxo de ar otimizado.<\/li>\n<li><strong>Carca\u00e7as de Transmiss\u00e3o:<\/strong> Fornece uma casca r\u00edgida e leve que protege os engrenagens internas, ao mesmo tempo que dissipa o calor de forma eficiente.<\/li>\n<\/ul>\n<h3>Utiliza\u00e7\u00f5es industriais e comerciais<\/h3>\n<p>Al\u00e9m do mundo automotivo, o alum\u00ednio 319 \u00e9 um oper\u00e1rio vers\u00e1til para engenharia em geral. Quando consultamos um <a href=\"https:\/\/haoyumaterial.com\/pt\/casting-alloy-guide-types-properties-applications-and-selection\/\">guia de ligas de fundi\u00e7\u00e3o<\/a> para encontrar um material que equilibre a usinabilidade com a integridade estrutural, o 319 \u00e9 frequentemente a principal recomenda\u00e7\u00e3o para hardware industrial.<\/p>\n<ul>\n<li><strong>Corpos de bomba e v\u00e1lvula:<\/strong> A sua estanqueidade natural o torna ideal para componentes de manuseio de fluidos que n\u00e3o podem ter fugas.<\/li>\n<li><strong>Medidores de g\u00e1s e reguladores:<\/strong> Usados em componentes de utilidade onde \u00e9 necess\u00e1ria estabilidade dimensional e resist\u00eancia moderada \u00e0 corros\u00e3o.<\/li>\n<li><strong>Suportes para equipamentos pesados:<\/strong> Fornece o necess\u00e1rio <a href=\"https:\/\/haoyumaterial.com\/pt\/yield-strength-aluminium\/\">resist\u00eancia ao escoamento<\/a> para sustentar cargas pesadas em maquin\u00e1ria de constru\u00e7\u00e3o e agr\u00edcola.<\/li>\n<li><strong>Utens\u00edlios de cozinha comerciais:<\/strong> Encontrados em frigideiras industriais e equipamentos de cozinha pesada porque distribuem o calor de forma uniforme e resistem \u00e0 deforma\u00e7\u00e3o.<\/li>\n<li><strong>Caixas el\u00e9tricas:<\/strong> Protege os componentes eletr\u00f4nicos sens\u00edveis em ambientes exteriores, mantendo f\u00e1cil usinagem para ajustes precisos.<\/li>\n<\/ul>\n<h2>Escolhendo um servi\u00e7o de fundi\u00e7\u00e3o de liga 319<\/h2>\n<p>Somos uma empresa que oferece fundi\u00e7\u00e3o de precis\u00e3o e servi\u00e7os de usinagem para a\u00e7os de alum\u00ednio, e sabemos por experi\u00eancia pr\u00f3pria que selecionar o parceiro de fabrica\u00e7\u00e3o certo pode fazer ou desfazer o seu projeto. Produzir componentes de fundi\u00e7\u00e3o da liga de alum\u00ednio 319 de alta qualidade requer experi\u00eancia espec\u00edfica, equipamento avan\u00e7ado e controlo de qualidade estrito para garantir que as pe\u00e7as finais atendam exatamente \u00e0s suas especifica\u00e7\u00f5es.<\/p>\n<h3>Avalia\u00e7\u00e3o das capacidades da fundi\u00e7\u00e3o<\/h3>\n<p>Ao avaliar um potencial parceiro de fabrica\u00e7\u00e3o, precisa de uma instala\u00e7\u00e3o que compreenda profundamente a usinabilidade \u00fanica deste material. A fundi\u00e7\u00e3o certa deve estar totalmente equipada para lidar com aplica\u00e7\u00f5es de areia com composi\u00e7\u00e3o de liga de alum\u00ednio 319 complexas, mantendo qualidade consistente entre lotes.<\/p>\n<p>Aqui est\u00e1 o que deve avaliar ao escolher uma fundi\u00e7\u00e3o:<\/p>\n<ul>\n<li><strong>Per\u00edcia T\u00e9cnica:<\/strong> A equipa deve compreender a composi\u00e7\u00e3o qu\u00edmica espec\u00edfica e os comportamentos de arrefecimento do alum\u00ednio 319 para controlar eficazmente a contra\u00e7\u00e3o e a porosidade.<\/li>\n<li><strong>Instala\u00e7\u00f5es abrangentes:<\/strong> Procurar avan\u00e7ado <a href=\"https:\/\/haoyumaterial.com\/pt\/product\/foundry-aluminum-casting\/\" target=\"_blank\" rel=\"noopener noreferrer\">fundi\u00e7\u00e3o de alum\u00ednio<\/a> capacidades que incluem fundi\u00e7\u00e3o bruta e usinagem secund\u00e1ria sob um \u00fanico teto.<\/li>\n<li><strong>Garantia da Qualidade:<\/strong> Para assegurar que existem protocolos de teste rigorosos para verificar as propriedades mec\u00e2nicas, propriedades f\u00edsicas e a integridade estrutural global das pe\u00e7as fundidas.<\/li>\n<li><strong>Experi\u00eancia na ind\u00fastria:<\/strong> Um registo comprovado no seu setor espec\u00edfico garante que compreendem a resist\u00eancia \u00e0 corros\u00e3o necess\u00e1ria e os padr\u00f5es de desempenho para o seu ambiente de aplica\u00e7\u00e3o final.<\/li>\n<\/ul>\n<h3>Solicitar um Or\u00e7amento de Fundi\u00e7\u00e3o Personalizada<\/h3>\n<p>Obter uma estimativa precisa e atempada requer comunica\u00e7\u00e3o clara e especifica\u00e7\u00f5es detalhadas do projeto. Quando estiver pronto para avan\u00e7ar, fornecer informa\u00e7\u00f5es abrangentes de in\u00edcio ajuda-nos a desenhar a estrat\u00e9gia de produ\u00e7\u00e3o mais rent\u00e1vel para as suas pe\u00e7as.<\/p>\n<p>Para garantir um processo de cota\u00e7\u00e3o mais fluido, inclua sempre os seguintes detalhes:<\/p>\n<ul>\n<li><strong>Arquivos CAD detalhados:<\/strong> apresente modelos 3D completos e desenhos 2D com toler\u00e2ncias claramente definidas e dimens\u00f5es cr\u00edticas.<\/li>\n<li><strong>Volumes de Produ\u00e7\u00e3o:<\/strong> Especifique as quantidades de encomenda esperadas, se necessita de uma curta produ\u00e7\u00e3o de prot\u00f3tipo ou de produ\u00e7\u00e3o cont\u00ednua em volume elevado.<\/li>\n<li><strong>Contexto da Aplica\u00e7\u00e3o:<\/strong> Partilhe como e onde a pe\u00e7a ser\u00e1 utilizada para que possamos contabilizar os requisitos de resist\u00eancia ou as exposi\u00e7\u00f5es ambientais necess\u00e1rias.<\/li>\n<li><strong>Opera\u00e7\u00f5es Secund\u00e1rias:<\/strong> Descreva claramente quaisquer passos de p\u00f3s-processamento necess\u00e1rios, tais como tratamentos t\u00e9rmicos espec\u00edficos, usinagem CNC ou acabamentos de superf\u00edcie especializados.<\/li>\n<\/ul>","protected":false},"excerpt":{"rendered":"<p>319 guia de fundi\u00e7\u00e3o de ligas de alum\u00ednio cobre propriedades processos de fundi\u00e7\u00e3o aplica\u00e7\u00f5es e escolha do servi\u00e7o de foundry adequado<\/p>","protected":false},"featured_media":2197,"comment_status":"open","ping_status":"closed","template":"","meta":{"site-sidebar-layout":"default","site-content-layout":"","ast-site-content-layout":"default","site-content-style":"default","site-sidebar-style":"default","ast-global-header-display":"","ast-banner-title-visibility":"","ast-main-header-display":"","ast-hfb-above-header-display":"","ast-hfb-below-header-display":"","ast-hfb-mobile-header-display":"","site-post-title":"","ast-breadcrumbs-content":"","ast-featured-img":"","footer-sml-layout":"","ast-disable-related-posts":"","theme-transparent-header-meta":"default","adv-header-id-meta":"","stick-header-meta":"","header-above-stick-meta":"","header-main-stick-meta":"","header-below-stick-meta":"","astra-migrate-meta-layouts":"set","ast-page-background-enabled":"default","ast-page-background-meta":{"desktop":{"background-color":"var(--ast-global-color-5)","background-image":"","background-repeat":"repeat","background-position":"center center","background-size":"auto","background-attachment":"scroll","background-type":"","background-media":"","overlay-type":"","overlay-color":"","overlay-opacity":"","overlay-gradient":""},"tablet":{"background-color":"","background-image":"","background-repeat":"repeat","background-position":"center center","background-size":"auto","background-attachment":"scroll","background-type":"","background-media":"","overlay-type":"","overlay-color":"","overlay-opacity":"","overlay-gradient":""},"mobile":{"background-color":"","background-image":"","background-repeat":"repeat","background-position":"center center","background-size":"auto","background-attachment":"scroll","background-type":"","background-media":"","overlay-type":"","overlay-color":"","overlay-opacity":"","overlay-gradient":""}},"ast-content-background-meta":{"desktop":{"background-color":"var(--ast-global-color-4)","background-image":"","background-repeat":"repeat","background-position":"center center","background-size":"auto","background-attachment":"scroll","background-type":"","background-media":"","overlay-type":"","overlay-color":"","overlay-opacity":"","overlay-gradient":""},"tablet":{"background-color":"var(--ast-global-color-4)","background-image":"","background-repeat":"repeat","background-position":"center center","background-size":"auto","background-attachment":"scroll","background-type":"","background-media":"","overlay-type":"","overlay-color":"","overlay-opacity":"","overlay-gradient":""},"mobile":{"background-color":"var(--ast-global-color-4)","background-image":"","background-repeat":"repeat","background-position":"center center","background-size":"auto","background-attachment":"scroll","background-type":"","background-media":"","overlay-type":"","overlay-color":"","overlay-opacity":"","overlay-gradient":""}}},"product_brand":[],"product_cat":[21],"product_tag":[],"class_list":{"0":"post-2200","1":"product","2":"type-product","3":"status-publish","4":"has-post-thumbnail","6":"product_cat-aluminum-alloy","7":"desktop-align-left","8":"tablet-align-left","9":"mobile-align-left","11":"first","12":"instock","13":"shipping-taxable","14":"purchasable","15":"product-type-simple"},"_links":{"self":[{"href":"https:\/\/haoyumaterial.com\/pt\/wp-json\/wp\/v2\/product\/2200","targetHints":{"allow":["GET"]}}],"collection":[{"href":"https:\/\/haoyumaterial.com\/pt\/wp-json\/wp\/v2\/product"}],"about":[{"href":"https:\/\/haoyumaterial.com\/pt\/wp-json\/wp\/v2\/types\/product"}],"replies":[{"embeddable":true,"href":"https:\/\/haoyumaterial.com\/pt\/wp-json\/wp\/v2\/comments?post=2200"}],"wp:featuredmedia":[{"embeddable":true,"href":"https:\/\/haoyumaterial.com\/pt\/wp-json\/wp\/v2\/media\/2197"}],"wp:attachment":[{"href":"https:\/\/haoyumaterial.com\/pt\/wp-json\/wp\/v2\/media?parent=2200"}],"wp:term":[{"taxonomy":"product_brand","embeddable":true,"href":"https:\/\/haoyumaterial.com\/pt\/wp-json\/wp\/v2\/product_brand?post=2200"},{"taxonomy":"product_cat","embeddable":true,"href":"https:\/\/haoyumaterial.com\/pt\/wp-json\/wp\/v2\/product_cat?post=2200"},{"taxonomy":"product_tag","embeddable":true,"href":"https:\/\/haoyumaterial.com\/pt\/wp-json\/wp\/v2\/product_tag?post=2200"}],"curies":[{"name":"wp","href":"https:\/\/api.w.org\/{rel}","templated":true}]}}