{"id":780,"date":"2025-11-28T11:50:59","date_gmt":"2025-11-28T03:50:59","guid":{"rendered":"https:\/\/haoyumaterial.com\/?page_id=780"},"modified":"2025-11-28T11:51:02","modified_gmt":"2025-11-28T03:51:02","slug":"terms-conditions","status":"publish","type":"page","link":"https:\/\/haoyumaterial.com\/tr\/terms-conditions\/","title":{"rendered":"\u015eartlar ve Ko\u015fullar"},"content":{"rendered":"<h1 class=\"wp-block-heading\"><strong>VASTMATERIAL \u2014 SATI\u015e \u015eARTLARI VE KO\u015eULLARI<\/strong><\/h1>\n\n\n\n<p>Bu \u015eartlar ve Ko\u015fullar (\u201c\u015eartlar\u201d) t\u00fcm teklifleri, sat\u0131\u015flar\u0131, sat\u0131n alma sipari\u015flerini ve \u00fcr\u00fcn teslimatlar\u0131n\u0131 (\u201cSipari\u015fler\u201d) aras\u0131nda ge\u00e7erlidir <strong>Vastmaterial<\/strong> (\u201cSat\u0131c\u0131\u201d) ile m\u00fc\u015fterileri (\u201cAl\u0131c\u0131\u201d) aras\u0131nda.<br>Bir Sipari\u015fin verilmesi veya Sat\u0131c\u0131dan herhangi bir teklif veya \u00fcr\u00fcn kabul\u00fc, Al\u0131c\u0131n\u0131n bu \u015eartlar\u0131 kabul etti\u011fini g\u00f6sterir.<br>Bu \u015eartlar\u0131n herhangi bir de\u011fi\u015fikli\u011fi, Sat\u0131c\u0131 taraf\u0131ndan imzalanm\u0131\u015f yaz\u0131l\u0131 bir belgeyle a\u00e7\u0131k\u00e7a kabul edilmedik\u00e7e ba\u011flay\u0131c\u0131 de\u011fildir.<\/p>\n\n\n\n<hr class=\"wp-block-separator has-alpha-channel-opacity\"\/>\n\n\n\n<h2 class=\"wp-block-heading\"><strong>1. S\u00f6zle\u015fmenin Olu\u015fumu<\/strong><\/h2>\n\n\n\n<p>Sat\u0131c\u0131 taraf\u0131ndan verilen herhangi bir teklif, proforma veya ticari teklif, sipari\u015f davetiyesi niteli\u011findedir ve a\u00e7\u0131k\u00e7a Al\u0131c\u0131n\u0131n bu \u015eartlar\u0131 kabul etmesine ba\u011fl\u0131d\u0131r.<br>Ba\u011flay\u0131c\u0131 bir s\u00f6zle\u015fme, yaln\u0131zca Al\u0131c\u0131 bir Sipari\u015f verdi\u011finde ve Sat\u0131c\u0131 bu Sipari\u015fi yaz\u0131l\u0131 olarak onaylad\u0131\u011f\u0131nda olu\u015fur.<br>Al\u0131c\u0131 taraf\u0131ndan \u00f6nerilen ve bu \u015eartlara ekleyen, \u00e7eli\u015fen veya de\u011fi\u015ftiren herhangi bir \u015fart, Sat\u0131c\u0131 taraf\u0131ndan yaz\u0131l\u0131 olarak kabul edilmedik\u00e7e a\u00e7\u0131k\u00e7a reddedilir ve ge\u00e7ersizdir.<\/p>\n\n\n\n<hr class=\"wp-block-separator has-alpha-channel-opacity\"\/>\n\n\n\n<h2 class=\"wp-block-heading\"><strong>2. \u00d6deme \u015eartlar\u0131<\/strong><\/h2>\n\n\n\n<p>Ba\u015fka \u015fekilde yaz\u0131l\u0131 olarak kararla\u015ft\u0131r\u0131lmad\u0131k\u00e7a, \u00f6deme <strong>Fatura tarihinden itibaren Net 30 g\u00fcn<\/strong> \u015feklindedir.<br>T\u00fcm banka \u00fccretleri, transfer \u00fccretleri ve ilgili finansal maliyetler Al\u0131c\u0131'n\u0131n sorumlulu\u011fundad\u0131r.<\/p>\n\n\n\n<p>Al\u0131c\u0131 \u00f6demede gecikirse, Sat\u0131c\u0131 \u015funlar\u0131 yapabilir:<\/p>\n\n\n\n<ul class=\"wp-block-list\">\n<li>teslimatlar\u0131 ask\u0131ya almak,<\/li>\n\n\n\n<li>\u00f6deme \u015fartlar\u0131n\u0131 g\u00f6zden ge\u00e7irmek,<\/li>\n\n\n\n<li>pe\u015fin \u00f6deme veya teminat talep etmek veya<\/li>\n\n\n\n<li>hukuki tahsilat yollar\u0131n\u0131 kullanmak.<\/li>\n<\/ul>\n\n\n\n<hr class=\"wp-block-separator has-alpha-channel-opacity\"\/>\n\n\n\n<h2 class=\"wp-block-heading\"><strong>3. M\u00fchendislik \/ Geli\u015ftirme \u00dccretleri<\/strong><\/h2>\n\n\n\n<p>M\u00fchendislik, ara\u00e7 geli\u015ftirme, kal\u0131p olu\u015fturma, inceleme, ilk \u00fcr\u00fcn numune \u00fcretimi ve \u00fcretim \u00f6ncesi faaliyetler (\u201cM\u00fchendislik \u00dccretleri\u201d) \u00f6denebilir <strong>fatura al\u0131nd\u0131ktan sonra<\/strong>.<br>Proje zaman \u00e7izelgeleri yaln\u0131zca bu t\u00fcr \u00fccretlerin tam olarak \u00f6denmesinden sonra ba\u015flar.<br>M\u00fchendislik \u00dccretlerinin \u00d6denmesi <strong>al\u0131c\u0131ya<\/strong> yaz\u0131l\u0131 bir anla\u015fmada a\u00e7\u0131k\u00e7a belirtilmedik\u00e7e, ara\u00e7lar\u0131n, tasar\u0131mlar\u0131n veya s\u00fcre\u00e7 IP'sinin m\u00fclkiyetini vermez.<\/p>\n\n\n\n<hr class=\"wp-block-separator has-alpha-channel-opacity\"\/>\n\n\n\n<h2 class=\"wp-block-heading\"><strong>4. Gecikmi\u015f \u00d6demeler ve Tahsilat<\/strong><\/h2>\n\n\n\n<p>Vadesi ge\u00e7mi\u015f tutarlara, a\u015fa\u011f\u0131daki oranlarda faiz uygulan\u0131r: <strong>ayl\u0131k %1,5<\/strong> (y\u0131ll\u0131k ) veya yasalar\u0131n izin verdi\u011fi maksimum oran.<br>Al\u0131c\u0131, yasal \u00fccretler, mahkeme masraflar\u0131 ve idari maliyetler dahil olmak \u00fczere t\u00fcm tahsilat masraflar\u0131ndan sorumludur.<\/p>\n\n\n\n<hr class=\"wp-block-separator has-alpha-channel-opacity\"\/>\n\n\n\n<h2 class=\"wp-block-heading\"><strong>5. Paketleme<\/strong><\/h2>\n\n\n\n<p>Sat\u0131c\u0131, aksi yaz\u0131l\u0131 olarak kararla\u015ft\u0131r\u0131lmad\u0131k\u00e7a standart end\u00fcstriyel ambalaj kullanacakt\u0131r.<br>\u00d6zel ambalaj, etiketleme veya ihracat sand\u0131\u011f\u0131 gereksinimleri ek \u00fccrete tabi olacakt\u0131r.<\/p>\n\n\n\n<hr class=\"wp-block-separator has-alpha-channel-opacity\"\/>\n\n\n\n<h2 class=\"wp-block-heading\"><strong>6. \u0130lk \u00dcr\u00fcn \u0130ncelemesi (FAI) \/ PPAP<\/strong><\/h2>\n\n\n\n<p>Al\u0131c\u0131, FAI\/PPAP numunelerini ald\u0131ktan sonra <strong>yedi (7) i\u015f g\u00fcn\u00fc<\/strong> i\u00e7inde inceleyecek ve yaz\u0131l\u0131 olarak onaylayacak veya reddedecektir.<br>Bu s\u00fcre i\u00e7inde yaz\u0131l\u0131 olarak yan\u0131t verilmemesi <strong>otomatik onay<\/strong>.<br>Yedi g\u00fcnl\u00fck s\u00fcre sonras\u0131nda yap\u0131lan onaylar, hammadde, kurulum veya kal\u0131p revizyonlar\u0131 i\u00e7in ek \u00fccretlere neden olabilir.<br>FAI\/PPAP numunelerinin onay\u0131, Sat\u0131c\u0131\u2019n\u0131n \u00fcretim s\u00fcrecinin devam eden teslimatlar i\u00e7in uygun oldu\u011funu do\u011frular.<\/p>\n\n\n\n<hr class=\"wp-block-separator has-alpha-channel-opacity\"\/>\n\n\n\n<h2 class=\"wp-block-heading\"><strong>7. Miktarlar<\/strong><\/h2>\n\n\n\n<p>Kesim ve d\u00f6k\u00fcm operasyonlar\u0131 i\u00e7in, Sat\u0131c\u0131 sipari\u015f edilen miktardan <strong>10% fazla veya 10% az<\/strong> olarak g\u00f6nderebilir ve b\u00f6ylece teslimat tam s\u00f6zle\u015fme performans\u0131 say\u0131l\u0131r.<\/p>\n\n\n\n<hr class=\"wp-block-separator has-alpha-channel-opacity\"\/>\n\n\n\n<h2 class=\"wp-block-heading\"><strong>8. Acil veya H\u0131zland\u0131r\u0131lm\u0131\u015f Teslimat<\/strong><\/h2>\n\n\n\n<p>H\u0131zland\u0131r\u0131lm\u0131\u015f nakliye (hava, ekspres, kurye) i\u00e7in Al\u0131c\u0131\u2019n\u0131n yaz\u0131l\u0131 onay\u0131 gerekir.<br>Al\u0131c\u0131, faturadan sonra <strong>yedi (7) g\u00fcn i\u00e7inde<\/strong> t\u00fcm ilgili maliyetlerden sorumludur ve \u00f6demeleri yapmal\u0131d\u0131r.<\/p>\n\n\n\n<hr class=\"wp-block-separator has-alpha-channel-opacity\"\/>\n\n\n\n<h2 class=\"wp-block-heading\"><strong>9. Sevkiyatlar, Teslimat ve Kayb\u0131n Riski<\/strong><\/h2>\n\n\n\n<p>Her sevkiyat ayr\u0131 bir sat\u0131\u015f olarak kabul edilir.<br>Teslimat takvimleri yakla\u015f\u0131k olup, \u00fcretim ko\u015fullar\u0131na g\u00f6re de\u011fi\u015febilir.<\/p>\n\n\n\n<p>Al\u0131c\u0131 sevkiyat\u0131 geciktirirse veya teslimat\u0131 reddederse:<\/p>\n\n\n\n<ul class=\"wp-block-list\">\n<li>\u00f6deme, teslimat ger\u00e7ekle\u015fmi\u015f gibi tahsil edilir,<\/li>\n\n\n\n<li>Al\u0131c\u0131 t\u00fcm depolama, ta\u015f\u0131ma ve sigorta risklerini \u00fcstlenir.<\/li>\n<\/ul>\n\n\n\n<p>Al\u0131c\u0131 herhangi bir sevkiyat\u0131 kabul etmez veya \u00f6demeyi yapmazsa, Sat\u0131c\u0131 s\u00f6zle\u015fmeyi feshedebilir ve olu\u015fan kay\u0131plar\u0131 tahsil edebilir.<\/p>\n\n\n\n<hr class=\"wp-block-separator has-alpha-channel-opacity\"\/>\n\n\n\n<h2 class=\"wp-block-heading\"><strong>10. Dolayl\u0131 Yolu Kapatmama<\/strong><\/h2>\n\n\n\n<p>\u0130\u00e7in <strong>d\u00f6rt (4) y\u0131l<\/strong> bir projeyle ilgili son ileti\u015fimden sonra, Al\u0131c\u0131, Sat\u0131c\u0131n\u0131n yaz\u0131l\u0131 onay\u0131 olmadan Sat\u0131c\u0131 taraf\u0131ndan tan\u0131t\u0131lan herhangi bir tedarik\u00e7i, alt y\u00fcklenici, d\u00f6k\u00fcmhane veya \u00fcretim orta\u011f\u0131 ile do\u011frudan ileti\u015fim kurmayacak veya onlarla i\u015fbirli\u011fi yapmayacakt\u0131r.<br>Bu madde, Al\u0131c\u0131n\u0131n bu t\u00fcr taraflarla daha \u00f6nce sahip olabilece\u011fi herhangi bir ili\u015fkiden ba\u011f\u0131ms\u0131z olarak ge\u00e7erlidir.<\/p>\n\n\n\n<hr class=\"wp-block-separator has-alpha-channel-opacity\"\/>\n\n\n\n<h2 class=\"wp-block-heading\"><strong>11. Gizlilik<\/strong><\/h2>\n\n\n\n<p>Her iki taraf da, a\u015fa\u011f\u0131dakiler dahil ancak bunlarla s\u0131n\u0131rl\u0131 olmamak \u00fczere, de\u011fi\u015f toku\u015f edilen t\u00fcm teknik, ticari ve i\u015f bilgilerine ili\u015fkin kat\u0131 gizlili\u011fi koruyacakt\u0131r:<\/p>\n\n\n\n<ul class=\"wp-block-list\">\n<li>fiyatland\u0131rma, s\u00f6zle\u015fmeler, \u00fcr\u00fcn tasar\u0131mlar\u0131,<\/li>\n\n\n\n<li>\u00fcretim s\u00fcre\u00e7leri,<\/li>\n\n\n\n<li>tedarik\u00e7i ve m\u00fc\u015fteri kimlikleri,<\/li>\n\n\n\n<li>m\u00fchendislik verileri veya metalurji bilgisi.<\/li>\n<\/ul>\n\n\n\n<p>Bu t\u00fcr bilgiler yaln\u0131zca bilmesi gereken ve gizlilik y\u00fck\u00fcml\u00fcl\u00fcklerine tabi olan personel ile payla\u015f\u0131labilir.<\/p>\n\n\n\n<hr class=\"wp-block-separator has-alpha-channel-opacity\"\/>\n\n\n\n<h2 class=\"wp-block-heading\"><strong>12. Fiyatland\u0131rma, Para Birimi, Vergiler, Tarifeler<\/strong><\/h2>\n\n\n\n<p>Fiyatland\u0131rma, bir Sipari\u015fin kabul edildi\u011fi tarihteki ham madde maliyetlerine, d\u00f6viz kurlar\u0131na ve h\u00fck\u00fcmet vergilerine dayanmaktad\u0131r.<br>Sat\u0131c\u0131, a\u015fa\u011f\u0131daki durumlarda teslimatta fiyat\u0131 ayarlayabilir:<\/p>\n\n\n\n<ul class=\"wp-block-list\">\n<li>d\u00f6viz kurlar\u0131 \u00f6nemli \u00f6l\u00e7\u00fcde dalgalan\u0131rsa,<\/li>\n\n\n\n<li>ham madde ek \u00fccretleri de\u011fi\u015firse,<\/li>\n\n\n\n<li>tarifeler, vergiler veya di\u011fer h\u00fck\u00fcmet vergileri uygulan\u0131r veya de\u011fi\u015ftirilirse.<\/li>\n<\/ul>\n\n\n\n<p>Al\u0131c\u0131, ge\u00e7erli indirimlerden yararlan\u0131r.<\/p>\n\n\n\n<hr class=\"wp-block-separator has-alpha-channel-opacity\"\/>\n\n\n\n<h2 class=\"wp-block-heading\"><strong>13. \u00dcretim Muayenesi ve Kabul\u00fc<\/strong><\/h2>\n\n\n\n<p>Al\u0131c\u0131, teslimatta teslim alma muayenesi yapmal\u0131d\u0131r.<br>Al\u0131c\u0131, uygunsuzluk bildirimini yaz\u0131l\u0131 olarak vermedi\u011fi s\u00fcrece <strong>on be\u015f (15) g\u00fcn<\/strong>, \u00fcr\u00fcnler kabul edilmi\u015f say\u0131l\u0131r.<\/p>\n\n\n\n<p>Kon\u015fimento, teslimat ko\u015fulunun ve zamanlamas\u0131n\u0131n kesin kan\u0131t\u0131d\u0131r.<\/p>\n\n\n\n<hr class=\"wp-block-separator has-alpha-channel-opacity\"\/>\n\n\n\n<h2 class=\"wp-block-heading\"><strong>14. Kalite Gereksinimleri<\/strong><\/h2>\n\n\n\n<p>Sat\u0131c\u0131, par\u00e7alar\u0131 kesinlikle Al\u0131c\u0131n\u0131n \u00e7izimlerine, spesifikasyonlar\u0131na ve referans belgelerine g\u00f6re \u00fcretir.<br>Sadece Sat\u0131c\u0131 taraf\u0131ndan yaz\u0131l\u0131 olarak onaylanan spesifikasyonlar ba\u011flay\u0131c\u0131d\u0131r.<br>Onaylanm\u0131\u015f FAI\/PPAP numuneleri, kabul edilen \u00fcr\u00fcn standard\u0131n\u0131 tan\u0131mlar.<br>Al\u0131c\u0131 taraf\u0131ndan talep edilen \u00fc\u00e7\u00fcnc\u00fc taraf denetimleri, aksi kararla\u015ft\u0131r\u0131lmad\u0131k\u00e7a Al\u0131c\u0131n\u0131n masraf\u0131ndad\u0131r.<\/p>\n\n\n\n<hr class=\"wp-block-separator has-alpha-channel-opacity\"\/>\n\n\n\n<h2 class=\"wp-block-heading\"><strong>15. Talepler<\/strong><\/h2>\n\n\n\n<p>Eksiklikler, kusurlar veya uygunsuz par\u00e7alar i\u00e7in talepler yaz\u0131l\u0131 olarak <strong>on be\u015f (15) g\u00fcn<\/strong> teslim al\u0131nmas\u0131ndan itibaren sunulmal\u0131d\u0131r.<br>Sat\u0131c\u0131y\u0131 bu zaman dilimi i\u00e7inde bilgilendirmemek, geri al\u0131namaz kabul anlam\u0131na gelir.<\/p>\n\n\n\n<hr class=\"wp-block-separator has-alpha-channel-opacity\"\/>\n\n\n\n<h2 class=\"wp-block-heading\"><strong>16. M\u00fccbir Sebep<\/strong><\/h2>\n\n\n\n<p>Sat\u0131c\u0131, kontrol\u00fc d\u0131\u015f\u0131ndaki olaylardan kaynaklanan gecikmelerden veya performans eksikli\u011finden sorumlu de\u011fildir; bunlara \u015funlar dahildir:<br>do\u011fal afetler, salg\u0131nlar, sava\u015f, i\u015f anla\u015fmazl\u0131klar\u0131, malzeme k\u0131tl\u0131\u011f\u0131, nakliye gecikmeleri, enerji kesintileri, h\u00fck\u00fcmet eylemleri veya benzeri herhangi bir neden.<br>Sat\u0131c\u0131, bu t\u00fcr olaylar s\u0131ras\u0131nda y\u00fck\u00fcml\u00fcl\u00fck alt\u0131na girmeden teslimatlar\u0131 erteleyebilir veya iptal edebilir.<\/p>\n\n\n\n<hr class=\"wp-block-separator has-alpha-channel-opacity\"\/>\n\n\n\n<h2 class=\"wp-block-heading\"><strong>17. Sipari\u015f \u0130ptali<\/strong><\/h2>\n\n\n\n<p>Al\u0131c\u0131, Sat\u0131c\u0131n\u0131n \u00f6nceden yaz\u0131l\u0131 izni olmadan herhangi bir Sipari\u015fi iptal edemez.<br>\u0130ptal onaylan\u0131rsa, Al\u0131c\u0131 a\u015fa\u011f\u0131dakilerden sorumlu olmaya devam eder:<\/p>\n\n\n\n<ol class=\"wp-block-list\">\n<li>tamamlanm\u0131\u015f mallar,<\/li>\n\n\n\n<li>i\u015flemde,<\/li>\n\n\n\n<li>Sipari\u015f i\u00e7in sat\u0131n al\u0131nan malzemeler,<\/li>\n\n\n\n<li>Sat\u0131c\u0131 taraf\u0131ndan yap\u0131lan iptal maliyetleri.<\/li>\n<\/ol>\n\n\n\n<hr class=\"wp-block-separator has-alpha-channel-opacity\"\/>\n\n\n\n<h2 class=\"wp-block-heading\"><strong>18. \u0130adeler<\/strong><\/h2>\n\n\n\n<p>\u0130adeler, Sat\u0131c\u0131dan yaz\u0131l\u0131 onay gerektirir.<br>Yetkisiz iadeler reddedilebilir veya al\u0131c\u0131n\u0131n masraflar\u0131yla iade edilebilir.<\/p>\n\n\n\n<hr class=\"wp-block-separator has-alpha-channel-opacity\"\/>\n\n\n\n<h2 class=\"wp-block-heading\"><strong>19. Kal\u0131p Sahipli\u011fi ve Fikri M\u00fclkiyet<\/strong><\/h2>\n\n\n\n<p>Sat\u0131c\u0131 taraf\u0131ndan olu\u015fturulan veya kullan\u0131lan t\u00fcm kal\u0131plar, s\u00fcre\u00e7 bilgisi, 3D modeller, tasar\u0131m verileri, d\u00f6k\u00fcm \u00e7\u00f6z\u00fcmleri ve \u00fcretim y\u00f6ntemleri <strong>Sat\u0131c\u0131n\u0131n fikri m\u00fclkiyetidir<\/strong>, aksi kararla\u015ft\u0131r\u0131lmad\u0131k\u00e7a ayr\u0131 bir yaz\u0131l\u0131 belge ile.<br>Al\u0131c\u0131, bitmi\u015f \u00fcr\u00fcnlerin ama\u00e7lanan kullan\u0131m\u0131 d\u0131\u015f\u0131nda Sat\u0131c\u0131n\u0131n teknolojilerini kullanma lisans\u0131 almaz.<\/p>\n\n\n\n<hr class=\"wp-block-separator has-alpha-channel-opacity\"\/>\n\n\n\n<h2 class=\"wp-block-heading\"><strong>20. Garanti<\/strong><\/h2>\n\n\n\n<p>Sat\u0131c\u0131, par\u00e7alar\u0131n Al\u0131c\u0131n\u0131n onayl\u0131 \u00e7izimlerine, \u00f6zelliklerine ve FAI\/PPAP \u00f6rneklerine uygun olaca\u011f\u0131n\u0131 garanti eder.<br>Sat\u0131c\u0131, <strong>al\u0131c\u0131ya<\/strong> a\u00e7\u0131k\u00e7a yaz\u0131l\u0131 olarak belirtilmedik\u00e7e tasar\u0131m sorumludur.<\/p>\n\n\n\n<p>Mallara <strong>\u201coldu\u011fu gibi\u201d<\/strong> sa\u011flan\u0131r ve Sat\u0131c\u0131, t\u00fcm z\u0131mni garantileri, ticari kullan\u0131labilirlik ve belirli bir amaca uygunluk dahil olmak \u00fczere, reddeder.<\/p>\n\n\n\n<p>Sat\u0131c\u0131n\u0131n azami sorumlulu\u011fu, ya:<br>(a) uyumsuz par\u00e7alar\u0131n de\u011fi\u015ftirilmesi veya<br>(b) o par\u00e7alar\u0131n sat\u0131n alma bedelinin iadesi.<\/p>\n\n\n\n<p>Sat\u0131c\u0131, m\u00fcteselsil, dolayl\u0131 veya ekonomik kay\u0131plar, m\u00fclkiyet hasar\u0131, \u00e7al\u0131\u015fma s\u00fcresi kayb\u0131 veya kar kayb\u0131 dahil olmak \u00fczere sorumluluk kabul etmez.<\/p>\n\n\n\n<hr class=\"wp-block-separator has-alpha-channel-opacity\"\/>\n\n\n\n<h2 class=\"wp-block-heading\"><strong>21. Tazminat<\/strong><\/h2>\n\n\n\n<p>Al\u0131c\u0131, Sat\u0131c\u0131'y\u0131, a\u015fa\u011f\u0131dakilerden kaynaklanan t\u00fcm talepler, zararlar veya y\u00fck\u00fcml\u00fcl\u00fckler kar\u015f\u0131s\u0131nda tazmin edecek ve zarardan ari tutacakt\u0131r:<\/p>\n\n\n\n<ul class=\"wp-block-list\">\n<li>Al\u0131c\u0131\u2019n\u0131n tasar\u0131m \u00f6zellikleri,<\/li>\n\n\n\n<li>\u00fcr\u00fcnlerin k\u00f6t\u00fcye kullan\u0131m\u0131,<\/li>\n\n\n\n<li>yetkisiz taraflarca yap\u0131lan de\u011fi\u015fiklikler,<\/li>\n\n\n\n<li>veya Al\u0131c\u0131\u2019n\u0131n Bu \u015eartlar\u0131 ihlali.<\/li>\n<\/ul>\n\n\n\n<hr class=\"wp-block-separator has-alpha-channel-opacity\"\/>\n\n\n\n<h2 class=\"wp-block-heading\"><strong>22. \u0130hracat Uyumu<\/strong><\/h2>\n\n\n\n<p>Her iki taraf da, a\u015fa\u011f\u0131dakiler de dahil olmak \u00fczere, t\u00fcm ge\u00e7erli ihracat kontrol\u00fc ve yapt\u0131r\u0131m yasalar\u0131na uyacakt\u0131r:<\/p>\n\n\n\n<ul class=\"wp-block-list\">\n<li>T\u00fcrkiye \u0130HR\/ITAR,<\/li>\n\n\n\n<li>OFAC d\u00fczenlemeleri,<\/li>\n\n\n\n<li>AB ve BM ticaret k\u0131s\u0131tlamalar\u0131,<\/li>\n\n\n\n<li>\u00c7in ihracat kontrol d\u00fczenlemeleri.<\/li>\n<\/ul>\n\n\n\n<p>Gerekli h\u00fck\u00fcmet onaylar\u0131 olmadan hi\u00e7bir \u00fcr\u00fcn, teknoloji veya yaz\u0131l\u0131m k\u0131s\u0131tl\u0131 kurulu\u015flara veya b\u00f6lgelere transfer edilemez.<br>Al\u0131c\u0131\u2019n\u0131n bu maddeyi ihlali, Sat\u0131c\u0131\u2019n\u0131n s\u00f6zle\u015fmeyi derhal feshetmesine izin verir.<\/p>\n\n\n\n<hr class=\"wp-block-separator has-alpha-channel-opacity\"\/>\n\n\n\n<h2 class=\"wp-block-heading\"><strong>23. Sigorta<\/strong><\/h2>\n\n\n\n<p>Al\u0131c\u0131, sat\u0131n al\u0131nan par\u00e7alarla ilgili faaliyetleri kapsayan yeterli genel ve \u00fcr\u00fcn sorumluluk sigortas\u0131 (her olayda en az 1.000.000 USD \/ toplamda 3.000.000 USD) sa\u011flayacakt\u0131r.<br>Al\u0131c\u0131, talep edilmesi halinde Sat\u0131c\u0131\u2019y\u0131 ek sigortal\u0131 olarak g\u00f6sterecektir.<\/p>\n\n\n\n<hr class=\"wp-block-separator has-alpha-channel-opacity\"\/>\n\n\n\n<h2 class=\"wp-block-heading\"><strong>24. M\u00fclkiyet ve Zarar Riski<\/strong><\/h2>\n\n\n\n<p>Aksi takdirde yaz\u0131l\u0131 olarak kararla\u015ft\u0131r\u0131lmad\u0131k\u00e7a, m\u00fclkiyet ve kay\u0131p riski, Sat\u0131c\u0131\u2019n\u0131n faturas\u0131 veya Sipari\u015f onay\u0131 \u00fczerinde listelenen Incoterms veya sevkiyat \u015fartlar\u0131na g\u00f6re devredilir.<\/p>\n\n\n\n<hr class=\"wp-block-separator has-alpha-channel-opacity\"\/>\n\n\n\n<h2 class=\"wp-block-heading\"><strong>25. Uygulanacak Hukuk ve Yetki<\/strong><\/h2>\n\n\n\n<p>Aksi kararla\u015ft\u0131r\u0131lmad\u0131k\u00e7a, bu \u015eartlar ve t\u00fcm ilgili uyu\u015fmazl\u0131klar <strong>T\u00fcrkiye Cumhuriyeti<\/strong>.<br>Herhangi bir uyu\u015fmazl\u0131k, yetkili mahkemeye <strong>Sat\u0131c\u0131\u2019n\u0131n ana i\u015fyerine<\/strong> veya Sat\u0131c\u0131\u2019n\u0131n takdirine ba\u011fl\u0131 olarak \u00c7in\u2019de tahkim yoluyla \u00e7\u00f6z\u00fclecektir.<\/p>\n\n\n\n<hr class=\"wp-block-separator has-alpha-channel-opacity\"\/>\n\n\n\n<h2 class=\"wp-block-heading\"><strong>26. Fesih<\/strong><\/h2>\n\n\n\n<p>Sat\u0131c\u0131, Al\u0131c\u0131\u2019n\u0131n a\u015fa\u011f\u0131daki durumlarda herhangi bir s\u00f6zle\u015fmeyi derhal feshedebilir:<\/p>\n\n\n\n<ul class=\"wp-block-list\">\n<li>iflas eder,<\/li>\n\n\n\n<li>iflas ba\u015fvurusu yapar,<\/li>\n\n\n\n<li>Zaman\u0131nda \u00f6deme yapmazsa,<\/li>\n\n\n\n<li>gizlilik veya ihracat kontrollerini ihlal ederse,<\/li>\n\n\n\n<li>veya faaliyetlerini durdurursa.<\/li>\n<\/ul>\n\n\n\n<hr class=\"wp-block-separator has-alpha-channel-opacity\"\/>\n\n\n\n<h2 class=\"wp-block-heading\"><strong>27. \u0130ptal Edilme Nedeniyle Fesih<\/strong><\/h2>\n\n\n\n<p>Sat\u0131c\u0131, herhangi bir Sipari\u015fi tamamen veya k\u0131smen, <strong>30 g\u00fcn \u00f6nceden yaz\u0131l\u0131 bildirimle<\/strong>, fesih \u00fccretleri olmaks\u0131z\u0131n feshedebilir.<br>Al\u0131c\u0131, fesih s\u0131ras\u0131nda tamamlanm\u0131\u015f veya i\u015flemde olan t\u00fcm \u00fcr\u00fcnler i\u00e7in \u00f6deme yapacakt\u0131r.<\/p>\n\n\n\n<hr class=\"wp-block-separator has-alpha-channel-opacity\"\/>\n\n\n\n<h2 class=\"wp-block-heading\"><strong>28. Hatalar ve D\u00fczeltmeler<\/strong><\/h2>\n\n\n\n<p>Klerikal, yaz\u0131m veya matematiksel hatalar, sorumluluk kabul edilmeden d\u00fczeltilebilir.<\/p>\n\n\n\n<hr class=\"wp-block-separator has-alpha-channel-opacity\"\/>\n\n\n\n<h2 class=\"wp-block-heading\"><strong>29. Par\u00e7a Kullan\u0131m\u0131nda veya \u00d6zelliklerinde De\u011fi\u015fiklik<\/strong><\/h2>\n\n\n\n<p>Al\u0131c\u0131, herhangi bir par\u00e7a kullan\u0131m amac\u0131n\u0131, uygulamas\u0131n\u0131 veya d\u00fczenleyici s\u0131n\u0131fland\u0131rmas\u0131n\u0131 de\u011fi\u015ftirirse, bu de\u011fi\u015fiklikten kaynaklanan t\u00fcm ek vergiler, uyum maliyetleri, cezalar veya \u00fccretler al\u0131c\u0131ya aittir.<\/p>\n\n\n\n<hr class=\"wp-block-separator has-alpha-channel-opacity\"\/>\n\n\n\n<h2 class=\"wp-block-heading\"><strong>30. B\u00fct\u00fcn Anla\u015fma<\/strong><\/h2>\n\n\n\n<p>Bu \u015eartlar, Sat\u0131c\u0131\u2019n\u0131n teklifiyesi ve Al\u0131c\u0131\u2019n\u0131n kabul etti\u011fi Sipari\u015f ile birlikte, taraflar aras\u0131ndaki tam ve m\u00fcnhas\u0131ran anla\u015fmay\u0131 olu\u015fturur ve t\u00fcm \u00f6nceki ileti\u015fimleri ge\u00e7ersiz k\u0131lar.<\/p>\n\n\n\n<p>Revize 28\/11\/2025<\/p>","protected":false},"excerpt":{"rendered":"<p>VASTMATERIAL \u2014 TERMS &amp; CONDITIONS OF SALE These Terms &amp; Conditions (\u201cTerms\u201d) govern all quotations, sales, purchase orders, and product [&hellip;]<\/p>\n","protected":false},"author":2,"featured_media":0,"parent":0,"menu_order":0,"comment_status":"closed","ping_status":"closed","template":"","meta":{"site-sidebar-layout":"default","site-content-layout":"","ast-site-content-layout":"default","site-content-style":"default","site-sidebar-style":"default","ast-global-header-display":"","ast-banner-title-visibility":"","ast-main-header-display":"","ast-hfb-above-header-display":"","ast-hfb-below-header-display":"","ast-hfb-mobile-header-display":"","site-post-title":"","ast-breadcrumbs-content":"","ast-featured-img":"","footer-sml-layout":"","ast-disable-related-posts":"","theme-transparent-header-meta":"","adv-header-id-meta":"","stick-header-meta":"","header-above-stick-meta":"","header-main-stick-meta":"","header-below-stick-meta":"","astra-migrate-meta-layouts":"default","ast-page-background-enabled":"default","ast-page-background-meta":{"desktop":{"background-color":"var(--ast-global-color-5)","background-image":"","background-repeat":"repeat","background-position":"center center","background-size":"auto","background-attachment":"scroll","background-type":"","background-media":"","overlay-type":"","overlay-color":"","overlay-opacity":"","overlay-gradient":""},"tablet":{"background-color":"","background-image":"","background-repeat":"repeat","background-position":"center center","background-size":"auto","background-attachment":"scroll","background-type":"","background-media":"","overlay-type":"","overlay-color":"","overlay-opacity":"","overlay-gradient":""},"mobile":{"background-color":"","background-image":"","background-repeat":"repeat","background-position":"center center","background-size":"auto","background-attachment":"scroll","background-type":"","background-media":"","overlay-type":"","overlay-color":"","overlay-opacity":"","overlay-gradient":""}},"ast-content-background-meta":{"desktop":{"background-color":"var(--ast-global-color-4)","background-image":"","background-repeat":"repeat","background-position":"center center","background-size":"auto","background-attachment":"scroll","background-type":"","background-media":"","overlay-type":"","overlay-color":"","overlay-opacity":"","overlay-gradient":""},"tablet":{"background-color":"var(--ast-global-color-4)","background-image":"","background-repeat":"repeat","background-position":"center center","background-size":"auto","background-attachment":"scroll","background-type":"","background-media":"","overlay-type":"","overlay-color":"","overlay-opacity":"","overlay-gradient":""},"mobile":{"background-color":"var(--ast-global-color-4)","background-image":"","background-repeat":"repeat","background-position":"center center","background-size":"auto","background-attachment":"scroll","background-type":"","background-media":"","overlay-type":"","overlay-color":"","overlay-opacity":"","overlay-gradient":""}},"footnotes":""},"class_list":["post-780","page","type-page","status-publish","hentry"],"_links":{"self":[{"href":"https:\/\/haoyumaterial.com\/tr\/wp-json\/wp\/v2\/pages\/780","targetHints":{"allow":["GET"]}}],"collection":[{"href":"https:\/\/haoyumaterial.com\/tr\/wp-json\/wp\/v2\/pages"}],"about":[{"href":"https:\/\/haoyumaterial.com\/tr\/wp-json\/wp\/v2\/types\/page"}],"author":[{"embeddable":true,"href":"https:\/\/haoyumaterial.com\/tr\/wp-json\/wp\/v2\/users\/2"}],"replies":[{"embeddable":true,"href":"https:\/\/haoyumaterial.com\/tr\/wp-json\/wp\/v2\/comments?post=780"}],"version-history":[{"count":1,"href":"https:\/\/haoyumaterial.com\/tr\/wp-json\/wp\/v2\/pages\/780\/revisions"}],"predecessor-version":[{"id":781,"href":"https:\/\/haoyumaterial.com\/tr\/wp-json\/wp\/v2\/pages\/780\/revisions\/781"}],"wp:attachment":[{"href":"https:\/\/haoyumaterial.com\/tr\/wp-json\/wp\/v2\/media?parent=780"}],"curies":[{"name":"wp","href":"https:\/\/api.w.org\/{rel}","templated":true}]}}