{"id":1671,"date":"2026-02-05T09:13:44","date_gmt":"2026-02-05T01:13:44","guid":{"rendered":"https:\/\/haoyumaterial.com\/?post_type=product&#038;p=1671"},"modified":"2026-02-05T09:13:44","modified_gmt":"2026-02-05T01:13:44","slug":"brass-casting-service-custom-oem-precision-parts-vastmaterial","status":"publish","type":"product","link":"https:\/\/haoyumaterial.com\/tr\/product\/brass-casting-service-custom-oem-precision-parts-vastmaterial\/","title":{"rendered":"Pirinc D\u00f6k\u00fcm Hizmeti \u00d6zel OEM Hassas Par\u00e7alar Vastmaterial"},"content":{"rendered":"<p>Vastmaterial taraf\u0131ndan OEM par\u00e7alar i\u00e7in \u00f6zel pirin\u00e7 d\u00f6k\u00fcm hizmeti, hassas yat\u0131r\u0131m ve kum d\u00f6k\u00fcm CNC i\u015fleme ve bitirme.<\/p>\n<h2>Birinci s\u0131n\u0131f \u00d6zel Pirin\u00e7 D\u00f6k\u00fcm Hizmetleri ve Hassas \u00dcretim<\/h2>\n<p>Vastmaterial'da, end\u00fcstriyel kalite\u00a0<strong>pirin\u00e7 d\u00f6k\u00fcm hizmetleri<\/strong>\u00a0k\u00fcresel OEM'lerin kat\u0131 taleplerine uygun olarak. Kaba metal \u00fcretiminde uzmanla\u015fm\u0131\u015f olan tesisimiz, geli\u015fmi\u015f d\u00f6k\u00fcm tekniklerini hassas i\u015fleme ile entegre ederek tam teknik \u00f6zelliklere uygun bile\u015fenler sunar. \u0130ster karma\u015f\u0131k vana g\u00f6vdeleri ister dayan\u0131kl\u0131 denizcilik donan\u0131m\u0131 gerekse, ekibimiz t\u00fcm bak\u0131r esasl\u0131 ala\u015f\u0131m par\u00e7alar\u0131nda tutarl\u0131 kalite sa\u011flar.<\/p>\n<p>\u00dcretim altyap\u0131m\u0131z \u00e7ok y\u00f6nl\u00fcl\u00fck ve hassasiyet i\u00e7in in\u015fa edilmi\u015ftir:<\/p>\n<ul>\n<li><strong>Karma\u015f\u0131k Geometriler:<\/strong>\u00a0Kullanarak\u00a0<strong>Silika Sol<\/strong>\u00a0ve\u00a0<strong>Kay\u0131p Mum d\u00f6k\u00fcm teknolojileri<\/strong>\u00a0ince duvarlara ve \u00fcst\u00fcn y\u00fczey biti\u015flerine sahip karma\u015f\u0131k tasar\u0131mlar \u00fcretmek i\u00e7in.<\/li>\n<li><strong>Hassasiyet Toleranslar\u0131:<\/strong>\u00a0Birle\u015ftirmeye haz\u0131r bile\u015fenler i\u00e7in y\u00fcksek boyutsal do\u011fruluk sa\u011flamak (CT4\u2013CT6 yat\u0131r\u0131m d\u00f6k\u00fcm i\u00e7in).<\/li>\n<li><strong>\u00d6l\u00e7eklenebilir \u00dcretim:<\/strong>\u00a0Tam \u00fcr\u00fcn ya\u015fam d\u00f6ng\u00fcs\u00fcn\u00fc destekleyerek,\u00a0<strong>h\u0131zl\u0131 prototipleme<\/strong>\u00a0ve \u00f6rnek do\u011frulamas\u0131ndan y\u00fcksek hacimli seri \u00fcretime kadar.<\/li>\n<li><strong>K\u00fcresel Uyumluluk:<\/strong>\u00a0ISO 9001:2015 standartlar\u0131 alt\u0131nda \u00fcretim yaparak Kuzey Amerika ve Avrupa pazarlar\u0131na g\u00fcvenilir malzeme izlenebilirli\u011fi ile hizmet verir.<\/li>\n<\/ul>\n<h2>Pirin\u00e7 D\u00f6k\u00fcm Kapasitemiz<\/h2>\n<p>\u00c7ok \u00e7e\u015fitli \u00fcretim s\u00fcre\u00e7leriyle y\u00fcksek performansl\u0131 bile\u015fenler sunmada uzman\u0131z. \u0130ster tek bir prototip, ister seri \u00fcretim ihtiyac\u0131n\u0131z olsun, d\u00f6k\u00fcmhanemiz en etkili y\u00f6ntemleri kullanarak \u00f6zel proje gereksinimlerinize uyum sa\u011flar.\u00a0<strong>pirin\u00e7 d\u00f6k\u00fcm hizmeti<\/strong>\u00a0mevcut y\u00f6ntemler.<\/p>\n<ul>\n<li><strong>Hassas Yat\u0131r\u0131m D\u00f6k\u00fcm (Kay\u0131p Mum):<\/strong>\u00a0Y\u00fcksek boyutsal do\u011fruluk gerektiren karma\u015f\u0131k geometriler ve ince duvarl\u0131 par\u00e7alar i\u00e7in idealdir. Kullan\u0131lan\u00a0<strong>silika s\u0131v\u0131s\u0131 d\u00f6k\u00fcm<\/strong>\u00a0tekniklerle, \u00fcst\u00fcn y\u00fczey biti\u015fleri (Ra 3.2 \u2013 6.3) ve s\u0131k\u0131 toleranslar (CT4\u2013CT6) elde ederiz, b\u00f6ylece ikincil i\u015fleme ihtiyac\u0131n\u0131 \u00f6nemli \u00f6l\u00e7\u00fcde azalt\u0131r\u0131z.<\/li>\n<li><strong>Pirin\u00e7 Kum D\u00f6k\u00fcm\u00fc:<\/strong>\u00a0Adanm\u0131\u015f\u00a0<strong>pirin\u00e7 kum d\u00f6k\u00fcm fabrikas\u0131<\/strong>, pomp g\u00f6vdeleri ve end\u00fcstriyel vanalar gibi daha b\u00fcy\u00fck ve a\u011f\u0131r bile\u015fenleri i\u015fleriz. Bu y\u00f6ntem, d\u00fc\u015f\u00fck maliyetli kal\u0131p maliyetleriyle maliyet etkin bir \u00e7\u00f6z\u00fcm sunar ve yap\u0131sal b\u00fct\u00fcnl\u00fc\u011f\u00fcn \u00f6nemli oldu\u011fu d\u00fc\u015f\u00fck ila orta hacimli sipari\u015fler i\u00e7in m\u00fckemmeldir.<\/li>\n<li><strong>Pirin\u00e7 Bas\u0131n\u00e7l\u0131 D\u00f6k\u00fcm:<\/strong>\u00a0H\u0131z ve hacim kritik oldu\u011funda, kal\u0131p d\u00f6k\u00fcm yeteneklerimiz tutarl\u0131 sonu\u00e7lar sa\u011flar. Bu s\u00fcre\u00e7, otomotiv ba\u011flant\u0131lar\u0131 ve donan\u0131m gibi y\u00fcksek hacimli \u00fcretim turlar\u0131 i\u00e7in optimize edilmi\u015ftir, binlerce birim boyunca tutarl\u0131l\u0131k sa\u011flar.<\/li>\n<\/ul>\n<p>\u015euradan\u00a0<strong>kay\u0131p mum d\u00f6k\u00fcm s\u00fcrecini<\/strong>\u00a0a a\u011f\u0131r hizmet kum kal\u0131plama, her par\u00e7an\u0131n tesisimizden \u00e7\u0131kmadan \u00f6nce s\u0131k\u0131 ISO 9001:2015 standartlar\u0131na uygun olmas\u0131n\u0131 sa\u011flar.<\/p>\n<h2>\u00c7al\u0131\u015ft\u0131\u011f\u0131m\u0131z Pirin\u00e7 ve Bak\u0131r Ala\u015f\u0131mlar\u0131<\/h2>\n<p><img loading=\"lazy\" decoding=\"async\" class=\"alignnone  wp-image-1672\" src=\"https:\/\/haoyumaterial.com\/wp-content\/uploads\/2026\/02\/brass-casting-service-300x246.png\" alt=\"\" width=\"490\" height=\"402\" srcset=\"https:\/\/haoyumaterial.com\/wp-content\/uploads\/2026\/02\/brass-casting-service-300x246.png 300w, https:\/\/haoyumaterial.com\/wp-content\/uploads\/2026\/02\/brass-casting-service-15x12.png 15w, https:\/\/haoyumaterial.com\/wp-content\/uploads\/2026\/02\/brass-casting-service.png 331w\" sizes=\"auto, (max-width: 490px) 100vw, 490px\" \/><\/p>\n<p>Do\u011fru malzemenin se\u00e7imi par\u00e7a performans\u0131 i\u00e7in kritik \u00f6neme sahiptir.\u00a0<a href=\"https:\/\/haoyumaterial.com\/tr\/precision-cnc-machining-bronze-services-for-custom-industrial-parts\/\">Hassas CNC i\u015fleme bronz hizmetleri<\/a>\u00a0\u00d6zellikle d\u00f6k\u00fcmhane olarak, kimyasal bile\u015fimin ASTM, DIN veya JIS standartlar\u0131na uygun oldu\u011funu do\u011frulamak i\u00e7in her partiye sertifikal\u0131 malzeme raporlar\u0131 sa\u011fl\u0131yoruz.<\/p>\n<p>Malzemelerimiz, bu \u00f6zel s\u0131n\u0131flarla uyumlu olacak \u015fekilde optimize edilmi\u015ftir ve d\u00f6k\u00fcm i\u015fleminden sonra s\u0131k\u0131 toleranslar\u0131n korunmas\u0131n\u0131 sa\u011flar.\u00a0<strong>Bak\u0131r esasl\u0131 geni\u015f bir malzeme yelpazesini i\u015fleriz<\/strong>:<\/p>\n<ul>\n<li><strong>bronze ve pirin\u00e7 \u00fcretimi i\u00e7in<\/strong>\u00a0Uzmanl\u0131k alan\u0131m\u0131z\u00a0<strong>K\u0131rm\u0131z\u0131 Pirin\u00e7 (Topuz Pirin\u00e7):<\/strong>\u00a0C83600 k\u0131rm\u0131z\u0131 pirin\u00e7 d\u00f6k\u00fcm.<\/li>\n<li><strong>ve C84400. Bu ala\u015f\u0131mlar m\u00fckemmel korozyon direnci sunar ve end\u00fcstriyel vana, pompa g\u00f6vdesi ve s\u0131hhi tesisat armat\u00fcrleri i\u00e7in yayg\u0131n olarak kullan\u0131l\u0131r.<\/strong>\u00a0C85700 ve C85400 gibi dereceler, y\u00fczey biti\u015fi ve renk tutarl\u0131l\u0131\u011f\u0131n\u0131n en \u00f6nemli oldu\u011fu dekoratif ve mimari uygulamalar i\u00e7in m\u00fckemmeldir.<\/li>\n<li><strong>Y\u00fcksek Mukavemetli Bronzlar:<\/strong>\u00a0A\u015f\u0131nma direnci y\u00fcksek par\u00e7alar i\u00e7in Silikon Pirin\u00e7 (C87500) ve Manganez Bronz kullan\u0131yoruz. Bunlar a\u011f\u0131r y\u00fck di\u015fliler ve bur\u00e7lar i\u00e7in yeterince dayan\u0131kl\u0131d\u0131r.<\/li>\n<li><strong>\u00d6zel Ala\u015f\u0131mlar:<\/strong>\u00a0Sunuyoruz\u00a0<strong>\u00f6zel pirin\u00e7 d\u00f6k\u00fcm yat\u0131r\u0131m\u0131<\/strong>\u00a0\u00f6rnekleri, ala\u015f\u0131m bile\u015fimini teknik \u00e7izimlerinizde belirtilen belirli mekanik gereksinimleri kar\u015f\u0131lamak \u00fczere uyarlad\u0131\u011f\u0131m\u0131z \u00e7\u00f6z\u00fcmler.<\/li>\n<\/ul>\n<h2>Tek Noktadan \u00dcretim: D\u00f6k\u00fcmden Son \u00dcr\u00fcne<\/h2>\n<p><img loading=\"lazy\" decoding=\"async\" class=\"alignnone  wp-image-1673\" src=\"https:\/\/haoyumaterial.com\/wp-content\/uploads\/2026\/02\/bronze--300x197.png\" alt=\"\" width=\"507\" height=\"333\" srcset=\"https:\/\/haoyumaterial.com\/wp-content\/uploads\/2026\/02\/bronze--300x197.png 300w, https:\/\/haoyumaterial.com\/wp-content\/uploads\/2026\/02\/bronze--1024x674.png 1024w, https:\/\/haoyumaterial.com\/wp-content\/uploads\/2026\/02\/bronze--768x506.png 768w, https:\/\/haoyumaterial.com\/wp-content\/uploads\/2026\/02\/bronze--18x12.png 18w, https:\/\/haoyumaterial.com\/wp-content\/uploads\/2026\/02\/bronze--600x395.png 600w, https:\/\/haoyumaterial.com\/wp-content\/uploads\/2026\/02\/bronze-.png 1276w\" sizes=\"auto, (max-width: 507px) 100vw, 507px\" \/><\/p>\n<p>Haoyu Malzeme'de, tedarik zincirinizi kolayla\u015ft\u0131rmak i\u00e7in tam bir hizmet sunuyoruz\u00a0<strong>pirin\u00e7 d\u00f6k\u00fcm hizmeti<\/strong>\u00a0d\u00f6k\u00fcmhanenin zemininden \u00e7ok daha \u00f6teye uzanan.<\/p>\n<h3>Hassas CNC \u0130\u015fleme<\/h3>\n<p>Ham d\u00f6k\u00fcm elde etmenin genellikle ilk ad\u0131m oldu\u011funu anl\u0131yoruz. Sizi \u00e7e\u015fitli tedarik\u00e7ilerle koordinasyonun zorlu\u011fu ve riskiyle u\u011fra\u015fmaktan kurtarmak i\u00e7in, projenizi ilk kal\u0131p tasar\u0131m\u0131ndan montaja haz\u0131r bile\u015fene kadar g\u00f6t\u00fcren tamamen entegre bir \u00fcretim \u00e7\u00f6z\u00fcm\u00fc sunuyoruz.\u00a0<strong>En s\u0131k\u0131 toleranslara ula\u015fmak genellikle metal so\u011fuduktan sonra ikincil i\u015flemler gerektirir. Tesisimiz, hassas tornalama, frezeleme, delme ve ta\u015flama yapabilen geli\u015fmi\u015f i\u015fleme merkezleriyle donat\u0131lm\u0131\u015ft\u0131r. Ham<\/strong>\u00a0CNC ile i\u015flenmi\u015f pirin\u00e7 par\u00e7alar\u0131n\u0131\u00a0<a href=\"https:\/\/haoyumaterial.com\/tr\/cnc-turning-guide-2026-process-materials-and-service-selection\/\">\u00b10.01mm gibi s\u0131k\u0131 toleranslarla y\u00fcksek hassasiyetli bile\u015fenlere d\u00f6n\u00fc\u015ft\u00fcr\u00fcyoruz. Bu, di\u015fler ve yatak y\u00fczleri gibi kritik \u00f6zelliklerin her zaman m\u00fckemmel uyum sa\u011flamas\u0131n\u0131 sa\u011flar. Bu i\u015flemleri nas\u0131l y\u00f6netti\u011fimize daha yak\u0131ndan bakmak i\u00e7in,<\/a>\u00a0CNC tornalama s\u00fcre\u00e7leri \u00fczerine kapsaml\u0131 k\u0131lavuzumuz.<\/p>\n<h3>Y\u00fczey \u0130\u015flem ve Kaplama<\/h3>\n<p>boyutsal do\u011frulu\u011fu korumak i\u00e7in kulland\u0131\u011f\u0131m\u0131z belirli teknikleri \u00f6zetler.\u00a0<strong>G\u00f6rsel \u00e7ekicilik ve \u00e7evresel diren\u00e7, pirin\u00e7 uygulamalar\u0131 i\u00e7in \u00e7ok \u00f6nemlidir. Geni\u015f bir<\/strong>\u00a0\u00d6zelle\u015ftirilmi\u015f se\u00e7enekler:<\/p>\n<ul>\n<li><strong>Parlatma:<\/strong>\u00a0Mimari ve denizcilik donan\u0131m\u0131 i\u00e7in saten y\u00fczeylerden y\u00fcksek parlakl\u0131k aynal\u0131 cilaya kadar.<\/li>\n<li><strong>Kaplama:<\/strong>\u00a0Krom, Nikel ve \u00c7inko dahil olmak \u00fczere korozyon direncini ve a\u015f\u0131nma \u00f6zelliklerini art\u0131rmak i\u00e7in elektro kaplama se\u00e7enekleri.<\/li>\n<li><strong>Passivasyon ve Kumlama:<\/strong>\u00a0Y\u00fczey kirleticilerini gideren ve d\u00fczg\u00fcn mat doku sa\u011flayan temizlik i\u015flemleri.<\/li>\n<\/ul>\n<h3>Is\u0131l \u0130\u015flem Hizmetleri<\/h3>\n<p>M\u00fckemmel mekanik performans\u0131 sa\u011flamak i\u00e7in gerekli \u0131s\u0131l i\u015flemleri kendi tesislerimizde ger\u00e7ekle\u015ftiriyoruz. Bu, malzemeyi daha kolay i\u015flenebilir hale getirmek i\u00e7in tavlama ve \u015fekil bozukluklar\u0131n\u0131 \u00f6nlemek i\u00e7in gerilme giderme i\u015flemlerini i\u00e7erir. Bu s\u00fcre\u00e7leri dahili olarak y\u00f6neterek, pirin\u00e7 bile\u015fenlerinizin mekanik \u00f6zelliklerinin \u00fcretim boyunca tutarl\u0131 kalmas\u0131n\u0131 garanti ediyoruz.<\/p>\n<h2>Bak\u0131r projeleriniz i\u00e7in Vastmaterial'\u0131 Neden Se\u00e7melisiniz?<\/h2>\n<p><img loading=\"lazy\" decoding=\"async\" class=\"alignnone  wp-image-1653\" src=\"https:\/\/haoyumaterial.com\/wp-content\/uploads\/2026\/02\/Brass_Infinite_Recyclability_Circular_Economy_ZqMa-300x169.webp\" alt=\"\" width=\"470\" height=\"265\" srcset=\"https:\/\/haoyumaterial.com\/wp-content\/uploads\/2026\/02\/Brass_Infinite_Recyclability_Circular_Economy_ZqMa-300x169.webp 300w, https:\/\/haoyumaterial.com\/wp-content\/uploads\/2026\/02\/Brass_Infinite_Recyclability_Circular_Economy_ZqMa-768x432.webp 768w, https:\/\/haoyumaterial.com\/wp-content\/uploads\/2026\/02\/Brass_Infinite_Recyclability_Circular_Economy_ZqMa-18x10.webp 18w, https:\/\/haoyumaterial.com\/wp-content\/uploads\/2026\/02\/Brass_Infinite_Recyclability_Circular_Economy_ZqMa-600x338.webp 600w, https:\/\/haoyumaterial.com\/wp-content\/uploads\/2026\/02\/Brass_Infinite_Recyclability_Circular_Economy_ZqMa.webp 1024w\" sizes=\"auto, (max-width: 470px) 100vw, 470px\" \/><\/p>\n<p>\u00d6zel metal par\u00e7alar temin ederken, hassasiyet ve maliyet etkinli\u011fi aras\u0131ndaki dengeyi anlayan bir ortak gerekir. Birinci s\u0131n\u0131f olarak\u00a0<strong>pirin\u00e7 d\u00f6k\u00fcm hizmeti<\/strong>\u00a0sa\u011flay\u0131c\u0131 olarak, geli\u015fmi\u015f d\u00f6k\u00fcm teknolojisini s\u0131k\u0131 y\u00f6netim sistemleriyle birle\u015ftirerek uluslararas\u0131 standartlara uygun bile\u015fenler sunuyoruz.<\/p>\n<h3>S\u0131k\u0131 Kalite Kontrol\u00fc ve ISO Sertifikas\u0131<\/h3>\n<p>Kalite sadece bir moda s\u00f6z\u00fc de\u011fil; bu bizim temelimizdir. S\u0131k\u0131 bir\u00a0<strong>ISO 9001 sertifikal\u0131 d\u00f6k\u00fcm<\/strong>\u00a0y\u00f6netim sistemi alt\u0131nda \u00e7al\u0131\u015f\u0131yoruz. Her erimi\u015f bak\u0131r partisinde, ala\u015f\u0131m bile\u015fiminizin tam olarak spesifikasyonlar\u0131n\u0131za uygun olup olmad\u0131\u011f\u0131n\u0131 belirlemek i\u00e7in detayl\u0131 kimyasal analiz yap\u0131l\u0131r.<\/p>\n<p>\u0130\u00e7 tesis denetim laboratuvar\u0131m\u0131z \u015funlarla donat\u0131lm\u0131\u015ft\u0131r:<\/p>\n<ul>\n<li><strong>Spektrometreler:<\/strong>\u00a0Malzeme derecelerini do\u011frulama (\u00f6r. C83600, C85700).<\/li>\n<li><strong>Koordinat \u00d6l\u00e7\u00fcm Makinesi (CMM):<\/strong>\u00a0Karma\u015f\u0131k geometriler i\u00e7in boyutsal do\u011frulu\u011fu sa\u011flama.<\/li>\n<li><strong>R\u00f6ntgen ve NDT:<\/strong>\u00a0Kritik g\u00fcvenlik par\u00e7alar\u0131nda i\u00e7 g\u00f6zenek veya kusurlar\u0131 tespit etme.<\/li>\n<\/ul>\n<h3>M\u00fchendislik Deste\u011fi ve DFM Analizi<\/h3>\n<p>Sadece d\u00f6k\u00fcm yapm\u0131yoruz; \u00e7\u00f6z\u00fcmler tasarl\u0131yoruz. Ekibimiz, CAD dosyalar\u0131n\u0131z\u0131 ald\u0131ktan sonra kapsaml\u0131 analizler sa\u011flar.\u00a0<strong>\u00dcretilebilirlik i\u00e7in Tasar\u0131m (DFM)<\/strong>\u00a0Potansiyel d\u00f6k\u00fcm sorunlar\u0131n\u0131 erken tespit eder, maliyetleri d\u00fc\u015f\u00fcren tasar\u0131m optimizasyonlar\u0131 \u00f6nerir ve fonksiyonelli\u011fi bozmadan par\u00e7a b\u00fct\u00fcnl\u00fc\u011f\u00fcn\u00fc art\u0131r\u0131r.<\/p>\n<h3>Esnek \u00dcretim Kapasiteleri<\/h3>\n<p>\u0130ster bizimle \u00f6l\u00e7eklendiriyor olun\u00a0<a href=\"https:\/\/haoyumaterial.com\/tr\/industrial-die-casting-process-benefits-and-applications\/\">End\u00fcstriyel d\u00f6k\u00fcm i\u015flemi<\/a>\u00a0veya tek bir birimle ba\u015fl\u0131yorsan\u0131z, ihtiya\u00e7lar\u0131n\u0131za uyum sa\u011fl\u0131yoruz. Sunuyoruz\u00a0<strong>h\u0131zl\u0131 prototipleme hizmetleri<\/strong>\u00a0tasar\u0131mlar\u0131 h\u0131zl\u0131ca do\u011frulamak ve ilk \u00f6rnek \u00fcretimleri i\u00e7in kat\u0131 Minimum Sipari\u015f Miktar\u0131 (MSM) yok.<\/p>\n<div class=\"table-responsive\">\n<table class=\"table\">\n<thead>\n<tr>\n<th>\u00d6zellik<\/th>\n<th>Size Faydas\u0131<\/th>\n<\/tr>\n<\/thead>\n<tbody>\n<tr>\n<td><strong>Malzeme Do\u011frulama<\/strong><\/td>\n<td>\u00a0 \u00a0 \u00a0 \u00a0 \u00a0 \u00a0 \u00a0 \u00a0 \u00a0 \u00a0 \u00a0 \u00a0 \u00a0 \u00a0 \u00a0 \u00a0 \u00a0 \u00a0 \u00a0 \u00a0 \u00a0 \u00a0 \u00a0 \u00a0 \u00a0 \u00a0 \u00a0 \u00a0 \u00a0 \u00a0 \u00a0 \u00a0 \u00a0 \u00a0 \u00a0 \u00a0 \u00a0 \u00a0Test raporlar\u0131yla garantili ala\u015f\u0131m bile\u015fimi.<\/td>\n<\/tr>\n<tr>\n<td><strong>\u00d6l\u00e7eklenebilirlik<\/strong><\/td>\n<td>\u00a0 \u00a0 \u00a0 \u00a0 \u00a0 \u00a0 \u00a0 \u00a0 \u00a0 \u00a0 \u00a0 \u00a0 \u00a0 \u00a0 \u00a0 \u00a0 \u00a0 \u00a0 \u00a0 \u00a0 \u00a0 \u00a0 \u00a0 \u00a0 \u00a0 \u00a0 \u00a0 \u00a0 \u00a0 \u00a0 \u00a0 \u00a0 \u00a0 \u00a0 \u00a0 \u00a0 \u00a0 \u00a0Prototipten seri \u00fcretime kusursuz ge\u00e7i\u015f.<\/td>\n<\/tr>\n<tr>\n<td><strong>Tek Durak Ma\u011faza<\/strong><\/td>\n<td>\u00a0 \u00a0 \u00a0 \u00a0 \u00a0 \u00a0 \u00a0 \u00a0 \u00a0 \u00a0 \u00a0 \u00a0 \u00a0 \u00a0 \u00a0 \u00a0 \u00a0 \u00a0 \u00a0 \u00a0 \u00a0 \u00a0 \u00a0 \u00a0 \u00a0 \u00a0 \u00a0 \u00a0 \u00a0 \u00a0 \u00a0 \u00a0 \u00a0 \u00a0 \u00a0 \u00a0 \u00a0 \u00a0Entegre d\u00f6k\u00fcm, CNC i\u015fleme ve bitirme.<\/td>\n<\/tr>\n<tr>\n<td><strong>K\u00fcresel \u0130hracat<\/strong><\/td>\n<td>\u00a0 \u00a0 \u00a0 \u00a0 \u00a0 \u00a0 \u00a0 \u00a0 \u00a0 \u00a0 \u00a0 \u00a0 \u00a0 \u00a0 \u00a0 \u00a0 \u00a0 \u00a0 \u00a0 \u00a0 \u00a0 \u00a0 \u00a0 \u00a0 \u00a0 \u00a0 \u00a0 \u00a0 \u00a0 \u00a0 \u00a0 \u00a0 \u00a0 \u00a0 \u00a0 \u00a0 \u00a0 Kuzey Amerika ve Avrupa pazarlar\u0131na sevkiyat deneyimi.<\/td>\n<\/tr>\n<\/tbody>\n<\/table>\n<\/div>\n<h2>Pirinc par\u00e7alar\u0131 i\u00e7in \u00e7e\u015fitli end\u00fcstri uygulamalar\u0131<\/h2>\n<p><img loading=\"lazy\" decoding=\"async\" class=\"alignnone  wp-image-1674\" src=\"https:\/\/haoyumaterial.com\/wp-content\/uploads\/2026\/02\/brass-casting-service-192x300.jpg\" alt=\"\" width=\"363\" height=\"567\" srcset=\"https:\/\/haoyumaterial.com\/wp-content\/uploads\/2026\/02\/brass-casting-service-192x300.jpg 192w, https:\/\/haoyumaterial.com\/wp-content\/uploads\/2026\/02\/brass-casting-service-654x1024.jpg 654w, https:\/\/haoyumaterial.com\/wp-content\/uploads\/2026\/02\/brass-casting-service-768x1202.jpg 768w, https:\/\/haoyumaterial.com\/wp-content\/uploads\/2026\/02\/brass-casting-service-982x1536.jpg 982w, https:\/\/haoyumaterial.com\/wp-content\/uploads\/2026\/02\/brass-casting-service-8x12.jpg 8w, https:\/\/haoyumaterial.com\/wp-content\/uploads\/2026\/02\/brass-casting-service-600x939.jpg 600w, https:\/\/haoyumaterial.com\/wp-content\/uploads\/2026\/02\/brass-casting-service.jpg 1080w\" sizes=\"auto, (max-width: 363px) 100vw, 363px\" \/><\/p>\n<p>Bizim\u00a0<strong>pirin\u00e7 d\u00f6k\u00fcm hizmeti<\/strong>\u00a0dayan\u0131kl\u0131l\u0131k ve korozyon direncinin vazge\u00e7ilmez oldu\u011fu sekt\u00f6rlerde kritik bile\u015fenler sa\u011flar. Uzmanl\u0131k alan\u0131m\u0131z\u00a0<strong>orijinal ekipman \u00fcreticisi pirin\u00e7 bile\u015fenleri<\/strong>\u00a0sizin tedarik zincirinize sorunsuz uyum sa\u011flayacak \u015fekilde, kat\u0131 ABD ve uluslararas\u0131 standartlara uygun olarak \u00fcretmek.<\/p>\n<ul>\n<li><strong>Tesisat ve S\u0131v\u0131 \u0130\u015fleme:<\/strong>\u00a0Sa\u011flam vana g\u00f6vdeleri, musluklar, pompa impellerleri ve\u00a0<strong>end\u00fcstriyel pirin\u00e7 ba\u011flant\u0131 par\u00e7alar\u0131<\/strong>\u00a0y\u00fcksek bas\u0131n\u00e7 ve s\u00fcrekli nem alt\u0131nda bozulmadan kullan\u0131labilir.<\/li>\n<li><strong>Deniz Donan\u0131m\u0131:<\/strong>\u00a0Deniz s\u0131n\u0131f\u0131 bronz ve pirin\u00e7 par\u00e7alar\u0131m\u0131z, \u00e7\u0131talar, takozlar ve g\u00f6mme ba\u011flant\u0131lar dahil olmak \u00fczere, tuzlu su korozyonuna kar\u015f\u0131 \u00fcst\u00fcn diren\u00e7 sa\u011flar.<\/li>\n<li><strong>Elektrik Sistemleri:<\/strong>\u00a0G\u00fcvenilir g\u00fc\u00e7 da\u011f\u0131t\u0131m\u0131 i\u00e7in terminal, konnekt\u00f6r ve topraklama kelep\u00e7eleri gibi y\u00fcksek iletkenlikli bak\u0131r esasl\u0131 ala\u015f\u0131mlar sa\u011fl\u0131yoruz.<\/li>\n<li><strong>\u0130leri \u00dcretim:<\/strong>\u00a0D\u00f6k\u00fcmhanemiz, mimari projeler, otomotiv par\u00e7alar\u0131 ve\u00a0<a href=\"https:\/\/haoyumaterial.com\/tr\/industries\/aerospace\/\">havac\u0131l\u0131k sanayi uygulamalar\u0131 gibi karma\u015f\u0131k talepleri destekler<\/a>, her bile\u015fenin kat\u0131 g\u00fcvenlik ve boyutsal \u00f6zellikleri kar\u015f\u0131lad\u0131\u011f\u0131ndan emin olur.<\/li>\n<\/ul>\n<h2>S\u0131k\u00e7a Sorulan Sorular (SSS)<\/h2>\n<h3>Teklif almak i\u00e7in hangi dosya formatlar\u0131n\u0131 kabul ediyorsunuz?<\/h3>\n<p>En do\u011fru fiyatland\u0131rmay\u0131 sa\u011flamak i\u00e7in\u00a0<strong>\u00f6zelle\u015ftirilmi\u015f pirin\u00e7 par\u00e7alar\u0131<\/strong>, STEP (.stp), IGES (.igs) veya Parasolid formatlar\u0131nda 3D CAD dosyalar\u0131n\u0131 tercih ediyoruz. Bu, hacim ve a\u011f\u0131rl\u0131\u011f\u0131 kesinlikle hesaplamam\u0131za olanak tan\u0131r. Ayr\u0131ca, kritik toleranslar\u0131n\u0131z\u0131 ve y\u00fczey finisaj\u0131 gereksinimlerinizi anlamak i\u00e7in 2D \u00e7izimler (PDF, DWG veya DXF) talep ediyoruz. Hen\u00fcz CAD dosyalar\u0131n\u0131z yoksa, detayl\u0131 \u00e7izimler veya fiziksel \u00f6rnekler \u00fczerinden bile\u015feni tersine m\u00fchendislik yapabiliriz.<\/p>\n<h3>Pirin\u00e7 d\u00f6k\u00fcm i\u00e7in tipik teslim s\u00fcresi nedir?<\/h3>\n<p>Zaman \u00e7izelgelerimiz, \u00fcr\u00fcnleri piyasaya h\u0131zl\u0131 bir \u015fekilde ula\u015ft\u0131rmak \u00fczere yap\u0131land\u0131r\u0131lm\u0131\u015ft\u0131r. Tipik olarak, kal\u0131p tasar\u0131m\u0131 ve \u00f6rnek \u00fcretimi 2 ila 4 hafta aras\u0131nda s\u00fcrer, karma\u015f\u0131kl\u0131\u011fa ba\u011fl\u0131 olarak. Prototip onayland\u0131ktan sonra, seri \u00fcretim genellikle ek 3 ila 4 hafta al\u0131r. Acil projeler i\u00e7in s\u0131k\u0131\u015f\u0131k teslim tarihlerini kar\u015f\u0131lamak ad\u0131na h\u0131zland\u0131r\u0131lm\u0131\u015f programlar da s\u0131kl\u0131kla kabul edilir.<\/p>\n<h3>Belirli y\u00fczey finisaj\u0131 gereksinimlerini kar\u015f\u0131layabilir misiniz?<\/h3>\n<p>Evet, i\u00e7imizde tam kapsaml\u0131 y\u00fczey i\u015flemleri sunuyoruz. End\u00fcstriyel kullan\u0131m i\u00e7in fonksiyonel kumlama finisaj\u0131 veya dekoratif donan\u0131m i\u00e7in ayna parlakl\u0131\u011f\u0131nda krom finisaj\u0131 gerekse de, teslim edebilecek kapasitemiz var. Son g\u00f6r\u00fcn\u00fcm\u00fcn tam olarak sizin spesifikasyonlar\u0131n\u0131za uygun olmas\u0131n\u0131 sa\u011fl\u0131yoruz, par\u00e7alar\u0131 hemen montaj veya sat\u0131\u015fa haz\u0131r hale getiriyoruz.<\/p>\n<h3>G\u00f6nderimler ile malzeme sertifikas\u0131 sa\u011fl\u0131yor musunuz?<\/h3>\n<p>Kesinlikle. Kalite konusunda tam \u015feffafl\u0131\u011fa inan\u0131yoruz. Her sevkiyat, partinin kimyasal bile\u015fimi ve mekanik \u00f6zelliklerini do\u011frulayan bir malzeme test raporu (MTR) i\u00e7erir. Bu, metalin belirli standartlara uygun oldu\u011funu garanti eder.\u00a0<a href=\"https:\/\/haoyumaterial.com\/tr\/what-is-brass-composition-grades-and-industrial-uses\/\">pirin\u00e7 bile\u015fim dereceleri<\/a>\u00a0ve ASTM, DIN veya JIS gibi uluslararas\u0131 standartlara uygundur.<\/p>","protected":false},"excerpt":{"rendered":"<p>Custom brass casting service by Vastmaterial for OEM parts precision investment and sand casting CNC machining and finishing. Premier Custom [&hellip;]<\/p>\n","protected":false},"featured_media":1672,"comment_status":"open","ping_status":"closed","template":"","meta":{"site-sidebar-layout":"default","site-content-layout":"","ast-site-content-layout":"default","site-content-style":"default","site-sidebar-style":"default","ast-global-header-display":"","ast-banner-title-visibility":"","ast-main-header-display":"","ast-hfb-above-header-display":"","ast-hfb-below-header-display":"","ast-hfb-mobile-header-display":"","site-post-title":"","ast-breadcrumbs-content":"","ast-featured-img":"","footer-sml-layout":"","ast-disable-related-posts":"","theme-transparent-header-meta":"default","adv-header-id-meta":"","stick-header-meta":"","header-above-stick-meta":"","header-main-stick-meta":"","header-below-stick-meta":"","astra-migrate-meta-layouts":"set","ast-page-background-enabled":"default","ast-page-background-meta":{"desktop":{"background-color":"var(--ast-global-color-5)","background-image":"","background-repeat":"repeat","background-position":"center center","background-size":"auto","background-attachment":"scroll","background-type":"","background-media":"","overlay-type":"","overlay-color":"","overlay-opacity":"","overlay-gradient":""},"tablet":{"background-color":"","background-image":"","background-repeat":"repeat","background-position":"center center","background-size":"auto","background-attachment":"scroll","background-type":"","background-media":"","overlay-type":"","overlay-color":"","overlay-opacity":"","overlay-gradient":""},"mobile":{"background-color":"","background-image":"","background-repeat":"repeat","background-position":"center center","background-size":"auto","background-attachment":"scroll","background-type":"","background-media":"","overlay-type":"","overlay-color":"","overlay-opacity":"","overlay-gradient":""}},"ast-content-background-meta":{"desktop":{"background-color":"var(--ast-global-color-4)","background-image":"","background-repeat":"repeat","background-position":"center center","background-size":"auto","background-attachment":"scroll","background-type":"","background-media":"","overlay-type":"","overlay-color":"","overlay-opacity":"","overlay-gradient":""},"tablet":{"background-color":"var(--ast-global-color-4)","background-image":"","background-repeat":"repeat","background-position":"center center","background-size":"auto","background-attachment":"scroll","background-type":"","background-media":"","overlay-type":"","overlay-color":"","overlay-opacity":"","overlay-gradient":""},"mobile":{"background-color":"var(--ast-global-color-4)","background-image":"","background-repeat":"repeat","background-position":"center center","background-size":"auto","background-attachment":"scroll","background-type":"","background-media":"","overlay-type":"","overlay-color":"","overlay-opacity":"","overlay-gradient":""}}},"product_brand":[],"product_cat":[25,26,27],"product_tag":[587],"class_list":{"0":"post-1671","1":"product","2":"type-product","3":"status-publish","4":"has-post-thumbnail","6":"product_cat-copper-alloy","7":"product_cat-brass","8":"product_cat-bronze","9":"product_tag-brass-casting-service","10":"desktop-align-left","11":"tablet-align-left","12":"mobile-align-left","14":"first","15":"instock","16":"shipping-taxable","17":"product-type-simple"},"_links":{"self":[{"href":"https:\/\/haoyumaterial.com\/tr\/wp-json\/wp\/v2\/product\/1671","targetHints":{"allow":["GET"]}}],"collection":[{"href":"https:\/\/haoyumaterial.com\/tr\/wp-json\/wp\/v2\/product"}],"about":[{"href":"https:\/\/haoyumaterial.com\/tr\/wp-json\/wp\/v2\/types\/product"}],"replies":[{"embeddable":true,"href":"https:\/\/haoyumaterial.com\/tr\/wp-json\/wp\/v2\/comments?post=1671"}],"wp:featuredmedia":[{"embeddable":true,"href":"https:\/\/haoyumaterial.com\/tr\/wp-json\/wp\/v2\/media\/1672"}],"wp:attachment":[{"href":"https:\/\/haoyumaterial.com\/tr\/wp-json\/wp\/v2\/media?parent=1671"}],"wp:term":[{"taxonomy":"product_brand","embeddable":true,"href":"https:\/\/haoyumaterial.com\/tr\/wp-json\/wp\/v2\/product_brand?post=1671"},{"taxonomy":"product_cat","embeddable":true,"href":"https:\/\/haoyumaterial.com\/tr\/wp-json\/wp\/v2\/product_cat?post=1671"},{"taxonomy":"product_tag","embeddable":true,"href":"https:\/\/haoyumaterial.com\/tr\/wp-json\/wp\/v2\/product_tag?post=1671"}],"curies":[{"name":"wp","href":"https:\/\/api.w.org\/{rel}","templated":true}]}}