{"id":1698,"date":"2026-02-08T08:48:51","date_gmt":"2026-02-08T00:48:51","guid":{"rendered":"https:\/\/haoyumaterial.com\/?post_type=product&#038;p=1698"},"modified":"2026-02-08T08:49:51","modified_gmt":"2026-02-08T00:49:51","slug":"brass-alloy-copper-sheets-strips-rods-custom-sizes-vastmaterial","status":"publish","type":"product","link":"https:\/\/haoyumaterial.com\/tr\/product\/brass-alloy-copper-sheets-strips-rods-custom-sizes-vastmaterial\/","title":{"rendered":"Pirin\u00e7 Ala\u015f\u0131m Bak\u0131r Levhalar \u015eeritler \u00c7ubuklar \u00d6zel Boyutlar Geni\u015fmalzeme"},"content":{"rendered":"<p>Y\u00fcksek hassasiyetli pirin\u00e7 ala\u015f\u0131m\u0131 bak\u0131r levhalar, \u015feritler ve \u00e7ubuklar C2600 C2680 C3604 \u00f6zel boyutlar RoHS uyumlu.<\/p>\n<h2>Bak\u0131r-\u00c7inko Ala\u015f\u0131mlar\u0131n\u0131n \u00c7ok Y\u00f6nl\u00fcl\u00fc\u011f\u00fc<\/h2>\n<p>Y\u00fcksek iletkenlik ile yap\u0131sal dayan\u0131kl\u0131l\u0131k aras\u0131ndaki bo\u015flu\u011fu dolduran bir malzeye ihtiyac\u0131n\u0131z oldu\u011funda,\u00a0<strong>pirin\u00e7 ala\u015f\u0131m\u0131 bak\u0131r<\/strong>\u00a0birinci tercihtir. Temel olarak\u00a0<strong>bak\u0131r-\u00e7inko ala\u015f\u0131m\u0131<\/strong>, pirin\u00e7, akustik \u00f6zellikler, korozyon direnci ve i\u015flenebilirlik a\u00e7\u0131s\u0131ndan benzersiz bir kombinasyon sunar ki saf bak\u0131r buna ula\u015famaz. Pirin\u00e7'i sadece bir emtia olarak de\u011fil, ayn\u0131 zamanda titiz end\u00fcstriyel performans i\u00e7in tasarlanm\u0131\u015f hassas m\u00fchendislik malzemesi olarak ele al\u0131yoruz.<\/p>\n<h3>\u0130\u015flemede Geni\u015f Malzeme Standard\u0131<\/h3>\n<p>Sadece metal tedarik etmiyoruz; onu rafine ediyoruz. \u00dcretim hatt\u0131m\u0131z, her \u015feyin tam spesifikasyonlara uygun olmas\u0131n\u0131 sa\u011flamak i\u00e7in geli\u015fmi\u015f y\u00fcksek hassasiyetli haddeleme teknolojisi kullan\u0131r.\u00a0<strong>so\u011fuk haddeleme pirin\u00e7 levha<\/strong>\u00a0kristal yap\u0131s\u0131n\u0131 ve y\u00fczey biti\u015fini kontrol ederek, damgalama, oyma veya i\u015fleme s\u0131ras\u0131nda tutarl\u0131 performans g\u00f6steren malzeme sunar\u0131z.<\/p>\n<h3>Her Uygulama \u0130\u00e7in Mevcut Formlar<\/h3>\n<p>Adanm\u0131\u015f\u00a0<strong>pirin\u00e7 \u015ferit tedarik\u00e7isi olarak<\/strong>, \u00e7e\u015fitli \u00fcretim ihtiya\u00e7lar\u0131na uygun \u00e7ok y\u00f6nl\u00fc bir envanter tutuyoruz. Yeteneklerimiz, \u015funlar\u0131 sa\u011flamam\u0131za olanak tan\u0131r:<\/p>\n<ul>\n<li><strong>Hassas Pirin\u00e7 Folyo:<\/strong>\u00a0Elektronik ve g\u00f6zetleme i\u00e7in ultra ince kal\u0131nl\u0131klar.<\/li>\n<li><strong>Pirincin Bobin Stoku:<\/strong>\u00a0Y\u00fcksek hacimli otomatik damgalama i\u00e7in uygun s\u00fcrekli uzunluklar.<\/li>\n<li><strong>Levhalar ve Plakalar:<\/strong>\u00a0Mimari ve yap\u0131sal bile\u015fenler i\u00e7in d\u00fcz, dayan\u0131kl\u0131 stok.<\/li>\n<li><strong>\u00c7ubuklar ve \u00c7ubuklar:<\/strong>\u00a0Torna ve freze i\u015flemleri i\u00e7in y\u00fcksek i\u015flenebilirlik dereceleri.<\/li>\n<\/ul>\n<h2>Teknik \u00d6zellikler ve Mevcut Kaliteler<\/h2>\n<p><img decoding=\"async\" src=\"https:\/\/haoyumaterial.com\/wp-content\/uploads\/2026\/02\/brass_alloy_copper_temper_hardness_grades_KejuveBb.webp\" alt=\"pirin\u00e7 ala\u015f\u0131m\u0131 bak\u0131r temper sertlik dereceleri\" \/><\/p>\n<p>Kaynak yaparken\u00a0<strong>pirin\u00e7 ala\u015f\u0131m\u0131 bak\u0131r<\/strong>, do\u011fru kimyasal bile\u015fimi ve mekanik durumu se\u00e7mek \u00fcretim ba\u015far\u0131s\u0131 i\u00e7in kritik \u00f6neme sahiptir. Uluslararas\u0131 standartlara s\u0131k\u0131 s\u0131k\u0131ya ba\u011fl\u0131 malzemeler sa\u011fl\u0131yoruz, bunlar aras\u0131nda\u00a0<strong>ASTM B36 pirin\u00e7<\/strong>, her \u015feyden genel damgalamadan\u00a0<strong><a href=\"https:\/\/haoyumaterial.com\/tr\/aerospace-casting-manufacturer-for-high-performance-alloy-components\/\">y\u00fcksek performansl\u0131 ala\u015f\u0131m bile\u015fenleri<\/a><\/strong>.<\/p>\n<h3>Ortak Pirin\u00e7 Kaliteleri<\/h3>\n<p>Belirli end\u00fcstri ihtiya\u00e7lar\u0131na uygun \u00e7e\u015fitli kaliteler stoklamaktay\u0131z. A\u015fa\u011f\u0131da en s\u0131k talep edilen \u00f6zellikler bulunmaktad\u0131r:<\/p>\n<div class=\"table-responsive\">\n<table class=\"table\">\n<thead>\n<tr>\n<th>S\u0131n\u0131f<\/th>\n<th>Ortak Ad<\/th>\n<th>Anahtar \u00d6zellikler<\/th>\n<\/tr>\n<\/thead>\n<tbody>\n<tr>\n<td><strong>C2600<\/strong><\/td>\n<td><strong>Kaps\u00fcl Pirinci<\/strong><\/td>\n<td>Y\u00fcksek \u015fekillendirilebilirlik ve m\u00fckemmel so\u011fuk i\u015flenebilirlik; derin \u00e7ekme ve \u015fekillendirme i\u00e7in idealdir.<\/td>\n<\/tr>\n<tr>\n<td><strong>C2680<\/strong><\/td>\n<td><strong>Sar\u0131 Pirin\u00e7<\/strong><\/td>\n<td>\u00c7ok y\u00f6nl\u00fc\u00a0<strong>bak\u0131r-\u00e7inko ala\u015f\u0131m\u0131<\/strong>\u00a0g\u00fc\u00e7 ve korozyon direnci dengesini sunar.<\/td>\n<\/tr>\n<tr>\n<td><strong>C3604<\/strong><\/td>\n<td>Serbest \u0130\u015fleme Pirin\u00e7<\/td>\n<td>\u00dcst\u00fcn i\u015flenebilirlik i\u00e7in kur\u015fun i\u00e7erir; hassas vida makinesi par\u00e7alar\u0131 i\u00e7in m\u00fckemmeldir.<\/td>\n<\/tr>\n<\/tbody>\n<\/table>\n<\/div>\n<h3>Temper ve Boyutlar<\/h3>\n<p>Adanm\u0131\u015f\u00a0<strong>pirin\u00e7 \u015ferit tedarik\u00e7isi olarak<\/strong>, malzememizin fiziksel \u00f6zelliklerini ve boyutlar\u0131n\u0131 \u00fcretim hatt\u0131n\u0131za uygun hale getiriyoruz:<\/p>\n<ul>\n<li><strong>Temper Aral\u0131\u011f\u0131:<\/strong>\u00a0Bizim\u00a0<strong>so\u011fuk haddeleme pirin\u00e7 levha<\/strong>\u00a0ve \u015ferit, maksimum \u015fekillendirilebilirlik i\u00e7in Tavl\u0131 (O) ve y\u00fcksek elastikiyet gerektiren uygulamalar i\u00e7in Yay Sert (H04) temper se\u00e7enekleriyle mevcuttur.<\/li>\n<li><strong>Hassas Kesim:<\/strong>\u00a0\u0130\u015fliyoruz\u00a0<strong>pirin\u00e7 bobin sto\u011fu<\/strong>\u00a0a\u011f\u0131rl\u0131kl\u0131 toleranslarla. a\u011f\u0131r kal\u0131nl\u0131kta levhalara ihtiyac\u0131n\u0131z olsun veya\u00a0<strong>kesin pirin\u00e7 folyo<\/strong>, tam geni\u015flik gereksinimlerinize g\u00f6re \u00f6zel dilme hizmeti sunuyoruz.<\/li>\n<\/ul>\n<h2>Pirincimiz Bak\u0131r Ala\u015f\u0131mlar\u0131m\u0131z\u0131n Temel \u00d6zellikleri<\/h2>\n<p><img decoding=\"async\" src=\"https:\/\/haoyumaterial.com\/wp-content\/uploads\/2026\/02\/Brass_Copper_Alloy_Properties_and_Performance_Anal.webp\" alt=\"Pirin\u00e7 Bak\u0131r Ala\u015f\u0131m \u00d6zellikleri ve Performans Analizi\" \/><\/p>\n<p>Pirinc sadece alt\u0131n rengi bak\u0131r de\u011fildir; bu bir g\u00fc\u00e7 merkezidir\u00a0<strong>bak\u0131r-\u00e7inko ala\u015f\u0131m\u0131<\/strong>\u00a0end\u00fcstriyel performans i\u00e7in tasarland\u0131. \u00c7inko i\u00e7eri\u011fini s\u0131k\u0131 kontrol ederek, malzemeyi \u015fekillendirilebilirlik, dayan\u0131kl\u0131l\u0131k ve mukavemet aras\u0131nda belirli tatl\u0131 noktalar\u0131 hedefleyecek \u015fekilde ayarlar\u0131z.<\/p>\n<h3>Mekanik Dayan\u0131kl\u0131l\u0131k ve Yap\u0131sal B\u00fct\u00fcnl\u00fck<\/h3>\n<p>Yumu\u015fak saf bak\u0131r\u0131n aksine,\u00a0<strong>pirin\u00e7 mekanik \u00f6zellikleri<\/strong>\u00a0y\u00fck ta\u015f\u0131ma uygulamalar\u0131 i\u00e7in yeterince sa\u011flamd\u0131r. \u00c7inko eklenmesi \u00e7ekme dayan\u0131kl\u0131l\u0131\u011f\u0131n\u0131 ve sertli\u011fini \u00f6nemli \u00f6l\u00e7\u00fcde art\u0131r\u0131r.<\/p>\n<ul>\n<li><strong>Alfa Pirin\u00e7:<\/strong>\u00a0Daha d\u00fc\u015f\u00fck \u00e7inko i\u00e7eri\u011fi (35%'ye kadar) m\u00fckemmel so\u011fuk \u015fekillendirilebilirlik sa\u011flar, \u00e7ekme ve presleme i\u00e7in idealdir.<\/li>\n<li><strong>Alfa-Beta Pirin\u00e7:<\/strong>\u00a0Daha y\u00fcksek \u00e7inko i\u00e7eri\u011fi daha sert bir yap\u0131 olu\u015fturur, y\u00fcksek akma dayan\u0131m\u0131 gerektiren s\u0131cak i\u015fleme ve yap\u0131sal bile\u015fenler i\u00e7in idealdir.<\/li>\n<\/ul>\n<h3>\u00dcst\u00fcn \u0130\u015flenebilirlik ve Makine \u0130\u015fletilebilirlik<\/h3>\n<p>en b\u00fcy\u00fck avantajlar\u0131ndan biri\u00a0<strong>pirin\u00e7 ala\u015f\u0131m\u0131 bak\u0131r<\/strong>\u00a0ne kadar kolay \u00fcretilebildi\u011fidir. Geni\u015f \u00e7apta so\u011fuk i\u015fleme, \u015fekillendirme ve derin \u00e7ekme i\u015flemlerini \u00e7atlamadan destekler. Karma\u015f\u0131k par\u00e7alar \u00fcreten \u00fcreticiler i\u00e7in, ala\u015f\u0131mlar\u0131m\u0131z y\u00fcksek h\u0131zda \u00fcretime optimize edilmi\u015ftir.\u00a0<a href=\"https:\/\/haoyumaterial.com\/tr\/product\/knuckle-dusters-brass-machining-service\/\">pirin\u00e7 i\u015fleme hizmetleri<\/a>, temiz tala\u015flar ve p\u00fcr\u00fczs\u00fcz y\u00fczey biti\u015fleri \u00fcreterek alet \u00f6mr\u00fcn\u00fc uzat\u0131r.<\/p>\n<h3>Korozyon Direnci ve \u0130letkenlik<\/h3>\n<p>Saf bak\u0131r iletkenli\u011fin kral\u0131 olsa da, pirin\u00e7 pratik kullan\u0131m i\u00e7in kritik bir denge sa\u011flar. Ba\u011flant\u0131 elemanlar\u0131, terminaller ve radyat\u00f6r \u00e7ekirdekleri i\u00e7in yeterli elektriksel ve termal iletkenli\u011fi korurken, \u00f6nemli \u00f6l\u00e7\u00fcde daha iyi fiziksel dayan\u0131kl\u0131l\u0131k sunar. Bizim\u00a0<strong>korozyona dayan\u0131kl\u0131 pirin\u00e7<\/strong>\u00a0s\u0131n\u0131flar\u0131m\u0131z, nemli ortamlara ve deniz atmosferlerine dayanacak \u015fekilde \u00f6zel olarak i\u015flenmi\u015ftir, di\u011fer metalleri h\u0131zla bozulan durumlardan korur.<\/p>\n<h2>Pirinc Ala\u015f\u0131mlar\u0131 i\u00e7in End\u00fcstriyel Uygulamalar<\/h2>\n<p>\u015eunlar\u0131 tasarl\u0131yoruz:\u00a0<strong>pirin\u00e7 ala\u015f\u0131m\u0131 bak\u0131r<\/strong>\u00a0\u00e7e\u015fitli ABD end\u00fcstrilerinin kat\u0131 taleplerini kar\u015f\u0131lamak \u00fczere \u00fcr\u00fcnler. \u00c7\u00fcnk\u00fc\u00a0<strong>pirin\u00e7 bir ala\u015f\u0131md\u0131r<\/strong>\u00a0bak\u0131r\u0131n iletkenli\u011fini \u00e7inko ile g\u00fc\u00e7lendiren, g\u00fcvenilirlik ve dayan\u0131kl\u0131l\u0131\u011f\u0131n vazge\u00e7ilmez oldu\u011fu temel bir malzeme olarak hizmet eder. Portf\u00f6y\u00fcm\u00fcz, a\u011f\u0131r hizmet tipi yap\u0131sal par\u00e7alardan mikro hassas bile\u015fenlere kadar her \u015feyi kapsar.<\/p>\n<h3>Elektronik ve Elektrik Sistemleri<\/h3>\n<p>Elektronik sekt\u00f6r\u00fcnde sinyal b\u00fct\u00fcnl\u00fc\u011f\u00fc \u00e7ok \u00f6nemlidir. Y\u00fcksek hassasiyetli pirin\u00e7 \u015feridimiz, geni\u015f \u00e7apta kullan\u0131l\u0131r\u00a0<strong>ba\u011flant\u0131 elemanlar\u0131, terminaller ve prizler i\u00e7in.<\/strong>. Malzeme, zamanla temas bas\u0131nc\u0131n\u0131 korumak i\u00e7in gerekli yay \u00f6zelliklerini sunar, ayn\u0131 zamanda iletkenli\u011fi verimli elektrik performans\u0131n\u0131 sa\u011flar.<\/p>\n<h3>Otomotiv Bile\u015fenleri<\/h3>\n<p>Otomotiv end\u00fcstrisi, \u0131s\u0131ya, titre\u015fime ve a\u015f\u0131nd\u0131r\u0131c\u0131 ortamlara dayanacak malzemeler gerektirir. Biz tedarik ediyoruz\u00a0<strong>bak\u0131r-\u00e7inko ala\u015f\u0131m\u0131<\/strong>\u00a0stok i\u00e7in:<\/p>\n<ul>\n<li><strong>Sens\u00f6r Bile\u015fenleri:<\/strong>\u00a0Motor y\u00f6netim sistemlerinde do\u011fru veri iletimini sa\u011flama.<\/li>\n<li><strong>Radyat\u00f6r Tanklar\u0131 ve Is\u0131t\u0131c\u0131 \u00c7ekirdekleri:<\/strong>\u00a0Verimli \u0131s\u0131 de\u011fi\u015fimi i\u00e7in pirin\u00e7in \u00fcst\u00fcn termal iletkenli\u011fini kullanma.<\/li>\n<li><strong>Ba\u011flant\u0131 Elemanlar\u0131:<\/strong>\u00a0Ara\u00e7 kablo demetlerinde korozyona dayan\u0131kl\u0131 elektrik yollar\u0131 sa\u011flama.<\/li>\n<\/ul>\n<h3>Donan\u0131m, Dekorasyon ve Akustik<\/h3>\n<p>End\u00fcstriyel fonksiyonlar\u0131n \u00f6tesinde, pirin\u00e7 estetik \u00e7ekicili\u011fi ve akustik \u00f6zellikleriyle de\u011fer g\u00f6r\u00fcr. Bu, standart tercihidir\u00a0<strong>mimari s\u00fcsleme<\/strong>, kap\u0131 donan\u0131m\u0131 ve\u00a0<strong>m\u00fczik enstr\u00fcmanlar\u0131<\/strong>\u00a0trompetler ve saksafonlar gibi. Bu dayan\u0131kl\u0131 mallar\u0131n \u00fcretim y\u00f6ntemlerine karar veren \u00fcreticiler i\u00e7in, anlamak\u00a0<a href=\"https:\/\/haoyumaterial.com\/tr\/difference-between-forging-and-casting-expert-guide-by-vastmaterial\/\">d\u00f6vme ve d\u00f6k\u00fcm aras\u0131ndaki fark\u0131 de\u011ferlendiriyorsan\u0131z<\/a>\u00a0son \u00fcr\u00fcn\u00fcn dayan\u0131kl\u0131\u011f\u0131n\u0131 ve biti\u015fini optimize etmek i\u00e7in kritik \u00f6neme sahiptir.<\/p>\n<h3>Hassas \u00dcretim<\/h3>\n<p>mikro toleranslar gerektiren end\u00fcstriler i\u00e7in, \u00f6rne\u011fin\u00a0<strong>saat par\u00e7alar\u0131 ve kamera bile\u015fenleri<\/strong>, ola\u011fan\u00fcst\u00fc i\u015flenebilirli\u011fe sahip malzemeler sunuyoruz. C3604 gibi dereceleri i\u00e7eren stoklar\u0131m\u0131z, y\u00fcksek h\u0131zl\u0131 i\u015fleme ve minimum tak\u0131m a\u015f\u0131nmas\u0131 ile, karma\u015f\u0131k par\u00e7alar\u0131n her zaman tam spesifikasyonlara uygun olmas\u0131n\u0131 sa\u011flar.<\/p>\n<h2>Brass Ala\u015f\u0131mlar\u0131 i\u00e7in Vastmaterial'\u0131 Neden Se\u00e7melisiniz?<\/h2>\n<p><img loading=\"lazy\" decoding=\"async\" class=\"alignnone wp-image-1700\" src=\"https:\/\/haoyumaterial.com\/wp-content\/uploads\/2026\/02\/brass-and-alloy-300x175.png\" alt=\"\" width=\"706\" height=\"412\" srcset=\"https:\/\/haoyumaterial.com\/wp-content\/uploads\/2026\/02\/brass-and-alloy-300x175.png 300w, https:\/\/haoyumaterial.com\/wp-content\/uploads\/2026\/02\/brass-and-alloy-768x447.png 768w, https:\/\/haoyumaterial.com\/wp-content\/uploads\/2026\/02\/brass-and-alloy-18x10.png 18w, https:\/\/haoyumaterial.com\/wp-content\/uploads\/2026\/02\/brass-and-alloy-600x349.png 600w, https:\/\/haoyumaterial.com\/wp-content\/uploads\/2026\/02\/brass-and-alloy.png 789w\" sizes=\"auto, (max-width: 706px) 100vw, 706px\" \/><\/p>\n<p>Kaynak yaparken\u00a0<strong>pirin\u00e7 ala\u015f\u0131m\u0131 bak\u0131r<\/strong>, Tutarl\u0131l\u0131k ve hassasiyet vazge\u00e7ilmezdir. Vastmaterial'da, geli\u015fmi\u015f i\u015fleme yeteneklerini s\u0131k\u0131 kalite kontrol\u00fcyle birle\u015ftirerek Amerikan \u00fcretiminin kat\u0131 taleplerini kar\u015f\u0131l\u0131yoruz. Sadece metal tedarik etmiyoruz; \u00fcretim hatt\u0131n\u0131za sorunsuz uyum sa\u011flayan malzeme \u00e7\u00f6z\u00fcmleri sunuyoruz.<\/p>\n<h3>Hassas \u0130\u015fleme ve S\u0131k\u0131 Toleranslar<\/h3>\n<p>Tesisimiz, tam spesifikasyonlar sunmak \u00fczere tasarlanm\u0131\u015f y\u00fcksek hassasiyetli makineler kullan\u0131r. \u0130ster\u00a0<strong>pirin\u00e7 metal imalat\u0131<\/strong>\u00a0haz\u0131r levhalar veya belirli bobin geni\u015flikleri gerekse de, malzemenin hemen kullan\u0131ma haz\u0131r olmas\u0131n\u0131 sa\u011fl\u0131yoruz.<\/p>\n<ul>\n<li><strong>Gerilim D\u00fczle\u015ftirme:<\/strong>\u00a0Y\u00fcksek h\u0131zda damgalama ve oyma uygulamalar\u0131 i\u00e7in kritik olan \u00fcst\u00fcn d\u00fczg\u00fcnl\u00fc\u011f\u00fc sa\u011flar.<\/li>\n<li><strong>Hassas Kesim:<\/strong>\u00a0At\u0131k miktar\u0131n\u0131 en aza indirmek ve verimlili\u011fi art\u0131rmak i\u00e7in son derece s\u0131k\u0131 geni\u015flik toleranslar\u0131 sa\u011fl\u0131yoruz.<\/li>\n<li><strong>Y\u00fczey Kontrol\u00fc:<\/strong>\u00a0Se\u00e7enekler mat y\u00fczeyden parlat\u0131lm\u0131\u015fa kadar de\u011fi\u015fir, malzemenin ya\u011f lekeleri veya \u00e7izikler gibi kusurlardan ar\u0131nm\u0131\u015f olmas\u0131n\u0131 sa\u011flar.<\/li>\n<\/ul>\n<h3>Kalite G\u00fcvencesi ve Uyumluluk<\/h3>\n<p>Malzeme tedarikinde tahminde bulunmay\u0131 ortadan kald\u0131r\u0131yoruz. Her parti\u00a0<strong>RoHS uyumlu pirin\u00e7<\/strong>\u00a0at\u00f6lyemizden \u00e7\u0131kmadan \u00f6nce kapsaml\u0131 testlere tabi tutulur. Kaliteye olan ba\u011fl\u0131l\u0131\u011f\u0131m\u0131z do\u011frulanm\u0131\u015f veriler ve uluslararas\u0131 standartlar ile desteklenmektedir.<\/p>\n<div class=\"table-responsive\">\n<table class=\"table\">\n<thead>\n<tr>\n<th>Kalite \u00d6l\u00e7\u00fct\u00fc<\/th>\n<th>Y\u00f6ntem\/Standart<\/th>\n<\/tr>\n<\/thead>\n<tbody>\n<tr>\n<td><strong>Kimyasal Bile\u015fim<\/strong><\/td>\n<td>\u00a0 \u00a0 \u00a0 \u00a0 \u00a0 \u00a0 \u00a0 \u00a0 \u00a0 \u00a0 \u00a0 \u00a0 \u00a0 \u00a0 \u00a0 \u00a0 \u00a0 \u00a0 \u00a0 \u00a0 \u00a0 \u00a0 \u00a0 \u00a0 \u00a0 \u00a0 \u00a0 \u00a0 \u00a0 \u00a0 \u00a0 \u00a0 \u00a0 \u00a0 \u00a0 \u00a0 \u00a0Kesin bak\u0131r-\u00e7inko oranlar\u0131n\u0131 do\u011frulamak i\u00e7in spektral analiz.<\/td>\n<\/tr>\n<tr>\n<td><strong>Mekanik \u00d6zellikler<\/strong><\/td>\n<td>\u00a0 \u00a0 \u00a0 \u00a0 \u00a0 \u00a0 \u00a0 \u00a0 \u00a0 \u00a0 \u00a0 \u00a0 \u00a0 \u00a0 \u00a0 \u00a0 \u00a0 \u00a0 \u00a0 \u00a0 \u00a0 \u00a0 \u00a0 \u00a0 \u00a0 \u00a0 \u00a0 \u00a0 \u00a0 \u00a0 \u00a0 Sertlik ve \u00e7ekme testi ile temper (Tavlama ile Yay Sertli\u011fine) do\u011frulama.<\/td>\n<\/tr>\n<tr>\n<td><strong>K\u00fcresel Uyumluluk<\/strong><\/td>\n<td>\u00a0 \u00a0 \u00a0 \u00a0 \u00a0 \u00a0 \u00a0 \u00a0 \u00a0 \u00a0 \u00a0 \u00a0 \u00a0 \u00a0 \u00a0 \u00a0 \u00a0 \u00a0 \u00a0 \u00a0 \u00a0 \u00a0 \u00a0 \u00a0 \u00a0 \u00a0 \u00a0 \u00a0 \u00a0 \u00a0 \u00a0 \u00a0 \u00a0 \u00a0 \u00a0Tam uyumlu <strong>ROHS<\/strong>,\u00a0<strong>REACH<\/strong>, ve\u00a0<strong>ISO9001:2015<\/strong>.<\/td>\n<\/tr>\n<\/tbody>\n<\/table>\n<\/div>\n<h3>G\u00fcvenilir Envanter ve Lojistik<\/h3>\n<p>Kesinti maliyetli oldu\u011funu anl\u0131yoruz. Standart kalite \u00fcr\u00fcnlerin b\u00fcy\u00fck bir envanterini tutuyoruz, \u00f6rne\u011fin\u00a0<strong>C2600 Kartu\u015f pirin\u00e7<\/strong>\u00a0ve\u00a0<strong>C2680 Sar\u0131 pirin\u00e7<\/strong>\u00a0h\u0131zl\u0131 da\u011f\u0131t\u0131m\u0131 sa\u011flamak i\u00e7in. Lojistik ekibimiz, operasyonlar\u0131n\u0131z i\u00e7in istikrarl\u0131 bir tedarik zinciri s\u00fcrd\u00fcrerek\u00a0<strong>pirin\u00e7 bobin sto\u011fu<\/strong>\u00a0zaman\u0131nda ula\u015fmas\u0131n\u0131 sa\u011flar, verimli sevkiyat koordinasyonu yapar.<\/p>\n<h2>S\u0131k\u00e7a Sorulan Sorular (SSS)<\/h2>\n<h3>Pirinc ve Bronz aras\u0131ndaki fark nedir?<\/h3>\n<p>Her ikisi de bak\u0131r bazl\u0131 olmas\u0131na ra\u011fmen, temel fark ala\u015f\u0131mlar\u0131ndaki elementlerde yatar.\u00a0<strong>Pirin\u00e7 ala\u015f\u0131m\u0131 bak\u0131r i\u00e7erir<\/strong>\u00a0teknik olarak bir\u00a0<strong>bak\u0131r-\u00e7inko ala\u015f\u0131m\u0131<\/strong>, parlak alt\u0131n benzeri g\u00f6r\u00fcn\u00fcm\u00fc ve m\u00fckemmel \u015fekillendirilebilirli\u011fi ile bilinir. \u00d6te yandan, bronz esas olarak bak\u0131r ve kalayd\u0131r. Pirin\u00e7 genellikle d\u00fc\u015f\u00fck s\u00fcrt\u00fcnme ve akustik \u00f6zellikler gerektiren uygulamalara daha uygundur, bronz ise \u00fcst\u00fcn sertlik ve yorgunluk direnci sunar.<\/p>\n<h3>Vastmaterial \u00f6zel kesim hizmetleri sunuyor mu?<\/h3>\n<p>Evet, belirli \u00fcretim gereksinimlerini kar\u015f\u0131lamak i\u00e7in kapsaml\u0131 i\u015fleme imkanlar\u0131 sa\u011fl\u0131yoruz. Standart hammaddelerin tedarik edilmesinin \u00f6tesinde, \u015funlar\u0131 sunuyoruz\u00a0<a href=\"https:\/\/haoyumaterial.com\/tr\/services\/machining\/\">kesici i\u015fleme hizmetleri<\/a>\u00a0dahil olmak \u00fczere dilme, kesme ve\u00a0<strong>pirin\u00e7 metal imalat\u0131<\/strong>. Belirli geni\u015fliklere ihtiyac\u0131n\u0131z varsa\u00a0<strong>C2600 Kartu\u015f pirin\u00e7<\/strong>\u00a0\u00c7ubuk sto\u011fu i\u00e7in \u015ferit veya \u00f6zel uzunluklar, envanterimizi \u00fcretim hatlar\u0131n\u0131za uyacak \u015fekilde \u00f6zelle\u015ftiriyoruz.<\/p>\n<h3>\u00c7inko i\u00e7eri\u011fi pirin\u00e7 ala\u015f\u0131m\u0131n\u0131n renk ve dayan\u0131kl\u0131l\u0131\u011f\u0131n\u0131 nas\u0131l etkiler?<\/h3>\n<p>\u00c7inko i\u00e7eri\u011fi do\u011frudan hem mekanik \u00f6zellikleri hem de malzemenin esteti\u011fini etkiler.<\/p>\n<ul>\n<li><strong>Renk:<\/strong>\u00a0\u00c7inko i\u00e7eri\u011fi artt\u0131k\u00e7a, ala\u015f\u0131m k\u0131rm\u0131z\u0131ms\u0131 bir tonundan (d\u00fc\u015f\u00fck \u00e7inko) parlak sar\u0131ya kayar\u00a0<strong>C2680 Sar\u0131 pirin\u00e7<\/strong>.<\/li>\n<li><strong>Mukavemet:<\/strong>\u00a0Daha y\u00fcksek \u00e7inko seviyeleri genellikle \u00e7ekme dayan\u0131m\u0131 ve sertli\u011fi art\u0131r\u0131r. Ancak, bu \u015fekil de\u011fi\u015ftirme kabiliyetini azaltabilir. Bu fakt\u00f6rleri dengelemenize yard\u0131mc\u0131 oluyoruz, b\u00f6ylece malzeme \u00f6zel uygulaman\u0131z i\u00e7in do\u011fru \u015fekilde performans g\u00f6sterir.<\/li>\n<\/ul>","protected":false},"excerpt":{"rendered":"<p>High precision brass alloy copper sheets strips and rods in C2600 C2680 C3604 custom sizes RoHS compliant. The Versatility of [&hellip;]<\/p>\n","protected":false},"featured_media":1699,"comment_status":"open","ping_status":"closed","template":"","meta":{"site-sidebar-layout":"default","site-content-layout":"","ast-site-content-layout":"default","site-content-style":"default","site-sidebar-style":"default","ast-global-header-display":"","ast-banner-title-visibility":"","ast-main-header-display":"","ast-hfb-above-header-display":"","ast-hfb-below-header-display":"","ast-hfb-mobile-header-display":"","site-post-title":"","ast-breadcrumbs-content":"","ast-featured-img":"","footer-sml-layout":"","ast-disable-related-posts":"","theme-transparent-header-meta":"default","adv-header-id-meta":"","stick-header-meta":"","header-above-stick-meta":"","header-main-stick-meta":"","header-below-stick-meta":"","astra-migrate-meta-layouts":"set","ast-page-background-enabled":"default","ast-page-background-meta":{"desktop":{"background-color":"var(--ast-global-color-5)","background-image":"","background-repeat":"repeat","background-position":"center center","background-size":"auto","background-attachment":"scroll","background-type":"","background-media":"","overlay-type":"","overlay-color":"","overlay-opacity":"","overlay-gradient":""},"tablet":{"background-color":"","background-image":"","background-repeat":"repeat","background-position":"center center","background-size":"auto","background-attachment":"scroll","background-type":"","background-media":"","overlay-type":"","overlay-color":"","overlay-opacity":"","overlay-gradient":""},"mobile":{"background-color":"","background-image":"","background-repeat":"repeat","background-position":"center center","background-size":"auto","background-attachment":"scroll","background-type":"","background-media":"","overlay-type":"","overlay-color":"","overlay-opacity":"","overlay-gradient":""}},"ast-content-background-meta":{"desktop":{"background-color":"var(--ast-global-color-4)","background-image":"","background-repeat":"repeat","background-position":"center center","background-size":"auto","background-attachment":"scroll","background-type":"","background-media":"","overlay-type":"","overlay-color":"","overlay-opacity":"","overlay-gradient":""},"tablet":{"background-color":"var(--ast-global-color-4)","background-image":"","background-repeat":"repeat","background-position":"center center","background-size":"auto","background-attachment":"scroll","background-type":"","background-media":"","overlay-type":"","overlay-color":"","overlay-opacity":"","overlay-gradient":""},"mobile":{"background-color":"var(--ast-global-color-4)","background-image":"","background-repeat":"repeat","background-position":"center center","background-size":"auto","background-attachment":"scroll","background-type":"","background-media":"","overlay-type":"","overlay-color":"","overlay-opacity":"","overlay-gradient":""}}},"product_brand":[],"product_cat":[25,26,27],"product_tag":[593],"class_list":{"0":"post-1698","1":"product","2":"type-product","3":"status-publish","4":"has-post-thumbnail","6":"product_cat-copper-alloy","7":"product_cat-brass","8":"product_cat-bronze","9":"product_tag-brass-alloy-copper","10":"desktop-align-left","11":"tablet-align-left","12":"mobile-align-left","14":"first","15":"instock","16":"shipping-taxable","17":"product-type-simple"},"_links":{"self":[{"href":"https:\/\/haoyumaterial.com\/tr\/wp-json\/wp\/v2\/product\/1698","targetHints":{"allow":["GET"]}}],"collection":[{"href":"https:\/\/haoyumaterial.com\/tr\/wp-json\/wp\/v2\/product"}],"about":[{"href":"https:\/\/haoyumaterial.com\/tr\/wp-json\/wp\/v2\/types\/product"}],"replies":[{"embeddable":true,"href":"https:\/\/haoyumaterial.com\/tr\/wp-json\/wp\/v2\/comments?post=1698"}],"wp:featuredmedia":[{"embeddable":true,"href":"https:\/\/haoyumaterial.com\/tr\/wp-json\/wp\/v2\/media\/1699"}],"wp:attachment":[{"href":"https:\/\/haoyumaterial.com\/tr\/wp-json\/wp\/v2\/media?parent=1698"}],"wp:term":[{"taxonomy":"product_brand","embeddable":true,"href":"https:\/\/haoyumaterial.com\/tr\/wp-json\/wp\/v2\/product_brand?post=1698"},{"taxonomy":"product_cat","embeddable":true,"href":"https:\/\/haoyumaterial.com\/tr\/wp-json\/wp\/v2\/product_cat?post=1698"},{"taxonomy":"product_tag","embeddable":true,"href":"https:\/\/haoyumaterial.com\/tr\/wp-json\/wp\/v2\/product_tag?post=1698"}],"curies":[{"name":"wp","href":"https:\/\/api.w.org\/{rel}","templated":true}]}}