{"id":1715,"date":"2026-02-09T10:59:08","date_gmt":"2026-02-09T02:59:08","guid":{"rendered":"https:\/\/haoyumaterial.com\/?post_type=product&#038;p=1715"},"modified":"2026-02-09T10:59:09","modified_gmt":"2026-02-09T02:59:09","slug":"how-brass-is-made-high-precision-copper-zinc-alloys-by-vastmaterial","status":"publish","type":"product","link":"https:\/\/haoyumaterial.com\/tr\/product\/how-brass-is-made-high-precision-copper-zinc-alloys-by-vastmaterial\/","title":{"rendered":"Pirin\u00e7 Nas\u0131l Yap\u0131l\u0131r Y\u00fcksek Hassasiyetli Bak\u0131r \u00c7inko Ala\u015f\u0131mlar\u0131 Vastmaterial ile"},"content":{"rendered":"<p>Vastmaterial'da pirin\u00e7 nas\u0131l yap\u0131ld\u0131\u011f\u0131n\u0131 bak\u0131r \u00e7inko ala\u015f\u0131m\u0131 eritmeden so\u011fuk haddeleme ile s\u0131k\u0131 boyutsal toleransl\u0131 pirin\u00e7 \u015feridi \u00fcretimine kadar \u00f6\u011frenin.<\/p>\n<h2>Pirinci Nas\u0131l \u00dcretiyoruz: Vastmaterial Standard\u0131<\/h2>\n<p>Vastmaterial'da,\u00a0<strong>pirincin nas\u0131l yap\u0131ld\u0131\u011f\u0131<\/strong>\u00a0y\u00fcksek performansl\u0131 ala\u015f\u0131mlar\u0131n titiz k\u00fcresel standartlara uygun olmas\u0131n\u0131 sa\u011flamak i\u00e7in temel \u00f6nemdedir. \u00dcretim s\u00fcrecimiz geli\u015fmi\u015f metalurjiyi s\u0131k\u0131 kalite kontrol\u00fc ile b\u00fct\u00fcnle\u015ftirerek \u00fcst\u00fcn\u00a0<strong>Bak\u0131r-\u00c7inko Ala\u015f\u0131m\u0131<\/strong>\u00a0malzemeler \u00fcretir. Her a\u015famay\u0131 denetleriz, ilk ergitmeden son dilime kadar, m\u00fc\u015fterilerimizin hassas kimyasal bile\u015fimlere ve mekanik \u00f6zelliklere sahip malzeme almalar\u0131n\u0131 sa\u011flar\u0131z.<\/p>\n<h3>Hammadde Se\u00e7imi ve Eritme (Safl\u0131k Kontrol\u00fc)<\/h3>\n<p>Kalite, ham malzemelerle ba\u015flar. Y\u00fcksek kaliteli elektrolitik bak\u0131r ve \u00e7inko temin ediyoruz, safl\u0131\u011f\u0131 korumak i\u00e7in geri d\u00f6n\u00fc\u015f\u00fcm hurdas\u0131 ile ham madde oran\u0131n\u0131 s\u0131k\u0131 bir \u015fekilde kontrol ediyoruz. Kar\u0131\u015f\u0131m, 1.000\u00b0C'yi a\u015fan s\u0131cakl\u0131klarda elektrikli ind\u00fcksiyon f\u0131r\u0131nlar\u0131nda eritilir. Bu a\u015famada, metal d\u00f6k\u00fcm\u00fcnden \u00f6nce belirli kaliteye uygun olup olmad\u0131\u011f\u0131n\u0131 sa\u011flamak i\u00e7in ger\u00e7ek zamanl\u0131 kimyasal analizler yap\u0131yoruz, \u00f6rne\u011fin C2600 veya C2680 gibi.<\/p>\n<h3>S\u00fcrekli D\u00f6k\u00fcm (\u00c7ubuk Olu\u015fumu)<\/h3>\n<p>Ala\u015f\u0131m do\u011fru s\u0131cakl\u0131k ve bile\u015fime ula\u015ft\u0131\u011f\u0131nda, bir tutma f\u0131r\u0131n\u0131na aktar\u0131l\u0131r. Bu\u00a0<strong>Pirin\u00e7 \u00c7ubuk D\u00f6k\u00fcm<\/strong>, erimi\u015f metal, kek veya \u00e7ubuk haline kat\u0131la\u015ft\u0131r\u0131l\u0131r. Bu s\u00fcrekli d\u00f6k\u00fcm tekni\u011fi, i\u00e7 yap\u0131y\u0131 homojen tutar, g\u00f6zeneklili\u011fi ve ayr\u0131\u015fmay\u0131 en aza indirir, bu da nihai \u00fcr\u00fcn\u00fcn yap\u0131sal b\u00fct\u00fcnl\u00fc\u011f\u00fc i\u00e7in kritiktir.<\/p>\n<h3>S\u0131cak Haddeleme S\u00fcreci<\/h3>\n<p>Kat\u0131la\u015ft\u0131r\u0131lm\u0131\u015f \u00e7ubuklar \u00f6nceden \u0131s\u0131t\u0131l\u0131r ve bizim\u00a0<strong>S\u0131cak Haddeleme Tesisi<\/strong>. B\u00fcy\u00fck bask\u0131 alt\u0131nda, makaralar malzemenin kal\u0131nl\u0131\u011f\u0131n\u0131 \u00f6nemli \u00f6l\u00e7\u00fcde azalt\u0131r. Bu ad\u0131m, d\u00f6k\u00fcm tane yap\u0131s\u0131n\u0131 par\u00e7alayarak ala\u015f\u0131m\u0131n mekanik \u00f6zelliklerini iyile\u015ftirir ve a\u011f\u0131r bloklar\u0131 i\u015flenebilir, daha ince bobine d\u00f6n\u00fc\u015ft\u00fcr\u00fcr.<\/p>\n<h3>Y\u00fczey Frezeleme (Scalping)<\/h3>\n<p>S\u0131cak haddeleme ka\u00e7\u0131n\u0131lmaz olarak y\u00fczey oksidasyonu ve k\u00fc\u00e7\u00fck safs\u0131zl\u0131klar b\u0131rak\u0131r. Kusursuz bir y\u00fczey i\u00e7in, hassas freze makineleri kullanarak bobinin \u00fcst ve alt katmanlar\u0131n\u0131 \u201ckaz\u0131r\u0131z\u201d. Bu, y\u00fczey kusurlar\u0131n\u0131 giderir ve temel malzemenin temiz ve p\u00fcr\u00fczs\u00fcz olmas\u0131n\u0131 sa\u011flar, so\u011fuk i\u015fleme a\u015famas\u0131na girmeden \u00f6nce.<\/p>\n<h3>Hassas So\u011fuk Haddeleme<\/h3>\n<p>Hassas kal\u0131nl\u0131k toleranslar\u0131 elde etmek i\u00e7in\u2014genellikle 0.01mm\u2019ye kadar\u2014malzeme i\u015flenir.\u00a0<strong>Hassas So\u011fuk Haddeleme<\/strong>. Bu i\u015flem oda s\u0131cakl\u0131\u011f\u0131nda ger\u00e7ekle\u015ftirilir, bu da pirin\u00e7leri sertle\u015ftirir ve tane yap\u0131s\u0131n\u0131 iyile\u015ftirir. Bu ad\u0131m, y\u00fcksek kaliteli \u00fcretim i\u00e7in gereklidir.\u00a0<strong>So\u011fuk Haddelenmi\u015f Pirin\u00e7 \u015eeridi<\/strong>\u00a0karma\u015f\u0131k elektronik ba\u011flant\u0131 ve otomotiv par\u00e7alar\u0131 i\u00e7in gereken tam kal\u0131nl\u0131k tutarl\u0131l\u0131\u011f\u0131 ile.<\/p>\n<h3>Tavlama ve Asitleme \u0130\u015flemi<\/h3>\n<p>So\u011fuk haddeleme i\u00e7 gerilim olu\u015fturur ve sertli\u011fi art\u0131r\u0131r. Malzemenin tav\u0131n\u0131 \u00f6zelle\u015ftirmek i\u00e7in kontroll\u00fc\u00a0<strong>Tavlama S\u00fcreci<\/strong>. Pirin\u00e7leri \u0131s\u0131tarak ve so\u011futarak, \u015fekillendirilebilirli\u011fi geri kazan\u0131r ve sertli\u011fi belirli durumlara ayarlar\u0131z (yumu\u015fak \u2018O\u2019dan s\u00fcper sert \u2019SH\u2019ye\u2018). Is\u0131l i\u015flem sonras\u0131 pirin\u00e7,\u00a0<strong>Asitleme ve Y\u00fczey \u0130\u015flemi<\/strong>\u00a0asit banyolar\u0131nda oksidasyonu gidermek i\u00e7in i\u015flenir, bu da temiz, parlak ve kimyasal olarak stabil bir y\u00fczey sa\u011flar.<\/p>\n<h3>Kesme ve Son \u0130\u015flem<\/h3>\n<p>Son a\u015fama, \u00fcr\u00fcn\u00fcn m\u00fc\u015fteri \u00f6l\u00e7\u00fclerine g\u00f6re uyarlanmas\u0131n\u0131 i\u00e7erir. Biz\u00a0<strong>Kesim Hatt\u0131<\/strong>\u00a0hatlar, geni\u015f bobinleri tam geni\u015flik spesifikasyonlar\u0131na g\u00f6re dar \u015feritlere keser. Paketlenmeden \u00f6nce p\u00fcr\u00fczs\u00fcz kenarlar ve s\u0131k boyutsal do\u011fruluk sa\u011flar\u0131z, b\u00f6ylece nakliye s\u0131ras\u0131nda korozyonu \u00f6nleriz.<\/p>\n<h2>Malzeme \u00d6zellikleri ve S\u0131n\u0131flar\u0131<\/h2>\n<p><img decoding=\"async\" src=\"https:\/\/haoyumaterial.com\/wp-content\/uploads\/2026\/02\/brass_alloy_grades_and_manufacturing_process_GvBY6.webp\" alt=\"pirin\u00e7 ala\u015f\u0131m dereceleri ve \u00fcretim s\u00fcreci\" \/><\/p>\n<p>Anlamak\u00a0<strong>pirincin nas\u0131l yap\u0131ld\u0131\u011f\u0131<\/strong>\u00a0end\u00fcstriyel standartlara uygun olmak derinlemesine metal\u00fcrjik bile\u015fime ihtiya\u00e7 duyar. Vastmaterial'da, bak\u0131r-\u00e7inko oran\u0131n\u0131 s\u0131k\u0131 bir \u015fekilde kontrol ediyoruz, b\u00f6ylece belirli mekanik gereksinimleri kar\u015f\u0131layan ala\u015f\u0131mlar \u00fcretiyoruz; ister derin \u00e7ekme i\u00e7in y\u00fcksek \u015fekillendirilebilirlik, ister yap\u0131sal bile\u015fenler i\u00e7in sertlik olsun.<\/p>\n<h3>Ala\u015f\u0131m S\u0131n\u0131f\u0131 Bile\u015fimi (H62, H65, C2600)<\/h3>\n<p>bir bak\u0131r-\u00e7inko ala\u015f\u0131m\u0131n\u0131n performans\u0131\u00a0<strong>bak\u0131r-\u00e7inko ala\u015f\u0131m\u0131<\/strong>\u00a0elemelerin \u00f6zelle\u015ftirilmi\u015f kar\u0131\u015f\u0131m\u0131na tamamen ba\u011fl\u0131d\u0131r. JIS, ASTM ve GB standartlar\u0131na uygun geni\u015f bir kalite yelpazesi tedarik ediyoruz.<\/p>\n<div class=\"table-responsive\">\n<table class=\"table\">\n<thead>\n<tr>\n<th>S\u0131n\u0131f (JIS\/ASTM)<\/th>\n<th>Ortak Ad<\/th>\n<th>Kompozisyon<\/th>\n<th>Anahtar \u00d6zellikler<\/th>\n<\/tr>\n<\/thead>\n<tbody>\n<tr>\n<td><strong>C2600<\/strong><\/td>\n<td>Kaps\u00fcl Pirinci<\/td>\n<td>~70% Cu, 30% Zn<\/td>\n<td>M\u00fckemmel \u015fekillendirilebilirlik, derin \u00e7ekme ve \u015fekillendirme i\u00e7in idealdir.<\/td>\n<\/tr>\n<tr>\n<td><strong>H65 (C2680)<\/strong><\/td>\n<td>Sar\u0131 Pirin\u00e7<\/td>\n<td>~65% Cu, 35% Zn<\/td>\n<td>Dengeli mukavemet ve \u015fekillendirilebilirlik; ba\u011flant\u0131 elemanlar\u0131nda yayg\u0131n olarak kullan\u0131l\u0131r.<\/td>\n<\/tr>\n<tr>\n<td><strong>H62 (C2800)<\/strong><\/td>\n<td>Muntz Metal<\/td>\n<td>~62% Cu, 38% Zn<\/td>\n<td>Y\u00fcksek mukavemetli, C2600'den daha sert, s\u0131cak i\u015fleme uygun.<\/td>\n<\/tr>\n<tr>\n<td><strong>C3604<\/strong><\/td>\n<td>Serbest Kesim Pirin\u00e7<\/td>\n<td>Pb eklendi<\/td>\n<td>Hassas par\u00e7alar i\u00e7in \u00fcst\u00fcn i\u015flenebilirlik.<\/td>\n<\/tr>\n<\/tbody>\n<\/table>\n<\/div>\n<h3>Mevcut Formlar ve Boyutlar<\/h3>\n<p>\u00dcretim kabiliyetlerimiz, pirin\u00e7leri \u00fcretim hatt\u0131n\u0131za uygun \u00e7e\u015fitli formlara i\u015fleyebilmemizi sa\u011flar. A\u011f\u0131r hizmet plakalar\u0131ndan ultra ince folyolara kadar, s\u0131k\u0131\u00a0<strong>boyutsal tolerans<\/strong>\u00a0t\u00fcm \u00fcr\u00fcnlerde.<\/p>\n<ul>\n<li><strong>Formlar:<\/strong>\u00a0Rulo, \u015eerit, Levha, Folyo, \u00c7ubuk ve T\u00fcp.<\/li>\n<li><strong>Kal\u0131nl\u0131k Aral\u0131\u011f\u0131:<\/strong>\u00a0\u0130ndirmeye uygun\u00a0<strong>0,01 mm<\/strong>\u00a0hassas elektronikler i\u00e7in.<\/li>\n<li><strong>Geni\u015flik:<\/strong>\u00a0M\u00fc\u015fteri spesifikasyonlar\u0131na g\u00f6re \u00f6zel dilme imkan\u0131.<\/li>\n<\/ul>\n<h3>Temper ve Sertlik Dereceleri<\/h3>\n<p>\u015eu\u00a0<strong>tavlama i\u015flemi<\/strong>\u00a0ve so\u011fuk haddeleme ge\u00e7i\u015fleri malzemenin nihai temperini belirler. Malzemenin \u00fcretim s\u00fcreciniz s\u0131ras\u0131nda tam olarak istedi\u011finiz gibi davranmas\u0131n\u0131 sa\u011flamak i\u00e7in geni\u015f bir sertlik seviyeleri yelpazesi sunuyoruz. Mekanik \u00f6zellikler belirlendikten sonra, ayr\u0131ca uygulayabiliriz\u00a0<a href=\"https:\/\/haoyumaterial.com\/tr\/services\/surface-treatment\/\">\u00f6zelle\u015fmi\u015f y\u00fczey i\u015flemleri<\/a>\u00a0korozyon direncini veya iletkenli\u011fi art\u0131rmak i\u00e7in.<\/p>\n<ul>\n<li><strong>O (Tavlanm\u0131\u015f):<\/strong>\u00a0Yumu\u015fak, tamamen yeniden kristalle\u015fmi\u015f yap\u0131, maksimum \u015fekillendirilebilirlik i\u00e7in.<\/li>\n<li><strong>1\/4H ile 1\/2H:<\/strong>\u00a0\u00c7atlamadan b\u00fckme i\u00e7in orta sertlik.<\/li>\n<li><strong>H ( Sert):<\/strong>\u00a0D\u00fcz par\u00e7alar i\u00e7in y\u00fcksek mukavemet.<\/li>\n<li><strong>EH \/ SH (Ekstra \/ Yay Sertli\u011fi):<\/strong>\u00a0Yaylar ve temaslar i\u00e7in maksimum elastikiyet.<\/li>\n<\/ul>\n<h2>Metalurjik B\u00fct\u00fcnl\u00fc\u011f\u00fc Sa\u011flama<\/h2>\n<p><img loading=\"lazy\" decoding=\"async\" class=\"alignnone  wp-image-1717\" src=\"https:\/\/haoyumaterial.com\/wp-content\/uploads\/2026\/02\/how-brass-is-made-300x300.jpg\" alt=\"\" width=\"437\" height=\"437\" srcset=\"https:\/\/haoyumaterial.com\/wp-content\/uploads\/2026\/02\/how-brass-is-made-300x300.jpg 300w, https:\/\/haoyumaterial.com\/wp-content\/uploads\/2026\/02\/how-brass-is-made-1024x1024.jpg 1024w, https:\/\/haoyumaterial.com\/wp-content\/uploads\/2026\/02\/how-brass-is-made-150x150.jpg 150w, https:\/\/haoyumaterial.com\/wp-content\/uploads\/2026\/02\/how-brass-is-made-768x768.jpg 768w, https:\/\/haoyumaterial.com\/wp-content\/uploads\/2026\/02\/how-brass-is-made-1536x1536.jpg 1536w, https:\/\/haoyumaterial.com\/wp-content\/uploads\/2026\/02\/how-brass-is-made-12x12.jpg 12w, https:\/\/haoyumaterial.com\/wp-content\/uploads\/2026\/02\/how-brass-is-made-600x600.jpg 600w, https:\/\/haoyumaterial.com\/wp-content\/uploads\/2026\/02\/how-brass-is-made-100x100.jpg 100w, https:\/\/haoyumaterial.com\/wp-content\/uploads\/2026\/02\/how-brass-is-made.jpg 1564w\" sizes=\"auto, (max-width: 437px) 100vw, 437px\" \/><\/p>\n<p>Anlamak\u00a0<strong>pirincin nas\u0131l yap\u0131ld\u0131\u011f\u0131<\/strong>\u00a0bak\u0131r ve \u00e7inko kar\u0131\u015ft\u0131rmaktan \u00e7ok daha fazlas\u0131n\u0131 i\u00e7erir; malzemenin tam olarak beklendi\u011fi gibi performans g\u00f6sterdi\u011finden emin olmak i\u00e7in titiz do\u011frulama gerektirir. Her bobin ve levhan\u0131n hassas end\u00fcstri standartlar\u0131na uygun oldu\u011funu garanti alt\u0131na almak i\u00e7in kat\u0131 bir kalite kontrol rejimi uygular\u0131z.<\/p>\n<h3>Spektrometre Testi<\/h3>\n<p>Biz b\u0131rakm\u0131yoruz\u00a0<strong>metal\u00fcrjik bile\u015fimi<\/strong>\u00a0\u015fansa. Geli\u015fmi\u015f optik emisyon spektrometreleri kullanarak, her parti kimyasal yap\u0131s\u0131n\u0131 analiz ederiz. Bu,\u00a0<strong>bak\u0131r-\u00e7inko ala\u015f\u0131m\u0131<\/strong>\u00a0oran\u0131n belirli dereceler, \u00f6rne\u011fin C2600 veya C2680 i\u00e7in m\u00fckemmel dengede olmas\u0131n\u0131 sa\u011flar. Bu ad\u0131m, safs\u0131zl\u0131klar\u0131n en aza indirilmesini ve malzemenin kimyasal olarak saf olmas\u0131n\u0131 sa\u011flar, \u00fcretim hatt\u0131m\u0131zdan \u00e7\u0131kmadan \u00f6nce\u00a0<a href=\"https:\/\/haoyumaterial.com\/tr\/factory\/\">fabrika zeminimiz<\/a>.<\/p>\n<h3>\u00c7ekme Dayan\u0131m\u0131 Testi<\/h3>\n<p>Mekanik performans, \u00fcretim m\u00fc\u015fterileri i\u00e7in kritiktir. Kapsaml\u0131 mekanik testler yaparak do\u011frular\u0131z\u00a0<strong>\u00e7ekme dayan\u0131m\u0131<\/strong>, uzama ve sertlik.<\/p>\n<ul>\n<li><strong>Tane Yap\u0131s\u0131 Kontrol\u00fc:<\/strong>\u00a0Tavlama i\u015fleminin optimum \u015fekillendirilebilirlik i\u00e7in do\u011fru tane boyutuna ula\u015ft\u0131\u011f\u0131n\u0131 kontrol ediyoruz.<\/li>\n<li><strong>Performans Do\u011frulamas\u0131:<\/strong>\u00a0Pirin\u00e7 \u015feridin damgalama, b\u00fckme veya derin \u00e7ekme i\u015flemlerinin fiziksel gerilimlerine \u00e7atlamadan dayanabilmesini sa\u011fl\u0131yoruz.<\/li>\n<\/ul>\n<h3>ISO &amp; RoHS Sertifikalar\u0131<\/h3>\n<p>Kaliteye olan ba\u011fl\u0131l\u0131\u011f\u0131m\u0131z k\u00fcresel standartlarla desteklenmektedir. Y\u00f6netim sistemlerimiz\u00a0<strong>ISO 9001:2015 sertifikal\u0131<\/strong>, t\u00fcm \u00fcretim hatlar\u0131nda tutarl\u0131l\u0131\u011f\u0131 sa\u011flar. Ayr\u0131ca, malzemelerimiz\u00a0<strong>SGS\/RoHS uyumludur<\/strong>, onlar\u0131 g\u00fcvenli ve elektronik ve otomotiv sekt\u00f6rleri gibi kat\u0131 \u00e7evresel uyum gerektiren pazarlara ihracata uygun hale getirir.<\/p>\n<h2>Vastmaterial Pirin\u00e7 ile G\u00fc\u00e7lendirilmi\u015f End\u00fcstriler<\/h2>\n<p><img loading=\"lazy\" decoding=\"async\" class=\"wp-image-1718\" src=\"https:\/\/haoyumaterial.com\/wp-content\/uploads\/2026\/02\/dark-copper-300x225.jpg\" alt=\"\" width=\"631\" height=\"473\" srcset=\"https:\/\/haoyumaterial.com\/wp-content\/uploads\/2026\/02\/dark-copper-300x225.jpg 300w, https:\/\/haoyumaterial.com\/wp-content\/uploads\/2026\/02\/dark-copper-1024x768.jpg 1024w, https:\/\/haoyumaterial.com\/wp-content\/uploads\/2026\/02\/dark-copper-768x576.jpg 768w, https:\/\/haoyumaterial.com\/wp-content\/uploads\/2026\/02\/dark-copper-1536x1152.jpg 1536w, https:\/\/haoyumaterial.com\/wp-content\/uploads\/2026\/02\/dark-copper-2048x1536.jpg 2048w, https:\/\/haoyumaterial.com\/wp-content\/uploads\/2026\/02\/dark-copper-16x12.jpg 16w, https:\/\/haoyumaterial.com\/wp-content\/uploads\/2026\/02\/dark-copper-600x450.jpg 600w\" sizes=\"auto, (max-width: 631px) 100vw, 631px\" \/><\/p>\n<p>Anlamak\u00a0<strong>pirincin nas\u0131l yap\u0131ld\u0131\u011f\u0131<\/strong>\u00a0m\u00fc\u015fterilerimize malzemelerimizin belirli sekt\u00f6rlerinin zorlu taleplerine dayanabilece\u011fi konusunda g\u00fcven verir. \u00c7\u00fcnk\u00fc her ad\u0131m\u0131 kontrol ediyoruz\u2014ba\u015flang\u0131\u00e7 kar\u0131\u015f\u0131m\u0131ndan\u00a0<strong>bak\u0131r-\u00e7inko ala\u015f\u0131m\u0131<\/strong>\u00a0son kesime kadar\u2014y\u00fcksek performansl\u0131 uygulamalara uygun malzemeler sunuyoruz.<\/p>\n<h3>Elektrik Bile\u015fenleri<\/h3>\n<p>Elektroniklerde hassasiyet vazge\u00e7ilmezdir. Bizim\u00a0<strong>boyutsal tolerans<\/strong>\u00a0kontrol\u00fcm\u00fcz, ba\u011flant\u0131 elemanlar\u0131, terminaller ve r\u00f6le yaylar\u0131 i\u00e7in kullan\u0131lan pirin\u00e7 \u015feritlerin otomatik montaj hatlar\u0131na m\u00fckemmel uydu\u011fundan emin olur.<\/p>\n<ul>\n<li><strong>Y\u00fcksek \u0130letkenlik:<\/strong>\u00a0Elektrik ak\u0131\u015f\u0131n\u0131 en \u00fcst d\u00fczeye \u00e7\u0131karmak i\u00e7in tane yap\u0131s\u0131n\u0131 optimize ediyoruz.<\/li>\n<li><strong>Korozyon Direnci:<\/strong>\u00a0De\u011fi\u015fen ortamlara maruz kalan anahtarlar ve prizler i\u00e7in vazge\u00e7ilmezdir.<\/li>\n<\/ul>\n<h3>Otomotiv Par\u00e7alar\u0131<\/h3>\n<p>Otomotiv end\u00fcstrisi, dayan\u0131kl\u0131l\u0131k ile \u015fekillendirilebilirlik aras\u0131nda denge kuran malzemelere dayan\u0131r. Pirincimiz, radyat\u00f6r \u00e7ekirdekleri, sens\u00f6rler ve s\u0131v\u0131 ta\u015f\u0131ma sistemleri gibi bile\u015fenler i\u00e7in tasarlanm\u0131\u015ft\u0131r. \u00d6zel ara\u00e7 g\u00fcvenlik sistemleri i\u00e7in, y\u00fcksek hassasiyetli imalatla uyumlu malzemeler sunuyoruz, t\u0131pk\u0131\u00a0<a href=\"https:\/\/haoyumaterial.com\/tr\/product\/copper-nickel-alloy-brake-line-machining-service\/\">bak\u0131r-nikel ala\u015f\u0131ml\u0131 fren hatt\u0131 i\u015fleme hizmetlerimiz gibi<\/a>, Bas\u0131n\u00e7 alt\u0131nda g\u00fcvenilirli\u011fi sa\u011flamak,.<\/p>\n<h3>Mimari Dekorasyon<\/h3>\n<p>Estetik bu sekt\u00f6r\u00fc y\u00f6nlendiriyor. Tedarik ediyoruz\u00a0<strong>pirin\u00e7 sac metal<\/strong>\u00a0i\u00e7 tasar\u0131m, asans\u00f6r panelleri ve dekoratif s\u00fcslemeler i\u00e7in kusursuz y\u00fczey kaplamalar\u0131yla.<\/p>\n<ul>\n<li><strong>Renk Tutarl\u0131l\u0131\u011f\u0131:<\/strong>\u00a0S\u0131k\u0131 ala\u015f\u0131m kontrol\u00fc, parti aras\u0131nda renk farkl\u0131l\u0131\u011f\u0131n\u0131 \u00f6nler.<\/li>\n<li><strong>\u015eekillendirilebilirlik:<\/strong>\u00a0Karma\u015f\u0131k damgalama ve oyma i\u015flemleri i\u00e7in idealdir.<\/li>\n<\/ul>\n<h3>Savunma ve Cephane<\/h3>\n<p>Bu sekt\u00f6r en y\u00fcksek\u00a0<strong>\u00e7ekme dayan\u0131m\u0131<\/strong>\u00a0ve \u015fekillendirilebilirlik gerektirir. Belirli dereceleri \u00fcretiriz, \u00f6rne\u011fin\u00a0<strong>C2600<\/strong>\u00a0ve\u00a0<strong>C2800 Pirin\u00e7<\/strong>, bu, kartu\u015f k\u0131l\u0131f\u0131 gibi derin \u00e7ekme uygulamalar\u0131 i\u00e7in kritiktir. Tavlama s\u00fcrecimiz, malzemenin \u00e7atlamadan h\u0131zla geni\u015flemesini sa\u011flamak i\u00e7in ayarlanm\u0131\u015ft\u0131r ve kat\u0131 askeri spesifikasyonlara uygundur.<\/p>\n<h2>Pirinc \u00dcretimi Hakk\u0131nda S\u0131k\u00e7a Sorulan Sorular<\/h2>\n<h3>Pirinc ve bronz aras\u0131ndaki fark nedir?<\/h3>\n<p>Her ikisi de bak\u0131r bazl\u0131 ala\u015f\u0131mlar olmas\u0131na ra\u011fmen, temel fark ala\u015f\u0131m elementlerinde yatmaktad\u0131r.\u00a0<strong>Pirin\u00e7, bir bak\u0131r-\u00e7inko ala\u015f\u0131m\u0131d\u0131r<\/strong>, parlak alt\u0131n benzeri g\u00f6r\u00fcn\u00fcm\u00fc, y\u00fcksek d\u00f6v\u00fclebilirli\u011fi ve m\u00fckemmel akustik \u00f6zellikleriyle bilinir. M\u00fczik aletlerinde, kartu\u015f kovanlar\u0131nda ve dekoratif s\u00fcslemelerde yayg\u0131n olarak kullan\u0131l\u0131r. Bronz ise \u00f6ncelikle bak\u0131r ve kalaydan olu\u015fur. Daha sert olma e\u011filimindedir, k\u0131rm\u0131z\u0131ms\u0131-kahverengi bir tonu vard\u0131r ve \u00fcst\u00fcn korozyon direnci sunar, bu da onu denizcilik uygulamalar\u0131 ve yataklar i\u00e7in ideal k\u0131lar. Vastmaterial olarak, belirli end\u00fcstriyel ihtiya\u00e7lar\u0131 kar\u015f\u0131lamak i\u00e7in C2600 ve C2680 gibi y\u00fcksek hassasiyetli pirin\u00e7 form\u00fclasyonlar\u0131nda uzman\u0131z.<\/p>\n<h3>Vastmaterial pirincin sertli\u011fini \u00f6zelle\u015ftirebilir mi?<\/h3>\n<p>Evet, temperi kontrol etmek kritik bir par\u00e7as\u0131d\u0131r\u00a0<strong>pirincin nas\u0131l yap\u0131ld\u0131\u011f\u0131<\/strong>\u00a0tesisimizde. Hassas\u00a0<strong>tavlama i\u015flemi<\/strong>\u00a0ve so\u011fuk haddeleme tekniklerimiz sayesinde, malzemenin mekanik \u00f6zelliklerini uygulaman\u0131za uyacak \u015fekilde ayarlayabiliriz. Sadece standart stok satm\u0131yoruz; pirinci, a\u015fa\u011f\u0131dakiler dahil olmak \u00fczere belirli sertlik derecelerine g\u00f6re tasarl\u0131yoruz:<\/p>\n<ul>\n<li><strong>O (Yumu\u015fak):<\/strong>\u00a0Maksimum \u015fekillendirilebilirlik i\u00e7in tamamen tavlanm\u0131\u015f.<\/li>\n<li><strong>1\/4H ile 1\/2H:<\/strong>\u00a0\u015eekillendirme i\u015flemleri i\u00e7in orta sertlik.<\/li>\n<li><strong>H ( Sert) ile EH (Ekstra Sert):<\/strong>\u00a0Y\u00fcksek rijiklik ve yay \u00f6zellikleri gerektiren uygulamalar i\u00e7in.<\/li>\n<li><strong>SH (S\u00fcper Sert):<\/strong>\u00a0A\u015f\u0131r\u0131 dayan\u0131kl\u0131l\u0131k gerektiren bile\u015fenler i\u00e7in \u00f6zel olarak tasarlanm\u0131\u015f.<\/li>\n<\/ul>\n<h3>Pirinciniz \u00e7evre dostu mu \u00fcretiliyor?<\/h3>\n<p>S\u00fcrd\u00fcr\u00fclebilirlik operasyonlar\u0131m\u0131z\u0131n merkezinde yer al\u0131yor. Pirin\u00e7, d\u00fcnyadaki en geri d\u00f6n\u00fc\u015ft\u00fcr\u00fclebilir metallardan biridir ve s\u00fcrecimiz yo\u011fun \u015fekilde kullan\u0131l\u0131r\u00a0<strong>hurda geri d\u00f6n\u00fc\u015f\u00fcm\u00fc<\/strong>\u00a0Safl\u0131\u011f\u0131 tehlikeye atmadan at\u0131klar\u0131 en aza indirmek. T\u00fcm \u00fcr\u00fcnlerimizin\u00a0<strong>RoHS uyumlu oldu\u011funu sa\u011flamak i\u00e7in kat\u0131 \u00e7evresel y\u00f6netim sistemleri alt\u0131nda \u00e7al\u0131\u015f\u0131yoruz.<\/strong>. Temiz hurda rafine ederek ve ergitme s\u00fcrecini s\u0131k\u0131 kontrol ederek, yeni cevher madencili\u011fiyle ili\u015fkili karbon ayak izini azalt\u0131yoruz ve ABD m\u00fc\u015fterilerimizin bekledi\u011fi y\u00fcksek metallurjik b\u00fct\u00fcnl\u00fc\u011f\u00fc koruyoruz.<\/p>\n<p>&nbsp;<\/p>","protected":false},"excerpt":{"rendered":"<p>Learn how brass is made at Vastmaterial from copper zinc alloy melting to cold rolled brass strip with tight dimensional [&hellip;]<\/p>\n","protected":false},"featured_media":1716,"comment_status":"open","ping_status":"closed","template":"","meta":{"site-sidebar-layout":"default","site-content-layout":"","ast-site-content-layout":"default","site-content-style":"default","site-sidebar-style":"default","ast-global-header-display":"","ast-banner-title-visibility":"","ast-main-header-display":"","ast-hfb-above-header-display":"","ast-hfb-below-header-display":"","ast-hfb-mobile-header-display":"","site-post-title":"","ast-breadcrumbs-content":"","ast-featured-img":"","footer-sml-layout":"","ast-disable-related-posts":"","theme-transparent-header-meta":"default","adv-header-id-meta":"","stick-header-meta":"","header-above-stick-meta":"","header-main-stick-meta":"","header-below-stick-meta":"","astra-migrate-meta-layouts":"set","ast-page-background-enabled":"default","ast-page-background-meta":{"desktop":{"background-color":"var(--ast-global-color-5)","background-image":"","background-repeat":"repeat","background-position":"center center","background-size":"auto","background-attachment":"scroll","background-type":"","background-media":"","overlay-type":"","overlay-color":"","overlay-opacity":"","overlay-gradient":""},"tablet":{"background-color":"","background-image":"","background-repeat":"repeat","background-position":"center center","background-size":"auto","background-attachment":"scroll","background-type":"","background-media":"","overlay-type":"","overlay-color":"","overlay-opacity":"","overlay-gradient":""},"mobile":{"background-color":"","background-image":"","background-repeat":"repeat","background-position":"center center","background-size":"auto","background-attachment":"scroll","background-type":"","background-media":"","overlay-type":"","overlay-color":"","overlay-opacity":"","overlay-gradient":""}},"ast-content-background-meta":{"desktop":{"background-color":"var(--ast-global-color-4)","background-image":"","background-repeat":"repeat","background-position":"center center","background-size":"auto","background-attachment":"scroll","background-type":"","background-media":"","overlay-type":"","overlay-color":"","overlay-opacity":"","overlay-gradient":""},"tablet":{"background-color":"var(--ast-global-color-4)","background-image":"","background-repeat":"repeat","background-position":"center center","background-size":"auto","background-attachment":"scroll","background-type":"","background-media":"","overlay-type":"","overlay-color":"","overlay-opacity":"","overlay-gradient":""},"mobile":{"background-color":"var(--ast-global-color-4)","background-image":"","background-repeat":"repeat","background-position":"center center","background-size":"auto","background-attachment":"scroll","background-type":"","background-media":"","overlay-type":"","overlay-color":"","overlay-opacity":"","overlay-gradient":""}}},"product_brand":[],"product_cat":[25,26,27],"product_tag":[],"class_list":{"0":"post-1715","1":"product","2":"type-product","3":"status-publish","4":"has-post-thumbnail","6":"product_cat-copper-alloy","7":"product_cat-brass","8":"product_cat-bronze","9":"desktop-align-left","10":"tablet-align-left","11":"mobile-align-left","13":"first","14":"instock","15":"shipping-taxable","16":"product-type-simple"},"_links":{"self":[{"href":"https:\/\/haoyumaterial.com\/tr\/wp-json\/wp\/v2\/product\/1715","targetHints":{"allow":["GET"]}}],"collection":[{"href":"https:\/\/haoyumaterial.com\/tr\/wp-json\/wp\/v2\/product"}],"about":[{"href":"https:\/\/haoyumaterial.com\/tr\/wp-json\/wp\/v2\/types\/product"}],"replies":[{"embeddable":true,"href":"https:\/\/haoyumaterial.com\/tr\/wp-json\/wp\/v2\/comments?post=1715"}],"wp:featuredmedia":[{"embeddable":true,"href":"https:\/\/haoyumaterial.com\/tr\/wp-json\/wp\/v2\/media\/1716"}],"wp:attachment":[{"href":"https:\/\/haoyumaterial.com\/tr\/wp-json\/wp\/v2\/media?parent=1715"}],"wp:term":[{"taxonomy":"product_brand","embeddable":true,"href":"https:\/\/haoyumaterial.com\/tr\/wp-json\/wp\/v2\/product_brand?post=1715"},{"taxonomy":"product_cat","embeddable":true,"href":"https:\/\/haoyumaterial.com\/tr\/wp-json\/wp\/v2\/product_cat?post=1715"},{"taxonomy":"product_tag","embeddable":true,"href":"https:\/\/haoyumaterial.com\/tr\/wp-json\/wp\/v2\/product_tag?post=1715"}],"curies":[{"name":"wp","href":"https:\/\/api.w.org\/{rel}","templated":true}]}}