{"id":1839,"date":"2026-02-21T08:09:40","date_gmt":"2026-02-21T00:09:40","guid":{"rendered":"https:\/\/haoyumaterial.com\/"},"modified":"2026-02-21T08:09:42","modified_gmt":"2026-02-21T00:09:42","slug":"common-uses-of-titanium-sheets-and-plates-for-industry","status":"publish","type":"product","link":"https:\/\/haoyumaterial.com\/tr\/product\/common-uses-of-titanium-sheets-and-plates-for-industry\/","title":{"rendered":"Sanayi i\u00e7in Titanyum Levhalar\u0131n ve Plakalar\u0131n Yayg\u0131n Kullan\u0131mlar\u0131"},"content":{"rendered":"<p>Havac\u0131l\u0131k, t\u0131p, denizcilik ve end\u00fcstriyel uygulamalarda yayg\u0131n kullan\u0131m i\u00e7in premium titanyum ala\u015f\u0131ml\u0131 levhalar ve plakalar.<\/p>\n<div class=\"post-single\">\n<div class=\"post-content\">\n<div class=\"woocommerce\">\n<div class=\"single-product\" data-product-page-preselected-id=\"0\">\n<div id=\"product-28530\" class=\"product type-product post-28530 status-draft first instock product_cat-uncategorized has-post-thumbnail shipping-taxable product-type-simple\">\n<div class=\"woocommerce-tabs wc-tabs-wrapper\">\n<div id=\"tab-description\" class=\"woocommerce-Tabs-panel woocommerce-Tabs-panel--description panel entry-content wc-tab\" role=\"tabpanel\" aria-labelledby=\"tab-title-description\">\n<p>A\u011f\u0131r stres alt\u0131nda e\u011filmeyecek bir sanayi malzemesi bulmakta zorlan\u0131yor musunuz? A\u011f\u0131r, dayan\u0131kl\u0131 metallarla hafif, k\u0131r\u0131lgan alternatifler aras\u0131nda uzla\u015fmaktan b\u0131kt\u0131n\u0131z m\u0131? Y\u00fcksek riskli \u00fcretimde, malzeme ar\u0131zas\u0131 kesinlikle se\u00e7enek de\u011fildir.<\/p>\n<h2>D\u00fcnyan\u0131n En Zorlu Ortamlar\u0131 \u0130\u00e7in Tasarland\u0131<\/h2>\n<p>M\u00fc\u015fterilerimizin benzersiz dayan\u0131kl\u0131l\u0131\u011fa ihtiya\u00e7 duydu\u011funda, her zaman titanyumun vazge\u00e7ilmez k\u0131lan fiziksel \u00f6zelliklerine i\u015faret ederiz. Titanyumun farkl\u0131 sekt\u00f6rlerdeki yayg\u0131n kullan\u0131mlar\u0131na bakmadan \u00f6nce, bunun neden bu kadar \u00fcst\u00fcn oldu\u011funu anlamak \u00e7ok \u00f6nemlidir.\u00a0<strong>korozyona dayan\u0131kl\u0131 metal<\/strong>\u00a0rekabeti geride b\u0131rak\u0131r. Karma\u015f\u0131k m\u00fchendislik sorunlar\u0131n\u0131 \u00e7\u00f6zen malzemeler sa\u011fl\u0131yoruz ve titanyumun temel \u00f6zellikleri, onu a\u015f\u0131r\u0131 ortamlar i\u00e7in en iyi temel metal yapar.<\/p>\n<h3>Y\u00fcksek G\u00fc\u00e7-A\u011f\u0131rl\u0131k Oran\u0131 Ala\u015f\u0131m\u0131<\/h3>\n<p>End\u00fcstriyel titanyum \u00fcr\u00fcnleriyle \u00e7al\u0131\u015fman\u0131n en b\u00fcy\u00fck avantaj\u0131, k\u00fctle olmadan elde edilen saf g\u00fc\u00e7t\u00fcr.<\/p>\n<ul>\n<li><strong>\u00c7elikten daha hafif:<\/strong>\u00a0Titanyum, \u00e7elikten yakla\u015f\u0131k 45% daha hafiftir, ancak ayn\u0131 seviyede g\u00fc\u00e7 sa\u011flar.<\/li>\n<li><strong>Al\u00fcminyumdan daha g\u00fc\u00e7l\u00fc:<\/strong>\u00a0Al\u00fcminyumdan 60% daha a\u011f\u0131rd\u0131r, ancak iki kat\u0131ndan fazla yap\u0131sal g\u00fc\u00e7 sa\u011flar.<\/li>\n<li><strong>Maksimum verimlilik:<\/strong>\u00a0Bir yap\u0131sal tasar\u0131m\u0131 y\u00fckseltmek i\u00e7in\u00a0<strong>titanyum ala\u015f\u0131ml\u0131 levha<\/strong>\u00a0b\u00fct\u00fcn proje a\u011f\u0131rl\u0131\u011f\u0131n\u0131 dramatik \u015fekilde azalt\u0131r, b\u00fct\u00fcn b\u00fct\u00fcn b\u00fct\u00fcnl\u00fc\u011f\u00fc feda etmeden.<\/li>\n<\/ul>\n<h3>S\u0131cakl\u0131k Direnci ve Biyouyum<\/h3>\n<p>Titanyum sadece zor ko\u015fullarda hayatta kalmakla kalmaz; onlarda geli\u015fir.<\/p>\n<ul>\n<li><strong>Termal stabilite:<\/strong>\u00a0\u0130ster kullan\u0131yor olun\u00a0<strong>ticari saf titanyum<\/strong>\u00a0veya \u00f6zel bir ala\u015f\u0131m, metal, standart \u00e7eli\u011fin bozuldu\u011fu a\u015f\u0131r\u0131 y\u00fcksek ve d\u00fc\u015f\u00fck s\u0131cakl\u0131klarda yap\u0131sal \u00f6zelliklerini korur.<\/li>\n<li><strong>Tam biyouyumluluk:<\/strong>\u00a0\u0130nsan v\u00fccudu do\u011fal olarak titanyumu kabul eder ve entegre eder. Bu benzersiz, toksik olmayan \u00f6zellik\u00a0<strong>t\u0131bbi titanyum implantlar<\/strong>\u00a0sa\u011fl\u0131k sekt\u00f6r\u00fcnde tart\u0131\u015fmas\u0131z ve en g\u00fcvenli standartt\u0131r.<\/li>\n<\/ul>\n<h2>Titanyumun Ana End\u00fcstrilerde Yayg\u0131n Kullan\u0131mlar\u0131<\/h2>\n<p><img loading=\"lazy\" decoding=\"async\" class=\"alignnone  wp-image-1814\" src=\"https:\/\/haoyumaterial.com\/wp-content\/uploads\/2026\/02\/titanium_grades_uses_and_applications_gNVYszpUX-300x169.webp\" alt=\"\" width=\"376\" height=\"212\" srcset=\"https:\/\/haoyumaterial.com\/wp-content\/uploads\/2026\/02\/titanium_grades_uses_and_applications_gNVYszpUX-300x169.webp 300w, https:\/\/haoyumaterial.com\/wp-content\/uploads\/2026\/02\/titanium_grades_uses_and_applications_gNVYszpUX-1024x576.webp 1024w, https:\/\/haoyumaterial.com\/wp-content\/uploads\/2026\/02\/titanium_grades_uses_and_applications_gNVYszpUX-768x432.webp 768w, https:\/\/haoyumaterial.com\/wp-content\/uploads\/2026\/02\/titanium_grades_uses_and_applications_gNVYszpUX-18x10.webp 18w, https:\/\/haoyumaterial.com\/wp-content\/uploads\/2026\/02\/titanium_grades_uses_and_applications_gNVYszpUX-600x337.webp 600w, https:\/\/haoyumaterial.com\/wp-content\/uploads\/2026\/02\/titanium_grades_uses_and_applications_gNVYszpUX.webp 1300w\" sizes=\"auto, (max-width: 376px) 100vw, 376px\" \/><\/p>\n<p>Kritik sekt\u00f6rlerin sorunsuz \u00e7al\u0131\u015fmas\u0131n\u0131 sa\u011flayan end\u00fcstriyel titanyum \u00fcr\u00fcnleri tedarik ediyoruz. Y\u00fcksek dayan\u0131kl\u0131l\u0131k-a\u011f\u0131rl\u0131k oran\u0131na sahip ala\u015f\u0131m ve \u015fiddetli korozyona dayan\u0131kl\u0131 bir metal oldu\u011fu i\u00e7in, titanyumun yayg\u0131n kullan\u0131mlar\u0131 Amerika Birle\u015fik Devletleri ve d\u00fcnya genelinde en zorlu ortamlarda ge\u00e7erlidir.<\/p>\n<p>\u0130\u015fte farkl\u0131 end\u00fcstrilerin bu \u00e7ok y\u00f6nl\u00fc metalden nas\u0131l yararland\u0131\u011f\u0131:<\/p>\n<ul>\n<li><strong>Havac\u0131l\u0131k ve Uzay:<\/strong>\u00a0Havac\u0131l\u0131k s\u0131n\u0131f\u0131 titanyum modern u\u00e7u\u015fun temelidir. D\u00fczenli olarak g\u00f6r\u00fcr\u00fcz\u00a0<strong>titanyum ala\u015f\u0131ml\u0131 levha<\/strong>\u00a0ve havai ara\u00e7 g\u00f6vdeleri, t\u00fcrbin kanatlar\u0131 ve jet motoru par\u00e7alar\u0131 i\u00e7in kullan\u0131lan d\u00f6v\u00fclm\u00fc\u015f bile\u015fenler. U\u00e7a\u011f\u0131 a\u011f\u0131rla\u015ft\u0131rmadan muazzam stres ve \u0131s\u0131ya dayan\u0131r.<\/li>\n<li><strong>Sa\u011fl\u0131k &amp; T\u0131p:<\/strong>\u00a0Tam biyouyumlu\u011funun sayesinde, ticari olarak saf titanyum sa\u011fl\u0131k hizmetleri i\u00e7in alt\u0131n standartt\u0131r. G\u00fc\u00e7l\u00fc bir \u015fekilde g\u00fcvenilirli\u011fi nedeniyle\u00a0<strong>t\u0131bbi titanyum implantlar<\/strong>\u00a0eklem protezleri, di\u015f implantlar\u0131 ve cerrahi aletler gibi uygulamalarda kullan\u0131l\u0131r. Ayr\u0131ca\u00a0<a href=\"https:\/\/haoyumaterial.com\/tr\/prototype-medical-device-prototyping-guide-for-faster-development\/\">prototip t\u0131bbi cihaz geli\u015ftirme<\/a>\u00a0g\u00fcvenlik ve g\u00fcvenilirli\u011fin vazge\u00e7ilmez oldu\u011fu.<\/li>\n<li><strong>Kimyasal \u0130\u015fleme:<\/strong>\u00a0sert, y\u00fcksek asidik ortamlarda, standart metaller h\u0131zla ba\u015far\u0131s\u0131z olur. Tesisler kal\u0131n\u00a0<strong>titanyum metal levha kullan\u0131r<\/strong>\u00a0\u0131s\u0131 de\u011fi\u015ftiricileri, bas\u0131n\u00e7 kaplar\u0131 ve karma\u015f\u0131k boru sistemleri i\u00e7in h\u0131zl\u0131 bozulmay\u0131 \u00f6nlemek amac\u0131yla.<\/li>\n<li><strong>Denizcilik ve A\u00e7\u0131k Deniz:<\/strong>\u00a0Tuzlu su altyap\u0131ya kar\u015f\u0131 serttir.\u00a0<strong>Deniz s\u0131n\u0131f\u0131 titanyum<\/strong>\u00a0a\u00e7\u0131k deniz petrol platformlar\u0131, denizalt\u0131 g\u00f6vdeleri ve tuzdan ar\u0131tma tesisleri i\u00e7in vazge\u00e7ilmezdir, oyuklara ve deniz suyu korozyonuna kar\u015f\u0131 e\u015fsiz diren\u00e7 sa\u011flar.<\/li>\n<li><strong>Otomotiv ve T\u00fcketici \u00dcr\u00fcnleri:<\/strong>\u00a0A\u011f\u0131r sanayinin \u00f6tesinde,\u00a0<strong>Seviye 5 titanyum (Ti-6Al-4V)<\/strong>\u00a0g\u00fcnl\u00fck y\u00fcksek performans ekipmanlar\u0131na girer. \u00dcreticiler hafif otomotiv egzozlar\u0131, premium spor ekipmanlar\u0131 ve son derece dayan\u0131kl\u0131 elektronik muhafazalar in\u015fa etmek i\u00e7in kullan\u0131r.<\/li>\n<\/ul>\n<h2>Titanyum \u00d6zellikleri &amp; S\u0131n\u0131f Tablosu<\/h2>\n<p><img loading=\"lazy\" decoding=\"async\" class=\"alignnone  wp-image-1811\" src=\"https:\/\/haoyumaterial.com\/wp-content\/uploads\/2026\/02\/what-is-titanium-used-for-269x300.jpg\" alt=\"\" width=\"487\" height=\"543\" srcset=\"https:\/\/haoyumaterial.com\/wp-content\/uploads\/2026\/02\/what-is-titanium-used-for-269x300.jpg 269w, https:\/\/haoyumaterial.com\/wp-content\/uploads\/2026\/02\/what-is-titanium-used-for-917x1024.jpg 917w, https:\/\/haoyumaterial.com\/wp-content\/uploads\/2026\/02\/what-is-titanium-used-for-768x858.jpg 768w, https:\/\/haoyumaterial.com\/wp-content\/uploads\/2026\/02\/what-is-titanium-used-for-11x12.jpg 11w, https:\/\/haoyumaterial.com\/wp-content\/uploads\/2026\/02\/what-is-titanium-used-for-600x670.jpg 600w, https:\/\/haoyumaterial.com\/wp-content\/uploads\/2026\/02\/what-is-titanium-used-for.jpg 1080w\" sizes=\"auto, (max-width: 487px) 100vw, 487px\" \/><\/p>\n<p>Zorlu ABD \u00fcretim sekt\u00f6rleri i\u00e7in malzeme temin ederken, tam olarak ne ald\u0131\u011f\u0131n\u0131z\u0131 bilmeniz gerekir. Envanterimiz, y\u00fcksek \u015fekillendirilebilir metalleri sert, y\u00fcksek mukavemetli ala\u015f\u0131mlara kadar her \u015feyi kapsar. \u0130nceleyin\u00a0<strong>titanyum s\u0131n\u0131f tablomuz<\/strong>\u00a0a\u015fa\u011f\u0131da projeniz i\u00e7in m\u00fckemmel uyumu bulmak i\u00e7in.<\/p>\n<div class=\"table-responsive\">\n<table class=\"table\">\n<thead>\n<tr>\n<th>S\u0131n\u0131f<\/th>\n<th>Malzeme T\u00fcr\u00fc<\/th>\n<th>Anahtar Performans \u00d6zellikleri<\/th>\n<th>Birincil Uygulamalar<\/th>\n<\/tr>\n<\/thead>\n<tbody>\n<tr>\n<td><strong>S\u0131n\u0131f 1-4<\/strong><\/td>\n<td><strong>Ticari saf titanyum<\/strong><\/td>\n<td>Y\u00fcksek \u015fekillendirilebilirlik, nihai korozyon direnci<\/td>\n<td>Kimyasal i\u015fleme, deniz donan\u0131m\u0131<\/td>\n<\/tr>\n<tr>\n<td><strong>Seviye 5<\/strong><\/td>\n<td><strong>Seviye 5 titanyum (Ti-6Al-4V)<\/strong><\/td>\n<td>B\u00fcy\u00fck mukavemet sa\u011flayan \u00e7al\u0131\u015fma ala\u015f\u0131m\u0131<\/td>\n<td><strong>Havac\u0131l\u0131k s\u0131n\u0131f\u0131 titanyum<\/strong>,\u00a0<a href=\"https:\/\/haoyumaterial.com\/tr\/industries\/gas-turbine\/\">gaz t\u00fcrbini bile\u015fenlerinde kullan\u0131lanlara benzer<\/a><\/td>\n<\/tr>\n<tr>\n<td><strong>Seviye 9<\/strong><\/td>\n<td>Ti-3Al-2.5V<\/td>\n<td>M\u00fckemmel mukavemet ve kolay kaynaklanabilirlik<\/td>\n<td>Y\u00fcksek performansl\u0131 t\u00fcb\u00fcler uygulamalar<\/td>\n<\/tr>\n<\/tbody>\n<\/table>\n<\/div>\n<h3>Projeniz i\u00e7in Mevcut Formlar<\/h3>\n<p>Geni\u015f bir yelpazede tedarik ediyoruz\u00a0<strong>end\u00fcstriyel titanyum \u00fcr\u00fcnleri<\/strong>\u00a0\u00fcretim hatlar\u0131n\u0131z\u0131n gecikmeden devam etmesini sa\u011flamak i\u00e7in tam \u00f6zelliklerinize g\u00f6re yap\u0131land\u0131r\u0131lm\u0131\u015ft\u0131r.<\/p>\n<ul>\n<li><strong>Titanyum ala\u015f\u0131m\u0131 levha<\/strong>\u00a0ve bobin sto\u011fu<\/li>\n<li>A\u011f\u0131r hizmet tipi\u00a0<strong>titanyum metal levha kullan\u0131r<\/strong><\/li>\n<li>Geli\u015fmi\u015f i\u015fler i\u00e7in haz\u0131r \u00f6zel CNC Kesim Bo\u015fluklar\u0131\u00a0<a href=\"https:\/\/haoyumaterial.com\/tr\/cnc-turning-guide-2026-process-materials-and-service-selection\/\">CNC torna ve i\u015fleme<\/a><\/li>\n<\/ul>\n<h3>Sanayi Sertifikalar\u0131<\/h3>\n<p>Uyum ve izlenebilirlik tart\u0131\u015f\u0131lmazd\u0131r. Her\u00a0<strong>\u00f6zel kesim titanyum levha<\/strong>\u00a0veya g\u00f6nderdi\u011fimiz levha kat\u0131 havac\u0131l\u0131k, askeri ve end\u00fcstri standartlar\u0131na uygundur.<\/p>\n<ul>\n<li><strong>AMS 4911:<\/strong>\u00a0Havac\u0131l\u0131k titanyum ala\u015f\u0131m\u0131 \u015ferit, levha ve plaka standard\u0131.<\/li>\n<li><strong>ASTM B265 titanyum levha:<\/strong>\u00a0Titanyum ve titanyum ala\u015f\u0131m\u0131 \u015ferit, levha ve plaka i\u00e7in kesin tan\u0131m.<\/li>\n<li><strong>MIL-T-9046:<\/strong>\u00a0T\u00fcrkiye Silahl\u0131 Kuvvetleri titanyum i\u015fleme standard\u0131.<\/li>\n<\/ul>\n<h2>Hassas Kesim ve \u00d6zel \u0130malat<\/h2>\n<p><img decoding=\"async\" src=\"https:\/\/haoyumaterial.com\/wp-content\/uploads\/2026\/02\/Precision_Titanium_Cutting_and_Custom_Fabrication.webp\" alt=\"Hassas Titanyum Kesim ve \u00d6zel \u0130malat\" \/><\/p>\n<p>Projeniz i\u00e7in tam boyutlar\u0131 elde etmenin kritik oldu\u011funu biliyoruz. Bu y\u00fczden kapsaml\u0131\u00a0<strong>titanyum i\u015fleme ve \u00fcretim<\/strong>\u00a0hizmetleri sunuyoruz, tam spesifikasyonlar\u0131n\u0131za uygun olarak tasarland\u0131. \u0130ster tek bir prototip ister tam \u00fcretim serisi olsun, at\u00f6lyemiz her \u015feyi\u00a0<strong>\u00f6zel kesim titanyum levha<\/strong>\u00a0ve\u00a0<strong>titanyum ala\u015f\u0131ml\u0131 levha<\/strong>\u00a0e\u015fsiz do\u011frulukla i\u015fler. M\u00fchendislerin g\u00fcvendi\u011fi gibi\u00a0<a href=\"https:\/\/haoyumaterial.com\/tr\/tensile-strength-of-aluminum\/\">al\u00fcminyumun \u00e7ekme dayan\u0131m\u0131<\/a>\u00a0Hafif yap\u0131sal s\u0131n\u0131rlar\u0131 zorlamak i\u00e7in, tasar\u0131mlar\u0131n\u0131n ger\u00e7ek d\u00fcnyada kusursuz \u00e7al\u0131\u015fmas\u0131n\u0131 sa\u011flamak i\u00e7in s\u0131k\u0131 toleransl\u0131 titanyum imalat\u0131m\u0131za ba\u011fl\u0131d\u0131rlar.<\/p>\n<p>\u00d6zel imalat yeteneklerimiz \u015funlar\u0131 i\u00e7erir:<\/p>\n<ul>\n<li><strong>\u00c7ok Y\u00f6nl\u00fc \u0130\u015fleme:<\/strong>\u00a0Su jeti kesimi, lazer kesimi, makaslama ve projenize \u00f6zel bitirme i\u015flemleri.<\/li>\n<li><strong>S\u0131f\u0131r At\u0131k Hassas Kesim:<\/strong>\u00a0Malzeme verimlili\u011fini ve \u00fcretim maliyetlerinizi d\u00fc\u015f\u00fcrmek i\u00e7in malzeme kazanc\u0131n\u0131 ve verimlili\u011fi en \u00fcst d\u00fczeye \u00e7\u0131kar\u0131yoruz.<\/li>\n<li><strong>S\u0131k\u0131 Tolerans Uyumu:<\/strong>\u00a0S\u0131k\u0131 kalite kontrolleri, her kesimin tam isabet olmas\u0131n\u0131 garanti eder.<\/li>\n<li><strong>Minimum Sipari\u015f Miktar\u0131 Yok (MOQ):<\/strong>\u00a0T\u00fcm standart boyutlarda tam olarak ihtiyac\u0131n\u0131z olan\u0131 sipari\u015f edin, zorunlu toplu taahh\u00fctlerin zorlu\u011fundan ka\u00e7\u0131n\u0131n.<\/li>\n<\/ul>\n<h2>Uzman Metalarda G\u00fcvendi\u011finiz Ortak<\/h2>\n<p><img decoding=\"async\" src=\"https:\/\/haoyumaterial.com\/wp-content\/uploads\/2026\/02\/Titanium_Specialty_Metals_with_Full_Traceability_b.webp\" alt=\"Tam \u0130zlenebilirli\u011fe Sahip Titanyum Uzman Metaller\" \/><\/p>\n<p>Zorlu \u00fcretim projeleri i\u00e7in malzeme tedarik ederken, zaman\u0131nda ve tam olarak belirtti\u011finiz gibi teslimat yapan bir tedarik\u00e7iye ihtiyac\u0131n\u0131z var. G\u00fcvenilir orta\u011f\u0131n\u0131z olarak\u00a0<a href=\"https:\/\/haoyumaterial.com\/tr\/\">uzman metallarda<\/a>, Amerikan tedarik zincirlerini hareketli tutacak en y\u00fcksek kalitede malzemeler sa\u011fl\u0131yoruz. Projeniz standart bir\u00a0<strong>titanyum metal levha kullan\u0131r<\/strong>\u00a0veya \u00f6zel\u00a0<strong>titanyum ala\u015f\u0131ml\u0131 levha<\/strong>, gerektiriyorsa, \u00fcr\u00fcnlerimizin arkas\u0131nday\u0131z.<\/p>\n<ul>\n<li><strong>Tavizsiz Kalite:<\/strong>\u00a0Her sipari\u015f tam malzeme izlenebilirli\u011fi ve sertifikal\u0131 \u00c7elik Test Raporlar\u0131 (MTR'ler) ile gelir. Tam \u015feffafl\u0131k ve do\u011fru bilgi sa\u011fl\u0131yoruz\u00a0<strong>titanyum bilgisi<\/strong>\u00a0binalar\u0131n\u0131za tam olarak ne girdi\u011fini bilmeniz i\u00e7in.<\/li>\n<li><strong>Derin Envanter:<\/strong>\u00a0Hemen sevkiyata haz\u0131r geni\u015f bir malzeme sto\u011fu tutuyoruz. G\u00fcvenilir malzemelere h\u0131zl\u0131ca ihtiyac\u0131n\u0131z oldu\u011funda, envanterimiz \u00fcretiminizin hi\u00e7 durmamas\u0131n\u0131 sa\u011flar.<\/li>\n<li><strong>Uzman Deste\u011fi:<\/strong>\u00a0Karma\u015f\u0131k bir ortamda gezinmek\u00a0<strong>titanyum s\u0131n\u0131f tablomuz<\/strong>\u00a0zor olabilir. \u0130\u00e7 metallurji ekibimiz do\u011frudan sizinle \u00e7al\u0131\u015farak uygulaman\u0131za uygun kesin kaliteyi e\u015fle\u015ftirir, g\u00fc\u00e7 ve performans\u0131n m\u00fckemmel dengesini sa\u011flar.<\/li>\n<\/ul>\n<h2>Teknik SSS: Titanyum Bilgisi<\/h2>\n<p>\u0130nceleme yaparken\u00a0<strong>titanyumun yayg\u0131n kullan\u0131m\u0131<\/strong>\u00a0eyalet i\u00e7i \u00fcretim boyunca, al\u0131c\u0131lar genellikle belirli teknik sorulara sahiptir. Cevaplar\u0131m\u0131z\u0131 basit tutuyoruz, b\u00f6ylece malzemelerinizi belirleyebilir ve i\u015fe d\u00f6nebilirsiniz.<\/p>\n<p>\u0130\u015fte en s\u0131k ald\u0131\u011f\u0131m\u0131z sorular\u0131n h\u0131zl\u0131 bir \u00f6zeti\u00a0<strong>end\u00fcstriyel titanyum \u00fcr\u00fcnleri<\/strong>.<\/p>\n<h3>Titanyumla \u0130lgili Yayg\u0131n Sorular Bir Bak\u0131\u015fta<\/h3>\n<div class=\"table-responsive\">\n<table class=\"table\">\n<thead>\n<tr>\n<th>Teknik Soru<\/th>\n<th>Do\u011frudan Cevap<\/th>\n<\/tr>\n<\/thead>\n<tbody>\n<tr>\n<td><strong>Ticari Saf (CP) titanyum ile titanyum ala\u015f\u0131mlar\u0131 aras\u0131ndaki fark nedir?<\/strong><\/td>\n<td><strong>Ticari saf titanyum<\/strong>\u00a0(S\u0131n\u0131f 1-4) saf, y\u00fcksek \u015fekillendirilebilir ve maksimum korozyon direnci sa\u011flar.\u00a0<strong>Seviye 5 titanyum (Ti-6Al-4V)<\/strong>, Titanyum ala\u015f\u0131mlar\u0131, gibi\u00a0<strong>al\u00fcminyum ve vanadyum kar\u0131\u015ft\u0131rarak<\/strong>\u00a0y\u00fcksek dayan\u0131m-a\u011f\u0131rl\u0131k oran\u0131na sahip bir ala\u015f\u0131m.<\/td>\n<\/tr>\n<tr>\n<td><strong>a\u015f\u0131r\u0131 stres i\u00e7in tasarlanm\u0131\u015ft\u0131r.<\/strong><\/td>\n<td>Hangi titanyum s\u0131n\u0131f\u0131 denizcilik uygulamalar\u0131 i\u00e7in en iyisidir?\u00a0<strong>\u015eiddetli tuzlu su ortamlar\u0131 i\u00e7in, S\u0131n\u0131f 2 standartt\u0131r<\/strong>\u00a0deniz s\u0131n\u0131f\u0131 titanyum.<\/td>\n<\/tr>\n<tr>\n<td><strong>Titanyum ala\u015f\u0131ml\u0131 levha i\u00e7in kesim hizmeti sunuyor musunuz?<\/strong><\/td>\n<td>Evet. Herhangi bir\u00a0<strong>\u00f6zel kesim titanyum levha<\/strong>\u00a0veya levha i\u00e7in sipari\u015fleri i\u015fliyoruz. S\u0131k\u0131 toleranslar tutuyoruz ve\u00a0<a href=\"https:\/\/haoyumaterial.com\/tr\/services\/machining\/\">i\u015fleme hizmetleri<\/a>\u00a0s\u0131f\u0131r at\u0131k ile tam boyutlar teslim etmek i\u00e7in hassas.<\/td>\n<\/tr>\n<tr>\n<td><strong>bir \u015fekilde i\u015fliyoruz.<\/strong><\/td>\n<td>Toplu titanyum metal levha sipari\u015fi i\u00e7in teslim s\u00fcresi ne kadar?\u00a0<strong>ABD stoklar\u0131m\u0131zdan standart boyutlar genellikle birka\u00e7 i\u015f g\u00fcn\u00fc i\u00e7inde g\u00f6nderilir. \u00d6zel CNC-kesim bo\u015fluklar veya uzmanl\u0131k<\/strong>\u00a0ASTM B265 titanyum levha.<\/td>\n<\/tr>\n<\/tbody>\n<\/table>\n<\/div>\n<p><strong>Daha Fazla Titanyum Bilgisine mi \u0130htiyac\u0131n\u0131z Var?<\/strong><br \/>\nE\u011fer \u00f6zelliklerinizi bizimle e\u015fle\u015ftirmede yard\u0131ma ihtiyac\u0131n\u0131z varsa\u00a0<strong>titanyum s\u0131n\u0131f tablomuz<\/strong>, metal\u00fcrji ekibimiz bir sonraki projeniz i\u00e7in tam malzemeyi bulman\u0131zda haz\u0131rd\u0131r.<\/p>\n<\/div>\n<\/div>\n<\/div>\n<\/div>\n<\/div>\n<\/div>\n<div class=\"post-footer\">\n<div class=\"post-tags\">\n<div class=\"article-categories\"><\/div>\n<\/div>\n<\/div>\n<\/div>\n<nav class=\"post-navigation thw-sept\">\n<div class=\"row no-gutters\">\n<div class=\"col-12 col-md-6\">\n<div class=\"post-previous\"><\/div>\n<\/div>\n<\/div>\n<\/nav>","protected":false},"excerpt":{"rendered":"<p>Premium titanium alloy sheets and plates for common uses in aerospace medical marine and industrial applications. Struggling to find an [&hellip;]<\/p>\n","protected":false},"featured_media":1814,"comment_status":"open","ping_status":"closed","template":"","meta":{"site-sidebar-layout":"default","site-content-layout":"","ast-site-content-layout":"default","site-content-style":"default","site-sidebar-style":"default","ast-global-header-display":"","ast-banner-title-visibility":"","ast-main-header-display":"","ast-hfb-above-header-display":"","ast-hfb-below-header-display":"","ast-hfb-mobile-header-display":"","site-post-title":"","ast-breadcrumbs-content":"","ast-featured-img":"","footer-sml-layout":"","ast-disable-related-posts":"","theme-transparent-header-meta":"default","adv-header-id-meta":"","stick-header-meta":"","header-above-stick-meta":"","header-main-stick-meta":"","header-below-stick-meta":"","astra-migrate-meta-layouts":"set","ast-page-background-enabled":"default","ast-page-background-meta":{"desktop":{"background-color":"var(--ast-global-color-5)","background-image":"","background-repeat":"repeat","background-position":"center center","background-size":"auto","background-attachment":"scroll","background-type":"","background-media":"","overlay-type":"","overlay-color":"","overlay-opacity":"","overlay-gradient":""},"tablet":{"background-color":"","background-image":"","background-repeat":"repeat","background-position":"center center","background-size":"auto","background-attachment":"scroll","background-type":"","background-media":"","overlay-type":"","overlay-color":"","overlay-opacity":"","overlay-gradient":""},"mobile":{"background-color":"","background-image":"","background-repeat":"repeat","background-position":"center center","background-size":"auto","background-attachment":"scroll","background-type":"","background-media":"","overlay-type":"","overlay-color":"","overlay-opacity":"","overlay-gradient":""}},"ast-content-background-meta":{"desktop":{"background-color":"var(--ast-global-color-4)","background-image":"","background-repeat":"repeat","background-position":"center center","background-size":"auto","background-attachment":"scroll","background-type":"","background-media":"","overlay-type":"","overlay-color":"","overlay-opacity":"","overlay-gradient":""},"tablet":{"background-color":"var(--ast-global-color-4)","background-image":"","background-repeat":"repeat","background-position":"center center","background-size":"auto","background-attachment":"scroll","background-type":"","background-media":"","overlay-type":"","overlay-color":"","overlay-opacity":"","overlay-gradient":""},"mobile":{"background-color":"var(--ast-global-color-4)","background-image":"","background-repeat":"repeat","background-position":"center center","background-size":"auto","background-attachment":"scroll","background-type":"","background-media":"","overlay-type":"","overlay-color":"","overlay-opacity":"","overlay-gradient":""}}},"product_brand":[],"product_cat":[24],"product_tag":[618],"class_list":{"0":"post-1839","1":"product","2":"type-product","3":"status-publish","4":"has-post-thumbnail","6":"product_cat-titanium-alloy","7":"product_tag-common-us-of-titanium","8":"desktop-align-left","9":"tablet-align-left","10":"mobile-align-left","12":"first","13":"instock","14":"shipping-taxable","15":"product-type-simple"},"_links":{"self":[{"href":"https:\/\/haoyumaterial.com\/tr\/wp-json\/wp\/v2\/product\/1839","targetHints":{"allow":["GET"]}}],"collection":[{"href":"https:\/\/haoyumaterial.com\/tr\/wp-json\/wp\/v2\/product"}],"about":[{"href":"https:\/\/haoyumaterial.com\/tr\/wp-json\/wp\/v2\/types\/product"}],"replies":[{"embeddable":true,"href":"https:\/\/haoyumaterial.com\/tr\/wp-json\/wp\/v2\/comments?post=1839"}],"wp:featuredmedia":[{"embeddable":true,"href":"https:\/\/haoyumaterial.com\/tr\/wp-json\/wp\/v2\/media\/1814"}],"wp:attachment":[{"href":"https:\/\/haoyumaterial.com\/tr\/wp-json\/wp\/v2\/media?parent=1839"}],"wp:term":[{"taxonomy":"product_brand","embeddable":true,"href":"https:\/\/haoyumaterial.com\/tr\/wp-json\/wp\/v2\/product_brand?post=1839"},{"taxonomy":"product_cat","embeddable":true,"href":"https:\/\/haoyumaterial.com\/tr\/wp-json\/wp\/v2\/product_cat?post=1839"},{"taxonomy":"product_tag","embeddable":true,"href":"https:\/\/haoyumaterial.com\/tr\/wp-json\/wp\/v2\/product_tag?post=1839"}],"curies":[{"name":"wp","href":"https:\/\/api.w.org\/{rel}","templated":true}]}}