{"id":1848,"date":"2026-02-21T21:10:01","date_gmt":"2026-02-21T13:10:01","guid":{"rendered":"https:\/\/haoyumaterial.com\/"},"modified":"2026-02-21T21:13:03","modified_gmt":"2026-02-21T13:13:03","slug":"how-is-titanium-made-titanium-mill-products-by-haoyumaterial","status":"publish","type":"product","link":"https:\/\/haoyumaterial.com\/tr\/product\/how-is-titanium-made-titanium-mill-products-by-haoyumaterial\/","title":{"rendered":"Titanyum Nas\u0131l \u00dcretilir? Haoyumaterial'den Titanyum Fabrika \u00dcr\u00fcnleri"},"content":{"rendered":"<p><span style=\"font-size: 1.7em; font-weight: bold;\">Titanyum Nas\u0131l \u00dcretilir: Titanyum \u00dcretim S\u00fcreci<\/span><\/p>\n<div class=\"post-single\">\n<div class=\"post-content\">\n<div class=\"woocommerce\">\n<div class=\"single-product\" data-product-page-preselected-id=\"0\">\n<div id=\"product-28544\" class=\"product type-product post-28544 status-draft first instock product_cat-uncategorized has-post-thumbnail shipping-taxable product-type-simple\">\n<div class=\"woocommerce-tabs wc-tabs-wrapper\">\n<div id=\"tab-description\" class=\"woocommerce-Tabs-panel woocommerce-Tabs-panel--description panel entry-content wc-tab\" role=\"tabpanel\" aria-labelledby=\"tab-title-description\">\n<p>Kritik havac\u0131l\u0131k, medikal veya end\u00fcstriyel bile\u015fenler tasarlarken, tam olarak anlamak\u00a0<strong>titanyum nas\u0131l \u00fcretilir<\/strong>\u00a0malzemenin temel b\u00fct\u00fcnl\u00fc\u011f\u00fcne mutlak g\u00fcven duyman\u0131z\u0131 sa\u011flar. Ham cevherin y\u00fcksek performansl\u0131 bir metale d\u00f6n\u00fc\u015ft\u00fcr\u00fclmesi, son derece kontroll\u00fc, \u00e7ok a\u015famal\u0131 bir metalurjik i\u015f ak\u0131\u015f\u0131d\u0131r. Ham mineralleri birinci s\u0131n\u0131f end\u00fcstriyel malzemelere nas\u0131l d\u00f6n\u00fc\u015ft\u00fcrd\u00fc\u011f\u00fcm\u00fcz a\u015fa\u011f\u0131da a\u00e7\u0131klanm\u0131\u015ft\u0131r.<\/p>\n<h3>\u0130lmenit ve Rutil Cevheri \u0130\u015fleme<\/h3>\n<p>Herhangi bir y\u00fcksek kaliteli titanyum \u00fcr\u00fcn\u00fcn\u00fcn temeli, ham madde \u00e7\u0131kar\u0131m\u0131yla ba\u015flar. \u00d6ncelikle \u015funlara odaklanarak, birinci s\u0131n\u0131f titanyum i\u00e7eren mineraller tedarik ederek ba\u015fl\u0131yoruz:\u00a0<strong>ilmenit ve rutil<\/strong>. Bir dizi ilk zenginle\u015ftirme ve ar\u0131tma ad\u0131m\u0131yla, titanyum dioksiti \u00e7evreleyen topraktan izole ederek, kimyasal d\u00f6n\u00fc\u015f\u00fcm i\u00e7in saf bir temel olu\u015fturuyoruz.<\/p>\n<h3>Kroll Prosesi Titanyum: Titanyum S\u00fcnger \u00dcretimi<\/h3>\n<p>\u00c7elikten farkl\u0131 olarak, titanyum y\u00fcksek s\u0131cakl\u0131klarda oksijenle a\u015f\u0131r\u0131 reaktivitesi nedeniyle geleneksel olarak eritilemez. Bunun yerine, \u015funa g\u00fcveniyoruz:\u00a0<strong>Kroll prosesi<\/strong>\u00a0metali g\u00fcvenli bir \u015fekilde \u00e7\u0131karmak i\u00e7in:<\/p>\n<ul>\n<li><strong>Klorlama A\u015famas\u0131:<\/strong>\u00a0Safla\u015ft\u0131r\u0131lm\u0131\u015f titanyum dioksiti, titanyum tetraklor\u00fcr olu\u015fturmak i\u00e7in a\u015f\u0131r\u0131 \u0131s\u0131 alt\u0131nda klor gaz\u0131 ve karbon ile reaksiyona sokuyoruz.<br \/>\n$TiO_2+2C+2Cl_2rightarrow TiCl_4+2CO$<\/li>\n<li><strong>\u0130ndirgeme A\u015famas\u0131:<\/strong>\u00a0Kirlenmeyi \u00f6nlemek i\u00e7in titanyum tetraklor\u00fcr\u00fc inert argon gaz\u0131 ile dolu kapal\u0131 bir reakt\u00f6re ta\u015f\u0131yoruz. Burada, magnezyum kloru uzakla\u015ft\u0131rmak i\u00e7in verilir ve geride y\u00fcksek oranda g\u00f6zenekli, saf metalik bir form b\u0131rak\u0131r, bu da \u015f\u00f6yle bilinir:\u00a0<strong>titanyum s\u00fcnger<\/strong>.<br \/>\n$TiCl_4+2Mgrightarrow Ti+2MgCl_2$<\/li>\n<\/ul>\n<h3>Vakum Ark Ergitimi (VAR) Titanyum<\/h3>\n<p>Ham titanyum s\u00fcnger g\u00f6zeneklidir ve yap\u0131sal b\u00fct\u00fcnl\u00fc\u011f\u00fc yoktur, bu nedenle\u00a0<strong>titanyum k\u00fcl\u00e7e d\u00f6k\u00fcm yoluyla<\/strong>.<\/p>\n<ul>\n<li><strong>Elektrot Presleme:<\/strong>\u00a0Saf titanyum s\u00fcngeri ezilir ve hidrolik olarak b\u00fcy\u00fck, t\u00fcketilebilir elektrotlara preslenir.<\/li>\n<li><strong>Ala\u015f\u0131m:<\/strong>\u00a0\u00d6zel y\u00fcksek mukavemetli s\u0131n\u0131flar \u00fcretirken, burada kritik ala\u015f\u0131m elementleri olan al\u00fcminyum veya vanadyum kar\u0131\u015ft\u0131r\u0131l\u0131r.<\/li>\n<li><strong>VAR \u0130\u015flemi:<\/strong>\u00a0Elektrotlar bir\u00a0<strong>Vakum Ark Ergitimi (VAR)<\/strong>\u00a0f\u0131r\u0131n\u0131nda eritilir. Vakum ortam\u0131 s\u0131f\u0131r atmosferik kontaminasyon garantiler, yo\u011fun ve m\u00fckemmel tekd\u00fczelikte titanyum k\u00fcl\u00e7esi sa\u011flar.<\/li>\n<\/ul>\n<h3>K\u0131rma, D\u00f6vme ve \u015eekillendirme<\/h3>\n<p>D\u00f6k\u00fcm k\u00fcl\u00e7e kullan\u0131\u015fl\u0131 end\u00fcstriyel formlara d\u00f6n\u00fc\u015ft\u00fcrmek i\u00e7in, titiz termomekanik i\u015flemler ba\u015flat\u0131l\u0131r. S\u0131cakl\u0131k kontrol\u00fcyle, k\u00fcl\u00e7eleri\u00a0<strong>s\u0131cak d\u00f6vme, haddeleme ve ekstr\u00fczyon<\/strong>. i\u015flemlerine tabi tutar\u0131z. Bu kritik \u015fekillendirme a\u015famas\u0131, sadece metalin ticari profillere d\u00f6n\u00fc\u015fmesini sa\u011flamakla kalmaz, ayn\u0131 zamanda i\u00e7 tane yap\u0131s\u0131n\u0131 hizalar ve rafine eder, en zorlu uygulamalar\u0131n\u0131z i\u00e7in gereken son titanyum \u00e7ubuklar, levhalar ve t\u00fcpler \u00fcretir.<\/p>\n<h2>Titanyum \u00dcretim S\u00fcrecinin \u00d6nemi Nedir<\/h2>\n<h2><span style=\"font-size: 16px;\">Bana soruldu\u011funda <\/span><strong style=\"font-size: 16px;\">titanyum nas\u0131l \u00fcretilir<\/strong><span style=\"font-size: 16px;\">, her zaman \u015funu vurgular\u0131m ki\u00a0<\/span><em style=\"font-size: 16px;\">nas\u0131l<\/em><span style=\"font-size: 16px;\">\u00a0tam da metalin i\u015fte ba\u015far\u0131s\u0131z olmamas\u0131n\u0131 garantileyen \u015feydir. haoyumaterial'da, her ad\u0131m\u0131n\u00a0<\/span><strong style=\"font-size: 16px;\">titanyum \u00fcretim s\u00fcreci<\/strong><span style=\"font-size: 16px;\">\u00a0par\u00e7alar\u0131n\u0131z\u0131n nihai performans\u0131n\u0131 belirler.<\/span><\/h2>\n<\/div>\n<div id=\"tab-description\" class=\"woocommerce-Tabs-panel woocommerce-Tabs-panel--description panel entry-content wc-tab\" role=\"tabpanel\" aria-labelledby=\"tab-title-description\">\n<p>S\u0131ras\u0131nda\u00a0<strong>titanyum s\u00fcnger \u00fcretimi<\/strong>, tavizsiz atmosfer kontrol\u00fcne dayan\u0131r\u0131z. Oksijen bu a\u015famada titanyumun en b\u00fcy\u00fck d\u00fc\u015fman\u0131d\u0131r. Oksijen veya nem s\u0131zarsa, metal k\u0131r\u0131lgan hale gelir ve neredeyse kullan\u0131lamaz olur. Ortam\u0131 tamamen saf tutarak, kontaminasyonu durdururuz ve metalin efsanevi g\u00fc\u00e7-a\u011f\u0131rl\u0131k oran\u0131n\u0131 koruruz.<\/p>\n<h3>Uygulamalar\u0131n\u0131za Do\u011frudan Etki<\/h3>\n<p>Saf, kontaminasyonsuz bir temel ile ba\u015flamak, metalin ger\u00e7ek d\u00fcnyada nas\u0131l davrand\u0131\u011f\u0131n\u0131 do\u011frudan kontrol eder. Bu y\u00fcksek seviyeli kalite kontrol\u00fc \u015funlar\u0131 sa\u011flar:<\/p>\n<ul>\n<li><strong>Maksimum Yorgunluk \u00d6mr\u00fc:<\/strong>\u00a0Yap\u0131sal bile\u015fenlerinizin a\u011f\u0131r, tekrarlayan stres alt\u0131nda \u00e7atlamas\u0131n\u0131 \u00f6nler.<\/li>\n<li><strong>Tam Biyouyum:<\/strong>\u00a0Medikal implantlar\u0131n insan v\u00fccudunda g\u00fcvenli, toksik olmayan ve stabil kalmas\u0131n\u0131 sa\u011flar.<\/li>\n<li><strong>A\u015f\u0131r\u0131 S\u0131cakl\u0131k Tolerans\u0131:<\/strong>\u00a0Havac\u0131l\u0131k par\u00e7alar\u0131n\u0131n yo\u011fun \u0131s\u0131ya dayanmas\u0131n\u0131 sa\u011flar, \u015fekil bozuklu\u011fu veya b\u00fct\u00fcnl\u00fck kayb\u0131 olmadan.<\/li>\n<\/ul>\n<p>Projeniz standart sac metal gerektiriyorsa veya \u015fu anda\u00a0<a href=\"https:\/\/haoyumaterial.com\/tr\/difference-between-forging-and-casting-expert-guide-by-vastmaterial\/\">d\u00f6vme ve d\u00f6k\u00fcm aras\u0131ndaki fark\u0131 de\u011ferlendiriyorsan\u0131z<\/a>\u00a0\u00e7ok karma\u015f\u0131k bir bile\u015fen i\u00e7in, saf ham maddeden ba\u015flamak vazge\u00e7ilmezdir. G\u00fcvenilir\u00a0<strong>titanyum de\u011firmen \u00fcr\u00fcnleri tedarik\u00e7iniz<\/strong>, metalinizin at\u00f6lyenize ula\u015fmadan \u00f6nce en y\u00fcksek kalite seviyesine sahip olmas\u0131n\u0131 sa\u011flar.<\/p>\n<h2>haoyumaterial\u2019in Premium Titanyum De\u011firmen \u00dcr\u00fcnlerini Ke\u015ffedin<\/h2>\n<p><img decoding=\"async\" src=\"https:\/\/haoyumaterial.com\/wp-content\/uploads\/2026\/02\/Premium_Titanium_Mill_Products_Manufacturing_Proce.webp\" alt=\"Birinci S\u0131n\u0131f Titanyum Hadde \u00dcr\u00fcnleri \u00dcretim S\u00fcreci\" \/><\/p>\n<p>Bir lider titanyum de\u011firmen \u00fcr\u00fcnleri tedarik\u00e7isi ve end\u00fcstriyel titanyum metal distrib\u00fct\u00f6r\u00fc olarak, en y\u00fcksek sekt\u00f6r standartlar\u0131na uygun malzemeler sunuyoruz. Bir sonraki projeniz i\u00e7in se\u00e7enekleri de\u011ferlendiriyorsan\u0131z,\u00a0<a href=\"https:\/\/haoyumaterial.com\/tr\/titanium-material-guide-properties-grades-applications\/\">kapsaml\u0131 titanyum malzeme rehberi<\/a>\u00a0uygulama ihtiya\u00e7lar\u0131n\u0131za tam olarak uyan \u00f6zellikleri sa\u011flad\u0131\u011f\u0131n\u0131zdan emin olmak i\u00e7in.<\/p>\n<p>\u0130\u015fte temel envanterimizin bir d\u00f6k\u00fcm\u00fc:<\/p>\n<ul>\n<li><strong>Titanyum ala\u015f\u0131ml\u0131 sac ve levha sat\u0131n al\u0131n:<\/strong>\u00a0Geni\u015f bir kal\u0131nl\u0131k ve standart T\u00fcrkiye boyutlar\u0131nda mevcuttur. Bunlar, zorlu havac\u0131l\u0131k yap\u0131lar\u0131 ve a\u011f\u0131r hizmet tipi kimyasal i\u015fleme ekipmanlar\u0131 i\u00e7in ilk tercihtir.<\/li>\n<li><strong>Titanyum \u00e7ubuk ve k\u00fct\u00fck:<\/strong>\u00a0G\u00fcvenilir yuvarlak, kare ve alt\u0131gen \u00e7ubuklar stoklar\u0131m\u0131zda bulunmaktad\u0131r. M\u00fckemmel i\u015flenebilirlik sunarlar, bu da onlar\u0131 hassas t\u0131bbi implantlar ve y\u00fcksek gerilimli mekanik par\u00e7alar \u00fcretimi i\u00e7in \u00e7ok aranan hale getirir.<\/li>\n<li><strong>Diki\u015fsiz titanyum boru ve borular:<\/strong>\u00a0Y\u00fcksek bas\u0131n\u00e7l\u0131, a\u015f\u0131nd\u0131r\u0131c\u0131 sistemler i\u00e7in tasarlanm\u0131\u015f hem diki\u015fsiz hem de kaynakl\u0131 se\u00e7enekler sunuyoruz. Bunlar, dayan\u0131kl\u0131 \u0131s\u0131 e\u015fanj\u00f6rleri ve zorlu a\u00e7\u0131k deniz altyap\u0131s\u0131 in\u015fa etmek i\u00e7in gereklidir.<\/li>\n<li><strong>\u00d6zel titanyum d\u00f6vme ve tel:<\/strong>\u00a0Standart boyutlar i\u015fe yaramad\u0131\u011f\u0131nda, \u00f6zel \u00e7\u00f6z\u00fcmler sunuyoruz. Tam olarak \u00f6zel m\u00fchendislik \u00e7izimlerinize g\u00f6re \u00f6zel d\u00f6vmeler ve \u00f6zel teller \u00fcretiyoruz.<\/li>\n<\/ul>\n<h2>ASTM ve AMS Standartlar\u0131na G\u00f6re \u00dcretilmi\u015f Titanyum Kaliteleri<\/h2>\n<p><img loading=\"lazy\" decoding=\"async\" class=\"alignnone wp-image-1830\" src=\"https:\/\/haoyumaterial.com\/wp-content\/uploads\/2026\/02\/titanium-1-269x300.jpg\" alt=\"\" width=\"420\" height=\"468\" srcset=\"https:\/\/haoyumaterial.com\/wp-content\/uploads\/2026\/02\/titanium-1-269x300.jpg 269w, https:\/\/haoyumaterial.com\/wp-content\/uploads\/2026\/02\/titanium-1-917x1024.jpg 917w, https:\/\/haoyumaterial.com\/wp-content\/uploads\/2026\/02\/titanium-1-768x858.jpg 768w, https:\/\/haoyumaterial.com\/wp-content\/uploads\/2026\/02\/titanium-1-11x12.jpg 11w, https:\/\/haoyumaterial.com\/wp-content\/uploads\/2026\/02\/titanium-1-600x670.jpg 600w, https:\/\/haoyumaterial.com\/wp-content\/uploads\/2026\/02\/titanium-1.jpg 1080w\" sizes=\"auto, (max-width: 420px) 100vw, 420px\" \/><\/p>\n<p>Titanyumun nas\u0131l yap\u0131ld\u0131\u011f\u0131na bakt\u0131\u011f\u0131n\u0131zda, son ad\u0131m belirli end\u00fcstriyel ihtiya\u00e7lar i\u00e7in tam kimyay\u0131 ayarlamay\u0131 i\u00e7erir. Haoyumaterial'de, malzemeleri kesinlikle ASTM ve AMS standartlar\u0131na g\u00f6re \u00fcretiyoruz. \u0130ster titanyum \u00fcr\u00fcnleri tedarik ediyor olun, ister di\u011fer \u00fcretim y\u00f6ntemlerini ara\u015ft\u0131r\u0131yor olun\u00a0<a href=\"https:\/\/haoyumaterial.com\/tr\/precision-metal-casting-guide-for-engineers-and-oem-buyers\/\">m\u00fchendisler ve OEM al\u0131c\u0131lar\u0131 i\u00e7in hassas metal d\u00f6k\u00fcm k\u0131lavuzu<\/a>, metal kalitesini do\u011fru ayarlamak her \u015feydir.<\/p>\n<h3>Ticari Olarak Saf (CP) Titanyum<\/h3>\n<p><strong>Ticari olarak saf (CP) titanyum<\/strong>\u00a0maksimum korozyon direnci ve kolay \u015fekillendirilebilirli\u011fe b\u00fcy\u00fck \u00f6nem verir.<\/p>\n<ul>\n<li><strong>1 ve 2. S\u0131n\u0131flar:<\/strong>\u00a0Bunlar, kolay \u015fekillendirilebilir ve kaynaklanabilir olduklar\u0131 i\u00e7in kimyasal i\u015fleme ve denizcilik donan\u0131m\u0131 i\u00e7in g\u00fcnl\u00fck s\u00fcr\u00fcc\u00fclerinizdir.<\/li>\n<li><strong>S\u0131n\u0131f 3 ve 4:<\/strong>\u00a0Bu s\u0131n\u0131flar, saf titanyumdan bekledi\u011finiz g\u00fcvenilir paslanmaz \u00f6zellikleri korurken daha y\u00fcksek dayan\u0131kl\u0131l\u0131k sunar.<\/li>\n<\/ul>\n<h3>Y\u00fcksek Dayan\u0131ml\u0131 Titanyum Ala\u015f\u0131mlar\u0131<\/h3>\n<p>\u0130\u015fin a\u015f\u0131r\u0131 \u00e7ekme dayan\u0131kl\u0131l\u0131\u011f\u0131 veya kat\u0131 t\u0131bbi uyumluluk gerektirdi\u011finde, titanyumu di\u011fer elementlerle kar\u0131\u015ft\u0131r\u0131yoruz.<\/p>\n<ul>\n<li><strong>Ti-6Al-4V S\u0131n\u0131f 5 titanyum:<\/strong>\u00a0Titanyum ala\u015f\u0131mlar\u0131n\u0131n tart\u0131\u015fmas\u0131z a\u011f\u0131r siklet \u015fampiyonu. G\u00fc\u00e7, dayan\u0131kl\u0131l\u0131k ve a\u011f\u0131rl\u0131k dengesini sa\u011flar, bu y\u00fczden al\u0131c\u0131lar bize g\u00fcveniyor\u00a0<strong>havac\u0131l\u0131k s\u0131n\u0131f\u0131 titanyum tedarik\u00e7isi<\/strong>.<\/li>\n<li><strong>S\u0131n\u0131f 7:<\/strong>\u00a0Burada, en zorlu ve en a\u015f\u0131nd\u0131r\u0131c\u0131 kimyasal ortamlarda hayatta kalan bir metal olu\u015fturmak i\u00e7in k\u00fc\u00e7\u00fck bir palladyum dozu ekliyoruz.<\/li>\n<li><strong>S\u0131n\u0131f 23 (ELI):<\/strong>\u00a0Ekstra D\u00fc\u015f\u00fck \u0130nterstisyel anlam\u0131na gelir. S\u0131n\u0131f 5'in daha y\u00fcksek safl\u0131kta bir versiyonudur ve t\u0131bbi implantlar ve kritik havac\u0131l\u0131k bile\u015fenlerinde nihai yorgunluk \u00f6mr\u00fc i\u00e7in tasarlanm\u0131\u015ft\u0131r.<\/li>\n<\/ul>\n<h2>Neden haoyumaterial ile Titanyum Tedarik\u00e7iniz Olarak \u0130\u015fbirli\u011fi Yapmal\u0131s\u0131n\u0131z?<\/h2>\n<p><img loading=\"lazy\" decoding=\"async\" class=\"alignnone wp-image-1828\" src=\"https:\/\/haoyumaterial.com\/wp-content\/uploads\/2026\/02\/Titanium-Alloy-Centrifugal-Pump-1-300x225.jpg\" alt=\"\" width=\"361\" height=\"271\" srcset=\"https:\/\/haoyumaterial.com\/wp-content\/uploads\/2026\/02\/Titanium-Alloy-Centrifugal-Pump-1-300x225.jpg 300w, https:\/\/haoyumaterial.com\/wp-content\/uploads\/2026\/02\/Titanium-Alloy-Centrifugal-Pump-1-1024x768.jpg 1024w, https:\/\/haoyumaterial.com\/wp-content\/uploads\/2026\/02\/Titanium-Alloy-Centrifugal-Pump-1-768x576.jpg 768w, https:\/\/haoyumaterial.com\/wp-content\/uploads\/2026\/02\/Titanium-Alloy-Centrifugal-Pump-1-16x12.jpg 16w, https:\/\/haoyumaterial.com\/wp-content\/uploads\/2026\/02\/Titanium-Alloy-Centrifugal-Pump-1-600x450.jpg 600w, https:\/\/haoyumaterial.com\/wp-content\/uploads\/2026\/02\/Titanium-Alloy-Centrifugal-Pump-1.jpg 1440w\" sizes=\"auto, (max-width: 361px) 100vw, 361px\" \/><\/p>\n<p>Anlamak\u00a0<strong>titanyum nas\u0131l \u00fcretilir<\/strong>\u00a0sadece ilk ad\u0131md\u0131r; g\u00fcvenilir \u015fekilde temin etmek ise \u00fcretim hatlar\u0131n\u0131z\u0131n kesintisiz \u00e7al\u0131\u015fmas\u0131n\u0131 sa\u011flar. G\u00fcvenilir bir\u00a0<strong>end\u00fcstriyel titanyum metal distrib\u00fct\u00f6r\u00fc<\/strong>, istedi\u011finizde, tavizsiz kalite ve h\u0131z garantisi veren bir ortak gerekir. haoyumaterial olarak, tedarik zincirinin karma\u015f\u0131kl\u0131klar\u0131n\u0131 y\u00f6netiyor ve \u00fcretime odaklanman\u0131z\u0131 sa\u011fl\u0131yoruz.<\/p>\n<p>\u0130\u015fte sizin do\u011frudan\u00a0<strong>titanyum de\u011firmen \u00fcr\u00fcnleri tedarik\u00e7iniz<\/strong>:<\/p>\n<ul>\n<li><strong>S\u0131k\u0131 ISO ve ASTM Kalite Kontrol\u00fc:<\/strong>\u00a0Her parti \u00fczerinde titiz testler yap\u0131yoruz. Havac\u0131l\u0131k, t\u0131bbi ve end\u00fcstriyel uygulamalar i\u00e7in gereken tam uyum standartlar\u0131n\u0131 kar\u015f\u0131layan tamamen sertifikal\u0131 metalleri al\u0131rs\u0131n\u0131z.<\/li>\n<li><strong>Rekabet\u00e7i Mili Do\u011frudan Fiyatland\u0131rma:<\/strong>\u00a0Arac\u0131lar\u0131n y\u00fcksek k\u00e2r marjlar\u0131n\u0131 atlay\u0131n. Do\u011frudan kaynak kullan\u0131m\u0131m\u0131z sayesinde, projenizin k\u00e2rl\u0131l\u0131\u011f\u0131n\u0131 koruyan bir fiyat noktas\u0131nda birinci s\u0131n\u0131f malzemeler sunuyoruz.<\/li>\n<li><strong>\u00d6zel Ebat Kesim Hizmetleri:<\/strong>\u00a0Malzemeleri, plan \u00f6l\u00e7\u00fclerinize tam olarak haz\u0131rlanm\u0131\u015f \u015fekilde teslim ediyoruz. Bu, \u015firket i\u00e7i i\u015fleme s\u00fcrenizi en aza indirir ve pahal\u0131 malzeme israf\u0131n\u0131 b\u00fcy\u00fck \u00f6l\u00e7\u00fcde azalt\u0131r.<\/li>\n<li><strong>H\u0131zl\u0131 Teslim S\u00fcreleri:<\/strong>\u00a0\u00dcretimde zaman parad\u0131r. Modern k\u00fcresel da\u011f\u0131t\u0131m lojisti\u011fimiz, titanyumunuzun tesisinize tam olarak ihtiya\u00e7 duydu\u011funuz anda ula\u015fmas\u0131n\u0131 sa\u011flayarak maliyetli zamanlama gecikmelerini \u00f6nler.<\/li>\n<\/ul>\n<h2>S\u0131k\u00e7a Sorulan Sorular (SSS)<\/h2>\n<h3>Titanyum \u00fcretim s\u00fcreci ne kadar s\u00fcrer?<\/h3>\n<p>Ham cevher \u00e7\u0131kar\u0131lmas\u0131ndan bitmi\u015f bir hadde \u00fcr\u00fcn\u00fcne kadar olan zaman \u00e7izelgesi tipik olarak\u00a0<strong>birka\u00e7 haftadan birka\u00e7 aya kadar<\/strong>. uzar. Sadece Kroll i\u015flemi bile, ham titanyum s\u00fcngeri olu\u015fturmak i\u00e7in birka\u00e7 g\u00fcn s\u00fcren s\u00fcrekli parti i\u015flemeyi gerektirir. Ekstraksiyondan sonra, vakum ark eritme, d\u00f6vme, frezeleme ve titiz kalite testleri ad\u0131mlar\u0131, metal da\u011f\u0131t\u0131ma haz\u0131r hale gelmeden \u00f6nce \u00f6nemli \u00f6l\u00e7\u00fcde zaman ekler.<\/p>\n<h3>Titanyumun \u00fcretimi neden \u00e7elikten daha pahal\u0131d\u0131r?<\/h3>\n<p>\u0130nsanlar sordu\u011funda\u00a0<strong>titanyum nas\u0131l \u00fcretilir<\/strong>, asl\u0131nda ne kadar enerji yo\u011fun oldu\u011funu \u00e7abucak fark ederler.\u00a0<strong>titanyum \u00fcretim s\u00fcreci<\/strong>\u00a0Standart \u00e7elik kaliteleri veya gibi belirli ala\u015f\u0131mlar\u0131n \u00fcretilmesinin aksine\u00a0<a href=\"https:\/\/haoyumaterial.com\/tr\/8620-steel\/\">8620 \u00e7eli\u011fi<\/a>, titanyumu \u00e7\u0131karmak ve rafine etmek a\u015f\u0131r\u0131 \u0131s\u0131, pahal\u0131 magnezyum ve oksijen kontaminasyonunu \u00f6nlemek i\u00e7in s\u0131k\u0131 bir \u015fekilde kontrol edilen argon gaz\u0131 ortamlar\u0131 gerektirir. Ek olarak, titanyumun mutlak mukavemeti, kesici tak\u0131mlar \u00fczerinde ola\u011fan\u00fcst\u00fc derecede zorlay\u0131c\u0131d\u0131r ve bu da sonraki i\u015fleme ve son i\u015flem maliyetlerini art\u0131r\u0131r.<\/p>\n<h3>haoyumaterial DFARS uyumlu titanyum sa\u011flayabilir mi?<\/h3>\n<p>Evet, kesinlikle sa\u011flayabiliriz. G\u00fcvenilir bir\u00a0<strong>havac\u0131l\u0131k s\u0131n\u0131f\u0131 titanyum tedarik\u00e7isi<\/strong>\u00a0ve\u00a0<strong>end\u00fcstriyel titanyum metal distrib\u00fct\u00f6r\u00fc<\/strong>, olarak, T\u00fcrkiye savunma ve h\u00fck\u00fcmet s\u00f6zle\u015fmelerinin kat\u0131 tedarik zinciri gereksinimlerini anl\u0131yoruz. T\u00fcm federal d\u00fczenleyici taleplerinizi kar\u015f\u0131layan \u00fcretim operasyonlar\u0131n\u0131z\u0131n sa\u011flanmas\u0131 i\u00e7in, do\u011frudan nitelikli \u00fclkelerden tedarik edilen, tamamen izlenebilir, DFARS uyumlu titanyum \u00fcr\u00fcnleri tedarik ediyoruz.<\/p>\n<\/div>\n<\/div>\n<\/div>\n<\/div>\n<\/div>\n<\/div>\n<div class=\"post-footer\">\n<div class=\"post-tags\">\n<div class=\"article-categories\"><\/div>\n<\/div>\n<\/div>\n<\/div>\n<nav class=\"post-navigation thw-sept\">\n<div class=\"row no-gutters\">\n<div class=\"col-12 col-md-6\">\n<div class=\"post-previous\"><\/div>\n<\/div>\n<\/div>\n<\/nav>","protected":false},"excerpt":{"rendered":"<p>How is Titanium Made: The Titanium Manufacturing Process When engineering critical aerospace, medical, or industrial components, understanding exactly\u00a0how is titanium [&hellip;]<\/p>\n","protected":false},"featured_media":1849,"comment_status":"open","ping_status":"closed","template":"","meta":{"site-sidebar-layout":"default","site-content-layout":"","ast-site-content-layout":"default","site-content-style":"default","site-sidebar-style":"default","ast-global-header-display":"","ast-banner-title-visibility":"","ast-main-header-display":"","ast-hfb-above-header-display":"","ast-hfb-below-header-display":"","ast-hfb-mobile-header-display":"","site-post-title":"","ast-breadcrumbs-content":"","ast-featured-img":"","footer-sml-layout":"","ast-disable-related-posts":"","theme-transparent-header-meta":"default","adv-header-id-meta":"","stick-header-meta":"","header-above-stick-meta":"","header-main-stick-meta":"","header-below-stick-meta":"","astra-migrate-meta-layouts":"set","ast-page-background-enabled":"default","ast-page-background-meta":{"desktop":{"background-color":"var(--ast-global-color-5)","background-image":"","background-repeat":"repeat","background-position":"center center","background-size":"auto","background-attachment":"scroll","background-type":"","background-media":"","overlay-type":"","overlay-color":"","overlay-opacity":"","overlay-gradient":""},"tablet":{"background-color":"","background-image":"","background-repeat":"repeat","background-position":"center center","background-size":"auto","background-attachment":"scroll","background-type":"","background-media":"","overlay-type":"","overlay-color":"","overlay-opacity":"","overlay-gradient":""},"mobile":{"background-color":"","background-image":"","background-repeat":"repeat","background-position":"center center","background-size":"auto","background-attachment":"scroll","background-type":"","background-media":"","overlay-type":"","overlay-color":"","overlay-opacity":"","overlay-gradient":""}},"ast-content-background-meta":{"desktop":{"background-color":"var(--ast-global-color-4)","background-image":"","background-repeat":"repeat","background-position":"center center","background-size":"auto","background-attachment":"scroll","background-type":"","background-media":"","overlay-type":"","overlay-color":"","overlay-opacity":"","overlay-gradient":""},"tablet":{"background-color":"var(--ast-global-color-4)","background-image":"","background-repeat":"repeat","background-position":"center center","background-size":"auto","background-attachment":"scroll","background-type":"","background-media":"","overlay-type":"","overlay-color":"","overlay-opacity":"","overlay-gradient":""},"mobile":{"background-color":"var(--ast-global-color-4)","background-image":"","background-repeat":"repeat","background-position":"center center","background-size":"auto","background-attachment":"scroll","background-type":"","background-media":"","overlay-type":"","overlay-color":"","overlay-opacity":"","overlay-gradient":""}}},"product_brand":[],"product_cat":[24],"product_tag":[],"class_list":{"0":"post-1848","1":"product","2":"type-product","3":"status-publish","4":"has-post-thumbnail","6":"product_cat-titanium-alloy","7":"desktop-align-left","8":"tablet-align-left","9":"mobile-align-left","11":"first","12":"instock","13":"shipping-taxable","14":"product-type-simple"},"_links":{"self":[{"href":"https:\/\/haoyumaterial.com\/tr\/wp-json\/wp\/v2\/product\/1848","targetHints":{"allow":["GET"]}}],"collection":[{"href":"https:\/\/haoyumaterial.com\/tr\/wp-json\/wp\/v2\/product"}],"about":[{"href":"https:\/\/haoyumaterial.com\/tr\/wp-json\/wp\/v2\/types\/product"}],"replies":[{"embeddable":true,"href":"https:\/\/haoyumaterial.com\/tr\/wp-json\/wp\/v2\/comments?post=1848"}],"wp:featuredmedia":[{"embeddable":true,"href":"https:\/\/haoyumaterial.com\/tr\/wp-json\/wp\/v2\/media\/1849"}],"wp:attachment":[{"href":"https:\/\/haoyumaterial.com\/tr\/wp-json\/wp\/v2\/media?parent=1848"}],"wp:term":[{"taxonomy":"product_brand","embeddable":true,"href":"https:\/\/haoyumaterial.com\/tr\/wp-json\/wp\/v2\/product_brand?post=1848"},{"taxonomy":"product_cat","embeddable":true,"href":"https:\/\/haoyumaterial.com\/tr\/wp-json\/wp\/v2\/product_cat?post=1848"},{"taxonomy":"product_tag","embeddable":true,"href":"https:\/\/haoyumaterial.com\/tr\/wp-json\/wp\/v2\/product_tag?post=1848"}],"curies":[{"name":"wp","href":"https:\/\/api.w.org\/{rel}","templated":true}]}}