{"id":1880,"date":"2026-02-24T08:30:16","date_gmt":"2026-02-24T00:30:16","guid":{"rendered":"https:\/\/haoyumaterial.com\/?post_type=product&#038;p=1880"},"modified":"2026-02-24T08:30:17","modified_gmt":"2026-02-24T00:30:17","slug":"cnc-bronze-machining-services-precision-custom-bronze-parts","status":"publish","type":"product","link":"https:\/\/haoyumaterial.com\/tr\/product\/cnc-bronze-machining-services-precision-custom-bronze-parts\/","title":{"rendered":"CNC Bronz \u0130\u015fleme Hizmetleri Hassas \u00d6zel Bronz Par\u00e7alar"},"content":{"rendered":"<p>Al\u00fcminyum bronz yatak bronz ve fosfor bronzda hassas bile\u015fenler i\u00e7in \u00f6zel CNC bronz i\u015fleme hizmetleri.<\/p>\n<h2>Vastmaterial'da \u00dcst\u00fcn CNC Bronz Kabiliyetleri<\/h2>\n<p>Ger\u00e7ekten anlayan bir \u00fcretim orta\u011f\u0131 bulmak zor olabilir\u00a0<strong>cnc bronz<\/strong>\u00a0i\u015fleme, dayan\u0131kl\u0131 ve iletken olmalar\u0131na ra\u011fmen, y\u00fczey b\u00fct\u00fcnl\u00fc\u011f\u00fcn\u00fc ve boyutsal do\u011frulu\u011fu korumak i\u00e7in belirli tak\u0131m stratejileri gerektirir. Vastmaterial'da, en son teknolojiyi kullanarak\u00a0<strong>hassas bronz bile\u015fenler<\/strong>\u00a0havac\u0131l\u0131k, denizcilik ve end\u00fcstriyel uygulamalar\u0131n kat\u0131 taleplerini kar\u015f\u0131lar.<\/p>\n<p>Sadece metal kesmiyoruz; \u00e7\u00f6z\u00fcmler tasarl\u0131yoruz. Tesisimiz, karma\u015f\u0131k geometrileri ve y\u00fcksek hacimli \u00fcretimleri tutarl\u0131 do\u011frulukla i\u015fleyebilecek donan\u0131ma sahiptir. \u0130ster tek bir prototip, ister tam \u00fcretim serisi ihtiyac\u0131n\u0131z olsun\u00a0<strong>bronz CNC<\/strong>\u00a0par\u00e7alar, geli\u015fmi\u015f i\u015fleme altyap\u0131m\u0131z her seferinde sizin spesifikasyonlar\u0131n\u0131z\u0131 kar\u015f\u0131lar.<\/p>\n<h3>Geli\u015fmi\u015f Freze ve Tornalama Hizmetleri<\/h3>\n<p>Makine at\u00f6lyemiz esneklik ve hassasiyet i\u00e7in optimize edilmi\u015ftir, en karma\u015f\u0131k tasar\u0131mlar\u0131 bile ele almak i\u00e7in \u00e7ok eksenli yap\u0131land\u0131rmalar kullan\u0131r:<\/p>\n<ul>\n<li><strong>3 Eksen, 4 Eksen ve 5 Eksenli Frezeleme:<\/strong>\u00a0Geli\u015fmi\u015f\u00a0<strong>CNC ile i\u015flenmi\u015f bronz par\u00e7alar<\/strong>\u00a0yetenekleri ile karma\u015f\u0131k \u015fekiller \u00fcretmek, daha az ayar ile daha iyi merkezleme ve daha h\u0131zl\u0131 teslim s\u00fcreleri sa\u011flar.<\/li>\n<li><strong>Hassas CNC Torna:<\/strong>\u00a0Torna merkezlerimiz silindirik bile\u015fenler i\u00e7in m\u00fckemmeldir, y\u00fcksek a\u015f\u0131nma par\u00e7alar\u0131 gibi\u00a0<strong>\u00f6zel bronz bur\u00e7lar<\/strong>, rulmanlar ve miller konusunda uzmanla\u015fm\u0131\u015ft\u0131r.<\/li>\n<li><strong>S\u0131k\u0131 Tolerans Standartlar\u0131:<\/strong>\u00a0Y\u00fcksek performans end\u00fcstrilerinde yak\u0131n olman\u0131n yeterli olmad\u0131\u011f\u0131n\u0131 anl\u0131yoruz. Ba\u015far\u0131r\u0131z\u00a0<strong>\u00b10.005mm'ye kadar y\u00fcksek hassasiyet tolerans yetenekleri<\/strong>, par\u00e7alar\u0131n\u0131z\u0131n kutudan \u00e7\u0131kar \u00e7\u0131kmaz montaj\u0131n\u0131za m\u00fckemmel uydu\u011fundan emin olun.<\/li>\n<\/ul>\n<p>Birle\u015ftirerek\u00a0<strong>cnc i\u015fleme bronz ile<\/strong>\u00a0uzmanl\u0131\u011f\u0131yla s\u0131k\u0131 kalite kontrol\u00fcn\u00fc birle\u015ftirerek, malzeme deformasyonu ve tak\u0131m a\u015f\u0131nmas\u0131yla ilgili riskleri ortadan kald\u0131r\u0131yoruz, \u00fcst\u00fcn y\u00fczey biti\u015fleri ve mekanik g\u00fcvenilirlik sa\u011fl\u0131yoruz.<\/p>\n<h2>CNC \u0130\u015fleme \u0130\u00e7in Yayg\u0131n Bronz Ala\u015f\u0131mlar\u0131<\/h2>\n<p><img loading=\"lazy\" decoding=\"async\" class=\"\" src=\"https:\/\/haoyumaterial.com\/wp-content\/uploads\/2026\/02\/CNC_Bronze_Alloys_for_Strength_and_Corrosion_bEqxm.webp\" alt=\"G\u00fc\u00e7 ve Korozyon Direnci i\u00e7in CNC Bronz Ala\u015f\u0131mlar\u0131\" width=\"704\" height=\"490\" \/><\/p>\n<p>Vastmaterial'da, do\u011fru malzeme kalitesini se\u00e7menin performans i\u00e7in kritik oldu\u011funu anl\u0131yoruz\u00a0<strong>cnc bronz<\/strong>\u00a0bile\u015fenleriniz. Y\u00fcksek y\u00fck end\u00fcstriyel ortamlardan denizcilik uygulamalar\u0131na kadar belirli mekanik gereksinimleri kar\u015f\u0131lamak i\u00e7in geni\u015f bir bak\u0131r ala\u015f\u0131m\u0131 yelpazesiyle \u00e7al\u0131\u015f\u0131yoruz. Tesisimiz, bu farkl\u0131 derecelerin benzersiz i\u015flenebilirlik \u00f6zelliklerini kar\u015f\u0131lamaya uygun donan\u0131mdad\u0131r.<\/p>\n<p>\u0130\u015fte kulland\u0131\u011f\u0131m\u0131z temel ala\u015f\u0131mlar\u00a0<strong>hassas bronz bile\u015fenler<\/strong>:<\/p>\n<ul>\n<li><strong>Al\u00fcminyum Bronz (C95400):<\/strong>\u00a0Ola\u011fan\u00fcst\u00fc \u00e7ekme dayan\u0131kl\u0131l\u0131\u011f\u0131 ve a\u015f\u0131nma direnci ile tan\u0131n\u0131r.\u00a0<strong>Al\u00fcminyum bronz i\u015fleme<\/strong>\u00a0y\u00fcksek stres ve korozyona dayanmas\u0131 gereken di\u015fli ve a\u015f\u0131nma plakalar\u0131 gibi a\u011f\u0131r hizmet par\u00e7alar\u0131 i\u00e7in idealdir.<\/li>\n<li><strong>Rulman Bronz (C93200 \/ SAE 660):<\/strong>\u00a0Bu, genel ama\u00e7l\u0131 bur\u00e7 ve rulman uygulamalar\u0131 i\u00e7in end\u00fcstri standard\u0131d\u0131r. S\u0131k s\u0131k i\u015fleme yapar\u0131z\u00a0<strong>C93200 rulman bronz<\/strong>\u00a0(ayr\u0131ca\u00a0<strong>SAE 660 bronz olarak bilinir<\/strong>) \u00fcst\u00fcn s\u00fcrt\u00fcnme \u00f6nleyici \u00f6zellikleri ve m\u00fckemmel i\u015flenebilirli\u011fi sayesinde, hareketli par\u00e7alar\u0131n uzun hizmet \u00f6mr\u00fcn\u00fc sa\u011flar.<\/li>\n<li><strong>Fosforlu Bronz (C51000 \/ C54400):<\/strong>\u00a0Projenizin ince taneli yap\u0131 ve y\u00fcksek yorgunluk direnci gerektirdi\u011finde,\u00a0<strong>fosforlu bronz torna \u00f6neririz.<\/strong>. Esnekli\u011fi ve dayan\u0131kl\u0131l\u0131\u011f\u0131 sayesinde elektrik bile\u015fenleri, pul ve yaylar i\u00e7in m\u00fckemmeldir.<\/li>\n<li><strong>\u0130nd\u00fcsyon Bronz (C65500):<\/strong>\u00a0Bu ala\u015f\u0131m\u0131 \u00f6ncelikle \u00fcst\u00fcn korozyon direnci ve estetik \u00e7ekicili\u011fi nedeniyle se\u00e7iyoruz. Denizcilik donan\u0131m\u0131 ve y\u00fczey finisaj\u0131n\u0131n \u00f6nemli oldu\u011fu dekoratif mimari unsurlar i\u00e7in en iyi tercihtir.<\/li>\n<\/ul>\n<h2>Neden Hassas Par\u00e7alar\u0131n\u0131zda Bronz Se\u00e7melisiniz?<\/h2>\n<p>Projeleri ele ald\u0131\u011f\u0131m\u0131zda, sadece metal kesmiyoruz; dayan\u0131kl\u0131l\u0131\u011f\u0131 m\u00fchendislik yap\u0131yoruz.\u00a0<strong>cnc bronz<\/strong>\u00a0Bronz ala\u015f\u0131mlar\u0131, y\u00fcksek stres ve sert ortamlara maruz kalan y\u00fczeyler i\u00e7in tercih edilen se\u00e7imdir.\u00a0<strong>hassas bronz bile\u015fenler<\/strong>\u00a0Standart \u00e7elik veya al\u00fcminyumdan farkl\u0131 olarak, bronz dayan\u0131kl\u0131l\u0131k ve do\u011fal ya\u011flama \u00f6zelliklerinin benzersiz bir kombinasyonunu sunar, bu da end\u00fcstriyel uygulamalarda zor kar\u015f\u0131lan\u0131r.<\/p>\n<p>Spesifik mekanik \u00f6zellikleri anlamak \u00e7ok \u00f6nemlidir, bu y\u00fczden\u00a0<a href=\"https:\/\/haoyumaterial.com\/tr\/casting-alloy-guide-types-properties-applications-and-selection\/\">d\u00f6k\u00fcm ala\u015f\u0131m \u00f6zellikleri ve se\u00e7im k\u0131lavuzumuz<\/a>\u00a0m\u00fc\u015fterilerin do\u011fru kaliteyi i\u015fe uygun \u015fekilde e\u015fle\u015ftirmesine yard\u0131mc\u0131 olur.\u00a0<strong>\u0130\u015fte m\u00fchendislerin neden s\u00fcrekli olarak<\/strong>\u00a0bak\u0131r ala\u015f\u0131m\u0131 imalat\u0131n\u0131 kritik par\u00e7alar i\u00e7in belirtti\u011finin nedeni:<\/p>\n<ul>\n<li><strong>\u00dcst\u00fcn S\u00fcrt\u00fcnme ve A\u015f\u0131nma Direnci:<\/strong>\u00a0Bronz do\u011fal olarak d\u00fc\u015f\u00fck s\u00fcrt\u00fcnmelidir, bu da di\u015fliler ve yataklar gibi hareketli par\u00e7alar i\u00e7in standartt\u0131r. E\u015fle\u015fen bile\u015fenlerde a\u015f\u0131nmay\u0131 azalt\u0131r ve t\u00fcm montaj\u0131n \u00f6mr\u00fcn\u00fc uzat\u0131r.<\/li>\n<li><strong>Korozyon Direnci:<\/strong>\u00a0\u0130\u00e7in\u00a0<strong>deniz s\u0131n\u0131f\u0131 bronz i\u015fleme<\/strong>, bu malzeme vazge\u00e7ilmezdir. Oksidasyona ve tuzlu su korozyonuna kar\u015f\u0131 diren\u00e7lidir, su alt\u0131 veya kimyasal yo\u011fun ortamlarda dayan\u0131kl\u0131l\u0131\u011f\u0131 sa\u011flar.<\/li>\n<li><strong>Is\u0131 \u0130letimi:<\/strong>\u00a0Bronz verimli \u015fekilde \u0131s\u0131y\u0131 da\u011f\u0131t\u0131r. Bu, y\u00fcksek h\u0131zl\u0131 uygulamalarda veya elektrik ba\u011flant\u0131lar\u0131nda a\u015f\u0131r\u0131 \u0131s\u0131nmay\u0131 \u00f6nler.<\/li>\n<li><strong>K\u0131v\u0131lc\u0131m \u00c7\u0131karmayan \u00d6zellikler:<\/strong>\u00a0G\u00fcvenlik, Petrol &amp; Gaz ve madencilik sekt\u00f6rlerinde en \u00f6nemli \u00f6nceliktir. Bronz aletler ve par\u00e7alar i\u015fliyoruz \u00e7\u00fcnk\u00fc \u00e7arpt\u0131klar\u0131nda k\u0131v\u0131lc\u0131m \u00e7\u0131karmazlar, patlay\u0131c\u0131 ortamlarda kazalar\u0131 \u00f6nlerler.<\/li>\n<\/ul>\n<h3>CNC Bronz'un Ana Performans \u00d6zellikleri<\/h3>\n<div class=\"table-responsive\">\n<table class=\"table\">\n<thead>\n<tr>\n<th>\u00d6zellik<\/th>\n<th>Fayda<\/th>\n<th>Tipik Uygulama<\/th>\n<\/tr>\n<\/thead>\n<tbody>\n<tr>\n<td><strong>A\u015f\u0131nma Direnci<\/strong><\/td>\n<td>D\u00fc\u015f\u00fck s\u00fcrt\u00fcnme katsay\u0131s\u0131 y\u00fck alt\u0131nda bozulmay\u0131 azalt\u0131r.<\/td>\n<td>Rulmanlar, solucan di\u015fliler, a\u015f\u0131nma plakalar\u0131<\/td>\n<\/tr>\n<tr>\n<td><strong>Korozyon Direnci<\/strong><\/td>\n<td>Tuzlu su ve kimyasal sald\u0131r\u0131ya \u00e7elikten daha iyi dayan\u0131r.<\/td>\n<td>Deniz pervaneleri, vana g\u00f6vdeleri<\/td>\n<\/tr>\n<tr>\n<td><strong>Is\u0131 \u0130letkenli\u011fi<\/strong><\/td>\n<td>H\u0131zl\u0131 \u0131s\u0131 transferi bile\u015fen ar\u0131zas\u0131n\u0131 \u00f6nler.<\/td>\n<td>Is\u0131 de\u011fi\u015ftiriciler, elektrik terminalleri<\/td>\n<\/tr>\n<tr>\n<td><strong>K\u0131v\u0131lc\u0131m \u00e7\u0131karmayan<\/strong><\/td>\n<td>Tehlikeli b\u00f6lgelerde ate\u015fleme risklerini ortadan kald\u0131r\u0131r.<\/td>\n<td>Hazmat Ara\u00e7lar\u0131, Yak\u0131t Sistemi Par\u00e7alar\u0131<\/td>\n<\/tr>\n<\/tbody>\n<\/table>\n<\/div>\n<h2>Vastmaterial\u2019in \u00dcretim Standartlar\u0131 ve Y\u00fczey \u0130\u015flemleri<\/h2>\n<p><img loading=\"lazy\" decoding=\"async\" class=\"alignnone  wp-image-1881\" src=\"https:\/\/haoyumaterial.com\/wp-content\/uploads\/2026\/02\/cnc-machining-bronze-300x189.png\" alt=\"\" width=\"845\" height=\"532\" srcset=\"https:\/\/haoyumaterial.com\/wp-content\/uploads\/2026\/02\/cnc-machining-bronze-300x189.png 300w, https:\/\/haoyumaterial.com\/wp-content\/uploads\/2026\/02\/cnc-machining-bronze-768x484.png 768w, https:\/\/haoyumaterial.com\/wp-content\/uploads\/2026\/02\/cnc-machining-bronze-18x12.png 18w, https:\/\/haoyumaterial.com\/wp-content\/uploads\/2026\/02\/cnc-machining-bronze-600x378.png 600w, https:\/\/haoyumaterial.com\/wp-content\/uploads\/2026\/02\/cnc-machining-bronze.png 1021w\" sizes=\"auto, (max-width: 845px) 100vw, 845px\" \/><\/p>\n<p>S\u00f6z konusu oldu\u011funda\u00a0<strong>cnc bronz<\/strong>\u00a0par\u00e7alar, y\u00fczey tam olarak sizin spesifikasyonlar\u0131n\u0131za uymadan tamamlanm\u0131\u015f say\u0131lmaz. \u00dcreticilerin performans kadar iyi g\u00f6r\u00fcnen bile\u015fenlere ihtiya\u00e7 duydu\u011funu anl\u0131yoruz. Bu y\u00fczden kapsaml\u0131 bir\u00a0<strong>bronz y\u00fczey kaplama se\u00e7enekleri sunuyoruz,<\/strong>\u00a0d\u00fczg\u00fcn mat doku i\u00e7in boncuk p\u00fcsk\u00fcrtme ve p\u00fcr\u00fczs\u00fcz, parlak end\u00fcstriyel kaplama i\u00e7in parlatma dahil. Bu i\u015flemler sadece esteti\u011fi geli\u015ftirmekle kalmaz; ayn\u0131 zamanda ala\u015f\u0131m\u0131n do\u011fal korozyon direncini art\u0131rmaya yard\u0131mc\u0131 olur, b\u00f6ylece par\u00e7alar\u0131n\u0131z sahada daha uzun dayan\u0131r.<\/p>\n<h3>Kalite G\u00fcvence ve Denetim<\/h3>\n<p>Hassasiyet, tesisimizde tart\u0131\u015fmas\u0131zd\u0131r. \u00dcretimimizi, her partinin uluslararas\u0131 standartlar\u0131 kar\u015f\u0131lamas\u0131n\u0131 veya a\u015fmas\u0131n\u0131 sa\u011flamak i\u00e7in kat\u0131 kalite kontrol protokolleriyle destekliyoruz. CMM (Koordinat \u00d6l\u00e7\u00fcm Makineleri) dahil olmak \u00fczere geli\u015fmi\u015f denetim ara\u00e7lar\u0131 kullan\u0131yoruz,\u00a0<strong>hassas bronz bile\u015fenler<\/strong>\u00a0mikron seviyesine kadar s\u0131k\u0131 toleranslar tutuyoruz. Kapsaml\u0131\u00a0<a href=\"https:\/\/haoyumaterial.com\/tr\/precision-cnc-machining-bronze-services-for-custom-industrial-parts\/\">Hassas CNC i\u015fleme bronz hizmetleri<\/a>\u00a0ISO uyumlu s\u00fcre\u00e7ler \u00fczerine in\u015fa edilmi\u015ftir, b\u00f6ylece g\u00f6nderdi\u011fimiz her par\u00e7an\u0131n montaja haz\u0131r oldu\u011funa g\u00fcvenebilirsiniz.<\/p>\n<h3>G\u00fcvenilirlik i\u00e7in Entegre Y\u00f6netim<\/h3>\n<p>Tedarik zinciri gecikmelerinin bir projeyi \u00f6ld\u00fcrebilece\u011fini biliyoruz. Entegre y\u00f6netim sistemimiz, ger\u00e7ek zamanl\u0131 izleme ve veri analiti\u011fi kullanarak t\u00fcm \u00fcretim s\u00fcrecini kolayla\u015ft\u0131r\u0131r. Bu modern yakla\u015f\u0131m bize \u015funu sa\u011flar:<\/p>\n<ul>\n<li><strong>Kesinti S\u00fcresini Azalt\u0131n:<\/strong>\u00a0Potansiyel sorunlar\u0131 \u00fcretimi durdurmadan \u00f6nce yakal\u0131yoruz.<\/li>\n<li><strong>Tutarl\u0131l\u0131\u011f\u0131 Sa\u011flay\u0131n:<\/strong>\u00a0Her \u00e7al\u0131\u015fma, ilk prototipin kalitesiyle e\u015fle\u015fir.<\/li>\n<li><strong>Teslimat\u0131 Garantileyin:<\/strong>\u00a0S\u00f6z verdi\u011fimiz programlara sad\u0131k kal\u0131yoruz.<\/li>\n<\/ul>\n<p>\u0130ster h\u0131zl\u0131 prototip ihtiyac\u0131n\u0131z olsun ister tam \u00f6l\u00e7ekli \u00fcretim, optimize edilmi\u015f i\u015f ak\u0131\u015f\u0131m\u0131z\u00a0<strong>cnc i\u015fleme bronz ile<\/strong>\u00a0projelerinizin zaman\u0131nda ve b\u00fct\u00e7e dahilinde kalmas\u0131n\u0131 sa\u011flar.<\/p>\n<h2>CNC Bronz Par\u00e7alar i\u00e7in End\u00fcstri Uygulamalar\u0131<\/h2>\n<p><img loading=\"lazy\" decoding=\"async\" class=\"alignnone  wp-image-1882\" src=\"https:\/\/haoyumaterial.com\/wp-content\/uploads\/2026\/02\/cnc-bronze-290x300.png\" alt=\"\" width=\"511\" height=\"529\" srcset=\"https:\/\/haoyumaterial.com\/wp-content\/uploads\/2026\/02\/cnc-bronze-290x300.png 290w, https:\/\/haoyumaterial.com\/wp-content\/uploads\/2026\/02\/cnc-bronze-768x794.png 768w, https:\/\/haoyumaterial.com\/wp-content\/uploads\/2026\/02\/cnc-bronze-12x12.png 12w, https:\/\/haoyumaterial.com\/wp-content\/uploads\/2026\/02\/cnc-bronze-600x620.png 600w, https:\/\/haoyumaterial.com\/wp-content\/uploads\/2026\/02\/cnc-bronze.png 770w\" sizes=\"auto, (max-width: 511px) 100vw, 511px\" \/><\/p>\n<p>Bizim\u00a0<strong>cnc bronz<\/strong>\u00a0yetkinlikler, dayan\u0131kl\u0131l\u0131k ve zorlu ortamlara diren\u00e7 gerektiren sekt\u00f6rleri destekler. Tuzlu suya maruz kalmadan y\u00fcksek s\u00fcrt\u00fcnmeli makinelere kadar,\u00a0<strong>hassas bronz bile\u015fenler<\/strong>\u00a0\u00f6zelle\u015ftirilmi\u015f operasyonel ihtiya\u00e7lara uygun \u00e7\u00f6z\u00fcmler sunar. ABD pazar\u0131n\u0131n benzersiz taleplerini anl\u0131yoruz, her par\u00e7an\u0131n kat\u0131 end\u00fcstri standartlar\u0131na uygun olmas\u0131n\u0131 sa\u011fl\u0131yoruz.<\/p>\n<ul>\n<li><strong>Denizcilik M\u00fchendisli\u011fi:<\/strong>\u00a0Uzmanl\u0131k alan\u0131m\u0131z\u00a0<strong>deniz s\u0131n\u0131f\u0131 bronz i\u015fleme<\/strong>\u00a0pervaneler, vanalar ve su alt\u0131 ba\u011flant\u0131 par\u00e7alar\u0131 gibi kritik par\u00e7alar i\u00e7in. Bu bile\u015fenler, bronzun tuzlu su korozyonuna kar\u015f\u0131 do\u011fal direncine dayan\u0131r.<\/li>\n<li><strong>Havac\u0131l\u0131k ve Savunma:<\/strong>\u00a0Tesisimiz y\u00fcksek mukavemetli ini\u015f tak\u0131m\u0131 bur\u00e7lar\u0131 ve elektrik ba\u011flant\u0131lar\u0131n\u0131 \u00fcretir. Bu alanlarda malzeme tutarl\u0131l\u0131\u011f\u0131 ve termal stabilite vazge\u00e7ilmezdir.<\/li>\n<li><strong>Petrol ve Do\u011fal Gaz:<\/strong>\u00a0G\u00fcvenlik, tehlikeli ortamlarda en \u00f6nemli unsurdur. G\u00fcvenli sondaj operasyonlar\u0131 i\u00e7in gerekli olan k\u0131v\u0131lc\u0131m \u00e7\u0131karmayan aletler ve dayan\u0131kl\u0131 pompa par\u00e7alar\u0131 \u00fcretiyoruz.\u00a0<strong>\u0130\u015fte m\u00fchendislerin neden s\u00fcrekli olarak<\/strong>.<\/li>\n<li><strong>End\u00fcstriyel Ekipmanlar:<\/strong>\u00a0A\u011f\u0131r hizmet tipi\u00a0<strong>bronz di\u015fli \u00e7arklar<\/strong>\u00a0ve s\u00fcrekli s\u00fcrt\u00fcnmeye ve a\u011f\u0131r y\u00fcklerle ba\u015fa \u00e7\u0131kmak \u00fczere tasarlanm\u0131\u015f rulmanlar i\u015fliyoruz.<\/li>\n<\/ul>\n<p>Karma\u015f\u0131k geometriler i\u00e7in, genellikle m\u00fc\u015fterilere\u00a0<a href=\"https:\/\/haoyumaterial.com\/tr\/sand-casting-vs-die-casting-choosing-the-right-process\/\">do\u011fru d\u00f6k\u00fcm y\u00f6ntemini se\u00e7melerinde<\/a>\u2014 kum veya kal\u0131p d\u00f6k\u00fcm gibi \u2014 rehberlik ediyoruz ve bile\u015fenleri s\u0131k\u0131 toleranslar sa\u011flamak i\u00e7in hassas CNC ekipmanlar\u0131m\u0131zla tamaml\u0131yoruz.<\/p>\n<h2>Tasar\u0131m K\u0131lavuzu: CNC i\u00e7in Bronz Par\u00e7alar\u0131n Optimize Edilmesi<\/h2>\n<p><img decoding=\"async\" src=\"https:\/\/haoyumaterial.com\/wp-content\/uploads\/2026\/02\/CNC_Bronze_Parts_Optimization_Guide_tS7Y9EAvN.webp\" alt=\"CNC Bronz Par\u00e7a Optimizasyon Rehberi\" \/><\/p>\n<p>M\u00fchendislik yaparken\u00a0<strong>hassas bronz bile\u015fenler<\/strong>, ak\u0131ll\u0131 tasar\u0131m se\u00e7imleri do\u011frudan \u00fcretim h\u0131z\u0131 ve maliyeti etkiler. \u0130ken\u00a0<strong>cnc bronz<\/strong>\u00a0par\u00e7alar inan\u0131lmaz dayan\u0131kl\u0131l\u0131k sa\u011flar, malzemenin yo\u011funlu\u011fu ve \u00f6zg\u00fc\u00a0<strong>bronzun i\u015flenebilirli\u011fi<\/strong>\u00a0modelleme a\u015famas\u0131nda dikkat edilmesi gereken detaylara ihtiya\u00e7 duyar, en iyi sonu\u00e7lar i\u00e7in.<\/p>\n<p><strong>Ana Tasar\u0131m Tavsiyeleri:<\/strong><\/p>\n<ul>\n<li><strong>Duvar Kal\u0131nl\u0131\u011f\u0131:<\/strong>\u00a0\u00c7ok ince duvarlar tasarlamaktan ka\u00e7\u0131n\u0131n. Bronz yo\u011fundur ve 0.8mm'den ince duvarlar, ara\u00e7 bas\u0131nc\u0131 veya titre\u015fim nedeniyle \u015fekil bozuklu\u011fu riski ta\u015f\u0131r.\u00a0<strong>bronz CNC<\/strong>\u00a0operasyonlar. Yap\u0131lar\u0131 sa\u011flam tutarak\u00a0<strong>y\u00fcksek toleransl\u0131 metal par\u00e7alar<\/strong>.<\/li>\n<li><strong>Tak\u0131m ve Yar\u0131\u00e7aplar:<\/strong>\u00a0Standart k\u00f6\u015fe yar\u0131\u00e7aplar\u0131na uyun. \u00d6zelle\u015ftirilmi\u015f k\u00fc\u00e7\u00fck \u00e7apl\u0131 u\u00e7 freze gerektiren i\u00e7 k\u00f6\u015feler, i\u015fleme s\u00fcresini \u00f6nemli \u00f6l\u00e7\u00fcde art\u0131r\u0131r. Standart tak\u0131m boyutlar\u0131 d\u00fc\u015f\u00fcn\u00fclerek tasarlamak\u00a0<strong>\u0130\u015fte m\u00fchendislerin neden s\u00fcrekli olarak<\/strong>\u00a0\u00e7ok daha verimli olur.<\/li>\n<li><strong>Maliyet S\u00fcr\u00fcc\u00fcleri:<\/strong>\u00a0Ham bronz malzeme maliyetleri \u00e7elik veya al\u00fcminyumdan daha y\u00fcksektir. \u0130sraf\u0131 azaltmak i\u00e7in, standart stok boyutlar\u0131na yak\u0131n par\u00e7alar tasarlay\u0131n veya nihai i\u015fleme \u00f6ncesinde yak\u0131n-a\u011f\u0131rl\u0131k \u015fekillerini d\u00f6k\u00fcm yaparak entegre yakla\u015f\u0131m\u0131m\u0131z\u0131 d\u00fc\u015f\u00fcn\u00fcn.<\/li>\n<\/ul>\n<p>Kontrol edin\u00a0<a href=\"https:\/\/haoyumaterial.com\/tr\/urun-kategori\/\">M\u00fchendislik \u00fcr\u00fcnleri yelpazesi<\/a>\u00a0Malzeme se\u00e7imimizi \u00fcretim verimlili\u011fiyle nas\u0131l dengeledi\u011fimizi g\u00f6rmek i\u00e7in. Bu detaylar\u0131 sizin i\u00e7in iyile\u015ftirmenize yard\u0131mc\u0131 oluyoruz\u00a0<strong>cnc i\u015fleme bronz ile<\/strong>\u00a0projelerinizin hem y\u00fcksek kaliteli hem de maliyet etkin olmas\u0131n\u0131 sa\u011flamak.<\/p>\n<h2>S\u0131k\u00e7a Sorulan Sorular (SSS)<\/h2>\n<h3>\u00d6zel bronz CNC par\u00e7alar\u0131 i\u00e7in teslim s\u00fcresi nedir?<\/h3>\n<p>\u0130\u015finiz i\u00e7in ar\u0131za s\u00fcresini en aza indirmek \u00e7ok \u00f6nemlidir. Teslim s\u00fcrelerimiz proje karma\u015f\u0131kl\u0131\u011f\u0131 ve hacmine g\u00f6re de\u011fi\u015fir, ancak ak\u0131c\u0131 s\u00fcre\u00e7lerimiz\u00a0<a href=\"https:\/\/haoyumaterial.com\/tr\/technology\/manufacturing-process\/\">\u00fcretim s\u00fcrecini<\/a>\u00a0bize h\u0131zl\u0131ca par\u00e7a teslim etmemizi sa\u011flar. Acil ihtiya\u00e7lar veya h\u0131zl\u0131 prototipleme i\u00e7in, verimlili\u011fi \u00f6n planda tutar\u0131z ve par\u00e7alar\u0131 m\u00fcmk\u00fcn olan en k\u0131sa s\u00fcrede size ula\u015ft\u0131r\u0131r\u0131z. Projeniz i\u00e7in belirli bir zaman \u00e7izelgesi almak \u00fczere \u00f6zel teklif isteyin.\u00a0<strong>cnc bronz<\/strong>\u00a0Vastmaterial, belirli bronz s\u0131n\u0131flar\u0131 i\u00e7in malzeme sertifikalar\u0131 sa\u011flayabilir mi?.<\/p>\n<h3>Geni\u015f malzeme sertifikalar\u0131n\u0131 belirli bronz s\u0131n\u0131flar\u0131 i\u00e7in sa\u011flayabilir misiniz?<\/h3>\n<p>Evet, tam malzeme izlenebilirli\u011fi sa\u011fl\u0131yoruz. \u0130ster gerek\u00a0<strong>C93200 rulman bronz<\/strong>,\u00a0<strong>Al\u00fcminyum bronz<\/strong>, veya\u00a0<strong>Fosfor bronz<\/strong>, kimyasal bile\u015fimi ve mekanik \u00f6zellikleri do\u011frulamak i\u00e7in gerekli sertifikalar\u0131 sa\u011fl\u0131yoruz. S\u0131k\u0131 kalite g\u00fcvencemiz, her partinin havac\u0131l\u0131k ve denizcilik m\u00fchendisli\u011fi gibi y\u00fcksek riskli end\u00fcstrilerde gereken kat\u0131 standartlara uygun olmas\u0131n\u0131 sa\u011flar.<\/p>\n<h3>Bronz bile\u015fenler i\u00e7in kaplama gibi y\u00fczey i\u015flemleri sunuyor musunuz?<\/h3>\n<p>Kesinlikle. Kapsaml\u0131 hizmetler sunuyoruz\u00a0<strong>bronz y\u00fczey kaplama se\u00e7enekleri sunuyoruz,<\/strong>\u00a0tam, u\u00e7tan uca \u00e7\u00f6z\u00fcm sa\u011flamak i\u00e7in. Bronz do\u011fal olarak korozyona dayan\u0131kl\u0131d\u0131r, ancak estetik veya fonksiyonel gereksinimlerinizi kar\u015f\u0131lamak i\u00e7in belirli kaplamalar, kaplamalar veya parlatma uygulayabiliriz. Bu entegrasyon,\u00a0<strong>hassas bronz bile\u015fenler<\/strong>\u00a0montaja haz\u0131r olarak gelir.<\/p>\n<h3>Pirin\u00e7 ve bronz i\u015fleme aras\u0131ndaki fark nedir?<\/h3>\n<p>Her ikisi de bak\u0131r ala\u015f\u0131mlar\u0131 olmas\u0131na ra\u011fmen, \u00fcretim s\u0131ras\u0131nda farkl\u0131 davran\u0131rlar.\u00a0<strong>CNC bronz i\u015fleme<\/strong>\u00a0genellikle di\u015fli ve yataklar gibi \u00fcst\u00fcn sertlik, yorgunluk direnci ve d\u00fc\u015f\u00fck s\u00fcrt\u00fcnme gerektiren par\u00e7alar i\u00e7in ayr\u0131lm\u0131\u015ft\u0131r. Pirin\u00e7 genellikle daha yumu\u015fakt\u0131r ve ba\u011flant\u0131 par\u00e7alar\u0131 ile elektrik bile\u015fenleri i\u00e7in m\u00fckemmel i\u015flenebilirlik sunar. Her iki malzemenin benzersiz \u00f6zelliklerini y\u00f6netmek i\u00e7in tak\u0131m tezgahlar\u0131m\u0131z ve uzmanl\u0131\u011f\u0131m\u0131z var, ala\u015f\u0131m fark etmeksizin s\u0131k\u0131 toleranslar sa\u011flar.<\/p>","protected":false},"excerpt":{"rendered":"<p>Custom CNC bronze machining services for precision components in aluminum bronze bearing bronze and phosphor bronze. Premium CNC Bronze Capabilities [&hellip;]<\/p>\n","protected":false},"featured_media":1882,"comment_status":"open","ping_status":"closed","template":"","meta":{"site-sidebar-layout":"default","site-content-layout":"","ast-site-content-layout":"default","site-content-style":"default","site-sidebar-style":"default","ast-global-header-display":"","ast-banner-title-visibility":"","ast-main-header-display":"","ast-hfb-above-header-display":"","ast-hfb-below-header-display":"","ast-hfb-mobile-header-display":"","site-post-title":"","ast-breadcrumbs-content":"","ast-featured-img":"","footer-sml-layout":"","ast-disable-related-posts":"","theme-transparent-header-meta":"default","adv-header-id-meta":"","stick-header-meta":"","header-above-stick-meta":"","header-main-stick-meta":"","header-below-stick-meta":"","astra-migrate-meta-layouts":"set","ast-page-background-enabled":"default","ast-page-background-meta":{"desktop":{"background-color":"var(--ast-global-color-5)","background-image":"","background-repeat":"repeat","background-position":"center center","background-size":"auto","background-attachment":"scroll","background-type":"","background-media":"","overlay-type":"","overlay-color":"","overlay-opacity":"","overlay-gradient":""},"tablet":{"background-color":"","background-image":"","background-repeat":"repeat","background-position":"center center","background-size":"auto","background-attachment":"scroll","background-type":"","background-media":"","overlay-type":"","overlay-color":"","overlay-opacity":"","overlay-gradient":""},"mobile":{"background-color":"","background-image":"","background-repeat":"repeat","background-position":"center center","background-size":"auto","background-attachment":"scroll","background-type":"","background-media":"","overlay-type":"","overlay-color":"","overlay-opacity":"","overlay-gradient":""}},"ast-content-background-meta":{"desktop":{"background-color":"var(--ast-global-color-4)","background-image":"","background-repeat":"repeat","background-position":"center center","background-size":"auto","background-attachment":"scroll","background-type":"","background-media":"","overlay-type":"","overlay-color":"","overlay-opacity":"","overlay-gradient":""},"tablet":{"background-color":"var(--ast-global-color-4)","background-image":"","background-repeat":"repeat","background-position":"center center","background-size":"auto","background-attachment":"scroll","background-type":"","background-media":"","overlay-type":"","overlay-color":"","overlay-opacity":"","overlay-gradient":""},"mobile":{"background-color":"var(--ast-global-color-4)","background-image":"","background-repeat":"repeat","background-position":"center center","background-size":"auto","background-attachment":"scroll","background-type":"","background-media":"","overlay-type":"","overlay-color":"","overlay-opacity":"","overlay-gradient":""}}},"product_brand":[],"product_cat":[25,26,27],"product_tag":[620],"class_list":{"0":"post-1880","1":"product","2":"type-product","3":"status-publish","4":"has-post-thumbnail","6":"product_cat-copper-alloy","7":"product_cat-brass","8":"product_cat-bronze","9":"product_tag-cnc-bronze","10":"desktop-align-left","11":"tablet-align-left","12":"mobile-align-left","14":"first","15":"instock","16":"shipping-taxable","17":"product-type-simple"},"_links":{"self":[{"href":"https:\/\/haoyumaterial.com\/tr\/wp-json\/wp\/v2\/product\/1880","targetHints":{"allow":["GET"]}}],"collection":[{"href":"https:\/\/haoyumaterial.com\/tr\/wp-json\/wp\/v2\/product"}],"about":[{"href":"https:\/\/haoyumaterial.com\/tr\/wp-json\/wp\/v2\/types\/product"}],"replies":[{"embeddable":true,"href":"https:\/\/haoyumaterial.com\/tr\/wp-json\/wp\/v2\/comments?post=1880"}],"wp:featuredmedia":[{"embeddable":true,"href":"https:\/\/haoyumaterial.com\/tr\/wp-json\/wp\/v2\/media\/1882"}],"wp:attachment":[{"href":"https:\/\/haoyumaterial.com\/tr\/wp-json\/wp\/v2\/media?parent=1880"}],"wp:term":[{"taxonomy":"product_brand","embeddable":true,"href":"https:\/\/haoyumaterial.com\/tr\/wp-json\/wp\/v2\/product_brand?post=1880"},{"taxonomy":"product_cat","embeddable":true,"href":"https:\/\/haoyumaterial.com\/tr\/wp-json\/wp\/v2\/product_cat?post=1880"},{"taxonomy":"product_tag","embeddable":true,"href":"https:\/\/haoyumaterial.com\/tr\/wp-json\/wp\/v2\/product_tag?post=1880"}],"curies":[{"name":"wp","href":"https:\/\/api.w.org\/{rel}","templated":true}]}}