{"id":1912,"date":"2026-02-27T08:45:25","date_gmt":"2026-02-27T00:45:25","guid":{"rendered":"https:\/\/haoyumaterial.com\/?post_type=product&#038;p=1912"},"modified":"2026-02-27T08:45:26","modified_gmt":"2026-02-27T00:45:26","slug":"brass-metal-parts-custom-manufacturing-solutions-vastmaterial","status":"publish","type":"product","link":"https:\/\/haoyumaterial.com\/tr\/product\/brass-metal-parts-custom-manufacturing-solutions-vastmaterial\/","title":{"rendered":"Brass Metal Par\u00e7alar \u00d6zel \u00dcretim \u00c7\u00f6z\u00fcmleri Vastmaterial"},"content":{"rendered":"<p>Vastmaterial pirin\u00e7 metal par\u00e7alar\u0131 C360 C260 C464 ala\u015f\u0131mlar\u0131yla hassas d\u00f6k\u00fcm, CNC i\u015fleme ve korozyona dayan\u0131kl\u0131 performans sa\u011flar.<\/p>\n<h2>Bile\u015fenleriniz i\u00e7in Neden Pirin\u00e7 Metal Tercih Etmelisiniz?<\/h2>\n<p>\u00dcretim s\u0131ras\u0131nda h\u0131zl\u0131 tak\u0131m a\u015f\u0131nmas\u0131 veya zorlu \u00e7al\u0131\u015fma ortamlar\u0131nda malzeme bozulmas\u0131yla m\u0131 u\u011fra\u015f\u0131yorsunuz? Vastmaterial'da,\u00a0<strong>\u00f6zelle\u015ftirilmi\u015f pirin\u00e7 par\u00e7alar\u0131<\/strong>\u00a0tasarl\u0131yoruz ki bu tam m\u00fchendislik darbo\u011fazlar\u0131n\u0131 ortadan kald\u0131r\u0131r.\u00a0<strong>Pirinc metal<\/strong>\u00a0son derece \u00e7ok y\u00f6nl\u00fcd\u00fcr\u00a0<strong>bak\u0131r \u00e7inko ala\u015f\u0131m\u0131<\/strong>\u00a0yap\u0131sal b\u00fct\u00fcnl\u00fck, i\u015flenebilirlik ve \u00e7evresel dayan\u0131kl\u0131l\u0131k aras\u0131nda optimal denge sa\u011flar.<\/p>\n<p>Bir\u00a0<strong>pirin\u00e7 metal ala\u015f\u0131m\u0131<\/strong>\u00a0end\u00fcstriyel uygulamalar\u0131n\u0131z i\u00e7in belirtti\u011finizde, an\u0131nda performans ve \u00fcretim avantajlar\u0131 elde edersiniz:<\/p>\n<ul>\n<li><strong>\u00dcst\u00fcn \u0130\u015flenebilirlik ve Hassasiyet:<\/strong>\u00a0Pirin\u00e7, ola\u011fan\u00fcst\u00fc tala\u015f olu\u015fumu sa\u011flar ve alet \u00f6mr\u00fcn\u00fc uzat\u0131r. Bu, bizim \u00fcretmemize olanak tan\u0131r\u00a0<strong>CNC i\u015flenmi\u015f pirin\u00e7<\/strong>\u00a0y\u00fcksek \u00fcretim h\u0131zlar\u0131nda mikro seviyede toleranslara ve karma\u015f\u0131k geometrilere sahip bile\u015fenler.<\/li>\n<li><strong>Ola\u011fan\u00fcst\u00fc Korozyon Direnci:<\/strong>\u00a0Hayatta kalmak i\u00e7in tasarland\u0131.\u00a0<strong>Korozyona dayan\u0131kl\u0131 pirin\u00e7<\/strong>\u00a0sert deniz ortamlar\u0131nda, tuzlu suya maruz kalmada ve agresif s\u0131v\u0131 ta\u015f\u0131ma sistemlerinde bozulmadan geli\u015fir.<\/li>\n<li><strong>Y\u00fcksek Elektrik ve Termal \u0130letkenlik:<\/strong>\u00a0Bu bak\u0131r esasl\u0131 ala\u015f\u0131m\u0131n do\u011fu\u015ftan gelen \u00f6zellikleri, elektrik ba\u011flant\u0131 elemanlar\u0131, terminal bloklar\u0131 ve y\u00fcksek verimli \u0131s\u0131 de\u011fi\u015ftiriciler i\u00e7in end\u00fcstri standard\u0131n\u0131 olu\u015fturur.<\/li>\n<li><strong>Dayan\u0131kl\u0131l\u0131k ve A\u015f\u0131nma Direnci:<\/strong>\u00a0Y\u00fcksek s\u00fcrt\u00fcnmeli uygulamalar i\u00e7in tasarland\u0131. Pirin\u00e7, ola\u011fan\u00fcst\u00fc mekanik dayan\u0131kl\u0131l\u0131\u011f\u0131 korur ve a\u011f\u0131r hizmet di\u015fliler, yataklar ve hareketli mekanik montajlar i\u00e7in ideal malzeme se\u00e7imidir.<\/li>\n<\/ul>\n<h3>Pirin\u00e7 Metal Performans \u00d6l\u00e7\u00fctleri<\/h3>\n<div class=\"table-responsive\">\n<table class=\"table\">\n<thead>\n<tr>\n<th>Malzeme Avantaj\u0131<\/th>\n<th>Sanayi Uygulamas\u0131<\/th>\n<th>Ana Faydas\u0131<\/th>\n<\/tr>\n<\/thead>\n<tbody>\n<tr>\n<td><strong>\u0130\u015flenebilirlik<\/strong><\/td>\n<td>\u00a0 \u00a0 \u00a0 \u00a0 \u00a0 \u00a0 \u00a0 CNC \u0130\u015flemeli Pirin\u00e7<\/td>\n<td>\u00a0 \u00a0 \u00a0 \u00a0 \u00a0 \u00a0 \u00a0 \u00a0 \u00a0 \u00a0 \u00a0 \u00a0 \u00a0S\u0131k\u0131 toleranslar sa\u011flar ve d\u00f6ng\u00fc s\u00fcrelerini azalt\u0131r<\/td>\n<\/tr>\n<tr>\n<td><strong>Korozyon Direnci<\/strong><\/td>\n<td>\u00a0 \u00a0 \u00a0 \u00a0 \u00a0 \u00a0 Denizcilik ve S\u0131v\u0131 \u0130\u015fleme<\/td>\n<td>\u00a0 \u00a0 \u00a0 \u00a0 \u00a0 \u00a0 \u00a0 \u00a0 \u00a0 \u00a0 \u00a0 Oksidasyonu ve yap\u0131sal bozulmay\u0131 \u00f6nler<\/td>\n<\/tr>\n<tr>\n<td><strong>\u0130letkenlik<\/strong><\/td>\n<td>\u00a0 \u00a0 \u00a0 \u00a0 \u00a0 \u00a0Elektrik Terminalleri<\/td>\n<td>\u00a0 \u00a0 \u00a0 \u00a0 \u00a0 \u00a0 \u00a0 \u00a0 \u00a0 \u00a0 \u0130stikrarl\u0131 termal ve elektriksel transferi sa\u011flar<\/td>\n<\/tr>\n<tr>\n<td><strong>A\u015f\u0131nma Direnci<\/strong><\/td>\n<td>\u00a0 \u00a0 \u00a0 \u00a0 \u00a0 \u00a0 \u00a0 \u00a0 \u00a0 Di\u015fliler ve Rulmanlar<\/td>\n<td>\u00a0 \u00a0 \u00a0 \u00a0 \u00a0 \u00a0 \u00a0 \u00a0 \u00a0 \u00a0 \u00a0 Y\u00fcksek s\u00fcrt\u00fcnmeli mekanik strese dayan\u0131r<\/td>\n<\/tr>\n<\/tbody>\n<\/table>\n<\/div>\n<h2>Pirin\u00e7 Metal S\u0131n\u0131flar\u0131 ve Teknik \u00d6zellikler<\/h2>\n<p>Do\u011fru olan\u0131 se\u00e7mek\u00a0<strong>pirin\u00e7 metal ala\u015f\u0131m\u0131<\/strong>\u00a0\u00fcretim projenizin ba\u015far\u0131s\u0131 i\u00e7in kritik \u00f6nemdedir. S\u0131k\u0131 mekanik ve \u00e7evresel gereksinimleri kar\u015f\u0131lamak i\u00e7in \u00e7e\u015fitli end\u00fcstri standartlar\u0131yla \u00e7al\u0131\u015f\u0131yoruz. Bu ala\u015f\u0131mlar\u0131n tam kimyasal bile\u015fimini korumak esast\u0131r, bu y\u00fczden g\u00fcveniriz\u00a0<a href=\"https:\/\/haoyumaterial.com\/tr\/advanced-casting-technology-for-improved-foundry-yield-and-metal-purity\/\">geli\u015fmi\u015f d\u00f6k\u00fcm teknolojisi ile y\u00fckseltmek, d\u00f6k\u00fcmhane verimini ve metal safl\u0131\u011f\u0131n\u0131 art\u0131rarak<\/a>\u00a0her par\u00e7am\u0131zda \u00fcst\u00fcn performans garantisi sa\u011flamak i\u00e7in.<\/p>\n<p>\u0130\u015fte en yayg\u0131n olanlar\u0131n h\u0131zl\u0131 bir d\u00f6k\u00fcm\u00fc\u00a0<strong>pirin\u00e7 metal<\/strong>\u00a0\u0130\u015fledi\u011fimiz notlar:<\/p>\n<div class=\"table-responsive\">\n<table class=\"table\">\n<thead>\n<tr>\n<th>Pirin\u00e7 Kalitesi<\/th>\n<th>Kompozisyon<\/th>\n<th>Ana \u00d6zellikler<\/th>\n<th>Birincil Uygulamalar<\/th>\n<\/tr>\n<\/thead>\n<tbody>\n<tr>\n<td><strong>C360 (Serbest Kesim Pirin\u00e7)<\/strong><\/td>\n<td>Bak\u0131r, \u00c7inko, Kur\u015fun<\/td>\n<td>M\u00fckemmel i\u015flenebilirlik, optimal Rockwell sertli\u011fi<\/td>\n<td>Y\u00fcksek h\u0131zl\u0131 CNC i\u015fleme, s\u0131v\u0131 ba\u011flant\u0131lar\u0131, vanalar<\/td>\n<\/tr>\n<tr>\n<td><strong>C260 (Kartu\u015f Pirin\u00e7)<\/strong><\/td>\n<td>Bak\u0131r, \u00c7inko<\/td>\n<td>Y\u00fcksek \u015fekillendirilebilirlik, m\u00fckemmel so\u011fuk i\u015flenebilirlik<\/td>\n<td>Derin \u00e7ekim, m\u00fchimmat muhafazalar\u0131, ba\u011flant\u0131 elemanlar\u0131<\/td>\n<\/tr>\n<tr>\n<td><strong>C464 (Donanma Pirin\u00e7)<\/strong><\/td>\n<td>Bak\u0131r, \u00c7inko, Kalay<\/td>\n<td>\u00dcst\u00fcn tuzlu su korozyon direnci<\/td>\n<td>Deniz donan\u0131m\u0131, pervane milleri, bur\u00e7lar<\/td>\n<\/tr>\n<\/tbody>\n<\/table>\n<\/div>\n<h3>Standart Pirin\u00e7 Ala\u015f\u0131m Profilleri<\/h3>\n<ul>\n<li><strong>C360 Serbest Kesim Pirin\u00e7:<\/strong>\u00a0Anahtar teslim pirin\u00e7 i\u015fleme i\u00e7in end\u00fcstri standard\u0131. Kur\u015fun eklenmesi, mikroskobik bir ya\u011flay\u0131c\u0131 g\u00f6revi g\u00f6rerek h\u0131zl\u0131 ve hassas kesimler sa\u011flar ve \u00fcretim s\u0131ras\u0131nda tak\u0131m \u00f6mr\u00fcn\u00fc uzat\u0131r.<\/li>\n<li><strong>C260 Kartu\u015f Pirin\u00e7:<\/strong>\u00a0Ola\u011fan\u00fcst\u00fc \u015fekil verilebilirli\u011fi ile bilinir. Kolayca \u015fiddetli b\u00fck\u00fclme ve derin \u00e7ekme i\u015flemlerine dayan\u0131r, k\u0131r\u0131lmadan veya yap\u0131sal b\u00fct\u00fcnl\u00fc\u011f\u00fcn\u00fc kaybetmeden.<\/li>\n<li><strong>Denizcilik Pirinci C464:<\/strong>\u00a0Bak\u0131r-\u00e7inko kar\u0131\u015f\u0131m\u0131na k\u00fc\u00e7\u00fck miktarda kalay eklenerek, bu ala\u015f\u0131m dezinkoifikasyona kar\u015f\u0131 ola\u011fan\u00fcst\u00fc diren\u00e7 kazan\u0131r ve sert, a\u015f\u0131nd\u0131r\u0131c\u0131 deniz ortamlar\u0131 i\u00e7in tercih edilir.<\/li>\n<\/ul>\n<h3>K\u0131rm\u0131z\u0131 Pirin\u00e7 ve Sar\u0131 Pirin\u00e7 Aras\u0131ndaki Fark<\/h3>\n<p>K\u0131rm\u0131z\u0131 ve sar\u0131 pirin\u00e7 aras\u0131ndaki fark, do\u011frudan metalin yap\u0131sal b\u00fct\u00fcnl\u00fc\u011f\u00fcn\u00fc ve uygulama uygunlu\u011funu etkileyen \u00e7inko i\u00e7eri\u011fine dayan\u0131r.<\/p>\n<ul>\n<li><strong>K\u0131rm\u0131z\u0131 Pirin\u00e7 D\u00f6k\u00fcm:<\/strong>\u00a0Daha az \u00e7inko (genellikle 'in alt\u0131nda) ve daha fazla bak\u0131r i\u00e7erir. \u00dcst\u00fcn korozyon direnci sunar, y\u00fcksek su bas\u0131nc\u0131n\u0131 ola\u011fan\u00fcst\u00fc iyi y\u00f6netir ve s\u0131hhi tesisat ve end\u00fcstriyel vanalar i\u00e7in gereken a\u011f\u0131r hizmet tipi dayan\u0131kl\u0131l\u0131\u011f\u0131 sa\u011flar.<\/li>\n<li><strong>Sar\u0131 Pirin\u00e7 Malzemesi:<\/strong>\u00a0Daha y\u00fcksek \u00e7inko seviyeleri i\u00e7erir (yakla\u015f\u0131k -40). Daha g\u00fc\u00e7l\u00fc, daha uygun fiyatl\u0131d\u0131r ve daha parlak, alt\u0131n benzeri bir y\u00fczeye sahiptir, bu da onu dekoratif donan\u0131m, ba\u011flant\u0131 elemanlar\u0131 ve genel ama\u00e7l\u0131 \u00f6zel pirin\u00e7 par\u00e7alar i\u00e7in ideal k\u0131lar.<\/li>\n<\/ul>\n<h2>Vastmaterial'in Pirin\u00e7 \u00dcretim Yetenekleri<\/h2>\n<p><img loading=\"lazy\" decoding=\"async\" class=\"\" src=\"https:\/\/haoyumaterial.com\/wp-content\/uploads\/2026\/02\/precision_brass_casting_and_machining_1T4z6dvR0.webp\" alt=\"kesin pirin\u00e7 d\u00f6k\u00fcm ve i\u015fleme\" width=\"540\" height=\"405\" \/><\/p>\n<p>ABD \u00fcretim sekt\u00f6r\u00fcn\u00fcn kat\u0131 taleplerine g\u00f6re uyarlanm\u0131\u015f anahtar teslimi pirin\u00e7 i\u015fleme ve d\u00f6k\u00fcm \u00e7\u00f6z\u00fcmleri sunuyoruz. Tesislerimiz, ham pirin\u00e7 metalinden tamamen bitmi\u015f \u00f6zel pirin\u00e7 par\u00e7alar\u0131na kadar her \u015feyi ele alarak tedarik zincirinizin verimli ve g\u00fcvenilir kalmas\u0131n\u0131 sa\u011flar.<\/p>\n<h3>Hassas Pirin\u00e7 D\u00f6k\u00fcm\u00fc<\/h3>\n<p>Karma\u015f\u0131k, neredeyse net \u015fekilli bile\u015fenler \u00fcretmek i\u00e7in hem hassas d\u00f6k\u00fcm hem de kum d\u00f6k\u00fcm kullan\u0131yoruz. Bu yakla\u015f\u0131m, malzeme israf\u0131n\u0131 en aza indirir ve ikincil i\u015flem s\u00fcresini k\u0131salt\u0131r. \u0130ster y\u00fcksek hacimli \u00fcretim serilerine ister \u00f6zel prototiplere ihtiyac\u0131n\u0131z olsun, geli\u015fmi\u015f\u00a0<a href=\"https:\/\/haoyumaterial.com\/tr\/casting-foundry\/\">d\u00f6k\u00fcmhane<\/a>\u00a0tutarl\u0131, kusursuz k\u0131rm\u0131z\u0131 pirin\u00e7 d\u00f6k\u00fcm\u00fc ve sar\u0131 pirin\u00e7 malzeme par\u00e7alar\u0131 sunmak i\u00e7in donat\u0131lm\u0131\u015ft\u0131r.<\/p>\n<h3>Geli\u015fmi\u015f CNC \u0130\u015fleme<\/h3>\n<p>Kesin \u00f6zellikler gerektiren projeler i\u00e7in, CNC i\u015flenmi\u015f pirin\u00e7 \u00f6zelliklerimiz e\u015fsiz do\u011fruluk sa\u011flar. Mikro seviyede toleranslara ula\u015fabilen \u00e7ok eksenli freze ve torna merkezleri \u00e7al\u0131\u015ft\u0131r\u0131yoruz. Bu, her pirin\u00e7 metal ala\u015f\u0131m par\u00e7as\u0131n\u0131n manuel ayarlamalara gerek kalmadan kritik mekanik montajlar\u0131n\u0131za m\u00fckemmel uydu\u011fundan emin olur.<\/p>\n<h3>\u00d6zel Pirin\u00e7 Y\u00fczey \u0130\u015flemi<\/h3>\n<p>Ham pirin\u00e7 zamanla do\u011fal olarak oksitlenir. Esteti\u011fi art\u0131rmak, a\u015f\u0131nmay\u0131 iyile\u015ftirmek ve kararmay\u0131 \u00f6nlemek i\u00e7in, pirin\u00e7 bile\u015fenlerinizin \u00fcretim ihtiya\u00e7lar\u0131 i\u00e7in tam bir \u00f6zel bitirme se\u00e7enekleri yelpazesi sunuyoruz.<\/p>\n<ul>\n<li><strong>Parlatma:<\/strong>\u00a0Dekoratif veya y\u00fcksek g\u00f6r\u00fcn\u00fcrl\u00fckl\u00fc par\u00e7alar i\u00e7in parlak, ayna gibi bir y\u00fczey sa\u011flar.<\/li>\n<li><strong>Elektro kaplama:<\/strong>\u00a0A\u015f\u0131r\u0131 end\u00fcstriyel ortamlara dayan\u0131kl\u0131 koruyucu bir katman ekler.<\/li>\n<li><strong>Passivasyon:<\/strong>\u00a0Y\u00fczey kirleticilerini gidererek korozyon direncini \u00f6nemli \u00f6l\u00e7\u00fcde art\u0131r\u0131r.<\/li>\n<li><strong>\u015eeffaf Kaplama:<\/strong>\u00a0Do\u011fal rengini korumak ve erken ya\u015flanmay\u0131 \u00f6nlemek i\u00e7in pirin\u00e7 metalini m\u00fch\u00fcrler.<\/li>\n<\/ul>\n<h2>End\u00fcstriyel Uygulamalar\u0131m\u0131z\u0131n Pirin\u00e7 \u00dcr\u00fcnleri<\/h2>\n<p>&nbsp;<\/p>\n<p>Bizim\u00a0<strong>pirin\u00e7 metal<\/strong>\u00a0bile\u015fenler, modern end\u00fcstrinin zorlu taleplerini kar\u015f\u0131lamak \u00fczere tasarlanm\u0131\u015ft\u0131r. \u00c7\u00fcnk\u00fc pirin\u00e7 son derece \u00e7ok y\u00f6nl\u00fcd\u00fcr\u00a0<a href=\"https:\/\/haoyumaterial.com\/tr\/what-is-a-non-ferrous-metal-definition-types-and-uses\/\">demir i\u00e7ermeyen metal<\/a>, g\u00fc\u00e7, iletkenlik ve korozyon direncinin m\u00fckemmel dengesini sa\u011flar ve Amerika Birle\u015fik Devletleri genelinde kritik uygulamalar i\u00e7in gereklidir.<\/p>\n<p>Uzmanl\u0131k alan\u0131m\u0131z\u00a0<strong>pirin\u00e7 bile\u015fenleri \u00fcretimi<\/strong>\u00a0birka\u00e7 ana sekt\u00f6r i\u00e7in, g\u00fcvenilir \u015fekilde performans g\u00f6steren par\u00e7alar sunar.<\/p>\n<ul>\n<li><strong>Denizcilik M\u00fchendisli\u011fi:<\/strong>\u00a0sert tuzlu su ortam\u0131, bozulmayacak malzemeleri gerektirir. Denizcilik kalitesinde\u00a0<strong>pirin\u00e7 metal ala\u015f\u0131m\u0131<\/strong>\u00a0par\u00e7alar tedarik ediyoruz, a\u011f\u0131r hizmet tipi pervane milleri, korozyona dayan\u0131kl\u0131 vanalar ve dayan\u0131kl\u0131 pompa g\u00f6vdeleri dahil.<\/li>\n<li><strong>Havac\u0131l\u0131k ve Otomotiv:<\/strong>\u00a0Hassasiyet bu alanlarda vazge\u00e7ilmezdir. Bizim\u00a0<strong>\u00f6zelle\u015ftirilmi\u015f pirin\u00e7 par\u00e7alar\u0131<\/strong>\u00a0g\u00fcvenilir s\u0131v\u0131 ba\u011flant\u0131 elemanlar\u0131, hassas sens\u00f6r muhafazalar\u0131 ve hafif iletken bile\u015fenler \u00fcretmek i\u00e7in yayg\u0131n olarak kullan\u0131l\u0131r, bu da ara\u00e7lar\u0131n ve u\u00e7aklar\u0131n g\u00fcvenli bir \u015fekilde \u00e7al\u0131\u015fmas\u0131n\u0131 sa\u011flar.<\/li>\n<li><strong>Enerji ve G\u00fc\u00e7:<\/strong>\u00a0N\u00fckleer tesislerden gaz t\u00fcrbini santrallerine kadar, verimli termal ve elektriksel transfer hayati \u00f6neme sahiptir. Y\u00fcksek performansl\u0131 \u0131s\u0131 de\u011fi\u015ftirici borular ve a\u015f\u0131r\u0131 end\u00fcstriyel ko\u015fullara dayanacak elektrik anahtar bile\u015fenleri \u00fcretiyoruz.<\/li>\n<li><strong>Tesisat ve \u0130klimlendirme:<\/strong>\u00a0Pirin\u00e7, s\u0131v\u0131 ve hava y\u00f6netimi i\u00e7in sekt\u00f6r standard\u0131 olmaya devam ediyor. S\u0131zd\u0131rmaz, uzun \u00f6m\u00fcrl\u00fc performans sa\u011flayan dayan\u0131kl\u0131 y\u00fcksek bas\u0131n\u00e7l\u0131 vanalar, hassas boru ba\u011flant\u0131lar\u0131 ve reg\u00fclat\u00f6rler \u00fcretiyoruz.<\/li>\n<\/ul>\n<h2>Kalite G\u00fcvencesi ve M\u00fchendislik Deste\u011fi<\/h2>\n<p><img decoding=\"async\" src=\"https:\/\/haoyumaterial.com\/wp-content\/uploads\/2026\/02\/Brass_Metal_Quality_Assurance_and_Engineering_Supp.webp\" alt=\"Pirinc Metal Kalite G\u00fcvencesi ve M\u00fchendislik Deste\u011fi\" \/><\/p>\n<p>Kaynak sa\u011flad\u0131\u011f\u0131n\u0131zda\u00a0<strong>pirin\u00e7 metal<\/strong>\u00a0bile\u015fenlerinizde, nihai \u00fcr\u00fcne kesin g\u00fcvenmeniz gerekir. Vastmaterial'da, entegre \u00fcretim y\u00f6netim sistemimiz, her par\u00e7an\u0131n ba\u015ftan sona tam olarak sizin spesifikasyonlar\u0131n\u0131za uygun olmas\u0131n\u0131 garanti eder. T\u00fcm \u00fcretim hatlar\u0131m\u0131zda ayn\u0131 titiz kalite kontrollerini uygular\u0131z, ister \u00f6zel bir par\u00e7a i\u015fliyor olal\u0131m.\u00a0<strong>pirin\u00e7 metal ala\u015f\u0131m\u0131<\/strong>\u00a0ve en \u00fcst d\u00fczey olarak faaliyet g\u00f6steriyor\u00a0<a href=\"https:\/\/haoyumaterial.com\/tr\/steel-casting-company-2\/\">\u00e7elik d\u00f6k\u00fcm \u015firketi olarak<\/a>.<\/p>\n<h3>S\u0131k\u0131 Denetim &amp; \u0130zlenebilirlik<\/h3>\n<p>Kaliteyi \u015fansa b\u0131rakm\u0131yoruz. Tesisimiz, her proje i\u00e7in ISO ve ASTM standartlar\u0131na tam uyumu sa\u011flayan kat\u0131 uluslararas\u0131 standartlara uymaktad\u0131r.<\/p>\n<ul>\n<li><strong>Malzeme \u0130zlenebilirli\u011fi:<\/strong>\u00a0Bak\u0131r \u00e7inko ala\u015f\u0131m\u0131n\u0131n her partisini ham madde a\u015famas\u0131ndan bitmi\u015f bile\u015fene kadar takip ediyoruz.<\/li>\n<li><strong>Boyutsal Denetim:<\/strong>\u00a0Kalite kontrol ekibimiz, mikro seviyedeki toleranslar\u0131 do\u011frulamak ve m\u00fckemmel geometrik do\u011frulu\u011fu sa\u011flamak i\u00e7in geli\u015fmi\u015f Koordinat \u00d6l\u00e7\u00fcm Makineleri (CMM) kullan\u0131r.<\/li>\n<li><strong>Tutarl\u0131 \u00dcretim:<\/strong>\u00a0\u00d6zel pirin\u00e7 par\u00e7alar\u0131n\u0131n her \u00fcretim serisi, mekanik dayan\u0131kl\u0131l\u0131k ve yap\u0131sal b\u00fct\u00fcnl\u00fc\u011f\u00fc garanti alt\u0131na almak i\u00e7in titiz testlerden ge\u00e7er.<\/li>\n<\/ul>\n<h3>Ar-Ge ve Ala\u015f\u0131m Se\u00e7imi<\/h3>\n<p>Do\u011fru malzeme se\u00e7imi bir projeyi ya ba\u015far\u0131l\u0131 k\u0131lar ya da ba\u015far\u0131s\u0131zl\u0131\u011fa u\u011frat\u0131r. M\u00fchendislik deste\u011fimiz temel \u00fcretimin \u00f6tesine ge\u00e7er. Belirli uygulaman\u0131z i\u00e7in optimum ala\u015f\u0131m se\u00e7imini sa\u011flamak \u00fczere Ar-Ge ekiplerinizle aktif olarak ortakl\u0131k kurar\u0131z. Tasar\u0131m\u0131n\u0131z ister standart serbest kesimli pirincin y\u00fcksek i\u015flenebilirli\u011fini ister denizcilik s\u0131n\u0131f\u0131 ala\u015f\u0131mlar\u0131n a\u015f\u0131r\u0131 dayan\u0131kl\u0131l\u0131\u011f\u0131n\u0131 gerektirsin, \u00fcretiminizi ilk seferde do\u011fru yapman\u0131z i\u00e7in gereken teknik verileri ve prototip olu\u015fturma deste\u011fini sa\u011fl\u0131yoruz.<\/p>\n<h2>Teknik SSS: Pirin\u00e7 Metal \u00dcretimi<\/h2>\n<p><strong>\u00d6zel pirin\u00e7 CNC i\u015fleme i\u00e7in standart teslim s\u00fcresi nedir?<\/strong><br \/>\n\u00d6zel\u00a0<strong>pirin\u00e7 metal<\/strong>\u00a0CNC i\u015fleme i\u00e7in tipik teslim s\u00fcremiz 2 ila 4 hafta aras\u0131nda de\u011fi\u015fmektedir. Bu zaman \u00e7izelgesi, par\u00e7a karma\u015f\u0131kl\u0131\u011f\u0131na ve toplam sipari\u015f hacmine b\u00fcy\u00fck \u00f6l\u00e7\u00fcde ba\u011fl\u0131d\u0131r. Acil proje gereksinimleri i\u00e7in, i\u015flenmi\u015f bile\u015fenlerinizi sadece birka\u00e7 g\u00fcn i\u00e7inde teslim etmek \u00fczere h\u0131zland\u0131r\u0131lm\u0131\u015f h\u0131zl\u0131 prototip olu\u015fturma hizmetleri sunuyoruz.<\/p>\n<p><strong>Vastmaterial y\u00fcksek hacimli pirin\u00e7 d\u00f6k\u00fcm \u00fcretim \u00e7al\u0131\u015fmalar\u0131n\u0131 y\u00fcr\u00fctebilir mi?<\/strong><br \/>\nKesinlikle. Operasyonlar\u0131m\u0131z\u0131 ilk prototiplerden tam \u00f6l\u00e7ekli, y\u00fcksek hacimli \u00fcretime sorunsuz bir \u015fekilde \u00f6l\u00e7eklendiriyoruz. Tesislerimiz, kaliteden \u00f6d\u00fcn vermeden b\u00fcy\u00fck \u00fcretim \u00e7al\u0131\u015fmalar\u0131n\u0131 y\u00f6netmek i\u00e7in tam donan\u0131ml\u0131d\u0131r. B\u00fcy\u00fck sipari\u015fler i\u00e7in farkl\u0131 \u00fcretim y\u00f6ntemlerini de\u011ferlendiren bir OEM al\u0131c\u0131s\u0131ysan\u0131z, kapsaml\u0131 bir inceleme\u00a0<a href=\"https:\/\/haoyumaterial.com\/tr\/precision-metal-casting-guide-for-engineers-and-oem-buyers\/\">kesin metal d\u00f6k\u00fcm k\u0131lavuzumuz<\/a>\u00a0Projeye uygun kal\u0131p s\u00fcreciyle uyum sa\u011flaman\u0131za yard\u0131mc\u0131 olabilir.<\/p>\n<p><strong>Pirin\u00e7 bile\u015fenlerin boyutsal do\u011frulu\u011funu nas\u0131l sa\u011fl\u0131yorsunuz?<\/strong><br \/>\nEntegre bir kalite g\u00fcvence sistemi kullan\u0131yoruz. Her parti\u00a0<strong>pirin\u00e7 metal ala\u015f\u0131m\u0131<\/strong>\u00a0par\u00e7a, geli\u015fmi\u015f Koordinat \u00d6l\u00e7\u00fcm Makineleri (CMM) kullan\u0131larak titiz boyutsal muayeneden ge\u00e7er. Her bile\u015fenin tam mikro seviyede toleranslara uymas\u0131n\u0131 sa\u011flamak i\u00e7in uluslararas\u0131 ISO ve ASTM standartlar\u0131na s\u0131k\u0131 s\u0131k\u0131ya uyuyoruz.<\/p>\n<p><strong>Denizcilik s\u0131n\u0131f\u0131 pirin\u00e7 par\u00e7alar i\u00e7in hangi y\u00fczey kaplamalar\u0131n\u0131 \u00f6neriyorsunuz?<\/strong><br \/>\nZorlu deniz ortamlar\u0131 i\u00e7in pasivasyon ve \u00f6zel \u015feffaf kaplamalar\u0131 \u015fiddetle tavsiye ediyoruz. Naval pirin\u00e7 C464 gibi malzemelere uyguland\u0131\u011f\u0131nda, bu \u00f6zel y\u00fczey i\u015flemleri bak\u0131r \u00e7inko ala\u015f\u0131m\u0131n\u0131n do\u011fal tuzlu su korozyon direncini en \u00fcst d\u00fczeye \u00e7\u0131kar\u0131r, erken kararma ve yap\u0131sal bozulmay\u0131 \u00f6nler.<\/p>\n<h3>H\u0131zl\u0131 Referans: Pirin\u00e7 \u00dcretim Kapasiteleri<\/h3>\n<div class=\"table-responsive\">\n<table class=\"table\">\n<thead>\n<tr>\n<th>Hizmet Alan\u0131<\/th>\n<th>Standart \u00d6zellikler ve Yetenekler<\/th>\n<\/tr>\n<\/thead>\n<tbody>\n<tr>\n<td><strong>CNC \u0130\u015fleme S\u00fcresi<\/strong><\/td>\n<td>\u00a0 \u00a0 \u00a0 \u00a0 \u00a0 \u00a0 \u00a0 \u00a0 \u00a0 \u00a0 \u00a0 \u00a0 \u00a0 \u00a0 \u00a0 \u00a0 \u00a0 \u00a0 \u00a0 \u00a0 \u00a0 \u00a0 \u00a0 \u00a0 \u00a0 \u00a0 \u00a0 \u00a0 \u00a0 \u00a0 \u00a0 \u00a0 \u00a0 \u00a0 2-4 Hafta (H\u0131zland\u0131r\u0131lm\u0131\u015f se\u00e7enekler mevcuttur)<\/td>\n<\/tr>\n<tr>\n<td><strong>\u00dcretim Hacmi<\/strong><\/td>\n<td>\u00a0 \u00a0 \u00a0 \u00a0 \u00a0 \u00a0 \u00a0 \u00a0 \u00a0 \u00a0 \u00a0 \u00a0 \u00a0 \u00a0 \u00a0 \u00a0 \u00a0 \u00a0 \u00a0 \u00a0 \u00a0 \u00a0 \u00a0 \u00a0 \u00a0 \u00a0 \u00a0 \u00a0 \u00a0 \u00a0 \u00a0 \u00a0 D\u00fc\u015f\u00fck hacimli prototiplerden y\u00fcksek hacimli s\u00fcrekli \u00fcretimlere<\/td>\n<\/tr>\n<tr>\n<td><strong>Kalite G\u00fcvencesi<\/strong><\/td>\n<td>\u00a0 \u00a0 \u00a0 \u00a0 \u00a0 \u00a0 \u00a0 \u00a0 \u00a0 \u00a0 \u00a0 \u00a0 \u00a0 \u00a0 \u00a0 \u00a0 \u00a0 \u00a0 \u00a0 \u00a0 \u00a0 \u00a0 \u00a0 \u00a0 \u00a0 \u00a0 \u00a0 \u00a0 \u00a0 \u00a0 \u00a0 \u00a0 \u00a0CMM Testi, Tam ISO\/ASTM Uyumu<\/td>\n<\/tr>\n<tr>\n<td><strong>Denizcilik S\u0131n\u0131f\u0131 Kaplamalar<\/strong><\/td>\n<td>\u00a0 \u00a0 \u00a0 \u00a0 \u00a0 \u00a0 \u00a0 \u00a0 \u00a0 \u00a0 \u00a0 \u00a0 \u00a0 \u00a0 \u00a0 \u00a0 \u00a0 \u00a0 \u00a0 \u00a0 \u00a0 \u00a0 \u00a0 \u00a0 \u00a0 \u00a0 \u00a0 \u00a0 \u00a0 \u00a0 \u00a0 \u00a0 \u00a0 \u00a0 \u00a0Passivasyon, Elektrolama, \u015eeffaf Kaplama<\/td>\n<\/tr>\n<\/tbody>\n<\/table>\n<\/div>\n<p>&nbsp;<\/p>","protected":false},"excerpt":{"rendered":"<p>Vastmaterial brass metal parts with C360 C260 C464 alloys precision casting CNC machining and corrosion resistant performance. Why Choose Brass [&hellip;]<\/p>\n","protected":false},"featured_media":1913,"comment_status":"open","ping_status":"closed","template":"","meta":{"site-sidebar-layout":"default","site-content-layout":"","ast-site-content-layout":"default","site-content-style":"default","site-sidebar-style":"default","ast-global-header-display":"","ast-banner-title-visibility":"","ast-main-header-display":"","ast-hfb-above-header-display":"","ast-hfb-below-header-display":"","ast-hfb-mobile-header-display":"","site-post-title":"","ast-breadcrumbs-content":"","ast-featured-img":"","footer-sml-layout":"","ast-disable-related-posts":"","theme-transparent-header-meta":"default","adv-header-id-meta":"","stick-header-meta":"","header-above-stick-meta":"","header-main-stick-meta":"","header-below-stick-meta":"","astra-migrate-meta-layouts":"set","ast-page-background-enabled":"default","ast-page-background-meta":{"desktop":{"background-color":"var(--ast-global-color-5)","background-image":"","background-repeat":"repeat","background-position":"center center","background-size":"auto","background-attachment":"scroll","background-type":"","background-media":"","overlay-type":"","overlay-color":"","overlay-opacity":"","overlay-gradient":""},"tablet":{"background-color":"","background-image":"","background-repeat":"repeat","background-position":"center center","background-size":"auto","background-attachment":"scroll","background-type":"","background-media":"","overlay-type":"","overlay-color":"","overlay-opacity":"","overlay-gradient":""},"mobile":{"background-color":"","background-image":"","background-repeat":"repeat","background-position":"center center","background-size":"auto","background-attachment":"scroll","background-type":"","background-media":"","overlay-type":"","overlay-color":"","overlay-opacity":"","overlay-gradient":""}},"ast-content-background-meta":{"desktop":{"background-color":"var(--ast-global-color-4)","background-image":"","background-repeat":"repeat","background-position":"center center","background-size":"auto","background-attachment":"scroll","background-type":"","background-media":"","overlay-type":"","overlay-color":"","overlay-opacity":"","overlay-gradient":""},"tablet":{"background-color":"var(--ast-global-color-4)","background-image":"","background-repeat":"repeat","background-position":"center center","background-size":"auto","background-attachment":"scroll","background-type":"","background-media":"","overlay-type":"","overlay-color":"","overlay-opacity":"","overlay-gradient":""},"mobile":{"background-color":"var(--ast-global-color-4)","background-image":"","background-repeat":"repeat","background-position":"center center","background-size":"auto","background-attachment":"scroll","background-type":"","background-media":"","overlay-type":"","overlay-color":"","overlay-opacity":"","overlay-gradient":""}}},"product_brand":[],"product_cat":[25,26,27],"product_tag":[623],"class_list":{"0":"post-1912","1":"product","2":"type-product","3":"status-publish","4":"has-post-thumbnail","6":"product_cat-copper-alloy","7":"product_cat-brass","8":"product_cat-bronze","9":"product_tag-brass-metal","10":"desktop-align-left","11":"tablet-align-left","12":"mobile-align-left","14":"first","15":"instock","16":"shipping-taxable","17":"product-type-simple"},"_links":{"self":[{"href":"https:\/\/haoyumaterial.com\/tr\/wp-json\/wp\/v2\/product\/1912","targetHints":{"allow":["GET"]}}],"collection":[{"href":"https:\/\/haoyumaterial.com\/tr\/wp-json\/wp\/v2\/product"}],"about":[{"href":"https:\/\/haoyumaterial.com\/tr\/wp-json\/wp\/v2\/types\/product"}],"replies":[{"embeddable":true,"href":"https:\/\/haoyumaterial.com\/tr\/wp-json\/wp\/v2\/comments?post=1912"}],"wp:featuredmedia":[{"embeddable":true,"href":"https:\/\/haoyumaterial.com\/tr\/wp-json\/wp\/v2\/media\/1913"}],"wp:attachment":[{"href":"https:\/\/haoyumaterial.com\/tr\/wp-json\/wp\/v2\/media?parent=1912"}],"wp:term":[{"taxonomy":"product_brand","embeddable":true,"href":"https:\/\/haoyumaterial.com\/tr\/wp-json\/wp\/v2\/product_brand?post=1912"},{"taxonomy":"product_cat","embeddable":true,"href":"https:\/\/haoyumaterial.com\/tr\/wp-json\/wp\/v2\/product_cat?post=1912"},{"taxonomy":"product_tag","embeddable":true,"href":"https:\/\/haoyumaterial.com\/tr\/wp-json\/wp\/v2\/product_tag?post=1912"}],"curies":[{"name":"wp","href":"https:\/\/api.w.org\/{rel}","templated":true}]}}