{"id":1931,"date":"2026-03-02T08:41:07","date_gmt":"2026-03-02T00:41:07","guid":{"rendered":"https:\/\/haoyumaterial.com\/?post_type=product&#038;p=1931"},"modified":"2026-03-02T08:41:08","modified_gmt":"2026-03-02T00:41:08","slug":"aluminum-for-casting-solutions-by-vastmaterial","status":"publish","type":"product","link":"https:\/\/haoyumaterial.com\/tr\/product\/aluminum-for-casting-solutions-by-vastmaterial\/","title":{"rendered":"Vastmaterial taraf\u0131ndan D\u00f6k\u00fcm \u00c7\u00f6z\u00fcmleri i\u00e7in Al\u00fcminyum"},"content":{"rendered":"<p>Vastmaterial al\u00fcminyum d\u00f6k\u00fcm hizmetleri i\u00e7in A356 A380 ala\u015f\u0131mlar\u0131 y\u00fcksek hassasiyet, d\u00fc\u015f\u00fck g\u00f6zeneklilik ve \u00f6zel end\u00fcstriyel uygulamalar ile.<\/p>\n<h2>Al\u00fcminyumun D\u00f6k\u00fcm Projeleri i\u00e7in M\u00fchendislik Faydalar\u0131<\/h2>\n<p>Do\u011fru malzeme se\u00e7imi, \u00fcr\u00fcn\u00fcn kullan\u0131labilirli\u011fi ve performans\u0131n\u0131 sa\u011flaman\u0131n temel ad\u0131m\u0131d\u0131r. \u00d6nceli\u011fimiz\u00a0<strong>al\u00fcminyum d\u00f6k\u00fcm i\u00e7in<\/strong>\u00a0\u00e7\u00fcnk\u00fc bu, mekanik \u00f6zellikler ve \u00fcretim verimlili\u011fi a\u00e7\u0131s\u0131ndan \u00e7ok y\u00f6nl\u00fc bir denge sa\u011flar ve manyetik metallere k\u0131yasla genellikle daha \u00fcst\u00fcn olur. Havac\u0131l\u0131k, otomotiv ve enerji gibi y\u00fcksek performansl\u0131 bile\u015fenler gerektiren end\u00fcstriler i\u00e7in\u2014al\u00fcminyum ala\u015f\u0131mlar\u0131 gerekli yap\u0131sal b\u00fct\u00fcnl\u00fc\u011f\u00fc sa\u011flar ve toplam k\u00fctleyi \u00f6nemli \u00f6l\u00e7\u00fcde azalt\u0131r.<\/p>\n<p>M\u00fchendislik ekibimiz, al\u00fcminyumun belirli fiziksel \u00f6zelliklerinden yararlanarak bile\u015fen tasar\u0131m\u0131n\u0131 optimize eder:<\/p>\n<ul>\n<li><strong>\u00dcst\u00fcn G\u00fc\u00e7-A\u011f\u0131rl\u0131k Oran\u0131:<\/strong>\u00a0Bu, otomotiv uygulamalar\u0131nda yak\u0131t verimlili\u011fini en \u00fcst d\u00fczeye \u00e7\u0131karmak ve havac\u0131l\u0131k bile\u015fenlerinde ta\u015f\u0131ma kapasitesini art\u0131rmak i\u00e7in kritiktir.\u00a0<strong>Hafif d\u00f6k\u00fcm ala\u015f\u0131mlar\u0131<\/strong>\u00a0G\u00fcvenlik fakt\u00f6rlerini veya yap\u0131sal rijitli\u011fi tehlikeye atmadan \u00e7elik veya demire k\u0131yasla \u00f6nemli \u00f6l\u00e7\u00fcde a\u011f\u0131rl\u0131k azalt\u0131m\u0131 ger\u00e7ekle\u015ftirmemize olanak tan\u0131r.<\/li>\n<li><strong>Y\u00fcksek Termal \u0130letkenlik:<\/strong>\u00a0Al\u00fcminyum, \u0131s\u0131y\u0131 etkili bir \u015fekilde da\u011f\u0131tarak elektronik muhafazalar, \u0131s\u0131 emiciler ve termal y\u00f6netim sistemleri i\u00e7in standart tercih haline gelir; burada s\u0131cakl\u0131k d\u00fczenlemesi bile\u015fen \u00f6mr\u00fc i\u00e7in hayati \u00f6nemdedir.<\/li>\n<li><strong>M\u00fckemmel \u0130\u015flenebilirlik:<\/strong>\u00a0D\u00f6k\u00fcm sonras\u0131 i\u015flemler, s\u0131k\u0131 toleranslar elde etmek i\u00e7in s\u0131kl\u0131kla gereklidir. Al\u00fcminyum, h\u0131zl\u0131 CNC i\u015fleme h\u0131zlar\u0131 ve azalan tak\u0131m a\u015f\u0131nmas\u0131 sa\u011flar; bu da do\u011frudan a\u015fa\u011f\u0131 ak\u0131\u015f \u00fcretim maliyetlerini d\u00fc\u015f\u00fcr\u00fcr ve \u00fcretim s\u00fcrelerini k\u0131salt\u0131r.<\/li>\n<li><strong>Do\u011fal Korozyon Direnci:<\/strong>\u00a0Oksijenle temas etti\u011finde, al\u00fcminyum koruyucu bir oksit tabakas\u0131 olu\u015fturur. Bu do\u011fu\u015ftan \u00f6zellik, deniz ve a\u00e7\u0131k hava end\u00fcstriyel ortamlar\u0131nda dayan\u0131kl\u0131l\u0131\u011f\u0131 sa\u011flar ve genellikle pahal\u0131 ikincil koruyucu kaplamalara olan ba\u011f\u0131ml\u0131l\u0131\u011f\u0131 azalt\u0131r.<\/li>\n<\/ul>\n<h3>Malzeme Performans \u00d6zeti<\/h3>\n<div class=\"table-responsive\">\n<table class=\"table\">\n<thead>\n<tr>\n<th>\u00d6zellik<\/th>\n<th>M\u00fchendislik Faydas\u0131<\/th>\n<th>Tipik Uygulama<\/th>\n<\/tr>\n<\/thead>\n<tbody>\n<tr>\n<td><strong>D\u00fc\u015f\u00fck Yo\u011funluk<\/strong><\/td>\n<td>\u00a0 \u00a0 \u00a0 \u00a0 \u00a0 \u00a0 \u00a0 \u00a0 \u00a0 \u00a0 \u00a0 \u00a0 \u00a0 \u00a0 \u00a0 \u00a0 \u00a0D\u00fc\u015f\u00fck k\u00fctle ile y\u00fcksek mukavemet (yakla\u015f\u0131k 1\/3 \u00e7elik)<\/td>\n<td>\u00a0 \u00a0 \u00a0Havac\u0131l\u0131k destekleri, elektrikli ara\u00e7 batarya muhafazalar\u0131<\/td>\n<\/tr>\n<tr>\n<td><strong>Is\u0131 Transferi<\/strong><\/td>\n<td>\u00a0 \u00a0 \u00a0 \u00a0 \u00a0 \u00a0 \u00a0 \u00a0 \u00a0 \u00a0 \u00a0 \u00a0 \u00a0 \u00a0 \u00a0 \u00a0 H\u0131zl\u0131 \u0131s\u0131 da\u011f\u0131l\u0131m\u0131 a\u015f\u0131r\u0131 \u0131s\u0131nmay\u0131 \u00f6nler<\/td>\n<td>\u00a0 \u00a0 LED ayd\u0131nlatma armat\u00fcrleri, CPU \u0131s\u0131 emicileri<\/td>\n<\/tr>\n<tr>\n<td><strong>\u0130\u015flenebilirlik<\/strong><\/td>\n<td>\u00a0 \u00a0 \u00a0 \u00a0 \u00a0 \u00a0 \u00a0 \u00a0 \u00a0 \u00a0 \u00a0 \u00a0 \u00a0 \u00a0 \u00a0 \u00a0 \u00a0Daha h\u0131zl\u0131 d\u00f6ng\u00fc s\u00fcreleri ve uzat\u0131lm\u0131\u015f tak\u0131m \u00f6mr\u00fc<\/td>\n<td>\u00a0 \u00a0Hassas motor bile\u015fenleri, karma\u015f\u0131k manifoldlar<\/td>\n<\/tr>\n<tr>\n<td><strong>Y\u00fczey Stabilitesi<\/strong><\/td>\n<td>\u00a0 \u00a0 \u00a0 \u00a0 \u00a0 \u00a0 \u00a0 \u00a0 \u00a0 \u00a0 \u00a0 \u00a0 \u00a0 \u00a0 \u00a0 \u00a0 \u00a0Oksidasyona ve \u00e7evresel a\u015f\u0131nmaya diren\u00e7<\/td>\n<td>\u00a0 \u00a0Deniz donan\u0131m\u0131, a\u00e7\u0131k hava telekom kutular\u0131<\/td>\n<\/tr>\n<\/tbody>\n<\/table>\n<\/div>\n<h2>Geni\u015f malzeme Ala\u015f\u0131m Se\u00e7imi: Uygulamaya Uygun Dereceyi E\u015fle\u015ftirme<\/h2>\n<p><img loading=\"lazy\" decoding=\"async\" class=\"alignnone  wp-image-1932\" src=\"https:\/\/haoyumaterial.com\/wp-content\/uploads\/2026\/03\/aluminium-casting-300x269.png\" alt=\"\" width=\"545\" height=\"489\" srcset=\"https:\/\/haoyumaterial.com\/wp-content\/uploads\/2026\/03\/aluminium-casting-300x269.png 300w, https:\/\/haoyumaterial.com\/wp-content\/uploads\/2026\/03\/aluminium-casting-768x689.png 768w, https:\/\/haoyumaterial.com\/wp-content\/uploads\/2026\/03\/aluminium-casting-13x12.png 13w, https:\/\/haoyumaterial.com\/wp-content\/uploads\/2026\/03\/aluminium-casting-600x538.png 600w, https:\/\/haoyumaterial.com\/wp-content\/uploads\/2026\/03\/aluminium-casting.png 992w\" sizes=\"auto, (max-width: 545px) 100vw, 545px\" \/><\/p>\n<p>Do\u011fru olan\u0131 se\u00e7mek\u00a0<strong>al\u00fcminyum d\u00f6k\u00fcm i\u00e7in<\/strong>\u00a0par\u00e7an\u0131n dayan\u0131kl\u0131 olup olmamas\u0131 ile ar\u0131zalanmas\u0131 aras\u0131ndaki farkt\u0131r. Sadece genel metal sunmuyoruz; mekanik ve termal gereksinimlerinize uygun belirli seriye y\u00f6nlendiriyoruz. M\u00fchendislik ekibimiz, malzeme \u00f6zelliklerinin motor blo\u011fu veya hassas bir elektronik muhafaza olsun, bile\u015feninizin ama\u00e7lanan i\u015flevine uygun olmas\u0131n\u0131 sa\u011flar.<\/p>\n<p>\u0130\u015fte maksimum performans i\u00e7in ala\u015f\u0131m se\u00e7eneklerimizi nas\u0131l detayland\u0131r\u0131yoruz:<\/p>\n<ul>\n<li><strong>A356 \/ 356.0:<\/strong>\u00a0Bu, gerektiren par\u00e7alar i\u00e7in ilk tercihimizdir\u00a0<strong>bas\u0131n\u00e7 s\u0131zd\u0131rmazl\u0131\u011f\u0131<\/strong>\u00a0ve y\u00fcksek yap\u0131sal b\u00fct\u00fcnl\u00fck. Is\u0131l i\u015fleme son derece iyi yan\u0131t verir, bu da onu g\u00fcvenlik a\u00e7\u0131s\u0131ndan kritik havac\u0131l\u0131k ve otomotiv uygulamalar\u0131 i\u00e7in ideal k\u0131lar.<\/li>\n<li><strong>A380 \/ ADC12:<\/strong>\u00a0Tasar\u0131m karma\u015f\u0131k geometriler ve ince duvarlar gerektirdi\u011finde,\u00a0<strong>A380 Al\u00fcminyum Ala\u015f\u0131m\u0131<\/strong>\u00a0veya ADC12 kullan\u0131r\u0131z. \u00dcst\u00fcn\u00a0<strong>erimi\u015f metal ak\u0131\u015fkanl\u0131klar\u0131<\/strong>\u00a0Karma\u015f\u0131k kal\u0131plar\u0131 tamamen doldurabilece\u011fimizi, minimum kusurlarla yak\u0131n-net \u015fekil sonu\u00e7lar\u0131 elde etti\u011fimizi garanti eder.<\/li>\n<li><strong>Al-Si ve Al-Mg Serisi:<\/strong>\u00a0Bu serileri dengeledi\u011finizde \u00f6neririz\u00a0<strong>a\u015f\u0131nma direnci<\/strong>\u00a0bitmi\u015f g\u00f6r\u00fcn\u00fcm ile. M\u00fckemmel korozyon direnci sa\u011flarlar ve d\u00f6k\u00fcm i\u015fleminden sonra parlatmak veya anotlamak daha kolayd\u0131r.<\/li>\n<li><strong>\u00d6zel Ala\u015f\u0131m Geli\u015ftirme:<\/strong>\u00a0Standart bir kalite ihtiya\u00e7lar\u0131n\u0131z\u0131 kar\u015f\u0131lam\u0131yorsa, kimyasal bile\u015fimleri \u00f6zelle\u015ftiriyoruz. Belirli \u00f6zellikleri art\u0131rmak i\u00e7in elementleri ayarlar\u0131z, \u00f6rne\u011fin termal iletkenlik veya \u00e7ekme dayan\u0131kl\u0131l\u0131\u011f\u0131.<\/li>\n<\/ul>\n<p>\u00dcretim ak\u0131\u015f\u0131m\u0131z\u0131n temelini anlamak isteyen m\u00fc\u015fteriler i\u00e7in,\u00a0<a href=\"https:\/\/haoyumaterial.com\/tr\/how-do-you-cast-aluminum-step-by-step-guide-for-beginners\/\">al\u00fcminyum d\u00f6k\u00fcm\u00fcn\u00fc ad\u0131m ad\u0131m nas\u0131l yap\u0131l\u0131r<\/a>\u00a0do\u011fru ala\u015f\u0131m\u0131 ba\u015flang\u0131\u00e7ta se\u00e7menin proje ba\u015far\u0131s\u0131 i\u00e7in neden \u00f6nemli oldu\u011funu a\u00e7\u0131kl\u0131\u011fa kavu\u015fturur.<\/p>\n<h2>Al\u00fcminyum D\u00f6k\u00fcm S\u00fcre\u00e7lerimiz ve Yeteneklerimiz<\/h2>\n<p><img decoding=\"async\" src=\"https:\/\/haoyumaterial.com\/wp-content\/uploads\/2026\/03\/aluminum_casting_processes_and_capabilities_dbxJpq.webp\" alt=\"al\u00fcminyum d\u00f6k\u00fcm s\u00fcre\u00e7leri ve yetenekleri\" \/><\/p>\n<p>Vastmaterial'da sadece metal tedarik etmiyoruz; \u00e7\u00f6z\u00fcmler tasarl\u0131yoruz. Do\u011fru s\u00fcreci se\u00e7mek\u00a0<strong>al\u00fcminyum d\u00f6k\u00fcm i\u00e7in<\/strong>\u00a0al\u00fcminyum ala\u015f\u0131m\u0131n\u0131 se\u00e7mek kadar kritik. H\u0131zl\u0131 prototiplemeden seri \u00fcretime kadar her \u015feyi y\u00f6netebilen en son teknoloji tesislerimiz var, b\u00f6ylece projenizin maliyet, h\u0131z ve hassasiyet aras\u0131nda m\u00fckemmel dengeyi yakalamas\u0131n\u0131 sa\u011fl\u0131yoruz.<\/p>\n<h3>Hassas Y\u00fcksek Bas\u0131n\u00e7l\u0131 D\u00f6k\u00fcm (HPDC)<\/h3>\n<p>Y\u00fcksek hacimli \u00e7\u0131kt\u0131 ve tutarl\u0131 tekrar edilebilirlik gerektiren projeler i\u00e7in,\u00a0<strong>Y\u00fcksek Bas\u0131n\u00e7l\u0131 D\u00f6k\u00fcm (HPDC)<\/strong>\u00a0yeteneklerimiz rakipsizdir. Bu s\u00fcre\u00e7, erimi\u015f al\u00fcminyumun y\u00fcksek h\u0131z ve bas\u0131n\u00e7la \u00e7elik kal\u0131plara enjekte edilmesini sa\u011flar. Dar toleranslar ve ince duvarlar gerektiren otomotiv ve t\u00fcketici elektroni\u011fi par\u00e7alar\u0131 i\u00e7in tercih edilen y\u00f6ntemdir.<\/p>\n<ul>\n<li><strong>En iyi kullan\u0131m alanlar\u0131:<\/strong>\u00a0Y\u00fcksek hacimli \u00fcretim \u00e7al\u0131\u015fmalar\u0131 (1.000+ birim).<\/li>\n<li><strong>Avantaj:<\/strong>\u00a0M\u00fckemmel y\u00fczey kalitesi ve h\u0131zl\u0131 d\u00f6ng\u00fc s\u00fcreleri.<\/li>\n<\/ul>\n<h3>Kum D\u00f6k\u00fcm \u00c7ok Y\u00f6nl\u00fcl\u00fck \u0130\u00e7in<\/h3>\n<p>B\u00fcy\u00fck bile\u015fenlere ihtiyac\u0131n\u0131z oldu\u011funda veya \u00fcr\u00fcn geli\u015ftirme a\u015famalar\u0131n\u0131n ba\u015f\u0131nda oldu\u011funuzda,\u00a0<strong>kum d\u00f6k\u00fcm<\/strong>\u00a0ihtiyac\u0131n\u0131z olan esnekli\u011fi sunar. Bu y\u00f6ntem, kum kal\u0131p kullan\u0131r ve d\u00fc\u015f\u00fck hacimli sipari\u015fler ile kal\u0131p d\u00f6k\u00fcm i\u00e7in \u00e7ok pahal\u0131 olabilecek karma\u015f\u0131k geometrilerde maliyet avantaj\u0131 sa\u011flar. A\u011f\u0131r makine par\u00e7alar\u0131 ve ilk prototipler i\u00e7in idealdir.\u00a0<strong>al\u00fcminyum ala\u015f\u0131m prototipleri<\/strong>.<\/p>\n<h3>Hangi y\u00f6ntemin ihtiya\u00e7lar\u0131n\u0131za uygun oldu\u011funu belirlemenize yard\u0131mc\u0131 olmak i\u00e7in, bu iki temel y\u00f6ntemin nas\u0131l kar\u015f\u0131la\u015ft\u0131r\u0131ld\u0131\u011f\u0131n\u0131 h\u0131zl\u0131ca \u00f6zetledik:<\/h3>\n<p>Karma\u015f\u0131k detaylar ve yak\u0131n net \u015fekil do\u011frulu\u011fu gerektiren uygulamalar i\u00e7in, biz kullan\u0131yoruz. Bu teknik \u00fcst\u00fcn boyutsal stabilite sa\u011flar ve kapsaml\u0131 ikincil i\u015fleme ihtiyac\u0131n\u0131 azalt\u0131r. Havac\u0131l\u0131k ve uzay bile\u015fenleri ile karma\u015f\u0131k end\u00fcstriyel vanalar gibi hassasiyetin \u00f6nemli oldu\u011fu alanlarda s\u0131k\u00e7a kullan\u0131l\u0131r.\u00a0<strong>d\u00f6k\u00fcm yat\u0131r\u0131m\u0131<\/strong>. \u0130\u00e7 Tasar\u0131m ve Sim\u00fclasyon.<\/p>\n<h3>Kalite, metal erimeden \u00f6nce ba\u015flar. M\u00fchendislik ekibimiz, erimi\u015f al\u00fcminyumun kal\u0131b\u0131 nas\u0131l dolduraca\u011f\u0131n\u0131 tahmin etmek i\u00e7in geli\u015fmi\u015f ak\u0131\u015f sim\u00fclasyonu yaz\u0131l\u0131m\u0131 kullan\u0131r. Termal dinamikleri ve ak\u0131\u015fkan hareketi analiz ederek,<\/h3>\n<p>optimize edebiliriz.\u00a0<strong>kal\u0131p tasar\u0131m\u0131<\/strong>\u00a0g\u00f6zeneklilik ve \u00e7ekilme gibi yayg\u0131n kusurlar\u0131 \u00f6nlemek i\u00e7in. Bu proaktif yakla\u015f\u0131m, bizimden \u00e7\u0131kan her par\u00e7an\u0131n\u00a0<a href=\"https:\/\/haoyumaterial.com\/tr\/factory\/\">fabrika<\/a>\u00a0s\u0131k\u0131 yap\u0131sal standartlara uygun olur.<\/p>\n<h2>D\u00f6k\u00fcm Sonras\u0131 Hizmetler: \u0130\u015fleme ve Y\u00fczey \u0130\u015flemi<\/h2>\n<p><img decoding=\"async\" src=\"https:\/\/haoyumaterial.com\/wp-content\/uploads\/2026\/03\/Aluminum_Casting_Machining_and_Surface_Treatment_Q.webp\" alt=\"Al\u00fcminyum D\u00f6k\u00fcm \u0130\u015fleme ve Y\u00fczey \u0130\u015flemi\" \/><\/p>\n<p>\u015eekli do\u011fru almak sadece ilk ad\u0131md\u0131r.  \n\u0130\u015fte sizin i\u00e7in\u00a0<strong>al\u00fcminyum d\u00f6k\u00fcm i\u00e7in<\/strong>\u00a0Projeler ger\u00e7ek d\u00fcnya uygulamas\u0131na haz\u0131r hale geldi\u011finde, ikincil operasyonlar\u0131 do\u011frudan \u00fcretim ak\u0131\u015f\u0131m\u0131za entegre ediyoruz. Bu \u201ctek durak\u201d yakla\u015f\u0131m, lojistik sorunlar\u0131 azalt\u0131r ve son bile\u015fenin ABD m\u00fchendislik standartlar\u0131yla tam uyumlu olmas\u0131n\u0131 sa\u011flar.<\/p>\n<p>Ham d\u00f6k\u00fcm par\u00e7alar\u0131n\u0131 \u00fc\u00e7 kritik a\u015famada inceliyoruz:<\/p>\n<ul>\n<li><strong>CNC \u0130\u015fleme:<\/strong>\u00a0Kal\u0131p tekniklerimiz yak\u0131n net \u015fekiller elde ederken, kritik birle\u015fme y\u00fczeyleri genellikle d\u00f6k\u00fcm\u00fcn tek ba\u015f\u0131na sa\u011flayamayaca\u011f\u0131 daha s\u0131k\u0131 toleranslar gerektirir. Karma\u015f\u0131k montajlar i\u00e7in m\u00fckemmel uyumu sa\u011flamak amac\u0131yla y\u00fcksek hassasiyetli CNC i\u015fleme kullan\u0131yoruz. Tamamlay\u0131c\u0131\u00a0<a href=\"https:\/\/haoyumaterial.com\/tr\/alloy-cast-steel-factory-capabilities-processes-and-quality\/\">fabrika yeteneklerimizi ve s\u00fcre\u00e7lerimizi<\/a>\u00a0g\u00f6zden ge\u00e7irebilir ve ergitmeden son kesime kadar s\u0131k\u0131 kalite kontrol\u00fcn\u00fc nas\u0131l sa\u011flad\u0131\u011f\u0131m\u0131z\u0131 anlayabilirsiniz.<\/li>\n<li><strong>Is\u0131l \u0130\u015flem (T5\/T6):<\/strong>\u00a0Mekanik performans\u0131 en \u00fcst d\u00fczeye \u00e7\u0131karmak i\u00e7in belirli termal d\u00f6ng\u00fcler kullan\u0131yoruz. T6 gibi i\u015flemler (\u00e7\u00f6z\u00fcm \u0131s\u0131l i\u015flemi ve ard\u0131ndan yapay ya\u015fland\u0131rma) ala\u015f\u0131m\u0131n \u00e7ekme dayan\u0131kl\u0131l\u0131\u011f\u0131n\u0131 ve sertli\u011fini \u00f6nemli \u00f6l\u00e7\u00fcde art\u0131r\u0131r, par\u00e7ay\u0131 yap\u0131sal uygulamalara uygun hale getirir.<\/li>\n<li><strong>Y\u00fczey \u0130\u015flem:<\/strong>\u00a0Dayan\u0131kl\u0131l\u0131\u011f\u0131 ve esteti\u011fi art\u0131rmak i\u00e7in \u00e7e\u015fitli i\u015flemler sunuyoruz:\n<ul>\n<li><strong>Eloksal:<\/strong>\u00a0Korozyon direncini ve y\u00fczey sertli\u011fini art\u0131r\u0131rken, renk \u00f6zelle\u015ftirmesine olanak tan\u0131r.<\/li>\n<li><strong>Toz Boya:<\/strong>\u00a0Zorlu d\u0131\u015f ortam ko\u015fullar\u0131na maruz kalan par\u00e7alar i\u00e7in kal\u0131n, dayan\u0131kl\u0131 bir bariyer olu\u015fturur.<\/li>\n<li><strong>Kromat D\u00f6n\u00fc\u015f\u00fcm\u00fc:<\/strong>\u00a0Elektrik iletkenli\u011fini korurken m\u00fckemmel korozyon korumas\u0131 sa\u011flar.<\/li>\n<\/ul>\n<\/li>\n<\/ul>\n<h2>Kalite Kontrol\u00fc: Hatas\u0131z D\u00f6k\u00fcmler Sa\u011flama<\/h2>\n<p><img loading=\"lazy\" decoding=\"async\" class=\"alignnone  wp-image-1933\" src=\"https:\/\/haoyumaterial.com\/wp-content\/uploads\/2026\/03\/aluminum-for-casting-300x294.png\" alt=\"\" width=\"469\" height=\"460\" srcset=\"https:\/\/haoyumaterial.com\/wp-content\/uploads\/2026\/03\/aluminum-for-casting-300x294.png 300w, https:\/\/haoyumaterial.com\/wp-content\/uploads\/2026\/03\/aluminum-for-casting-12x12.png 12w, https:\/\/haoyumaterial.com\/wp-content\/uploads\/2026\/03\/aluminum-for-casting.png 318w\" sizes=\"auto, (max-width: 469px) 100vw, 469px\" \/><\/p>\n<p>\u0130le ilgilenirken\u00a0<strong>al\u00fcminyum d\u00f6k\u00fcm i\u00e7in<\/strong>, hassasiyet iste\u011fe ba\u011fl\u0131 de\u011fildir\u2014bu temel ilkedir. Vastmaterial'da, yap\u0131sal b\u00fct\u00fcnl\u00fc\u011f\u00fc \u015fansa b\u0131rakm\u0131yoruz. \u00dcretim tesislerimiz ger\u00e7ek zamanl\u0131 izleme ve geli\u015fmi\u015f laboratuvar testleri entegre ederek her bile\u015fenin ABD pazar\u0131n\u0131n kat\u0131 taleplerine uygun olmas\u0131n\u0131 sa\u011flar.<\/p>\n<p>Birden fazla katmanl\u0131 denetim stratejisi kullan\u0131yoruz ki\u00a0<strong>boyutsal kararl\u0131l\u0131k<\/strong>\u00a0ve mekanik performans:<\/p>\n<ul>\n<li><strong>\u0130\u00e7sel B\u00fct\u00fcnl\u00fck Kontrolleri:<\/strong>\u00a0Kullan\u0131yoruz\u00a0<strong>R\u00f6ntgen ve Radyografik test<\/strong>\u00a0g\u00f6r\u00fcn\u00fc\u015f\u00fcn \u00f6tesini g\u00f6rmek. Bu, kritik \u00f6nemdedir\u00a0<strong>porozite kontrol\u00fc<\/strong>, i\u00e7 bo\u015fluklar\u0131 veya b\u00fcz\u00fclmeleri tespit etmemize olanak tan\u0131r, bu da par\u00e7an\u0131n dayan\u0131kl\u0131l\u0131\u011f\u0131n\u0131 tehlikeye atabilir ve fabrikadan \u00e7\u0131kmadan \u00f6nce tespit edilir.<\/li>\n<li><strong>Ala\u015f\u0131m Do\u011frulama:<\/strong>\u00a0Kullan\u0131larak\u00a0<strong>Spektrometre analizi<\/strong>, ergiyiklerin tam kimyasal bile\u015fimini do\u011frular\u0131z. \u0130ster belirli \u00e7ekme dayan\u0131kl\u0131l\u0131\u011f\u0131 ister termal \u00f6zellikler gerek, malzemenin belirtti\u011finiz kaliteye uygun oldu\u011funu sa\u011flar\u0131z\u00a0<a href=\"https:\/\/haoyumaterial.com\/tr\/cast-aluminum-foundry-guide-processes-alloys-and-selection\/\">d\u00f6kme al\u00fcminyum d\u00f6k\u00fcmhane k\u0131lavuzumuzda detayland\u0131r\u0131lan teknikler<\/a>.<\/li>\n<li><strong>Y\u00fcksek \u00e7al\u0131\u015fma s\u0131cakl\u0131klar\u0131na maruz kalan par\u00e7alar i\u00e7in vazge\u00e7ilmez.<\/strong>\u00a0Bizim\u00a0<strong>CMM (Koordinat \u00d6l\u00e7\u00fcm Makinesi) muayenesi<\/strong>\u00a0karma\u015f\u0131k geometrilerin s\u0131k\u0131 toleranslara uydu\u011funu do\u011frular. Bu ad\u0131m, son par\u00e7an\u0131n CAD verilerinizle m\u00fckemmel uyum sa\u011flad\u0131\u011f\u0131n\u0131 ve sorunsuz montaj ve fonksiyon sa\u011flad\u0131\u011f\u0131n\u0131 teyit eder.<\/li>\n<\/ul>\n<h2>SSS: Al\u00fcminyum D\u00f6k\u00fcm Hizmetleri Hakk\u0131nda S\u0131k\u00e7a Sorulan Sorular<\/h2>\n<p>Do\u011fru i\u015f orta\u011f\u0131n\u0131 se\u00e7menin\u00a0<strong>al\u00fcminyum d\u00f6k\u00fcm i\u00e7in<\/strong>\u00a0teknik inceleme gerektirdi\u011fini anl\u0131yoruz. \u0130\u015fte Amerika Birle\u015fik Devletleri'ndeki m\u00fchendislik ekiplerinden yeteneklerimiz ve s\u00fcre\u00e7lerimizle ilgili ald\u0131\u011f\u0131m\u0131z en s\u0131k sorular\u0131n yan\u0131tlar\u0131.<\/p>\n<h3>Al\u00fcminyum bas\u0131n\u00e7l\u0131 d\u00f6k\u00fcm i\u00e7in minimum duvar kal\u0131nl\u0131\u011f\u0131 nedir?<\/h3>\n<p>Tesisimiz, hafiflik ve dayan\u0131kl\u0131l\u0131k i\u00e7in tasarlanm\u0131\u015f y\u00fcksek hassasiyetli d\u00f6k\u00fcm konusunda uzmanla\u015fm\u0131\u015ft\u0131r. Kesin s\u0131n\u0131r par\u00e7an\u0131n geometrisine ve se\u00e7ilen ala\u015f\u0131ma ba\u011fl\u0131 olsa da, geli\u015fmi\u015f bas\u0131n\u00e7 ve d\u00f6k\u00fcm ekipmanlar\u0131m\u0131z, s\u0131k\u0131 toleranslarla inan\u0131lmaz derecede ince duvarlar elde etmemizi sa\u011flar. Yap\u0131sal b\u00fct\u00fcnl\u00fckten \u00f6d\u00fcn vermeden a\u011f\u0131rl\u0131\u011f\u0131 azaltmaya odaklan\u0131yoruz ve bile\u015fenlerinizin titiz mekanik standartlar\u0131 kar\u015f\u0131lamas\u0131n\u0131 sa\u011fl\u0131yoruz.<\/p>\n<h3>AlSi10Mg gibi belirli ala\u015f\u0131m derecelerini e\u015fle\u015ftirebilir misiniz?<\/h3>\n<p>Kesinlikle. \u00d6zelle\u015ftirme, hizmetimizin temel bir par\u00e7as\u0131d\u0131r. Sadece standart haz\u0131r se\u00e7enekler sunmuyoruz; Ar-Ge ekibimiz, \u00f6zel kompozisyonlar da dahil olmak \u00fczere \u00e7ok \u00e7e\u015fitli malzemelerle \u00e7al\u0131\u015fmaktad\u0131r. \u0130ster standart serilere, ister AlSi10Mg gibi belirli y\u00fcksek performansl\u0131 derecelere ihtiyac\u0131n\u0131z olsun, ihtiyac\u0131n\u0131z olan tam malzeme \u00f6zelliklerini tedarik edebilir ve do\u011frulayabiliriz.\u00a0<a href=\"https:\/\/haoyumaterial.com\/tr\/urun-kategori\/aluminum-alloy\/\">kapsaml\u0131 al\u00fcminyum ala\u015f\u0131m portf\u00f6y\u00fcm\u00fcz\u00fc ke\u015ffedebilirsiniz<\/a>\u00a0Malzeme \u00f6zelliklerini uygulama gereksinimlerine nas\u0131l uyarlad\u0131\u011f\u0131m\u0131z\u0131 g\u00f6rmek.<\/p>\n<h3>Al\u00fcminyum d\u00f6k\u00fcmde g\u00f6zeneklili\u011fi nas\u0131l kontrol ediyorsunuz?<\/h3>\n<p>G\u00f6zeneklili\u011fin kontrol\u00fc, bas\u0131n\u00e7 s\u0131zd\u0131rmazl\u0131\u011f\u0131 ve dayan\u0131kl\u0131l\u0131k i\u00e7in kritik \u00f6neme sahiptir. Ger\u00e7ek zamanl\u0131 \u00fcretim izleme entegrasyonu sa\u011flayan son teknoloji \u00fcretim tesisleri kullan\u0131yoruz. Kap\u0131 tasar\u0131mlar\u0131m\u0131z\u0131 optimize ederek ve d\u00f6k\u00fcm s\u00fcrecinde s\u0131cakl\u0131k ve bas\u0131nc\u0131 s\u0131k\u0131 bir \u015fekilde kontrol ederek gaz hapsini ve \u00e7ekilme sorunlar\u0131n\u0131 en aza indiriyoruz. Teknik m\u00fckemmeliyet konusundaki taahh\u00fcd\u00fcm\u00fcz, her par\u00e7an\u0131n i\u00e7 yap\u0131s\u0131n\u0131n sa\u011flam ve g\u00fcvenilir olmas\u0131n\u0131 sa\u011flar.<\/p>\n<h3>Prototipler ve tam \u00fcretim i\u00e7in teslim s\u00fcreleriniz nedir?<\/h3>\n<p>H\u0131zl\u0131 verimlilikle gurur duyuyoruz. Piyasa h\u0131z\u0131n\u0131n \u00f6nemli oldu\u011funu anl\u0131yoruz, bu y\u00fczden i\u015f ak\u0131\u015f\u0131m\u0131z\u0131 optimize ettik ve\u00a0<a href=\"https:\/\/haoyumaterial.com\/tr\/advantages-of-rapid-protototyping-for-faster-and-smarter-manufacturing\/\">\u00fcretim i\u00e7in h\u0131zl\u0131 prototipleme<\/a>\u00a0standart \u00fcretim d\u00f6ng\u00fclerinden \u00e7ok daha h\u0131zl\u0131 teslimat sa\u011fl\u0131yoruz. Prototip onayland\u0131ktan sonra, tesisimiz sorunsuz bir \u015fekilde y\u00fcksek hacimli \u00fcretime \u00f6l\u00e7eklenir ve t\u00fcm proje ya\u015fam d\u00f6ng\u00fcs\u00fc boyunca ayn\u0131 hassasiyet ve kalite g\u00fcvencesini korur.<\/p>","protected":false},"excerpt":{"rendered":"<p>Vastmaterial aluminum for casting services with A356 A380 alloys high precision low porosity and custom industrial applications. Engineering Benefits of [&hellip;]<\/p>\n","protected":false},"featured_media":1878,"comment_status":"open","ping_status":"closed","template":"","meta":{"site-sidebar-layout":"default","site-content-layout":"","ast-site-content-layout":"default","site-content-style":"default","site-sidebar-style":"default","ast-global-header-display":"","ast-banner-title-visibility":"","ast-main-header-display":"","ast-hfb-above-header-display":"","ast-hfb-below-header-display":"","ast-hfb-mobile-header-display":"","site-post-title":"","ast-breadcrumbs-content":"","ast-featured-img":"","footer-sml-layout":"","ast-disable-related-posts":"","theme-transparent-header-meta":"default","adv-header-id-meta":"","stick-header-meta":"","header-above-stick-meta":"","header-main-stick-meta":"","header-below-stick-meta":"","astra-migrate-meta-layouts":"set","ast-page-background-enabled":"default","ast-page-background-meta":{"desktop":{"background-color":"var(--ast-global-color-5)","background-image":"","background-repeat":"repeat","background-position":"center center","background-size":"auto","background-attachment":"scroll","background-type":"","background-media":"","overlay-type":"","overlay-color":"","overlay-opacity":"","overlay-gradient":""},"tablet":{"background-color":"","background-image":"","background-repeat":"repeat","background-position":"center center","background-size":"auto","background-attachment":"scroll","background-type":"","background-media":"","overlay-type":"","overlay-color":"","overlay-opacity":"","overlay-gradient":""},"mobile":{"background-color":"","background-image":"","background-repeat":"repeat","background-position":"center center","background-size":"auto","background-attachment":"scroll","background-type":"","background-media":"","overlay-type":"","overlay-color":"","overlay-opacity":"","overlay-gradient":""}},"ast-content-background-meta":{"desktop":{"background-color":"var(--ast-global-color-4)","background-image":"","background-repeat":"repeat","background-position":"center center","background-size":"auto","background-attachment":"scroll","background-type":"","background-media":"","overlay-type":"","overlay-color":"","overlay-opacity":"","overlay-gradient":""},"tablet":{"background-color":"var(--ast-global-color-4)","background-image":"","background-repeat":"repeat","background-position":"center center","background-size":"auto","background-attachment":"scroll","background-type":"","background-media":"","overlay-type":"","overlay-color":"","overlay-opacity":"","overlay-gradient":""},"mobile":{"background-color":"var(--ast-global-color-4)","background-image":"","background-repeat":"repeat","background-position":"center center","background-size":"auto","background-attachment":"scroll","background-type":"","background-media":"","overlay-type":"","overlay-color":"","overlay-opacity":"","overlay-gradient":""}}},"product_brand":[],"product_cat":[21],"product_tag":[],"class_list":{"0":"post-1931","1":"product","2":"type-product","3":"status-publish","4":"has-post-thumbnail","6":"product_cat-aluminum-alloy","7":"desktop-align-left","8":"tablet-align-left","9":"mobile-align-left","11":"first","12":"instock","13":"shipping-taxable","14":"product-type-simple"},"_links":{"self":[{"href":"https:\/\/haoyumaterial.com\/tr\/wp-json\/wp\/v2\/product\/1931","targetHints":{"allow":["GET"]}}],"collection":[{"href":"https:\/\/haoyumaterial.com\/tr\/wp-json\/wp\/v2\/product"}],"about":[{"href":"https:\/\/haoyumaterial.com\/tr\/wp-json\/wp\/v2\/types\/product"}],"replies":[{"embeddable":true,"href":"https:\/\/haoyumaterial.com\/tr\/wp-json\/wp\/v2\/comments?post=1931"}],"wp:featuredmedia":[{"embeddable":true,"href":"https:\/\/haoyumaterial.com\/tr\/wp-json\/wp\/v2\/media\/1878"}],"wp:attachment":[{"href":"https:\/\/haoyumaterial.com\/tr\/wp-json\/wp\/v2\/media?parent=1931"}],"wp:term":[{"taxonomy":"product_brand","embeddable":true,"href":"https:\/\/haoyumaterial.com\/tr\/wp-json\/wp\/v2\/product_brand?post=1931"},{"taxonomy":"product_cat","embeddable":true,"href":"https:\/\/haoyumaterial.com\/tr\/wp-json\/wp\/v2\/product_cat?post=1931"},{"taxonomy":"product_tag","embeddable":true,"href":"https:\/\/haoyumaterial.com\/tr\/wp-json\/wp\/v2\/product_tag?post=1931"}],"curies":[{"name":"wp","href":"https:\/\/api.w.org\/{rel}","templated":true}]}}