{"id":1977,"date":"2026-03-07T09:17:17","date_gmt":"2026-03-07T01:17:17","guid":{"rendered":"https:\/\/haoyumaterial.com\/?post_type=product&#038;p=1977"},"modified":"2026-03-07T09:23:03","modified_gmt":"2026-03-07T01:23:03","slug":"permanent-mold-casting","status":"publish","type":"product","link":"https:\/\/haoyumaterial.com\/tr\/product\/permanent-mold-casting\/","title":{"rendered":"kal\u0131c\u0131 kal\u0131p d\u00f6k\u00fcm"},"content":{"rendered":"<p>Neden Vastmaterial'\u0131 Kal\u0131c\u0131 Kal\u0131p D\u00f6k\u00fcm \u00dcreticiniz Olarak Se\u00e7melisiniz?<\/p>\n<p>\u00d6nc\u00fc kal\u0131c\u0131 kal\u0131p d\u00f6k\u00fcm \u00fcreticileri olarak, do\u011fru hassasiyetli metal d\u00f6k\u00fcm tesisini se\u00e7menin tedarik zinciriniz i\u00e7in kritik oldu\u011funu anl\u0131yoruz. Vastmaterial'da, geli\u015fmi\u015f metalurji ile en son \u00fcretim y\u00f6netim sistemlerini birle\u015ftiriyoruz. Tesisimiz, prototiplemeden seri \u00fcretime ge\u00e7i\u015fi k\u00f6pr\u00fcler ve y\u00fcksek hassasiyetli al\u00fcminyum ve bak\u0131r bile\u015fenler gerektiren m\u00fc\u015fterilere stratejik bir avantaj sa\u011flar.<\/p>\n<p>Yeniden kullan\u0131labilir \u00c7elik Kal\u0131plar ile Maliyet Etkin \u00dcretim<\/p>\n<p>Orta ila y\u00fcksek hacimli \u00fcretim hatlar\u0131nda, yeniden kullan\u0131labilir metal kal\u0131plar\u0131m\u0131z belirgin bir ekonomik avantaj sunar. Geleneksel kum d\u00f6k\u00fcmden farkl\u0131 olarak, dayan\u0131kl\u0131 ara\u00e7 \u00e7eli\u011fi kal\u0131plar\u0131m\u0131z binlerce d\u00f6ng\u00fcye dayan\u0131r. Bu yakla\u015f\u0131m, birim maliyetleri \u00f6nemli \u00f6l\u00e7\u00fcde azalt\u0131r ve b\u00fcy\u00fck partilerde tutarl\u0131 boyutsal tekrarlanabilirlik sa\u011flar.<\/p>\n<p>\u00dcst\u00fcn Mekanik \u00d6zellikler ve G\u00f6zeneklilik Kontrol\u00fc<\/p>\n<p>Yap\u0131sal b\u00fct\u00fcnl\u00fc\u011f\u00fc \u00f6n planda tutuyoruz. Kal\u0131c\u0131 kal\u0131p s\u00fcrecimiz, h\u0131zl\u0131 kat\u0131la\u015fmay\u0131 te\u015fvik etmek i\u00e7in kontroll\u00fc so\u011fuma oranlar\u0131 kullan\u0131r. Bu, daha ince taneli yap\u0131 ve \u00f6nemli \u00f6l\u00e7\u00fcde geli\u015ftirilmi\u015f d\u00f6k\u00fcm porozite kontrol\u00fc ile sonu\u00e7lan\u0131r. Sonu\u00e7, y\u00fcksek \u00e7ekme dayan\u0131m\u0131 ve daha iyi yorulma direnci sa\u011flayan, zorlu havac\u0131l\u0131k ve enerji uygulamalar\u0131 i\u00e7in hayati \u00f6neme sahip bir bile\u015fendir.<\/p>\n<p>U\u00e7tan Uca Hassas Metal D\u00f6k\u00fcm \u00c7\u00f6z\u00fcmleri<\/p>\n<p>Biz sadece bir d\u00f6k\u00fcmhane de\u011filiz; tam bir OEM \u00fcretim orta\u011f\u0131y\u0131z. Hassas d\u00f6k\u00fcm, \u00f6zel i\u015fleme ve y\u00fczey i\u015flemini entegre ederek, birden fazla tedarik\u00e7inin y\u00f6netimindeki lojistik sorunlar\u0131n\u0131 ortadan kald\u0131r\u0131yoruz.<\/p>\n<p>\u00d6zellik \u00a0 \u00a0 \u00a0 \u00a0 \u00a0 \u00a0 \u00a0 \u00a0 \u00a0 \u00a0 \u00a0 \u00a0 \u00a0 \u00a0 \u00a0 \u00a0 \u00a0 \u00a0 \u00a0 \u00a0 \u00a0 \u00a0 \u00a0 \u00a0 \u00a0 \u00a0 \u00a0 \u00a0 \u00a0 \u00a0 \u00a0 \u00a0 \u00a0 \u00a0 \u00a0 \u00a0 M\u00fc\u015fteri Yararlar\u0131<\/p>\n<p>Entegre CNC \u0130\u015fleme \u00a0 \u00a0 \u00a0 \u00a0 \u00a0 \u00a0 \u00a0 \u00a0 \u00a0Ham, neredeyse net \u015fekilli d\u00f6k\u00fcmden s\u0131k\u0131 toleransl\u0131 bitmi\u015f par\u00e7aya sorunsuz ge\u00e7i\u015f.<\/p>\n<p>Geli\u015fmi\u015f Y\u00fczey \u0130\u015flemi \u00a0 \u00a0 \u00a0 \u00a0 \u00a0 \u00a0 \u00a0 \u0130\u00e7eride kaplama, anotlama ve kaplama ile an\u0131nda korozyon direnci.<\/p>\n<p>Ger\u00e7ek Zamanl\u0131 \u0130zleme \u00a0 \u00a0 \u00a0 \u00a0 \u00a0 \u00a0 \u00a0 \u00a0 \u00a0 Veri odakl\u0131 \u00fcretim, minimum duru\u015f ve tutarl\u0131 OEM seviyesinde kalite sa\u011flar.<\/p>\n<p>K\u00fcresel Standartlara Uyum \u00a0 \u00a0 \u00a0 \u00a0 \u00a0 \u00a0 \u00a0 G\u00fcvenlik kritik ortamlar i\u00e7in ISO ve ASTM standartlar\u0131yla s\u0131k\u0131 uyum.<\/p>\n<p>Kal\u0131c\u0131 Kal\u0131p D\u00f6k\u00fcm Kapasitemiz<\/p>\n<p>\u0130leri d\u00f6k\u00fcm kal\u0131p tasar\u0131m\u0131 kullanarak \u00fcst\u00fcn boyutsal do\u011fruluk sa\u011fl\u0131yoruz. Tesisimiz, kat\u0131 end\u00fcstri standartlar\u0131n\u0131 kar\u015f\u0131lamak i\u00e7in \u00e7e\u015fitli ala\u015f\u0131mlar\u0131 i\u015fler.<\/p>\n<p>Al\u00fcminyum Ala\u015f\u0131mlar\u0131: A356, 319 ve A380 gibi s\u0131n\u0131flar\u0131 s\u0131kl\u0131kla d\u00f6k\u00fcyoruz, optimal g\u00fc\u00e7-a\u011f\u0131rl\u0131k oranlar\u0131 i\u00e7in.<\/p>\n<p>Bak\u0131r ve Pirin\u00e7 Ala\u015f\u0131mlar\u0131: Y\u00fcksek elektrik iletkenli\u011fi ve korozyon direnci gerektiren bile\u015fenler i\u00e7in tasarland\u0131.<\/p>\n<p>\u00d6zel Ala\u015f\u0131mlar: Y\u00fcksek s\u0131cakl\u0131k ala\u015f\u0131mlar\u0131 ve \u00f6zel end\u00fcstriyel uygulamalar i\u00e7in \u00c7inko.<\/p>\n<p>Teknik \u00d6zellikler Bir Bak\u0131\u015f: Kal\u0131plar\u0131m\u0131z\u0131, yak\u0131n-a\u011f\u0131rl\u0131k \u015fekli sonu\u00e7lar\u0131 elde edecek \u015fekilde tasarl\u0131yoruz, b\u00f6ylece ikincil i\u015fleme s\u00fcresini \u00f6nemli \u00f6l\u00e7\u00fcde azalt\u0131yoruz.<\/p>\n<p>\u00d6zellik \u00a0 \u00a0 \u00a0 \u00a0 \u00a0 \u00a0 \u00a0 \u00a0 \u00a0 \u00a0 \u00a0 \u00a0 \u00a0 \u00a0 \u00a0 \u00a0 \u00a0 \u00a0 \u00a0 \u00a0 \u00a0 \u00a0 \u00a0 \u00a0 \u00a0 \u00a0 \u00a0 \u00a0 \u00a0  Tan\u0131m<\/p>\n<p>A\u011f\u0131rl\u0131k Aral\u0131\u011f\u0131 \u00a0 \u00a0 \u00a0 \u00a0 \u00a0 \u00a0 \u00a0 \u00a0 \u00a0 \u00a0 \u00a0 \u00a0 \u00a0 \u00a0 \u00a0 \u00a0 \u00a0 \u00a0 \u00a0 \u00a0 \u00a0 \u00a0 \u00a0 \u00a0  0.1 kg hassas par\u00e7alar ile b\u00fcy\u00fck end\u00fcstriyel muhafazalara kadar.<\/p>\n<p>Standart Toleranslar \u00a0 \u00a0 \u00a0 \u00a0 \u00a0 \u00a0 \u00a0 \u00a0 \u00a0 \u00a0 \u00a0 \u00a0 \u00a0 \u00a0 \u00a0 \u00a0 \u00a0 \u00a0 \u00a0 \u00a0 S\u0131k\u0131 toleranslar genellikle +\/- 0.015 in\u00e7 tutar.<\/p>\n<p>Y\u00fczey Bitirme \u00a0 \u00a0 \u00a0 \u00a0 \u00a0 \u00a0 \u00a0 \u00a0 \u00a0 \u00a0 \u00a0 \u00a0 \u00a0 \u00a0 \u00a0 \u00a0 \u00a0 \u00a0 \u00a0 \u00a0 \u00a0 \u00a0 \u00a0 \u00a0 Parlak, p\u00fcr\u00fczs\u00fcz d\u00f6k\u00fcm y\u00fczeyi RMS 200-450 aras\u0131d\u0131r.<\/p>\n<p>Kal\u0131p Malzemesi \u00a0 \u00a0 \u00a0 \u00a0 \u00a0 \u00a0 \u00a0 \u00a0 \u00a0 \u00a0 \u00a0 \u00a0 \u00a0 \u00a0 \u00a0 \u00a0 \u00a0 \u00a0 \u00a0 \u00a0 \u00a0 \u00a0 Y\u00fcksek kaliteli tak\u0131m \u00e7eli\u011fi, kal\u0131p \u00f6mr\u00fcn\u00fc uzat\u0131r.<\/p>\n<p>Vastmaterial \u00dcretim S\u00fcreci<\/p>\n<p>G\u00fcvenilir bir hassas metal d\u00f6k\u00fcmhane olarak, \u00fcretimin her ad\u0131m\u0131n\u0131 kontrol ediyoruz. S\u00fcrecimiz, ABD ve k\u00fcresel pazarlar\u0131n kat\u0131 taleplerine uygun olarak tasarlanm\u0131\u015ft\u0131r.<\/p>\n<p>1. M\u00fchendislik ve D\u00f6k\u00fcm Kal\u0131p Tasar\u0131m\u0131CAD\/CAM ve geli\u015fmi\u015f kat\u0131la\u015ft\u0131rma sim\u00fclasyonu yaz\u0131l\u0131mlar\u0131 kullanarak ak\u0131\u015fkan dinamiklerini harital\u0131yoruz. Bu dijital \u00f6ncelikli yakla\u015f\u0131m, metal d\u00f6k\u00fclmeden \u00f6nce kat\u0131 kusur \u00f6nlemeyi sa\u011flar ve tekrar kullan\u0131labilir kal\u0131plar\u0131m\u0131z\u0131n \u00f6mr\u00fcn\u00fc maksimize eder.<\/p>\n<p>2. Yer\u00e7ekimi ve E\u011fik D\u00f6k\u00fcm\u00d6zel yer\u00e7ekimi d\u00f6k\u00fcm hizmetlerimiz ve e\u011fik d\u00f6k\u00fcm tekniklerimiz, s\u0131v\u0131 metalin s\u0131f\u0131r t\u00fcrb\u00fclansla y\u00f6netilmesini sa\u011flar. D\u00f6k\u00fcm\u00fcn d\u00fczg\u00fcn olmas\u0131, hava hapsini en aza indirir ve daha yo\u011fun, yap\u0131sal olarak sa\u011flam bir d\u00f6k\u00fcm elde edilir.<\/p>\n<p>3. \u00d6zel CNC \u0130\u015fleme HizmetleriKal\u0131p \u00e7\u0131karmak sadece ba\u015flang\u0131\u00e7t\u0131r. Sad\u0131k al\u00fcminyum d\u00f6k\u00fcm \u00fcreticiniz olarak, kaba d\u00f6k\u00fcmler ile montaj haz\u0131r bile\u015fenler aras\u0131nda tam boyutsal do\u011fruluk sa\u011flayarak k\u00f6pr\u00fc kuruyoruz.<\/p>\n<p>4. Is\u0131l \u0130\u015flem (T5 ve T6)T6 \u0131s\u0131 i\u015flemi gibi hedefli termal i\u015flemler uygulayarak ala\u015f\u0131mlar\u0131n\u0131z\u0131n (\u00f6rne\u011fin A356 al\u00fcminyum) mekanik dayan\u0131kl\u0131l\u0131\u011f\u0131n\u0131, sertli\u011fini ve dayan\u0131kl\u0131l\u0131\u011f\u0131n\u0131 b\u00fcy\u00fck \u00f6l\u00e7\u00fcde art\u0131r\u0131yoruz.<\/p>\n<p>5. Metal D\u00f6k\u00fcm Y\u00fczey \u0130\u015flemleri Do\u011fru y\u00fczey i\u015flemi, bile\u015fen performans\u0131 i\u00e7in esast\u0131r. Geli\u015fmi\u015f y\u00fczey i\u015flemlerini do\u011frudan kendi tesislerimizde sa\u011fl\u0131yoruz:<\/p>\n<p>\u015eoklama ve Kumlama: Kalan \u00f6l\u00e7ekleri giderir ve maksimum kaplama yap\u0131\u015fmas\u0131 i\u00e7in \u00e7\u0131plak metal haz\u0131rl\u0131\u011f\u0131 yapar.<\/p>\n<p>Anodizasyon ve Toz Boyama: A\u015f\u0131nma direncini art\u0131r\u0131r, bile\u015fenleri yal\u0131t\u0131r ve markalama gereksinimlerine uygun hale getirir.<\/p>\n<p>Parlatma ve Kaplama: Zorlu ortamlarda \u00fcst\u00fcn korozyon direnci sa\u011flar.<\/p>\n<p>Yer\u00e7ekimi D\u00f6k\u00fcm Hizmetlerimizle Hizmet Verilen End\u00fcstriler<\/p>\n<p>Ar\u0131za se\u00e7enek de\u011filse, b\u00fcy\u00fck end\u00fcstriler a\u011f\u0131r hizmet dayan\u0131kl\u0131l\u0131\u011f\u0131 ve tutarl\u0131l\u0131k i\u00e7in kal\u0131c\u0131 kal\u0131p d\u00f6k\u00fcm\u00fcm\u00fcze g\u00fcveniyor.<\/p>\n<p>Havac\u0131l\u0131k: A\u015f\u0131r\u0131 \u0131s\u0131 direnci ve hassas yap\u0131sal b\u00fct\u00fcnl\u00fck gerektiren t\u00fcrbin kanatlar\u0131 ve yap\u0131sal bile\u015fenler.<\/p>\n<p>Otomotiv: Y\u00fcksek hacimli motor pistonlar\u0131, silindir ba\u015fl\u0131klar\u0131 ve hafif tasar\u0131mla g\u00fc\u00e7 dengesini sa\u011flayan tekerlekler.<\/p>\n<p>Enerji ve G\u00fc\u00e7: Yo\u011fun, s\u00fcrekli stres alt\u0131nda dayan\u0131kl\u0131 gaz t\u00fcrbini par\u00e7alar\u0131 ve n\u00fckleer bile\u015fenler.<\/p>\n<p>Deniz ve Madencilik: Tuzlu suya maruz kalmaya ve a\u015f\u0131nd\u0131r\u0131c\u0131 i\u015flemlere dayan\u0131kl\u0131 y\u00fcksek dayan\u0131ml\u0131 donan\u0131m.<\/p>\n<p>S\u0131k\u0131 Kalite G\u00fcvencesi: Kat\u0131 \u00f6zellikleri kar\u015f\u0131lamak vazge\u00e7ilmezdir.<\/p>\n<p>Test ve Muayene Dizimiz, par\u00e7alar\u0131n\u0131z\u0131n sahada m\u00fckemmel performans g\u00f6stermesini sa\u011flar:<\/p>\n<p>Ger\u00e7ek Zamanl\u0131 S\u00fcre\u00e7 \u0130zleme: En iyi d\u00f6k\u00fcm g\u00f6zeneklili\u011fi kontrol\u00fc i\u00e7in s\u0131cakl\u0131klar ve so\u011fuma h\u0131zlar\u0131n\u0131 takip etme.<\/p>\n<p>Y\u0131k\u0131c\u0131 Olmayan Test (NDT): \u0130\u00e7 b\u00fct\u00fcnl\u00fc\u011f\u00fc do\u011frulamak i\u00e7in R\u00f6ntgen, Boya Penetrant ve Ultrasonik testler kullan\u0131l\u0131r.<\/p>\n<p>CMM Boyutsal Do\u011frulama: M\u00fckemmel montaj haz\u0131r olmas\u0131n\u0131 sa\u011flamak i\u00e7in Koordinat \u00d6l\u00e7\u00fcm Makineleri kullan\u0131l\u0131r.<\/p>\n<p>Kal\u0131c\u0131 Kal\u0131p D\u00f6k\u00fcm vs. Di\u011fer Y\u00f6ntemler<\/p>\n<p>Do\u011fru s\u00fcreci se\u00e7mek b\u00fct\u00e7eniz ve zaman \u00e7izelgeniz i\u00e7in kritik \u00f6nemdedir. \u0130\u015fte neden bizim y\u00f6ntemimizin \u00fcretim pazar\u0131nda \u00f6ne \u00e7\u0131kt\u0131\u011f\u0131.<\/p>\n<p>A\u011f\u0131rl\u0131k D\u00f6k\u00fcm vs. Kum D\u00f6k\u00fcm<\/p>\n<p>Daha \u0130yi Y\u00fczey Kalitesi: Yeniden kullan\u0131labilir metal kal\u0131plar daha d\u00fczg\u00fcn bir y\u00fczey sa\u011flar, yo\u011fun son i\u015flem maliyetlerini azalt\u0131r.<\/p>\n<p>Daha H\u0131zl\u0131 \u00dcretim D\u00f6ng\u00fcleri: Her d\u00f6k\u00fcm i\u00e7in yeni bir kal\u0131p yapmaya gerek yok.<\/p>\n<p>Hacim Verimlili\u011fi: Do\u011fal olarak daha stabil ve y\u00fcksek hacimli \u00fcretimler i\u00e7in daha maliyet etkilidir.<\/p>\n<p>Kal\u0131c\u0131 Kal\u0131p vs. Kal\u0131p D\u00f6k\u00fcm<\/p>\n<p>Daha D\u00fc\u015f\u00fck Kal\u0131p Maliyeti: Y\u00fcksek bas\u0131n\u00e7l\u0131 kal\u0131p d\u00f6k\u00fcm\u00fcne k\u0131yasla \u00f6nemli \u00f6l\u00e7\u00fcde daha az ba\u015flang\u0131\u00e7 sermayesi gerektirir.<\/p>\n<p>\u00dcst\u00fcn Yap\u0131sal Dayan\u0131kl\u0131l\u0131k: Kontroll\u00fc yer\u00e7ekimi d\u00f6k\u00fcm, havan\u0131n do\u011fal olarak ka\u00e7mas\u0131na izin verir ve y\u00fcksek yo\u011funluklu par\u00e7alar olu\u015fturur.<\/p>\n<p>Orta Aral\u0131k Optimizasyonu: Pahal\u0131 kal\u0131p d\u00f6k\u00fcm ara\u00e7lar\u0131n\u0131n gerekmedi\u011fi orta ila y\u00fcksek hacimli \u00fcretim i\u00e7in en iyi se\u00e7im.<\/p>\n<p>S\u0131k\u00e7a Sorulan Sorular (SSS)<\/p>\n<p>Minimum sipari\u015f miktar\u0131 (MOQ) nedir?<\/p>\n<p>Bu y\u00f6ntem, y\u00fcksek kaliteli tekrar kullan\u0131labilir metal kal\u0131plar \u00fcretmeye dayand\u0131\u011f\u0131ndan, orta ila y\u00fcksek hacimli \u00fcretim i\u00e7in optimize edilmi\u015ftir. Yakla\u015f\u0131k 500 ila 1.000 birimlik sipari\u015fler en iyi yat\u0131r\u0131m getirisi sa\u011flar, ancak \u00f6zel partilere de uyum sa\u011flayabiliriz.<\/p>\n<p>Kal\u0131p ve ilk par\u00e7alar i\u00e7in tipik teslim s\u00fcresi nedir?<\/p>\n<p>\u0130lk d\u00f6k\u00fcm kal\u0131p tasar\u0131m\u0131 ve ilk par\u00e7a teslimat\u0131 i\u00e7in standart teslim s\u00fcremiz 4 ila 6 haftad\u0131r.<\/p>\n<p>Kum d\u00f6k\u00fcm tasar\u0131mlar\u0131n\u0131 kal\u0131c\u0131 kal\u0131ba d\u00f6n\u00fc\u015ft\u00fcrebilir misiniz?<\/p>\n<p>Evet. M\u00fchendislik ekibimiz, yak\u0131n \u015fekil d\u00f6k\u00fcm, daha s\u0131k\u0131 toleranslar ve daha iyi mekanik \u00f6zellikler avantajlar\u0131ndan yararlanmak i\u00e7in bile\u015fenlerinizi yeniden tasarlayarak tam ge\u00e7i\u015fi ger\u00e7ekle\u015ftirir.<\/p>\n<p>Uluslararas\u0131 nakliye ve lojisti\u011fi y\u00f6netiyor musunuz?<\/p>\n<p>Kesinlikle. Tam hizmet OEM d\u00f6k\u00fcm \u00fcreticisi olarak, g\u00fcmr\u00fck i\u015flemlerinden do\u011frudan nakliye teslimatlar\u0131na kadar t\u00fcm lojistik zincirini y\u00f6netiyoruz\u2014par\u00e7alar\u0131n d\u00fcnya genelinde tesisinize sorunsuz ula\u015fmas\u0131n\u0131 sa\u011fl\u0131yoruz.<\/p>","protected":false},"excerpt":{"rendered":"<p>Why Choose Vastmaterial as Your Permanent Mold Casting Manufacturer? As leading permanent mold casting manufacturers, we understand that selecting the [&hellip;]<\/p>\n","protected":false},"featured_media":1979,"comment_status":"open","ping_status":"closed","template":"","meta":{"site-sidebar-layout":"default","site-content-layout":"","ast-site-content-layout":"default","site-content-style":"default","site-sidebar-style":"default","ast-global-header-display":"","ast-banner-title-visibility":"","ast-main-header-display":"","ast-hfb-above-header-display":"","ast-hfb-below-header-display":"","ast-hfb-mobile-header-display":"","site-post-title":"","ast-breadcrumbs-content":"","ast-featured-img":"","footer-sml-layout":"","ast-disable-related-posts":"","theme-transparent-header-meta":"default","adv-header-id-meta":"","stick-header-meta":"","header-above-stick-meta":"","header-main-stick-meta":"","header-below-stick-meta":"","astra-migrate-meta-layouts":"set","ast-page-background-enabled":"default","ast-page-background-meta":{"desktop":{"background-color":"var(--ast-global-color-5)","background-image":"","background-repeat":"repeat","background-position":"center center","background-size":"auto","background-attachment":"scroll","background-type":"","background-media":"","overlay-type":"","overlay-color":"","overlay-opacity":"","overlay-gradient":""},"tablet":{"background-color":"","background-image":"","background-repeat":"repeat","background-position":"center center","background-size":"auto","background-attachment":"scroll","background-type":"","background-media":"","overlay-type":"","overlay-color":"","overlay-opacity":"","overlay-gradient":""},"mobile":{"background-color":"","background-image":"","background-repeat":"repeat","background-position":"center center","background-size":"auto","background-attachment":"scroll","background-type":"","background-media":"","overlay-type":"","overlay-color":"","overlay-opacity":"","overlay-gradient":""}},"ast-content-background-meta":{"desktop":{"background-color":"var(--ast-global-color-4)","background-image":"","background-repeat":"repeat","background-position":"center center","background-size":"auto","background-attachment":"scroll","background-type":"","background-media":"","overlay-type":"","overlay-color":"","overlay-opacity":"","overlay-gradient":""},"tablet":{"background-color":"var(--ast-global-color-4)","background-image":"","background-repeat":"repeat","background-position":"center center","background-size":"auto","background-attachment":"scroll","background-type":"","background-media":"","overlay-type":"","overlay-color":"","overlay-opacity":"","overlay-gradient":""},"mobile":{"background-color":"var(--ast-global-color-4)","background-image":"","background-repeat":"repeat","background-position":"center center","background-size":"auto","background-attachment":"scroll","background-type":"","background-media":"","overlay-type":"","overlay-color":"","overlay-opacity":"","overlay-gradient":""}}},"product_brand":[],"product_cat":[17,21,25,22,24],"product_tag":[628,626,627],"class_list":{"0":"post-1977","1":"product","2":"type-product","3":"status-publish","4":"has-post-thumbnail","6":"product_cat-stainless-steel","7":"product_cat-aluminum-alloy","8":"product_cat-copper-alloy","9":"product_cat-high-temperature-alloy","10":"product_cat-titanium-alloy","11":"product_tag-and-end-to-end-cnc-machining-services","12":"product_tag-need-high-precision-aluminum-or-copper-parts-vastmaterial-offers-expert-permanent-mold-casting","13":"product_tag-reusable-steel-molds","14":"desktop-align-left","15":"tablet-align-left","16":"mobile-align-left","18":"first","19":"instock","20":"shipping-taxable","21":"product-type-simple"},"_links":{"self":[{"href":"https:\/\/haoyumaterial.com\/tr\/wp-json\/wp\/v2\/product\/1977","targetHints":{"allow":["GET"]}}],"collection":[{"href":"https:\/\/haoyumaterial.com\/tr\/wp-json\/wp\/v2\/product"}],"about":[{"href":"https:\/\/haoyumaterial.com\/tr\/wp-json\/wp\/v2\/types\/product"}],"replies":[{"embeddable":true,"href":"https:\/\/haoyumaterial.com\/tr\/wp-json\/wp\/v2\/comments?post=1977"}],"wp:featuredmedia":[{"embeddable":true,"href":"https:\/\/haoyumaterial.com\/tr\/wp-json\/wp\/v2\/media\/1979"}],"wp:attachment":[{"href":"https:\/\/haoyumaterial.com\/tr\/wp-json\/wp\/v2\/media?parent=1977"}],"wp:term":[{"taxonomy":"product_brand","embeddable":true,"href":"https:\/\/haoyumaterial.com\/tr\/wp-json\/wp\/v2\/product_brand?post=1977"},{"taxonomy":"product_cat","embeddable":true,"href":"https:\/\/haoyumaterial.com\/tr\/wp-json\/wp\/v2\/product_cat?post=1977"},{"taxonomy":"product_tag","embeddable":true,"href":"https:\/\/haoyumaterial.com\/tr\/wp-json\/wp\/v2\/product_tag?post=1977"}],"curies":[{"name":"wp","href":"https:\/\/api.w.org\/{rel}","templated":true}]}}