{"id":2046,"date":"2026-03-15T10:59:09","date_gmt":"2026-03-15T02:59:09","guid":{"rendered":"https:\/\/haoyumaterial.com\/?post_type=product&#038;p=2046"},"modified":"2026-03-15T11:07:26","modified_gmt":"2026-03-15T03:07:26","slug":"8620-alloy-steel-machined-parts","status":"publish","type":"product","link":"https:\/\/haoyumaterial.com\/tr\/product\/8620-alloy-steel-machined-parts\/","title":{"rendered":"8620 Alloy Steel Machined Parts Precision CNC Services"},"content":{"rendered":"<h2>Projeniz \u0130\u00e7in Neden 8620 Ala\u015f\u0131m \u00c7elik Se\u00e7melisiniz?<\/h2>\n<p>Mekanik bile\u015fenleriniz a\u015f\u0131r\u0131 y\u00fczey a\u015f\u0131nmas\u0131na u\u011frarken ani \u015fok y\u00fcklerinde k\u0131r\u0131lmaya m\u0131 u\u011fuyor? Maliyet, performans ve imalat kolayl\u0131\u011f\u0131 aras\u0131nda m\u00fckemmel dengeyi bulmaya m\u0131 \u00e7al\u0131\u015f\u0131yorsunuz? Zorlu\u011fu anl\u0131yoruz. A\u011f\u0131r hizmet g\u00fcvenilirli\u011fine ihtiyac\u0131n\u0131z oldu\u011funda, bizim <strong>8620 ala\u015f\u0131m \u00e7elik i\u015flenmi\u015f par\u00e7alar\u0131m\u0131z<\/strong> sunuyor. Son derece \u00e7ok y\u00f6nl\u00fc bir olarak <strong>d\u00fc\u015f\u00fck karbonlu ala\u015f\u0131m \u00e7eli\u011fi<\/strong>, ile 8620, sekt\u00f6r standard\u0131d\u0131r <strong>\u0131s\u0131l i\u015flem i\u00e7in karbon art\u0131r\u0131lmas\u0131 ala\u015f\u0131m\u0131<\/strong> di\u015fli, pim ve mil gibi unsur i\u00e7in a\u011f\u0131r dayan\u0131kl\u0131l\u0131k gerektiren ve b\u00fct\u00e7eyi zorlamayan \u00e7\u00f6z\u00fcmler sunar.<\/p>\n<h3>\u201cSert Kasa, Sa\u011flam \u0130\u00e7\u201d Avantaj\u0131<\/h3>\n<p>8620 \u00e7eli\u011fin \u00f6ne \u00e7\u0131kan \u00f6zelli\u011fi \u0131s\u0131l i\u015fleme verdi\u011fi cevapt\u0131r. Karbon art\u0131rma (kasa sertle\u015ftirme) yoluyla, a\u015f\u0131nmaya kar\u015f\u0131 y\u00fcksek diren\u00e7li d\u0131\u015f kabuk ile esnek, darbe emici bir i\u00e7 yap\u0131 sunan CNC karbon art\u0131rma \u00e7elik par\u00e7alar\u0131 \u00fcretiriz.<\/p>\n<ul>\n<li><strong>D\u0131\u015f Kasa:<\/strong> A\u015f\u0131r\u0131 s\u00fcrt\u00fcnme ve y\u00fczey a\u015f\u0131nmas\u0131na kar\u015f\u0131 sava\u015f\u0131r.<\/li>\n<li><strong>\u0130\u00e7 \u0130\u00e7 K\u0131s\u0131m:<\/strong> Ola\u011fan\u00fcst\u00fc <strong>dayan\u0131kl\u0131l\u0131k ve \u015fekil de\u011fi\u015ftirme yetene\u011fini korur<\/strong>, k\u0131r\u0131lgan k\u0131r\u0131klar\u0131n tamamen sertle\u015ftirilmi\u015f \u00e7eliklerde yayg\u0131n olanlar\u0131 \u00f6nlerken.<\/li>\n<\/ul>\n<p>Bu \u00e7ift do\u011fa, a\u015f\u0131nma direnci kadar darbe direncinin de kritik oldu\u011fu y\u00fcksek stres uygulamalar\u0131 i\u00e7in nihai se\u00e7ene\u011fi yapar.<\/p>\n<h3>Bile\u015fim Da\u011f\u0131l\u0131m\u0131<\/h3>\n<p>8620'nin bu kadar iyi performans g\u00f6stermesinin nedeni nedir? D\u00fc\u015f\u00fck karbonlu nikel-krom-molibden \u00e7eli\u011fidir. \u0130\u015fte bu y\u00fcksek \u00e7ekirdek kuvveti \u00e7elik par\u00e7alar\u0131n\u0131 harekete ge\u00e7iren kimya:<\/p>\n<table>\n<thead>\n<tr>\n<th style=\"text-align: left;\">Element<\/th>\n<th style=\"text-align: left;\">Tipik Aral\u0131k (%)<\/th>\n<th style=\"text-align: left;\">Birincil \u00dcretim Avantaj\u0131<\/th>\n<\/tr>\n<\/thead>\n<tbody>\n<tr>\n<td style=\"text-align: left;\"><strong>Karbon (C)<\/strong><\/td>\n<td style=\"text-align: left;\">0.18 \u2013 0.23<\/td>\n<td style=\"text-align: left;\">M\u00fckemmel olan\u0131 garanti eder <strong>kaynak yap\u0131labilirlik<\/strong> ve sert bir \u00e7ekirde\u011fe sahip.<\/td>\n<\/tr>\n<tr>\n<td style=\"text-align: left;\"><strong>Nikel (Ni)<\/strong><\/td>\n<td style=\"text-align: left;\">0.40 \u2013 0.70<\/td>\n<td style=\"text-align: left;\">Dayan\u0131kl\u0131l\u0131\u011f\u0131 ve darbe direncini belirgin \u015fekilde art\u0131r\u0131r.<\/td>\n<\/tr>\n<tr>\n<td style=\"text-align: left;\"><strong>Krom (Cr)<\/strong><\/td>\n<td style=\"text-align: left;\">0.40 \u2013 0.60<\/td>\n<td style=\"text-align: left;\">Hardenabiliteyi ve y\u00fczey a\u015f\u0131nma direncini art\u0131r\u0131r.<\/td>\n<\/tr>\n<tr>\n<td style=\"text-align: left;\"><strong>Molibden (Mo)<\/strong><\/td>\n<td style=\"text-align: left;\">0.15 \u2013 0.25<\/td>\n<td style=\"text-align: left;\">Bile\u015fen g\u00fcc\u00fcn\u00fc daha y\u00fcksek \u00e7al\u0131\u015fma s\u0131cakl\u0131klar\u0131nda korur.<\/td>\n<\/tr>\n<\/tbody>\n<\/table>\n<h3>\u0130\u015flenebilirlik ve Y\u00fczey<\/h3>\n<p>Zaman\u0131nda teslim edilen kesin par\u00e7alar gerekir ve malzeme i\u015flenebilirli\u011fi bu konuda b\u00fcy\u00fck rol oynar. 8620\u2019nin <strong>i\u015flenebilirlik<\/strong> ali\u015flenmi\u015f durumda olduk\u00e7a olumlu olan i\u015flenebilirlik puan\u0131 yakla\u015f\u0131k 66% (temel AISI 1112 standard\u0131yla kar\u015f\u0131la\u015ft\u0131r\u0131ld\u0131\u011f\u0131nda).<\/p>\n<p>Kesinlik uygulamalar\u0131m\u0131z\u0131 uygulad\u0131\u011f\u0131m\u0131zda <strong>CNC i\u015fleme hizmetlerimizi<\/strong>, bu malzeme temiz kesilir ve son derece s\u0131k toleranslar\u0131 korumam\u0131z\u0131 sa\u011flar. Karma\u015f\u0131k freze profillerini m\u0131knats\u0131z m\u0131 yap\u0131yoruz olsun veya standart <strong>AISI 8620 tornutulmu\u015f bile\u015fenler<\/strong>, ala\u015f\u0131m kolayca ikinci y\u00fczey sertle\u015ftirme hizmetlerini kabullenebilen d\u00fczg\u00fcn, tutarl\u0131 bir y\u00fczey bitirimi sa\u011flar.<\/p>\n<h2>8620 \u00c7eli\u011fi i\u00e7in Vastmaterial\u2019in \u0130\u015fleme Kabiliyetleri<\/h2>\n<p>Vastmaterial\u2019de, ham 8620 ala\u015f\u0131ml\u0131 \u00e7eli\u011fini y\u00fcksek performansl\u0131 bile\u015fenlere d\u00f6n\u00fc\u015ft\u00fcrmeye odaklan\u0131yoruz. Bu karbonizasyon ala\u015f\u0131m\u0131n\u0131n sa\u011flam \u00e7ekirde\u011fi ile hassas boyutsal do\u011fruluk gereksinimini dengelemek i\u00e7in belirli uzmanl\u0131k gerekti\u011fini anl\u0131yoruz. D\u00fckkan\u0131m\u0131z, karma\u015f\u0131k geometrileri ve tutarl\u0131 kaliteyle y\u00fcksek hacimli \u00fcretim serilerini i\u015flemek i\u00e7in donat\u0131lm\u0131\u015ft\u0131r.<\/p>\n<h3>Hassas CNC Torna ve \u0130svi\u00e7re \u0130\u015flemeyi<\/h3>\n<p>Tesisimiz, verimlilik ve hassasiyet i\u00e7in tasarlanm\u0131\u015f ileri CNC \u0130svi\u00e7re i\u015fleme merkezleri ile donat\u0131lm\u0131\u015ft\u0131r. 8620 \u00e7elik, \u015faftlar, pimler ve rulmenler gibi par\u00e7alar i\u00e7in pop\u00fcler bir se\u00e7imdir; bunlar \u00e7o\u011funlukla silindirik \u00f6zelliklerde s\u0131k\u0131 toleranslar gerektirir. \u0130svi\u00e7re i\u015flemesi, standart tornalama ile e\u011filimin sorun olu\u015fturabilece\u011fi uzun, ince par\u00e7alar i\u00e7in \u00f6zellikle etkilidir. Malzemenin yap\u0131sal b\u00fct\u00fcnl\u00fc\u011f\u00fcn\u00fc korurken belirli m\u00fchendislik \u00f6zelliklerini kar\u015f\u0131layan karma\u015f\u0131k tornalanm\u0131\u015f par\u00e7alar \u00fcretebiliriz.<\/p>\n<h3>CNC Frezeleme<\/h3>\n<p>Dikey olmayan \u00f6zelliklere sahip bile\u015fenler i\u00e7in CNC frezeleme olanaklar\u0131m\u0131z, karma\u015f\u0131k \u015fekillerin, oluklar\u0131n ve yuvalar\u0131n i\u015flenmesini sa\u011flar. 8620, dayan\u0131kl\u0131l\u0131\u011f\u0131yla bilinse de ekibimiz, temiz bir y\u00fczey bitirimi sa\u011flarken malzeme \u00f6zelliklerini tehlikeye atmadan ara\u00e7 yollar\u0131n\u0131 ve h\u0131zlar\u0131 optimize etmeyi bilir. A\u011f\u0131r hizmet montajlar\u0131n\u0131n omurgas\u0131n\u0131 olu\u015fturan di\u015fliler ve yap\u0131sal bile\u015fenleri d\u00fczenli olarak freze ederiz.<\/p>\n<h3>\u0130kinci \u0130\u015flemler (Is\u0131 \u015eartlama &amp; Z\u0131mparalama)<\/h3>\n<p>8620 \u00e7eli\u011finin ger\u00e7ek de\u011feri, \u0131s\u0131 i\u015flemi yan\u0131t\u0131nda yatmaktad\u0131r. Kritik y\u00fczey sertle\u015ftirme s\u00fcrecini i\u00e7eren t\u00fcm \u00fcretim ak\u0131\u015f\u0131n\u0131 y\u00f6netiyoruz. Bu ad\u0131m, \u00e7ekirde\u011fi yumu\u015fak ve s\u00fcnek tutarken d\u0131\u015f tabakay\u0131 sert ve a\u015f\u0131nmaya dayan\u0131kl\u0131 hale getirir \u2014 \u201csert kasa, sert \u00e7ekirdek\u201d avantaj\u0131. Ayr\u0131ca, bu malzeme i\u00e7in uzun y\u00fczey oymas\u0131 ideal olmad\u0131\u011f\u0131 i\u00e7in nihai y\u00fczey bitirimi gereksinimlerini kar\u015f\u0131lamak \u00fczere hassas z\u0131mparalama ve parlatma tekniklerini kullan\u0131yoruz; par\u00e7alar\u0131n\u0131z teslimat an\u0131nda montaja haz\u0131r olacak \u015fekilde y\u00fczey bitirimini sa\u011flar.<\/p>\n<h2>8620 Ala\u015f\u0131m \u00c7eli\u011fi i\u00e7in Yayg\u0131n Uygulamalar ve End\u00fcstriler<\/h2>\n<p><img decoding=\"async\" src=\"https:\/\/haoyumaterial.com\/wp-content\/uploads\/2026\/03\/8620_alloy_steel_parts_for_industrial_machinery_vg.webp\" alt=\"End\u00fcstriyel makineler i\u00e7in 8620 ala\u015f\u0131ml\u0131 \u00e7elik par\u00e7alar\u0131\" \/><\/p>\n<p>\u00c7ekirde\u011fi sert, a\u015f\u0131nmaya dayan\u0131kl\u0131 bir kasa ile dengeleyen 8620 ala\u015f\u0131m \u00e7eli\u011fi, a\u011f\u0131r stres alt\u0131nda k\u0131r\u0131lmadan dayanmas\u0131 gereken par\u00e7alar i\u00e7in tercih edilen malzemedir. Ar\u0131zan\u0131n se\u00e7enek olmad\u0131\u011f\u0131 end\u00fcstriler i\u00e7in bile\u015fenlerimizi s\u0131kl\u0131kla i\u015fliyoruz.<\/p>\n<h3>Otomotiv ve A\u011f\u0131r Ekipman<\/h3>\n<p>Otomotiv ve a\u011f\u0131r ekipman sekt\u00f6rlerinde dayan\u0131kl\u0131l\u0131k her \u015feydir. \u015eunu \u00fcretiriz <strong>di\u015fliler<\/strong> ve <strong>pinyonlar<\/strong> y\u00fcksek tork y\u00fcklerini kar\u015f\u0131lar. 8620\u2019nin karbonizasyon \u00f6zellikleri bu par\u00e7alar\u0131n s\u00fcrekli s\u00fcrt\u00fcnmeden kaynaklanan y\u00fczey a\u015f\u0131nmas\u0131na diren\u00e7li olmas\u0131n\u0131 sa\u011flar ve yol veya i\u015f sahas\u0131ndan gelen \u015fok y\u00fcklerini absorbe etmek i\u00e7in yeterli i\u00e7 s\u00fcnekli\u011fi korur.<\/p>\n<h3>End\u00fcstriyel Makine<\/h3>\n<p>Genel end\u00fcstriyel makineler i\u00e7in, <strong>rulmanlar<\/strong> ve <strong>somunlar<\/strong>. vidas\u0131.<\/p>\n<h3>Hidrolikler<\/h3>\n<p>Hidrolik sistemler y\u00fcksek bas\u0131nca dayanabilen hassas bile\u015fenlere g\u00fcvenir. Biz \u00fcretiyoruz <strong>piny<\/strong> ve <strong>\u015faftlar<\/strong> hidrolik tak\u0131mlarda kullan\u0131lanlar. Malzemenin cilalamaya kar\u015f\u0131 m\u00fckemmel yan\u0131t\u0131 burada \u00f6nemli bir avantajd\u0131r; silindirler i\u00e7inde s\u0131zd\u0131rmazl\u0131k i\u00e7in gerekli p\u00fcr\u00fczs\u00fcz y\u00fczey bitiri\u015flerini ve d\u00fczg\u00fcn hareketi elde edebiliriz.<\/p>\n<h3>Petrol ve Gaz<\/h3>\n<p>Ya\u011f ve gaz end\u00fcstrisi sert malzemeler talep eder. D\u00f6k\u00fcm ve di\u011fer kritik donan\u0131mlar\u0131 kullan\u0131r\u0131z <strong>\u015faftlar<\/strong> ve sondaj ve \u00e7\u0131kar\u0131m ekipmanlar\u0131nda kullan\u0131lan di\u011fer kritik donan\u0131mlar. D\u0131\u015f kuvvetlerin y\u00fcksekli\u011fi ile i\u00e7 sertli\u011fin bir araya gelmesi, a\u015f\u0131nd\u0131r\u0131c\u0131 ortamlara ve \u00f6nemli mekanik strese kar\u015f\u0131 kar\u015f\u0131ya kalan kuyu alt\u0131 aletleri i\u00e7in 8620'yi ideal k\u0131lar.<\/p>\n<h2>8620 \u00c7eli\u011finin Teknik \u00d6zellikleri<\/h2>\n<p><img decoding=\"async\" src=\"https:\/\/haoyumaterial.com\/wp-content\/uploads\/2026\/03\/8620_Alloy_Steel_Machined_Parts_Specs_IpgWnOlle.webp\" alt=\"8620 Ala\u015f\u0131ml\u0131 \u00c7elik \u0130\u015flenmi\u015f Par\u00e7a \u00d6zellikleri\" \/><\/p>\n<p>\u00dcretim yapt\u0131\u011f\u0131m\u0131zda <strong>8620 ala\u015f\u0131m \u00e7elik i\u015flenmi\u015f par\u00e7alar\u0131m\u0131z<\/strong>, tam malzeme \u00f6zelliklerini anlamak \u00e7ok \u00f6nemlidir. Bu d\u00fc\u015f\u00fck karbonlu nikel-krom-molibden \u00e7eli\u011fi, sa\u011flaml\u0131k ve s\u00fcnekli\u011fin kan\u0131tlanm\u0131\u015f dengesini sa\u011flar ve kutu \u015fekilli \u00e7elik di\u015fliler ile a\u011f\u0131r hizmet a\u015f\u0131nma par\u00e7alar\u0131 i\u00e7in idealdir.<\/p>\n<h3>Kimyasal Bile\u015fim<\/h3>\n<p>AISI 8620 tornal\u0131 bile\u015fenlerin g\u00fcvenilir performans\u0131 do\u011frudan belirli kimyasal yap\u0131s\u0131ndan gelir. \u0130\u015fte bu karbonla\u015ft\u0131rma ala\u015f\u0131m\u0131n\u0131n standart da\u011f\u0131l\u0131m\u0131:<\/p>\n<table>\n<thead>\n<tr>\n<th style=\"text-align: left;\">Element<\/th>\n<th style=\"text-align: left;\">Y\u00fczde (%)<\/th>\n<\/tr>\n<\/thead>\n<tbody>\n<tr>\n<td style=\"text-align: left;\"><strong>Karbon (C)<\/strong><\/td>\n<td style=\"text-align: left;\">0.18 \u2013 0.23<\/td>\n<\/tr>\n<tr>\n<td style=\"text-align: left;\"><strong>Manganez (Mn)<\/strong><\/td>\n<td style=\"text-align: left;\">0.70 \u2013 0.90<\/td>\n<\/tr>\n<tr>\n<td style=\"text-align: left;\"><strong>Nikel (Ni)<\/strong><\/td>\n<td style=\"text-align: left;\">0.40 \u2013 0.70<\/td>\n<\/tr>\n<tr>\n<td style=\"text-align: left;\"><strong>Krom (Cr)<\/strong><\/td>\n<td style=\"text-align: left;\">0.40 \u2013 0.60<\/td>\n<\/tr>\n<tr>\n<td style=\"text-align: left;\"><strong>Silisyum (Si)<\/strong><\/td>\n<td style=\"text-align: left;\">0.15 \u2013 0.35<\/td>\n<\/tr>\n<tr>\n<td style=\"text-align: left;\"><strong>Molibden (Mo)<\/strong><\/td>\n<td style=\"text-align: left;\">0.15 \u2013 0.25<\/td>\n<\/tr>\n<\/tbody>\n<\/table>\n<h3>Mekanik \u00d6zellikler<\/h3>\n<p>Uygun \u0131s\u0131l i\u015flem sonras\u0131nda, 8620 \u00e7eli\u011fi zay\u0131f i\u00e7 g\u00fc\u00e7 ile sert, a\u015f\u0131nmaya dayan\u0131kl\u0131 bir d\u0131\u015f tabaka sa\u011flar. Tipik SAE 8620 aktarma milleri ve pimlerinden \u015fu beklenir:<\/p>\n<ul>\n<li><strong>\u00c7ekme Dayan\u0131m\u0131:<\/strong> 530 MPa (76.900 psi)<\/li>\n<li><strong>Akma Dayan\u0131m\u0131:<\/strong> 385 MPa (55.800 psi)<\/li>\n<li><strong>Uzama:<\/strong> 22%<\/li>\n<li><strong>\u00c7ekirdek Sertli\u011fi:<\/strong> 149 HB<\/li>\n<li><strong>Kal\u0131p Sertli\u011fi:<\/strong> Kal\u0131p y\u00fczey sertle\u015fme hizmetlerinden sonra 60-63 HRC'ye kadar<\/li>\n<\/ul>\n<h3>\u0130\u015flenebilirlik Kar\u015f\u0131la\u015ft\u0131rmas\u0131<\/h3>\n<p>\u015eu <strong>8620 \u00e7elik i\u015flenebilirlik s\u0131ras\u0131<\/strong> Standart AISI 1112 temel \u00e7eli\u011fe k\u0131yasla yakla\u015f\u0131k olarak 66% civar\u0131nda oturur. Is\u0131l i\u015flem g\u00f6rm\u00fc\u015f durumda oldu\u011funda CNC i\u015fleme hizmetlerimize \u00e7ok iyi yan\u0131t verir.<\/p>\n<table>\n<thead>\n<tr>\n<th style=\"text-align: left;\">Malzeme<\/th>\n<th style=\"text-align: left;\">\u0130\u015flenebilirlik<\/th>\n<th style=\"text-align: left;\">Kaynak Yap\u0131labilirlik<\/th>\n<th style=\"text-align: left;\">Tipik Uygulama<\/th>\n<\/tr>\n<\/thead>\n<tbody>\n<tr>\n<td style=\"text-align: left;\"><strong>8620 Ala\u015f\u0131ml\u0131 \u00c7elik<\/strong><\/td>\n<td style=\"text-align: left;\"><strong>66%<\/strong><\/td>\n<td style=\"text-align: left;\"><strong>M\u00fckemmel<\/strong><\/td>\n<td style=\"text-align: left;\"><strong>A\u015f\u0131nmaya dayan\u0131kl\u0131 mekanik par\u00e7alar<\/strong><\/td>\n<\/tr>\n<tr>\n<td style=\"text-align: left;\">1018 Karbon \u00c7eli\u011fi<\/td>\n<td style=\"text-align: left;\">78%<\/td>\n<td style=\"text-align: left;\">M\u00fckemmel<\/td>\n<td style=\"text-align: left;\">Genel yap\u0131sal par\u00e7alar<\/td>\n<\/tr>\n<tr>\n<td style=\"text-align: left;\">4140 Ala\u015f\u0131ml\u0131 \u00c7elik<\/td>\n<td style=\"text-align: left;\">65%<\/td>\n<td style=\"text-align: left;\">Orta<\/td>\n<td style=\"text-align: left;\">Y\u00fcksek \u00e7ekme dayan\u0131ml\u0131 miller<\/td>\n<\/tr>\n<\/tbody>\n<\/table>\n<p>8600 serisi d\u00fc\u015f\u00fck karbon ala\u015f\u0131ml\u0131 \u00e7eli\u011fi daha yumu\u015fak halinde i\u015fleyerek hassas CNC frezelemede en iyi sonu\u00e7lar\u0131 elde ederiz. \u015eekillendikten sonra nihai, s\u0131k\u0131 toleranslar\u0131 elde etmek i\u00e7in \u0131s\u0131l i\u015flem g\u00f6rm\u00fc\u015f ala\u015f\u0131ml\u0131 \u00e7elik tak\u0131m y\u00f6ntemleri ve hassas i\u00e7\/ d\u0131\u015f \u00e7ap ta\u015flama kullan\u0131r\u0131z.<\/p>\n<h2>Geni\u015f Malzeme G\u00fcvence S\u00fcreci<\/h2>\n<p>8620 ala\u015f\u0131ml\u0131 \u00e7elik par\u00e7alar\u0131 i\u015flerken, hassasiyet sadece bir hedef de\u011fildir\u2014temel bir gerekliliktir. Kalite g\u00fcvence s\u00fcrecimiz, bu carburizasyon ala\u015f\u0131m\u0131n\u0131n \u00f6zel taleplerini kar\u015f\u0131lamak \u00fczere tasarlanm\u0131\u015ft\u0131r ve her par\u00e7an\u0131n, d\u00fckkan\u0131m\u0131zdan \u00e7\u0131kmadan \u00f6nce s\u0131k\u0131 m\u00fchendislik standartlar\u0131na uydu\u011fundan emin olur.<\/p>\n<h3>Malzeme Do\u011frulama<\/h3>\n<p>Kalite, hammaddeyle ba\u015flar. Herhangi bir CNC torna veya freze i\u015flemine ba\u015flamadan \u00f6nce sto\u011fun ger\u00e7ek 8620 ala\u015f\u0131ml\u0131 \u00e7elik oldu\u011fundan emin oluruz. Bu, nikel (0.55%), krom (0.50%) ve molibden (0.20%) i\u00e7 dengesi do\u011fru oldu\u011funu do\u011frular, malzemenin \u0131s\u0131l i\u015flem tepkisini do\u011fru verece\u011fini ve beklenen dayan\u0131kl\u0131l\u0131k ile a\u015f\u0131nma direncini sa\u011flayaca\u011f\u0131n\u0131 garanti eder.<\/p>\n<h3>\u0130\u015flem i\u00e7i Muayene<\/h3>\n<p>8620 \u00e7eli\u011finin \u00e7o\u011fu zaman di\u015fli ve miller gibi karma\u015f\u0131k bile\u015fenler i\u00e7in kullan\u0131ld\u0131\u011f\u0131 i\u00e7in, i\u015fin sonunda kontrol etmekle yetinmeyiz. Makinelerimiz \u00fcretim s\u0131ras\u0131nda s\u0131k\u0131 i\u015flem i\u00e7i muayeneler ger\u00e7ekle\u015ftirir. \u0130svi\u00e7re makinaj\u0131 m\u0131 yap\u0131yoruz yoksa karma\u015f\u0131k bir frezeleme i\u015flemi mi, toleranslar\u0131 s\u00fcrekli izleriz ve y\u00fcksek hacimli seri \u00fcretimlerde tutarl\u0131l\u0131\u011f\u0131 s\u00fcrd\u00fcr\u00fcr\u00fcz.<\/p>\n<h3>Sertlik Testi<\/h3>\n<p>M\u00fchendislerin 8620 se\u00e7mesinin ba\u015fl\u0131ca nedenlerinden biri, sert bir d\u0131\u015f y\u00fczey tabakas\u0131 geli\u015ftirirken \u00e7ekirdekte s\u00fcnekli\u011fi koruyabilmesidir. Projeniz y\u00fczey sertle\u015fmesini i\u00e7eriyorsa, o sertli\u011fin do\u011frulanmas\u0131 kritik \u00f6neme sahiptir. Par\u00e7alar\u0131n, \u00fcretim a\u015famas\u0131na ba\u011fl\u0131 olarak temperli (150) veya normalle\u015ftirilmi\u015f (180) durumlar i\u00e7in beklenen Brinell sertlik seviyelerine uygun olan belirli mekanik \u00f6l\u00e7\u00fclerle uydu\u011funu sa\u011flar\u0131z.<\/p>\n<h3>Sertifikasyon<\/h3>\n<p>Tedarik zincirinizi do\u011frulaman\u0131z i\u00e7in gerekli belgeleri sa\u011fl\u0131yoruz. Her parti 8620 i\u015flenmi\u015f par\u00e7a i\u00e7in, malzeme \u0131s\u0131 partilerini izleyen ve boyutsal toleranslar\u0131n\u0131za uyuldu\u011funu teyit eden tam sertifikasyon sa\u011flayabiliriz. Bu \u015feffafl\u0131k, y\u00fcksek g\u00fcvenilirlik gerektiren end\u00fcstriler i\u00e7in temel olup, par\u00e7alar\u0131n\u0131z\u0131n tam olarak sipari\u015f edildi\u011fi gibi oldu\u011funa g\u00fcven verir.<\/p>\n<h2>SSS: 8620 Ala\u015f\u0131ml\u0131 \u00c7elik \u0130\u015flenmi\u015f Par\u00e7alar<\/h2>\n<h3>Vastmaterial \u0131s\u0131l i\u015flem ve carburizasyon i\u00e7in gerekli mi?<\/h3>\n<p>Evet, t\u00fcm \u00fcretim d\u00f6ng\u00fcs\u00fcn\u00fc y\u00f6netiyoruz. \u00c7\u00fcnk\u00fc <strong>8620 ala\u015f\u0131m \u00e7elik i\u015flenmi\u015f par\u00e7alar\u0131m\u0131z<\/strong> \u00f6zel olarak y\u00fczey sertle\u015fmesi i\u00e7in tasarlanm\u0131\u015ft\u0131r, hem ba\u015flang\u0131\u00e7 <strong>CNC i\u015fleme hizmetlerimizi<\/strong> ve gerekli <strong>y\u00fczey sertle\u015ftirme hizmetleri<\/strong>. ile tamamen bitirilmi\u015f, a\u015f\u0131nma direnci y\u00fcksek mekanik bile\u015fenler tedarik edilip montaja haz\u0131r olarak sunulur.<\/p>\n<h3>8620 ile 4140 \u00e7eli\u011fi aras\u0131ndaki kar\u015f\u0131la\u015ft\u0131rma nas\u0131l?<\/h3>\n<p>Birincil fark sertle\u015fme profili ve \u00e7ekirdek dayan\u0131kl\u0131l\u0131\u011f\u0131d\u0131r:<\/p>\n<ul>\n<li><strong>8620 \u00c7elik:<\/strong> A <strong>d\u00fc\u015f\u00fck karbonlu ala\u015f\u0131m \u00e7eli\u011fi<\/strong> ve m\u00fckemmel <strong>\u0131s\u0131l i\u015flem i\u00e7in karbon art\u0131r\u0131lmas\u0131 ala\u015f\u0131m\u0131<\/strong>. \u0130\u00e7eri\u011fini g\u00fc\u00e7lendirmek i\u00e7in ola\u011fan\u00fcst\u00fc darbe emici dayan\u0131kl\u0131l\u0131\u011f\u0131 korurken \u00e7ekirdekte m\u00fckemmel dayan\u0131kl\u0131l\u0131k ve s\u00fcnekli\u011fi s\u00fcrd\u00fcr\u00fcr. Bu, darbeye dayan\u0131kl\u0131 uygulamalar i\u00e7in tercih edilen se\u00e7enek haline getirir, \u00f6rne\u011fin <strong>so\u011fuk i\u015f\u00e7ilikte sertle\u015ftirilmi\u015f \u00e7elik di\u015fliler<\/strong>, pinsler ve a\u011f\u0131r hizmet rulmanlar.<\/li>\n<li><strong>4140 \u00c7elik:<\/strong> Orta karbonlu bir \u00e7eliktir ve derin sertle\u015fir. Genel eksenel kuvveti daha y\u00fcksek sa\u011flar ancak 8620\u2019nin daha yumu\u015fak \u00e7ekirde\u011finde bulunan \u00fcst\u00fcn darbe direncini yoksular.<\/li>\n<\/ul>\n<h3>\u0130 i\u015flenmi\u015f ve sertle\u015ftirilmi\u015f par\u00e7alar\u0131n teslim s\u00fcresi nedir?<\/h3>\n<p>Standart teslim s\u00fcremiz genellikle <strong>3 ila 5 hafta i\u00e7inde ilk makale \u00f6rnekleri teslim edebilir<\/strong>. aral\u0131\u011f\u0131nda de\u011fi\u015fir. Bu zaman \u00e7izelgesi, tamamen \u00fcretim s\u00fcrecini kapsar\u2014 <strong>8620 i\u00e7in hassas CNC freze<\/strong> ve torna i\u015flemlerinden nihai  \u0131s\u0131l i\u015flem ve <strong>hassas ID\/OD ta\u015flama<\/strong>. ile son haline getirilmesine kadar. Zaman \u00e7izelgeleri sipari\u015f hacmine ve par\u00e7an\u0131n karma\u015f\u0131kl\u0131\u011f\u0131na ba\u011fl\u0131 olarak ayarlan\u0131r, ancak her zaman hedefiniz olan <strong>y\u00fcksek \u00e7ekirdek dayan\u0131ml\u0131 \u00e7elik par\u00e7alar\u0131n\u0131<\/strong> verimli bir \u015fekilde teslim etmek i\u00e7in odaklan\u0131yoruz.<\/p>","protected":false},"excerpt":{"rendered":"<p>Vastmaterial 8620 ala\u015f\u0131m \u00e7elik i\u015flenmi\u015f par\u00e7alar i\u00e7in CNC torna freze \u0130svi\u00e7re i\u015fleme ve \u0131s\u0131tma tedavisi ile ISO 9001 kalite<\/p>","protected":false},"featured_media":2043,"comment_status":"open","ping_status":"closed","template":"","meta":{"site-sidebar-layout":"default","site-content-layout":"","ast-site-content-layout":"default","site-content-style":"default","site-sidebar-style":"default","ast-global-header-display":"","ast-banner-title-visibility":"","ast-main-header-display":"","ast-hfb-above-header-display":"","ast-hfb-below-header-display":"","ast-hfb-mobile-header-display":"","site-post-title":"","ast-breadcrumbs-content":"","ast-featured-img":"","footer-sml-layout":"","ast-disable-related-posts":"","theme-transparent-header-meta":"default","adv-header-id-meta":"","stick-header-meta":"","header-above-stick-meta":"","header-main-stick-meta":"","header-below-stick-meta":"","astra-migrate-meta-layouts":"set","ast-page-background-enabled":"default","ast-page-background-meta":{"desktop":{"background-color":"var(--ast-global-color-5)","background-image":"","background-repeat":"repeat","background-position":"center center","background-size":"auto","background-attachment":"scroll","background-type":"","background-media":"","overlay-type":"","overlay-color":"","overlay-opacity":"","overlay-gradient":""},"tablet":{"background-color":"","background-image":"","background-repeat":"repeat","background-position":"center center","background-size":"auto","background-attachment":"scroll","background-type":"","background-media":"","overlay-type":"","overlay-color":"","overlay-opacity":"","overlay-gradient":""},"mobile":{"background-color":"","background-image":"","background-repeat":"repeat","background-position":"center center","background-size":"auto","background-attachment":"scroll","background-type":"","background-media":"","overlay-type":"","overlay-color":"","overlay-opacity":"","overlay-gradient":""}},"ast-content-background-meta":{"desktop":{"background-color":"var(--ast-global-color-4)","background-image":"","background-repeat":"repeat","background-position":"center center","background-size":"auto","background-attachment":"scroll","background-type":"","background-media":"","overlay-type":"","overlay-color":"","overlay-opacity":"","overlay-gradient":""},"tablet":{"background-color":"var(--ast-global-color-4)","background-image":"","background-repeat":"repeat","background-position":"center center","background-size":"auto","background-attachment":"scroll","background-type":"","background-media":"","overlay-type":"","overlay-color":"","overlay-opacity":"","overlay-gradient":""},"mobile":{"background-color":"var(--ast-global-color-4)","background-image":"","background-repeat":"repeat","background-position":"center center","background-size":"auto","background-attachment":"scroll","background-type":"","background-media":"","overlay-type":"","overlay-color":"","overlay-opacity":"","overlay-gradient":""}}},"product_brand":[],"product_cat":[17,18],"product_tag":[],"class_list":{"0":"post-2046","1":"product","2":"type-product","3":"status-publish","4":"has-post-thumbnail","6":"product_cat-stainless-steel","7":"product_cat-alloy-steel","8":"desktop-align-left","9":"tablet-align-left","10":"mobile-align-left","12":"first","13":"instock","14":"shipping-taxable","15":"purchasable","16":"product-type-simple"},"_links":{"self":[{"href":"https:\/\/haoyumaterial.com\/tr\/wp-json\/wp\/v2\/product\/2046","targetHints":{"allow":["GET"]}}],"collection":[{"href":"https:\/\/haoyumaterial.com\/tr\/wp-json\/wp\/v2\/product"}],"about":[{"href":"https:\/\/haoyumaterial.com\/tr\/wp-json\/wp\/v2\/types\/product"}],"replies":[{"embeddable":true,"href":"https:\/\/haoyumaterial.com\/tr\/wp-json\/wp\/v2\/comments?post=2046"}],"wp:featuredmedia":[{"embeddable":true,"href":"https:\/\/haoyumaterial.com\/tr\/wp-json\/wp\/v2\/media\/2043"}],"wp:attachment":[{"href":"https:\/\/haoyumaterial.com\/tr\/wp-json\/wp\/v2\/media?parent=2046"}],"wp:term":[{"taxonomy":"product_brand","embeddable":true,"href":"https:\/\/haoyumaterial.com\/tr\/wp-json\/wp\/v2\/product_brand?post=2046"},{"taxonomy":"product_cat","embeddable":true,"href":"https:\/\/haoyumaterial.com\/tr\/wp-json\/wp\/v2\/product_cat?post=2046"},{"taxonomy":"product_tag","embeddable":true,"href":"https:\/\/haoyumaterial.com\/tr\/wp-json\/wp\/v2\/product_tag?post=2046"}],"curies":[{"name":"wp","href":"https:\/\/api.w.org\/{rel}","templated":true}]}}