{"id":2068,"date":"2026-03-19T15:28:57","date_gmt":"2026-03-19T07:28:57","guid":{"rendered":"https:\/\/haoyumaterial.com\/?post_type=product&#038;p=2068"},"modified":"2026-03-19T15:36:30","modified_gmt":"2026-03-19T07:36:30","slug":"stainless-steel-alloy-174-ph-machined-parts","status":"publish","type":"product","link":"https:\/\/haoyumaterial.com\/tr\/product\/stainless-steel-alloy-174-ph-machined-parts\/","title":{"rendered":"Paslanmaz \u00c7elik Ala\u015f\u0131m\u0131 17 4 PH \u0130\u015flenmi\u015f Par\u00e7alar CNC Hizmetleri"},"content":{"rendered":"<h2>17-4 PH (SAE 630) Paslanmaz \u00c7elik nedir?<\/h2>\n<p>Ekstra g\u00fc\u00e7 sa\u011flar ancak \u00e7evresel dayan\u0131kl\u0131l\u0131ktan \u00f6d\u00fcn vermeyen bile\u015fenleri mi bulmakta zorlan\u0131yor musunuz? Standart austenitik s\u0131n\u0131flar y\u00fcksek mekanik gerilim alt\u0131nda yetersiz kald\u0131\u011f\u0131nda, SAE 630 s\u0131n\u0131f\u0131n\u0131 kullan\u0131yoruz.<\/p>\n<p>Y\u00fcksek performansl\u0131 \u00fcretim konusunda uzman\u0131z <strong>stainless steel alloy 17-4 ph machined parts<\/strong>. UNS S17400 veya 17Cr-4Ni olarak da bilinen bu \u00e7ok y\u00f6nl\u00fc malzeme krom-nikel-k\u00fcperlidir <strong>preipitatasyon sertle\u015fme ala\u015f\u0131m\u0131<\/strong>. Martensitik yap\u0131s\u0131, bile\u015fen ar\u0131zas\u0131n\u0131n bir se\u00e7enek olmad\u0131\u011f\u0131 hassas imalat i\u00e7in nihai temel sa\u011flar.<\/p>\n<h3>S17400 Ala\u015f\u0131m\u0131 Par\u00e7alar\u0131n\u0131n Anahtar \u00d6zellikleri<\/h3>\n<ul>\n<li><strong>\u00dcst\u00fcn Sertlik:<\/strong> \u0130yi a\u015f\u0131nma direnci elde etme kapasitesi; standart termal i\u015flemler temel malzemeyi y\u00fckselterek <strong>44 HRC<\/strong>.<\/li>\n<li><strong>Geli\u015fmi\u015f Korozyon Direnci:<\/strong> Standart 304 paslanmaz \u00e7eli\u011fe k\u0131yasla oksidasyon ve pas \u00f6nleme sa\u011flar, geleneksel 400 serisi martensitik s\u0131n\u0131flar\u0131n yeteneklerini \u00e7ok a\u015far.<\/li>\n<li><strong>Y\u00fcksek Dayan\u0131kl\u0131l\u0131k B\u00fct\u00fcnl\u00fc\u011f\u00fc:<\/strong> A\u011f\u0131r y\u00fckler alt\u0131nda yap\u0131sal stabilite ve verim dayan\u0131m\u0131 s\u00fcrd\u00fcrmek \u00fczere tasarlanm\u0131\u015ft\u0131r.<\/li>\n<li><strong>M\u00fckemmel D\u00f6k\u00fcm \u0130\u015flenebilirlik:<\/strong> Bize, nihai ya\u015fland\u0131rma s\u00fcrecinden \u00f6nce son derece karma\u015f\u0131k, s\u0131k\u0131 toleransl\u0131 geometrileri verimli bir \u015fekilde makine eder, \u015fekillendirir ve olu\u015fturur.<\/li>\n<\/ul>\n<h2>\u00d6zel 17-4 PH CNC \u0130\u015fleme Yetkinlikleri<\/h2>\n<p><img decoding=\"async\" src=\"https:\/\/haoyumaterial.com\/wp-content\/uploads\/2026\/03\/17-4_PH_Stainless_Steel_Machining_Services_l4X7WcD.webp\" alt=\"17-4 PH \u00c7elik Cevher \u0130\u015fleme Hizmetleri\" \/><\/p>\n<p>Vastmaterial'da, y\u00fcksek kaliteli <strong>paslanmaz \u00e7elik ala\u015f\u0131m\u0131 17-4 PH i\u015flenmi\u015f par\u00e7alar\u0131n\u0131<\/strong> y\u00fcksek talepli k\u00fcresel uygulamalar i\u00e7in \u00fcretiyoruz. \u00dcretim s\u00fcre\u00e7lerimizi SAE s\u0131n\u0131f\u0131 630\u2019un benzersiz dayan\u0131kl\u0131l\u0131\u011f\u0131n\u0131 ele almak \u00fczere optimize ediyoruz, g\u00fcvenilir <a href=\"https:\/\/haoyumaterial.com\/tr\/product\/austenitic-stainless-steel-grades-and-custom-precision-components\/\">\u00f6zel hassas bile\u015fenler<\/a> her seferinde tam spesifikasyonlara uygun olarak.<\/p>\n<p>Ana \u00fcretim yeteneklerimizin bir d\u00f6k\u00fcm\u00fc:<\/p>\n<ul>\n<li><strong>CNC \u0130svi\u00e7re \u0130\u015fleme:<\/strong> Y\u00fcksek hacimde m\u00fckemmeliz <strong>isvi\u00e7re i\u015fleme<\/strong> k\u00fc\u00e7\u00fck \u00e7apl\u0131, karma\u015f\u0131k bile\u015fenler i\u00e7in. Bu s\u00fcre\u00e7, boyutsal do\u011fruluktan \u00f6d\u00fcn vermeden h\u0131zl\u0131 \u00fcretim s\u0131ralar\u0131 garanti eder.<\/li>\n<li><strong>Geli\u015fmi\u015f CNC Freze ve Torna:<\/strong> \u00c7ok eksenli i\u015fleme merkezlerimiz, kat\u0131 S17400 ala\u015f\u0131m k\u00fcl\u00e7elerini son derece hassas bitmi\u015f par\u00e7alara d\u00f6n\u00fc\u015ft\u00fcrerek karma\u015f\u0131k geometrileri rahat\u00e7a ele al\u0131r.<\/li>\n<li><strong>S\u0131k\u0131 Toleranslar:<\/strong> Hassas \u00fcretim bizim standart\u0131m\u0131zd\u0131r. Par\u00e7an\u0131n \u00f6zg\u00fc geometrisi ve temperine ba\u011fl\u0131 olarak toleranslar\u0131 s\u00fcrekli olarak <strong>+\/- 0.002 in\u00e7<\/strong>\u2014ve \u00f6zel uygulamalar i\u00e7in s\u0131k s\u0131k daha s\u0131k\u0131 tutar\u0131z.<\/li>\n<li><strong>Son \u0130\u015flem ve Is\u0131l \u0130\u015flem:<\/strong> \u0130\u015faretledi\u011finiz tam ya\u015fland\u0131rma ve tempering \u00e7evrimini i\u00e7 mekanda y\u00f6netiyoruz. Par\u00e7alar\u0131n\u0131z\u0131n temel Condition A\u2019ya m\u0131 yoksa <strong>Condition H900<\/strong>, H1025 veya H1150\u2019e mi ihtiyac\u0131 oldu\u011fu farketmeksizin, kontroll\u00fc \u0131s\u0131l i\u015flem hizmetlerimiz malzemenin hedef mekanik \u00f6zelliklere ula\u015fmas\u0131n\u0131 sa\u011flar.<\/li>\n<\/ul>\n<h2>Is\u0131l \u0130\u015flem ile 17-4 PH Mekanik \u00d6zellikleri<\/h2>\n<p>SAE Tipi 630\u2019un ger\u00e7ek de\u011feri \u00e7ok y\u00f6nl\u00fcl\u00fc\u011f\u00fcnde yatmaktad\u0131r. Hedefli \u0131s\u0131l i\u015flemle, g\u00fcc\u00fcn\u00fcz\u00fc ve sertli\u011fini dramatik bi\u00e7imde de\u011fi\u015ftirebiliriz <strong>stainless steel alloy 17-4 ph machined parts<\/strong> belirli uygulama taleplerine uygun olarak. Projeniz standart malzeme \u00f6zellikleri mi gerektiriyor yoksa y\u00fcksek dayan\u0131ml\u0131 17-4 PH Condition H900 bile\u015fenleri mi, \u00e7\u00f6kelme sertle\u015fme s\u00fcreci nihai spesifikasyonlar \u00fczerinde tam kontrol sa\u011flar.<\/p>\n<p>\u00c7al\u0131\u015ft\u0131\u011f\u0131m\u0131z ham maddelerin daha geni\u015f yelpazesini g\u00f6rmek i\u00e7in <a href=\"https:\/\/haoyumaterial.com\/tr\/urun-kategori\/stainless-steel\/\">paslanmaz \u00e7elik se\u00e7eneklerimizi<\/a>.<\/p>\n<p>A\u015fa\u011f\u0131da farkl\u0131 temper ko\u015fullar\u0131 alt\u0131nda i\u015flenmi\u015f 17-4 PH imalat par\u00e7alar\u0131n\u0131n tipik mekanik \u00f6zelliklerinin bir k\u0131r\u0131l\u0131m\u0131 verilmi\u015ftir:<\/p>\n<table>\n<thead>\n<tr>\n<th style=\"text-align: left;\">Temper Ko\u015fulu<\/th>\n<th style=\"text-align: left;\">Akma Dayan\u0131m\u0131 (ksi)<\/th>\n<th style=\"text-align: left;\">Ultimate \u00c7ekme Dayan\u0131m\u0131 (ksi)<\/th>\n<th style=\"text-align: left;\">Brinell Sertlik<\/th>\n<th style=\"text-align: left;\">Rockwell Sertlik<\/th>\n<\/tr>\n<\/thead>\n<tbody>\n<tr>\n<td style=\"text-align: left;\"><strong>Condition A (Taban)<\/strong><\/td>\n<td style=\"text-align: left;\">110<\/td>\n<td style=\"text-align: left;\">150<\/td>\n<td style=\"text-align: left;\">277<\/td>\n<td style=\"text-align: left;\">28 HRC<\/td>\n<\/tr>\n<tr>\n<td style=\"text-align: left;\"><strong>H900<\/strong><\/td>\n<td style=\"text-align: left;\">170<\/td>\n<td style=\"text-align: left;\">190<\/td>\n<td style=\"text-align: left;\">388<\/td>\n<td style=\"text-align: left;\">44 HRC<\/td>\n<\/tr>\n<tr>\n<td style=\"text-align: left;\"><strong>H1025<\/strong><\/td>\n<td style=\"text-align: left;\">155<\/td>\n<td style=\"text-align: left;\">170<\/td>\n<td style=\"text-align: left;\">331<\/td>\n<td style=\"text-align: left;\">35 HRC<\/td>\n<\/tr>\n<tr>\n<td style=\"text-align: left;\"><strong>H1100<\/strong><\/td>\n<td style=\"text-align: left;\">115<\/td>\n<td style=\"text-align: left;\">140<\/td>\n<td style=\"text-align: left;\">302<\/td>\n<td style=\"text-align: left;\">32 HRC<\/td>\n<\/tr>\n<tr>\n<td style=\"text-align: left;\"><strong>H1150<\/strong><\/td>\n<td style=\"text-align: left;\">105<\/td>\n<td style=\"text-align: left;\">135<\/td>\n<td style=\"text-align: left;\">277<\/td>\n<td style=\"text-align: left;\">28 HRC<\/td>\n<\/tr>\n<\/tbody>\n<\/table>\n<p><strong>Tempers Hakk\u0131nda Ana Noktalar:<\/strong><\/p>\n<ul>\n<li><strong>Ko\u015ful A:<\/strong> Baselined \u00e7\u00f6z\u00fcmlenmi\u015f-annealed durumda, ya\u015fland\u0131rmadan \u00f6nce ilk maching i\u00e7in ideal.<\/li>\n<li><strong>H900:<\/strong> 900\u00b0F'te \u0131s\u0131t\u0131larak elde edilir. Bu, maksimum dayan\u0131kl\u0131l\u0131k ve zirve sertli\u011fini (44 HRC) sa\u011flar.<\/li>\n<li><strong>H1025 ile H1150:<\/strong> Daha y\u00fcksek ya\u015fland\u0131rma s\u0131cakl\u0131klar\u0131 ala\u015f\u0131m\u0131 kademeli olarak yumu\u015fat\u0131r; bu, nihai \u00e7ekme mukavemetini hafif\u00e7e azalt\u0131r ancak genel dayan\u0131kl\u0131l\u0131\u011f\u0131 ve darbe direncini \u00f6nemli \u00f6l\u00e7\u00fcde art\u0131r\u0131r.<\/li>\n<\/ul>\n<h2>17-4 PH Maliyeti ve \u0130\u015flenebilirli\u011fi<\/h2>\n<h3>Dayan\u0131kl\u0131l\u0131\u011f\u0131 Yat\u0131\u015ft\u0131rmak<\/h3>\n<p>Odadaki g\u00fcre\u015fleri ele alal\u0131m: 17-4 PH'nin i\u015fleme i\u00e7in kesici tak\u0131mlar \u00fczerinde k\u00f6t\u00fc \u00fcne sahip olmas\u0131 bilinen bir ger\u00e7ektir. Standart 12L14 \u00e7eli\u011fe g\u00f6re yakla\u015f\u0131k 5.0\u2019l\u0131k bir i\u015fleme maliyeti fakt\u00f6r\u00fcne sahiptir. Malzeme yo\u011fun, a\u015f\u0131nd\u0131r\u0131c\u0131d\u0131r ve kesim s\u0131ras\u0131nda \u00f6nemli \u0131s\u0131 \u00fcretir.<\/p>\n<p>Vastmaterial\u2019da \u00fcretimi <strong>stainless steel alloy 17-4 ph machined parts<\/strong> etkili bir \u015fekilde biliyoruz. Bu y\u00fcksek i\u015fleme maliyetlerini aktif olarak azalt\u0131yor ve tak\u0131m a\u015f\u0131nmas\u0131n\u0131 d\u00fc\u015f\u00fcr\u00fcyoruz:<\/p>\n<ul>\n<li><strong>Beslemeler ve H\u0131zlar\u0131n Optimize Edilmesi:<\/strong> Karl\u0131 par\u00e7alar\u0131 h\u0131zl\u0131 temizlemek ve \u0131s\u0131 birikimini y\u00f6netmek i\u00e7in hassas CNC parametrelerini programl\u0131yoruz.<\/li>\n<li><strong>Premium Tak\u0131m Kullan\u0131m\u0131:<\/strong> Ya\u011f\u0131\u015fl\u0131 sertle\u015ftirme paslanmaz \u00e7elik imalat\u0131 i\u00e7in \u00f6zel olarak tasarlanm\u0131\u015f y\u00fcksek performansl\u0131 karb\u00fcr kesici tak\u0131mlar\u0131n\u0131 kullan\u0131yoruz.<\/li>\n<li><strong>Sert Sabitler Sa\u011flamak:<\/strong> Titre\u015fimi ortadan kald\u0131rmak i\u00e7in a\u011f\u0131r g\u00f6revli tutucular kullan\u0131yoruz, bu s\u0131k\u0131 toleranslar sa\u011flar ve tak\u0131mlar\u0131m\u0131z\u0131n \u00f6mr\u00fcn\u00fc uzat\u0131r.<\/li>\n<\/ul>\n<h3>17-4 PH Ne Zaman Yat\u0131r\u0131ml\u0131k De\u011ferinde?<\/h3>\n<p>\u0130\u015f\u00e7ilik s\u00fcresi daha uzun oldu\u011fundan, \u00f6zel 17-4 PH CNC imalat\u0131n\u0131 se\u00e7mek projeniz i\u00e7in finansal olarak mant\u0131kl\u0131 olmal\u0131d\u0131r.<\/p>\n<ul>\n<li><strong>Karar A\u015famas\u0131nda 303 veya 316'y\u0131 Tercih Edin Ki:<\/strong> Tasar\u0131m\u0131n\u0131z yaln\u0131zca temel korozyon direnci, orta seviye g\u00fc\u00e7 ve standart performans gerektiriyorsa. Bu alternatifler daha ucuzdur ve \u00e7ok daha h\u0131zl\u0131 i\u015flenirler.<\/li>\n<li><strong>17-4 PH\u2019e \u015fu durumlarda yat\u0131r\u0131m yap\u0131n:<\/strong> Uygulaman\u0131z b\u00fcy\u00fck bir g\u00fc\u00e7-a\u011f\u0131rl\u0131k oran\u0131, a\u015f\u0131nmaya kar\u015f\u0131 u\u00e7 d\u00fczeyde dayan\u0131kl\u0131l\u0131k, y\u00fcksek sertlik yetenekleri (44 HRC'ye kadar) ve kimyasal i\u015flem s\u0131ras\u0131nda minimum bozulma gerektiriyorsa.<\/li>\n<\/ul>\n<p>Materyali uygulaman\u0131z\u0131n mekanik taleplerine \u00e7ok iyi uydurmak, \u00fcretim maliyetlerini kontrol etmenin en kesin yoludur. \u015eu anda malzeme se\u00e7eneklerinizi de\u011ferlendiriyorsan\u0131z, <a href=\"https:\/\/haoyumaterial.com\/tr\/casted-stainless-steel-guide-benefits-and-grades\/\">paslanmaz \u00e7elik faydalar\u0131n\u0131 ve s\u0131n\u0131flar\u0131n\u0131 anlamak<\/a> belirli \u00fcretim d\u00f6neminize en iyi ve en maliyet-etkin ala\u015f\u0131m\u0131 belirlemenize yard\u0131mc\u0131 olabilir.<\/p>\n<h2>Ala\u015f\u0131m 17-4 PH Haddehaneli Par\u00e7alar Kullanan End\u00fcstriler<\/h2>\n<p><img decoding=\"async\" src=\"https:\/\/haoyumaterial.com\/wp-content\/uploads\/2026\/03\/17-4_PH_Stainless_Steel_Machined_Parts_Application_1.webp\" alt=\"17-4 PH Paslanmaz \u00c7elik \u0130\u015flenmi\u015f Par\u00e7alar Uygulamalar\u0131\" \/><\/p>\n<p>\u00dcretim yap\u0131yoruz <strong>paslanmaz \u00e7elik ala\u015f\u0131m\u0131 17-4 PH i\u015flenmi\u015f par\u00e7alar\u0131n\u0131<\/strong> g\u00fc\u00e7 ve korozyon direncinden asla taviz verilemeyen sekt\u00f6rler i\u00e7in. Ar\u0131za se\u00e7enek d\u0131\u015f\u0131 oldu\u011funda, bu SAE Type 630 paslanmaz \u00e7elik gerekli dayan\u0131kl\u0131l\u0131\u011f\u0131 sa\u011flar.<\/p>\n<p>Burada kalsiyumlama nedeniyle sertle\u015fen paslanmaz \u00e7elik imalat hizmetlerimizin en b\u00fcy\u00fck etkiyi yaratt\u0131\u011f\u0131 yer:<\/p>\n<ul>\n<li><strong>Havac\u0131l\u0131k ve Savunma:<\/strong> DAYANIKLI yap\u0131 par\u00e7alar\u0131, ini\u015f tak\u0131mlar\u0131 bile\u015fenleri ve <strong>\u00f6zel havac\u0131l\u0131k 17-4 PH fittings<\/strong> en zorlay\u0131c\u0131 bask\u0131lar alt\u0131nda dayanacak \u015fekilde tasarlanm\u0131\u015ft\u0131r <a href=\"https:\/\/haoyumaterial.com\/tr\/industries\/aerospace\/\">havac\u0131l\u0131k sanayi uygulamalar\u0131 gibi karma\u015f\u0131k talepleri destekler<\/a>.<\/li>\n<li><strong>Petrol ve Gaz \/ Petrol-kimya:<\/strong> Sert offshore ve Rafineri ortamlar\u0131 sert malzemeler gerektirir. A\u011f\u0131r hizmet vana g\u00f6vdeleri, dayan\u0131kl\u0131 pomp milleri ve son derece g\u00fcvenilir <strong>CNC i\u015flenmi\u015f 17-4 pompa contalar\u0131<\/strong>.<\/li>\n<li><strong>T\u0131bbi:<\/strong> Malzemenin g\u00fcc\u00fc ve sterilizasyon Kabiliyetinin, i\u00e7in m\u00fckemmel oldu\u011fudur <strong>17-4 PH t\u0131bbi cihaz imalat\u0131<\/strong>. S\u0131k\u0131 bir \u015fekilde cerrahi aletler ve dayan\u0131kl\u0131 ekipman bile\u015fenleri d\u00fczenli olarak \u00fcretilir.<\/li>\n<li><strong>Otomotiv ve Denizcilik:<\/strong> Y\u00fcksek hatal\u0131 hizalama aralay\u0131c\u0131lar\u0131 ve a\u011f\u0131r hizmet s\u00fcspansiyon ba\u011fl\u0131ktan <strong>tamamen d\u00f6nen 17-4 PH milileri<\/strong> kay\u0131k pervaneleri i\u00e7in, bu ala\u015f\u0131m a\u011f\u0131r mekanik y\u00fckler ve tuzlu suya maruz kalmada geli\u015fir.<\/li>\n<\/ul>\n<h2>Paslanmaz \u00c7elik Ala\u015f\u0131m\u0131 17-4 PH \u0130\u015flenmi\u015f Par\u00e7alar \u0130\u00e7in Kalite G\u00fcvencesi<\/h2>\n<p>Geni\u015f materyalimizde, g\u00fcvenilir teslim etmek i\u00e7in <strong>paslanmaz \u00e7elik ala\u015f\u0131m\u0131 17-4 PH i\u015flenmi\u015f par\u00e7alar\u0131n\u0131<\/strong> kesinlikle k\u00f6\u015fe d\u00f6nmemek gerekir. Hassas imalat ba\u015ftan sona s\u0131k\u0131 denetim gerektirir. M\u00fckemmeliyet taahh\u00fcd\u00fcm\u00fcz t\u00fcm operasyonlar\u0131m\u0131zda yans\u0131t\u0131l\u0131r, sa\u011flam bir temele dayal\u0131 <a href=\"https:\/\/haoyumaterial.com\/tr\/alloy-cast-steel-factory-capabilities-processes-and-quality\/\">fabrika yeteneklerimiz ve kalite s\u00fcre\u00e7lerimiz<\/a> k\u00fcresel pazar taleplerini kar\u015f\u0131lamak \u00fczere tasarlanm\u0131\u015ft\u0131r.<\/p>\n<h3>\u00dcretim Sertifikalar\u0131<\/h3>\n<p>\u00d6zel 17-4 PH CNC i\u015fleme hizmetlerimizi end\u00fcstri lideri standartlarla destekliyoruz ki tam olarak ihtiya\u00e7 duydu\u011funuz \u015feyi elde edin:<\/p>\n<ul>\n<li><strong>ISO 9001:2015:<\/strong> T\u00fcm tesisimizde tutarl\u0131, y\u00fcksek kaliteli \u00fcretim ve s\u00fcrekli s\u00fcre\u00e7 iyile\u015ftirmeyi sa\u011flar.<\/li>\n<li><strong>ITAR Kayd\u0131:<\/strong> Savunma, uzay ve askeri s\u00f6zle\u015fmeler i\u00e7in tamamen uyumlu ve g\u00fcvenli \u00fcretim.<\/li>\n<\/ul>\n<h3>Geli\u015fmi\u015f Muayene ve \u0130zlenebilirlik<\/h3>\n<p>Bizden S17400 ala\u015f\u0131m hassas par\u00e7alar temin etti\u011finizde, do\u011fruluk ve hesap verebilirlik i\u015f ak\u0131\u015f\u0131na entegre edilir:<\/p>\n<ul>\n<li><strong>CMM Muayenesi:<\/strong> En s\u0131k\u0131 toleranslar\u0131 ve en karma\u015f\u0131k geometrileri do\u011frulamak i\u00e7in geli\u015fmi\u015f Koordinat \u00d6l\u00e7\u00fcm Makineleri (CMM) kullan\u0131yoruz.<\/li>\n<li><strong>Tam Malzeme \u0130zlenebilirli\u011fi:<\/strong> Her sevkiyat, kutudan \u00e7\u0131kt\u0131\u011f\u0131 anda Tam Malzeme Muayene Raporlar\u0131 (MTR'lar) i\u00e7erir; nihai \u00fcr\u00fcnlerinizde kullan\u0131lacak malzemeler hakk\u0131nda size 100% g\u00fcven verir.<\/li>\n<\/ul>\n<h2>SS \u00c7elik Ala\u015f\u0131m 17-4 PH Machined Parts SSSS:<\/h2>\n<h3>17-4 PH kaynak i\u00e7in \u00f6n \u0131s\u0131tmaya ihtiya\u00e7 var m\u0131?<\/h3>\n<p>Hay\u0131r. Bizim <strong>stainless steel alloy 17-4 ph machined parts<\/strong> kullan\u0131labilir kaynak yap\u0131labilir. \u00d6n \u0131s\u0131tma ve sonras\u0131 \u0131s\u0131tma ad\u0131mlar\u0131n\u0131 tamamen atlayabilirsiniz. Bu, SAE Tipi 630 paslanmaz \u00e7elik par\u00e7alar\u0131n montaj\u0131n\u0131 ve imalat\u0131n\u0131 di\u011fer y\u00fcksek dayan\u0131ml\u0131 ala\u015f\u0131mlara k\u0131yasla \u00e7ok daha kolay ve maliyet-etkin hale getirir.<\/p>\n<h3>\u00d6zel 17-4 PH par\u00e7alar\u0131 i\u00e7in teslimat s\u00fcresi nedir?<\/h3>\n<p>Geometrinin karma\u015f\u0131kl\u0131\u011f\u0131na ve sipari\u015fin b\u00fcy\u00fckl\u00fc\u011f\u00fcne ba\u011fl\u0131d\u0131r. Genelde standart <strong>\u00f6zel 17-4 PH CNC i\u015fleme<\/strong> projeleri yakla\u015f\u0131k 2 ila 4 hafta s\u00fcrer. Belirli sipari\u015finiz \u0131s\u0131 i\u015flemi gerektiriyorsa <strong>17-4 PH durum H900 bile\u015fenleri<\/strong>, bu \u00f6zel ya\u015fland\u0131rma s\u00fcrecini kendi tesislerimizde tamamlamak i\u00e7in bize birka\u00e7 ilave g\u00fcn eklemeyi unutmay\u0131n.<\/p>\n<h3>Prototipleme ve y\u00fcksek hacimli \u00fcretim \u00e7al\u0131\u015fmalar\u0131yla m\u0131 ilgileniyorsunuz?<\/h3>\n<p>Evet, ikisini de yap\u0131yoruz. \u00dcretimimizi do\u011frudan proje ihtiya\u00e7lar\u0131n\u0131za g\u00f6re \u00f6l\u00e7eklendiriyoruz. Genellikle k\u00fc\u00e7\u00fck prototip partileri \u00fcretiriz <strong>S17400 ala\u015f\u0131m hassas par\u00e7alar\u0131<\/strong> test i\u00e7in, ve \u00f6zel 17-4 PH \u0130svi\u00e7re i\u015fleme hizmetlerimiz kullan\u0131larak y\u00fcksek hacimli \u00fcretime sorunsuz bir \u015fekilde ge\u00e7i\u015f yapabiliriz. Prototip a\u015famas\u0131nda malzemeleri de\u011ferlendiriyorsan\u0131z, mekanik \u00f6zellikleri yan yana kar\u015f\u0131la\u015ft\u0131rman\u0131z i\u00e7in <a href=\"https:\/\/haoyumaterial.com\/tr\/product\/410-ss-material\/\">410 paslanmaz \u00e7elik<\/a> alternatifleri de i\u015fleyebiliriz.<\/p>","protected":false},"excerpt":{"rendered":"<p>CNC Swiss tornalama ile s\u0131k toleranslar ve \u0131s\u0131l i\u015flem g\u00f6rm\u00fc\u015f y\u00fcksek dayan\u0131kl\u0131l\u0131k i\u00e7in \u00f6zel paslanmaz \u00e7elik ala\u015f\u0131m\u0131 17-4 PH ile i\u015flenmi\u015f par\u00e7alar<\/p>","protected":false},"featured_media":2065,"comment_status":"open","ping_status":"closed","template":"","meta":{"site-sidebar-layout":"default","site-content-layout":"","ast-site-content-layout":"default","site-content-style":"default","site-sidebar-style":"default","ast-global-header-display":"","ast-banner-title-visibility":"","ast-main-header-display":"","ast-hfb-above-header-display":"","ast-hfb-below-header-display":"","ast-hfb-mobile-header-display":"","site-post-title":"","ast-breadcrumbs-content":"","ast-featured-img":"","footer-sml-layout":"","ast-disable-related-posts":"","theme-transparent-header-meta":"default","adv-header-id-meta":"","stick-header-meta":"","header-above-stick-meta":"","header-main-stick-meta":"","header-below-stick-meta":"","astra-migrate-meta-layouts":"set","ast-page-background-enabled":"default","ast-page-background-meta":{"desktop":{"background-color":"var(--ast-global-color-5)","background-image":"","background-repeat":"repeat","background-position":"center center","background-size":"auto","background-attachment":"scroll","background-type":"","background-media":"","overlay-type":"","overlay-color":"","overlay-opacity":"","overlay-gradient":""},"tablet":{"background-color":"","background-image":"","background-repeat":"repeat","background-position":"center center","background-size":"auto","background-attachment":"scroll","background-type":"","background-media":"","overlay-type":"","overlay-color":"","overlay-opacity":"","overlay-gradient":""},"mobile":{"background-color":"","background-image":"","background-repeat":"repeat","background-position":"center center","background-size":"auto","background-attachment":"scroll","background-type":"","background-media":"","overlay-type":"","overlay-color":"","overlay-opacity":"","overlay-gradient":""}},"ast-content-background-meta":{"desktop":{"background-color":"var(--ast-global-color-4)","background-image":"","background-repeat":"repeat","background-position":"center center","background-size":"auto","background-attachment":"scroll","background-type":"","background-media":"","overlay-type":"","overlay-color":"","overlay-opacity":"","overlay-gradient":""},"tablet":{"background-color":"var(--ast-global-color-4)","background-image":"","background-repeat":"repeat","background-position":"center center","background-size":"auto","background-attachment":"scroll","background-type":"","background-media":"","overlay-type":"","overlay-color":"","overlay-opacity":"","overlay-gradient":""},"mobile":{"background-color":"var(--ast-global-color-4)","background-image":"","background-repeat":"repeat","background-position":"center center","background-size":"auto","background-attachment":"scroll","background-type":"","background-media":"","overlay-type":"","overlay-color":"","overlay-opacity":"","overlay-gradient":""}}},"product_brand":[],"product_cat":[17],"product_tag":[],"class_list":{"0":"post-2068","1":"product","2":"type-product","3":"status-publish","4":"has-post-thumbnail","6":"product_cat-stainless-steel","7":"desktop-align-left","8":"tablet-align-left","9":"mobile-align-left","11":"first","12":"instock","13":"shipping-taxable","14":"purchasable","15":"product-type-simple"},"_links":{"self":[{"href":"https:\/\/haoyumaterial.com\/tr\/wp-json\/wp\/v2\/product\/2068","targetHints":{"allow":["GET"]}}],"collection":[{"href":"https:\/\/haoyumaterial.com\/tr\/wp-json\/wp\/v2\/product"}],"about":[{"href":"https:\/\/haoyumaterial.com\/tr\/wp-json\/wp\/v2\/types\/product"}],"replies":[{"embeddable":true,"href":"https:\/\/haoyumaterial.com\/tr\/wp-json\/wp\/v2\/comments?post=2068"}],"wp:featuredmedia":[{"embeddable":true,"href":"https:\/\/haoyumaterial.com\/tr\/wp-json\/wp\/v2\/media\/2065"}],"wp:attachment":[{"href":"https:\/\/haoyumaterial.com\/tr\/wp-json\/wp\/v2\/media?parent=2068"}],"wp:term":[{"taxonomy":"product_brand","embeddable":true,"href":"https:\/\/haoyumaterial.com\/tr\/wp-json\/wp\/v2\/product_brand?post=2068"},{"taxonomy":"product_cat","embeddable":true,"href":"https:\/\/haoyumaterial.com\/tr\/wp-json\/wp\/v2\/product_cat?post=2068"},{"taxonomy":"product_tag","embeddable":true,"href":"https:\/\/haoyumaterial.com\/tr\/wp-json\/wp\/v2\/product_tag?post=2068"}],"curies":[{"name":"wp","href":"https:\/\/api.w.org\/{rel}","templated":true}]}}