{"id":2102,"date":"2026-03-28T10:01:16","date_gmt":"2026-03-28T02:01:16","guid":{"rendered":"https:\/\/haoyumaterial.com\/?post_type=product&#038;p=2102"},"modified":"2026-03-28T21:00:31","modified_gmt":"2026-03-28T13:00:31","slug":"1117-low-carbon-steel-precision-machining-services","status":"publish","type":"product","link":"https:\/\/haoyumaterial.com\/tr\/product\/1117-low-carbon-steel-precision-machining-services\/","title":{"rendered":"1117 D\u00fc\u015f\u00fck Karbonlu \u00c7elik Hassas Tala\u015fl\u0131 \u0130spatlar\u0131"},"content":{"rendered":"<h2>1117 D\u00fc\u015f\u00fck Karbonlu \u00c7eli\u011fi Anlamak<\/h2>\n<p>Y\u00fcksek kaliteli bile\u015fenler \u00fcretirken do\u011fru malzemeyi se\u00e7mek kritik bir konu. \u00dcst d\u00fczey <strong>1117 d\u00fc\u015f\u00fck karbonlu \u00e7elik hassas tala\u015fl\u0131 imalat hizmetleri<\/strong>, s\u0131k\u0131 end\u00fcstri standartlar\u0131n\u0131 kar\u015f\u0131layan y\u00fcksek performansl\u0131 par\u00e7alar sunar. Bu malzemenin temel \u00f6zelliklerini anlamak, \u00fcretim hatt\u0131n\u0131z\u0131 optimize etmenin ve toplam \u00fcretim maliyetlerini azaltman\u0131n ilk ad\u0131m\u0131d\u0131r.<\/p>\n<h3>1117 \u00c7elik Nedir?<\/h3>\n<p>1117 \u00e7elik, d\u00fc\u015f\u00fck karbonlu, y\u00fcksek manganezli, s\u00fclf\u00fcrlenmi\u015f karbon \u00e7eliktir. \u00d6zellikle serbest i\u015fleme i\u00e7in tasarlanm\u0131\u015ft\u0131r; h\u0131zl\u0131, hacimli \u00fcretim i\u00e7in m\u00fckemmel bir tercihtir. S\u00fclf\u00fcr\u00fcn bilin\u00e7li olarak eklenmesi, i\u015fleme s\u0131ras\u0131nda tala\u015f k\u0131rma\u51e6\u00fcn\u00fc art\u0131r\u0131r, daha h\u0131zl\u0131 kesme h\u0131zlar\u0131, azalt\u0131lm\u0131\u015f tak\u0131m a\u015f\u0131nmas\u0131 ve son derece tutarl\u0131 bir \u00fcretim d\u00f6ng\u00fcs\u00fc sa\u011flar.<\/p>\n<h3>Ana Malzeme \u00d6zellikleri ve \u00d6zellikler<\/h3>\n<p>1117\u2019nin benzersiz kimyasal bile\u015fimi, at\u00f6lyedeki \u00fcst\u00fcn performans\u0131n\u0131 belirler. Y\u00fcksek i\u015flenebilirli\u011fi yap\u0131sal b\u00fct\u00fcnl\u00fck ile m\u00fckemmel bir \u015fekilde dengeler ve karma\u015f\u0131k par\u00e7alar\u0131n yarat\u0131lmas\u0131 i\u00e7in ideal hammaddedir <strong>1117 D\u00fc\u015f\u00fck Karbonlu \u00c7elik Hassas \u0130spatl\u0131 Par\u00e7alar<\/strong>.<\/p>\n<table>\n<thead>\n<tr>\n<th style=\"text-align: left;\">\u00d6zellik<\/th>\n<th style=\"text-align: left;\">Kimyasal Bile\u015fim \/ De\u011ferlendirme<\/th>\n<\/tr>\n<\/thead>\n<tbody>\n<tr>\n<td style=\"text-align: left;\"><strong>Karbon (C)<\/strong><\/td>\n<td style=\"text-align: left;\">0.14% \u2013 0.20%<\/td>\n<\/tr>\n<tr>\n<td style=\"text-align: left;\"><strong>Manganez (Mn)<\/strong><\/td>\n<td style=\"text-align: left;\">1.00% \u2013 1.30%<\/td>\n<\/tr>\n<tr>\n<td style=\"text-align: left;\"><strong>K\u00fck\u00fcrt (S)<\/strong><\/td>\n<td style=\"text-align: left;\">0.08% \u2013 0.13%<\/td>\n<\/tr>\n<tr>\n<td style=\"text-align: left;\"><strong>Fosfor (P)<\/strong><\/td>\n<td style=\"text-align: left;\">0.04% Maks<\/td>\n<\/tr>\n<tr>\n<td style=\"text-align: left;\"><strong>\u0130\u015flenebilirlik Derecesi<\/strong><\/td>\n<td style=\"text-align: left;\">~85% (1212 \u00e7eli\u011fe g\u00f6re)<\/td>\n<\/tr>\n<\/tbody>\n<\/table>\n<h3>Mekanik Dayan\u0131kl\u0131l\u0131k ve Dayan\u0131kl\u0131l\u0131k<\/h3>\n<p>\u0130nan\u0131lmaz i\u015flenebilirlik puan\u0131na ra\u011fmen, 1117 \u00e7eli\u011fi yap\u0131sal performanstan \u00f6d\u00fcn vermez. \u00c7e\u015fitli zorlu sanayi uygulamalar\u0131 i\u00e7in g\u00fcvenilir mekanik dayan\u0131m ve uzun \u00f6m\u00fcrl\u00fc dayan\u0131kl\u0131l\u0131k sunar.<\/p>\n<ul>\n<li><strong>G\u00fcvenilir Verimlilik Dayan\u0131m\u0131:<\/strong> Operasyonel bask\u0131 alt\u0131nda fiziksel \u015fekil de\u011fi\u015ftirmeye kar\u015f\u0131 m\u00fckemmel diren\u00e7 sa\u011flar.<\/li>\n<li><strong>\u00c7ekirdek D\u00f6k\u00fcnt\u00fcs\u00fc:<\/strong> \u00d6zel d\u00fc\u015f\u00fck karbon i\u00e7eri\u011fi, i\u00e7 \u00e7ekirde\u011fin sa\u011flam, darbe emici ve \u015fekil de\u011fi\u015ftirmeye uygun kalmas\u0131n\u0131 sa\u011flar.<\/li>\n<li><strong>Kal\u0131plama Yetene\u011fi:<\/strong> Karbonitle\u015fme ve di\u011fer y\u00fczey \u0131s\u0131l i\u015flemlerine son derece iyi yan\u0131t verir, sonu\u00e7 olarak d\u0131\u015f kabuk son derece sert ve a\u015f\u0131nmaya dayan\u0131kl\u0131d\u0131r.<\/li>\n<li><strong>\u00dcst\u00fcn Y\u00fczey Bitimi:<\/strong> CNC makinesinden do\u011frudan temiz, p\u00fcr\u00fczs\u00fcz bir y\u00fczey elde eder; ikincil parlatma i\u015flemlerinin gereklili\u011fini \u00f6nemli \u00f6l\u00e7\u00fcde azalt\u0131r.<\/li>\n<\/ul>\n<h2>1117 D\u00fc\u015f\u00fck Karbonlu \u00c7elik Hassas Tala\u015fl\u0131 \u0130spatlar\u0131<\/h2>\n<p>1117 d\u00fc\u015f\u00fck karbon \u00e7eli\u011fi i\u00e7in hassas i\u015fleme hizmetleri sunan bir \u015firketiz ve k\u00fcresel end\u00fcstriler i\u00e7in g\u00fcvenilir, y\u00fcksek kaliteli \u00e7\u00f6z\u00fcmler sunuyoruz. Tesislerimiz, ham 1117 sto\u011fundan tam olarak ihtiyac\u0131n\u0131za uygun bile\u015fenlere d\u00f6n\u00fc\u015f\u00fcm\u00fc i\u00e7in donat\u0131lm\u0131\u015ft\u0131r.<\/p>\n<h3>\u00d6zel CNC \u0130\u015fleme Kapasiteleri<\/h3>\n<p>Geli\u015fmi\u015f CNC torna ve freze merkezlerimiz \u00e7ok y\u00f6nl\u00fcl\u00fck ve h\u0131z i\u00e7in tasarland\u0131. Projenizin basit delme veya karma\u015f\u0131k, \u00e7ok eksenli geometri gerektirip gerektirdi\u011fine bak\u0131lmaks\u0131z\u0131n bunu ger\u00e7ekle\u015ftirmek i\u00e7in teknolojimize sahibiz. Hassas s\u00fcre\u00e7lerimizle benzer \u015fekilde <a href=\"https:\/\/haoyumaterial.com\/tr\/product\/4340-alloy-steel-machined-parts\/\">4340 ala\u015f\u0131ml\u0131 \u00e7elik i\u015flenmi\u015f par\u00e7alar<\/a>, \u00f6zel CNC kurulumlar\u0131m\u0131z 1117 \u00e7eli\u011finin do\u011fal i\u015flenebilirli\u011fini en \u00fcst d\u00fczeye \u00e7\u0131karmak i\u00e7in programlanm\u0131\u015ft\u0131r.<\/p>\n<ul>\n<li><strong>Geli\u015fmi\u015f CNC Torna ve Freze:<\/strong> Karma\u015f\u0131k geometrileri kolayl\u0131kla ele al\u0131r.<\/li>\n<li><strong>H\u0131zl\u0131 Kurulum:<\/strong> Dijital CAD dosyalar\u0131ndan fiziksel \u00fcretime h\u0131zl\u0131 ge\u00e7i\u015f.<\/li>\n<li><strong>\u00d6zel Alet Yollar\u0131:<\/strong> 1117 \u00e7eli\u011finin \u00f6zg\u00fcl par\u00e7a k\u0131rma \u00f6zellikleri i\u00e7in optimize edilmi\u015ftir.<\/li>\n<\/ul>\n<h3>Toleranslar\u0131 S\u0131k\u0131 Tutma i\u00e7in Hassas Par\u00e7alar<\/h3>\n<p>Modern imalatta do\u011fruluk tart\u0131\u015f\u0131lmazd\u0131r. Bu malzeme bu kadar temiz kesildi\u011fi i\u00e7in t\u00fcm \u00fcretim s\u00fcreci boyunca kat\u0131 boyutsal gereksinimleri g\u00fcvenilir \u015fekilde kar\u015f\u0131layabiliriz. 1117 d\u00fc\u015f\u00fck karbon \u00e7elik hassas i\u015flenmi\u015f par\u00e7alar\u0131n\u0131z\u0131n nihai \u00fcr\u00fcn\u00fcn\u00fcze sorunsuz \u015fekilde monte edece\u011fini garanti ediyoruz.<\/p>\n<ul>\n<li><strong>Mikron D\u00fczeyinde Do\u011fruluk:<\/strong> S\u0131k\u0131 end\u00fcstri toleranslar\u0131n\u0131 tutarl\u0131 bir \u015fekilde kar\u015f\u0131lamak.<\/li>\n<li><strong>P\u00fcr\u00fczs\u00fcz Y\u00fczey Bitiri\u015fleri:<\/strong> Makineden ba\u011f\u0131ms\u0131z olarak m\u00fckemmel y\u00fczey kalitesi sunmak.<\/li>\n<li><strong>Kapsaml\u0131 \u0130nceleme:<\/strong> Her parti tam taslaklar\u0131n\u0131za uygunlu\u011fu a\u00e7\u0131s\u0131ndan do\u011frulan\u0131r.<\/li>\n<\/ul>\n<h3>\u0130\u015fleme Verimlili\u011fi ve \u00dcretim Turlar\u0131<\/h3>\n<p>Zaman parad\u0131r. 1117 \u00e7eli\u011fi m\u00fckemmel i\u015flenebilirlik puan\u0131na sahiptir; bu, ekipman\u0131m\u0131z\u0131 daha y\u00fcksek h\u0131zlarda \u00e7al\u0131\u015ft\u0131rmam\u0131z\u0131 ve tak\u0131m \u00f6mr\u00fcn\u00fc uzatmam\u0131z\u0131 sa\u011flar. Bu verimlilik, projeleriniz i\u00e7in daha h\u0131zl\u0131 lider zamanlar\u0131na ve daha iyi fiyatland\u0131rmaya do\u011frudan yans\u0131r.<\/p>\n<ul>\n<li><strong>H\u0131zl\u0131 Prototipleme:<\/strong> \u0130lk test bile\u015fenlerinizi h\u0131zl\u0131ca edinin.<\/li>\n<li><strong>Sorunsuz \u00d6l\u00e7eklendirme:<\/strong> Bir d\u00fczine prototipten on binlerce birime kolayca ge\u00e7i\u015f yap\u0131n.<\/li>\n<li><strong>Maliyet-Etkin Operasyonlar:<\/strong> Azalan makine a\u015f\u0131nmas\u0131 ve daha h\u0131zl\u0131 \u00e7evrim s\u00fcreleri b\u00fct\u00e7enizin kontrol alt\u0131nda kalmas\u0131n\u0131 sa\u011flar.<\/li>\n<\/ul>\n<h2>1117 \u00c7elik \u0130\u00e7in \u0130\u015fleme Avantajlar\u0131<\/h2>\n<p>1117 d\u00fc\u015f\u00fck karbon \u00e7elik i\u00e7in hassas i\u015fleme hizmetleri sunan bir \u015firket olarak bu malzemeyi m\u00fchendislerin neden s\u00fcrekli belirledi\u011fini birinci elden g\u00f6r\u00fcyoruz. Hammadd\u00ee i\u015flenebilirlik ile \u00e7ekirdek g\u00fc\u00e7 aras\u0131nda m\u00fckemmel bir denge sunar ve \u00f6l\u00e7ekli g\u00fcvenilir 1117 d\u00fc\u015f\u00fck karbon \u00e7elik hassas i\u015flenmi\u015f par\u00e7alar \u00fcretmek i\u00e7in maliyet etkin hale getirir.<\/p>\n<h3>Ola\u011fan\u00fcst\u00fc \u0130\u015flenebilirlik Puanlar\u0131<\/h3>\n<p>Y\u00fckselen mangan i\u00e7eri\u011fi sayesinde, 1117 \u00e7eli\u011fi standart d\u00fc\u015f\u00fck karbon s\u0131n\u0131flar\u0131yla kar\u015f\u0131la\u015ft\u0131r\u0131ld\u0131\u011f\u0131nda inan\u0131lmaz derecede iyi i\u015flenir.<\/p>\n<ul>\n<li>**Daha H\u0131zl\u0131<strong>Daha H\u0131zl\u0131 Kesim H\u0131zlar\u0131:<\/strong> H\u0131zl\u0131 malzeme \u00e7\u0131kar\u0131m\u0131 sa\u011flar, \u00fcretim s\u00fcrelerini k\u0131salt\u0131r.<\/li>\n<li><strong>Temiz Par\u00e7a K\u0131r\u0131lmas\u0131:<\/strong> K\u00fc\u00e7\u00fck par\u00e7alar \u00fcretir ve kolayca temizlenir, CNC kesici tak\u0131mlar\u0131n\u0131n a\u015f\u0131nmas\u0131n\u0131 azalt\u0131r.<\/li>\n<li><strong>P\u00fcr\u00fczs\u00fcz Y\u00fczey Bitiri\u015fleri:<\/strong> Makineden DROK y\u00fcksek kaliteli, temiz y\u00fczeyler elde edilir, a\u015f\u0131r\u0131 ikinci parlakla\u015ft\u0131rmaya ihtiya\u00e7 duyulmaz.<\/li>\n<\/ul>\n<h3>G\u00fcvenilir Kaynaklanabilirlik ve \u015eekillendirilebilirlik<\/h3>\n<p>Bu ala\u015f\u0131mdaki minimum karbon i\u00e7eri\u011fi, kaynakla \u00fcretimi son derece kolayla\u015ft\u0131r\u0131r. So\u011fuk \u015fekillendirme s\u0131ras\u0131nda \u00e7atlamadan d\u00fczg\u00fcn b\u00fck\u00fcl\u00fcr ve \u015fekillenir. Ayr\u0131ca standart kaynak y\u00f6ntemlerini de iyi kabul eder. Bir sonraki projeniz i\u00e7in farkl\u0131 metal \u00f6zelliklerini de\u011ferlendiriyorsan\u0131z, <a href=\"https:\/\/haoyumaterial.com\/tr\/cast-iron-vs-steel-comparison-guide-durable-cookware-tools\/\">\u00e7elik'in d\u00f6kme demir gibi sert malzemelerle kar\u015f\u0131la\u015ft\u0131r\u0131ld\u0131\u011f\u0131nda ne kadar \u00e7ok y\u00f6nl\u00fc oldu\u011funu<\/a> 1117'nin karma\u015f\u0131k, \u015fekillendirilmi\u015f bile\u015fenler i\u00e7in neden tercih edildi\u011fini a\u00e7\u0131k\u00e7a vurgular.<\/p>\n<h3>Is\u0131l \u0130\u015flem ve Vakumlama<\/h3>\n<p>1117 d\u00fc\u015f\u00fck karbonlu, s\u00fcnek bir \u00e7ekirde\u011fi korurken, karb\u00fcrizasyon gibi y\u00fczey sertle\u015fme s\u00fcre\u00e7lerine g\u00fczel yan\u0131t verir.<\/p>\n<ul>\n<li><strong>A\u015f\u0131nmaya Dayan\u0131kl\u0131 D\u0131\u015f Tabaka:<\/strong> A\u011f\u0131r s\u00fcrt\u00fcnmeyi kolayca kar\u015f\u0131layan, y\u00fcksek sertli\u011fe sahip bir d\u0131\u015f y\u00fczey yarat\u0131r.<\/li>\n<li><strong>\u015eok Emilici \u00c7ekirdek:<\/strong> \u0130\u00e7 malzeme sert ve esnek kal\u0131r, darbe alt\u0131nda par\u00e7an\u0131n k\u0131r\u0131lmas\u0131n\u0131 engeller.<\/li>\n<li><strong>Uzun \u00d6m\u00fcrl\u00fc Dayan\u0131kl\u0131l\u0131k:<\/strong> Di\u015fliler, pimler ve aktarma \u015faftlar\u0131 gibi y\u00fcksek gerilime sahip bile\u015fenlerin \u00f6mr\u00fcn\u00fc en \u00fcst d\u00fczeye \u00e7\u0131kar\u0131r.<\/li>\n<\/ul>\n<h2>1117 \u0130\u015flenmi\u015f Par\u00e7alar\u0131n\u0131n Yayg\u0131n Uygulamalar\u0131<\/h2>\n<p>\u00dcst\u00fcn y\u00fczey biti\u015fi ve \u0131s\u0131l i\u015flem sonras\u0131 mukavemet nedeniyle, <strong>1117 D\u00fc\u015f\u00fck Karbonlu \u00c7elik Hassas \u0130spatl\u0131 Par\u00e7alar<\/strong> bir\u00e7ok zorlu sekt\u00f6rde yo\u011fun bir \u015fekilde g\u00fcvenilir kaynak olarak kullan\u0131l\u0131r. Kritik k\u00fcresel sistemlerin sorunsuz \u00e7al\u0131\u015fmas\u0131n\u0131 sa\u011flamak i\u00e7in tasarlanm\u0131\u015f y\u00fcksek kaliteli bile\u015fenler \u00fcretiyoruz.<\/p>\n<h3>Otomotiv ve Hidrolik Bile\u015fenler<\/h3>\n<p>Otomotiv ve ak\u0131\u015fkan g\u00fc\u00e7 sekt\u00f6rleri a\u015f\u0131r\u0131 dayan\u0131kl\u0131l\u0131k gerektirir. D\u00fc\u015f\u00fck karbonlu 1117 \u00e7eli\u011fe \u00f6zel olarak hassas i\u015f\u00e7ilik hizmetleri sunan, y\u00fcksek s\u00fcrt\u00fcnme ve y\u00fcksek bas\u0131nca dayan\u0131kl\u0131 ortamlara y\u00f6nelik olarak tasarlanm\u0131\u015f bir \u015firketiz. Sertle\u015ftirilmi\u015f durumda bu malzeme sert d\u0131\u015f bir kabuk olu\u015ftururken i\u00e7 k\u0131sm\u0131 s\u00fcnek kal\u0131r.<\/p>\n<p><strong>\u0130deal otomotiv ve hidrolik uygulamalar\u0131 \u015funlar\u0131 i\u00e7erir:<\/strong><\/p>\n<ul>\n<li><strong>Transmit\u00f6r di\u015flileri ve pinionlar:<\/strong> S\u00fcrekli a\u015f\u0131nmaya dayanacak \u015fekilde \u00fcretilmi\u015ftir.<\/li>\n<li><strong>Direksiyon s\u00fctunlar\u0131 ve tahrik milleri:<\/strong> Y\u00fcksek \u00e7ekirdek dayan\u0131kl\u0131l\u0131\u011f\u0131 gerektirir.<\/li>\n<li><strong>S\u0131v\u0131 kapatma ba\u011flant\u0131lar\u0131 ve adapt\u00f6rler:<\/strong> Bas\u0131n\u00e7 alt\u0131nda s\u0131z\u0131nt\u0131s\u0131z ba\u011flant\u0131lar sa\u011flar.<\/li>\n<\/ul>\n<h3>T\u0131bbi ve Farmas\u00f6tik Ekipman<\/h3>\n<p>Sa\u011fl\u0131k hizmetleri \u00fcretim sekt\u00f6r\u00fcnde ekipman g\u00fcvenilirli\u011fi tart\u0131\u015f\u0131lmaz. Genelde i\u00e7 cerrahi implantlar i\u00e7in kullan\u0131lmasa da 1117 \u00e7eli\u011fi, farmas\u00f6tik \u00fcretim makinelerinin yap\u0131sal bile\u015fenleri ile tan\u0131 te\u015fhis ekipman\u0131 donan\u0131m\u0131 i\u00e7in yo\u011fun olarak kullan\u0131l\u0131r. \u015eu anda <a href=\"https:\/\/haoyumaterial.com\/tr\/prototype-medical-device-prototyping-guide-for-faster-development\/\">medikal cihaz prototipleme k\u0131lavuzu<\/a> geli\u015ftirme d\u00f6ng\u00fcn\u00fcz\u00fc h\u0131zland\u0131rmak i\u00e7in, yap\u0131 tasar\u0131mlar\u0131n\u0131z\u0131 i\u015flenmi\u015f 1117 \u00e7eli\u011fi ile test etmek, nihai \u00fcretime ge\u00e7meden \u00f6nce son derece hassas, maliyet etkin bir ba\u015flang\u0131\u00e7 noktas\u0131 sunar.<\/p>\n<h3>Boru tesisat\u0131 ve ba\u011flant\u0131 par\u00e7alar\u0131 uygulamalar\u0131<\/h3>\n<p>Y\u00fcksek hacimli \u00fcretim serileri i\u00e7in 1117\u2019nin serbest i\u015flenebilir yap\u0131s\u0131, ticari s\u0131hhi tesisat altyap\u0131s\u0131 ve end\u00fcstriyel montaj i\u00e7in en iyi tercihtir.<\/p>\n<p><strong>Yayg\u0131n ba\u011flant\u0131 ve s\u0131hhi tesisat bile\u015fenleri:<\/strong><\/p>\n<ul>\n<li><strong>\u00d6zel civatalar ve a\u011f\u0131r hizmet somunlar<\/strong><\/li>\n<li><strong>Uzmanl\u0131k threadli ba\u011flant\u0131 elemanlar\u0131<\/strong><\/li>\n<li><strong>vanalar g\u00f6vdeleri ve g\u00fcvenli boru fittingsleri<\/strong><\/li>\n<\/ul>\n<p>\u00dcretim s\u00fcre\u00e7lerimiz, ham 1117 stoklar\u0131n\u0131 montaj hatlar\u0131n\u0131zda an\u0131nda konu\u015fland\u0131rmaya uygun kusursuz di\u015fli, s\u0131k\u0131 toleransl\u0131 ba\u011flant\u0131 elemanlar\u0131na verimli bi\u00e7imde d\u00f6n\u00fc\u015ft\u00fcr\u00fcr.<\/p>\n<h2>1117 ile Di\u011fer Karbon \u00c7elikleri Kar\u015f\u0131la\u015ft\u0131rmas\u0131<\/h2>\n<p><img decoding=\"async\" src=\"https:\/\/haoyumaterial.com\/wp-content\/uploads\/2026\/03\/1117_low_carbon_steel_vs_1018_and_12L14_steel_e1w0.webp\" alt=\"1117 d\u00fc\u015f\u00fck karbonlu \u00e7elik kar\u015f\u0131la\u015ft\u0131rmas\u0131 1018 ve 12L14 \u00e7elik\" \/><\/p>\n<p>Do\u011fru malzemeyi se\u00e7mek projeniz i\u00e7in kritik \u00f6neme sahiptir. 1117 d\u00fc\u015f\u00fck karbon \u00e7eli\u011fi i\u00e7in hassas i\u015f\u00e7ilik hizmetleri sunan bir \u015firket olarak, m\u00fc\u015fterilerimize operasyonel performans ve i\u015f\u00e7ilik maliyeti konusunda en uygun se\u00e7enekleri sa\u011flamak i\u00e7in ala\u015f\u0131m kar\u015f\u0131la\u015ft\u0131rmalar\u0131 yapmalar\u0131na yard\u0131mc\u0131 oluyoruz.<\/p>\n<h3>1117 vs. 1018 D\u00fc\u015f\u00fck Karbon \u00c7eli\u011fi<\/h3>\n<p>\u0130kisi de \u00e7ok pop\u00fcler olsa da farkl\u0131 \u00fcretim ihtiya\u00e7lar\u0131na hizmet ederler.<\/p>\n<ul>\n<li><strong>\u0130\u015flenebilirlik:<\/strong> 1117, y\u00fcksek k\u00fck\u00fcrt ve manganez i\u00e7eri\u011fi nedeniyle 1018'e g\u00f6re \u00e7ok daha h\u0131zl\u0131 keser ve daha temiz bir y\u00fczey b\u0131rak\u0131r.<\/li>\n<li><strong>Y\u00fczey Sertle\u015ftirme:<\/strong> 1117, daha derin ve daha tekd\u00fcze bir k\u0131l\u0131f sertle\u015fmesi elde eder, a\u015f\u0131nmaya dayan\u0131kl\u0131 par\u00e7alar i\u00e7in daha iyidir.<\/li>\n<li><strong>\u015eekillendirilebilirlik:<\/strong> E\u011fer bile\u015fenin kapsaml\u0131 so\u011fuk \u015fekillendirme, b\u00fckme veya standart kaynak gerektiriyorsa 1018 \u00f6ne \u00e7\u0131kar.<\/li>\n<\/ul>\n<h3>1117 ile 12L14 S\u0131yr\u0131lmaz-\u0130\u015fleme \u00c7eli\u011fi Kar\u015f\u0131la\u015ft\u0131rmas\u0131<\/h3>\n<p>Kurulum s\u0131ras\u0131nda <a href=\"https:\/\/haoyumaterial.com\/tr\/product\/rapid-prototyping-and-tooling-services-for-low-volume-production\/\">d\u00fc\u015f\u00fck hacimli \u00fcretim i\u00e7in h\u0131zl\u0131 prototipleme ve tak\u0131m hizmetleri<\/a>, bu iki ala\u015f\u0131m aras\u0131ndaki se\u00e7im genellikle yap\u0131sal g\u00fc\u00e7 ile kesme h\u0131z\u0131 aras\u0131ndaki fark \u00fczerinden yap\u0131l\u0131r.<\/p>\n<table>\n<thead>\n<tr>\n<th style=\"text-align: left;\">\u00d6zellik<\/th>\n<th style=\"text-align: left;\">1117 D\u00fc\u015f\u00fck Karbonlu \u00c7elik<\/th>\n<th style=\"text-align: left;\">12L14 \u00c7eli\u011fi<\/th>\n<\/tr>\n<\/thead>\n<tbody>\n<tr>\n<td style=\"text-align: left;\"><strong>\u0130\u015fleme H\u0131z\u0131<\/strong><\/td>\n<td style=\"text-align: left;\">M\u00fckemmel<\/td>\n<td style=\"text-align: left;\">\u00dcst\u00fcn<\/td>\n<\/tr>\n<tr>\n<td style=\"text-align: left;\"><strong>Malzeme Dayan\u0131m\u0131<\/strong><\/td>\n<td style=\"text-align: left;\">Daha y\u00fcksek<\/td>\n<td style=\"text-align: left;\">Daha d\u00fc\u015f\u00fck<\/td>\n<\/tr>\n<tr>\n<td style=\"text-align: left;\"><strong>Toksikoloji<\/strong><\/td>\n<td style=\"text-align: left;\">Kur\u015funsuz<\/td>\n<td style=\"text-align: left;\">Kur\u015fun \u0130\u00e7erir<\/td>\n<\/tr>\n<tr>\n<td style=\"text-align: left;\"><strong>Sertle\u015ftirme<\/strong><\/td>\n<td style=\"text-align: left;\">K\u0131l\u0131f sertle\u015fmesi i\u00e7in \u0130stisnai<\/td>\n<td style=\"text-align: left;\">Is\u0131 i\u015flemine k\u00f6t\u00fc yan\u0131t verir<\/td>\n<\/tr>\n<\/tbody>\n<\/table>\n<p>12L14 damla kur\u015fun eklendi\u011fi i\u00e7in daha h\u0131zl\u0131 i\u015flenirken, 1117 \u00f6nemli \u00f6l\u00e7\u00fcde daha iyi yap\u0131sal b\u00fct\u00fcnl\u00fck sa\u011flar. Projeniz, sert, kur\u015funsuz 1117 d\u00fc\u015f\u00fck karbonlu \u00e7elik hassas i\u015flenmi\u015f par\u00e7alar gerektiriyorsa ve sert, dayan\u0131kl\u0131 d\u0131\u015f kabuk gerektiriyorsa, 1117 a\u00e7\u0131k bir kazanan olarak kal\u0131r.<\/p>\n<h2>G\u00fcvenilir bir 1117 \u00c7elik \u0130\u015flem Ortak Se\u00e7imi<\/h2>\n<p>Projeniz s\u0131k\u0131 toleranslar gerektiriyorsa do\u011fru at\u00f6lye ile ortakl\u0131k kurmak \u00e7ok kritiktir. 1117 d\u00fc\u015f\u00fck karbonlu \u00e7elik i\u00e7in hassas i\u015fleme hizmetleri sunan ve montaj hatt\u0131n\u0131za do\u011frudan kullan\u0131ma haz\u0131r y\u00fcksek kaliteli bile\u015fenleri ula\u015ft\u0131ran bir \u015firketiz.<\/p>\n<h3>S\u0131k\u0131 Kalite Kontrol ve Muayene<\/h3>\n<p>Kaliteyi bir garanti olarak ele al\u0131yoruz, sonradan eklenmi\u015f bir d\u00fc\u015f\u00fcnce olarak de\u011fil. Kusursuz 1117 d\u00fc\u015f\u00fck karbonlu \u00e7elik hassas i\u015flenmi\u015f par\u00e7alar\u0131 sunabilmemiz i\u00e7in at\u00f6lyemiz s\u0131k\u0131 bir denetim protokol\u00fcyle \u00e7al\u0131\u015f\u0131r:<\/p>\n<ul>\n<li><strong>\u0130lk \u00dcr\u00fcn \u0130ncelemesi:<\/strong> Tam \u00fcretim turlar\u0131na ba\u015flamadan \u00f6nce ilk kurulu\u015ftaki ayar\u0131 taslaklar\u0131n\u0131zla kar\u015f\u0131la\u015ft\u0131rarak do\u011frular\u0131z.<\/li>\n<li><strong>\u0130\u015flem S\u0131ras\u0131ndaki \u0130zleme:<\/strong> S\u00fcrekli kontroller, herhangi bir boyutsal kaymay\u0131 makine \u00fczerinde yakalar.<\/li>\n<li><strong> Sertifikasyon:<\/strong> Her parti, kutuya konmadan \u00f6nce CMM\u2019ler ve hassas optik \u00f6l\u00e7\u00fcm cihazlar\u0131yla ayr\u0131nt\u0131l\u0131 kontrollerden ge\u00e7er.<\/li>\n<\/ul>\n<h3>\u0130\u015f\u00e7ilik Sonras\u0131 ve \u0130kincil Hizmetler<\/h3>\n<p>\u0130\u015flenmi\u015f bir par\u00e7a genellikle i\u015flendikten veya kapland\u0131ktan sonra tamamlanm\u0131\u015f say\u0131l\u0131r. \u0130kincil i\u015flemleri y\u00f6neterek size eksiksiz bir par\u00e7a sunar\u0131z. Par\u00e7alar\u0131n\u0131z\u0131n malzeme \u00f6zelliklerini etkileyen s\u0131cakl\u0131k de\u011fi\u015fimlerini \u00f6\u011frenmek isterseniz <a href=\"https:\/\/haoyumaterial.com\/tr\/what-is-annealing-metal-heat-treatment-process-explained\/\">graflaman\u0131n ne oldu\u011fu ve metal \u0131s\u0131 i\u015flemi s\u00fcrecinin nas\u0131l \u00e7al\u0131\u015ft\u0131\u011f\u0131n\u0131<\/a> stresi azaltt\u0131\u011f\u0131n\u0131 ve dayan\u0131kl\u0131l\u0131\u011f\u0131 art\u0131rd\u0131\u011f\u0131n\u0131 g\u00f6sterir. Ayr\u0131ca \u015funu da yapar\u0131z:<\/p>\n<ul>\n<li><strong>Kaplama:<\/strong> Paslanmazl\u0131k i\u00e7in \u00e7inko, siyah oksit ve \u00f6zel y\u00fczey kaplamalar\u0131.<\/li>\n<li><strong>Y\u00fczey Sertle\u015ftirme:<\/strong> \u00c7elik \u00e7ekirde\u011fini dayan\u0131kl\u0131l\u0131kla birlikte y\u00fczey sertli\u011fini art\u0131rma.<\/li>\n<li><strong>T\u0131kan\u0131klar\u0131 ve Parlatma:<\/strong> G\u00fcvenli ta\u015f\u0131ma ve m\u00fckemmel uyum i\u00e7in keskin kenarlar\u0131n giderilmesi.<\/li>\n<\/ul>\n<h3>\u0130\u015f\u00e7ilik \u0130\u00e7in \u00d6zelle\u015ftirilmi\u015f \u00dcretim Teklifi Talebi<\/h3>\n<p>1117 d\u00fc\u015f\u00fck karbonlu \u00e7elik hassas i\u015fleme hizmetleriniz i\u00e7in fiyatland\u0131rma sade olmal\u0131d\u0131r. Sadece 2B \u00e7izimleriniz ve 3B CAD dosyalar\u0131n\u0131z\u0131 g\u00f6nderin. M\u00fchendislik ekibimiz par\u00e7a geometresini, y\u00fczey bitirme gereksinimlerini ve parti hacmini inceleyerek h\u0131zl\u0131, net ve rekabet\u00e7i bir teklif sa\u011flayacak, hi\u00e7bir sakl\u0131 \u00fccret olmayacakt\u0131r.<\/p>","protected":false},"excerpt":{"rendered":"<p>1117 d\u00fc\u015f\u00fck karbonlu \u00e7elik hassas tala\u015fl\u0131 imalat hizmetleri, s\u0131k\u0131 toleransl\u0131 CNC par\u00e7alar i\u00e7in m\u00fckemmel i\u015flenebilirlik, dayan\u0131kl\u0131l\u0131k ve \u00f6zel \u00fcretim ile<\/p>","protected":false},"featured_media":2100,"comment_status":"open","ping_status":"closed","template":"","meta":{"site-sidebar-layout":"default","site-content-layout":"","ast-site-content-layout":"default","site-content-style":"default","site-sidebar-style":"default","ast-global-header-display":"","ast-banner-title-visibility":"","ast-main-header-display":"","ast-hfb-above-header-display":"","ast-hfb-below-header-display":"","ast-hfb-mobile-header-display":"","site-post-title":"","ast-breadcrumbs-content":"","ast-featured-img":"","footer-sml-layout":"","ast-disable-related-posts":"","theme-transparent-header-meta":"default","adv-header-id-meta":"","stick-header-meta":"","header-above-stick-meta":"","header-main-stick-meta":"","header-below-stick-meta":"","astra-migrate-meta-layouts":"set","ast-page-background-enabled":"default","ast-page-background-meta":{"desktop":{"background-color":"var(--ast-global-color-5)","background-image":"","background-repeat":"repeat","background-position":"center center","background-size":"auto","background-attachment":"scroll","background-type":"","background-media":"","overlay-type":"","overlay-color":"","overlay-opacity":"","overlay-gradient":""},"tablet":{"background-color":"","background-image":"","background-repeat":"repeat","background-position":"center center","background-size":"auto","background-attachment":"scroll","background-type":"","background-media":"","overlay-type":"","overlay-color":"","overlay-opacity":"","overlay-gradient":""},"mobile":{"background-color":"","background-image":"","background-repeat":"repeat","background-position":"center center","background-size":"auto","background-attachment":"scroll","background-type":"","background-media":"","overlay-type":"","overlay-color":"","overlay-opacity":"","overlay-gradient":""}},"ast-content-background-meta":{"desktop":{"background-color":"var(--ast-global-color-4)","background-image":"","background-repeat":"repeat","background-position":"center center","background-size":"auto","background-attachment":"scroll","background-type":"","background-media":"","overlay-type":"","overlay-color":"","overlay-opacity":"","overlay-gradient":""},"tablet":{"background-color":"var(--ast-global-color-4)","background-image":"","background-repeat":"repeat","background-position":"center center","background-size":"auto","background-attachment":"scroll","background-type":"","background-media":"","overlay-type":"","overlay-color":"","overlay-opacity":"","overlay-gradient":""},"mobile":{"background-color":"var(--ast-global-color-4)","background-image":"","background-repeat":"repeat","background-position":"center center","background-size":"auto","background-attachment":"scroll","background-type":"","background-media":"","overlay-type":"","overlay-color":"","overlay-opacity":"","overlay-gradient":""}}},"product_brand":[],"product_cat":[17,19],"product_tag":[],"class_list":{"0":"post-2102","1":"product","2":"type-product","3":"status-publish","4":"has-post-thumbnail","6":"product_cat-stainless-steel","7":"product_cat-low-carbon-steel","8":"desktop-align-left","9":"tablet-align-left","10":"mobile-align-left","12":"first","13":"instock","14":"shipping-taxable","15":"purchasable","16":"product-type-simple"},"_links":{"self":[{"href":"https:\/\/haoyumaterial.com\/tr\/wp-json\/wp\/v2\/product\/2102","targetHints":{"allow":["GET"]}}],"collection":[{"href":"https:\/\/haoyumaterial.com\/tr\/wp-json\/wp\/v2\/product"}],"about":[{"href":"https:\/\/haoyumaterial.com\/tr\/wp-json\/wp\/v2\/types\/product"}],"replies":[{"embeddable":true,"href":"https:\/\/haoyumaterial.com\/tr\/wp-json\/wp\/v2\/comments?post=2102"}],"wp:featuredmedia":[{"embeddable":true,"href":"https:\/\/haoyumaterial.com\/tr\/wp-json\/wp\/v2\/media\/2100"}],"wp:attachment":[{"href":"https:\/\/haoyumaterial.com\/tr\/wp-json\/wp\/v2\/media?parent=2102"}],"wp:term":[{"taxonomy":"product_brand","embeddable":true,"href":"https:\/\/haoyumaterial.com\/tr\/wp-json\/wp\/v2\/product_brand?post=2102"},{"taxonomy":"product_cat","embeddable":true,"href":"https:\/\/haoyumaterial.com\/tr\/wp-json\/wp\/v2\/product_cat?post=2102"},{"taxonomy":"product_tag","embeddable":true,"href":"https:\/\/haoyumaterial.com\/tr\/wp-json\/wp\/v2\/product_tag?post=2102"}],"curies":[{"name":"wp","href":"https:\/\/api.w.org\/{rel}","templated":true}]}}