{"id":2148,"date":"2026-04-09T11:29:59","date_gmt":"2026-04-09T03:29:59","guid":{"rendered":"https:\/\/haoyumaterial.com\/?post_type=product&#038;p=2148"},"modified":"2026-04-14T10:05:35","modified_gmt":"2026-04-14T02:05:35","slug":"low-carbon-steel-casting","status":"publish","type":"product","link":"https:\/\/haoyumaterial.com\/tr\/product\/low-carbon-steel-casting\/","title":{"rendered":"D\u00fc\u015f\u00fck Karbonlu \u00c7elik D\u00f6k\u00fcm Hizmetleri"},"content":{"rendered":"<h2>D\u00fc\u015f\u00fck Karbonlu \u00c7elik D\u00f6k\u00fcm Nedir?<\/h2>\n<h3>Tan\u0131m ve Genel Bak\u0131\u015f<\/h3>\n<p>D\u00fc\u015f\u00fck karbonlu \u00e7elik d\u00f6k\u00fcm, karbon i\u00e7eri\u011fi %0,20'nin alt\u0131nda olan y\u00fcksek b\u00fct\u00fcnl\u00fckl\u00fc metal bile\u015fenler \u00fcretmek i\u00e7in kullan\u0131lan bir \u00fcretim s\u00fcrecidir. Genellikle yumu\u015fak \u00e7elik veya hafif \u00e7elik olarak adland\u0131r\u0131lan bu malzeme, yat\u0131r\u0131m d\u00f6k\u00fcm end\u00fcstrisinde maliyet etkinli\u011fi ve \u00e7ok y\u00f6nl\u00fcl\u00fc\u011f\u00fc nedeniyle temel bir \u00fcr\u00fcnd\u00fcr. <strong>maliyet etkinli\u011fi<\/strong> ve \u00e7ok y\u00f6nl\u00fcl\u00fc\u011f\u00fc. Su cam\u0131 yat\u0131r\u0131m d\u00f6k\u00fcm gibi y\u00f6ntemleri kullanarak, s\u00fcnekli\u011fin ve toklu\u011fun dengelenmesini gerektiren karma\u015f\u0131k \u015fekiller olu\u015fturmak i\u00e7in d\u00fc\u015f\u00fck maliyetli bir \u00e7\u00f6z\u00fcm sunuyoruz. <strong>su cam\u0131 yat\u0131r\u0131m d\u00f6k\u00fcm\u00fc<\/strong>, s\u00fcneklik ve toklu\u011fun dengelenmesini gerektiren karma\u015f\u0131k \u015fekiller olu\u015fturmak i\u00e7in d\u00fc\u015f\u00fck maliyetli bir \u00e7\u00f6z\u00fcm sunuyoruz.<\/p>\n<h3>Bu d\u00f6k\u00fcmler, saplar, kranklar ve \u00e7e\u015fitli yap\u0131sal destekler gibi bile\u015fenin k\u0131r\u0131lmadan plastik deformasyona dayanmas\u0131 gereken uygulamalar i\u00e7in hayati \u00f6neme sahiptir.<\/h3>\n<p>Kimyasal Bile\u015fim ve Mikrostruktur.<\/p>\n<ul>\n<li><strong>Karbonsuz \u0130\u00e7erik:<\/strong> D\u00fc\u015f\u00fck karbonlu \u00e7elik d\u00f6k\u00fcm\u00fcn performans\u0131, hassas kimyasal yap\u0131s\u0131 ve i\u00e7 yap\u0131s\u0131 taraf\u0131ndan belirlenir. Birincil element demir olmas\u0131na ra\u011fmen, kontroll\u00fc karbon seviyesi malzemenin esnek ve i\u015flenebilir kalmas\u0131n\u0131 sa\u011flar.<\/li>\n<li><strong>Mikro yap\u0131:<\/strong> %0,20'nin \u00e7ok alt\u0131nda tutulur, y\u00fcksek \u00e7ekirdek s\u00fcnekli\u011fini korumak i\u00e7in.<\/li>\n<li><strong>Tipik olarak ferrit ve perlit matriksinden olu\u015fur, yumu\u015fak ama dayan\u0131kl\u0131 bir temel sa\u011flar.<\/strong> Y\u00fczey \u0130yile\u015ftirmeleri: <strong>\u0131s\u0131tma i\u015flemi<\/strong> Karbonlama gibi belirli.<\/li>\n<li><strong>i\u015flemlerle, bu d\u00f6k\u00fcmler y\u00fcksek y\u00fczey sertli\u011fi ve m\u00fckemmel a\u015f\u0131nma direnci elde edebilirken zor, s\u00fcnek bir \u00e7ekirde\u011fi korurlar.<\/strong> Kaynaklanabilirlik ve yap\u0131sal b\u00fct\u00fcnl\u00fc\u011f\u00fc iyile\u015ftirmek i\u00e7in az miktarda manganez veya di\u011fer elementler, malzemenin temel \u201cd\u00fc\u015f\u00fck karbonlu \u00e7elik\u201d \u00f6zelliklerini zedelemeden bulunabilir.<\/li>\n<\/ul>\n<h2>Temel \u00d6zellikler ve Avantajlar<\/h2>\n<p><img decoding=\"async\" src=\"https:\/\/haoyumaterial.com\/wp-content\/uploads\/2026\/04\/Low_Carbon_Steel_Casting_Properties_and_Advantages_1.webp\" alt=\"D\u00fc\u015f\u00fck Karbonlu \u00c7elik D\u00f6k\u00fcm \u00d6zellikleri ve Avantajlar\u0131\" \/><\/p>\n<p>D\u00fc\u015f\u00fck karbonlu \u00e7elik d\u00f6k\u00fcm, g\u00fc\u00e7 ve esneklik aras\u0131nda benzersiz bir denge sundu\u011fu i\u00e7in bir\u00e7ok end\u00fcstriyel projenin belkemi\u011fidir. Genellikle <strong>yumu\u015fak \u00e7elik<\/strong> or <strong>yumu\u015fak \u00e7elik<\/strong>, olarak an\u0131lan bu malzeme, zorlu ortamlarda g\u00f6sterdi\u011fi g\u00fcvenilirlikle de\u011fer g\u00f6r\u00fcr.<\/p>\n<h3>Mekanik ve Termal \u00d6zellikler<\/h3>\n<p>D\u00fc\u015f\u00fck karbonlu \u00e7eli\u011fin temel \u00e7ekicili\u011fi y\u00fcksek s\u00fcnekli\u011fi ve toklu\u011fudur. Y\u00fcksek karbonlu alternatiflerin aksine, k\u0131r\u0131lmadan veya \u00e7atlamadan \u00f6nemli darbeleri absorbe edebilir.<\/p>\n<ul>\n<li><strong>Y\u00fcksek \u00c7ekilebilirlik:<\/strong> \u00c7ekme gerilimi alt\u0131nda deformasyona u\u011frayabilir, bu da k\u0131r\u0131lmak yerine b\u00fck\u00fclmesi gereken par\u00e7alar i\u00e7in idealdir.<\/li>\n<li><strong>Darbe Direnci:<\/strong> D\u00fc\u015f\u00fck s\u0131cakl\u0131kta veya y\u00fcksek titre\u015fimli ortamlarda m\u00fckemmel performans.<\/li>\n<li><strong>Is\u0131 \u0130letimi:<\/strong> Dalgalanan s\u0131cakl\u0131klara maruz kalan bile\u015fenler i\u00e7in kritik olan \u0131s\u0131 da\u011f\u0131l\u0131m\u0131n\u0131 etkili \u015fekilde y\u00f6netir.<\/li>\n<\/ul>\n<h3>M\u00fckemmel \u015eekillendirilebilirlik ve \u0130\u015flenebilirlik<\/h3>\n<p>M\u00fc\u015fterilerimiz i\u00e7in en b\u00fcy\u00fck kazan\u0131mlardan biri bu malzemenin ne kadar kolay \u015fekillendirilebildi\u011fidir. Karbon i\u00e7eri\u011fi d\u00fc\u015f\u00fck oldu\u011fu i\u00e7in \u00e7elik, ikincil i\u015flemler s\u0131ras\u0131nda daha az \u201cinat\u00e7\u0131\u201dd\u0131r. Bizim <a href=\"https:\/\/haoyumaterial.com\/tr\/investment-casting-steel-alloy\/\">d\u00f6k\u00fcm \u00e7elik ala\u015f\u0131m\u0131<\/a> se\u00e7imimiz, en karma\u015f\u0131k geometrilerin bile elde edilebilmesini sa\u011flar.<\/p>\n<ul>\n<li><strong>Kesim Kolayl\u0131\u011f\u0131:<\/strong> Daha sert ala\u015f\u0131mlar kadar tak\u0131mlar\u0131 h\u0131zl\u0131 a\u015f\u0131nd\u0131rmaz, bu da toplam \u00fcretim maliyetlerinizi d\u00fc\u015f\u00fcr\u00fcr.<\/li>\n<li><strong>Hassasiyet:<\/strong> Karma\u015f\u0131k mekanik montajlar i\u00e7in olmazsa olmaz olan s\u0131k\u0131 toleranslara izin verir.<\/li>\n<li><strong>Y\u00fczey Biti\u015fi:<\/strong> \u00c7e\u015fitli y\u00fczey i\u015flemlerine iyi uyum sa\u011flar ve nihai par\u00e7an\u0131n hem g\u00f6r\u00fcn\u00fc\u015f hem de performans a\u00e7\u0131s\u0131ndan beklentileri kar\u015f\u0131lamas\u0131n\u0131 sa\u011flar.<\/li>\n<\/ul>\n<h3>\u00dcst\u00fcn Kaynaklanabilirlik<\/h3>\n<p>Bir\u00e7ok m\u00fchendis i\u00e7in kaynaklanabilirlik belirleyici fakt\u00f6rd\u00fcr. D\u00fc\u015f\u00fck karbonlu \u00e7elik d\u00f6k\u00fcm, muhtemelen kaynaklanmas\u0131 en kolay \u00e7eliktir. \u0130\u015fleme m\u00fcdahale edecek \u00e7ok az karbon bulundu\u011fundan, \u201cso\u011fuk \u00e7atlak\u201d veya \u0131s\u0131dan etkilenen b\u00f6lgede gevrekli\u011fe yol a\u00e7ma riski minimumdur.<\/p>\n<ul>\n<li><strong>\u00d6n \u0131s\u0131tma Gerekmez:<\/strong> \u00c7o\u011fu durumda, bu d\u00f6k\u00fcmleri pahal\u0131 \u00f6n \u0131s\u0131tma veya kaynak sonras\u0131 \u0131s\u0131l i\u015flem gerektirmeden kaynatabilirsiniz.<\/li>\n<li><strong>G\u00fc\u00e7l\u00fc Ba\u011flar:<\/strong> T\u00fcm montaj\u0131n yap\u0131sal b\u00fct\u00fcnl\u00fc\u011f\u00fcn\u00fc koruyan sa\u011flam, diki\u015fsiz birle\u015fimler olu\u015fturur.<\/li>\n<li><strong>\u00c7ok y\u00f6nl\u00fcl\u00fck:<\/strong> Modern imalatta kullan\u0131lan neredeyse t\u00fcm standart kaynak teknikleriyle uyumludur.<\/li>\n<\/ul>\n<p>Takip ederek bir <a href=\"https:\/\/haoyumaterial.com\/tr\/dfm-casting-design-guide\/\">DFM d\u00f6k\u00fcm tasar\u0131m k\u0131lavuzu<\/a>, bu malzeme avantajlar\u0131n\u0131 maliyet-etkin ve y\u00fcksek performansl\u0131 par\u00e7alar yaratmak i\u00e7in en \u00fcst d\u00fczeye \u00e7\u0131karabilirsiniz.<\/p>\n<h2>D\u00fc\u015f\u00fck Karbonlu \u00c7elik D\u00f6k\u00fcm S\u00fcre\u00e7leri<\/h2>\n<p>Her d\u00fc\u015f\u00fck karbonlu \u00e7elik d\u00f6k\u00fcm\u00fcn m\u00fc\u015fterilerimizin hassas yap\u0131sal ve y\u00fczey gereksinimlerini kar\u015f\u0131lamas\u0131n\u0131 sa\u011flamak i\u00e7in \u00f6zel d\u00f6k\u00fcm y\u00f6ntemleri kullan\u0131yoruz. Do\u011fru s\u00fcreci se\u00e7erek maliyet verimlili\u011fi ile y\u00fcksek performans\u0131 dengeliyoruz.<\/p>\n<h3>Hassas Yat\u0131r\u0131m D\u00f6k\u00fcm<\/h3>\n<p>Hassas yat\u0131r\u0131m d\u00f6k\u00fcm hizmetlerimiz, gereken y\u00fczey kalitesi ve b\u00fct\u00e7eye g\u00f6re iki ana teknik alt\u0131nda toplan\u0131r:<\/p>\n<ul>\n<li><strong>Su Cam\u0131 D\u00f6k\u00fcm:<\/strong> Bu, karbon \u00e7elik i\u00e7in en maliyet etkin y\u00f6ntemimizdir. Genellikle daha d\u00fc\u015f\u00fck malzeme maliyetiyle g\u00fcvenilir performans gerektiren end\u00fcstriyel bile\u015fenler i\u00e7in yayg\u0131n olarak kullan\u0131l\u0131r ve tipik olarak <strong>CT7-CT8 toleranslar\u0131<\/strong>.<\/li>\n<li><strong>Silika Sol Yat\u0131r\u0131m D\u00f6k\u00fcm:<\/strong> Kay\u0131p mum i\u015flemi olarak da bilinen bu y\u00f6ntem, \u00fcst\u00fcn bir y\u00fczey finisaj\u0131n\u0131n zorunlu oldu\u011fu durumlarda tercih edilir. Daha s\u0131k\u0131 <strong>CT5-CT6 toleranslar\u0131<\/strong>, sunarak <a href=\"https:\/\/haoyumaterial.com\/tr\/stainless-steel-casting-process\/\">paslanmaz \u00e7elik d\u00f6k\u00fcm s\u00fcreci<\/a> ve y\u00fcksek kaliteli makine par\u00e7alar\u0131nda bulunan karma\u015f\u0131k geometriler i\u00e7in idealdir.<\/li>\n<\/ul>\n<h3>Kum D\u00f6k\u00fcm Y\u00f6ntemleri<\/h3>\n<p>Y\u00fczey iyile\u015ftirmesinin yap\u0131sal k\u00fctleden daha az kritik oldu\u011fu daha b\u00fcy\u00fck, a\u011f\u0131r hizmet bile\u015fenler i\u00e7in sa\u011flam d\u00f6k\u00fcm teknikleri uygular\u0131z. Bu y\u00f6ntemler, \u00f6nemli gerilmelere maruz kalan par\u00e7alar i\u00e7in g\u00fcvenilir bir temel sa\u011flayarak i\u015f makineleri ve in\u015faat ekipmanlar\u0131 i\u00e7in uygundur.<\/p>\n<h3>\u0130kincil \u0130\u015flemler ve Is\u0131l \u0130\u015flem<\/h3>\n<p>Montaja haz\u0131r bir nihai \u00fcr\u00fcn sunmak i\u00e7in kapsaml\u0131 ikincil i\u015flemler sa\u011fl\u0131yoruz:<\/p>\n<ul>\n<li><strong>Y\u00fcksek Hassasiyetli \u0130\u015fleme:<\/strong> Ham d\u00f6k\u00fcmleri tam boyutsal spesifikasyonlara uygun hale getiriyoruz.<\/li>\n<li><strong>Is\u0131l \u0130\u015flem:<\/strong> D\u00fc\u015f\u00fck karbon \u00e7elik (0.20%\u2019den az karbon) i\u00e7in y\u00fcksek y\u00fczey sertli\u011fi ve a\u015f\u0131nma direnci elde ederken m\u00fckemmel \u00e7ekirdek s\u00fcnekli\u011fini korumak i\u00e7in belirli \u0131s\u0131l i\u015flem d\u00f6ng\u00fcleri kullan\u0131yoruz.<\/li>\n<li><strong>Y\u00fczey \u0130\u015flem:<\/strong> Korozyon direncini ve estetik kalitesini art\u0131rmak i\u00e7in \u00e7e\u015fitli i\u015flemler sunuyoruz <strong>d\u00fc\u015f\u00fck karbonlu \u00e7elik d\u00f6k\u00fcm\u00fc<\/strong> or <strong>d\u00fc\u015f\u00fck ala\u015f\u0131ml\u0131 \u00e7elik d\u00f6k\u00fcm<\/strong> bile\u015fenler.<\/li>\n<\/ul>\n<h2>Kullan\u0131m Alanlar\u0131 ve Hizmet Verilen End\u00fcstriler<\/h2>\n<p>D\u00fc\u015f\u00fck karbonlu \u00e7elik d\u00f6k\u00fcm\u00fc, maliyet-etkinli\u011fi y\u00fcksek performansla dengeledi\u011fi i\u00e7in modern \u00fcretimde temel bir \u00fcr\u00fcnd\u00fcr. Bu d\u00f6k\u00fcmleri, g\u00fcvenilirlik ve kolay imalat\u0131n vazge\u00e7ilmez oldu\u011fu \u00e7ok \u00e7e\u015fitli sekt\u00f6rlere tedarik ediyoruz.<\/p>\n<h3>Otomotiv ve Ta\u015f\u0131mac\u0131l\u0131k Bile\u015fenleri<\/h3>\n<p>Otomotiv sekt\u00f6r\u00fcnde m\u00fckemmel kaynaklanabilirlik ve darbe direnci gerektiren par\u00e7alara odaklan\u0131yoruz. \u00c7\u00fcnk\u00fc <strong>d\u00fc\u015f\u00fck karbonlu \u00e7elik d\u00f6k\u00fcm\u00fc<\/strong> (genellikle yumu\u015fak \u00e7elik olarak an\u0131lan) \u00f6nemli gerilmeye \u00e7atlamadan dayanabilir, bu y\u00fczden \u015fu uygulamalar i\u00e7in tercih edilen se\u00e7imdir:<\/p>\n<ul>\n<li><strong>Braketler ve Ba\u011flamalar:<\/strong> Motorlar\u0131 ve \u015fanz\u0131manlar\u0131 sabitlemek i\u00e7in gereklidir.<\/li>\n<li><strong>S\u00fcspansiyon Par\u00e7alar\u0131:<\/strong> Yol titre\u015fimlerini absorbe etmesi gereken kontrol kollar\u0131 ve ba\u011flant\u0131 \u00e7ubuklar\u0131.<\/li>\n<li><strong>Mente\u015fe ve Mandallar:<\/strong> Binlerce d\u00f6ng\u00fcy\u00fc kar\u015f\u0131layan dayan\u0131kl\u0131 bile\u015fenler.<\/li>\n<\/ul>\n<h3>End\u00fcstriyel M\u00fchendislik ve Ekipman<\/h3>\n<p>A\u011f\u0131r hizmet operasyonlar\u0131 i\u00e7in m\u00fc\u015fterilerimiz bu d\u00f6k\u00fcmlerin yap\u0131sal b\u00fct\u00fcnl\u00fc\u011f\u00fcne g\u00fcvenir. Genellikle her end\u00fcstriyel bile\u015fenin s\u0131k\u0131 toleranslara uymas\u0131n\u0131 sa\u011flamak i\u00e7in <a href=\"https:\/\/haoyumaterial.com\/tr\/precision-metal-casting-guide-for-engineers-and-oem-buyers\/\">m\u00fchendisler ve OEM al\u0131c\u0131lar\u0131 i\u00e7in hassas metal d\u00f6k\u00fcm k\u0131lavuzu<\/a> her bile\u015fenin s\u0131k\u0131 toleranslar\u0131 kar\u015f\u0131lad\u0131\u011f\u0131ndan emin olmak i\u00e7in teknikler kullan\u0131r\u0131z. Yayg\u0131n kullan\u0131mlar \u015funlar\u0131 i\u00e7erir:<\/p>\n<ul>\n<li><strong>Pompa Muhafazalar\u0131:<\/strong> Ak\u0131\u015fkan ta\u015f\u0131ma sistemleri i\u00e7in sa\u011flam bir kabuk sa\u011flamak.<\/li>\n<li><strong>Kollar ve Ba\u011flant\u0131lar:<\/strong> A\u011f\u0131r makinelerin hareketi i\u00e7in kritik \u00f6neme sahiptir.<\/li>\n<li><strong>Di\u015fli Kutular\u0131:<\/strong> \u0130\u00e7 mekanizmalar\u0131 koruyan sa\u011flam bir d\u0131\u015f y\u00fczey sunar.<\/li>\n<\/ul>\n<h3>G\u00fcnl\u00fck T\u00fcketici \u00dcr\u00fcnleri<\/h3>\n<p>Bulacaks\u0131n\u0131z <strong>d\u00fc\u015f\u00fck karbonlu \u00e7elik d\u00f6k\u00fcm\u00fc<\/strong> g\u00fcnl\u00fck kullan\u0131lan bir\u00e7ok \u00fcr\u00fcnde. \u00c7ok y\u00f6nl\u00fcl\u00fc\u011f\u00fc, hem uygun fiyatl\u0131 hem de uzun \u00f6m\u00fcrl\u00fc \u201cyumu\u015fak \u00e7elik\u201d \u00fcr\u00fcnlerin y\u00fcksek hacimli \u00fcretimi i\u00e7in idealdir.<\/p>\n<ul>\n<li><strong>El Aletleri:<\/strong> Mukavemet ve s\u00fcneklik dengesine ihtiya\u00e7 duyan anahtarlar ve penseler.<\/li>\n<li><strong>Mobilya Donan\u0131m\u0131:<\/strong> Sa\u011flam \u00e7er\u00e7eveler ve dekoratif braketler.<\/li>\n<li><strong>A\u00e7\u0131k Hava Ekipmanlar\u0131:<\/strong> Hasar g\u00f6rd\u00fc\u011f\u00fcnde kolayca onar\u0131lmas\u0131 veya kaynaklanmas\u0131 gereken \u00e7im bi\u00e7me makineleri ve bah\u00e7e aletleri i\u00e7in bile\u015fenler.<\/li>\n<\/ul>\n<p>cURL hatas\u0131: aktar\u0131m, okunmam\u0131\u015f veri kalm\u0131\u015fken kapat\u0131ld\u0131<\/p>\n<h2>Do\u011fru \u00c7elik D\u00f6k\u00fcm \u00dcreticisini Se\u00e7mek<\/h2>\n<p>&nbsp;<\/p>\n<h3>\u00dcretim Kapasitesinin De\u011ferlendirilmesi<\/h3>\n<p>i\u00e7in bir ortak arad\u0131\u011f\u0131n\u0131zda <strong>d\u00fc\u015f\u00fck karbonlu \u00e7elik d\u00f6k\u00fcm\u00fc<\/strong>, hem metalurjiyi hem de \u00fcretim \u00f6l\u00e7e\u011fini anlayan bir ekibe ihtiyac\u0131n\u0131z vard\u0131r. Kapsaml\u0131 <strong>d\u00fc\u015f\u00fck karbonlu \u00e7elik d\u00f6k\u00fcm hizmetleri<\/strong> sunuyoruz; h\u0131zl\u0131 prototiplemeden y\u00fcksek hacimli end\u00fcstriyel \u00fcretime kadar her \u015feyi kar\u015f\u0131layacak \u015fekilde tasarlanm\u0131\u015ft\u0131r. Tesisimiz, karma\u015f\u0131k geometrileri y\u00f6netmek i\u00e7in <strong>hassas yat\u0131r\u0131m d\u00f6k\u00fcm\u00fcne<\/strong>, kullanarak her par\u00e7an\u0131n neredeyse net-shape do\u011frulu\u011funda d\u00f6k\u00fclmesini sa\u011flar.<\/p>\n<p>D\u00f6k\u00fcm uzmanl\u0131\u011f\u0131m\u0131z\u0131 tamamlamak i\u00e7in, uzmanla\u015fm\u0131\u015f hizmetler sunuyoruz <a href=\"https:\/\/haoyumaterial.com\/tr\/product\/1117-low-carbon-steel-precision-machining-services\/\">1117 d\u00fc\u015f\u00fck karbonlu \u00e7elik hassas tala\u015fl\u0131 imalat hizmetleri<\/a> y\u00fcksek performans gerektiren uygulamalar i\u00e7in gereken en s\u0131k\u0131 boyutsal toleranslar\u0131 kar\u015f\u0131laman\u0131z\u0131 sa\u011flamak i\u00e7in.<\/p>\n<h3>Kalite Kontrol ve Test Standartlar\u0131<\/h3>\n<p>Kaliteyi \u015fansa b\u0131rakm\u0131yoruz. Her parti <strong>yumu\u015fak \u00e7elik<\/strong> or <strong>d\u00fcz karbon \u00e7elik<\/strong> bas\u0131n\u00e7 alt\u0131nda performans g\u00f6sterdi\u011finden emin olmak i\u00e7in s\u0131k\u0131 bir do\u011frulama s\u00fcrecinden ge\u00e7er. Kalite y\u00f6netim sistemimiz k\u00fcresel end\u00fcstri standartlar\u0131n\u0131 kar\u015f\u0131layacak \u015fekilde kurulmu\u015ftur; bu da par\u00e7alar\u0131n\u0131z\u0131n g\u00fcvenilir ve g\u00fcvenli oldu\u011fundan emin olman\u0131z\u0131 sa\u011flar.<\/p>\n<p>Standart test protokollerimiz \u015funlar\u0131 i\u00e7erir:<\/p>\n<ul>\n<li><strong>Spektrografik Analiz:<\/strong> Karbon seviyelerinin spesifikasyon i\u00e7inde oldu\u011fundan emin olmak i\u00e7in kesintisiz kimyasal bile\u015fimi do\u011fruluyoruz.<\/li>\n<li><strong>Mekanik \u00d6zellik Testleri:<\/strong> \u00c7ekme dayan\u0131m\u0131, akma noktas\u0131 ve s\u00fcnekli\u011fi kontrol ediyoruz.<\/li>\n<li><strong>Tahribats\u0131z Muayene (NDT):<\/strong> Herhangi bir i\u00e7 kusur veya g\u00f6zeneklili\u011fi tespit etmek i\u00e7in X-\u0131\u015f\u0131n\u0131, manyetik par\u00e7ac\u0131k ve ultrasonik testler kullan\u0131yoruz.<\/li>\n<li><strong>Hassas \u00d6l\u00e7\u00fcm:<\/strong> Her \u201cyumu\u015fak \u00e7elik\u201d bile\u015fenin \u00e7izimlerinizle tam olarak e\u015fle\u015fmesini garanti etmek i\u00e7in KKO (Koordinat \u00d6l\u00e7me Makineleri) kullan\u0131yoruz.<\/li>\n<\/ul>\n<h2>S\u0131k\u00e7a Sorulan Sorular<\/h2>\n<h3>D\u00fc\u015f\u00fck karbon \u00e7elik d\u00f6k\u00fcm\u00fcn\u00fc end\u00fcstriyel par\u00e7alar i\u00e7in tercih edilen bir se\u00e7im yapan nedir?<\/h3>\n<p>D\u00fc\u015f\u00fck karbon \u00e7elik d\u00f6k\u00fcm\u00fc, m\u00fckemmel kaynaklanabilirli\u011fi ve s\u00fcnekli\u011fi nedeniyle y\u00fcksek de\u011fer g\u00f6r\u00fcr. Karbon i\u00e7eri\u011fi %0,20'den az olan bu bile\u015fenler, y\u00fcksek karbonlu alternatiflere g\u00f6re daha az gevrektir; bu sayede k\u0131r\u0131lmak yerine bas\u0131n\u00e7 alt\u0131nda b\u00fck\u00fclme veya deformasyon g\u00f6sterirler. Bu \u00f6zellikleri onlar\u0131 in\u015faat ve yol yap\u0131m makineleri gibi yap\u0131sal par\u00e7alar i\u00e7in ideal k\u0131lar.<\/p>\n<h3>Hangi d\u00f6k\u00fcm prosesi karbon \u00e7elik i\u00e7in en iyi de\u011feri sunar?<\/h3>\n<p>\u00c7o\u011fu proje i\u00e7in, <strong>su cam\u0131 yat\u0131r\u0131m d\u00f6k\u00fcm\u00fc<\/strong> \u00e7\u00fcnk\u00fc karbon \u00e7elik i\u00e7in en maliyet etkin y\u00f6ntem budur. Fiyat ve performans aras\u0131nda sa\u011flam bir denge sa\u011flar. Uygulaman\u0131z daha \u00fcst\u00fcn y\u00fczey kalitesi ve daha s\u0131k\u0131 toleranslar gerektiriyorsa, CT5-CT6 hassasiyet seviyelerine ula\u015fan <strong>silika jeli yat\u0131r\u0131m d\u00f6k\u00fcm<\/strong> (kay\u0131p mum), sunuyoruz.<\/p>\n<h3>D\u00fc\u015f\u00fck karbon \u00e7elik bile\u015fenler sertle\u015ftirilebilir mi?<\/h3>\n<p>Evet. Temel malzeme nispeten yumu\u015fak olmas\u0131na ra\u011fmen performans\u0131 art\u0131rmak i\u00e7in belirli \u0131s\u0131l i\u015flem hizmetleri kullan\u0131yoruz. Karburizasyon gibi i\u015flemler, \u00e7ekirde\u011fin toklu\u011funu korurken y\u00fczey sertli\u011fini ve a\u015f\u0131nma direncini art\u0131rabilir. Bu, askeri ara\u00e7lar ve a\u011f\u0131r makinelerde kullan\u0131lan bile\u015fenler i\u00e7in yayg\u0131n bir gerekliliktir.<\/p>\n<h3>1000 serisi \u00e7eli\u011fin tipik uygulamalar\u0131 nelerdir?<\/h3>\n<p>1000 serisi, yumu\u015fak ve \u015fekil verilebilir do\u011fas\u0131 nedeniyle d\u00fc\u015f\u00fck karbonlu \u00e7elik d\u00f6k\u00fcm\u00fc i\u00e7in pop\u00fcler bir tercihtir. S\u0131kl\u0131kla a\u015fa\u011f\u0131dakilerin \u00fcretiminde kullan\u0131l\u0131r:<\/p>\n<ul>\n<li>Kranklar ve kollar<\/li>\n<li>Destekler ve braketi<\/li>\n<li>Y\u00fcksek \u015fekillendirilebilirlik gerektiren genel donan\u0131m<\/li>\n<\/ul>\n<h3>Bitmi\u015f d\u00f6k\u00fcm\u00fcn do\u011frulu\u011funu nas\u0131l sa\u011fl\u0131yorsunuz?<\/h3>\n<p>S\u0131k\u0131 <a href=\"https:\/\/haoyumaterial.com\/tr\/technology\/testing-and-quality\/\">test ve kalite standartlar\u0131n\u0131<\/a> \u00fcretim d\u00f6ng\u00fcs\u00fc boyunca koruyoruz. Kesin spesifikasyonlar\u0131 kar\u015f\u0131lamak i\u00e7in y\u00fcksek hassasiyetli i\u015fleme gibi ikincil operasyonlar sa\u011fl\u0131yoruz. Bu, her d\u00fc\u015f\u00fck karbonlu \u00e7elik d\u00f6k\u00fcm\u00fcn\u00fcn petrol ve gaz veya pompa ve vana end\u00fcstrileri gibi zorlu sekt\u00f6rlerin boyutsal gereksinimlerini kar\u015f\u0131lamas\u0131n\u0131 sa\u011flar.<\/p>\n<h3>Yeni tasar\u0131mlar i\u00e7in d\u00fc\u015f\u00fck hacimli \u00fcretimi destekliyor musunuz?<\/h3>\n<p>Sunuyoruz <a href=\"https:\/\/haoyumaterial.com\/tr\/product\/rapid-prototyping-and-tooling-services-for-low-volume-production\/\">h\u0131zl\u0131 prototipleme ve kal\u0131p hizmetlerinden yararlan\u0131r\u0131z<\/a> size tasar\u0131mdan i\u015flevsel par\u00e7aya h\u0131zl\u0131ca ge\u00e7i\u015f yapman\u0131zda yard\u0131mc\u0131 olmak i\u00e7in. Bu, tam \u00f6l\u00e7ekli \u00fcretime ge\u00e7meden \u00f6nce Nikel veya Krom gibi farkl\u0131 d\u00fc\u015f\u00fck ala\u015f\u0131m katk\u0131lar\u0131n\u0131n mekanik \u00f6zelliklerini test etmek i\u00e7in \u00f6zellikle faydal\u0131d\u0131r.<\/p>","protected":false},"excerpt":{"rendered":"<p>D\u00fc\u015f\u00fck karbonlu \u00e7elik d\u00f6k\u00fcm i\u015flemlerini, \u00f6zelliklerini ve kullan\u0131m alanlar\u0131n\u0131 ke\u015ffedin ve g\u00fcvenilir bir \u00e7elik d\u00f6k\u00fcm \u00fcreticisi se\u00e7meyi \u00f6\u011frenin<\/p>","protected":false},"featured_media":2149,"comment_status":"open","ping_status":"closed","template":"","meta":{"site-sidebar-layout":"default","site-content-layout":"","ast-site-content-layout":"default","site-content-style":"default","site-sidebar-style":"default","ast-global-header-display":"","ast-banner-title-visibility":"","ast-main-header-display":"","ast-hfb-above-header-display":"","ast-hfb-below-header-display":"","ast-hfb-mobile-header-display":"","site-post-title":"","ast-breadcrumbs-content":"","ast-featured-img":"","footer-sml-layout":"","ast-disable-related-posts":"","theme-transparent-header-meta":"default","adv-header-id-meta":"","stick-header-meta":"","header-above-stick-meta":"","header-main-stick-meta":"","header-below-stick-meta":"","astra-migrate-meta-layouts":"set","ast-page-background-enabled":"default","ast-page-background-meta":{"desktop":{"background-color":"var(--ast-global-color-5)","background-image":"","background-repeat":"repeat","background-position":"center center","background-size":"auto","background-attachment":"scroll","background-type":"","background-media":"","overlay-type":"","overlay-color":"","overlay-opacity":"","overlay-gradient":""},"tablet":{"background-color":"","background-image":"","background-repeat":"repeat","background-position":"center center","background-size":"auto","background-attachment":"scroll","background-type":"","background-media":"","overlay-type":"","overlay-color":"","overlay-opacity":"","overlay-gradient":""},"mobile":{"background-color":"","background-image":"","background-repeat":"repeat","background-position":"center center","background-size":"auto","background-attachment":"scroll","background-type":"","background-media":"","overlay-type":"","overlay-color":"","overlay-opacity":"","overlay-gradient":""}},"ast-content-background-meta":{"desktop":{"background-color":"var(--ast-global-color-4)","background-image":"","background-repeat":"repeat","background-position":"center center","background-size":"auto","background-attachment":"scroll","background-type":"","background-media":"","overlay-type":"","overlay-color":"","overlay-opacity":"","overlay-gradient":""},"tablet":{"background-color":"var(--ast-global-color-4)","background-image":"","background-repeat":"repeat","background-position":"center center","background-size":"auto","background-attachment":"scroll","background-type":"","background-media":"","overlay-type":"","overlay-color":"","overlay-opacity":"","overlay-gradient":""},"mobile":{"background-color":"var(--ast-global-color-4)","background-image":"","background-repeat":"repeat","background-position":"center center","background-size":"auto","background-attachment":"scroll","background-type":"","background-media":"","overlay-type":"","overlay-color":"","overlay-opacity":"","overlay-gradient":""}}},"product_brand":[],"product_cat":[17,19],"product_tag":[],"class_list":{"0":"post-2148","1":"product","2":"type-product","3":"status-publish","4":"has-post-thumbnail","6":"product_cat-stainless-steel","7":"product_cat-low-carbon-steel","8":"desktop-align-left","9":"tablet-align-left","10":"mobile-align-left","12":"first","13":"instock","14":"shipping-taxable","15":"purchasable","16":"product-type-simple"},"_links":{"self":[{"href":"https:\/\/haoyumaterial.com\/tr\/wp-json\/wp\/v2\/product\/2148","targetHints":{"allow":["GET"]}}],"collection":[{"href":"https:\/\/haoyumaterial.com\/tr\/wp-json\/wp\/v2\/product"}],"about":[{"href":"https:\/\/haoyumaterial.com\/tr\/wp-json\/wp\/v2\/types\/product"}],"replies":[{"embeddable":true,"href":"https:\/\/haoyumaterial.com\/tr\/wp-json\/wp\/v2\/comments?post=2148"}],"wp:featuredmedia":[{"embeddable":true,"href":"https:\/\/haoyumaterial.com\/tr\/wp-json\/wp\/v2\/media\/2149"}],"wp:attachment":[{"href":"https:\/\/haoyumaterial.com\/tr\/wp-json\/wp\/v2\/media?parent=2148"}],"wp:term":[{"taxonomy":"product_brand","embeddable":true,"href":"https:\/\/haoyumaterial.com\/tr\/wp-json\/wp\/v2\/product_brand?post=2148"},{"taxonomy":"product_cat","embeddable":true,"href":"https:\/\/haoyumaterial.com\/tr\/wp-json\/wp\/v2\/product_cat?post=2148"},{"taxonomy":"product_tag","embeddable":true,"href":"https:\/\/haoyumaterial.com\/tr\/wp-json\/wp\/v2\/product_tag?post=2148"}],"curies":[{"name":"wp","href":"https:\/\/api.w.org\/{rel}","templated":true}]}}